{"id":17038,"date":"2025-01-23T08:39:26","date_gmt":"2025-01-23T08:39:26","guid":{"rendered":"https:\/\/www.hydraulic-cylinders.net\/?post_type=product&#038;p=17038"},"modified":"2025-04-15T05:47:49","modified_gmt":"2025-04-15T05:47:49","slug":"hcyy11112015-telescopic-cylinder-for-environmental-protection","status":"publish","type":"product","link":"https:\/\/www.hydraulic-cylinders.net\/ro\/produs\/hcyy11112015-telescopic-cylinder-for-environmental-protection\/","title":{"rendered":"Cilindru telescopic HCYY11112015 pentru protec\u021bia mediului"},"content":{"rendered":"<h1 style=\"text-align: center;\"><strong>Cilindru telescopic HCYY11112015 pentru protec\u021bia mediului<\/strong><\/h1>\n<h1 style=\"text-align: center;\"><img loading=\"lazy\" decoding=\"async\" class=\"alignnone size-full wp-image-17040\" src=\"https:\/\/www.hydraulic-cylinders.net\/wp-content\/uploads\/2025\/01\/hcyy11112015-telescopic-cylinder-2.webp\" alt=\"\" width=\"1497\" height=\"514\" srcset=\"https:\/\/www.hydraulic-cylinders.net\/wp-content\/uploads\/2025\/01\/hcyy11112015-telescopic-cylinder-2.webp 1497w, https:\/\/www.hydraulic-cylinders.net\/wp-content\/uploads\/2025\/01\/hcyy11112015-telescopic-cylinder-2-1280x439.webp 1280w, https:\/\/www.hydraulic-cylinders.net\/wp-content\/uploads\/2025\/01\/hcyy11112015-telescopic-cylinder-2-980x336.webp 980w, https:\/\/www.hydraulic-cylinders.net\/wp-content\/uploads\/2025\/01\/hcyy11112015-telescopic-cylinder-2-480x165.webp 480w\" sizes=\"(min-width: 0px) and (max-width: 480px) 480px, (min-width: 481px) and (max-width: 980px) 980px, (min-width: 981px) and (max-width: 1280px) 1280px, (min-width: 1281px) 1497px, 100vw\" \/><\/h1>\n<p>Cilindrul telescopic HCYY11112015 este proiectat cu expertiz\u0103 pentru industriile care necesit\u0103 at\u00e2t eficien\u021b\u0103 ridicat\u0103, c\u00e2t \u0219i un angajament fa\u021b\u0103 de sustenabilitatea mediului. Acest cilindru de ultim\u0103 genera\u021bie ofer\u0103 performan\u021be excep\u021bionale, \u00eencorpor\u00e2nd \u00een acela\u0219i timp caracteristici ecologice, ceea ce \u00eel face o solu\u021bie ideal\u0103 pentru o gam\u0103 larg\u0103 de aplica\u021bii, inclusiv construc\u021bii, produc\u021bie \u0219i gestionarea de\u0219eurilor.<\/p>\n<p>Imagina\u021bi-v\u0103 un produs care nu numai c\u0103 \u00eendepline\u0219te cerin\u021bele riguroase ale opera\u021biunilor dumneavoastr\u0103, dar contribuie \u0219i la o planet\u0103 mai s\u0103n\u0103toas\u0103. HCYY11112015 atinge acest echilibru f\u0103r\u0103 efort. Designul s\u0103u inovator permite rezisten\u021b\u0103 \u0219i durabilitate maxime, asigur\u00e2ndu-i c\u0103 poate gestiona cu u\u0219urin\u021b\u0103 sarcini grele \u0219i condi\u021bii dificile.<\/p>\n<p>Indiferent dac\u0103 ridica\u021bi materiale pe un \u0219antier, eficientiza\u021bi procesele \u00eentr-o unitate de produc\u021bie sau gestiona\u021bi eficient de\u0219eurile, acest cilindru telescopic se remarc\u0103 ca fiind alegerea ideal\u0103. Acesta permite industriilor s\u0103 func\u021bioneze eficient, minimiz\u00e2nd \u00een acela\u0219i timp amprenta de carbon, aliniindu-se perfect cu ini\u021biativele ecologice actuale.<\/p>\n<p>Opteaz\u0103 pentru cilindrul telescopic HCYY11112015 \u0219i experimenteaz\u0103 combina\u021bia perfect\u0103 \u00eentre putere \u0219i sustenabilitate, revolu\u021bion\u00e2nd modul \u00een care abordezi provoc\u0103rile industriale. \u00cembr\u0103\u021bi\u0219eaz\u0103 un viitor \u00een care performan\u021ba \u0219i responsabilitatea fa\u021b\u0103 de mediu merg m\u00e2n\u0103 \u00een m\u00e2n\u0103.<\/p>\n<h2><strong>Cilindru telescopic HCYY11112015 pentru protec\u021bia mediului Parametru:<\/strong><\/h2>\n<h1 style=\"text-align: center;\"><img loading=\"lazy\" decoding=\"async\" class=\"alignnone size-full wp-image-17039\" src=\"https:\/\/www.hydraulic-cylinders.net\/wp-content\/uploads\/2025\/01\/hcyy11112015-telescopic-cylinder-1.webp\" alt=\"\" width=\"1512\" height=\"142\" srcset=\"https:\/\/www.hydraulic-cylinders.net\/wp-content\/uploads\/2025\/01\/hcyy11112015-telescopic-cylinder-1.webp 1512w, https:\/\/www.hydraulic-cylinders.net\/wp-content\/uploads\/2025\/01\/hcyy11112015-telescopic-cylinder-1-1280x120.webp 1280w, https:\/\/www.hydraulic-cylinders.net\/wp-content\/uploads\/2025\/01\/hcyy11112015-telescopic-cylinder-1-980x92.webp 980w, https:\/\/www.hydraulic-cylinders.net\/wp-content\/uploads\/2025\/01\/hcyy11112015-telescopic-cylinder-1-480x45.webp 480w\" sizes=\"(min-width: 0px) and (max-width: 480px) 480px, (min-width: 481px) and (max-width: 980px) 980px, (min-width: 981px) and (max-width: 1280px) 1280px, (min-width: 1281px) 1512px, 100vw\" \/><\/h1>\n<h1 style=\"text-align: center;\"><img loading=\"lazy\" decoding=\"async\" class=\"alignnone size-full wp-image-17041\" src=\"https:\/\/www.hydraulic-cylinders.net\/wp-content\/uploads\/2025\/01\/hcyy11112015-telescopic-cylinder-3.webp\" alt=\"\" width=\"1477\" height=\"711\" srcset=\"https:\/\/www.hydraulic-cylinders.net\/wp-content\/uploads\/2025\/01\/hcyy11112015-telescopic-cylinder-3.webp 1477w, https:\/\/www.hydraulic-cylinders.net\/wp-content\/uploads\/2025\/01\/hcyy11112015-telescopic-cylinder-3-1280x616.webp 1280w, https:\/\/www.hydraulic-cylinders.net\/wp-content\/uploads\/2025\/01\/hcyy11112015-telescopic-cylinder-3-980x472.webp 980w, https:\/\/www.hydraulic-cylinders.net\/wp-content\/uploads\/2025\/01\/hcyy11112015-telescopic-cylinder-3-480x231.webp 480w\" sizes=\"(min-width: 0px) and (max-width: 480px) 480px, (min-width: 481px) and (max-width: 980px) 980px, (min-width: 981px) and (max-width: 1280px) 1280px, (min-width: 1281px) 1477px, 100vw\" \/> <img loading=\"lazy\" decoding=\"async\" class=\"alignnone size-full wp-image-17042\" src=\"https:\/\/www.hydraulic-cylinders.net\/wp-content\/uploads\/2025\/01\/hcyy11112015-telescopic-cylinder-4.webp\" alt=\"\" width=\"1479\" height=\"707\" srcset=\"https:\/\/www.hydraulic-cylinders.net\/wp-content\/uploads\/2025\/01\/hcyy11112015-telescopic-cylinder-4.webp 1479w, https:\/\/www.hydraulic-cylinders.net\/wp-content\/uploads\/2025\/01\/hcyy11112015-telescopic-cylinder-4-1280x612.webp 1280w, https:\/\/www.hydraulic-cylinders.net\/wp-content\/uploads\/2025\/01\/hcyy11112015-telescopic-cylinder-4-980x468.webp 980w, https:\/\/www.hydraulic-cylinders.net\/wp-content\/uploads\/2025\/01\/hcyy11112015-telescopic-cylinder-4-480x229.webp 480w\" sizes=\"(min-width: 0px) and (max-width: 480px) 480px, (min-width: 481px) and (max-width: 980px) 980px, (min-width: 981px) and (max-width: 1280px) 1280px, (min-width: 1281px) 1479px, 100vw\" \/> <img loading=\"lazy\" decoding=\"async\" class=\"alignnone size-full wp-image-17043\" src=\"https:\/\/www.hydraulic-cylinders.net\/wp-content\/uploads\/2025\/01\/hcyy11112015-telescopic-cylinder-5.webp\" alt=\"\" width=\"1465\" height=\"754\" srcset=\"https:\/\/www.hydraulic-cylinders.net\/wp-content\/uploads\/2025\/01\/hcyy11112015-telescopic-cylinder-5.webp 1465w, https:\/\/www.hydraulic-cylinders.net\/wp-content\/uploads\/2025\/01\/hcyy11112015-telescopic-cylinder-5-1280x659.webp 1280w, https:\/\/www.hydraulic-cylinders.net\/wp-content\/uploads\/2025\/01\/hcyy11112015-telescopic-cylinder-5-980x504.webp 980w, https:\/\/www.hydraulic-cylinders.net\/wp-content\/uploads\/2025\/01\/hcyy11112015-telescopic-cylinder-5-480x247.webp 480w\" sizes=\"(min-width: 0px) and (max-width: 480px) 480px, (min-width: 481px) and (max-width: 980px) 980px, (min-width: 981px) and (max-width: 1280px) 1280px, (min-width: 1281px) 1465px, 100vw\" \/><\/h1>\n<h2><strong>Serie de cilindri pentru protec\u021bia mediului:<\/strong><\/h2>\n<h2><img loading=\"lazy\" decoding=\"async\" class=\"alignnone size-full wp-image-17030\" src=\"https:\/\/www.hydraulic-cylinders.net\/wp-content\/uploads\/2025\/01\/cylinder-series-for-environmental-protection-scaled.webp\" alt=\"\" width=\"2044\" height=\"2560\" srcset=\"https:\/\/www.hydraulic-cylinders.net\/wp-content\/uploads\/2025\/01\/cylinder-series-for-environmental-protection-scaled.webp 2044w, https:\/\/www.hydraulic-cylinders.net\/wp-content\/uploads\/2025\/01\/cylinder-series-for-environmental-protection-1280x1603.webp 1280w, https:\/\/www.hydraulic-cylinders.net\/wp-content\/uploads\/2025\/01\/cylinder-series-for-environmental-protection-980x1227.webp 980w, https:\/\/www.hydraulic-cylinders.net\/wp-content\/uploads\/2025\/01\/cylinder-series-for-environmental-protection-480x601.webp 480w\" sizes=\"(min-width: 0px) and (max-width: 480px) 480px, (min-width: 481px) and (max-width: 980px) 980px, (min-width: 981px) and (max-width: 1280px) 1280px, (min-width: 1281px) 2044px, 100vw\" \/><\/h2>\n<h2><strong>Caracteristici cheie ale cilindrului telescopic HCYY11112015 pentru protec\u021bia mediului:<\/strong><\/h2>\n<h4><strong>Materiale ecologice<\/strong><\/h4>\n<p>Cilindrul telescopic HCYY11112015 este construit din componente reciclabile de \u00eenalt\u0103 calitate. Acest design atent nu numai c\u0103 reduce semnificativ impactul asupra mediului, dar sus\u021bine \u0219i o economie circular\u0103. Aleg\u00e2nd acest cilindru, alege\u021bi \u00een mod con\u0219tient s\u0103 utiliza\u021bi materiale care pot fi reutilizate, contribuind la un viitor sustenabil.<\/p>\n<h4><strong>Eficien\u021b\u0103 energetic\u0103<\/strong><\/h4>\n<p>Func\u021bion\u00e2nd cu un consum de energie remarcabil de redus, modelul HCYY11112015 ajut\u0103 companiile s\u0103 reduc\u0103 costurile opera\u021bionale, minimiz\u00e2nd \u00een acela\u0219i timp amprenta de carbon. Acest design eficient din punct de vedere energetic permite o productivitate sporit\u0103 f\u0103r\u0103 a sacrifica responsabilitatea ecologic\u0103, ceea ce \u00eel face o alegere ideal\u0103 pentru companiile care doresc s\u0103 \u00ee\u0219i optimizeze opera\u021biunile, r\u0103m\u00e2n\u00e2nd \u00een acela\u0219i timp fidele obiectivelor lor de sustenabilitate.<\/p>\n<h4><strong>Tehnologie avansat\u0103 de etan\u0219are<\/strong><\/h4>\n<p>Siguran\u021ba \u0219i conformitatea sunt primordiale \u00een opera\u021biunile industriale. HCYY11112015 dispune de un sistem avansat de etan\u0219are care previne eficient scurgerile, protej\u00e2nd procesele \u0219i mediul \u00eenconjur\u0103tor. Aceast\u0103 inova\u021bie asigur\u0103 respectarea reglement\u0103rilor stricte de mediu, permi\u021b\u00e2ndu-v\u0103 s\u0103 opera\u021bi cu \u00eencredere \u0219i consecven\u021b\u0103.<\/p>\n<h4><strong>Construc\u021bie durabil\u0103<\/strong><\/h4>\n<p>Construit pentru a rezista chiar \u0219i celor mai extreme condi\u021bii, cilindrul HCYY11112015 se m\u00e2ndre\u0219te cu o durat\u0103 lung\u0103 de via\u021b\u0103 care reduce considerabil nevoia de \u00eenlocuiri frecvente. Aceast\u0103 durabilitate nu numai c\u0103 \u00eembun\u0103t\u0103\u021be\u0219te fiabilitatea, dar se traduce \u0219i prin costuri de \u00eentre\u021binere mai mici \u00een timp. Investi\u021bia \u00een acest cilindru \u00eenseamn\u0103 investi\u021bia \u00eentr-o solu\u021bie care rezist\u0103 testului timpului.<\/p>\n<h4><strong>Design compact<\/strong><\/h4>\n<p>Caracteristica telescopic\u0103 a modelului HCYY11112015 permite integrarea perfect\u0103 \u00een spa\u021bii restr\u00e2nse, maximiz\u00e2nd func\u021bionalitatea f\u0103r\u0103 a compromite eficien\u021ba. Acest design compact \u00eel face o op\u021biune versatil\u0103 pentru diverse aplica\u021bii, permi\u021b\u00e2nd companiilor s\u0103 \u00ee\u0219i optimizeze fluxurile de lucru \u0219i s\u0103 utilizeze spa\u021biul eficient.<\/p>\n<p>\u00cen concluzie, cilindrul telescopic HCYY11112015 nu este doar un echipament; este o solu\u021bie inovatoare care \u00eentruchipeaz\u0103 rezisten\u021ba, eficien\u021ba \u0219i con\u0219tiin\u021ba fa\u021b\u0103 de mediu. Aleg\u00e2nd acest cilindru, v\u0103 \u00eembun\u0103t\u0103\u021bi\u021bi opera\u021biunile, av\u00e2nd \u00een acela\u0219i timp un impact pozitiv asupra planetei. Experimenta\u021bi diferen\u021ba cu un produs care exceleaz\u0103 \u00een performan\u021b\u0103 \u0219i sustenabilitate \u0219i ridica\u021bi practicile dumneavoastr\u0103 industriale la noi culmi.<\/p>\n<h2><strong>Ce face ca cilindrul bra\u021bului oscilant Hcyy11112014 s\u0103 fie ecologic?<\/strong><\/h2>\n<p>Cilindrul telescopic HCYY11112015 se remarc\u0103 ca o solu\u021bie remarcabil\u0103 pentru promovarea protec\u021biei mediului \u00een mediile industriale. Iat\u0103 cum are un impact semnificativ:<\/p>\n<h4><strong>1. Materiale reciclabile<\/strong><\/h4>\n<p>Fabricat din componente reciclabile de \u00eenalt\u0103 calitate, cilindrul HCYY11112015 reduce eficient de\u0219eurile \u0219i sus\u021bine o economie circular\u0103. Aleg\u00e2nd acest cilindru, companiile \u00ee\u0219i \u00eembun\u0103t\u0103\u021besc opera\u021biunile \u0219i contribuie la un viitor sustenabil. Fiecare utilizare a acestui produs \u00eenseamn\u0103 mai pu\u021bine materiale care ajung la gropile de gunoi, f\u0103c\u00e2nd o diferen\u021b\u0103 pozitiv\u0103 pentru planet\u0103.<\/p>\n<h4><strong>2. Eficien\u021b\u0103 energetic\u0103<\/strong><\/h4>\n<p>Una dintre cele mai impresionante caracteristici ale acestui cilindru telescopic este eficien\u021ba sa energetic\u0103. Func\u021bionarea cu un consum de energie semnificativ redus ajut\u0103 la reducerea costurilor opera\u021bionale \u0219i minimizeaz\u0103 amprenta de carbon. Aceasta este o situa\u021bie reciproc avantajoas\u0103 pentru companii: economisesc bani, \u00eendeplinindu-\u0219i \u00een acela\u0219i timp angajamentul de sustenabilitate. Imagina\u021bi-v\u0103 impactul pozitiv asupra profitului dumneavoastr\u0103 \u0219i asupra mediului!<\/p>\n<h4><strong>3. Prevenirea scurgerilor<\/strong><\/h4>\n<p>Siguran\u021ba \u0219i conformitatea sunt cruciale \u00een orice opera\u021biune industrial\u0103, iar HCYY11112015 exceleaz\u0103 \u00een acest domeniu. Tehnologia sa avansat\u0103 de etan\u0219are previne eficient scurgerile, asigur\u00e2nd c\u0103 materialele periculoase r\u0103m\u00e2n izolate. Acest lucru protejeaz\u0103 mediul \u0219i ajut\u0103 companiile s\u0103 respecte reglement\u0103ri stricte, promov\u00e2nd o cultur\u0103 a responsabilit\u0103\u021bii \u0219i grijii.<\/p>\n<h4><strong>4. Durabilitate<\/strong><\/h4>\n<p>Construit pentru a rezista la cele mai dure condi\u021bii, HCYY11112015 se m\u00e2ndre\u0219te cu o durat\u0103 de via\u021b\u0103 impresionant\u0103. Aceast\u0103 durabilitate \u00eenseamn\u0103 mai pu\u021bine \u00eenlocuiri \u0219i mai pu\u021bine de\u0219euri \u00een timp, permi\u021b\u00e2nd companiilor s\u0103 investeasc\u0103 \u00een echipamente durabile. Prin reducerea frecven\u021bei \u00eenlocuirilor, companiile pot reduce, de asemenea, consumul de resurse, contribuind \u00een continuare la conservarea mediului.<\/p>\n<h4><strong>5. Eficien\u021ba spa\u021biului<\/strong><\/h4>\n<p>Caracteristica telescopic\u0103 a modelului HCYY11112015 permite integrarea perfect\u0103 \u00een spa\u021bii restr\u00e2nse, maximiz\u00e2nd func\u021bionalitatea f\u0103r\u0103 a sacrifica eficien\u021ba. Acest design compact permite companiilor s\u0103 \u00ee\u0219i optimizeze fluxurile de lucru \u0219i s\u0103 utilizeze spa\u021biul eficient, demonstr\u00e2nd c\u0103 sustenabilitatea poate merge m\u00e2n\u0103 \u00een m\u00e2n\u0103 cu inova\u021bia.<\/p>\n<p>\u00cen concluzie, cilindrul telescopic HCYY11112015 este mai mult dec\u00e2t un simplu instrument industrial; este un catalizator pentru schimb\u0103ri pozitive. Prin \u00eencorporarea de materiale ecologice, promovarea eficien\u021bei energetice, asigurarea prevenirii scurgerilor \u0219i oferirea durabilit\u0103\u021bii, acesta permite industriilor s\u0103 func\u021bioneze sustenabil. Alegerea acestui cilindru \u00eenseamn\u0103 un angajament at\u00e2t fa\u021b\u0103 de performan\u021b\u0103, c\u00e2t \u0219i fa\u021b\u0103 de gestionarea mediului. \u00cembun\u0103t\u0103\u021bi\u021bi-v\u0103 opera\u021biunile, protej\u00e2nd \u00een acela\u0219i timp planeta noastr\u0103 - experimenta\u021bi ast\u0103zi beneficiile transformatoare ale HCYY11112015!<\/p>\n<h2><strong>Zona de produc\u021bie a cilindrilor pentru stivuitoare:<\/strong><\/h2>\n<h2><img loading=\"lazy\" decoding=\"async\" class=\"alignnone size-full wp-image-16972\" src=\"https:\/\/www.hydraulic-cylinders.net\/wp-content\/uploads\/2025\/01\/hydraulic-cylinder-factory-1-scaled.webp\" alt=\"\" width=\"2016\" height=\"2560\" srcset=\"https:\/\/www.hydraulic-cylinders.net\/wp-content\/uploads\/2025\/01\/hydraulic-cylinder-factory-1-scaled.webp 2016w, https:\/\/www.hydraulic-cylinders.net\/wp-content\/uploads\/2025\/01\/hydraulic-cylinder-factory-1-1280x1625.webp 1280w, https:\/\/www.hydraulic-cylinders.net\/wp-content\/uploads\/2025\/01\/hydraulic-cylinder-factory-1-980x1244.webp 980w, https:\/\/www.hydraulic-cylinders.net\/wp-content\/uploads\/2025\/01\/hydraulic-cylinder-factory-1-480x610.webp 480w\" sizes=\"(min-width: 0px) and (max-width: 480px) 480px, (min-width: 481px) and (max-width: 980px) 980px, (min-width: 981px) and (max-width: 1280px) 1280px, (min-width: 1281px) 2016px, 100vw\" \/><\/h2>\n<p>Ne m\u00e2ndrim cu o platform\u0103 independent\u0103 de cercetare \u0219i dezvoltare de ultim\u0103 genera\u021bie dedicat\u0103 asambl\u0103rii, asigur\u00e2nd inova\u021bie \u0219i calitate de top \u00een procesele noastre de fabrica\u021bie. Atelierul nostru de produc\u021bie a cilindrilor pentru stivuitoare dispune de patru linii de asamblare semiautomate pentru cilindrii de ridicare \u0219i o linie de asamblare complet automat\u0103 pentru cilindrii de \u00eenclinare, proiectate \u00eempreun\u0103 pentru a produce p\u00e2n\u0103 la un milion de unit\u0103\u021bi anual.<\/p>\n<p>\u00cen plus, atelierul nostru specializat de cilindri este dotat cu sisteme semiautomate de cur\u0103\u021bare \u0219i asamblare adaptate la diverse specifica\u021bii, cu o capacitate anual\u0103 de produc\u021bie de 200.000 de buc\u0103\u021bi. Utiliz\u0103m echipamente CNC renumite, centre de prelucrare \u0219i unelte specializate pentru prelucrarea de \u00eenalt\u0103 precizie a cilindrilor. Facilitatea noastr\u0103 include, de asemenea, ma\u0219ini avansate de sudur\u0103 robotizat\u0103, sisteme automate de cur\u0103\u021bare \u0219i linii complet automatizate de asamblare \u0219i vopsire a cilindrilor. Cu peste 300 de echipamente cheie opera\u021bionale, optimiz\u0103m alocarea resurselor \u0219i asigur\u0103m o utilizare eficient\u0103, respect\u00e2nd standarde stricte de precizie \u0219i calitate.<\/p>\n<p>Atelierul nostru de prelucrare dispune de centre de strunjire personalizate cu ghidare \u00eenclinat\u0103, centre de prelucrare, ma\u0219ini de honuit de mare vitez\u0103, robo\u021bi de sudur\u0103 \u0219i alte echipamente esen\u021biale. Aceast\u0103 configura\u021bie ne permite s\u0103 prelucr\u0103m tuburi cilindrice cu un diametru interior maxim de 400 mm \u0219i lungimi de p\u00e2n\u0103 la 6 metri, sporind \u0219i mai mult capacit\u0103\u021bile noastre de produc\u021bie.<\/p>\n<h2><img loading=\"lazy\" decoding=\"async\" class=\"alignnone size-full wp-image-16973\" src=\"https:\/\/www.hydraulic-cylinders.net\/wp-content\/uploads\/2025\/01\/hydraulic-cylinder-factory-2-scaled.webp\" alt=\"\" width=\"2011\" height=\"2560\" srcset=\"https:\/\/www.hydraulic-cylinders.net\/wp-content\/uploads\/2025\/01\/hydraulic-cylinder-factory-2-scaled.webp 2011w, https:\/\/www.hydraulic-cylinders.net\/wp-content\/uploads\/2025\/01\/hydraulic-cylinder-factory-2-1280x1629.webp 1280w, https:\/\/www.hydraulic-cylinders.net\/wp-content\/uploads\/2025\/01\/hydraulic-cylinder-factory-2-980x1248.webp 980w, https:\/\/www.hydraulic-cylinders.net\/wp-content\/uploads\/2025\/01\/hydraulic-cylinder-factory-2-480x611.webp 480w\" sizes=\"(min-width: 0px) and (max-width: 480px) 480px, (min-width: 481px) and (max-width: 980px) 980px, (min-width: 981px) and (max-width: 1280px) 1280px, (min-width: 1281px) 2011px, 100vw\" \/><\/h2>\n<p>Oper\u0103m o linie de vopsire pe baz\u0103 de ap\u0103 complet automat\u0103, special conceput\u0103 pentru cilindri mici \u0219i medii, cu robo\u021bi automatiza\u021bi de \u00eenc\u0103rcare, desc\u0103rcare \u0219i pulverizare. Acest sistem de ultim\u0103 genera\u021bie se m\u00e2ndre\u0219te cu o capacitate de produc\u021bie de 4.000 de unit\u0103\u021bi pe schimb. \u00cen plus, avem o linie de vopsire semiautomat\u0103 pentru cilindri de dimensiuni mari, ac\u021bionat\u0103 de un lan\u021b, cu o capacitate proiectat\u0103 de 60 de l\u0103zi pe schimb.<\/p>\n<p>Pentru a \u00eembun\u0103t\u0103\u021bi performan\u021ba produselor \u0219i a ne consolida pozi\u021bia de lider \u00een industria cilindrilor hidraulici, am \u00eencheiat un parteneriat cu ZJIMEE pentru a \u00eenfiin\u021ba un laborator cuprinz\u0103tor de performan\u021b\u0103 dedicat cilindrilor, valvelor \u0219i pompelor hidraulice. Acest laborator avansat utilizeaz\u0103 testarea asistat\u0103 de computer cu tehnologie electrohidraulic\u0103, permi\u021b\u00e2nd condi\u021bii de testare prestabilite care \u00eembun\u0103t\u0103\u021besc precizia \u0219i versatilitatea sistemului. Procesul automat de colectare a datelor utilizeaz\u0103 senzori pentru a colecta date de ie\u0219ire, cum ar fi scurgerile interne \u0219i eficien\u021ba sarcinii, care sunt apoi procesate de un computer \u0219i convertite \u00een unit\u0103\u021bi standard (ml\/min%).<\/p>\n<p>\u00cen plus, pentru a asigura siguran\u021ba sistemelor noastre hidraulice, implement\u0103m monitorizarea st\u0103rii parametrilor cheie de performan\u021b\u0103, inclusiv temperatura uleiului, nivelul lichidului \u0219i starea dispozitivului de filtrare. Standul nostru de testare a cilindrilor hidraulici este capabil s\u0103 evalueze \u201eeficien\u021ba sarcinii\u201d \u0219i \u201escurgerile interne\u201d prin citiri precise. De asemenea, este echipat cu un instrument de m\u0103surare cu rigl\u0103 tip r\u0103z\u0103toare care \u00eendepline\u0219te standardele na\u021bionale, asigur\u00e2nd conformitatea cu toate cerin\u021bele de testare pentru produsele cu cilindri hidraulici.<\/p>\n<p>&nbsp;<\/p>","protected":false},"excerpt":{"rendered":"<p>HCYY11112015 Telescopic Cylinder For Environmental Protection The HCYY11112015 Telescopic Cylinder is expertly designed for industries that demand both high efficiency and a commitment to environmental sustainability. This cutting-edge cylinder delivers exceptional performance while incorporating eco-friendly features, making it an ideal solution for a wide range of applications, including construction, manufacturing, and waste management. Imagine a [&hellip;]<\/p>","protected":false},"featured_media":17045,"comment_status":"open","ping_status":"closed","template":"","meta":{"_et_pb_use_builder":"","_et_pb_old_content":"","_et_gb_content_width":""},"product_brand":[],"product_cat":[1550,1486,1552,1376,1393],"product_tag":[],"class_list":{"0":"post-17038","1":"product","2":"type-product","3":"status-publish","4":"has-post-thumbnail","6":"product_cat-double-acting-hydraulic-cylinder","7":"product_cat-sanitation-machinery-hydraulic-cylinders","8":"product_cat-stainless-steel-hydraulic-cylinder","9":"product_cat-hydraulic-cylinder","10":"product_cat-telescopic-hydraulic-cylinder","12":"first","13":"instock","14":"shipping-taxable","15":"product-type-simple"},"amp_enabled":true,"_links":{"self":[{"href":"https:\/\/www.hydraulic-cylinders.net\/ro\/wp-json\/wp\/v2\/product\/17038","targetHints":{"allow":["GET"]}}],"collection":[{"href":"https:\/\/www.hydraulic-cylinders.net\/ro\/wp-json\/wp\/v2\/product"}],"about":[{"href":"https:\/\/www.hydraulic-cylinders.net\/ro\/wp-json\/wp\/v2\/types\/product"}],"replies":[{"embeddable":true,"href":"https:\/\/www.hydraulic-cylinders.net\/ro\/wp-json\/wp\/v2\/comments?post=17038"}],"wp:featuredmedia":[{"embeddable":true,"href":"https:\/\/www.hydraulic-cylinders.net\/ro\/wp-json\/wp\/v2\/media\/17045"}],"wp:attachment":[{"href":"https:\/\/www.hydraulic-cylinders.net\/ro\/wp-json\/wp\/v2\/media?parent=17038"}],"wp:term":[{"taxonomy":"product_brand","embeddable":true,"href":"https:\/\/www.hydraulic-cylinders.net\/ro\/wp-json\/wp\/v2\/product_brand?post=17038"},{"taxonomy":"product_cat","embeddable":true,"href":"https:\/\/www.hydraulic-cylinders.net\/ro\/wp-json\/wp\/v2\/product_cat?post=17038"},{"taxonomy":"product_tag","embeddable":true,"href":"https:\/\/www.hydraulic-cylinders.net\/ro\/wp-json\/wp\/v2\/product_tag?post=17038"}],"curies":[{"name":"wp","href":"https:\/\/api.w.org\/{rel}","templated":true}]}}