{"id":17047,"date":"2025-02-05T02:02:28","date_gmt":"2025-02-05T02:02:28","guid":{"rendered":"https:\/\/www.hydraulic-cylinders.net\/?post_type=product&#038;p=17047"},"modified":"2025-04-02T08:28:41","modified_gmt":"2025-04-02T08:28:41","slug":"lift-cylinder-for-crawler-crane","status":"publish","type":"product","link":"https:\/\/www.hydraulic-cylinders.net\/ro\/produs\/lift-cylinder-for-crawler-crane\/","title":{"rendered":"Cilindru de ridicare pentru macara pe \u0219enile"},"content":{"rendered":"<h1 style=\"text-align: center;\"><strong>Cilindru de ridicare pentru macara pe \u0219enile<\/strong><\/h1>\n<h1 style=\"text-align: center;\"><img loading=\"lazy\" decoding=\"async\" class=\"alignnone size-full wp-image-17048\" src=\"https:\/\/www.hydraulic-cylinders.net\/wp-content\/uploads\/2025\/02\/hcyy11112018-lift-cylinder-2.webp\" alt=\"\" width=\"1524\" height=\"539\" srcset=\"https:\/\/www.hydraulic-cylinders.net\/wp-content\/uploads\/2025\/02\/hcyy11112018-lift-cylinder-2.webp 1524w, https:\/\/www.hydraulic-cylinders.net\/wp-content\/uploads\/2025\/02\/hcyy11112018-lift-cylinder-2-1280x453.webp 1280w, https:\/\/www.hydraulic-cylinders.net\/wp-content\/uploads\/2025\/02\/hcyy11112018-lift-cylinder-2-980x347.webp 980w, https:\/\/www.hydraulic-cylinders.net\/wp-content\/uploads\/2025\/02\/hcyy11112018-lift-cylinder-2-480x170.webp 480w\" sizes=\"(min-width: 0px) and (max-width: 480px) 480px, (min-width: 481px) and (max-width: 980px) 980px, (min-width: 981px) and (max-width: 1280px) 1280px, (min-width: 1281px) 1524px, 100vw\" \/><\/h1>\n<p>Cilindrii no\u0219tri de ridicare pentru macarale pe \u0219enile sunt concepu\u021bi pentru a oferi performan\u021be de ridicare puternice \u0219i fiabile pentru aplica\u021bii grele. Proiecta\u021bi special pentru macarale pe \u0219enile, ace\u0219ti cilindri hidraulici ofer\u0103 for\u021ba necesar\u0103 pentru a ridica bra\u021bele macaralei (bra\u021belor) cu precizie, suport\u00e2nd sarcini de p\u00e2n\u0103 la 590 de tone \u00een medii solicitante, cum ar fi \u0219antierele de construc\u021bii, construc\u021bia de poduri \u0219i opera\u021biunile miniere. Construi\u021bi din o\u021bel aliat de \u00eenalt\u0103 rezisten\u021b\u0103 \u0219i dotati cu sisteme avansate de etan\u0219are, cilindrii no\u0219tri de ridicare asigur\u0103 durabilitate \u0219i func\u021bionare f\u0103r\u0103 scurgeri, chiar \u0219i \u00een condi\u021bii de sarcin\u0103 dinamic\u0103 extrem\u0103 \u0219i condi\u021bii dure.<\/p>\n<p>Cu o presiune nominal\u0103 de p\u00e2n\u0103 la 35 MPa \u0219i acoperiri op\u021bionale rezistente la coroziune, acestea sunt construite pentru fiabilitate pe termen lung pe teren accidentat. Indiferent dac\u0103 ridica\u021bi grinzi de o\u021bel sau pozi\u021biona\u021bi echipamente grele, cilindrii no\u0219tri de ridicare pentru macarale pe \u0219enile garanteaz\u0103 siguran\u021b\u0103, eficien\u021b\u0103 \u0219i performan\u021be de neegalat pentru nevoile dumneavoastr\u0103 de ridicare.<\/p>\n<h2><strong>Cilindru de ridicare pentru macaraua pe \u0219enile Parametru:<\/strong><\/h2>\n<h1 style=\"text-align: center;\"><img loading=\"lazy\" decoding=\"async\" class=\"alignnone size-full wp-image-17049\" src=\"https:\/\/www.hydraulic-cylinders.net\/wp-content\/uploads\/2025\/02\/hcyy11112018-lift-cylinder-1.webp\" alt=\"\" width=\"1515\" height=\"147\" srcset=\"https:\/\/www.hydraulic-cylinders.net\/wp-content\/uploads\/2025\/02\/hcyy11112018-lift-cylinder-1.webp 1515w, https:\/\/www.hydraulic-cylinders.net\/wp-content\/uploads\/2025\/02\/hcyy11112018-lift-cylinder-1-1280x124.webp 1280w, https:\/\/www.hydraulic-cylinders.net\/wp-content\/uploads\/2025\/02\/hcyy11112018-lift-cylinder-1-980x95.webp 980w, https:\/\/www.hydraulic-cylinders.net\/wp-content\/uploads\/2025\/02\/hcyy11112018-lift-cylinder-1-480x47.webp 480w\" sizes=\"(min-width: 0px) and (max-width: 480px) 480px, (min-width: 481px) and (max-width: 980px) 980px, (min-width: 981px) and (max-width: 1280px) 1280px, (min-width: 1281px) 1515px, 100vw\" \/> <img loading=\"lazy\" decoding=\"async\" class=\"alignnone size-full wp-image-17051\" src=\"https:\/\/www.hydraulic-cylinders.net\/wp-content\/uploads\/2025\/02\/hcyy11112018-lift-cylinder-3.webp\" alt=\"\" width=\"1477\" height=\"707\" srcset=\"https:\/\/www.hydraulic-cylinders.net\/wp-content\/uploads\/2025\/02\/hcyy11112018-lift-cylinder-3.webp 1477w, https:\/\/www.hydraulic-cylinders.net\/wp-content\/uploads\/2025\/02\/hcyy11112018-lift-cylinder-3-1280x613.webp 1280w, https:\/\/www.hydraulic-cylinders.net\/wp-content\/uploads\/2025\/02\/hcyy11112018-lift-cylinder-3-980x469.webp 980w, https:\/\/www.hydraulic-cylinders.net\/wp-content\/uploads\/2025\/02\/hcyy11112018-lift-cylinder-3-480x230.webp 480w\" sizes=\"(min-width: 0px) and (max-width: 480px) 480px, (min-width: 481px) and (max-width: 980px) 980px, (min-width: 981px) and (max-width: 1280px) 1280px, (min-width: 1281px) 1477px, 100vw\" \/> <img loading=\"lazy\" decoding=\"async\" class=\"alignnone size-full wp-image-17052\" src=\"https:\/\/www.hydraulic-cylinders.net\/wp-content\/uploads\/2025\/02\/hcyy11112018-lift-cylinder-4.webp\" alt=\"\" width=\"1475\" height=\"711\" srcset=\"https:\/\/www.hydraulic-cylinders.net\/wp-content\/uploads\/2025\/02\/hcyy11112018-lift-cylinder-4.webp 1475w, https:\/\/www.hydraulic-cylinders.net\/wp-content\/uploads\/2025\/02\/hcyy11112018-lift-cylinder-4-1280x617.webp 1280w, https:\/\/www.hydraulic-cylinders.net\/wp-content\/uploads\/2025\/02\/hcyy11112018-lift-cylinder-4-980x472.webp 980w, https:\/\/www.hydraulic-cylinders.net\/wp-content\/uploads\/2025\/02\/hcyy11112018-lift-cylinder-4-480x231.webp 480w\" sizes=\"(min-width: 0px) and (max-width: 480px) 480px, (min-width: 481px) and (max-width: 980px) 980px, (min-width: 981px) and (max-width: 1280px) 1280px, (min-width: 1281px) 1475px, 100vw\" \/> <img loading=\"lazy\" decoding=\"async\" class=\"alignnone size-full wp-image-17053\" src=\"https:\/\/www.hydraulic-cylinders.net\/wp-content\/uploads\/2025\/02\/hcyy11112018-lift-cylinder-5.webp\" alt=\"\" width=\"1451\" height=\"696\" srcset=\"https:\/\/www.hydraulic-cylinders.net\/wp-content\/uploads\/2025\/02\/hcyy11112018-lift-cylinder-5.webp 1451w, https:\/\/www.hydraulic-cylinders.net\/wp-content\/uploads\/2025\/02\/hcyy11112018-lift-cylinder-5-1280x614.webp 1280w, https:\/\/www.hydraulic-cylinders.net\/wp-content\/uploads\/2025\/02\/hcyy11112018-lift-cylinder-5-980x470.webp 980w, https:\/\/www.hydraulic-cylinders.net\/wp-content\/uploads\/2025\/02\/hcyy11112018-lift-cylinder-5-480x230.webp 480w\" sizes=\"(min-width: 0px) and (max-width: 480px) 480px, (min-width: 481px) and (max-width: 980px) 980px, (min-width: 981px) and (max-width: 1280px) 1280px, (min-width: 1281px) 1451px, 100vw\" \/><\/h1>\n<h2><strong>Seria de cilindri a macaralei pe \u0219enile:<\/strong><\/h2>\n<h2><img loading=\"lazy\" decoding=\"async\" class=\"alignnone size-full wp-image-17054 aligncenter\" src=\"https:\/\/www.hydraulic-cylinders.net\/wp-content\/uploads\/2025\/02\/cylinder-series-of-crawler-crane-1.webp\" alt=\"\" width=\"709\" height=\"791\" srcset=\"https:\/\/www.hydraulic-cylinders.net\/wp-content\/uploads\/2025\/02\/cylinder-series-of-crawler-crane-1.webp 709w, https:\/\/www.hydraulic-cylinders.net\/wp-content\/uploads\/2025\/02\/cylinder-series-of-crawler-crane-1-480x536.webp 480w\" sizes=\"(min-width: 0px) and (max-width: 480px) 480px, (min-width: 481px) 709px, 100vw\" \/><\/h2>\n<h2><strong>Caracteristici cheie ale cilindrului de ridicare pentru macaraua pe \u0219enile:<\/strong><\/h2>\n<h4><strong>Durabilitate ridicat\u0103<\/strong><\/h4>\n<p>Cilindrul de ridicare este construit din materiale de calitate premium, special alese pentru rezisten\u021ba \u0219i rezisten\u021ba lor. Acest design robust permite cilindrului s\u0103 reziste la condi\u021bii dure de lucru \u0219i sarcini grele, ceea ce \u00eel face o alegere ideal\u0103 pentru mediile de construc\u021bie solicitante. Utilizatorii se pot baza pe performan\u021ba sa de lung\u0103 durat\u0103, reduc\u00e2nd nevoia de \u00eenlocuiri frecvente \u0219i asigur\u00e2nd func\u021bionare ne\u00eentrerupt\u0103, chiar \u0219i \u00een cele mai dificile scenarii.<\/p>\n<h4><strong>Inginerie de precizie<\/strong><\/h4>\n<p>Proiectat cu o aten\u021bie meticuloas\u0103 la detalii, acesta prezint\u0103 toleran\u021be precise de fabrica\u021bie. Acest nivel de precizie permite o func\u021bionare lin\u0103 \u0219i \u00eembun\u0103t\u0103\u021be\u0219te precizia ridic\u0103rii, permi\u021b\u00e2nd operatorilor s\u0103 manipuleze cu \u00eencredere sarcinile. Indiferent dac\u0103 ridic\u0103 materiale delicate sau utilaje grele, acest cilindru asigur\u0103 c\u0103 fiecare mi\u0219care este controlat\u0103 \u0219i fiabil\u0103, reduc\u00e2nd la minimum riscul de accidente \u0219i \u00eembun\u0103t\u0103\u021bind eficien\u021ba general\u0103.<\/p>\n<h4><strong>Rezisten\u021b\u0103 la coroziune<\/strong><\/h4>\n<p>Pentru a combate efectele expunerii la umiditate \u0219i la intemperii, cilindrul de ridicare este supus unui tratament de suprafa\u021b\u0103 specializat. Acest strat protector protejeaz\u0103 \u00eempotriva ruginii \u0219i coroziunii, prelungind semnificativ durata de via\u021b\u0103 a cilindrului. Prin men\u021binerea performan\u021belor optime \u00een timp, aceast\u0103 caracteristic\u0103 nu numai c\u0103 spore\u0219te fiabilitatea cilindrului, dar contribuie \u0219i la reducerea costurilor de \u00eentre\u021binere \u0219i la cre\u0219terea eficien\u021bei opera\u021bionale.<\/p>\n<h4><strong>Design compact<\/strong><\/h4>\n<p>Designul compact al cilindrului de ridicare \u00eel diferen\u021biaz\u0103, permi\u021b\u00e2nd o instalare u\u0219oar\u0103 \u0219i o integrare perfect\u0103 \u00een diverse modele de macarale pe \u0219enile. Dimensiunile sale compacte permit operatorilor s\u0103 maximizeze eficien\u021ba utilajelor lor f\u0103r\u0103 a sacrifica puterea. Aceast\u0103 versatilitate \u00eel face o alegere excelent\u0103 pentru proiectele cu spa\u021biu limitat, asigur\u00e2ndu-se c\u0103 nu sunt niciodat\u0103 compromise capacit\u0103\u021bile de ridicare a sarcinilor grele.<\/p>\n<h4><strong>Capacitate de \u00eenalt\u0103 presiune<\/strong><\/h4>\n<p>Conceput pentru a gestiona presiuni hidraulice ridicate, cilindrul de ridicare exceleaz\u0103 \u00een furnizarea unor opera\u021biuni de ridicare eficiente. Aceast\u0103 capacitate asigur\u0103 c\u0103 cilindrul poate gestiona sarcini substan\u021biale \u00een siguran\u021b\u0103 \u0219i eficient, oferind lini\u0219te sufleteasc\u0103 operatorilor. Prin prioritizarea siguran\u021bei, maximiz\u00e2nd \u00een acela\u0219i timp performan\u021ba, acest cilindru suport\u0103 o gam\u0103 larg\u0103 de aplica\u021bii, de la construc\u021bii la sarcini de ridicare industriale, ceea ce \u00eel face o alegere fiabil\u0103 pentru orice opera\u021biune de mare tonaj.<\/p>\n<h2><strong>Ce face ca cilindrul de ridicare s\u0103 fie potrivit pentru ridicarea sarcinilor grele?<\/strong><\/h2>\n<p>Iat\u0103 o explica\u021bie extins\u0103 a motivului pentru care cilindrul de ridicare este potrivit pentru ridicarea sarcinilor grele:<\/p>\n<ol>\n<li><strong>Durabilitate excep\u021bional\u0103<\/strong>:<br \/>\nCilindrul de ridicare este construit din materiale de \u00eenalt\u0103 calitate, special alese pentru rezisten\u021ba \u0219i rezisten\u021ba lor. Aceast\u0103 robuste\u021be permite cilindrului s\u0103 reziste la condi\u021bii extreme, cum ar fi vibra\u021bii puternice, \u0219ocuri \u0219i factori de mediu duri, tipici \u00een construc\u021bii \u0219i medii industriale. Durabilitatea minimizeaz\u0103 uzura, ceea ce duce la mai pu\u021bine defec\u021biuni \u0219i la reducerea timpilor de nefunc\u021bionare, ceea ce este esen\u021bial pentru men\u021binerea productivit\u0103\u021bii pe \u0219antiere.<\/li>\n<li><strong>Capacitate de \u00eenalt\u0103 presiune<\/strong>:<br \/>\nAcest cilindru de ridicare este proiectat s\u0103 gestioneze presiuni hidraulice ridicate, esen\u021biale pentru ridicarea \u00een siguran\u021b\u0103 \u0219i eficient\u0103 a unor greut\u0103\u021bi semnificative. Designul s\u0103u \u00eencorporeaz\u0103 principii inginere\u0219ti avansate care \u00eei permit s\u0103 func\u021bioneze sub solicit\u0103ri intense f\u0103r\u0103 a compromite integritatea structural\u0103. Aceast\u0103 capacitate de presiune ridicat\u0103 asigur\u0103 c\u0103 cilindrul poate ridica utilaje \u0219i materiale grele \u00een mod fiabil, fiind potrivit pentru diverse aplica\u021bii, de la construc\u021bii la produc\u021bie grea.<\/li>\n<li><strong>Inginerie de precizie<\/strong>:<br \/>\nCaracteristicile au toleran\u021be de fabrica\u021bie de ultim\u0103 genera\u021bie care asigur\u0103 o aliniere \u0219i o func\u021bionare precise. Acest nivel de precizie este vital pentru sarcinile care necesit\u0103 manipulare delicat\u0103 sau pozi\u021bionare exact\u0103, deoarece minimizeaz\u0103 riscul de accidente \u0219i \u00eembun\u0103t\u0103\u021be\u0219te precizia general\u0103 a ridic\u0103rii. Operatorii pot avea \u00eencredere c\u0103 cilindrul va func\u021biona constant, ceea ce duce la o \u00eencredere sporit\u0103 \u00een opera\u021biunile de ridicare \u0219i la o siguran\u021b\u0103 \u00eembun\u0103t\u0103\u021bit\u0103 at\u00e2t pentru personal, c\u00e2t \u0219i pentru echipamente.<\/li>\n<li><strong>Rezisten\u021b\u0103 superioar\u0103 la coroziune<\/strong>:<br \/>\nPentru a combate efectele umidit\u0103\u021bii, substan\u021belor chimice \u0219i ale altor elemente corozive, cilindrul este supus unui tratament de suprafa\u021b\u0103 specializat. Acest strat protector reduce semnificativ riscul de rugin\u0103 \u0219i coroziune, care altfel pot duce la defec\u021biuni mecanice. Prin cre\u0219terea rezisten\u021bei cilindrului la factorii de mediu, aceast\u0103 caracteristic\u0103 asigur\u0103 fiabilitate \u0219i performan\u021b\u0103 pe termen lung, reduc\u00e2nd \u00een cele din urm\u0103 costurile de \u00eentre\u021binere \u0219i prelungind durata de via\u021b\u0103 a echipamentului.<\/li>\n<li><strong>Design compact<\/strong>:<br \/>\nDesignul compact al cilindrului de ridicare permite instalarea \u0219i integrarea u\u0219oar\u0103 \u00een diverse modele de macarale pe \u0219enile. Aceast\u0103 caracteristic\u0103 de economisire a spa\u021biului este deosebit de benefic\u0103 \u00een mediile cu spa\u021biu limitat, unde maximizarea capacit\u0103\u021bilor opera\u021bionale ale macaralei este esen\u021bial\u0103. Designul aerodinamic nu compromite puterea de ridicare, asigur\u00e2nd c\u0103 operatorii pot manipula eficient sarcini grele f\u0103r\u0103 volumul asociat cilindrilor tradi\u021bionali.<\/li>\n<\/ol>\n<p>Aceste caracteristici \u00eembun\u0103t\u0103\u021bite fac din cilindrul de ridicare o alegere excelent\u0103 pentru aplica\u021biile de ridicare pentru sarcini grele, asigur\u00e2nd fiabilitate, eficien\u021b\u0103 \u0219i siguran\u021b\u0103 la locul de munc\u0103.<\/p>\n<h2><strong>Zona de produc\u021bie a cilindrilor pentru stivuitoare:<\/strong><\/h2>\n<h2><img loading=\"lazy\" decoding=\"async\" class=\"alignnone size-full wp-image-16972\" src=\"https:\/\/www.hydraulic-cylinders.net\/wp-content\/uploads\/2025\/01\/hydraulic-cylinder-factory-1-scaled.webp\" alt=\"\" width=\"2016\" height=\"2560\" srcset=\"https:\/\/www.hydraulic-cylinders.net\/wp-content\/uploads\/2025\/01\/hydraulic-cylinder-factory-1-scaled.webp 2016w, https:\/\/www.hydraulic-cylinders.net\/wp-content\/uploads\/2025\/01\/hydraulic-cylinder-factory-1-1280x1625.webp 1280w, https:\/\/www.hydraulic-cylinders.net\/wp-content\/uploads\/2025\/01\/hydraulic-cylinder-factory-1-980x1244.webp 980w, https:\/\/www.hydraulic-cylinders.net\/wp-content\/uploads\/2025\/01\/hydraulic-cylinder-factory-1-480x610.webp 480w\" sizes=\"(min-width: 0px) and (max-width: 480px) 480px, (min-width: 481px) and (max-width: 980px) 980px, (min-width: 981px) and (max-width: 1280px) 1280px, (min-width: 1281px) 2016px, 100vw\" \/><\/h2>\n<p>Ne m\u00e2ndrim cu o platform\u0103 independent\u0103 de cercetare \u0219i dezvoltare de ultim\u0103 genera\u021bie dedicat\u0103 asambl\u0103rii, asigur\u00e2nd inova\u021bie \u0219i calitate de top \u00een procesele noastre de fabrica\u021bie. Atelierul nostru de produc\u021bie a cilindrilor pentru stivuitoare dispune de patru linii de asamblare semiautomate pentru cilindrii de ridicare \u0219i o linie de asamblare complet automat\u0103 pentru cilindrii de \u00eenclinare, proiectate \u00eempreun\u0103 pentru a produce p\u00e2n\u0103 la un milion de unit\u0103\u021bi anual.<\/p>\n<p>\u00cen plus, atelierul nostru specializat de cilindri este dotat cu sisteme semiautomate de cur\u0103\u021bare \u0219i asamblare adaptate la diverse specifica\u021bii, cu o capacitate anual\u0103 de produc\u021bie de 200.000 de buc\u0103\u021bi. Utiliz\u0103m echipamente CNC renumite, centre de prelucrare \u0219i unelte specializate pentru prelucrarea de \u00eenalt\u0103 precizie a cilindrilor. Facilitatea noastr\u0103 include, de asemenea, ma\u0219ini avansate de sudur\u0103 robotizat\u0103, sisteme automate de cur\u0103\u021bare \u0219i linii complet automatizate de asamblare \u0219i vopsire a cilindrilor. Cu peste 300 de echipamente cheie opera\u021bionale, optimiz\u0103m alocarea resurselor \u0219i asigur\u0103m o utilizare eficient\u0103, respect\u00e2nd standarde stricte de precizie \u0219i calitate.<\/p>\n<p>Atelierul nostru de prelucrare dispune de centre de strunjire personalizate cu ghidare \u00eenclinat\u0103, centre de prelucrare, ma\u0219ini de honuit de mare vitez\u0103, robo\u021bi de sudur\u0103 \u0219i alte echipamente esen\u021biale. Aceast\u0103 configura\u021bie ne permite s\u0103 prelucr\u0103m tuburi cilindrice cu un diametru interior maxim de 400 mm \u0219i lungimi de p\u00e2n\u0103 la 6 metri, sporind \u0219i mai mult capacit\u0103\u021bile noastre de produc\u021bie.<\/p>\n<h2><img loading=\"lazy\" decoding=\"async\" class=\"alignnone size-full wp-image-16973\" src=\"https:\/\/www.hydraulic-cylinders.net\/wp-content\/uploads\/2025\/01\/hydraulic-cylinder-factory-2-scaled.webp\" alt=\"\" width=\"2011\" height=\"2560\" srcset=\"https:\/\/www.hydraulic-cylinders.net\/wp-content\/uploads\/2025\/01\/hydraulic-cylinder-factory-2-scaled.webp 2011w, https:\/\/www.hydraulic-cylinders.net\/wp-content\/uploads\/2025\/01\/hydraulic-cylinder-factory-2-1280x1629.webp 1280w, https:\/\/www.hydraulic-cylinders.net\/wp-content\/uploads\/2025\/01\/hydraulic-cylinder-factory-2-980x1248.webp 980w, https:\/\/www.hydraulic-cylinders.net\/wp-content\/uploads\/2025\/01\/hydraulic-cylinder-factory-2-480x611.webp 480w\" sizes=\"(min-width: 0px) and (max-width: 480px) 480px, (min-width: 481px) and (max-width: 980px) 980px, (min-width: 981px) and (max-width: 1280px) 1280px, (min-width: 1281px) 2011px, 100vw\" \/><\/h2>\n<p>Oper\u0103m o linie de vopsire pe baz\u0103 de ap\u0103 complet automat\u0103, special conceput\u0103 pentru cilindri mici \u0219i medii, cu robo\u021bi automatiza\u021bi de \u00eenc\u0103rcare, desc\u0103rcare \u0219i pulverizare. Acest sistem de ultim\u0103 genera\u021bie se m\u00e2ndre\u0219te cu o capacitate de produc\u021bie de 4.000 de unit\u0103\u021bi pe schimb. \u00cen plus, avem o linie de vopsire semiautomat\u0103 pentru cilindri de dimensiuni mari, ac\u021bionat\u0103 de un lan\u021b, cu o capacitate proiectat\u0103 de 60 de l\u0103zi pe schimb.<\/p>\n<p>Pentru a \u00eembun\u0103t\u0103\u021bi performan\u021ba produselor \u0219i a ne consolida pozi\u021bia de lider \u00een industria cilindrilor hidraulici, am \u00eencheiat un parteneriat cu ZJIMEE pentru a \u00eenfiin\u021ba un laborator cuprinz\u0103tor de performan\u021b\u0103 dedicat cilindrilor, valvelor \u0219i pompelor hidraulice. Acest laborator avansat utilizeaz\u0103 testarea asistat\u0103 de computer cu tehnologie electrohidraulic\u0103, permi\u021b\u00e2nd condi\u021bii de testare prestabilite care \u00eembun\u0103t\u0103\u021besc precizia \u0219i versatilitatea sistemului. Procesul automat de colectare a datelor utilizeaz\u0103 senzori pentru a colecta date de ie\u0219ire, cum ar fi scurgerile interne \u0219i eficien\u021ba sarcinii, care sunt apoi procesate de un computer \u0219i convertite \u00een unit\u0103\u021bi standard (ml\/min%).<\/p>\n<p>\u00cen plus, pentru a asigura siguran\u021ba sistemelor noastre hidraulice, implement\u0103m monitorizarea st\u0103rii parametrilor cheie de performan\u021b\u0103, inclusiv temperatura uleiului, nivelul lichidului \u0219i starea dispozitivului de filtrare. Standul nostru de testare a cilindrilor hidraulici este capabil s\u0103 evalueze \u201eeficien\u021ba sarcinii\u201d \u0219i \u201escurgerile interne\u201d prin citiri precise. De asemenea, este echipat cu un instrument de m\u0103surare cu rigl\u0103 tip r\u0103z\u0103toare care \u00eendepline\u0219te standardele na\u021bionale, asigur\u00e2nd conformitatea cu toate cerin\u021bele de testare pentru produsele cu cilindri hidraulici.<\/p>\n<p>&nbsp;<\/p>","protected":false},"excerpt":{"rendered":"<p>Lift Cylinder For Crawler Crane Our Lift Cylinders for Crawler Cranes are designed to deliver powerful and reliable lifting performance for heavy-duty applications. Engineered specifically for crawler cranes, these hydraulic cylinders provide the force needed to elevate crane arms (booms) with precision, supporting loads up to 590 tons in demanding environments such as construction sites, [&hellip;]<\/p>","protected":false},"featured_media":17055,"comment_status":"open","ping_status":"closed","template":"","meta":{"_et_pb_use_builder":"","_et_pb_old_content":"","_et_gb_content_width":""},"product_brand":[],"product_cat":[1376,1514],"product_tag":[],"class_list":{"0":"post-17047","1":"product","2":"type-product","3":"status-publish","4":"has-post-thumbnail","6":"product_cat-hydraulic-cylinder","7":"product_cat-mobile-crane-hydraulic-cylinders","9":"first","10":"instock","11":"shipping-taxable","12":"product-type-simple"},"amp_enabled":true,"_links":{"self":[{"href":"https:\/\/www.hydraulic-cylinders.net\/ro\/wp-json\/wp\/v2\/product\/17047","targetHints":{"allow":["GET"]}}],"collection":[{"href":"https:\/\/www.hydraulic-cylinders.net\/ro\/wp-json\/wp\/v2\/product"}],"about":[{"href":"https:\/\/www.hydraulic-cylinders.net\/ro\/wp-json\/wp\/v2\/types\/product"}],"replies":[{"embeddable":true,"href":"https:\/\/www.hydraulic-cylinders.net\/ro\/wp-json\/wp\/v2\/comments?post=17047"}],"wp:featuredmedia":[{"embeddable":true,"href":"https:\/\/www.hydraulic-cylinders.net\/ro\/wp-json\/wp\/v2\/media\/17055"}],"wp:attachment":[{"href":"https:\/\/www.hydraulic-cylinders.net\/ro\/wp-json\/wp\/v2\/media?parent=17047"}],"wp:term":[{"taxonomy":"product_brand","embeddable":true,"href":"https:\/\/www.hydraulic-cylinders.net\/ro\/wp-json\/wp\/v2\/product_brand?post=17047"},{"taxonomy":"product_cat","embeddable":true,"href":"https:\/\/www.hydraulic-cylinders.net\/ro\/wp-json\/wp\/v2\/product_cat?post=17047"},{"taxonomy":"product_tag","embeddable":true,"href":"https:\/\/www.hydraulic-cylinders.net\/ro\/wp-json\/wp\/v2\/product_tag?post=17047"}],"curies":[{"name":"wp","href":"https:\/\/api.w.org\/{rel}","templated":true}]}}