{"id":17065,"date":"2025-02-05T07:37:55","date_gmt":"2025-02-05T07:37:55","guid":{"rendered":"https:\/\/www.hydraulic-cylinders.net\/?post_type=product&#038;p=17065"},"modified":"2025-04-11T01:53:48","modified_gmt":"2025-04-11T01:53:48","slug":"support-hydraulic-cylinders-for-crawler-crane","status":"publish","type":"product","link":"https:\/\/www.hydraulic-cylinders.net\/ro\/produs\/support-hydraulic-cylinders-for-crawler-crane\/","title":{"rendered":"Cilindri hidraulici de sus\u021binere pentru macara pe \u0219enile"},"content":{"rendered":"<h1 style=\"text-align: center;\"><strong>Cilindri hidraulici de sus\u021binere pentru macara pe \u0219enile<\/strong><\/h1>\n<h1 style=\"text-align: center;\"><img loading=\"lazy\" decoding=\"async\" class=\"alignnone size-full wp-image-17068\" src=\"https:\/\/www.hydraulic-cylinders.net\/wp-content\/uploads\/2025\/02\/hcyy11112020-cylinder-for-frame-support-2.webp\" alt=\"\" width=\"1497\" height=\"520\" srcset=\"https:\/\/www.hydraulic-cylinders.net\/wp-content\/uploads\/2025\/02\/hcyy11112020-cylinder-for-frame-support-2.webp 1497w, https:\/\/www.hydraulic-cylinders.net\/wp-content\/uploads\/2025\/02\/hcyy11112020-cylinder-for-frame-support-2-1280x445.webp 1280w, https:\/\/www.hydraulic-cylinders.net\/wp-content\/uploads\/2025\/02\/hcyy11112020-cylinder-for-frame-support-2-980x340.webp 980w, https:\/\/www.hydraulic-cylinders.net\/wp-content\/uploads\/2025\/02\/hcyy11112020-cylinder-for-frame-support-2-480x167.webp 480w\" sizes=\"(min-width: 0px) and (max-width: 480px) 480px, (min-width: 481px) and (max-width: 980px) 980px, (min-width: 981px) and (max-width: 1280px) 1280px, (min-width: 1281px) 1497px, 100vw\" \/><\/h1>\n<div>Noastre <strong>cilindri hidraulici de sus\u021binere pentru macarale pe \u0219enile<\/strong> Sunt proiecta\u021bi pentru ridicare \u0219i stabilizare de sarcini grele \u00een medii solicitante. Concepu\u021bi pentru a sus\u021bine structura bra\u021bului de tip grind\u0103, ace\u0219ti cilindri asigur\u0103 stabilitate \u0219i siguran\u021b\u0103 optime \u00een timpul opera\u021biunilor cu sarcini mari, fiind ideali pentru macaralele pe \u0219enile utilizate \u00een construc\u021bii, opera\u021biuni portuare \u0219i proiecte industriale. Concentr\u00e2ndu-se pe durabilitate \u0219i precizie, cilindrii no\u0219tri hidraulici sunt construi\u021bi pentru a rezista la sarcini dinamice \u0219i condi\u021bii dure, oferind performan\u021be fiabile pentru macaraua dumneavoastr\u0103 pe \u0219enile.<\/div>\n<h2><strong>Cilindri hidraulici de sus\u021binere pentru macaraua pe \u0219enile Parametru:<\/strong><\/h2>\n<h1 style=\"text-align: center;\"><img loading=\"lazy\" decoding=\"async\" class=\"alignnone size-full wp-image-17067\" src=\"https:\/\/www.hydraulic-cylinders.net\/wp-content\/uploads\/2025\/02\/hcyy11112020-cylinder-for-frame-support-1.webp\" alt=\"\" width=\"1512\" height=\"150\" srcset=\"https:\/\/www.hydraulic-cylinders.net\/wp-content\/uploads\/2025\/02\/hcyy11112020-cylinder-for-frame-support-1.webp 1512w, https:\/\/www.hydraulic-cylinders.net\/wp-content\/uploads\/2025\/02\/hcyy11112020-cylinder-for-frame-support-1-1280x127.webp 1280w, https:\/\/www.hydraulic-cylinders.net\/wp-content\/uploads\/2025\/02\/hcyy11112020-cylinder-for-frame-support-1-980x97.webp 980w, https:\/\/www.hydraulic-cylinders.net\/wp-content\/uploads\/2025\/02\/hcyy11112020-cylinder-for-frame-support-1-480x48.webp 480w\" sizes=\"(min-width: 0px) and (max-width: 480px) 480px, (min-width: 481px) and (max-width: 980px) 980px, (min-width: 981px) and (max-width: 1280px) 1280px, (min-width: 1281px) 1512px, 100vw\" \/><img loading=\"lazy\" decoding=\"async\" class=\"alignnone size-full wp-image-17069\" src=\"https:\/\/www.hydraulic-cylinders.net\/wp-content\/uploads\/2025\/02\/hcyy11112020-cylinder-for-frame-support-3.webp\" alt=\"\" width=\"1475\" height=\"710\" srcset=\"https:\/\/www.hydraulic-cylinders.net\/wp-content\/uploads\/2025\/02\/hcyy11112020-cylinder-for-frame-support-3.webp 1475w, https:\/\/www.hydraulic-cylinders.net\/wp-content\/uploads\/2025\/02\/hcyy11112020-cylinder-for-frame-support-3-1280x616.webp 1280w, https:\/\/www.hydraulic-cylinders.net\/wp-content\/uploads\/2025\/02\/hcyy11112020-cylinder-for-frame-support-3-980x472.webp 980w, https:\/\/www.hydraulic-cylinders.net\/wp-content\/uploads\/2025\/02\/hcyy11112020-cylinder-for-frame-support-3-480x231.webp 480w\" sizes=\"(min-width: 0px) and (max-width: 480px) 480px, (min-width: 481px) and (max-width: 980px) 980px, (min-width: 981px) and (max-width: 1280px) 1280px, (min-width: 1281px) 1475px, 100vw\" \/> <img loading=\"lazy\" decoding=\"async\" class=\"alignnone size-full wp-image-17070\" src=\"https:\/\/www.hydraulic-cylinders.net\/wp-content\/uploads\/2025\/02\/hcyy11112020-cylinder-for-frame-support-4.webp\" alt=\"\" width=\"1479\" height=\"717\" srcset=\"https:\/\/www.hydraulic-cylinders.net\/wp-content\/uploads\/2025\/02\/hcyy11112020-cylinder-for-frame-support-4.webp 1479w, https:\/\/www.hydraulic-cylinders.net\/wp-content\/uploads\/2025\/02\/hcyy11112020-cylinder-for-frame-support-4-1280x621.webp 1280w, https:\/\/www.hydraulic-cylinders.net\/wp-content\/uploads\/2025\/02\/hcyy11112020-cylinder-for-frame-support-4-980x475.webp 980w, https:\/\/www.hydraulic-cylinders.net\/wp-content\/uploads\/2025\/02\/hcyy11112020-cylinder-for-frame-support-4-480x233.webp 480w\" sizes=\"(min-width: 0px) and (max-width: 480px) 480px, (min-width: 481px) and (max-width: 980px) 980px, (min-width: 981px) and (max-width: 1280px) 1280px, (min-width: 1281px) 1479px, 100vw\" \/> <img loading=\"lazy\" decoding=\"async\" class=\"alignnone size-full wp-image-17071\" src=\"https:\/\/www.hydraulic-cylinders.net\/wp-content\/uploads\/2025\/02\/hcyy11112020-cylinder-for-frame-support-5.webp\" alt=\"\" width=\"1421\" height=\"704\" srcset=\"https:\/\/www.hydraulic-cylinders.net\/wp-content\/uploads\/2025\/02\/hcyy11112020-cylinder-for-frame-support-5.webp 1421w, https:\/\/www.hydraulic-cylinders.net\/wp-content\/uploads\/2025\/02\/hcyy11112020-cylinder-for-frame-support-5-1280x634.webp 1280w, https:\/\/www.hydraulic-cylinders.net\/wp-content\/uploads\/2025\/02\/hcyy11112020-cylinder-for-frame-support-5-980x486.webp 980w, https:\/\/www.hydraulic-cylinders.net\/wp-content\/uploads\/2025\/02\/hcyy11112020-cylinder-for-frame-support-5-480x238.webp 480w\" sizes=\"(min-width: 0px) and (max-width: 480px) 480px, (min-width: 481px) and (max-width: 980px) 980px, (min-width: 981px) and (max-width: 1280px) 1280px, (min-width: 1281px) 1421px, 100vw\" \/><\/h1>\n<h2><strong>Seria de cilindri a macaralei pe \u0219enile:<\/strong><\/h2>\n<h2><img loading=\"lazy\" decoding=\"async\" class=\"alignnone size-full wp-image-17054 aligncenter\" src=\"https:\/\/www.hydraulic-cylinders.net\/wp-content\/uploads\/2025\/02\/cylinder-series-of-crawler-crane-1.webp\" alt=\"\" width=\"709\" height=\"791\" srcset=\"https:\/\/www.hydraulic-cylinders.net\/wp-content\/uploads\/2025\/02\/cylinder-series-of-crawler-crane-1.webp 709w, https:\/\/www.hydraulic-cylinders.net\/wp-content\/uploads\/2025\/02\/cylinder-series-of-crawler-crane-1-480x536.webp 480w\" sizes=\"(min-width: 0px) and (max-width: 480px) 480px, (min-width: 481px) 709px, 100vw\" \/><\/h2>\n<h2><strong>Caracteristici cheie ale cilindrilor hidraulici de sus\u021binere pentru macaraua pe \u0219enile cu bra\u021b de sus\u021binere:<\/strong><\/h2>\n<h4><strong>Capacitate mare de \u00eenc\u0103rcare<\/strong><\/h4>\n<p>Cel\/Cea\/Cei\/Cele <strong>Cilindru de sus\u021binere<\/strong> exceleaz\u0103 prin capacitatea sa impresionant\u0103 de \u00eenc\u0103rcare, permi\u021b\u00e2ndu-i s\u0103 suporte greut\u0103\u021bi substan\u021biale f\u0103r\u0103 efort. Aceast\u0103 caracteristic\u0103 o face ideal\u0103 pentru aplica\u021bii grele, cum ar fi proiecte mari de construc\u021bii \u0219i dezvoltarea infrastructurii. Operatorii pot ridica \u0219i manevra cu \u00eencredere sarcini semnificative, \u0219tiind c\u0103 au o component\u0103 fiabil\u0103 care \u00eendepline\u0219te cerin\u021bele celor mai dificile sarcini ale lor. Aceast\u0103 capacitate nu numai c\u0103 maximizeaz\u0103 productivitatea, dar \u00eembun\u0103t\u0103\u021be\u0219te \u0219i eficien\u021ba general\u0103 a opera\u021biunilor cu macaraua.<\/p>\n<h4><strong>Construc\u021bie durabil\u0103<\/strong><\/h4>\n<p>Construit din materiale de \u00eenalt\u0103 rezisten\u021b\u0103, cilindrul de sus\u021binere este proiectat s\u0103 reziste rigorilor mediilor solicitante. Construc\u021bia sa durabil\u0103 rezist\u0103 uzurii, asigur\u00e2nd o func\u021bionare fiabil\u0103 \u00een timp. Aceast\u0103 rezisten\u021b\u0103 \u00eenseamn\u0103 mai pu\u021bine \u00eenlocuiri \u0219i repara\u021bii, permi\u021b\u00e2nd echipelor de construc\u021bii s\u0103 se concentreze asupra muncii lor, mai degrab\u0103 dec\u00e2t asupra problemelor de \u00eentre\u021binere. Longevitatea acestui cilindru contribuie la reducerea timpilor de nefunc\u021bionare, ceea ce \u00eel face o investi\u021bie inteligent\u0103 pentru orice opera\u021biune.<\/p>\n<h4><strong>Rezisten\u021b\u0103 la coroziune<\/strong><\/h4>\n<p>Coroziunea poate reprezenta o amenin\u021bare semnificativ\u0103 pentru componentele hidraulice, \u00eens\u0103 cilindrul de sus\u021binere dispune de tratamente avansate de suprafa\u021b\u0103 care \u00eel protejeaz\u0103 de rugin\u0103 \u0219i coroziune. Acest strat suplimentar de ap\u0103rare asigur\u0103 c\u0103 cilindrul r\u0103m\u00e2ne \u00een stare excelent\u0103, chiar \u0219i \u00een condi\u021bii meteorologice dure sau \u00een medii agresive. Prin prelungirea duratei sale de via\u021b\u0103, aceast\u0103 rezisten\u021b\u0103 la coroziune nu numai c\u0103 \u00eembun\u0103t\u0103\u021be\u0219te fiabilitatea, dar minimizeaz\u0103 \u0219i necesitatea unor repara\u021bii sau \u00eenlocuiri costisitoare, sporind \u00een cele din urm\u0103 eficien\u021ba opera\u021bional\u0103.<\/p>\n<h4><strong>Design compact<\/strong><\/h4>\n<p>Designul compact al cilindrului de sus\u021binere \u00eei spore\u0219te versatilitatea, permi\u021b\u00e2nd integrarea u\u0219oar\u0103 \u00een diverse modele de macarale pe \u0219enile. Aceast\u0103 caracteristic\u0103 eficient\u0103 din punct de vedere al spa\u021biului \u00eenseamn\u0103 c\u0103 operatorii pot maximiza capacit\u0103\u021bile macaralei lor f\u0103r\u0103 a ocupa un volum inutil. Designul aerodinamic faciliteaz\u0103 instalarea \u0219i operarea rapid\u0103, permi\u021b\u00e2nd echipelor s\u0103 se adapteze f\u0103r\u0103 probleme la diferite cerin\u021be ale proiectului. Aceast\u0103 adaptabilitate promoveaz\u0103 o mai mare flexibilitate pe \u0219antier, facilit\u00e2nd abordarea unei game largi de sarcini de ridicare.<\/p>\n<h4><strong>Inginerie de precizie<\/strong><\/h4>\n<p>Precizia este crucial\u0103 \u00een opera\u021biunile de ridicare, iar cilindrul de sus\u021binere este proiectat meticulos pentru a oferi o func\u021bionare lin\u0103 \u0219i o pozi\u021bionare precis\u0103 a sarcinii. Cu toleran\u021be stricte de fabrica\u021bie, acest cilindru asigur\u0103 c\u0103 fiecare ridicare este executat\u0103 cu cea mai mare precizie, \u00eembun\u0103t\u0103\u021bind semnificativ siguran\u021ba general\u0103. Operatorii pot avea \u00eencredere c\u0103 sarcinile lor vor fi pozi\u021bionate cu precizie, reduc\u00e2nd la minimum riscul de accidente \u0219i sporind eficien\u021ba fluxului de lucru. Acest nivel de precizie nu numai c\u0103 protejeaz\u0103 echipamentele valoroase, dar contribuie \u0219i la un mediu de lucru mai sigur pentru to\u021bi.<\/p>\n<p>\u00cen concluzie, cilindrul de sus\u021binere se remarc\u0103 prin capacitatea sa excep\u021bional\u0103 de \u00eenc\u0103rcare, construc\u021bia durabil\u0103, rezisten\u021ba la coroziune, designul compact \u0219i ingineria de precizie. Fiecare dintre aceste caracteristici se combin\u0103 pentru a oferi o solu\u021bie fiabil\u0103 \u0219i eficient\u0103 pentru proiectele de construc\u021bii, ceea ce \u00eel face un atu indispensabil pentru profesioni\u0219tii din industrie.<\/p>\n<h2><strong>Cum \u00eembun\u0103t\u0103\u021be\u0219te cilindrul pentru prevenirea \u00eenclin\u0103rii spate siguran\u021ba opera\u021biunilor cu macaraua pe \u0219enile?<\/strong><\/h2>\n<p>Designul <strong>Sprijin<\/strong> <strong>Cilindru<\/strong> este o capodoper\u0103 inginereasc\u0103 ce \u00eembun\u0103t\u0103\u021be\u0219te semnificativ stabilitatea \u00een timpul opera\u021biunilor de ridicare a greut\u0103\u021bilor mari. Iat\u0103 cum contribuie fiecare caracteristic\u0103 la performan\u021ba sa remarcabil\u0103:<\/p>\n<h4><strong>1. Capacitate de \u00eenc\u0103rcare impresionant\u0103<\/strong><\/h4>\n<p>Cilindrul de sus\u021binere este special conceput pentru a sus\u021bine greut\u0103\u021bi substan\u021biale, fiind ideal pentru aplica\u021bii grele. Aceast\u0103 capacitate impresionant\u0103 de \u00eenc\u0103rcare asigur\u0103 c\u0103 p\u00e2n\u0103 \u0219i cele mai grele sarcini pot fi ridicate cu \u00eencredere, reduc\u00e2nd considerabil riscul de r\u0103sturnare sau balansare. Prin asigurarea unei funda\u021bii solide, acest cilindru permite operatorilor s\u0103 se concentreze asupra sarcinilor lor f\u0103r\u0103 grija constant\u0103 a stabilit\u0103\u021bii, sporind astfel productivitatea general\u0103.<\/p>\n<h4><strong>2. Construc\u021bie robust\u0103<\/strong><\/h4>\n<p>Fabricat din materiale de \u00eenalt\u0103 rezisten\u021b\u0103, cilindrul este conceput s\u0103 reziste rigorilor mediilor solicitante. Aceast\u0103 construc\u021bie robust\u0103 asigur\u0103 men\u021binerea integrit\u0103\u021bii sale structurale sub presiune intens\u0103, oferind un sistem de sus\u021binere fiabil, care poate gestiona for\u021bele dinamice \u00een timpul opera\u021biunilor de ridicare. Durabilitatea materialelor utilizate nu numai c\u0103 prelunge\u0219te durata de via\u021b\u0103 a cilindrului, dar spore\u0219te \u0219i capacitatea acestuia de a func\u021biona constant, chiar \u0219i \u00een cele mai dificile situa\u021bii.<\/p>\n<h4><strong>3. Design compact<\/strong><\/h4>\n<p>Una dintre caracteristicile remarcabile ale cilindrului de sus\u021binere este designul s\u0103u compact, care permite amplasarea optim\u0103 \u00een cadrul macaralei. Aceast\u0103 pozi\u021bionare strategic\u0103 coboar\u0103 centrul de greutate, \u00eembun\u0103t\u0103\u021bind semnificativ stabilitatea general\u0103 \u00een timpul opera\u021biunilor. Un centru de greutate mai jos reduce probabilitatea de r\u0103sturnare, \u00een special la manevrarea sarcinilor grele, ceea ce face ca cilindrul s\u0103 fie o component\u0103 esen\u021bial\u0103 pentru o ridicare sigur\u0103 \u0219i eficient\u0103.<\/p>\n<h4><strong>4. Inginerie de precizie<\/strong><\/h4>\n<p>Precizia este primordial\u0103 \u00een opera\u021biunile de ridicare, iar Cilindrul de Suport exceleaz\u0103 \u00een acest sens. Cu toleran\u021be de fabrica\u021bie stricte, acest cilindru garanteaz\u0103 mi\u0219c\u0103ri line \u0219i controlate. Aceast\u0103 precizie nu numai c\u0103 \u00eembun\u0103t\u0103\u021be\u0219te precizia pozi\u021bion\u0103rii sarcinii, dar minimizeaz\u0103 \u0219i \u0219ansele de deplas\u0103ri bru\u0219te care ar putea compromite stabilitatea. Operatorii pot avea \u00eencredere c\u0103 sarcinile lor vor fi manipulate delicat \u0219i precis, sporind siguran\u021ba la locul de munc\u0103.<\/p>\n<h4><strong>5. Rezisten\u021b\u0103 la coroziune<\/strong><\/h4>\n<p>Coroziunea poate fi o problem\u0103 semnificativ\u0103 pentru componentele hidraulice, \u00een special \u00een medii dure. Cilindrul de sus\u021binere dispune de tratamente avansate de suprafa\u021b\u0103 care \u00eel protejeaz\u0103 de rugin\u0103 \u0219i degradare. Aceast\u0103 rezisten\u021b\u0103 la coroziune asigur\u0103 men\u021binerea performan\u021belor cilindrului \u00een timp, chiar \u0219i \u00een condi\u021bii adverse. Prin prevenirea uzurii, aceast\u0103 caracteristic\u0103 spore\u0219te fiabilitatea \u0219i prelunge\u0219te durata de via\u021b\u0103 a cilindrului, contribuind la stabilitatea sus\u021binut\u0103 \u00een timpul sarcinilor de ridicare grele.<\/p>\n<p>\u00cen concluzie, <strong>Cilindru de sus\u021binere<\/strong> se remarc\u0103 ca o piatr\u0103 de temelie a stabilit\u0103\u021bii \u0219i fiabilit\u0103\u021bii \u00een opera\u021biunile de ridicare a sarcinilor grele. Capacitatea sa impresionant\u0103 de \u00eenc\u0103rcare, construc\u021bia robust\u0103, designul compact, ingineria de precizie \u0219i rezisten\u021ba la coroziune creeaz\u0103 un sistem de sus\u021binere puternic. Acest cilindru nu numai c\u0103 \u00eembun\u0103t\u0103\u021be\u0219te siguran\u021ba, dar spore\u0219te \u0219i eficien\u021ba, ceea ce \u00eel face un atu nepre\u021buit pentru profesioni\u0219tii din construc\u021bii. Investind \u00een cilindrul de sus\u021binere, operatorii \u00ee\u0219i pot cre\u0219te cu \u00eencredere performan\u021ba \u0219i pot aborda chiar \u0219i cele mai solicitante proiecte.<\/p>\n<h2><strong>Zona de produc\u021bie a cilindrilor pentru stivuitoare:<\/strong><\/h2>\n<h2><img loading=\"lazy\" decoding=\"async\" class=\"alignnone size-full wp-image-16972\" src=\"https:\/\/www.hydraulic-cylinders.net\/wp-content\/uploads\/2025\/01\/hydraulic-cylinder-factory-1-scaled.webp\" alt=\"\" width=\"2016\" height=\"2560\" srcset=\"https:\/\/www.hydraulic-cylinders.net\/wp-content\/uploads\/2025\/01\/hydraulic-cylinder-factory-1-scaled.webp 2016w, https:\/\/www.hydraulic-cylinders.net\/wp-content\/uploads\/2025\/01\/hydraulic-cylinder-factory-1-1280x1625.webp 1280w, https:\/\/www.hydraulic-cylinders.net\/wp-content\/uploads\/2025\/01\/hydraulic-cylinder-factory-1-980x1244.webp 980w, https:\/\/www.hydraulic-cylinders.net\/wp-content\/uploads\/2025\/01\/hydraulic-cylinder-factory-1-480x610.webp 480w\" sizes=\"(min-width: 0px) and (max-width: 480px) 480px, (min-width: 481px) and (max-width: 980px) 980px, (min-width: 981px) and (max-width: 1280px) 1280px, (min-width: 1281px) 2016px, 100vw\" \/><\/h2>\n<p>Ne m\u00e2ndrim cu o platform\u0103 independent\u0103 de cercetare \u0219i dezvoltare de ultim\u0103 genera\u021bie dedicat\u0103 asambl\u0103rii, asigur\u00e2nd inova\u021bie \u0219i calitate de top \u00een procesele noastre de fabrica\u021bie. Atelierul nostru de produc\u021bie a cilindrilor pentru stivuitoare dispune de patru linii de asamblare semiautomate pentru cilindrii de ridicare \u0219i o linie de asamblare complet automat\u0103 pentru cilindrii de \u00eenclinare, proiectate \u00eempreun\u0103 pentru a produce p\u00e2n\u0103 la un milion de unit\u0103\u021bi anual.<\/p>\n<p>\u00cen plus, atelierul nostru specializat de cilindri este dotat cu sisteme semiautomate de cur\u0103\u021bare \u0219i asamblare adaptate la diverse specifica\u021bii, cu o capacitate anual\u0103 de produc\u021bie de 200.000 de buc\u0103\u021bi. Utiliz\u0103m echipamente CNC renumite, centre de prelucrare \u0219i unelte specializate pentru prelucrarea de \u00eenalt\u0103 precizie a cilindrilor. Facilitatea noastr\u0103 include, de asemenea, ma\u0219ini avansate de sudur\u0103 robotizat\u0103, sisteme automate de cur\u0103\u021bare \u0219i linii complet automatizate de asamblare \u0219i vopsire a cilindrilor. Cu peste 300 de echipamente cheie opera\u021bionale, optimiz\u0103m alocarea resurselor \u0219i asigur\u0103m o utilizare eficient\u0103, respect\u00e2nd standarde stricte de precizie \u0219i calitate.<\/p>\n<p>Atelierul nostru de prelucrare dispune de centre de strunjire personalizate cu ghidare \u00eenclinat\u0103, centre de prelucrare, ma\u0219ini de honuit de mare vitez\u0103, robo\u021bi de sudur\u0103 \u0219i alte echipamente esen\u021biale. Aceast\u0103 configura\u021bie ne permite s\u0103 prelucr\u0103m tuburi cilindrice cu un diametru interior maxim de 400 mm \u0219i lungimi de p\u00e2n\u0103 la 6 metri, sporind \u0219i mai mult capacit\u0103\u021bile noastre de produc\u021bie.<\/p>\n<h2><img loading=\"lazy\" decoding=\"async\" class=\"alignnone size-full wp-image-16973\" src=\"https:\/\/www.hydraulic-cylinders.net\/wp-content\/uploads\/2025\/01\/hydraulic-cylinder-factory-2-scaled.webp\" alt=\"\" width=\"2011\" height=\"2560\" srcset=\"https:\/\/www.hydraulic-cylinders.net\/wp-content\/uploads\/2025\/01\/hydraulic-cylinder-factory-2-scaled.webp 2011w, https:\/\/www.hydraulic-cylinders.net\/wp-content\/uploads\/2025\/01\/hydraulic-cylinder-factory-2-1280x1629.webp 1280w, https:\/\/www.hydraulic-cylinders.net\/wp-content\/uploads\/2025\/01\/hydraulic-cylinder-factory-2-980x1248.webp 980w, https:\/\/www.hydraulic-cylinders.net\/wp-content\/uploads\/2025\/01\/hydraulic-cylinder-factory-2-480x611.webp 480w\" sizes=\"(min-width: 0px) and (max-width: 480px) 480px, (min-width: 481px) and (max-width: 980px) 980px, (min-width: 981px) and (max-width: 1280px) 1280px, (min-width: 1281px) 2011px, 100vw\" \/><\/h2>\n<p>Oper\u0103m o linie de vopsire pe baz\u0103 de ap\u0103 complet automat\u0103, special conceput\u0103 pentru cilindri mici \u0219i medii, cu robo\u021bi automatiza\u021bi de \u00eenc\u0103rcare, desc\u0103rcare \u0219i pulverizare. Acest sistem de ultim\u0103 genera\u021bie se m\u00e2ndre\u0219te cu o capacitate de produc\u021bie de 4.000 de unit\u0103\u021bi pe schimb. \u00cen plus, avem o linie de vopsire semiautomat\u0103 pentru cilindri de dimensiuni mari, ac\u021bionat\u0103 de un lan\u021b, cu o capacitate proiectat\u0103 de 60 de l\u0103zi pe schimb.<\/p>\n<p>Pentru a \u00eembun\u0103t\u0103\u021bi performan\u021ba produselor \u0219i a ne consolida pozi\u021bia de lider \u00een industria cilindrilor hidraulici, am \u00eencheiat un parteneriat cu ZJIMEE pentru a \u00eenfiin\u021ba un laborator cuprinz\u0103tor de performan\u021b\u0103 dedicat cilindrilor, valvelor \u0219i pompelor hidraulice. Acest laborator avansat utilizeaz\u0103 testarea asistat\u0103 de computer cu tehnologie electrohidraulic\u0103, permi\u021b\u00e2nd condi\u021bii de testare prestabilite care \u00eembun\u0103t\u0103\u021besc precizia \u0219i versatilitatea sistemului. Procesul automat de colectare a datelor utilizeaz\u0103 senzori pentru a colecta date de ie\u0219ire, cum ar fi scurgerile interne \u0219i eficien\u021ba sarcinii, care sunt apoi procesate de un computer \u0219i convertite \u00een unit\u0103\u021bi standard (ml\/min%).<\/p>\n<p>\u00cen plus, pentru a asigura siguran\u021ba sistemelor noastre hidraulice, implement\u0103m monitorizarea st\u0103rii parametrilor cheie de performan\u021b\u0103, inclusiv temperatura uleiului, nivelul lichidului \u0219i starea dispozitivului de filtrare. Standul nostru de testare a cilindrilor hidraulici este capabil s\u0103 evalueze \u201eeficien\u021ba sarcinii\u201d \u0219i \u201escurgerile interne\u201d prin citiri precise. De asemenea, este echipat cu un instrument de m\u0103surare cu rigl\u0103 tip r\u0103z\u0103toare care \u00eendepline\u0219te standardele na\u021bionale, asigur\u00e2nd conformitatea cu toate cerin\u021bele de testare pentru produsele cu cilindri hidraulici.<\/p>\n<p>&nbsp;<\/p>","protected":false},"excerpt":{"rendered":"<p>Support Hydraulic Cylinders For Crawler Crane Our support hydraulic cylinders for crawler cranes are engineered for heavy-duty lifting and stabilization in demanding environments. Designed to support the truss arm structure, these cylinders ensure optimal stability and safety during high-load operations, making them ideal for crawler cranes used in construction, port operations, and industrial projects. With [&hellip;]<\/p>","protected":false},"featured_media":17072,"comment_status":"open","ping_status":"closed","template":"","meta":{"_et_pb_use_builder":"","_et_pb_old_content":"","_et_gb_content_width":""},"product_brand":[],"product_cat":[1514,1549,1376],"product_tag":[],"class_list":{"0":"post-17065","1":"product","2":"type-product","3":"status-publish","4":"has-post-thumbnail","6":"product_cat-mobile-crane-hydraulic-cylinders","7":"product_cat-single-acting-hydraulic-cylinder","8":"product_cat-hydraulic-cylinder","10":"first","11":"instock","12":"shipping-taxable","13":"product-type-simple"},"amp_enabled":true,"_links":{"self":[{"href":"https:\/\/www.hydraulic-cylinders.net\/ro\/wp-json\/wp\/v2\/product\/17065","targetHints":{"allow":["GET"]}}],"collection":[{"href":"https:\/\/www.hydraulic-cylinders.net\/ro\/wp-json\/wp\/v2\/product"}],"about":[{"href":"https:\/\/www.hydraulic-cylinders.net\/ro\/wp-json\/wp\/v2\/types\/product"}],"replies":[{"embeddable":true,"href":"https:\/\/www.hydraulic-cylinders.net\/ro\/wp-json\/wp\/v2\/comments?post=17065"}],"wp:featuredmedia":[{"embeddable":true,"href":"https:\/\/www.hydraulic-cylinders.net\/ro\/wp-json\/wp\/v2\/media\/17072"}],"wp:attachment":[{"href":"https:\/\/www.hydraulic-cylinders.net\/ro\/wp-json\/wp\/v2\/media?parent=17065"}],"wp:term":[{"taxonomy":"product_brand","embeddable":true,"href":"https:\/\/www.hydraulic-cylinders.net\/ro\/wp-json\/wp\/v2\/product_brand?post=17065"},{"taxonomy":"product_cat","embeddable":true,"href":"https:\/\/www.hydraulic-cylinders.net\/ro\/wp-json\/wp\/v2\/product_cat?post=17065"},{"taxonomy":"product_tag","embeddable":true,"href":"https:\/\/www.hydraulic-cylinders.net\/ro\/wp-json\/wp\/v2\/product_tag?post=17065"}],"curies":[{"name":"wp","href":"https:\/\/api.w.org\/{rel}","templated":true}]}}