{"id":17074,"date":"2025-02-05T08:31:40","date_gmt":"2025-02-05T08:31:40","guid":{"rendered":"https:\/\/www.hydraulic-cylinders.net\/?post_type=product&#038;p=17074"},"modified":"2025-04-11T03:00:55","modified_gmt":"2025-04-11T03:00:55","slug":"hcyy11112016-grain-tank-lifting-cylinder-for-agricultural-machinery","status":"publish","type":"product","link":"https:\/\/www.hydraulic-cylinders.net\/ro\/produs\/hcyy11112016-grain-tank-lifting-cylinder-for-agricultural-machinery\/","title":{"rendered":"Cilindru de ridicare a rezervorului de cereale HCYY11112016 pentru utilaje agricole"},"content":{"rendered":"<h1 style=\"text-align: center;\"><strong>Cilindru de ridicare a rezervorului de cereale HCYY11112016 pentru utilaje agricole<\/strong><\/h1>\n<h1 style=\"text-align: center;\"><img loading=\"lazy\" decoding=\"async\" class=\"alignnone size-full wp-image-17077\" src=\"https:\/\/www.hydraulic-cylinders.net\/wp-content\/uploads\/2025\/02\/hcyy11112016-grain-tank-lifting-cylinder-2.webp\" alt=\"\" width=\"1500\" height=\"515\" srcset=\"https:\/\/www.hydraulic-cylinders.net\/wp-content\/uploads\/2025\/02\/hcyy11112016-grain-tank-lifting-cylinder-2.webp 1500w, https:\/\/www.hydraulic-cylinders.net\/wp-content\/uploads\/2025\/02\/hcyy11112016-grain-tank-lifting-cylinder-2-1280x439.webp 1280w, https:\/\/www.hydraulic-cylinders.net\/wp-content\/uploads\/2025\/02\/hcyy11112016-grain-tank-lifting-cylinder-2-980x336.webp 980w, https:\/\/www.hydraulic-cylinders.net\/wp-content\/uploads\/2025\/02\/hcyy11112016-grain-tank-lifting-cylinder-2-480x165.webp 480w\" sizes=\"(min-width: 0px) and (max-width: 480px) 480px, (min-width: 481px) and (max-width: 980px) 980px, (min-width: 981px) and (max-width: 1280px) 1280px, (min-width: 1281px) 1500px, 100vw\" \/><\/h1>\n<p>Cel\/Cea\/Cei\/Cele <strong>Cilindru de ridicare a rezervorului de cereale HCYY11112016<\/strong> joac\u0103 un rol crucial \u00een utilajele agricole, fiind conceput pentru a spori eficien\u021ba \u0219i eficacitatea opera\u021biunilor de manipulare a cerealelor. Acest cilindru hidraulic ofer\u0103 puterea \u0219i precizia necesare pentru ridicarea \u0219i cobor\u00e2rea u\u0219oar\u0103 a rezervoarelor de cereale, asigur\u00e2nd performan\u021be optime at\u00e2t \u00een \u200b\u200btimpul recolt\u0103rii, c\u00e2t \u0219i al transportului.<\/p>\n<p>As an essential tool for any agricultural operation prioritizing efficiency and reliability, the HCYY11112016 stands out for its robust features and user-friendly design. Its straightforward maintenance requirements make it a preferred choice among farmers and agricultural professionals. By investing in this high-quality lifting cylinder, you significantly enhance your machinery&#8217;s performance and streamline grain handling processes, leading to a more productive and successful farming operation.<\/p>\n<h2><strong>Cilindru de ridicare a rezervorului de cereale HCYY11112016 pentru utilaje agricole Parametru:<\/strong><\/h2>\n<h1 style=\"text-align: center;\"><img loading=\"lazy\" decoding=\"async\" class=\"alignnone size-full wp-image-17076\" src=\"https:\/\/www.hydraulic-cylinders.net\/wp-content\/uploads\/2025\/02\/hcyy11112016-grain-tank-lifting-cylinder-1.webp\" alt=\"\" width=\"1510\" height=\"146\" srcset=\"https:\/\/www.hydraulic-cylinders.net\/wp-content\/uploads\/2025\/02\/hcyy11112016-grain-tank-lifting-cylinder-1.webp 1510w, https:\/\/www.hydraulic-cylinders.net\/wp-content\/uploads\/2025\/02\/hcyy11112016-grain-tank-lifting-cylinder-1-1280x124.webp 1280w, https:\/\/www.hydraulic-cylinders.net\/wp-content\/uploads\/2025\/02\/hcyy11112016-grain-tank-lifting-cylinder-1-980x95.webp 980w, https:\/\/www.hydraulic-cylinders.net\/wp-content\/uploads\/2025\/02\/hcyy11112016-grain-tank-lifting-cylinder-1-480x46.webp 480w\" sizes=\"(min-width: 0px) and (max-width: 480px) 480px, (min-width: 481px) and (max-width: 980px) 980px, (min-width: 981px) and (max-width: 1280px) 1280px, (min-width: 1281px) 1510px, 100vw\" \/><img loading=\"lazy\" decoding=\"async\" class=\"alignnone size-full wp-image-17078\" src=\"https:\/\/www.hydraulic-cylinders.net\/wp-content\/uploads\/2025\/02\/hcyy11112016-grain-tank-lifting-cylinder-3.webp\" alt=\"\" width=\"1477\" height=\"710\" srcset=\"https:\/\/www.hydraulic-cylinders.net\/wp-content\/uploads\/2025\/02\/hcyy11112016-grain-tank-lifting-cylinder-3.webp 1477w, https:\/\/www.hydraulic-cylinders.net\/wp-content\/uploads\/2025\/02\/hcyy11112016-grain-tank-lifting-cylinder-3-1280x615.webp 1280w, https:\/\/www.hydraulic-cylinders.net\/wp-content\/uploads\/2025\/02\/hcyy11112016-grain-tank-lifting-cylinder-3-980x471.webp 980w, https:\/\/www.hydraulic-cylinders.net\/wp-content\/uploads\/2025\/02\/hcyy11112016-grain-tank-lifting-cylinder-3-480x231.webp 480w\" sizes=\"(min-width: 0px) and (max-width: 480px) 480px, (min-width: 481px) and (max-width: 980px) 980px, (min-width: 981px) and (max-width: 1280px) 1280px, (min-width: 1281px) 1477px, 100vw\" \/> <img loading=\"lazy\" decoding=\"async\" class=\"alignnone size-full wp-image-17079\" src=\"https:\/\/www.hydraulic-cylinders.net\/wp-content\/uploads\/2025\/02\/hcyy11112016-grain-tank-lifting-cylinder-4.webp\" alt=\"\" width=\"1476\" height=\"711\" srcset=\"https:\/\/www.hydraulic-cylinders.net\/wp-content\/uploads\/2025\/02\/hcyy11112016-grain-tank-lifting-cylinder-4.webp 1476w, https:\/\/www.hydraulic-cylinders.net\/wp-content\/uploads\/2025\/02\/hcyy11112016-grain-tank-lifting-cylinder-4-1280x617.webp 1280w, https:\/\/www.hydraulic-cylinders.net\/wp-content\/uploads\/2025\/02\/hcyy11112016-grain-tank-lifting-cylinder-4-980x472.webp 980w, https:\/\/www.hydraulic-cylinders.net\/wp-content\/uploads\/2025\/02\/hcyy11112016-grain-tank-lifting-cylinder-4-480x231.webp 480w\" sizes=\"(min-width: 0px) and (max-width: 480px) 480px, (min-width: 481px) and (max-width: 980px) 980px, (min-width: 981px) and (max-width: 1280px) 1280px, (min-width: 1281px) 1476px, 100vw\" \/> <img loading=\"lazy\" decoding=\"async\" class=\"alignnone size-full wp-image-17080\" src=\"https:\/\/www.hydraulic-cylinders.net\/wp-content\/uploads\/2025\/02\/hcyy11112016-grain-tank-lifting-cylinder-5.webp\" alt=\"\" width=\"1419\" height=\"765\" srcset=\"https:\/\/www.hydraulic-cylinders.net\/wp-content\/uploads\/2025\/02\/hcyy11112016-grain-tank-lifting-cylinder-5.webp 1419w, https:\/\/www.hydraulic-cylinders.net\/wp-content\/uploads\/2025\/02\/hcyy11112016-grain-tank-lifting-cylinder-5-1280x690.webp 1280w, https:\/\/www.hydraulic-cylinders.net\/wp-content\/uploads\/2025\/02\/hcyy11112016-grain-tank-lifting-cylinder-5-980x528.webp 980w, https:\/\/www.hydraulic-cylinders.net\/wp-content\/uploads\/2025\/02\/hcyy11112016-grain-tank-lifting-cylinder-5-480x259.webp 480w\" sizes=\"(min-width: 0px) and (max-width: 480px) 480px, (min-width: 481px) and (max-width: 980px) 980px, (min-width: 981px) and (max-width: 1280px) 1280px, (min-width: 1281px) 1419px, 100vw\" \/><\/h1>\n<h2><strong>Seria de cilindri a macaralei pe \u0219enile:<\/strong><\/h2>\n<h2><img loading=\"lazy\" decoding=\"async\" class=\"alignnone size-full wp-image-17082\" src=\"https:\/\/www.hydraulic-cylinders.net\/wp-content\/uploads\/2025\/02\/cylinder-series-for-agricultural-machinery-1-1-scaled.webp\" alt=\"\" width=\"2066\" height=\"2560\" srcset=\"https:\/\/www.hydraulic-cylinders.net\/wp-content\/uploads\/2025\/02\/cylinder-series-for-agricultural-machinery-1-1-scaled.webp 2066w, https:\/\/www.hydraulic-cylinders.net\/wp-content\/uploads\/2025\/02\/cylinder-series-for-agricultural-machinery-1-1-1280x1586.webp 1280w, https:\/\/www.hydraulic-cylinders.net\/wp-content\/uploads\/2025\/02\/cylinder-series-for-agricultural-machinery-1-1-980x1214.webp 980w, https:\/\/www.hydraulic-cylinders.net\/wp-content\/uploads\/2025\/02\/cylinder-series-for-agricultural-machinery-1-1-480x595.webp 480w\" sizes=\"(min-width: 0px) and (max-width: 480px) 480px, (min-width: 481px) and (max-width: 980px) 980px, (min-width: 981px) and (max-width: 1280px) 1280px, (min-width: 1281px) 2066px, 100vw\" \/><\/h2>\n<h2><strong>Caracteristici cheie ale cilindrului de ridicare a rezervorului de cereale HCYY11112016 pentru utilaje agricole:<\/strong><\/h2>\n<h4><strong>Capacitate mare de \u00eenc\u0103rcare<\/strong><\/h4>\n<p>Cel\/Cea\/Cei\/Cele <strong>Cilindru de ridicare a rezervorului de cereale HCYY11112016<\/strong> este proiectat cu expertiz\u0103 pentru a gestiona greut\u0103\u021bi substan\u021biale, fiind capabil s\u0103 ridice f\u0103r\u0103 efort rezervoarele de cereale complet \u00eenc\u0103rcate. Aceast\u0103 capacitate mare de \u00eenc\u0103rcare asigur\u0103 nu numai o func\u021bionare sigur\u0103, ci \u0219i o cre\u0219tere a eficien\u021bei \u00een perioadele cruciale de recoltare \u0219i transport. Fermierii pot avea \u00eencredere c\u0103 acest cilindru va func\u021biona fiabil sub presiune, permi\u021b\u00e2ndu-le s\u0103 se concentreze asupra sarcinilor lor f\u0103r\u0103 a se \u00eengrijora de defec\u021biunile echipamentului.<\/p>\n<h4><strong>Construc\u021bie durabil\u0103<\/strong><\/h4>\n<p>Construit din materiale de \u00eenalt\u0103 rezisten\u021b\u0103, modelul HCYY11112016 este conceput pentru a rezista rigorilor mediilor agricole solicitante. Construc\u021bia sa durabil\u0103 rezist\u0103 uzurii, asigur\u00e2nd longevitate \u0219i performan\u021be constante \u00een timp. Aceast\u0103 rezisten\u021b\u0103 este esen\u021bial\u0103 pentru fermierii care se bazeaz\u0103 pe echipamentele lor zi de zi, deoarece reduce la minimum timpii de nefunc\u021bionare \u0219i costurile de \u00eentre\u021binere.<\/p>\n<h4><strong>Rezisten\u021b\u0103 la coroziune<\/strong><\/h4>\n<p>Equipped with advanced surface treatments, the HCYY11112016 offers exceptional protection against rust and corrosion. This feature enhances the cylinder&#8217;s durability, allowing it to maintain peak performance even in challenging weather conditions. By investing in this corrosion-resistant cylinder, farmers can be confident that their equipment will endure the elements, contributing to a longer lifespan and better return on investment.<\/p>\n<h4><strong>Design compact<\/strong><\/h4>\n<p>Una dintre caracteristicile remarcabile ale modelului HCYY11112016 este designul s\u0103u compact, care faciliteaz\u0103 integrarea perfect\u0103 \u00eentr-o varietate de utilaje agricole. Acest design eficient din punct de vedere al spa\u021biului maximizeaz\u0103 spa\u021biul disponibil, permi\u021b\u00e2nd o utilizare mai eficient\u0103 a echipamentelor f\u0103r\u0103 a compromite func\u021bionalitatea. Fermierii beneficiaz\u0103 de o configura\u021bie simplificat\u0103 care \u00eembun\u0103t\u0103\u021be\u0219te manevrabilitatea \u0219i eficien\u021ba opera\u021bional\u0103 general\u0103.<\/p>\n<h4><strong>Inginerie de precizie<\/strong><\/h4>\n<p>Manufactured with tight tolerances, the HCYY11112016 ensures smooth operation and precise load positioning, which are critical for preventing accidents during grain handling. This level of precision allows operators to manage loads with confidence, reducing the risks associated with lifting and transporting heavy materials. The cylinder&#8217;s reliable performance translates into safer working conditions, which is a top priority for agricultural professionals.<\/p>\n<p>Aleg\u00e2nd cilindrul de ridicare a rezervorului de cereale HCYY11112016, fermierii se echipeaz\u0103 cu un instrument care nu numai c\u0103 \u00eendepline\u0219te, dar dep\u0103\u0219e\u0219te cerin\u021bele agriculturii moderne. Combina\u021bia sa de capacitate mare de \u00eenc\u0103rcare, durabilitate, rezisten\u021b\u0103 la coroziune, design compact \u0219i inginerie de precizie \u00eel face un atu esen\u021bial pentru orice opera\u021biune agricol\u0103.<\/p>\n<h2><strong>Cum \u00eembun\u0103t\u0103\u021be\u0219te designul compact al cilindrului de ridicare a rezervorului de cereale Hcyy11112016 integrarea acestuia cu utilajele agricole?<\/strong><\/h2>\n<p>Designul compact al <strong>Cilindru de ridicare a rezervorului de cereale HCYY11112016<\/strong> joac\u0103 un rol vital \u00een integrarea perfect\u0103 cu utilajele agricole, oferind numeroase avantaje care \u00eembun\u0103t\u0103\u021besc performan\u021ba general\u0103:<\/p>\n<h4><strong>Eficien\u021b\u0103 spa\u021bial\u0103<\/strong><\/h4>\n<ul>\n<li><strong>Spa\u021biu maximizat<\/strong>: The cylinder&#8217;s streamlined profile is engineered for optimal use of available space, allowing for easy incorporation into various machinery configurations. This efficient use of space not only streamlines the design but also reduces clutter, making the equipment more user-friendly and accessible.<\/li>\n<\/ul>\n<h4><strong>Manevrabilitate \u00eembun\u0103t\u0103\u021bit\u0103<\/strong><\/h4>\n<ul>\n<li><strong>Mobilitate \u00eembun\u0103t\u0103\u021bit\u0103<\/strong>Designul compact \u00eembun\u0103t\u0103\u021be\u0219te semnificativ manevrabilitatea, permi\u021b\u00e2nd fermierilor s\u0103 navigheze prin spa\u021bii mai \u00eenguste pe c\u00e2mpuri, hambare sau zone de depozitare. Aceast\u0103 agilitate este crucial\u0103 \u00een perioadele aglomerate de recoltare, c\u00e2nd sunt necesare ajust\u0103ri rapide, economisind \u00een cele din urm\u0103 timp \u0219i cresc\u00e2nd productivitatea.<\/li>\n<\/ul>\n<h4><strong>Instalare simplificat\u0103<\/strong><\/h4>\n<ul>\n<li><strong>Integrare u\u0219oar\u0103<\/strong>Dimensiunea mai mic\u0103 a cilindrului simplific\u0103 procesul de instalare pe o varietate de ma\u0219ini agricole. Aceast\u0103 u\u0219urin\u021b\u0103 a integr\u0103rii minimizeaz\u0103 timpul de configurare, permi\u021b\u00e2nd operatorilor s\u0103 instaleze rapid echipamentele \u0219i s\u0103 se \u00eentoarc\u0103 la lucru, ceea ce este deosebit de valoros \u00een timpul sezoanelor de v\u00e2rf.<\/li>\n<\/ul>\n<h4><strong>Distribu\u021bie echilibrat\u0103 a greut\u0103\u021bii<\/strong><\/h4>\n<ul>\n<li><strong>Centrul de greutate mai jos<\/strong>Amprenta compact\u0103 ajut\u0103 la men\u021binerea unui centru de greutate mai jos, ceea ce este esen\u021bial pentru cre\u0219terea stabilit\u0103\u021bii \u00een timpul func\u021bion\u0103rii. Aceast\u0103 caracteristic\u0103 de design minimizeaz\u0103 riscul de r\u0103sturnare la ridicarea rezervoarelor de cereale grele, asigur\u00e2nd o manipulare \u0219i o operare mai sigure \u00een diverse condi\u021bii de teren.<\/li>\n<\/ul>\n<h4><strong>Compatibilitate versatil\u0103<\/strong><\/h4>\n<ul>\n<li><strong>Adaptabilitate<\/strong>Designul compact al modelului HCYY11112016 asigur\u0103 compatibilitatea cu o gam\u0103 larg\u0103 de utilaje agricole, de la tractoare la c\u0103ru\u021be pentru transportul cerealelor. Aceast\u0103 versatilitate permite fermierilor s\u0103 treac\u0103 de la un echipament la altul f\u0103r\u0103 a fi nevoie de modific\u0103ri ample, economisind at\u00e2t timp, c\u00e2t \u0219i resurse.<\/li>\n<\/ul>\n<h4><strong>Eficien\u021b\u0103 opera\u021bional\u0103 \u00eembun\u0103t\u0103\u021bit\u0103<\/strong><\/h4>\n<ul>\n<li><strong>Performan\u021b\u0103 optimizat\u0103<\/strong>Prin integrarea perfect\u0103 cu diverse ma\u0219ini, cilindrul compact contribuie la eficien\u021ba opera\u021bional\u0103 general\u0103. Capacitatea sa de a func\u021biona armonios cu alte componente reduce uzura utilajelor, prelungind durata de via\u021b\u0103 at\u00e2t a cilindrului, c\u00e2t \u0219i a echipamentului pe care \u00eel sus\u021bine.<\/li>\n<\/ul>\n<h4><strong>Considera\u021bii de siguran\u021b\u0103<\/strong><\/h4>\n<ul>\n<li><strong>Reducerea riscurilor<\/strong>Combina\u021bia dintre un centru de greutate mai jos \u0219i o stabilitate sporit\u0103 reduce probabilitatea accidentelor \u00een timpul manipul\u0103rii cerealelor. Fermierii pot opera cu \u00eencredere, \u0219tiind c\u0103 echipamentele lor sunt proiectate pentru a prioritiza siguran\u021ba \u00een timpul manipul\u0103rii \u00eenc\u0103rc\u0103turilor grele.<\/li>\n<\/ul>\n<p>\u00cen concluzie, designul compact al cilindrului de ridicare a rezervorului de cereale HCYY11112016 nu numai c\u0103 \u00eembun\u0103t\u0103\u021be\u0219te integrarea acestuia cu utilajele agricole, dar contribuie \u0219i la \u00eembun\u0103t\u0103\u021birea eficien\u021bei, siguran\u021bei \u0219i adaptabilit\u0103\u021bii. Aleg\u00e2nd acest cilindru inovator, fermierii investesc \u00eentr-un instrument care maximizeaz\u0103 performan\u021ba \u0219i fiabilitatea, transform\u00e2ndu-l \u00eentr-un atu esen\u021bial pentru opera\u021biunile agricole moderne.<\/p>\n<h2><strong>Zona de produc\u021bie a cilindrilor pentru stivuitoare:<\/strong><\/h2>\n<h2><img loading=\"lazy\" decoding=\"async\" class=\"alignnone size-full wp-image-16972\" src=\"https:\/\/www.hydraulic-cylinders.net\/wp-content\/uploads\/2025\/01\/hydraulic-cylinder-factory-1-scaled.webp\" alt=\"\" width=\"2016\" height=\"2560\" srcset=\"https:\/\/www.hydraulic-cylinders.net\/wp-content\/uploads\/2025\/01\/hydraulic-cylinder-factory-1-scaled.webp 2016w, https:\/\/www.hydraulic-cylinders.net\/wp-content\/uploads\/2025\/01\/hydraulic-cylinder-factory-1-1280x1625.webp 1280w, https:\/\/www.hydraulic-cylinders.net\/wp-content\/uploads\/2025\/01\/hydraulic-cylinder-factory-1-980x1244.webp 980w, https:\/\/www.hydraulic-cylinders.net\/wp-content\/uploads\/2025\/01\/hydraulic-cylinder-factory-1-480x610.webp 480w\" sizes=\"(min-width: 0px) and (max-width: 480px) 480px, (min-width: 481px) and (max-width: 980px) 980px, (min-width: 981px) and (max-width: 1280px) 1280px, (min-width: 1281px) 2016px, 100vw\" \/><\/h2>\n<p>Ne m\u00e2ndrim cu o platform\u0103 independent\u0103 de cercetare \u0219i dezvoltare de ultim\u0103 genera\u021bie dedicat\u0103 asambl\u0103rii, asigur\u00e2nd inova\u021bie \u0219i calitate de top \u00een procesele noastre de fabrica\u021bie. Atelierul nostru de produc\u021bie a cilindrilor pentru stivuitoare dispune de patru linii de asamblare semiautomate pentru cilindrii de ridicare \u0219i o linie de asamblare complet automat\u0103 pentru cilindrii de \u00eenclinare, proiectate \u00eempreun\u0103 pentru a produce p\u00e2n\u0103 la un milion de unit\u0103\u021bi anual.<\/p>\n<p>\u00cen plus, atelierul nostru specializat de cilindri este dotat cu sisteme semiautomate de cur\u0103\u021bare \u0219i asamblare adaptate la diverse specifica\u021bii, cu o capacitate anual\u0103 de produc\u021bie de 200.000 de buc\u0103\u021bi. Utiliz\u0103m echipamente CNC renumite, centre de prelucrare \u0219i unelte specializate pentru prelucrarea de \u00eenalt\u0103 precizie a cilindrilor. Facilitatea noastr\u0103 include, de asemenea, ma\u0219ini avansate de sudur\u0103 robotizat\u0103, sisteme automate de cur\u0103\u021bare \u0219i linii complet automatizate de asamblare \u0219i vopsire a cilindrilor. Cu peste 300 de echipamente cheie opera\u021bionale, optimiz\u0103m alocarea resurselor \u0219i asigur\u0103m o utilizare eficient\u0103, respect\u00e2nd standarde stricte de precizie \u0219i calitate.<\/p>\n<p>Atelierul nostru de prelucrare dispune de centre de strunjire personalizate cu ghidare \u00eenclinat\u0103, centre de prelucrare, ma\u0219ini de honuit de mare vitez\u0103, robo\u021bi de sudur\u0103 \u0219i alte echipamente esen\u021biale. Aceast\u0103 configura\u021bie ne permite s\u0103 prelucr\u0103m tuburi cilindrice cu un diametru interior maxim de 400 mm \u0219i lungimi de p\u00e2n\u0103 la 6 metri, sporind \u0219i mai mult capacit\u0103\u021bile noastre de produc\u021bie.<\/p>\n<h2><img loading=\"lazy\" decoding=\"async\" class=\"alignnone size-full wp-image-16973\" src=\"https:\/\/www.hydraulic-cylinders.net\/wp-content\/uploads\/2025\/01\/hydraulic-cylinder-factory-2-scaled.webp\" alt=\"\" width=\"2011\" height=\"2560\" srcset=\"https:\/\/www.hydraulic-cylinders.net\/wp-content\/uploads\/2025\/01\/hydraulic-cylinder-factory-2-scaled.webp 2011w, https:\/\/www.hydraulic-cylinders.net\/wp-content\/uploads\/2025\/01\/hydraulic-cylinder-factory-2-1280x1629.webp 1280w, https:\/\/www.hydraulic-cylinders.net\/wp-content\/uploads\/2025\/01\/hydraulic-cylinder-factory-2-980x1248.webp 980w, https:\/\/www.hydraulic-cylinders.net\/wp-content\/uploads\/2025\/01\/hydraulic-cylinder-factory-2-480x611.webp 480w\" sizes=\"(min-width: 0px) and (max-width: 480px) 480px, (min-width: 481px) and (max-width: 980px) 980px, (min-width: 981px) and (max-width: 1280px) 1280px, (min-width: 1281px) 2011px, 100vw\" \/><\/h2>\n<p>Oper\u0103m o linie de vopsire pe baz\u0103 de ap\u0103 complet automat\u0103, special conceput\u0103 pentru cilindri mici \u0219i medii, cu robo\u021bi automatiza\u021bi de \u00eenc\u0103rcare, desc\u0103rcare \u0219i pulverizare. Acest sistem de ultim\u0103 genera\u021bie se m\u00e2ndre\u0219te cu o capacitate de produc\u021bie de 4.000 de unit\u0103\u021bi pe schimb. \u00cen plus, avem o linie de vopsire semiautomat\u0103 pentru cilindri de dimensiuni mari, ac\u021bionat\u0103 de un lan\u021b, cu o capacitate proiectat\u0103 de 60 de l\u0103zi pe schimb.<\/p>\n<p>Pentru a \u00eembun\u0103t\u0103\u021bi performan\u021ba produselor \u0219i a ne consolida pozi\u021bia de lider \u00een industria cilindrilor hidraulici, am \u00eencheiat un parteneriat cu ZJIMEE pentru a \u00eenfiin\u021ba un laborator cuprinz\u0103tor de performan\u021b\u0103 dedicat cilindrilor, valvelor \u0219i pompelor hidraulice. Acest laborator avansat utilizeaz\u0103 testarea asistat\u0103 de computer cu tehnologie electrohidraulic\u0103, permi\u021b\u00e2nd condi\u021bii de testare prestabilite care \u00eembun\u0103t\u0103\u021besc precizia \u0219i versatilitatea sistemului. Procesul automat de colectare a datelor utilizeaz\u0103 senzori pentru a colecta date de ie\u0219ire, cum ar fi scurgerile interne \u0219i eficien\u021ba sarcinii, care sunt apoi procesate de un computer \u0219i convertite \u00een unit\u0103\u021bi standard (ml\/min%).<\/p>\n<p>\u00cen plus, pentru a asigura siguran\u021ba sistemelor noastre hidraulice, implement\u0103m monitorizarea st\u0103rii parametrilor cheie de performan\u021b\u0103, inclusiv temperatura uleiului, nivelul lichidului \u0219i starea dispozitivului de filtrare. Standul nostru de testare a cilindrilor hidraulici este capabil s\u0103 evalueze \u201eeficien\u021ba sarcinii\u201d \u0219i \u201escurgerile interne\u201d prin citiri precise. De asemenea, este echipat cu un instrument de m\u0103surare cu rigl\u0103 tip r\u0103z\u0103toare care \u00eendepline\u0219te standardele na\u021bionale, asigur\u00e2nd conformitatea cu toate cerin\u021bele de testare pentru produsele cu cilindri hidraulici.<\/p>\n<p>&nbsp;<\/p>","protected":false},"excerpt":{"rendered":"<p>HCYY11112016 Grain Tank Lifting Cylinder For Agricultural Machinery The HCYY11112016 Grain Tank Lifting Cylinder plays a crucial role in agricultural machinery, designed to boost the efficiency and effectiveness of grain handling operations. This hydraulic cylinder provides the power and precision required to raise and lower grain tanks smoothly, ensuring optimal performance during both harvest and [&hellip;]<\/p>","protected":false},"featured_media":17083,"comment_status":"open","ping_status":"closed","template":"","meta":{"_et_pb_use_builder":"","_et_pb_old_content":"","_et_gb_content_width":""},"product_brand":[],"product_cat":[1528,1549,1376],"product_tag":[],"class_list":{"0":"post-17074","1":"product","2":"type-product","3":"status-publish","4":"has-post-thumbnail","6":"product_cat-harvesting-machinery-hydraulic-cylinders","7":"product_cat-single-acting-hydraulic-cylinder","8":"product_cat-hydraulic-cylinder","10":"first","11":"instock","12":"shipping-taxable","13":"product-type-simple"},"amp_enabled":true,"_links":{"self":[{"href":"https:\/\/www.hydraulic-cylinders.net\/ro\/wp-json\/wp\/v2\/product\/17074","targetHints":{"allow":["GET"]}}],"collection":[{"href":"https:\/\/www.hydraulic-cylinders.net\/ro\/wp-json\/wp\/v2\/product"}],"about":[{"href":"https:\/\/www.hydraulic-cylinders.net\/ro\/wp-json\/wp\/v2\/types\/product"}],"replies":[{"embeddable":true,"href":"https:\/\/www.hydraulic-cylinders.net\/ro\/wp-json\/wp\/v2\/comments?post=17074"}],"wp:featuredmedia":[{"embeddable":true,"href":"https:\/\/www.hydraulic-cylinders.net\/ro\/wp-json\/wp\/v2\/media\/17083"}],"wp:attachment":[{"href":"https:\/\/www.hydraulic-cylinders.net\/ro\/wp-json\/wp\/v2\/media?parent=17074"}],"wp:term":[{"taxonomy":"product_brand","embeddable":true,"href":"https:\/\/www.hydraulic-cylinders.net\/ro\/wp-json\/wp\/v2\/product_brand?post=17074"},{"taxonomy":"product_cat","embeddable":true,"href":"https:\/\/www.hydraulic-cylinders.net\/ro\/wp-json\/wp\/v2\/product_cat?post=17074"},{"taxonomy":"product_tag","embeddable":true,"href":"https:\/\/www.hydraulic-cylinders.net\/ro\/wp-json\/wp\/v2\/product_tag?post=17074"}],"curies":[{"name":"wp","href":"https:\/\/api.w.org\/{rel}","templated":true}]}}