{"id":17102,"date":"2025-02-06T08:41:36","date_gmt":"2025-02-06T08:41:36","guid":{"rendered":"https:\/\/www.hydraulic-cylinders.net\/?post_type=product&#038;p=17102"},"modified":"2025-04-11T01:52:16","modified_gmt":"2025-04-11T01:52:16","slug":"hcyy11112023-cylinder-for-frame-support-for-truck-cranes","status":"publish","type":"product","link":"https:\/\/www.hydraulic-cylinders.net\/ro\/produs\/hcyy11112023-cylinder-for-frame-support-for-truck-cranes\/","title":{"rendered":"Cilindru HCYY11112023 pentru suportul cadrului pentru macarale de camion"},"content":{"rendered":"<h1 style=\"text-align: center;\"><strong>Cilindru HCYY11112023 pentru suportul cadrului pentru macarale de camion<\/strong><\/h1>\n<h1 style=\"text-align: center;\"><img loading=\"lazy\" decoding=\"async\" class=\"alignnone size-full wp-image-17111\" src=\"https:\/\/www.hydraulic-cylinders.net\/wp-content\/uploads\/2025\/02\/hcyy11112023-cylinder-for-frame-support-2.webp\" alt=\"\" width=\"1492\" height=\"511\" srcset=\"https:\/\/www.hydraulic-cylinders.net\/wp-content\/uploads\/2025\/02\/hcyy11112023-cylinder-for-frame-support-2.webp 1492w, https:\/\/www.hydraulic-cylinders.net\/wp-content\/uploads\/2025\/02\/hcyy11112023-cylinder-for-frame-support-2-1280x438.webp 1280w, https:\/\/www.hydraulic-cylinders.net\/wp-content\/uploads\/2025\/02\/hcyy11112023-cylinder-for-frame-support-2-980x336.webp 980w, https:\/\/www.hydraulic-cylinders.net\/wp-content\/uploads\/2025\/02\/hcyy11112023-cylinder-for-frame-support-2-480x164.webp 480w\" sizes=\"(min-width: 0px) and (max-width: 480px) 480px, (min-width: 481px) and (max-width: 980px) 980px, (min-width: 981px) and (max-width: 1280px) 1280px, (min-width: 1281px) 1492px, 100vw\" \/><\/h1>\n<p>Cel\/Cea\/Cei\/Cele <strong>Cilindru HCYY11112023 pentru suportul cadrului<\/strong> este vital pentru \u00eembun\u0103t\u0103\u021birea stabilit\u0103\u021bii \u0219i siguran\u021bei macaralelor de camion. Proiectat pentru performan\u021be robuste, acest cilindru sus\u021bine cadrul macaralei \u00een timpul opera\u021biunilor, asigur\u00e2ndu-se c\u0103 men\u021bine integritatea structural\u0103 sub diverse sarcini. Fiabilitatea sa \u00eel face o component\u0103 esen\u021bial\u0103 pentru orice flot\u0103 de macarale.<\/p>\n<p>Acest cilindru se remarc\u0103 prin capacitatea sa de a oferi stabilitate \u0219i siguran\u021b\u0103 \u00een timpul opera\u021biunilor de ridicare. Designul s\u0103u durabil, instalarea simpl\u0103 \u0219i cerin\u021bele reduse de \u00eentre\u021binere \u00eel fac o alegere excelent\u0103 pentru operatorii care caut\u0103 at\u00e2t fiabilitate, c\u00e2t \u0219i eficien\u021b\u0103. Prin respectarea practicilor de utilizare \u0219i \u00eentre\u021binere recomandate, utilizatorii pot maximiza performan\u021ba \u0219i durata de via\u021b\u0103 a acestei componente cruciale, asigur\u00e2ndu-se c\u0103 macaralele lor func\u021bioneaz\u0103 f\u0103r\u0103 probleme \u0219i \u00een siguran\u021b\u0103 pentru anii urm\u0103tori.<\/p>\n<h2><strong>Cilindru HCYY11112023 pentru suportul cadrului pentru macarale de camion Parametru:<\/strong><\/h2>\n<h1 style=\"text-align: center;\"><img loading=\"lazy\" decoding=\"async\" class=\"alignnone size-full wp-image-17110\" src=\"https:\/\/www.hydraulic-cylinders.net\/wp-content\/uploads\/2025\/02\/hcyy11112023-cylinder-for-frame-support-1.webp\" alt=\"\" width=\"1512\" height=\"146\" srcset=\"https:\/\/www.hydraulic-cylinders.net\/wp-content\/uploads\/2025\/02\/hcyy11112023-cylinder-for-frame-support-1.webp 1512w, https:\/\/www.hydraulic-cylinders.net\/wp-content\/uploads\/2025\/02\/hcyy11112023-cylinder-for-frame-support-1-1280x124.webp 1280w, https:\/\/www.hydraulic-cylinders.net\/wp-content\/uploads\/2025\/02\/hcyy11112023-cylinder-for-frame-support-1-980x95.webp 980w, https:\/\/www.hydraulic-cylinders.net\/wp-content\/uploads\/2025\/02\/hcyy11112023-cylinder-for-frame-support-1-480x46.webp 480w\" sizes=\"(min-width: 0px) and (max-width: 480px) 480px, (min-width: 481px) and (max-width: 980px) 980px, (min-width: 981px) and (max-width: 1280px) 1280px, (min-width: 1281px) 1512px, 100vw\" \/><img loading=\"lazy\" decoding=\"async\" class=\"alignnone size-full wp-image-17112\" src=\"https:\/\/www.hydraulic-cylinders.net\/wp-content\/uploads\/2025\/02\/hcyy11112023-cylinder-for-frame-support-3.webp\" alt=\"\" width=\"1480\" height=\"705\" srcset=\"https:\/\/www.hydraulic-cylinders.net\/wp-content\/uploads\/2025\/02\/hcyy11112023-cylinder-for-frame-support-3.webp 1480w, https:\/\/www.hydraulic-cylinders.net\/wp-content\/uploads\/2025\/02\/hcyy11112023-cylinder-for-frame-support-3-1280x610.webp 1280w, https:\/\/www.hydraulic-cylinders.net\/wp-content\/uploads\/2025\/02\/hcyy11112023-cylinder-for-frame-support-3-980x467.webp 980w, https:\/\/www.hydraulic-cylinders.net\/wp-content\/uploads\/2025\/02\/hcyy11112023-cylinder-for-frame-support-3-480x229.webp 480w\" sizes=\"(min-width: 0px) and (max-width: 480px) 480px, (min-width: 481px) and (max-width: 980px) 980px, (min-width: 981px) and (max-width: 1280px) 1280px, (min-width: 1281px) 1480px, 100vw\" \/> <img loading=\"lazy\" decoding=\"async\" class=\"alignnone size-full wp-image-17113\" src=\"https:\/\/www.hydraulic-cylinders.net\/wp-content\/uploads\/2025\/02\/hcyy11112023-cylinder-for-frame-support-4.webp\" alt=\"\" width=\"1471\" height=\"711\" srcset=\"https:\/\/www.hydraulic-cylinders.net\/wp-content\/uploads\/2025\/02\/hcyy11112023-cylinder-for-frame-support-4.webp 1471w, https:\/\/www.hydraulic-cylinders.net\/wp-content\/uploads\/2025\/02\/hcyy11112023-cylinder-for-frame-support-4-1280x619.webp 1280w, https:\/\/www.hydraulic-cylinders.net\/wp-content\/uploads\/2025\/02\/hcyy11112023-cylinder-for-frame-support-4-980x474.webp 980w, https:\/\/www.hydraulic-cylinders.net\/wp-content\/uploads\/2025\/02\/hcyy11112023-cylinder-for-frame-support-4-480x232.webp 480w\" sizes=\"(min-width: 0px) and (max-width: 480px) 480px, (min-width: 481px) and (max-width: 980px) 980px, (min-width: 981px) and (max-width: 1280px) 1280px, (min-width: 1281px) 1471px, 100vw\" \/> <img loading=\"lazy\" decoding=\"async\" class=\"alignnone size-full wp-image-17114\" src=\"https:\/\/www.hydraulic-cylinders.net\/wp-content\/uploads\/2025\/02\/hcyy11112023-cylinder-for-frame-support-5.webp\" alt=\"\" width=\"1146\" height=\"541\" srcset=\"https:\/\/www.hydraulic-cylinders.net\/wp-content\/uploads\/2025\/02\/hcyy11112023-cylinder-for-frame-support-5.webp 1146w, https:\/\/www.hydraulic-cylinders.net\/wp-content\/uploads\/2025\/02\/hcyy11112023-cylinder-for-frame-support-5-980x463.webp 980w, https:\/\/www.hydraulic-cylinders.net\/wp-content\/uploads\/2025\/02\/hcyy11112023-cylinder-for-frame-support-5-480x227.webp 480w\" sizes=\"(min-width: 0px) and (max-width: 480px) 480px, (min-width: 481px) and (max-width: 980px) 980px, (min-width: 981px) 1146px, 100vw\" \/><\/h1>\n<h2><strong>Serie de cilindri pentru macarale de camion:<\/strong><\/h2>\n<h2><img loading=\"lazy\" decoding=\"async\" class=\"alignnone size-full wp-image-17099\" src=\"https:\/\/www.hydraulic-cylinders.net\/wp-content\/uploads\/2025\/02\/cylinder-series-for-truck-cranes-1.webp\" alt=\"\" width=\"1246\" height=\"671\" srcset=\"https:\/\/www.hydraulic-cylinders.net\/wp-content\/uploads\/2025\/02\/cylinder-series-for-truck-cranes-1.webp 1246w, https:\/\/www.hydraulic-cylinders.net\/wp-content\/uploads\/2025\/02\/cylinder-series-for-truck-cranes-1-980x528.webp 980w, https:\/\/www.hydraulic-cylinders.net\/wp-content\/uploads\/2025\/02\/cylinder-series-for-truck-cranes-1-480x258.webp 480w\" sizes=\"(min-width: 0px) and (max-width: 480px) 480px, (min-width: 481px) and (max-width: 980px) 980px, (min-width: 981px) 1246px, 100vw\" \/><\/h2>\n<h2><strong>Caracteristici cheie ale cilindrului HCYY11112023 pentru suportul cadrului macaralelor de camion:<\/strong><\/h2>\n<h4><strong>Capacitate mare de \u00eenc\u0103rcare<\/strong><\/h4>\n<p>Cel\/Cea\/Cei\/Cele <strong>Cilindru HCYY11112023<\/strong> este proiectat s\u0103 suporte o greutate semnificativ\u0103, fiind ideal pentru sarcini grele de ridicare. Designul s\u0103u robust \u00eei permite s\u0103 suporte sarcina f\u0103r\u0103 a compromite siguran\u021ba sau performan\u021ba. Indiferent dac\u0103 ridic\u0103 materiale de construc\u021bii, echipamente sau alte obiecte grele, acest cilindru asigur\u0103 buna desf\u0103\u0219urare a opera\u021biunilor, oferind lini\u0219te sufleteasc\u0103 operatorilor \u0219i sporind productivitatea general\u0103.<\/p>\n<h4><strong>Construc\u021bie durabil\u0103<\/strong><\/h4>\n<p>Construit din materiale de \u00eenalt\u0103 calitate, cilindrul HCYY11112023 este conceput pentru a rezista rigorilor mediilor de lucru solicitante. Construc\u021bia sa durabil\u0103 rezist\u0103 uzurii, asigur\u00e2nd longevitatea chiar \u0219i atunci c\u00e2nd este expus la condi\u021bii extreme. Aceast\u0103 rezisten\u021b\u0103 se traduce prin mai pu\u021bine \u00eenlocuiri \u0219i repara\u021bii, ceea ce duce la economii de costuri \u0219i func\u021bionare ne\u00eentrerupt\u0103 \u00een timp.<\/p>\n<h4><strong>Rezisten\u021b\u0103 la coroziune<\/strong><\/h4>\n<p>Echipat cu un strat protector, cilindrul HCYY11112023 previne eficient rugina \u0219i coroziunea. Aceast\u0103 caracteristic\u0103 este crucial\u0103 pentru men\u021binerea performan\u021bei \u0219i prelungirea duratei de via\u021b\u0103 a cilindrului, \u00een special \u00een condi\u021bii meteorologice dure sau \u00een medii cu umiditate predominant\u0103. Prin rezisten\u021ba la coroziune, cilindrul \u00ee\u0219i p\u0103streaz\u0103 integritatea structural\u0103, asigur\u00e2nd o func\u021bionalitate fiabil\u0103 pe tot parcursul duratei sale de via\u021b\u0103.<\/p>\n<h4><strong>Instalare u\u0219oar\u0103<\/strong><\/h4>\n<p>Cilindrul HCYY11112023 este conceput pentru o integrare simpl\u0103 \u00een sistemele de macarale existente, ceea ce reduce semnificativ timpul de nefunc\u021bionare \u00een timpul instal\u0103rii. Designul s\u0103u u\u0219or de utilizat permite operatorilor s\u0103 \u00eel configureze rapid, f\u0103r\u0103 a necesita modific\u0103ri extinse sau unelte specializate. Aceast\u0103 u\u0219urin\u021b\u0103 \u00een instalare \u00eenseamn\u0103 c\u0103 macaralele pot fi repuse \u00een func\u021biune rapid, maximiz\u00e2nd productivitatea \u0219i reduc\u00e2nd \u00eent\u00e2rzierile \u00een proiecte.<\/p>\n<h4><strong>Inginerie de precizie<\/strong><\/h4>\n<p>Fabricat conform specifica\u021biilor exacte, cilindrul HCYY11112023 garanteaz\u0103 performan\u021be optime \u0219i compatibilitate cu diverse modele de macarale. Aceast\u0103 inginerie de precizie asigur\u0103 func\u021bionarea eficient\u0103 \u0219i eficace a cilindrului, reduc\u00e2nd la minimum riscul de defec\u021biuni mecanice. Aleg\u00e2nd acest cilindru, operatorii pot avea \u00eencredere c\u0103 utilizeaz\u0103 un produs conceput pentru a \u00eendeplini cele mai \u00eenalte standarde de calitate \u0219i fiabilitate, sporind eficien\u021ba opera\u021bional\u0103 general\u0103.<\/p>\n<h2><strong>Cum \u00eembun\u0103t\u0103\u021be\u0219te cilindrul Hcyy11112023 stabilitatea macaralelor de camion \u00een timpul func\u021bion\u0103rii?<\/strong><\/h2>\n<p>Cel\/Cea\/Cei\/Cele <strong>Cilindru HCYY11112023<\/strong> \u00eembun\u0103t\u0103\u021be\u0219te semnificativ stabilitatea macaralelor auto \u00een timpul func\u021bion\u0103rii prin intermediul mai multor mecanisme cheie:<\/p>\n<h4><strong>1. Distribu\u021bia greut\u0103\u021bii<\/strong><\/h4>\n<p>Cilindrul joac\u0103 un rol crucial \u00een distribuirea uniform\u0103 a sarcinii pe cadrul macaralei. Aceast\u0103 distribu\u021bie echilibrat\u0103 a greut\u0103\u021bii este esen\u021bial\u0103 pentru prevenirea r\u0103sturn\u0103rii, \u00een special la ridicarea de sarcini grele sau distribuite neuniform. Prin asigurarea faptului c\u0103 centrul de greutate r\u0103m\u00e2ne jos \u0219i stabil, cilindrul permite operatorilor s\u0103 efectueze manevre complexe cu \u00eencredere, \u0219tiind c\u0103 macaraua este sigur\u0103 \u0219i mai pu\u021bin probabil s\u0103 se r\u0103stoarne. Aceast\u0103 caracteristic\u0103 nu numai c\u0103 spore\u0219te siguran\u021ba, dar cre\u0219te \u0219i eficien\u021ba opera\u021bional\u0103, permi\u021b\u00e2nd sarcini de ridicare mai ambi\u021bioase.<\/p>\n<h4><strong>2. Design robust<\/strong><\/h4>\n<p>Proiectat pentru performan\u021be ridicate, cilindrul HCYY11112023 se m\u00e2ndre\u0219te cu un design robust, care poate rezista la solicit\u0103ri \u0219i solicit\u0103ri substan\u021biale. Aceast\u0103 durabilitate \u00eenseamn\u0103 c\u0103 cilindrul poate gestiona sarcini grele de ridicare f\u0103r\u0103 a se \u00eendoi sau rupe, ceea ce este vital pentru men\u021binerea stabilit\u0103\u021bii macaralei \u00een timpul opera\u021biunilor solicitante. Capacitatea cilindrului de a rezista la condi\u021bii dure \u0219i sarcini grele minimizeaz\u0103 riscul de defec\u021biuni mecanice, asigur\u00e2nd c\u0103 opera\u021biunile pot continua f\u0103r\u0103 probleme. Operatorii beneficiaz\u0103 de timpi de nefunc\u021bionare redu\u0219i \u0219i costuri de \u00eentre\u021binere mai mici, ceea ce \u00eel face o investi\u021bie inteligent\u0103.<\/p>\n<h4><strong>3. Rezisten\u021ba la factorii de mediu<\/strong><\/h4>\n<p>Cilindrul prezint\u0103 o rezisten\u021b\u0103 avansat\u0103 la coroziune, esen\u021bial\u0103 pentru men\u021binerea integrit\u0103\u021bii structurale \u00een diverse condi\u021bii meteorologice. Prin prevenirea ruginii \u0219i a deterior\u0103rii, cilindrul asigur\u0103 fiabilitatea \u0219i eficien\u021ba acestuia, indiferent dac\u0103 este expus la ploaie, z\u0103pad\u0103 sau temperaturi extreme. Aceast\u0103 rezisten\u021b\u0103 este deosebit de important\u0103 pentru macaralele care opereaz\u0103 \u00een medii dificile, deoarece garanteaz\u0103 performan\u021be \u0219i siguran\u021b\u0103 constante. Operatorii pot avea \u00eencredere c\u0103 echipamentele lor vor func\u021biona optim, indiferent de factorii externi, ceea ce duce la o \u00eencredere sporit\u0103 \u00een opera\u021biunile lor de ridicare.<\/p>\n<h4><strong>4. Inginerie de precizie<\/strong><\/h4>\n<p>Fabricat cu o aten\u021bie meticuloas\u0103 la detalii, cilindrul HCYY11112023 este conceput pentru o compatibilitate exact\u0103 cu diverse modele de macarale. Aceast\u0103 inginerie de precizie asigur\u0103 c\u0103 cilindrul se potrive\u0219te perfect \u00een sistemul macaralei, reduc\u00e2nd orice joc sau mi\u0219care care ar putea compromite stabilitatea. Un cilindru bine montat minimizeaz\u0103 riscul de instabilitate cauzat de componente sl\u0103bite sau nealiniate, permi\u021b\u00e2nd opera\u021biuni mai line. Aceast\u0103 aten\u021bie la detalii \u00eembun\u0103t\u0103\u021be\u0219te performan\u021ba general\u0103 a macaralei, f\u0103c\u00e2nd-o o alegere fiabil\u0103 pentru operatorii care solicit\u0103 eficien\u021b\u0103 \u0219i siguran\u021b\u0103.<\/p>\n<h4><strong>5. Sprijin \u00een timpul mi\u0219c\u0103rii<\/strong><\/h4>\n<p>Pe m\u0103sur\u0103 ce macaralele auto manevreaz\u0103 \u0219i ajusteaz\u0103 unghiurile \u00een timpul ridic\u0103rii, cilindrul HCYY11112023 ofer\u0103 suport continuu, contracar\u00e2nd orice for\u021be care ar putea duce la instabilitate. Acest suport dinamic este esen\u021bial pentru opera\u021biuni de ridicare \u00een siguran\u021b\u0103, \u00een special atunci c\u00e2nd se navigheaz\u0103 \u00een spa\u021bii \u00eenguste sau se schimb\u0103 pozi\u021biile \u00eenc\u0103rc\u0103turii. Oferind o stabilitate constant\u0103 pe tot parcursul procesului de ridicare, cilindrul permite operatorilor s\u0103 execute sarcini complexe cu precizie \u0219i u\u0219urin\u021b\u0103. Aceast\u0103 capacitate nu numai c\u0103 \u00eembun\u0103t\u0103\u021be\u0219te siguran\u021ba, dar spore\u0219te \u0219i productivitatea, permi\u021b\u00e2nd finalizarea mai rapid\u0103 a proiectelor.<\/p>\n<p>\u00cen concluzie, cilindrul HCYY11112023 \u00eembun\u0103t\u0103\u021be\u0219te stabilitatea macaralei auto prin distribu\u021bia echilibrat\u0103 a greut\u0103\u021bii, designul robust, rezisten\u021ba la mediu, ingineria de precizie \u0219i suportul dinamic \u00een timpul mi\u0219c\u0103rii. Aceste caracteristici lucreaz\u0103 \u00eempreun\u0103 pentru a asigura opera\u021biuni sigure, eficiente \u0219i fiabile, ceea ce \u00eel face o component\u0103 indispensabil\u0103 pentru orice sistem de macara.<\/p>\n<h2><strong>Zona de produc\u021bie a cilindrilor pentru stivuitoare:<\/strong><\/h2>\n<h2><img loading=\"lazy\" decoding=\"async\" class=\"alignnone size-full wp-image-16972\" src=\"https:\/\/www.hydraulic-cylinders.net\/wp-content\/uploads\/2025\/01\/hydraulic-cylinder-factory-1-scaled.webp\" alt=\"\" width=\"2016\" height=\"2560\" srcset=\"https:\/\/www.hydraulic-cylinders.net\/wp-content\/uploads\/2025\/01\/hydraulic-cylinder-factory-1-scaled.webp 2016w, https:\/\/www.hydraulic-cylinders.net\/wp-content\/uploads\/2025\/01\/hydraulic-cylinder-factory-1-1280x1625.webp 1280w, https:\/\/www.hydraulic-cylinders.net\/wp-content\/uploads\/2025\/01\/hydraulic-cylinder-factory-1-980x1244.webp 980w, https:\/\/www.hydraulic-cylinders.net\/wp-content\/uploads\/2025\/01\/hydraulic-cylinder-factory-1-480x610.webp 480w\" sizes=\"(min-width: 0px) and (max-width: 480px) 480px, (min-width: 481px) and (max-width: 980px) 980px, (min-width: 981px) and (max-width: 1280px) 1280px, (min-width: 1281px) 2016px, 100vw\" \/><\/h2>\n<p>Ne m\u00e2ndrim cu o platform\u0103 independent\u0103 de cercetare \u0219i dezvoltare de ultim\u0103 genera\u021bie dedicat\u0103 asambl\u0103rii, asigur\u00e2nd inova\u021bie \u0219i calitate de top \u00een procesele noastre de fabrica\u021bie. Atelierul nostru de produc\u021bie a cilindrilor pentru stivuitoare dispune de patru linii de asamblare semiautomate pentru cilindrii de ridicare \u0219i o linie de asamblare complet automat\u0103 pentru cilindrii de \u00eenclinare, proiectate \u00eempreun\u0103 pentru a produce p\u00e2n\u0103 la un milion de unit\u0103\u021bi anual.<\/p>\n<p>\u00cen plus, atelierul nostru specializat de cilindri este dotat cu sisteme semiautomate de cur\u0103\u021bare \u0219i asamblare adaptate la diverse specifica\u021bii, cu o capacitate anual\u0103 de produc\u021bie de 200.000 de buc\u0103\u021bi. Utiliz\u0103m echipamente CNC renumite, centre de prelucrare \u0219i unelte specializate pentru prelucrarea de \u00eenalt\u0103 precizie a cilindrilor. Facilitatea noastr\u0103 include, de asemenea, ma\u0219ini avansate de sudur\u0103 robotizat\u0103, sisteme automate de cur\u0103\u021bare \u0219i linii complet automatizate de asamblare \u0219i vopsire a cilindrilor. Cu peste 300 de echipamente cheie opera\u021bionale, optimiz\u0103m alocarea resurselor \u0219i asigur\u0103m o utilizare eficient\u0103, respect\u00e2nd standarde stricte de precizie \u0219i calitate.<\/p>\n<p>Atelierul nostru de prelucrare dispune de centre de strunjire personalizate cu ghidare \u00eenclinat\u0103, centre de prelucrare, ma\u0219ini de honuit de mare vitez\u0103, robo\u021bi de sudur\u0103 \u0219i alte echipamente esen\u021biale. Aceast\u0103 configura\u021bie ne permite s\u0103 prelucr\u0103m tuburi cilindrice cu un diametru interior maxim de 400 mm \u0219i lungimi de p\u00e2n\u0103 la 6 metri, sporind \u0219i mai mult capacit\u0103\u021bile noastre de produc\u021bie.<\/p>\n<h2><img loading=\"lazy\" decoding=\"async\" class=\"alignnone size-full wp-image-16973\" src=\"https:\/\/www.hydraulic-cylinders.net\/wp-content\/uploads\/2025\/01\/hydraulic-cylinder-factory-2-scaled.webp\" alt=\"\" width=\"2011\" height=\"2560\" srcset=\"https:\/\/www.hydraulic-cylinders.net\/wp-content\/uploads\/2025\/01\/hydraulic-cylinder-factory-2-scaled.webp 2011w, https:\/\/www.hydraulic-cylinders.net\/wp-content\/uploads\/2025\/01\/hydraulic-cylinder-factory-2-1280x1629.webp 1280w, https:\/\/www.hydraulic-cylinders.net\/wp-content\/uploads\/2025\/01\/hydraulic-cylinder-factory-2-980x1248.webp 980w, https:\/\/www.hydraulic-cylinders.net\/wp-content\/uploads\/2025\/01\/hydraulic-cylinder-factory-2-480x611.webp 480w\" sizes=\"(min-width: 0px) and (max-width: 480px) 480px, (min-width: 481px) and (max-width: 980px) 980px, (min-width: 981px) and (max-width: 1280px) 1280px, (min-width: 1281px) 2011px, 100vw\" \/><\/h2>\n<p>Oper\u0103m o linie de vopsire pe baz\u0103 de ap\u0103 complet automat\u0103, special conceput\u0103 pentru cilindri mici \u0219i medii, cu robo\u021bi automatiza\u021bi de \u00eenc\u0103rcare, desc\u0103rcare \u0219i pulverizare. Acest sistem de ultim\u0103 genera\u021bie se m\u00e2ndre\u0219te cu o capacitate de produc\u021bie de 4.000 de unit\u0103\u021bi pe schimb. \u00cen plus, avem o linie de vopsire semiautomat\u0103 pentru cilindri de dimensiuni mari, ac\u021bionat\u0103 de un lan\u021b, cu o capacitate proiectat\u0103 de 60 de l\u0103zi pe schimb.<\/p>\n<p>Pentru a \u00eembun\u0103t\u0103\u021bi performan\u021ba produselor \u0219i a ne consolida pozi\u021bia de lider \u00een industria cilindrilor hidraulici, am \u00eencheiat un parteneriat cu ZJIMEE pentru a \u00eenfiin\u021ba un laborator cuprinz\u0103tor de performan\u021b\u0103 dedicat cilindrilor, valvelor \u0219i pompelor hidraulice. Acest laborator avansat utilizeaz\u0103 testarea asistat\u0103 de computer cu tehnologie electrohidraulic\u0103, permi\u021b\u00e2nd condi\u021bii de testare prestabilite care \u00eembun\u0103t\u0103\u021besc precizia \u0219i versatilitatea sistemului. Procesul automat de colectare a datelor utilizeaz\u0103 senzori pentru a colecta date de ie\u0219ire, cum ar fi scurgerile interne \u0219i eficien\u021ba sarcinii, care sunt apoi procesate de un computer \u0219i convertite \u00een unit\u0103\u021bi standard (ml\/min%).<\/p>\n<p>\u00cen plus, pentru a asigura siguran\u021ba sistemelor noastre hidraulice, implement\u0103m monitorizarea st\u0103rii parametrilor cheie de performan\u021b\u0103, inclusiv temperatura uleiului, nivelul lichidului \u0219i starea dispozitivului de filtrare. Standul nostru de testare a cilindrilor hidraulici este capabil s\u0103 evalueze \u201eeficien\u021ba sarcinii\u201d \u0219i \u201escurgerile interne\u201d prin citiri precise. De asemenea, este echipat cu un instrument de m\u0103surare cu rigl\u0103 tip r\u0103z\u0103toare care \u00eendepline\u0219te standardele na\u021bionale, asigur\u00e2nd conformitatea cu toate cerin\u021bele de testare pentru produsele cu cilindri hidraulici.<\/p>\n<p>&nbsp;<\/p>","protected":false},"excerpt":{"rendered":"<p>HCYY11112023 Cylinder For Frame Support For Truck Cranes The HCYY11112023 Cylinder for Frame Support is vital for enhancing the stability and safety of truck cranes. Engineered for robust performance, this cylinder supports the crane&#8217;s frame during operations, ensuring it maintains structural integrity under various loads. Its reliability makes it an essential component for any fleet [&hellip;]<\/p>","protected":false},"featured_media":17115,"comment_status":"open","ping_status":"closed","template":"","meta":{"_et_pb_use_builder":"","_et_pb_old_content":"","_et_gb_content_width":""},"product_brand":[],"product_cat":[1514,1549,1376],"product_tag":[],"class_list":{"0":"post-17102","1":"product","2":"type-product","3":"status-publish","4":"has-post-thumbnail","6":"product_cat-mobile-crane-hydraulic-cylinders","7":"product_cat-single-acting-hydraulic-cylinder","8":"product_cat-hydraulic-cylinder","10":"first","11":"instock","12":"shipping-taxable","13":"product-type-simple"},"amp_enabled":true,"_links":{"self":[{"href":"https:\/\/www.hydraulic-cylinders.net\/ro\/wp-json\/wp\/v2\/product\/17102","targetHints":{"allow":["GET"]}}],"collection":[{"href":"https:\/\/www.hydraulic-cylinders.net\/ro\/wp-json\/wp\/v2\/product"}],"about":[{"href":"https:\/\/www.hydraulic-cylinders.net\/ro\/wp-json\/wp\/v2\/types\/product"}],"replies":[{"embeddable":true,"href":"https:\/\/www.hydraulic-cylinders.net\/ro\/wp-json\/wp\/v2\/comments?post=17102"}],"wp:featuredmedia":[{"embeddable":true,"href":"https:\/\/www.hydraulic-cylinders.net\/ro\/wp-json\/wp\/v2\/media\/17115"}],"wp:attachment":[{"href":"https:\/\/www.hydraulic-cylinders.net\/ro\/wp-json\/wp\/v2\/media?parent=17102"}],"wp:term":[{"taxonomy":"product_brand","embeddable":true,"href":"https:\/\/www.hydraulic-cylinders.net\/ro\/wp-json\/wp\/v2\/product_brand?post=17102"},{"taxonomy":"product_cat","embeddable":true,"href":"https:\/\/www.hydraulic-cylinders.net\/ro\/wp-json\/wp\/v2\/product_cat?post=17102"},{"taxonomy":"product_tag","embeddable":true,"href":"https:\/\/www.hydraulic-cylinders.net\/ro\/wp-json\/wp\/v2\/product_tag?post=17102"}],"curies":[{"name":"wp","href":"https:\/\/api.w.org\/{rel}","templated":true}]}}