{"id":17116,"date":"2025-02-06T08:54:50","date_gmt":"2025-02-06T08:54:50","guid":{"rendered":"https:\/\/www.hydraulic-cylinders.net\/?post_type=product&#038;p=17116"},"modified":"2025-04-11T01:52:13","modified_gmt":"2025-04-11T01:52:13","slug":"hcyy11112024-front-cylinder-for-opening-rack-support-for-truck-cranes","status":"publish","type":"product","link":"https:\/\/www.hydraulic-cylinders.net\/ro\/produs\/hcyy11112024-front-cylinder-for-opening-rack-support-for-truck-cranes\/","title":{"rendered":"HCYY11112024 Cilindru frontal pentru deschiderea suportului de raft pentru macarale de camion"},"content":{"rendered":"<h1 style=\"text-align: center;\"><strong>HCYY11112024 Cilindru frontal pentru deschiderea suportului de raft pentru macarale de camion\u00a0<\/strong><\/h1>\n<h1 style=\"text-align: center;\"><strong><img loading=\"lazy\" decoding=\"async\" class=\"alignnone size-full wp-image-17118\" src=\"https:\/\/www.hydraulic-cylinders.net\/wp-content\/uploads\/2025\/02\/hcyy11112024-front-cylinder-for-opening-rack-support-2.webp\" alt=\"\" width=\"1495\" height=\"519\" srcset=\"https:\/\/www.hydraulic-cylinders.net\/wp-content\/uploads\/2025\/02\/hcyy11112024-front-cylinder-for-opening-rack-support-2.webp 1495w, https:\/\/www.hydraulic-cylinders.net\/wp-content\/uploads\/2025\/02\/hcyy11112024-front-cylinder-for-opening-rack-support-2-1280x444.webp 1280w, https:\/\/www.hydraulic-cylinders.net\/wp-content\/uploads\/2025\/02\/hcyy11112024-front-cylinder-for-opening-rack-support-2-980x340.webp 980w, https:\/\/www.hydraulic-cylinders.net\/wp-content\/uploads\/2025\/02\/hcyy11112024-front-cylinder-for-opening-rack-support-2-480x167.webp 480w\" sizes=\"(min-width: 0px) and (max-width: 480px) 480px, (min-width: 481px) and (max-width: 980px) 980px, (min-width: 981px) and (max-width: 1280px) 1280px, (min-width: 1281px) 1495px, 100vw\" \/><\/strong><\/h1>\n<p>Cel\/Cea\/Cei\/Cele <strong>Cilindru frontal HCYY11112024<\/strong> este o component\u0103 vital\u0103 special conceput\u0103 pentru macaralele de camion. Acest cilindru de \u00eenalt\u0103 performan\u021b\u0103 ofer\u0103 un suport robust pentru raftul de deschidere, sporind semnificativ at\u00e2t eficien\u021ba opera\u021bional\u0103, c\u00e2t \u0219i siguran\u021ba. Cu ingineria sa avansat\u0103, HCYY11112024 face fa\u021b\u0103 provoc\u0103rilor dificile ale sarcinilor de ridicare grele, ceea ce \u00eel face o alegere de \u00eencredere pentru operatorii din diverse sectoare industriale.<\/p>\n<p>Caracteristicile cheie ale cilindrului HCYY11112024 includ capacitatea sa mare de \u00eenc\u0103rcare, construc\u021bia durabil\u0103 \u0219i ingineria de precizie. Propriet\u0103\u021bile de rezisten\u021b\u0103 la coroziune ale cilindrului asigur\u0103 longevitatea, \u00een timp ce procesul de instalare u\u0219oar\u0103 \u00eel face un atu esen\u021bial pentru orice opera\u021biune cu macaraua.<\/p>\n<p>To maximize performance and extend the lifespan of this critical component, operators should incorporate regular maintenance and inspections. By choosing the HCYY11112024, you enhance your crane&#8217;s capabilities and ensure reliable performance in the field.<\/p>\n<h2><strong>HCYY11112024 Cilindru frontal pentru deschiderea suportului de raft pentru macarale de camion Parametru:<\/strong><\/h2>\n<h1 style=\"text-align: center;\"><strong><img loading=\"lazy\" decoding=\"async\" class=\"alignnone size-full wp-image-17117\" src=\"https:\/\/www.hydraulic-cylinders.net\/wp-content\/uploads\/2025\/02\/hcyy11112024-front-cylinder-for-opening-rack-support-1.webp\" alt=\"\" width=\"1514\" height=\"147\" srcset=\"https:\/\/www.hydraulic-cylinders.net\/wp-content\/uploads\/2025\/02\/hcyy11112024-front-cylinder-for-opening-rack-support-1.webp 1514w, https:\/\/www.hydraulic-cylinders.net\/wp-content\/uploads\/2025\/02\/hcyy11112024-front-cylinder-for-opening-rack-support-1-1280x124.webp 1280w, https:\/\/www.hydraulic-cylinders.net\/wp-content\/uploads\/2025\/02\/hcyy11112024-front-cylinder-for-opening-rack-support-1-980x95.webp 980w, https:\/\/www.hydraulic-cylinders.net\/wp-content\/uploads\/2025\/02\/hcyy11112024-front-cylinder-for-opening-rack-support-1-480x47.webp 480w\" sizes=\"(min-width: 0px) and (max-width: 480px) 480px, (min-width: 481px) and (max-width: 980px) 980px, (min-width: 981px) and (max-width: 1280px) 1280px, (min-width: 1281px) 1514px, 100vw\" \/><\/strong><\/h1>\n<h1 style=\"text-align: center;\"><strong> <img loading=\"lazy\" decoding=\"async\" class=\"alignnone size-full wp-image-17119\" src=\"https:\/\/www.hydraulic-cylinders.net\/wp-content\/uploads\/2025\/02\/hcyy11112024-front-cylinder-for-opening-rack-support-3.webp\" alt=\"\" width=\"1481\" height=\"710\" srcset=\"https:\/\/www.hydraulic-cylinders.net\/wp-content\/uploads\/2025\/02\/hcyy11112024-front-cylinder-for-opening-rack-support-3.webp 1481w, https:\/\/www.hydraulic-cylinders.net\/wp-content\/uploads\/2025\/02\/hcyy11112024-front-cylinder-for-opening-rack-support-3-1280x614.webp 1280w, https:\/\/www.hydraulic-cylinders.net\/wp-content\/uploads\/2025\/02\/hcyy11112024-front-cylinder-for-opening-rack-support-3-980x470.webp 980w, https:\/\/www.hydraulic-cylinders.net\/wp-content\/uploads\/2025\/02\/hcyy11112024-front-cylinder-for-opening-rack-support-3-480x230.webp 480w\" sizes=\"(min-width: 0px) and (max-width: 480px) 480px, (min-width: 481px) and (max-width: 980px) 980px, (min-width: 981px) and (max-width: 1280px) 1280px, (min-width: 1281px) 1481px, 100vw\" \/> <img loading=\"lazy\" decoding=\"async\" class=\"alignnone size-full wp-image-17120\" src=\"https:\/\/www.hydraulic-cylinders.net\/wp-content\/uploads\/2025\/02\/hcyy11112024-front-cylinder-for-opening-rack-support-4.webp\" alt=\"\" width=\"1477\" height=\"707\" srcset=\"https:\/\/www.hydraulic-cylinders.net\/wp-content\/uploads\/2025\/02\/hcyy11112024-front-cylinder-for-opening-rack-support-4.webp 1477w, https:\/\/www.hydraulic-cylinders.net\/wp-content\/uploads\/2025\/02\/hcyy11112024-front-cylinder-for-opening-rack-support-4-1280x613.webp 1280w, https:\/\/www.hydraulic-cylinders.net\/wp-content\/uploads\/2025\/02\/hcyy11112024-front-cylinder-for-opening-rack-support-4-980x469.webp 980w, https:\/\/www.hydraulic-cylinders.net\/wp-content\/uploads\/2025\/02\/hcyy11112024-front-cylinder-for-opening-rack-support-4-480x230.webp 480w\" sizes=\"(min-width: 0px) and (max-width: 480px) 480px, (min-width: 481px) and (max-width: 980px) 980px, (min-width: 981px) and (max-width: 1280px) 1280px, (min-width: 1281px) 1477px, 100vw\" \/> <img loading=\"lazy\" decoding=\"async\" class=\"alignnone size-full wp-image-17121\" src=\"https:\/\/www.hydraulic-cylinders.net\/wp-content\/uploads\/2025\/02\/hcyy11112024-front-cylinder-for-opening-rack-support-5.webp\" alt=\"\" width=\"1381\" height=\"712\" srcset=\"https:\/\/www.hydraulic-cylinders.net\/wp-content\/uploads\/2025\/02\/hcyy11112024-front-cylinder-for-opening-rack-support-5.webp 1381w, https:\/\/www.hydraulic-cylinders.net\/wp-content\/uploads\/2025\/02\/hcyy11112024-front-cylinder-for-opening-rack-support-5-1280x660.webp 1280w, https:\/\/www.hydraulic-cylinders.net\/wp-content\/uploads\/2025\/02\/hcyy11112024-front-cylinder-for-opening-rack-support-5-980x505.webp 980w, https:\/\/www.hydraulic-cylinders.net\/wp-content\/uploads\/2025\/02\/hcyy11112024-front-cylinder-for-opening-rack-support-5-480x247.webp 480w\" sizes=\"(min-width: 0px) and (max-width: 480px) 480px, (min-width: 481px) and (max-width: 980px) 980px, (min-width: 981px) and (max-width: 1280px) 1280px, (min-width: 1281px) 1381px, 100vw\" \/><\/strong><\/h1>\n<h2><strong>Serie de cilindri pentru macarale de camion:<\/strong><\/h2>\n<h2><img loading=\"lazy\" decoding=\"async\" class=\"alignnone size-full wp-image-17123\" src=\"https:\/\/www.hydraulic-cylinders.net\/wp-content\/uploads\/2025\/02\/cylinder-series-for-truck-cranes-2.webp\" alt=\"\" width=\"1240\" height=\"825\" srcset=\"https:\/\/www.hydraulic-cylinders.net\/wp-content\/uploads\/2025\/02\/cylinder-series-for-truck-cranes-2.webp 1240w, https:\/\/www.hydraulic-cylinders.net\/wp-content\/uploads\/2025\/02\/cylinder-series-for-truck-cranes-2-980x652.webp 980w, https:\/\/www.hydraulic-cylinders.net\/wp-content\/uploads\/2025\/02\/cylinder-series-for-truck-cranes-2-480x319.webp 480w\" sizes=\"(min-width: 0px) and (max-width: 480px) 480px, (min-width: 481px) and (max-width: 980px) 980px, (min-width: 981px) 1240px, 100vw\" \/><\/h2>\n<h2><strong>Caracteristici cheie ale cilindrului frontal HCYY11112024 pentru deschiderea suportului de raft pentru macarale de camion:<\/strong><\/h2>\n<h4><strong>Capacitate mare de \u00eenc\u0103rcare<\/strong><\/h4>\n<p>Cel\/Cea\/Cei\/Cele <strong>HCYY11112024<\/strong> este proiectat meticulos pentru a gestiona greut\u0103\u021bi substan\u021biale, fiind ideal pentru scenarii de ridicare solicitante. Capacitatea sa impresionant\u0103 de \u00eenc\u0103rcare permite operatorilor s\u0103 manipuleze materiale grele cu \u00eencredere, asigur\u00e2nd opera\u021biuni sigure \u0219i eficiente. Indiferent dac\u0103 ridic\u0103 materiale de construc\u021bii sau echipamente industriale, acest cilindru func\u021bioneaz\u0103 fiabil sub presiune, reduc\u00e2nd riscul de defec\u021biuni opera\u021bionale.<\/p>\n<h4><strong>Construc\u021bie durabil\u0103<\/strong><\/h4>\n<p>Fabricat din materiale de calitate premium, HCYY11112024 se m\u00e2ndre\u0219te cu o durabilitate excep\u021bional\u0103, rezist\u00e2nd la uzur\u0103 chiar \u0219i \u00een cele mai dure medii. Aceast\u0103 construc\u021bie robust\u0103 garanteaz\u0103 fiabilitate pe termen lung, permi\u021b\u00e2nd cilindrului s\u0103 reziste rigorilor utiliz\u0103rii zilnice, inclusiv expunerea la sarcini grele \u0219i condi\u021bii meteorologice extreme. Operatorii pot avea \u00eencredere c\u0103 aceast\u0103 component\u0103 \u00ee\u0219i va men\u021bine integritatea, contribuind la performan\u021ba \u0219i longevitatea general\u0103 a macaralei.<\/p>\n<h4><strong>Rezisten\u021b\u0103 la coroziune<\/strong><\/h4>\n<p>Echipat cu un strat protector, HCYY11112024 previne eficient rugina \u0219i coroziunea, aspecte cruciale pentru men\u021binerea unei performan\u021be constante \u00een timp. Aceast\u0103 caracteristic\u0103 este deosebit de benefic\u0103 pentru macaralele care opereaz\u0103 \u00een condi\u021bii dificile, cum ar fi mediile umede sau de coast\u0103. Prin protejarea cilindrului de elementele corozive, operatorii se pot bucura de lini\u0219te sufleteasc\u0103, \u0219tiind c\u0103 echipamentele lor vor r\u0103m\u00e2ne func\u021bionale \u0219i sigure, sporind eficien\u021ba opera\u021bional\u0103 general\u0103.<\/p>\n<h4><strong>Instalare u\u0219oar\u0103<\/strong><\/h4>\n<p>Conceput pentru o integrare simpl\u0103, HCYY11112024 minimizeaz\u0103 timpul de nefunc\u021bionare \u00een timpul instal\u0103rii. Designul s\u0103u u\u0219or de utilizat permite configurarea rapid\u0103 \u00een sistemele de macarale existente, permi\u021b\u00e2nd operatorilor s\u0103 se \u00eentoarc\u0103 prompt la lucru. Aceast\u0103 u\u0219urin\u021b\u0103 \u00een instalare reduce costurile cu for\u021ba de munc\u0103 \u0219i spore\u0219te productivitatea, ceea ce \u00eel face o op\u021biune atractiv\u0103 pentru companiile care doresc s\u0103 \u00ee\u0219i eficientizeze opera\u021biunile f\u0103r\u0103 a compromite calitatea.<\/p>\n<h4><strong>Inginerie de precizie<\/strong><\/h4>\n<p>Manufactured to exact specifications, the HCYY11112024 ensures optimal performance and compatibility with a wide range of truck crane models. This precision engineering translates to smoother operations and greater reliability, as the cylinder fits seamlessly into the crane&#8217;s hydraulic system. Operators can trust that every lift will be executed with accuracy, enhancing both safety and efficiency on the job site.<\/p>\n<p>Prin \u00eencorporarea acestor caracteristici remarcabile, cilindrul frontal HCYY11112024 nu numai c\u0103 \u00eembun\u0103t\u0103\u021be\u0219te capacit\u0103\u021bile macaralelor de camion, dar contribuie \u0219i la opera\u021biuni de ridicare mai sigure \u0219i mai eficiente \u00een diverse industrii.<\/p>\n<h2><strong>Cum \u00eembun\u0103t\u0103\u021be\u0219te rezisten\u021ba la coroziune a cilindrului frontal Hcyy11112024 performan\u021ba acestuia \u00een medii dificile?<\/strong><\/h2>\n<p>Rezisten\u021ba la coroziune a <strong>Cilindru frontal HCYY11112024<\/strong> \u00eembun\u0103t\u0103\u021be\u0219te semnificativ performan\u021ba sa \u00een medii dificile \u00een mai multe moduri:<\/p>\n<h4><strong>1. Longevitate \u0219i durabilitate<\/strong><\/h4>\n<ul>\n<li>Stratul protector previne rugina \u0219i deteriorarea, permi\u021b\u00e2nd cilindrului s\u0103 \u00ee\u0219i men\u021bin\u0103 integritatea structural\u0103 \u00een timp. Aceast\u0103 durabilitate este crucial\u0103 \u00een condi\u021bii dure, cum ar fi mediile de coast\u0103 sau industriale, unde expunerea la umiditate \u0219i substan\u021be corozive este frecvent\u0103.<\/li>\n<\/ul>\n<h4><strong>2. Performan\u021b\u0103 constant\u0103<\/strong><\/h4>\n<ul>\n<li>Datorit\u0103 rezisten\u021bei la coroziune, cilindrul func\u021bioneaz\u0103 f\u0103r\u0103 probleme, f\u0103r\u0103 riscul de defec\u021biuni legate de coroziune. Aceast\u0103 fiabilitate asigur\u0103 c\u0103 macaraua poate func\u021biona constant, chiar \u0219i \u00een situa\u021bii de ridicare dificile, reduc\u00e2nd probabilitatea unor perioade de nefunc\u021bionare opera\u021bional\u0103.<\/li>\n<\/ul>\n<h4><strong>3. Costuri de \u00eentre\u021binere reduse<\/strong><\/h4>\n<ul>\n<li>Materialele rezistente la coroziune necesit\u0103 \u00eentre\u021binere \u0219i \u00eenlocuire mai pu\u021bin frecvente. Aceast\u0103 rentabilitate aduce beneficii operatorilor prin minimizarea cheltuielilor de repara\u021bii \u0219i prelungirea duratei de via\u021b\u0103 totale a componentei.<\/li>\n<\/ul>\n<h4><strong>4. Siguran\u021b\u0103 sporit\u0103<\/strong><\/h4>\n<ul>\n<li>Prin prevenirea coroziunii, cilindrul \u00ee\u0219i men\u021bine rezisten\u021ba \u0219i func\u021bionalitatea. Aceast\u0103 fiabilitate este esen\u021bial\u0103 pentru asigurarea unor opera\u021biuni de ridicare \u00een siguran\u021b\u0103, deoarece componentele compromise pot duce la defec\u021biuni \u0219i accidente.<\/li>\n<\/ul>\n<h4><strong>5. Eficien\u021b\u0103 \u00eembun\u0103t\u0103\u021bit\u0103<\/strong><\/h4>\n<ul>\n<li>Un cilindru rezistent la coroziune contribuie la eficien\u021ba general\u0103 a sistemului de macara. Operatorii se pot concentra asupra sarcinilor lor f\u0103r\u0103 a-\u0219i face griji cu privire la poten\u021bialele defec\u021biuni ale echipamentelor, permi\u021b\u00e2nd opera\u021biuni mai line \u0219i mai productive.<\/li>\n<\/ul>\n<p>\u00cen concluzie, rezisten\u021ba la coroziune a cilindrului frontal HCYY11112024 nu numai c\u0103 \u00eei spore\u0219te durabilitatea \u0219i performan\u021ba, dar promoveaz\u0103 \u0219i siguran\u021ba \u0219i eficien\u021ba \u00een medii de lucru dificile.<\/p>\n<h2><strong>Zona de produc\u021bie a cilindrilor pentru stivuitoare:<\/strong><\/h2>\n<h2><img loading=\"lazy\" decoding=\"async\" class=\"alignnone size-full wp-image-16972\" src=\"https:\/\/www.hydraulic-cylinders.net\/wp-content\/uploads\/2025\/01\/hydraulic-cylinder-factory-1-scaled.webp\" alt=\"\" width=\"2016\" height=\"2560\" srcset=\"https:\/\/www.hydraulic-cylinders.net\/wp-content\/uploads\/2025\/01\/hydraulic-cylinder-factory-1-scaled.webp 2016w, https:\/\/www.hydraulic-cylinders.net\/wp-content\/uploads\/2025\/01\/hydraulic-cylinder-factory-1-1280x1625.webp 1280w, https:\/\/www.hydraulic-cylinders.net\/wp-content\/uploads\/2025\/01\/hydraulic-cylinder-factory-1-980x1244.webp 980w, https:\/\/www.hydraulic-cylinders.net\/wp-content\/uploads\/2025\/01\/hydraulic-cylinder-factory-1-480x610.webp 480w\" sizes=\"(min-width: 0px) and (max-width: 480px) 480px, (min-width: 481px) and (max-width: 980px) 980px, (min-width: 981px) and (max-width: 1280px) 1280px, (min-width: 1281px) 2016px, 100vw\" \/><\/h2>\n<p>Ne m\u00e2ndrim cu o platform\u0103 independent\u0103 de cercetare \u0219i dezvoltare de ultim\u0103 genera\u021bie dedicat\u0103 asambl\u0103rii, asigur\u00e2nd inova\u021bie \u0219i calitate de top \u00een procesele noastre de fabrica\u021bie. Atelierul nostru de produc\u021bie a cilindrilor pentru stivuitoare dispune de patru linii de asamblare semiautomate pentru cilindrii de ridicare \u0219i o linie de asamblare complet automat\u0103 pentru cilindrii de \u00eenclinare, proiectate \u00eempreun\u0103 pentru a produce p\u00e2n\u0103 la un milion de unit\u0103\u021bi anual.<\/p>\n<p>\u00cen plus, atelierul nostru specializat de cilindri este dotat cu sisteme semiautomate de cur\u0103\u021bare \u0219i asamblare adaptate la diverse specifica\u021bii, cu o capacitate anual\u0103 de produc\u021bie de 200.000 de buc\u0103\u021bi. Utiliz\u0103m echipamente CNC renumite, centre de prelucrare \u0219i unelte specializate pentru prelucrarea de \u00eenalt\u0103 precizie a cilindrilor. Facilitatea noastr\u0103 include, de asemenea, ma\u0219ini avansate de sudur\u0103 robotizat\u0103, sisteme automate de cur\u0103\u021bare \u0219i linii complet automatizate de asamblare \u0219i vopsire a cilindrilor. Cu peste 300 de echipamente cheie opera\u021bionale, optimiz\u0103m alocarea resurselor \u0219i asigur\u0103m o utilizare eficient\u0103, respect\u00e2nd standarde stricte de precizie \u0219i calitate.<\/p>\n<p>Atelierul nostru de prelucrare dispune de centre de strunjire personalizate cu ghidare \u00eenclinat\u0103, centre de prelucrare, ma\u0219ini de honuit de mare vitez\u0103, robo\u021bi de sudur\u0103 \u0219i alte echipamente esen\u021biale. Aceast\u0103 configura\u021bie ne permite s\u0103 prelucr\u0103m tuburi cilindrice cu un diametru interior maxim de 400 mm \u0219i lungimi de p\u00e2n\u0103 la 6 metri, sporind \u0219i mai mult capacit\u0103\u021bile noastre de produc\u021bie.<\/p>\n<h2><img loading=\"lazy\" decoding=\"async\" class=\"alignnone size-full wp-image-16973\" src=\"https:\/\/www.hydraulic-cylinders.net\/wp-content\/uploads\/2025\/01\/hydraulic-cylinder-factory-2-scaled.webp\" alt=\"\" width=\"2011\" height=\"2560\" srcset=\"https:\/\/www.hydraulic-cylinders.net\/wp-content\/uploads\/2025\/01\/hydraulic-cylinder-factory-2-scaled.webp 2011w, https:\/\/www.hydraulic-cylinders.net\/wp-content\/uploads\/2025\/01\/hydraulic-cylinder-factory-2-1280x1629.webp 1280w, https:\/\/www.hydraulic-cylinders.net\/wp-content\/uploads\/2025\/01\/hydraulic-cylinder-factory-2-980x1248.webp 980w, https:\/\/www.hydraulic-cylinders.net\/wp-content\/uploads\/2025\/01\/hydraulic-cylinder-factory-2-480x611.webp 480w\" sizes=\"(min-width: 0px) and (max-width: 480px) 480px, (min-width: 481px) and (max-width: 980px) 980px, (min-width: 981px) and (max-width: 1280px) 1280px, (min-width: 1281px) 2011px, 100vw\" \/><\/h2>\n<p>Oper\u0103m o linie de vopsire pe baz\u0103 de ap\u0103 complet automat\u0103, special conceput\u0103 pentru cilindri mici \u0219i medii, cu robo\u021bi automatiza\u021bi de \u00eenc\u0103rcare, desc\u0103rcare \u0219i pulverizare. Acest sistem de ultim\u0103 genera\u021bie se m\u00e2ndre\u0219te cu o capacitate de produc\u021bie de 4.000 de unit\u0103\u021bi pe schimb. \u00cen plus, avem o linie de vopsire semiautomat\u0103 pentru cilindri de dimensiuni mari, ac\u021bionat\u0103 de un lan\u021b, cu o capacitate proiectat\u0103 de 60 de l\u0103zi pe schimb.<\/p>\n<p>Pentru a \u00eembun\u0103t\u0103\u021bi performan\u021ba produselor \u0219i a ne consolida pozi\u021bia de lider \u00een industria cilindrilor hidraulici, am \u00eencheiat un parteneriat cu ZJIMEE pentru a \u00eenfiin\u021ba un laborator cuprinz\u0103tor de performan\u021b\u0103 dedicat cilindrilor, valvelor \u0219i pompelor hidraulice. Acest laborator avansat utilizeaz\u0103 testarea asistat\u0103 de computer cu tehnologie electrohidraulic\u0103, permi\u021b\u00e2nd condi\u021bii de testare prestabilite care \u00eembun\u0103t\u0103\u021besc precizia \u0219i versatilitatea sistemului. Procesul automat de colectare a datelor utilizeaz\u0103 senzori pentru a colecta date de ie\u0219ire, cum ar fi scurgerile interne \u0219i eficien\u021ba sarcinii, care sunt apoi procesate de un computer \u0219i convertite \u00een unit\u0103\u021bi standard (ml\/min%).<\/p>\n<p>\u00cen plus, pentru a asigura siguran\u021ba sistemelor noastre hidraulice, implement\u0103m monitorizarea st\u0103rii parametrilor cheie de performan\u021b\u0103, inclusiv temperatura uleiului, nivelul lichidului \u0219i starea dispozitivului de filtrare. Standul nostru de testare a cilindrilor hidraulici este capabil s\u0103 evalueze \u201eeficien\u021ba sarcinii\u201d \u0219i \u201escurgerile interne\u201d prin citiri precise. De asemenea, este echipat cu un instrument de m\u0103surare cu rigl\u0103 tip r\u0103z\u0103toare care \u00eendepline\u0219te standardele na\u021bionale, asigur\u00e2nd conformitatea cu toate cerin\u021bele de testare pentru produsele cu cilindri hidraulici.<\/p>\n<p>&nbsp;<\/p>","protected":false},"excerpt":{"rendered":"<p>HCYY11112024 Front Cylinder For Opening Rack Support For Truck Cranes\u00a0 The HCYY11112024 Front Cylinder is a vital component specifically engineered for truck cranes. This high-performance cylinder offers robust support for the opening rack, significantly enhancing both operational efficiency and safety. With its advanced engineering, the HCYY11112024 meets the demanding challenges of heavy lifting tasks, making [&hellip;]<\/p>","protected":false},"featured_media":17124,"comment_status":"open","ping_status":"closed","template":"","meta":{"_et_pb_use_builder":"","_et_pb_old_content":"","_et_gb_content_width":""},"product_brand":[],"product_cat":[1514,1549,1376],"product_tag":[],"class_list":{"0":"post-17116","1":"product","2":"type-product","3":"status-publish","4":"has-post-thumbnail","6":"product_cat-mobile-crane-hydraulic-cylinders","7":"product_cat-single-acting-hydraulic-cylinder","8":"product_cat-hydraulic-cylinder","10":"first","11":"instock","12":"shipping-taxable","13":"product-type-simple"},"amp_enabled":true,"_links":{"self":[{"href":"https:\/\/www.hydraulic-cylinders.net\/ro\/wp-json\/wp\/v2\/product\/17116","targetHints":{"allow":["GET"]}}],"collection":[{"href":"https:\/\/www.hydraulic-cylinders.net\/ro\/wp-json\/wp\/v2\/product"}],"about":[{"href":"https:\/\/www.hydraulic-cylinders.net\/ro\/wp-json\/wp\/v2\/types\/product"}],"replies":[{"embeddable":true,"href":"https:\/\/www.hydraulic-cylinders.net\/ro\/wp-json\/wp\/v2\/comments?post=17116"}],"wp:featuredmedia":[{"embeddable":true,"href":"https:\/\/www.hydraulic-cylinders.net\/ro\/wp-json\/wp\/v2\/media\/17124"}],"wp:attachment":[{"href":"https:\/\/www.hydraulic-cylinders.net\/ro\/wp-json\/wp\/v2\/media?parent=17116"}],"wp:term":[{"taxonomy":"product_brand","embeddable":true,"href":"https:\/\/www.hydraulic-cylinders.net\/ro\/wp-json\/wp\/v2\/product_brand?post=17116"},{"taxonomy":"product_cat","embeddable":true,"href":"https:\/\/www.hydraulic-cylinders.net\/ro\/wp-json\/wp\/v2\/product_cat?post=17116"},{"taxonomy":"product_tag","embeddable":true,"href":"https:\/\/www.hydraulic-cylinders.net\/ro\/wp-json\/wp\/v2\/product_tag?post=17116"}],"curies":[{"name":"wp","href":"https:\/\/api.w.org\/{rel}","templated":true}]}}