{"id":17125,"date":"2025-02-06T09:03:34","date_gmt":"2025-02-06T09:03:34","guid":{"rendered":"https:\/\/www.hydraulic-cylinders.net\/?post_type=product&#038;p=17125"},"modified":"2025-04-11T01:52:08","modified_gmt":"2025-04-11T01:52:08","slug":"hcyy11112025-front-cylinder-for-frame-support-for-truck-cranes","status":"publish","type":"product","link":"https:\/\/www.hydraulic-cylinders.net\/ro\/produs\/hcyy11112025-front-cylinder-for-frame-support-for-truck-cranes\/","title":{"rendered":"Cilindru frontal HCYY11112025 pentru suportul cadrului pentru macarale de camion"},"content":{"rendered":"<h1 style=\"text-align: center;\"><strong>Cilindru frontal HCYY11112025 pentru suportul cadrului pentru macarale de camion<\/strong><\/h1>\n<h1 style=\"text-align: center;\"><img loading=\"lazy\" decoding=\"async\" class=\"alignnone size-full wp-image-17127\" src=\"https:\/\/www.hydraulic-cylinders.net\/wp-content\/uploads\/2025\/02\/hcyy11112025-front-cylinder-for-frame-support-2.webp\" alt=\"\" width=\"1499\" height=\"515\" srcset=\"https:\/\/www.hydraulic-cylinders.net\/wp-content\/uploads\/2025\/02\/hcyy11112025-front-cylinder-for-frame-support-2.webp 1499w, https:\/\/www.hydraulic-cylinders.net\/wp-content\/uploads\/2025\/02\/hcyy11112025-front-cylinder-for-frame-support-2-1280x440.webp 1280w, https:\/\/www.hydraulic-cylinders.net\/wp-content\/uploads\/2025\/02\/hcyy11112025-front-cylinder-for-frame-support-2-980x337.webp 980w, https:\/\/www.hydraulic-cylinders.net\/wp-content\/uploads\/2025\/02\/hcyy11112025-front-cylinder-for-frame-support-2-480x165.webp 480w\" sizes=\"(min-width: 0px) and (max-width: 480px) 480px, (min-width: 481px) and (max-width: 980px) 980px, (min-width: 981px) and (max-width: 1280px) 1280px, (min-width: 1281px) 1499px, 100vw\" \/><\/h1>\n<p>Cel\/Cea\/Cei\/Cele <strong>Cilindru fa\u021b\u0103 HCYY11112025<\/strong> este o component\u0103 esen\u021bial\u0103 care \u00eembun\u0103t\u0103\u021be\u0219te semnificativ integritatea structural\u0103 \u0219i eficien\u021ba opera\u021bional\u0103 a macaralelor de camion. Acest cilindru de \u00eenalt\u0103 performan\u021b\u0103 ofer\u0103 un suport robust pentru cadrul macaralei, asigur\u00e2nd stabilitatea \u00een timpul opera\u021biunilor de ridicare. Proiectat pentru a satisface cerin\u021bele stricte ale diverselor aplica\u021bii industriale, HCYY11112025 este un atu vital pentru operatori.<\/p>\n<p>Ceea ce diferen\u021biaz\u0103 modelul HCYY11112025 este capacitatea sa impresionant\u0103 de \u00eenc\u0103rcare, construc\u021bia durabil\u0103 \u0219i ingineria de precizie. Caracteristicile sale rezistente la coroziune asigur\u0103 longevitatea, \u00een timp ce procesul simplu de instalare \u00eel face indispensabil pentru orice opera\u021biune cu macaraua.<\/p>\n<p>Prin implementarea unor \u00eentre\u021bineri \u0219i inspec\u021bii regulate, operatorii pot optimiza performan\u021ba \u0219i pot prelungi durata de via\u021b\u0103 a acestei componente critice, asigur\u00e2nd opera\u021biuni de ridicare sigure \u0219i eficiente. Investi\u021bia \u00een HCYY11112025 nu numai c\u0103 \u00eembun\u0103t\u0103\u021be\u0219te capacit\u0103\u021bile macaralei dumneavoastr\u0103, dar spore\u0219te \u0219i fiabilitatea pe teren, ceea ce o face o alegere inteligent\u0103 pentru orice opera\u021biune.<\/p>\n<h2><strong>Cilindru frontal HCYY11112025 pentru suportul cadrului pentru macarale de camion Parametru:<\/strong><\/h2>\n<h1 style=\"text-align: center;\"><img loading=\"lazy\" decoding=\"async\" class=\"alignnone size-full wp-image-17126\" src=\"https:\/\/www.hydraulic-cylinders.net\/wp-content\/uploads\/2025\/02\/hcyy11112025-front-cylinder-for-frame-support-1.webp\" alt=\"\" width=\"1512\" height=\"145\" srcset=\"https:\/\/www.hydraulic-cylinders.net\/wp-content\/uploads\/2025\/02\/hcyy11112025-front-cylinder-for-frame-support-1.webp 1512w, https:\/\/www.hydraulic-cylinders.net\/wp-content\/uploads\/2025\/02\/hcyy11112025-front-cylinder-for-frame-support-1-1280x123.webp 1280w, https:\/\/www.hydraulic-cylinders.net\/wp-content\/uploads\/2025\/02\/hcyy11112025-front-cylinder-for-frame-support-1-980x94.webp 980w, https:\/\/www.hydraulic-cylinders.net\/wp-content\/uploads\/2025\/02\/hcyy11112025-front-cylinder-for-frame-support-1-480x46.webp 480w\" sizes=\"(min-width: 0px) and (max-width: 480px) 480px, (min-width: 481px) and (max-width: 980px) 980px, (min-width: 981px) and (max-width: 1280px) 1280px, (min-width: 1281px) 1512px, 100vw\" \/><img loading=\"lazy\" decoding=\"async\" class=\"alignnone size-full wp-image-17128\" src=\"https:\/\/www.hydraulic-cylinders.net\/wp-content\/uploads\/2025\/02\/hcyy11112025-front-cylinder-for-frame-support-3.webp\" alt=\"\" width=\"1471\" height=\"704\" srcset=\"https:\/\/www.hydraulic-cylinders.net\/wp-content\/uploads\/2025\/02\/hcyy11112025-front-cylinder-for-frame-support-3.webp 1471w, https:\/\/www.hydraulic-cylinders.net\/wp-content\/uploads\/2025\/02\/hcyy11112025-front-cylinder-for-frame-support-3-1280x613.webp 1280w, https:\/\/www.hydraulic-cylinders.net\/wp-content\/uploads\/2025\/02\/hcyy11112025-front-cylinder-for-frame-support-3-980x469.webp 980w, https:\/\/www.hydraulic-cylinders.net\/wp-content\/uploads\/2025\/02\/hcyy11112025-front-cylinder-for-frame-support-3-480x230.webp 480w\" sizes=\"(min-width: 0px) and (max-width: 480px) 480px, (min-width: 481px) and (max-width: 980px) 980px, (min-width: 981px) and (max-width: 1280px) 1280px, (min-width: 1281px) 1471px, 100vw\" \/> <img loading=\"lazy\" decoding=\"async\" class=\"alignnone size-full wp-image-17129\" src=\"https:\/\/www.hydraulic-cylinders.net\/wp-content\/uploads\/2025\/02\/hcyy11112025-front-cylinder-for-frame-support-4.webp\" alt=\"\" width=\"1476\" height=\"701\" srcset=\"https:\/\/www.hydraulic-cylinders.net\/wp-content\/uploads\/2025\/02\/hcyy11112025-front-cylinder-for-frame-support-4.webp 1476w, https:\/\/www.hydraulic-cylinders.net\/wp-content\/uploads\/2025\/02\/hcyy11112025-front-cylinder-for-frame-support-4-1280x608.webp 1280w, https:\/\/www.hydraulic-cylinders.net\/wp-content\/uploads\/2025\/02\/hcyy11112025-front-cylinder-for-frame-support-4-980x465.webp 980w, https:\/\/www.hydraulic-cylinders.net\/wp-content\/uploads\/2025\/02\/hcyy11112025-front-cylinder-for-frame-support-4-480x228.webp 480w\" sizes=\"(min-width: 0px) and (max-width: 480px) 480px, (min-width: 481px) and (max-width: 980px) 980px, (min-width: 981px) and (max-width: 1280px) 1280px, (min-width: 1281px) 1476px, 100vw\" \/> <img loading=\"lazy\" decoding=\"async\" class=\"alignnone size-full wp-image-17130\" src=\"https:\/\/www.hydraulic-cylinders.net\/wp-content\/uploads\/2025\/02\/hcyy11112025-front-cylinder-for-frame-support-5.webp\" alt=\"\" width=\"1410\" height=\"676\" srcset=\"https:\/\/www.hydraulic-cylinders.net\/wp-content\/uploads\/2025\/02\/hcyy11112025-front-cylinder-for-frame-support-5.webp 1410w, https:\/\/www.hydraulic-cylinders.net\/wp-content\/uploads\/2025\/02\/hcyy11112025-front-cylinder-for-frame-support-5-1280x614.webp 1280w, https:\/\/www.hydraulic-cylinders.net\/wp-content\/uploads\/2025\/02\/hcyy11112025-front-cylinder-for-frame-support-5-980x470.webp 980w, https:\/\/www.hydraulic-cylinders.net\/wp-content\/uploads\/2025\/02\/hcyy11112025-front-cylinder-for-frame-support-5-480x230.webp 480w\" sizes=\"(min-width: 0px) and (max-width: 480px) 480px, (min-width: 481px) and (max-width: 980px) 980px, (min-width: 981px) and (max-width: 1280px) 1280px, (min-width: 1281px) 1410px, 100vw\" \/><\/h1>\n<h2><strong>Serie de cilindri pentru macarale de camion:<\/strong><\/h2>\n<h2><img loading=\"lazy\" decoding=\"async\" class=\"alignnone size-full wp-image-17123\" src=\"https:\/\/www.hydraulic-cylinders.net\/wp-content\/uploads\/2025\/02\/cylinder-series-for-truck-cranes-2.webp\" alt=\"\" width=\"1240\" height=\"825\" srcset=\"https:\/\/www.hydraulic-cylinders.net\/wp-content\/uploads\/2025\/02\/cylinder-series-for-truck-cranes-2.webp 1240w, https:\/\/www.hydraulic-cylinders.net\/wp-content\/uploads\/2025\/02\/cylinder-series-for-truck-cranes-2-980x652.webp 980w, https:\/\/www.hydraulic-cylinders.net\/wp-content\/uploads\/2025\/02\/cylinder-series-for-truck-cranes-2-480x319.webp 480w\" sizes=\"(min-width: 0px) and (max-width: 480px) 480px, (min-width: 481px) and (max-width: 980px) 980px, (min-width: 981px) 1240px, 100vw\" \/><\/h2>\n<h2><strong>Caracteristici cheie ale cilindrului frontal HCYY11112025 pentru suportul cadrului macaralelor de camion:<\/strong><\/h2>\n<h4><strong>Capacitate mare de \u00eenc\u0103rcare<\/strong><\/h4>\n<p>Cel\/Cea\/Cei\/Cele <strong>HCYY11112025<\/strong> este proiectat meticulos pentru a suporta greut\u0103\u021bi semnificative, fiind alegerea perfect\u0103 pentru scenarii solicitante de ridicare a greut\u0103\u021bilor mari. Aceast\u0103 capacitate mare de \u00eenc\u0103rcare asigur\u0103 c\u0103 operatorii pot manipula cu \u00eencredere materiale mari, de la echipamente de construc\u021bii la componente industriale, f\u0103r\u0103 a compromite siguran\u021ba sau performan\u021ba. Designul s\u0103u robust minimizeaz\u0103 riscul de defec\u021biune, permi\u021b\u00e2nd opera\u021biuni mai eficiente \u00een medii de \u00eenalt\u0103 presiune.<\/p>\n<h4><strong>Construc\u021bie durabil\u0103<\/strong><\/h4>\n<p>Fabricat din materiale de calitate premium, HCYY11112025 se m\u00e2ndre\u0219te cu o construc\u021bie rezistent\u0103 la uzur\u0103, asigur\u00e2nd o longevitate excep\u021bional\u0103 chiar \u0219i \u00een cele mai dificile condi\u021bii. Aceast\u0103 durabilitate \u00eenseamn\u0103 \u00eenlocuiri \u0219i repara\u021bii mai pu\u021bin frecvente, ceea ce se traduce prin costuri opera\u021bionale mai mici pentru companii. Rezist\u00e2nd la temperaturi extreme, sarcini grele \u0219i factori de mediu dificili, acest cilindru este construit pentru a func\u021biona \u00een mod fiabil zi de zi.<\/p>\n<h4><strong>Rezisten\u021b\u0103 la coroziune<\/strong><\/h4>\n<p>Echipat cu un strat protector specializat, HCYY11112025 previne eficient rugina \u0219i coroziunea, vitale pentru men\u021binerea unei performan\u021be constante \u00een timp. Aceast\u0103 caracteristic\u0103 este deosebit de benefic\u0103 pentru macaralele care func\u021bioneaz\u0103 \u00een medii umede sau corozive, cum ar fi loca\u021biile de coast\u0103 sau siturile industriale. Prin protejarea cilindrului de efectele d\u0103un\u0103toare ale intemperiilor, operatorii se pot bucura de lini\u0219te sufleteasc\u0103, \u0219tiind c\u0103 echipamentul lor \u00ee\u0219i va men\u021bine integritatea \u0219i func\u021bionalitatea, sporind eficien\u021ba opera\u021bional\u0103 general\u0103.<\/p>\n<h4><strong>Instalare u\u0219oar\u0103<\/strong><\/h4>\n<p>HCYY11112025 este conceput pentru o integrare simpl\u0103 \u00een sistemele de macarale existente, ceea ce reduce semnificativ timpul de nefunc\u021bionare \u00een timpul instal\u0103rii. Operatorii pot \u00eenlocui rapid cilindrii vechi cu HCYY11112025, permi\u021b\u00e2ndu-le s\u0103 se \u00eentoarc\u0103 la lucru f\u0103r\u0103 \u00eentreruperi lungi. Acest proces de instalare u\u0219or de utilizat nu numai c\u0103 economise\u0219te timp, dar reduce \u0219i costurile cu for\u021ba de munc\u0103, ceea ce \u00eel face o op\u021biune atractiv\u0103 pentru companiile care doresc s\u0103 \u00ee\u0219i eficientizeze opera\u021biunile.<\/p>\n<h4><strong>Inginerie de precizie<\/strong><\/h4>\n<p>Fabricat conform specifica\u021biilor exacte, HCYY11112025 asigur\u0103 performan\u021be optime \u0219i compatibilitate cu o gam\u0103 larg\u0103 de modele de macarale. Aceast\u0103 inginerie de precizie se traduce prin opera\u021biuni mai line \u0219i o fiabilitate sporit\u0103, deoarece cilindrul se integreaz\u0103 perfect \u00een sistemul hidraulic al macaralei. Operatorii pot avea \u00eencredere c\u0103 fiecare ridicare va fi executat\u0103 cu precizie, sporind at\u00e2t siguran\u021ba, c\u00e2t \u0219i eficien\u021ba pe \u0219antier. Investind \u00eentr-o component\u0103 proiectat\u0103 meticulos, precum HCYY11112025, companiile \u00ee\u0219i pot ridica standardele opera\u021bionale \u0219i pot ob\u021bine rezultate superioare.<\/p>\n<h2><strong>Ce rol joac\u0103 cilindrul frontal pentru suportul cadrului \u00een \u00eembun\u0103t\u0103\u021birea stabilit\u0103\u021bii macaralelor de camion \u00een timpul opera\u021biunilor de ridicare?<\/strong><\/h2>\n<p>Cel\/Cea\/Cei\/Cele <strong>Cilindru frontal pentru suportul cadrului<\/strong> este o component\u0103 esen\u021bial\u0103 care \u00eembun\u0103t\u0103\u021be\u0219te semnificativ stabilitatea macaralelor auto \u00een timpul opera\u021biunilor de ridicare. Impactul s\u0103u poate fi explorat prin intermediul mai multor func\u021bii critice:<\/p>\n<h4><strong>1. Distribu\u021bia greut\u0103\u021bii<\/strong><\/h4>\n<ul>\n<li>Cilindrul frontal joac\u0103 un rol crucial \u00een distribuirea uniform\u0103 a sarcinii pe cadrul macaralei. Aceast\u0103 distribu\u021bie echilibrat\u0103 este vital\u0103, \u00een special la manipularea sarcinilor grele sau neuniforme, deoarece previne solicitarea excesiv\u0103 \u00een orice punct. Prin men\u021binerea echilibrului, cilindrul ajut\u0103 macaraua s\u0103 func\u021bioneze eficient \u0219i reduce riscul de defec\u021biuni structurale.<\/li>\n<\/ul>\n<h4><strong>2. Armare structural\u0103<\/strong><\/h4>\n<ul>\n<li>Ac\u021bion\u00e2nd ca element structural cheie, cilindrul frontal consolideaz\u0103 integritatea general\u0103 a cadrului macaralei. Aceast\u0103 ranforsare este esen\u021bial\u0103 pentru prevenirea \u00eendoirii sau \u00eendoirii sub sarcin\u0103, ceea ce poate duce la instabilitate. Cu un cadru robust, macaraua poate gestiona diverse sarcini de ridicare cu \u00eencredere, asigur\u00e2nd fiabilitate \u0219i longevitate.<\/li>\n<\/ul>\n<h4><strong>3. Absorb\u021bia \u0219ocurilor<\/strong><\/h4>\n<ul>\n<li>Una dintre func\u021biile importante ale cilindrului este capacitatea sa de a absorbi \u0219ocurile \u0219i vibra\u021biile generate \u00een timpul opera\u021biunilor de ridicare \u0219i cobor\u00e2re. Prin amortizarea acestor for\u021be, cilindrul minimizeaz\u0103 impactul lor asupra structurii macaralei. Aceast\u0103 absorb\u021bie a \u0219ocurilor nu numai c\u0103 \u00eembun\u0103t\u0103\u021be\u0219te stabilitatea, dar contribuie \u0219i la opera\u021biuni mai line, reduc\u00e2nd uzura echipamentului.<\/li>\n<\/ul>\n<h4><strong>4. Control \u00eembun\u0103t\u0103\u021bit<\/strong><\/h4>\n<ul>\n<li>Suportul fiabil oferit de cilindrul frontal \u00eembun\u0103t\u0103\u021be\u0219te controlul macaralei \u00een timpul manevrelor de ridicare. Operatorii beneficiaz\u0103 de o precizie sporit\u0103, permi\u021b\u00e2ndu-le s\u0103 execute mi\u0219c\u0103ri delicate f\u0103r\u0103 riscul de r\u0103sturnare sau de pierdere a echilibrului. Acest control \u00eembun\u0103t\u0103\u021bit este deosebit de avantajos \u00een scenariile complexe de ridicare \u00een care precizia este primordial\u0103.<\/li>\n<\/ul>\n<h4><strong>5. Siguran\u021b\u0103 sporit\u0103<\/strong><\/h4>\n<ul>\n<li>Stabilitatea este direct legat\u0103 de siguran\u021ba la \u0219antier. O macara bine sus\u021binut\u0103 reduce semnificativ riscul de accidente \u0219i r\u0103niri, protej\u00e2nd at\u00e2t operatorii, c\u00e2t \u0219i persoanele din jur. Rolul esen\u021bial al cilindrului frontal \u00een men\u021binerea stabilit\u0103\u021bii asigur\u0103 c\u0103 opera\u021biunile de ridicare pot fi efectuate cu \u00eencredere, promov\u00e2nd un mediu de lucru mai sigur.<\/li>\n<\/ul>\n<h4><strong>6. Eficien\u021b\u0103 opera\u021bional\u0103<\/strong><\/h4>\n<ul>\n<li>Prin asigurarea stabilit\u0103\u021bii \u0219i a controlului, cilindrul frontal contribuie la o eficien\u021b\u0103 opera\u021bional\u0103 mai mare. Macaralele pot finaliza sarcinile de ridicare mai rapid \u0219i mai precis, rezult\u00e2nd o productivitate sporit\u0103. Aceast\u0103 eficien\u021b\u0103 nu numai c\u0103 economise\u0219te timp, dar reduce \u0219i costurile opera\u021bionale, ceea ce o face o investi\u021bie valoroas\u0103 pentru orice opera\u021biune cu macaraua.<\/li>\n<\/ul>\n<p>\u00cen concluzie, <strong>Cilindru frontal pentru suportul cadrului<\/strong> este indispensabil\u0103 pentru \u00eembun\u0103t\u0103\u021birea stabilit\u0103\u021bii \u0219i siguran\u021bei macaralelor de camion \u00een timpul opera\u021biunilor de ridicare. Func\u021biile sale - distribu\u021bia greut\u0103\u021bii, ranforsarea structural\u0103, absorb\u021bia \u0219ocurilor, controlul \u00eembun\u0103t\u0103\u021bit \u0219i eficien\u021ba opera\u021bional\u0103 general\u0103 - se combin\u0103 pentru a crea o solu\u021bie de ridicare fiabil\u0103. Investi\u021bia \u00eentr-un cilindru frontal de calitate nu numai c\u0103 optimizeaz\u0103 performan\u021ba, dar asigur\u0103 \u0219i un loc de munc\u0103 mai sigur \u0219i mai productiv.<\/p>\n<h2><strong>Zona de produc\u021bie a cilindrilor pentru stivuitoare:<\/strong><\/h2>\n<h2><img loading=\"lazy\" decoding=\"async\" class=\"alignnone size-full wp-image-16972\" src=\"https:\/\/www.hydraulic-cylinders.net\/wp-content\/uploads\/2025\/01\/hydraulic-cylinder-factory-1-scaled.webp\" alt=\"\" width=\"2016\" height=\"2560\" srcset=\"https:\/\/www.hydraulic-cylinders.net\/wp-content\/uploads\/2025\/01\/hydraulic-cylinder-factory-1-scaled.webp 2016w, https:\/\/www.hydraulic-cylinders.net\/wp-content\/uploads\/2025\/01\/hydraulic-cylinder-factory-1-1280x1625.webp 1280w, https:\/\/www.hydraulic-cylinders.net\/wp-content\/uploads\/2025\/01\/hydraulic-cylinder-factory-1-980x1244.webp 980w, https:\/\/www.hydraulic-cylinders.net\/wp-content\/uploads\/2025\/01\/hydraulic-cylinder-factory-1-480x610.webp 480w\" sizes=\"(min-width: 0px) and (max-width: 480px) 480px, (min-width: 481px) and (max-width: 980px) 980px, (min-width: 981px) and (max-width: 1280px) 1280px, (min-width: 1281px) 2016px, 100vw\" \/><\/h2>\n<p>Ne m\u00e2ndrim cu o platform\u0103 independent\u0103 de cercetare \u0219i dezvoltare de ultim\u0103 genera\u021bie dedicat\u0103 asambl\u0103rii, asigur\u00e2nd inova\u021bie \u0219i calitate de top \u00een procesele noastre de fabrica\u021bie. Atelierul nostru de produc\u021bie a cilindrilor pentru stivuitoare dispune de patru linii de asamblare semiautomate pentru cilindrii de ridicare \u0219i o linie de asamblare complet automat\u0103 pentru cilindrii de \u00eenclinare, proiectate \u00eempreun\u0103 pentru a produce p\u00e2n\u0103 la un milion de unit\u0103\u021bi anual.<\/p>\n<p>\u00cen plus, atelierul nostru specializat de cilindri este dotat cu sisteme semiautomate de cur\u0103\u021bare \u0219i asamblare adaptate la diverse specifica\u021bii, cu o capacitate anual\u0103 de produc\u021bie de 200.000 de buc\u0103\u021bi. Utiliz\u0103m echipamente CNC renumite, centre de prelucrare \u0219i unelte specializate pentru prelucrarea de \u00eenalt\u0103 precizie a cilindrilor. Facilitatea noastr\u0103 include, de asemenea, ma\u0219ini avansate de sudur\u0103 robotizat\u0103, sisteme automate de cur\u0103\u021bare \u0219i linii complet automatizate de asamblare \u0219i vopsire a cilindrilor. Cu peste 300 de echipamente cheie opera\u021bionale, optimiz\u0103m alocarea resurselor \u0219i asigur\u0103m o utilizare eficient\u0103, respect\u00e2nd standarde stricte de precizie \u0219i calitate.<\/p>\n<p>Atelierul nostru de prelucrare dispune de centre de strunjire personalizate cu ghidare \u00eenclinat\u0103, centre de prelucrare, ma\u0219ini de honuit de mare vitez\u0103, robo\u021bi de sudur\u0103 \u0219i alte echipamente esen\u021biale. Aceast\u0103 configura\u021bie ne permite s\u0103 prelucr\u0103m tuburi cilindrice cu un diametru interior maxim de 400 mm \u0219i lungimi de p\u00e2n\u0103 la 6 metri, sporind \u0219i mai mult capacit\u0103\u021bile noastre de produc\u021bie.<\/p>\n<h2><img loading=\"lazy\" decoding=\"async\" class=\"alignnone size-full wp-image-16973\" src=\"https:\/\/www.hydraulic-cylinders.net\/wp-content\/uploads\/2025\/01\/hydraulic-cylinder-factory-2-scaled.webp\" alt=\"\" width=\"2011\" height=\"2560\" srcset=\"https:\/\/www.hydraulic-cylinders.net\/wp-content\/uploads\/2025\/01\/hydraulic-cylinder-factory-2-scaled.webp 2011w, https:\/\/www.hydraulic-cylinders.net\/wp-content\/uploads\/2025\/01\/hydraulic-cylinder-factory-2-1280x1629.webp 1280w, https:\/\/www.hydraulic-cylinders.net\/wp-content\/uploads\/2025\/01\/hydraulic-cylinder-factory-2-980x1248.webp 980w, https:\/\/www.hydraulic-cylinders.net\/wp-content\/uploads\/2025\/01\/hydraulic-cylinder-factory-2-480x611.webp 480w\" sizes=\"(min-width: 0px) and (max-width: 480px) 480px, (min-width: 481px) and (max-width: 980px) 980px, (min-width: 981px) and (max-width: 1280px) 1280px, (min-width: 1281px) 2011px, 100vw\" \/><\/h2>\n<p>Oper\u0103m o linie de vopsire pe baz\u0103 de ap\u0103 complet automat\u0103, special conceput\u0103 pentru cilindri mici \u0219i medii, cu robo\u021bi automatiza\u021bi de \u00eenc\u0103rcare, desc\u0103rcare \u0219i pulverizare. Acest sistem de ultim\u0103 genera\u021bie se m\u00e2ndre\u0219te cu o capacitate de produc\u021bie de 4.000 de unit\u0103\u021bi pe schimb. \u00cen plus, avem o linie de vopsire semiautomat\u0103 pentru cilindri de dimensiuni mari, ac\u021bionat\u0103 de un lan\u021b, cu o capacitate proiectat\u0103 de 60 de l\u0103zi pe schimb.<\/p>\n<p>Pentru a \u00eembun\u0103t\u0103\u021bi performan\u021ba produselor \u0219i a ne consolida pozi\u021bia de lider \u00een industria cilindrilor hidraulici, am \u00eencheiat un parteneriat cu ZJIMEE pentru a \u00eenfiin\u021ba un laborator cuprinz\u0103tor de performan\u021b\u0103 dedicat cilindrilor, valvelor \u0219i pompelor hidraulice. Acest laborator avansat utilizeaz\u0103 testarea asistat\u0103 de computer cu tehnologie electrohidraulic\u0103, permi\u021b\u00e2nd condi\u021bii de testare prestabilite care \u00eembun\u0103t\u0103\u021besc precizia \u0219i versatilitatea sistemului. Procesul automat de colectare a datelor utilizeaz\u0103 senzori pentru a colecta date de ie\u0219ire, cum ar fi scurgerile interne \u0219i eficien\u021ba sarcinii, care sunt apoi procesate de un computer \u0219i convertite \u00een unit\u0103\u021bi standard (ml\/min%).<\/p>\n<p>\u00cen plus, pentru a asigura siguran\u021ba sistemelor noastre hidraulice, implement\u0103m monitorizarea st\u0103rii parametrilor cheie de performan\u021b\u0103, inclusiv temperatura uleiului, nivelul lichidului \u0219i starea dispozitivului de filtrare. Standul nostru de testare a cilindrilor hidraulici este capabil s\u0103 evalueze \u201eeficien\u021ba sarcinii\u201d \u0219i \u201escurgerile interne\u201d prin citiri precise. De asemenea, este echipat cu un instrument de m\u0103surare cu rigl\u0103 tip r\u0103z\u0103toare care \u00eendepline\u0219te standardele na\u021bionale, asigur\u00e2nd conformitatea cu toate cerin\u021bele de testare pentru produsele cu cilindri hidraulici.<\/p>\n<p>&nbsp;<\/p>","protected":false},"excerpt":{"rendered":"<p>HCYY11112025 Front Cylinder For Frame Support For Truck Cranes The HCYY11112025 Front Cylinder is an essential component that significantly enhances the structural integrity and operational efficiency of truck cranes. This high-performance cylinder delivers robust support for the crane&#8217;s frame, ensuring stability during lifting operations. Engineered to meet the stringent demands of various industrial applications, the [&hellip;]<\/p>","protected":false},"featured_media":17131,"comment_status":"open","ping_status":"closed","template":"","meta":{"_et_pb_use_builder":"","_et_pb_old_content":"","_et_gb_content_width":""},"product_brand":[],"product_cat":[1514,1549,1376],"product_tag":[],"class_list":{"0":"post-17125","1":"product","2":"type-product","3":"status-publish","4":"has-post-thumbnail","6":"product_cat-mobile-crane-hydraulic-cylinders","7":"product_cat-single-acting-hydraulic-cylinder","8":"product_cat-hydraulic-cylinder","10":"first","11":"instock","12":"shipping-taxable","13":"product-type-simple"},"amp_enabled":true,"_links":{"self":[{"href":"https:\/\/www.hydraulic-cylinders.net\/ro\/wp-json\/wp\/v2\/product\/17125","targetHints":{"allow":["GET"]}}],"collection":[{"href":"https:\/\/www.hydraulic-cylinders.net\/ro\/wp-json\/wp\/v2\/product"}],"about":[{"href":"https:\/\/www.hydraulic-cylinders.net\/ro\/wp-json\/wp\/v2\/types\/product"}],"replies":[{"embeddable":true,"href":"https:\/\/www.hydraulic-cylinders.net\/ro\/wp-json\/wp\/v2\/comments?post=17125"}],"wp:featuredmedia":[{"embeddable":true,"href":"https:\/\/www.hydraulic-cylinders.net\/ro\/wp-json\/wp\/v2\/media\/17131"}],"wp:attachment":[{"href":"https:\/\/www.hydraulic-cylinders.net\/ro\/wp-json\/wp\/v2\/media?parent=17125"}],"wp:term":[{"taxonomy":"product_brand","embeddable":true,"href":"https:\/\/www.hydraulic-cylinders.net\/ro\/wp-json\/wp\/v2\/product_brand?post=17125"},{"taxonomy":"product_cat","embeddable":true,"href":"https:\/\/www.hydraulic-cylinders.net\/ro\/wp-json\/wp\/v2\/product_cat?post=17125"},{"taxonomy":"product_tag","embeddable":true,"href":"https:\/\/www.hydraulic-cylinders.net\/ro\/wp-json\/wp\/v2\/product_tag?post=17125"}],"curies":[{"name":"wp","href":"https:\/\/api.w.org\/{rel}","templated":true}]}}