{"id":17147,"date":"2025-02-07T06:47:22","date_gmt":"2025-02-07T06:47:22","guid":{"rendered":"https:\/\/www.hydraulic-cylinders.net\/?post_type=product&#038;p=17147"},"modified":"2025-04-15T05:52:21","modified_gmt":"2025-04-15T05:52:21","slug":"wind-power-series-cylinders","status":"publish","type":"product","link":"https:\/\/www.hydraulic-cylinders.net\/ro\/produs\/wind-power-series-cylinders\/","title":{"rendered":"Cilindri din seria de energie eolian\u0103"},"content":{"rendered":"<h1 style=\"text-align: center;\"><strong>Cilindri din seria de energie eolian\u0103<\/strong><\/h1>\n<h1 style=\"text-align: center;\">\u00a0<img loading=\"lazy\" decoding=\"async\" class=\"alignnone size-full wp-image-17149\" src=\"https:\/\/www.hydraulic-cylinders.net\/wp-content\/uploads\/2025\/02\/wind_power_series_cylinders-1-removebg-preview.webp\" alt=\"\" width=\"644\" height=\"644\" srcset=\"https:\/\/www.hydraulic-cylinders.net\/wp-content\/uploads\/2025\/02\/wind_power_series_cylinders-1-removebg-preview.webp 644w, https:\/\/www.hydraulic-cylinders.net\/wp-content\/uploads\/2025\/02\/wind_power_series_cylinders-1-removebg-preview-480x480.webp 480w\" sizes=\"(min-width: 0px) and (max-width: 480px) 480px, (min-width: 481px) 644px, 100vw\" \/><\/h1>\n<p>Cel\/Cea\/Cei\/Cele <strong>Cilindri din seria de energie eolian\u0103<\/strong> sunt special proiecta\u021bi pentru sectorul energiei eoliene, oferind performan\u021be fiabile \u0219i eficiente \u00een diverse aplica\u021bii. Ace\u0219ti cilindri joac\u0103 un rol vital \u00een controlul mecanismelor care valorific\u0103 energia eolian\u0103, sporind semnificativ eficien\u021ba \u0219i eficacitatea turbinelor eoliene. Fabrica\u021bi cu precizie \u0219i construi\u021bi pentru a rezista rigorilor industriei, ace\u0219tia \u00eendeplinesc cerin\u021bele exigente ale acestui domeniu \u00een rapid\u0103 cre\u0219tere.<\/p>\n<p>Oferind o combina\u021bie de durabilitate, eficien\u021b\u0103 \u0219i u\u0219urin\u021b\u0103 \u00een utilizare, cilindrii din seria Wind Power se remarc\u0103 ca o alegere fiabil\u0103 pentru aplica\u021biile de energie eolian\u0103. Capacitatea lor mare de \u00eenc\u0103rcare \u0219i caracteristicile de rezisten\u021b\u0103 la coroziune \u00eei fac ideali pentru mediile dificile ale func\u021bion\u0103rii turbinelor eoliene. Prin respectarea practicilor de utilizare \u0219i \u00eentre\u021binere recomandate, operatorii se pot asigura c\u0103 ace\u0219ti cilindri \u00ee\u0219i men\u021bin performan\u021be optime ani de zile. Investi\u021bia \u00een ace\u0219ti cilindri nu numai c\u0103 \u00eembun\u0103t\u0103\u021be\u0219te fiabilitatea sistemelor de energie eolian\u0103, dar sus\u021bine \u0219i un viitor durabil.<\/p>\n<h2><strong>Parametrul cilindrilor din seria de energie eolian\u0103:<\/strong><\/h2>\n<h2><img loading=\"lazy\" decoding=\"async\" class=\"alignnone size-full wp-image-17148\" style=\"color: #666666; font-size: 14px;\" src=\"https:\/\/www.hydraulic-cylinders.net\/wp-content\/uploads\/2025\/02\/wind-power-series-cylinders-2.webp\" alt=\"\" width=\"1394\" height=\"731\" srcset=\"https:\/\/www.hydraulic-cylinders.net\/wp-content\/uploads\/2025\/02\/wind-power-series-cylinders-2.webp 1394w, https:\/\/www.hydraulic-cylinders.net\/wp-content\/uploads\/2025\/02\/wind-power-series-cylinders-2-1280x671.webp 1280w, https:\/\/www.hydraulic-cylinders.net\/wp-content\/uploads\/2025\/02\/wind-power-series-cylinders-2-980x514.webp 980w, https:\/\/www.hydraulic-cylinders.net\/wp-content\/uploads\/2025\/02\/wind-power-series-cylinders-2-480x252.webp 480w\" sizes=\"(min-width: 0px) and (max-width: 480px) 480px, (min-width: 481px) and (max-width: 980px) 980px, (min-width: 981px) and (max-width: 1280px) 1280px, (min-width: 1281px) 1394px, 100vw\" \/><\/h2>\n<p>\u00b7Mod cilindru: HCYY11112028<br \/>\n\u00b7Presiune de lucru: 16MPa<br \/>\n\u00b7Presiune maxim\u0103 de rezisten\u021b\u0103: 25MPa<br \/>\n\u00b7Diametrul tubului cilindrului: 100 mm<br \/>\n\u00b7Diametrul tijei pistonului: 50 mm<br \/>\n\u00b7Diametrul \u0219tiftului: 150 mm<br \/>\n\u00b7Curs\u0103: 80 mm<br \/>\n\u00b7Lungimea cilindrului: 855 mm<br \/>\n\u00b7Greutate: 140 kg<\/p>\n<h2><strong>Caracteristici cheie ale cilindrilor din seria Wind Power:<\/strong><\/h2>\n<h4><strong>Capacitate mare de \u00eenc\u0103rcare<\/strong><\/h4>\n<p>Cilindrii din seria Wind Power exceleaz\u0103 \u00een sus\u021binerea unor sarcini substan\u021biale, ceea ce este crucial pentru aplica\u021biile solicitante din domeniul energiei eoliene. Designul lor robust asigur\u0103 func\u021bionarea fiabil\u0103 a acestora \u00een condi\u021bii dificile, cum ar fi v\u00e2nturi puternice sau condi\u021bii meteorologice extreme. Aceast\u0103 capacitate nu numai c\u0103 \u00eembun\u0103t\u0103\u021be\u0219te eficien\u021ba turbinelor eoliene, dar insufl\u0103 \u0219i \u00eencredere operatorilor, \u0219tiind c\u0103 echipamentele lor pot gestiona o greutate semnificativ\u0103 f\u0103r\u0103 a compromite siguran\u021ba sau performan\u021ba.<\/p>\n<h4><strong>Construc\u021bie durabil\u0103<\/strong><\/h4>\n<p>Fabricate din materiale de calitate premium, aceste cilindri sunt proiectate s\u0103 reziste uzurii \u00een timp. Construc\u021bia lor durabil\u0103 reduce semnificativ nevoia de \u00eenlocuiri frecvente, ceea ce le face o alegere rentabil\u0103 pentru opera\u021biuni pe termen lung. Indiferent dac\u0103 sunt expuse la condi\u021bii dure de mediu sau rigorilor utiliz\u0103rii zilnice, cilindrii \u00ee\u0219i men\u021bin integritatea, asigur\u00e2nd c\u0103 sistemele de energie eolian\u0103 func\u021bioneaz\u0103 f\u0103r\u0103 probleme \u0219i eficient.<\/p>\n<h4><strong>Rezisten\u021b\u0103 la coroziune<\/strong><\/h4>\n<p>Echipa\u021bi cu un strat special de acoperire, buteliile rezist\u0103 puternic la rugin\u0103 \u0219i la deteriorarea mediului. Aceast\u0103 rezisten\u021b\u0103 la coroziune este deosebit de important\u0103 pentru aplica\u021biile \u00een aer liber, unde expunerea la umiditate, sare \u0219i alte elemente dure poate duce la deteriorare. Prin protejarea buteliilor de coroziune, aceast\u0103 caracteristic\u0103 nu numai c\u0103 le prelunge\u0219te durata de via\u021b\u0103, dar minimizeaz\u0103 \u0219i eforturile de \u00eentre\u021binere, permi\u021b\u00e2nd operatorilor s\u0103 se concentreze pe maximizarea produc\u021biei de energie.<\/p>\n<h4><strong>Inginerie de precizie<\/strong><\/h4>\n<p>Fabrica\u021bi conform specifica\u021biilor exacte, cilindrii din seria Wind Power garanteaz\u0103 o compatibilitate perfect\u0103 cu o varietate de modele de turbine eoliene. Aceast\u0103 inginerie de precizie permite o instalare \u0219i o integrare simpl\u0103 \u00een sistemele existente, reduc\u00e2nd riscul problemelor opera\u021bionale. Cu ace\u0219ti cilindri, operatorii se pot bucura de lini\u0219tea sufleteasc\u0103 \u0219tiind c\u0103 utilizeaz\u0103 componente concepute s\u0103 func\u021bioneze optim \u00een cadrul configura\u021biilor specifice ale turbinei lor.<\/p>\n<h4><strong>Instalare u\u0219oar\u0103<\/strong><\/h4>\n<p>Concepu\u021bi av\u00e2nd \u00een vedere confortul utilizatorului, cilindrii faciliteaz\u0103 instalarea rapid\u0103 \u0219i f\u0103r\u0103 probleme. Designul lor intuitiv minimizeaz\u0103 timpii de nefunc\u021bionare \u00een timpul configur\u0103rii, permi\u021b\u00e2nd operatorilor s\u0103 pun\u0103 rapid \u00een func\u021biune sistemele. Aceast\u0103 u\u0219urin\u021b\u0103 \u00een instalare nu numai c\u0103 \u00eembun\u0103t\u0103\u021be\u0219te eficien\u021ba opera\u021bional\u0103, dar permite \u0219i r\u0103spunsuri mai rapide la nevoile de \u00eentre\u021binere, asigur\u00e2nd c\u0103 sistemele de energie eolian\u0103 r\u0103m\u00e2n productive \u00een permanen\u021b\u0103.<\/p>\n<p>Prin punerea \u00een valoare a acestor caracteristici, cilindrii din seria HCYY11112028 pentru energie eolian\u0103 ofer\u0103 performan\u021be excep\u021bionale care satisfac cerin\u021bele \u00een continu\u0103 evolu\u021bie ale sectorului energiei eoliene.<\/p>\n<h2><strong>Cum \u00eembun\u0103t\u0103\u021be\u0219te rezisten\u021ba la coroziune a cilindrilor din seria de energie eolian\u0103 performan\u021ba acestora \u00een medii exterioare?<\/strong><\/h2>\n<p>Cu siguran\u021b\u0103! Iat\u0103 o explorare mai captivant\u0103 \u0219i mai detaliat\u0103 a modului \u00een care rezisten\u021ba la coroziune a cilindrilor din seria Wind Power le \u00eembun\u0103t\u0103\u021be\u0219te performan\u021ba \u00een medii exterioare:<\/p>\n<h4><strong>1. Longevitate<\/strong><\/h4>\n<p>\u00cenveli\u0219ul special rezistent la coroziune al cilindrilor ac\u021bioneaz\u0103 ca o barier\u0103 formidabil\u0103 \u00eempotriva ruginii \u0219i deterior\u0103rii. Acest strat protector este deosebit de valoros \u00een mediile \u00een care umezeala, pulverizarea cu sare \u0219i fluctua\u021biile de temperatur\u0103 sunt predominante. Prin extinderea semnificativ\u0103 a duratei de via\u021b\u0103 a cilindrilor, operatorii se pot bucura de lini\u0219tea sufleteasc\u0103 pe care o ofer\u0103 \u0219tiind c\u0103 investi\u021bia lor va rezista testului timpului, permi\u021b\u00e2nd o func\u021bionare prelungit\u0103 \u0219i ne\u00eentrerupt\u0103 pe teren.<\/p>\n<h4><strong>2. \u00centre\u021binere redus\u0103<\/strong><\/h4>\n<p>Unul dintre beneficiile remarcabile ale rezisten\u021bei la coroziune este reducerea substan\u021bial\u0103 a cerin\u021belor de \u00eentre\u021binere. Cilindrii fiind mai pu\u021bin predispu\u0219i la rugin\u0103 \u0219i uzur\u0103, operatorii pot aloca mai pu\u021bine resurse - at\u00e2t timp, c\u00e2t \u0219i bani - pentru \u00eentre\u021binere. Aceast\u0103 eficien\u021b\u0103 \u00eenseamn\u0103 c\u0103 echipele de \u00eentre\u021binere se pot concentra asupra altor aspecte critice ale func\u021bion\u0103rii turbinelor eoliene, sporind productivitatea general\u0103. Drept urmare, sistemul de energie eolian\u0103 poate func\u021biona mai lin, maximiz\u00e2nd produc\u021bia de energie f\u0103r\u0103 grija constant\u0103 a defec\u021biunii componentelor.<\/p>\n<h4><strong>3. Performan\u021b\u0103 constant\u0103<\/strong><\/h4>\n<p>Coroziunea poate sl\u0103bi materialele \u00een timp, duc\u00e2nd la neregularit\u0103\u021bi \u00een func\u021bionare care pot perturba produc\u021bia de energie. Cilindrii, fortifica\u021bi \u00eempotriva coroziunii, \u00ee\u0219i men\u021bin integritatea structural\u0103 \u0219i standardele de performan\u021b\u0103, chiar \u0219i \u00een cele mai dificile condi\u021bii exterioare. Aceast\u0103 fiabilitate asigur\u0103 func\u021bionarea eficient\u0103 a turbinelor, ceea ce se traduce printr-o generare optim\u0103 de energie. Operatorii se pot a\u0219tepta la performan\u021be constante, esen\u021biale pentru satisfacerea cererii de energie \u0219i atingerea obiectivelor de sustenabilitate.<\/p>\n<h4><strong>4. Siguran\u021b\u0103<\/strong><\/h4>\n<p>Siguran\u021ba este primordial\u0103 \u00een orice mediu industrial, iar riscul de defec\u021biuni cauzate de coroziune este o preocupare care nu poate fi trecut\u0103 cu vederea. Cilindrii ajut\u0103 la atenuarea acestor riscuri prin men\u021binerea rezisten\u021bei \u0219i func\u021bionalit\u0103\u021bii lor \u00een medii dure. Prin prevenirea defec\u021biunilor legate de coroziune, ace\u0219ti cilindri contribuie la un mediu opera\u021bional mai sigur at\u00e2t pentru personal, c\u00e2t \u0219i pentru echipamente. Acest accent pus pe siguran\u021b\u0103 promoveaz\u0103 o cultur\u0103 a fiabilit\u0103\u021bii \u0219i \u00eencrederii \u00een sectorul energiei eoliene.<\/p>\n<h4><strong>5. Eficien\u021ba costurilor<\/strong><\/h4>\n<p>Investi\u021bia \u00een butelii rezistente la coroziune nu \u00eenseamn\u0103 doar performan\u021b\u0103 imediat\u0103; este vorba despre pruden\u021b\u0103 financiar\u0103 pe termen lung. Durabilitatea \u0219i nevoile reduse de \u00eentre\u021binere ale buteliilor duc la economii semnificative de costuri \u00een timp. Operatorii pot evita cheltuielile asociate cu \u00eenlocuiri \u0219i repara\u021bii frecvente, permi\u021b\u00e2nd o mai bun\u0103 alocare a resurselor bugetare. Aceast\u0103 rentabilitate face ca aceste butelii s\u0103 fie o op\u021biune atractiv\u0103 pentru companiile care doresc s\u0103 \u00ee\u0219i optimizeze bugetele opera\u021bionale, asigur\u00e2nd \u00een acela\u0219i timp o produc\u021bie fiabil\u0103 de energie.<\/p>\n<p>\u00cen concluzie, rezisten\u021ba la coroziune a cilindrilor din seria Wind Power este mai mult dec\u00e2t o simpl\u0103 caracteristic\u0103 - este un atribut cheie care \u00eembun\u0103t\u0103\u021be\u0219te longevitatea, reduce \u00eentre\u021binerea, asigur\u0103 performan\u021be constante, promoveaz\u0103 siguran\u021ba \u0219i ofer\u0103 rentabilitate. Aceste beneficii contribuie \u00eempreun\u0103 la o abordare mai eficient\u0103 \u0219i mai sustenabil\u0103 a valorific\u0103rii energiei eoliene, f\u0103c\u00e2nd din ace\u0219ti cilindri o alegere indispensabil\u0103 \u00een industrie.<\/p>\n<h2><strong>Zona de produc\u021bie a cilindrilor pentru stivuitoare:<\/strong><\/h2>\n<h2><img loading=\"lazy\" decoding=\"async\" class=\"alignnone size-full wp-image-16972\" src=\"https:\/\/www.hydraulic-cylinders.net\/wp-content\/uploads\/2025\/01\/hydraulic-cylinder-factory-1-scaled.webp\" alt=\"\" width=\"2016\" height=\"2560\" srcset=\"https:\/\/www.hydraulic-cylinders.net\/wp-content\/uploads\/2025\/01\/hydraulic-cylinder-factory-1-scaled.webp 2016w, https:\/\/www.hydraulic-cylinders.net\/wp-content\/uploads\/2025\/01\/hydraulic-cylinder-factory-1-1280x1625.webp 1280w, https:\/\/www.hydraulic-cylinders.net\/wp-content\/uploads\/2025\/01\/hydraulic-cylinder-factory-1-980x1244.webp 980w, https:\/\/www.hydraulic-cylinders.net\/wp-content\/uploads\/2025\/01\/hydraulic-cylinder-factory-1-480x610.webp 480w\" sizes=\"(min-width: 0px) and (max-width: 480px) 480px, (min-width: 481px) and (max-width: 980px) 980px, (min-width: 981px) and (max-width: 1280px) 1280px, (min-width: 1281px) 2016px, 100vw\" \/><\/h2>\n<p>Ne m\u00e2ndrim cu o platform\u0103 independent\u0103 de cercetare \u0219i dezvoltare de ultim\u0103 genera\u021bie dedicat\u0103 asambl\u0103rii, asigur\u00e2nd inova\u021bie \u0219i calitate de top \u00een procesele noastre de fabrica\u021bie. Atelierul nostru de produc\u021bie a cilindrilor pentru stivuitoare dispune de patru linii de asamblare semiautomate pentru cilindrii de ridicare \u0219i o linie de asamblare complet automat\u0103 pentru cilindrii de \u00eenclinare, proiectate \u00eempreun\u0103 pentru a produce p\u00e2n\u0103 la un milion de unit\u0103\u021bi anual.<\/p>\n<p>\u00cen plus, atelierul nostru specializat de cilindri este dotat cu sisteme semiautomate de cur\u0103\u021bare \u0219i asamblare adaptate la diverse specifica\u021bii, cu o capacitate anual\u0103 de produc\u021bie de 200.000 de buc\u0103\u021bi. Utiliz\u0103m echipamente CNC renumite, centre de prelucrare \u0219i unelte specializate pentru prelucrarea de \u00eenalt\u0103 precizie a cilindrilor. Facilitatea noastr\u0103 include, de asemenea, ma\u0219ini avansate de sudur\u0103 robotizat\u0103, sisteme automate de cur\u0103\u021bare \u0219i linii complet automatizate de asamblare \u0219i vopsire a cilindrilor. Cu peste 300 de echipamente cheie opera\u021bionale, optimiz\u0103m alocarea resurselor \u0219i asigur\u0103m o utilizare eficient\u0103, respect\u00e2nd standarde stricte de precizie \u0219i calitate.<\/p>\n<p>Atelierul nostru de prelucrare dispune de centre de strunjire personalizate cu ghidare \u00eenclinat\u0103, centre de prelucrare, ma\u0219ini de honuit de mare vitez\u0103, robo\u021bi de sudur\u0103 \u0219i alte echipamente esen\u021biale. Aceast\u0103 configura\u021bie ne permite s\u0103 prelucr\u0103m tuburi cilindrice cu un diametru interior maxim de 400 mm \u0219i lungimi de p\u00e2n\u0103 la 6 metri, sporind \u0219i mai mult capacit\u0103\u021bile noastre de produc\u021bie.<\/p>\n<h2><img loading=\"lazy\" decoding=\"async\" class=\"alignnone size-full wp-image-16973\" src=\"https:\/\/www.hydraulic-cylinders.net\/wp-content\/uploads\/2025\/01\/hydraulic-cylinder-factory-2-scaled.webp\" alt=\"\" width=\"2011\" height=\"2560\" srcset=\"https:\/\/www.hydraulic-cylinders.net\/wp-content\/uploads\/2025\/01\/hydraulic-cylinder-factory-2-scaled.webp 2011w, https:\/\/www.hydraulic-cylinders.net\/wp-content\/uploads\/2025\/01\/hydraulic-cylinder-factory-2-1280x1629.webp 1280w, https:\/\/www.hydraulic-cylinders.net\/wp-content\/uploads\/2025\/01\/hydraulic-cylinder-factory-2-980x1248.webp 980w, https:\/\/www.hydraulic-cylinders.net\/wp-content\/uploads\/2025\/01\/hydraulic-cylinder-factory-2-480x611.webp 480w\" sizes=\"(min-width: 0px) and (max-width: 480px) 480px, (min-width: 481px) and (max-width: 980px) 980px, (min-width: 981px) and (max-width: 1280px) 1280px, (min-width: 1281px) 2011px, 100vw\" \/><\/h2>\n<p>Oper\u0103m o linie de vopsire pe baz\u0103 de ap\u0103 complet automat\u0103, special conceput\u0103 pentru cilindri mici \u0219i medii, cu robo\u021bi automatiza\u021bi de \u00eenc\u0103rcare, desc\u0103rcare \u0219i pulverizare. Acest sistem de ultim\u0103 genera\u021bie se m\u00e2ndre\u0219te cu o capacitate de produc\u021bie de 4.000 de unit\u0103\u021bi pe schimb. \u00cen plus, avem o linie de vopsire semiautomat\u0103 pentru cilindri de dimensiuni mari, ac\u021bionat\u0103 de un lan\u021b, cu o capacitate proiectat\u0103 de 60 de l\u0103zi pe schimb.<\/p>\n<p>Pentru a \u00eembun\u0103t\u0103\u021bi performan\u021ba produselor \u0219i a ne consolida pozi\u021bia de lider \u00een industria cilindrilor hidraulici, am \u00eencheiat un parteneriat cu ZJIMEE pentru a \u00eenfiin\u021ba un laborator cuprinz\u0103tor de performan\u021b\u0103 dedicat cilindrilor, valvelor \u0219i pompelor hidraulice. Acest laborator avansat utilizeaz\u0103 testarea asistat\u0103 de computer cu tehnologie electrohidraulic\u0103, permi\u021b\u00e2nd condi\u021bii de testare prestabilite care \u00eembun\u0103t\u0103\u021besc precizia \u0219i versatilitatea sistemului. Procesul automat de colectare a datelor utilizeaz\u0103 senzori pentru a colecta date de ie\u0219ire, cum ar fi scurgerile interne \u0219i eficien\u021ba sarcinii, care sunt apoi procesate de un computer \u0219i convertite \u00een unit\u0103\u021bi standard (ml\/min%).<\/p>\n<p>\u00cen plus, pentru a asigura siguran\u021ba sistemelor noastre hidraulice, implement\u0103m monitorizarea st\u0103rii parametrilor cheie de performan\u021b\u0103, inclusiv temperatura uleiului, nivelul lichidului \u0219i starea dispozitivului de filtrare. Standul nostru de testare a cilindrilor hidraulici este capabil s\u0103 evalueze \u201eeficien\u021ba sarcinii\u201d \u0219i \u201escurgerile interne\u201d prin citiri precise. De asemenea, este echipat cu un instrument de m\u0103surare cu rigl\u0103 tip r\u0103z\u0103toare care \u00eendepline\u0219te standardele na\u021bionale, asigur\u00e2nd conformitatea cu toate cerin\u021bele de testare pentru produsele cu cilindri hidraulici.<\/p>\n<p>&nbsp;<\/p>","protected":false},"excerpt":{"rendered":"<p>Wind Power Series Cylinders \u00a0 The Wind Power Series Cylinders are specifically engineered for the wind energy sector, delivering reliable and efficient performance across various applications. These cylinders play a vital role in controlling the mechanisms that harness wind energy, significantly enhancing the efficiency and effectiveness of wind turbines. Crafted with precision and built to [&hellip;]<\/p>","protected":false},"featured_media":17150,"comment_status":"open","ping_status":"closed","template":"","meta":{"_et_pb_use_builder":"","_et_pb_old_content":"","_et_gb_content_width":""},"product_brand":[],"product_cat":[1552,1513,1376],"product_tag":[],"class_list":{"0":"post-17147","1":"product","2":"type-product","3":"status-publish","4":"has-post-thumbnail","6":"product_cat-stainless-steel-hydraulic-cylinder","7":"product_cat-wind-turbine-hydraulic-cylinders","8":"product_cat-hydraulic-cylinder","10":"first","11":"instock","12":"shipping-taxable","13":"product-type-simple"},"amp_enabled":true,"_links":{"self":[{"href":"https:\/\/www.hydraulic-cylinders.net\/ro\/wp-json\/wp\/v2\/product\/17147","targetHints":{"allow":["GET"]}}],"collection":[{"href":"https:\/\/www.hydraulic-cylinders.net\/ro\/wp-json\/wp\/v2\/product"}],"about":[{"href":"https:\/\/www.hydraulic-cylinders.net\/ro\/wp-json\/wp\/v2\/types\/product"}],"replies":[{"embeddable":true,"href":"https:\/\/www.hydraulic-cylinders.net\/ro\/wp-json\/wp\/v2\/comments?post=17147"}],"wp:featuredmedia":[{"embeddable":true,"href":"https:\/\/www.hydraulic-cylinders.net\/ro\/wp-json\/wp\/v2\/media\/17150"}],"wp:attachment":[{"href":"https:\/\/www.hydraulic-cylinders.net\/ro\/wp-json\/wp\/v2\/media?parent=17147"}],"wp:term":[{"taxonomy":"product_brand","embeddable":true,"href":"https:\/\/www.hydraulic-cylinders.net\/ro\/wp-json\/wp\/v2\/product_brand?post=17147"},{"taxonomy":"product_cat","embeddable":true,"href":"https:\/\/www.hydraulic-cylinders.net\/ro\/wp-json\/wp\/v2\/product_cat?post=17147"},{"taxonomy":"product_tag","embeddable":true,"href":"https:\/\/www.hydraulic-cylinders.net\/ro\/wp-json\/wp\/v2\/product_tag?post=17147"}],"curies":[{"name":"wp","href":"https:\/\/api.w.org\/{rel}","templated":true}]}}