{"id":1715,"date":"2023-10-11T08:42:00","date_gmt":"2023-10-11T08:42:00","guid":{"rendered":"https:\/\/hydraulic-cylinders.net\/?post_type=product&#038;p=1715"},"modified":"2025-04-11T02:59:47","modified_gmt":"2025-04-11T02:59:47","slug":"electric-furnace-lifting-cylinder","status":"publish","type":"product","link":"https:\/\/www.hydraulic-cylinders.net\/ro\/produs\/electric-furnace-lifting-cylinder\/","title":{"rendered":"Cilindru de ridicare pentru cuptor electric"},"content":{"rendered":"<h1 style=\"text-align: center;\"><strong>Cilindru de ridicare pentru cuptor electric<\/strong><\/h1>\n<p><img loading=\"lazy\" decoding=\"async\" class=\"aligncenter wp-image-1716\" src=\"https:\/\/hydraulic-cylinders.net\/wp-content\/uploads\/2023\/10\/lifting-cylinder-of-furnace-cover-1-2-300x300.webp\" alt=\"\" width=\"400\" height=\"400\" \/><\/p>\n<p>Cilindrul electric de ridicare a cuptorului este un produs de ultim\u0103 genera\u021bie, conceput pentru a spori eficien\u021ba \u0219i productivitatea \u00een opera\u021biunile industriale ale cuptorului. Acest cilindru de ultim\u0103 genera\u021bie ofer\u0103 un mecanism fiabil \u0219i puternic pentru ridicarea \u0219i pozi\u021bionarea componentelor cuptorului, optimiz\u00e2nd procesele de manipulare a materialelor \u0219i \u00eembun\u0103t\u0103\u021bind fluxul de lucru general.<\/p>\n<p>Cilindrul de ridicare a cuptorului electric revolu\u021bioneaz\u0103 opera\u021biunile industriale ale cuptorului, oferind un control precis al pozi\u021bion\u0103rii \u0219i o capacitate mare de ridicare. Datorit\u0103 construc\u021biei sale robuste, sistemului avansat de control, ac\u021bion\u0103rii electrice \u0219i capacit\u0103\u021bilor de pozi\u021bionare precis\u0103, acest cilindru simplific\u0103 manipularea materialelor, optimizeaz\u0103 fluxul de lucru \u0219i spore\u0219te productivitatea. Respect\u00e2nd metodele de utilizare \u0219i practicile de \u00eentre\u021binere recomandate, pute\u021bi asigura func\u021bionarea optim\u0103 \u0219i longevitatea cilindrului de ridicare a cuptorului electric, contribuind la o func\u021bionare eficient\u0103 \u0219i f\u0103r\u0103 probleme a cuptorului \u00een mediul dumneavoastr\u0103 industrial.<\/p>\n<p>Caracteristici cheie ale cilindrului de ridicare al cuptorului electric:<\/p>\n<ol>\n<li>Construc\u021bie robust\u0103:\n<ul>\n<li>Cilindrul de ridicare al cuptorului electric este construit din materiale de \u00eenalt\u0103 calitate, asigur\u00e2nd o durabilitate \u0219i o longevitate excep\u021bionale.<\/li>\n<li>Construc\u021bia sa robust\u0103 \u00eei permite s\u0103 reziste la sarcini grele \u0219i medii industriale dure f\u0103r\u0103 a compromite performan\u021ba.<\/li>\n<\/ul>\n<\/li>\n<li>Capacitate mare de ridicare:\n<ul>\n<li>Acest cilindru se m\u00e2ndre\u0219te cu o capacitate mare de ridicare, fiind potrivit pentru manipularea cu u\u0219urin\u021b\u0103 a componentelor grele ale cuptorului.<\/li>\n<li>Puterea sa impresionant\u0103 de ridicare permite manipularea \u0219i pozi\u021bionarea eficient\u0103 a materialelor, optimiz\u00e2nd fluxul de lucru \u0219i reduc\u00e2nd necesarul de manoper\u0103.<\/li>\n<\/ul>\n<\/li>\n<li>Pozi\u021bionare precis\u0103:\n<ul>\n<li>Cilindrul electric de ridicare al cuptorului ofer\u0103 un control precis \u0219i precis al pozi\u021bion\u0103rii pentru o eficien\u021b\u0103 opera\u021bional\u0103 sporit\u0103.<\/li>\n<li>Sistemul s\u0103u avansat de control permite operatorilor s\u0103 ridice \u0219i s\u0103 pozi\u021bioneze componentele cuptorului cu precizie, reduc\u00e2nd la minimum erorile \u0219i optimiz\u00e2nd fluxul de lucru.<\/li>\n<\/ul>\n<\/li>\n<li>Ac\u021bionare electric\u0103:\n<ul>\n<li>Acest cilindru func\u021bioneaz\u0103 prin intermediul unui sistem de ac\u021bionare electric\u0103, elimin\u00e2nd necesitatea ridic\u0103rii manuale sau a sistemelor hidraulice greoaie.<\/li>\n<li>Ac\u021bionarea electric\u0103 ofer\u0103 confort, vitez\u0103 \u0219i control precis, eficientiz\u00e2nd func\u021bionarea cuptorului \u0219i reduc\u00e2nd timpii de nefunc\u021bionare.<\/li>\n<\/ul>\n<\/li>\n<\/ol>\n<h2><strong>Parametrul cilindrului de ridicare al cuptorului electric:<\/strong><\/h2>\n<table border=\"1\" cellspacing=\"0\" cellpadding=\"0\">\n<tbody>\n<tr>\n<td>Nume produs<\/td>\n<td>Cilindru de ridicare pentru cuptor electric<\/td>\n<\/tr>\n<tr>\n<td>Diametrul alezajului:<\/td>\n<td>100 mm<\/td>\n<\/tr>\n<tr>\n<td>Diametrul tijei:<\/td>\n<td>70 mm<\/td>\n<\/tr>\n<tr>\n<td>Presiune:<\/td>\n<td>14MPa<\/td>\n<\/tr>\n<tr>\n<td>For\u021ba de \u00eempingere:<\/td>\n<td>Maxim 53KN<\/td>\n<\/tr>\n<tr>\n<td>Aplica\u021bii ale cilindrului de ridicare pentru cuptorul electric:<\/td>\n<td>Cuptor electric<\/td>\n<\/tr>\n<\/tbody>\n<\/table>\n<div><\/div>\n<div class=\"txtboxR\">\n<div class=\"txtboxL\">\n<div class=\"txtboxL\">\n<div class=\"txtboxL\">\n<div class=\"txtboxL\">\n<div class=\"txtboxL\">For\u021ba de \u00eempingere:<\/div>\n<div class=\"txtboxR\">Maxim 53KN (diametrul alezajului: 100mm\/diametrul tijei: 70\/presiune 14MPa)<\/div>\n<\/div>\n<\/div>\n<\/div>\n<\/div>\n<\/div>\n<h2><strong>Cuptor electric <\/strong><strong> Fabric\u0103 de cilindri:<\/strong><\/h2>\n<p><img loading=\"lazy\" decoding=\"async\" class=\"alignnone wp-image-1697 size-full\" src=\"https:\/\/hydraulic-cylinders.net\/wp-content\/uploads\/2023\/10\/filter-press-cylinder-1.webp\" alt=\"\" width=\"1418\" height=\"946\" srcset=\"https:\/\/hydraulic-cylinders.net\/wp-content\/uploads\/2023\/10\/filter-press-cylinder-1.webp 1418w, https:\/\/hydraulic-cylinders.net\/wp-content\/uploads\/2023\/10\/filter-press-cylinder-1-1280x854.webp 1280w, https:\/\/hydraulic-cylinders.net\/wp-content\/uploads\/2023\/10\/filter-press-cylinder-1-980x654.webp 980w, https:\/\/hydraulic-cylinders.net\/wp-content\/uploads\/2023\/10\/filter-press-cylinder-1-480x320.webp 480w\" sizes=\"(min-width: 0px) and (max-width: 480px) 480px, (min-width: 481px) and (max-width: 980px) 980px, (min-width: 981px) and (max-width: 1280px) 1280px, (min-width: 1281px) 1418px, 100vw\" \/><\/p>\n<h2><strong>Metoda de utilizare a cilindrului de ridicare a cuptorului electric<\/strong><strong>:<\/strong><\/h2>\n<ul>\n<li><strong>Instalare:<\/strong>\n<ul>\n<li>\u00cencepe\u021bi prin montarea sigur\u0103 \u0219i corect\u0103 a cilindrului de ridicare al cuptorului electric pe structura cuptorului.<\/li>\n<li>Urma\u021bi instruc\u021biunile \u0219i specifica\u021biile produc\u0103torului pentru pozi\u021bionarea \u0219i fixarea corect\u0103.<\/li>\n<li>Asigura\u021bi-v\u0103 c\u0103 toate conexiunile, cum ar fi cablurile electrice, sunt fixate corespunz\u0103tor \u0219i nu prezint\u0103 conexiuni sl\u0103bite.<\/li>\n<\/ul>\n<\/li>\n<li><strong>Conexiune electric\u0103:<\/strong>\n<ul>\n<li>Conecta\u021bi cilindrul de ridicare al cuptorului electric la sursa de alimentare, urm\u00e2nd instruc\u021biunile produc\u0103torului \u0219i codurile electrice.<\/li>\n<li>Verifica\u021bi dac\u0103 toate conexiunile electrice sunt sigure \u0219i izolate pentru a preveni poten\u021biale pericole sau defec\u021biuni.<\/li>\n<\/ul>\n<\/li>\n<li><strong>Ridicare \u0219i pozi\u021bionare:<\/strong>\n<ul>\n<li>Activa\u021bi cilindrul de ridicare al cuptorului electric folosind panoul de control sau comutatorul destinat opera\u021biunilor de ridicare.<\/li>\n<li>Cilindrul va ridica \u0219i pozi\u021biona componentele cuptorului lin \u0219i precis, asigur\u00e2nd o aliniere optim\u0103 \u0219i o manipulare a materialelor.<\/li>\n<li>Monitoriza\u021bi cu aten\u021bie procesul de ridicare \u0219i pozi\u021bionare \u0219i efectua\u021bi orice ajust\u0103ri necesare pentru a atinge \u00een\u0103l\u021bimea sau pozi\u021bia dorit\u0103.<\/li>\n<\/ul>\n<\/li>\n<li><strong>Integrare cu sistemele de control:<\/strong>\n<ul>\n<li>Cilindrul electric de ridicare a cuptorului se poate integra perfect \u00een sistemele de control existente ale cuptorului.<\/li>\n<li>Consulta\u021bi un tehnician calificat sau consulta\u021bi instruc\u021biunile produc\u0103torului pentru a asigura integrarea \u0219i compatibilitatea corect\u0103 cu configura\u021bia specific\u0103 a cuptorului dumneavoastr\u0103.<\/li>\n<\/ul>\n<\/li>\n<\/ul>\n<h2><strong>Cum func\u021bioneaz\u0103 un cilindru hidraulic?<\/strong><\/h2>\n<p>Un cilindru hidraulic este un dispozitiv mecanic care transform\u0103 energia hidraulic\u0103 \u00een for\u021b\u0103 liniar\u0103 \u0219i mi\u0219care. Func\u021bioneaz\u0103 pe baza principiilor dinamicii fluidelor \u0219i a legii lui Pascal. Iat\u0103 o explica\u021bie simplificat\u0103 a modului \u00een care func\u021bioneaz\u0103 un cilindru hidraulic:<\/p>\n<ol>\n<li><strong>Componente de baz\u0103:<\/strong>\n<ul>\n<li>Cilindru: Un tub cilindric care ad\u0103poste\u0219te pistonul \u0219i fluidul.<\/li>\n<li>Piston: O component\u0103 cilindric\u0103 solid\u0103 care \u00eemparte \u021beava cilindrului \u00een dou\u0103 camere.<\/li>\n<li>Tij\u0103 de piston: O tij\u0103 ata\u0219at\u0103 la piston care se extinde \u00een afara \u021bevii cilindrului.<\/li>\n<li>Garnituri: Componente specializate care previn scurgerile de fluid \u00eentre piston \u0219i cilindru.<\/li>\n<\/ul>\n<\/li>\n<li><strong>Fluid hidraulic:<\/strong>\n<ul>\n<li>Cilindrii hidraulici utilizeaz\u0103 un fluid specializat, de obicei ulei sau fluid hidraulic, care este stocat \u00eentr-un rezervor.<\/li>\n<li>Fluidul este pompat din rezervor \u00een cilindru prin furtunuri sau \u021bevi hidraulice.<\/li>\n<\/ul>\n<\/li>\n<li><strong>Dou\u0103 Camere:<\/strong>\n<ul>\n<li>Cilindrul este \u00eemp\u0103r\u021bit \u00een dou\u0103 camere de c\u0103tre piston: partea tijei (sau cap\u0103tul chiulasei) \u0219i partea capacului (sau cap\u0103tul orb).<\/li>\n<li>C\u00e2nd se aplic\u0103 presiune pe o parte a pistonului, aceasta provoac\u0103 o mi\u0219care \u00een direc\u021bia opus\u0103.<\/li>\n<\/ul>\n<\/li>\n<li><strong>Curs\u0103 de extensie:<\/strong>\n<ul>\n<li>\u00cen cursa de extensie, fluidul hidraulic este pompat \u00een partea tijei cilindrului.<\/li>\n<li>Presiunea fluidului \u00eempinge pistonul, determin\u00e2ndu-l s\u0103 se mi\u0219te spre exterior, extinz\u00e2nd tija pistonului.<\/li>\n<li>Pe m\u0103sur\u0103 ce pistonul se extinde, volumul camerei laterale a capacului cre\u0219te, iar fluidul din acea camer\u0103 se \u00eentoarce \u00een rezervor.<\/li>\n<\/ul>\n<\/li>\n<li><strong>Curs\u0103 de retragere:<\/strong>\n<ul>\n<li>\u00cen cursa de retragere, fluidul hidraulic este pompat \u00een partea capacului cilindrului.<\/li>\n<li>Presiunea fluidului \u00eempinge pistonul, determin\u00e2ndu-l s\u0103 se mi\u0219te spre interior, retr\u0103g\u00e2nd tija pistonului.<\/li>\n<li>Pe m\u0103sur\u0103 ce pistonul se retrage, volumul camerei laterale a tijei cre\u0219te, iar fluidul din acea camer\u0103 se \u00eentoarce \u00een rezervor.<\/li>\n<\/ul>\n<\/li>\n<li><strong>Supape de control:<\/strong>\n<ul>\n<li>Cilindrii hidraulici sunt controla\u021bi de valve care regleaz\u0103 debitul de fluid hidraulic care intr\u0103 \u0219i iese din cilindru.<\/li>\n<li>Supapele de control direc\u021bional determin\u0103 direc\u021bia de mi\u0219care (extensie sau retragere) a pistonului.<\/li>\n<li>Supapele de control al debitului regleaz\u0103 viteza de mi\u0219care prin ajustarea debitului fluidului hidraulic.<\/li>\n<\/ul>\n<\/li>\n<li><strong>For\u021b\u0103 \u0219i lucru mecanic:<\/strong>\n<ul>\n<li>For\u021ba generat\u0103 de un cilindru hidraulic este direct propor\u021bional\u0103 cu presiunea fluidului hidraulic \u0219i cu aria efectiv\u0103 a pistonului.<\/li>\n<li>Prin cre\u0219terea presiunii sau a suprafe\u021bei efective a pistonului, se poate genera o for\u021b\u0103 mai mare.<\/li>\n<li>Aceast\u0103 for\u021b\u0103 poate fi utilizat\u0103 pentru a efectua lucr\u0103ri, cum ar fi ridicarea de sarcini grele, \u00eempingerea sau tragerea de obiecte sau ac\u021bionarea componentelor mecanice.<\/li>\n<\/ul>\n<\/li>\n<li><strong>Sistem de etan\u0219are:<\/strong>\n<ul>\n<li>Garniturile sunt \u00eencorporate \u00een cilindrul hidraulic pentru a preveni scurgerile de fluid hidraulic \u00eentre piston \u0219i corpul cilindrului.<\/li>\n<li>Aceste etan\u0219\u0103ri asigur\u0103 men\u021binerea presiunii generate de fluidul hidraulic \u0219i func\u021bionarea eficient\u0103 a cilindrului.<\/li>\n<\/ul>\n<\/li>\n<li><strong>\u00centre\u0163inere:<\/strong>\n<ul>\n<li>\u00centre\u021binerea corect\u0103 a cilindrilor hidraulici este crucial\u0103 pentru performan\u021be optime \u0219i longevitate.<\/li>\n<li>Inspec\u021bia regulat\u0103 a garniturilor, verificarea scurgerilor de lichid \u0219i men\u021binerea unui nivel adecvat de lichid hidraulic \u0219i a cur\u0103\u021beniei sunt practici importante de \u00eentre\u021binere.<\/li>\n<\/ul>\n<\/li>\n<\/ol>\n<h2><strong>Capabilitatea \u0219i capacitatea fabricii:<\/strong><\/h2>\n<h3>(1) Montaj<\/h3>\n<p>Avem o platform\u0103 de asamblare independent\u0103 de cercetare \u0219i dezvoltare de prim\u0103 clas\u0103. Atelierul de produc\u021bie a cilindrilor hidraulici are patru linii de asamblare semiautomate pentru cilindri de ridicare \u0219i o linie de asamblare automat\u0103 a cilindrilor de \u00eenclinare, cu o capacitate de produc\u021bie anual\u0103 proiectat\u0103 de 1 milion de buc\u0103\u021bi. Atelierul de cilindri speciali este echipat cu diverse specifica\u021bii ale unui sistem de asamblare semi-automat de cur\u0103\u021bare, cu o capacitate de produc\u021bie anual\u0103 proiectat\u0103 de 200.000 \u0219i dotat cu echipamente celebre de prelucrare CNC, un centru de prelucrare, un echipament special de prelucrare a cilindrilor de \u00eenalt\u0103 precizie, o ma\u0219in\u0103 de sudur\u0103 robotizat\u0103, o ma\u0219in\u0103 de cur\u0103\u021bare automat\u0103, o ma\u0219in\u0103 de asamblare automat\u0103 a cilindrilor \u0219i o linie de produc\u021bie automat\u0103 de vopsire. Echipamente critice existente de peste 300 de seturi (seturi). Alocarea optim\u0103 \u0219i utilizarea eficient\u0103 a resurselor de echipamente asigur\u0103 cerin\u021bele de precizie ale produselor \u0219i satisface nevoile de \u00eenalt\u0103 calitate ale produselor.<\/p>\n<p><img loading=\"lazy\" decoding=\"async\" class=\"alignnone wp-image-626\" src=\"https:\/\/hydraulic-cylinders.net\/wp-content\/uploads\/2023\/08\/hydraulic-cylinder-product-1-300x158.webp\" alt=\"\" width=\"495\" height=\"260\" srcset=\"https:\/\/hydraulic-cylinders.net\/wp-content\/uploads\/2023\/08\/hydraulic-cylinder-product-1-300x158.webp 495w, https:\/\/hydraulic-cylinders.net\/wp-content\/uploads\/2023\/08\/hydraulic-cylinder-product-1-480x252.webp 480w\" sizes=\"(min-width: 0px) and (max-width: 480px) 480px, (min-width: 481px) 495px, 100vw\" \/> <img loading=\"lazy\" decoding=\"async\" class=\"alignnone wp-image-627\" src=\"https:\/\/hydraulic-cylinders.net\/wp-content\/uploads\/2023\/08\/hydraulic-cylinder-product-2-300x189.webp\" alt=\"\" width=\"413\" height=\"260\" \/><\/p>\n<h3>(2) Prelucrare<\/h3>\n<p>Atelierul de prelucrare este echipat cu un centru de strunjire cu \u0219in\u0103 \u00eenclinat\u0103 personalizat, un centru de prelucrare, o ma\u0219in\u0103 de honuire de mare vitez\u0103, un robot de sudur\u0103 \u0219i alte echipamente conexe, care pot gestiona prelucrarea tuburilor cilindrice cu un diametru interior maxim de 400 mm \u0219i o lungime maxim\u0103 de 6 metri.<\/p>\n<p><img loading=\"lazy\" decoding=\"async\" class=\"alignnone wp-image-628 size-large\" src=\"https:\/\/hydraulic-cylinders.net\/wp-content\/uploads\/2023\/08\/hydraulic-cylinder-product-3-1024x391.webp\" alt=\"\" width=\"1024\" height=\"391\" srcset=\"https:\/\/hydraulic-cylinders.net\/wp-content\/uploads\/2023\/08\/hydraulic-cylinder-product-3-980x374.webp 980w, https:\/\/hydraulic-cylinders.net\/wp-content\/uploads\/2023\/08\/hydraulic-cylinder-product-3-480x183.webp 480w\" sizes=\"(min-width: 0px) and (max-width: 480px) 480px, (min-width: 481px) and (max-width: 980px) 980px, (min-width: 981px) 1024px, 100vw\" \/><\/p>\n<h3>(3) Sudur\u0103<\/h3>\n<p><img loading=\"lazy\" decoding=\"async\" class=\"alignnone wp-image-629 size-large\" src=\"https:\/\/hydraulic-cylinders.net\/wp-content\/uploads\/2023\/08\/hydraulic-cylinder-product-4-1024x510.webp\" alt=\"\" width=\"1024\" height=\"510\" srcset=\"https:\/\/hydraulic-cylinders.net\/wp-content\/uploads\/2023\/08\/hydraulic-cylinder-product-4-980x488.webp 980w, https:\/\/hydraulic-cylinders.net\/wp-content\/uploads\/2023\/08\/hydraulic-cylinder-product-4-480x239.webp 480w\" sizes=\"(min-width: 0px) and (max-width: 480px) 480px, (min-width: 481px) and (max-width: 980px) 980px, (min-width: 981px) 1024px, 100vw\" \/><\/p>\n<h3>(4) Vopsire \u0219i acoperire<\/h3>\n<p>Cu linii automate de acoperire cu vopsea pe baz\u0103 de ap\u0103 cu cilindru de dimensiuni mici \u0219i medii, pentru a realiza \u00eenc\u0103rcarea \u0219i desc\u0103rcarea automat\u0103 a robotului \u0219i pulverizarea automat\u0103, capacitatea de proiectare de 4000 de buc\u0103\u021bi pe schimb;<br \/>\nAvem, de asemenea, o linie de produc\u021bie semi-automat\u0103 de vopsire pentru cilindri mari, ac\u021bionat\u0103 de un lan\u021b de putere, cu o capacitate de proiectare de 60 de cutii pe schimb.<\/p>\n<p><img loading=\"lazy\" decoding=\"async\" class=\"alignnone wp-image-630\" src=\"https:\/\/hydraulic-cylinders.net\/wp-content\/uploads\/2023\/08\/hydraulic-cylinder-product-5-300x213.webp\" alt=\"\" width=\"366\" height=\"260\" \/> <img loading=\"lazy\" decoding=\"async\" class=\"alignnone wp-image-631\" src=\"https:\/\/hydraulic-cylinders.net\/wp-content\/uploads\/2023\/08\/hydraulic-cylinder-product-6-300x225.webp\" alt=\"\" width=\"347\" height=\"260\" \/><\/p>\n<h3>(5) Testarea<\/h3>\n<p>Dispunem de instala\u021bii de inspec\u021bie \u0219i bancuri de testare de prim\u0103 clas\u0103 pentru a ne asigura c\u0103 performan\u021ba cilindrului \u00eendepline\u0219te cerin\u021bele.<\/p>\n<p><img loading=\"lazy\" decoding=\"async\" class=\"alignnone wp-image-632\" src=\"https:\/\/hydraulic-cylinders.net\/wp-content\/uploads\/2023\/08\/hydraulic-cylinder-product-8-300x200.webp\" alt=\"\" width=\"389\" height=\"260\" \/><\/p>\n<p>&nbsp;<\/p>\n<p>&nbsp;<\/p>\n<p>Suntem unul dintre cei mai buni produc\u0103tori de cilindri hidraulici. Putem oferi o gam\u0103 complet\u0103 de cilindri hidraulici. De asemenea, oferim... <a href=\"https:\/\/hzpt.com\/agricultural-pto-gearbox\/\" target=\"_blank\" rel=\"noopener\">cutii de viteze agricole<\/a>Ne-am exportat produsele c\u0103tre clien\u021bi din \u00eentreaga lume \u0219i ne-am c\u00e2\u0219tigat o bun\u0103 reputa\u021bie datorit\u0103 calit\u0103\u021bii superioare a produselor noastre \u0219i a serviciilor post-v\u00e2nzare. \u00cei invit\u0103m pe clien\u021bii din \u021bar\u0103 \u0219i din str\u0103in\u0103tate s\u0103 ne contacteze pentru a negocia afaceri, a face schimb de informa\u021bii \u0219i... <a href=\"https:\/\/www.hydraulic-cylinders.net\/ro\/contact-us\/\">s\u0103 coopereze cu noi<\/a>!<\/p>","protected":false},"excerpt":{"rendered":"<p>Electric Furnace Lifting Cylinder The electric furnace lifting cylinder is a state-of-the-art product designed to enhance efficiency and productivity in industrial furnace operations. This cutting-edge cylinder provides a reliable and powerful mechanism for lifting and positioning furnace components, optimizing material handling processes, and improving overall workflow. The electric furnace lifting cylinder revolutionizes industrial furnace operations [&hellip;]<\/p>","protected":false},"featured_media":1717,"comment_status":"open","ping_status":"closed","template":"","meta":{"_et_pb_use_builder":"","_et_pb_old_content":"","_et_gb_content_width":""},"product_brand":[],"product_cat":[1549,1524,1376],"product_tag":[1380],"class_list":{"0":"post-1715","1":"product","2":"type-product","3":"status-publish","4":"has-post-thumbnail","6":"product_cat-single-acting-hydraulic-cylinder","7":"product_cat-steel-mill-hydraulic-cylinders","8":"product_cat-hydraulic-cylinder","9":"product_tag-hydraulic-cylinder","11":"first","12":"instock","13":"shipping-taxable","14":"product-type-simple"},"amp_enabled":true,"_links":{"self":[{"href":"https:\/\/www.hydraulic-cylinders.net\/ro\/wp-json\/wp\/v2\/product\/1715","targetHints":{"allow":["GET"]}}],"collection":[{"href":"https:\/\/www.hydraulic-cylinders.net\/ro\/wp-json\/wp\/v2\/product"}],"about":[{"href":"https:\/\/www.hydraulic-cylinders.net\/ro\/wp-json\/wp\/v2\/types\/product"}],"replies":[{"embeddable":true,"href":"https:\/\/www.hydraulic-cylinders.net\/ro\/wp-json\/wp\/v2\/comments?post=1715"}],"wp:featuredmedia":[{"embeddable":true,"href":"https:\/\/www.hydraulic-cylinders.net\/ro\/wp-json\/wp\/v2\/media\/1717"}],"wp:attachment":[{"href":"https:\/\/www.hydraulic-cylinders.net\/ro\/wp-json\/wp\/v2\/media?parent=1715"}],"wp:term":[{"taxonomy":"product_brand","embeddable":true,"href":"https:\/\/www.hydraulic-cylinders.net\/ro\/wp-json\/wp\/v2\/product_brand?post=1715"},{"taxonomy":"product_cat","embeddable":true,"href":"https:\/\/www.hydraulic-cylinders.net\/ro\/wp-json\/wp\/v2\/product_cat?post=1715"},{"taxonomy":"product_tag","embeddable":true,"href":"https:\/\/www.hydraulic-cylinders.net\/ro\/wp-json\/wp\/v2\/product_tag?post=1715"}],"curies":[{"name":"wp","href":"https:\/\/api.w.org\/{rel}","templated":true}]}}