{"id":17180,"date":"2025-02-21T06:35:36","date_gmt":"2025-02-21T06:35:36","guid":{"rendered":"https:\/\/www.hydraulic-cylinders.net\/?post_type=product&#038;p=17180"},"modified":"2025-04-23T08:40:36","modified_gmt":"2025-04-23T08:40:36","slug":"lifting-cylinder-for-scissor-type-aerial-work-vehicles","status":"publish","type":"product","link":"https:\/\/www.hydraulic-cylinders.net\/ro\/produs\/lifting-cylinder-for-scissor-type-aerial-work-vehicles\/","title":{"rendered":"Cilindru de ridicare pentru vehicule de lucru aeriene tip foarfec\u0103"},"content":{"rendered":"<h1 style=\"text-align: center;\"><strong>Cilindru de ridicare de \u00eenalt\u0103 performan\u021b\u0103 pentru vehicule de lucru aeriene de tip foarfec\u0103<\/strong><\/h1>\n<h1 style=\"text-align: center;\"><img loading=\"lazy\" decoding=\"async\" class=\"alignnone wp-image-17183 size-full\" src=\"https:\/\/www.hydraulic-cylinders.net\/wp-content\/uploads\/2025\/02\/hcyy11112003-lift-cylinder-2.webp\" alt=\"Cilindru de ridicare pentru vehicule de lucru aeriene de tip bra\u021b\" width=\"1497\" height=\"520\" srcset=\"https:\/\/www.hydraulic-cylinders.net\/wp-content\/uploads\/2025\/02\/hcyy11112003-lift-cylinder-2.webp 1497w, https:\/\/www.hydraulic-cylinders.net\/wp-content\/uploads\/2025\/02\/hcyy11112003-lift-cylinder-2-1280x445.webp 1280w, https:\/\/www.hydraulic-cylinders.net\/wp-content\/uploads\/2025\/02\/hcyy11112003-lift-cylinder-2-980x340.webp 980w, https:\/\/www.hydraulic-cylinders.net\/wp-content\/uploads\/2025\/02\/hcyy11112003-lift-cylinder-2-480x167.webp 480w\" sizes=\"(min-width: 0px) and (max-width: 480px) 480px, (min-width: 481px) and (max-width: 980px) 980px, (min-width: 981px) and (max-width: 1280px) 1280px, (min-width: 1281px) 1497px, 100vw\" \/><\/h1>\n<p>Cilindrul nostru de ridicare pentru vehicule de lucru aeriene tip foarfec\u0103 ofer\u0103 o rezisten\u021b\u0103 \u0219i o precizie excep\u021bionale pentru sarcini solicitante la altitudine mare. Proiecta\u021bi pentru platforme de ridicare cu bra\u021b articulat \u0219i telescopic, cilindrii no\u0219tri hidraulici asigur\u0103 o ridicare lin\u0103 \u0219i controlat\u0103 \u0219i o stabilitate constant\u0103, ceea ce \u00eei face o alegere de \u00eencredere pentru platformele aeriene. Concepu\u021bi pentru o compatibilitate perfect\u0103 cu echipamentele de top, ace\u0219tia exceleaz\u0103 \u00een construc\u021bii, \u00eentre\u021binerea instala\u021biilor \u0219i serviciile municipale, sporind eficien\u021ba opera\u021bional\u0103.<\/p>\n<p>Cu o construc\u021bie robust\u0103 \u0219i etan\u0219\u0103ri avansate, cilindrii no\u0219tri reduc la minimum nevoile de \u00eentre\u021binere, maximiz\u00e2nd \u00een acela\u0219i timp durabilitatea \u00een medii dure. Certifica\u021bi ISO \u0219i sus\u021binu\u021bi de expertiza noastr\u0103, fiecare cilindru de ridicare pentru vehicule de lucru aeriene de tip foarfec\u0103 este adaptat pentru a satisface cerin\u021bele dumneavoastr\u0103 specifice, oferind performan\u021be fiabile ani de zile. Indiferent dac\u0103 alimenteaz\u0103 un bra\u021b de ridicare sau sprijin\u0103 proiecte de infrastructur\u0103 critic\u0103, solu\u021biile noastre cresc productivitatea \u0219i siguran\u021ba. Alege\u021bi Huachang pentru cilindri hidraulici de \u00eenalt\u0103 performan\u021b\u0103 care stabilesc standardul \u00een aplica\u021biile de lucru aeriene.<\/p>\n<h2><strong>Cilindru de ridicare pentru vehicule de lucru aeriene de tip foarfec\u0103 Parametru:<\/strong><\/h2>\n<h1 style=\"text-align: center;\"><img loading=\"lazy\" decoding=\"async\" class=\"alignnone wp-image-17182 size-full\" src=\"https:\/\/www.hydraulic-cylinders.net\/wp-content\/uploads\/2025\/02\/hcyy11112003-lift-cylinder-1.webp\" alt=\"Cilindru de ridicare pentru vehicule de lucru aeriene de tip bra\u021b Parametru\" width=\"1520\" height=\"145\" srcset=\"https:\/\/www.hydraulic-cylinders.net\/wp-content\/uploads\/2025\/02\/hcyy11112003-lift-cylinder-1.webp 1520w, https:\/\/www.hydraulic-cylinders.net\/wp-content\/uploads\/2025\/02\/hcyy11112003-lift-cylinder-1-1280x122.webp 1280w, https:\/\/www.hydraulic-cylinders.net\/wp-content\/uploads\/2025\/02\/hcyy11112003-lift-cylinder-1-980x93.webp 980w, https:\/\/www.hydraulic-cylinders.net\/wp-content\/uploads\/2025\/02\/hcyy11112003-lift-cylinder-1-480x46.webp 480w\" sizes=\"(min-width: 0px) and (max-width: 480px) 480px, (min-width: 481px) and (max-width: 980px) 980px, (min-width: 981px) and (max-width: 1280px) 1280px, (min-width: 1281px) 1520px, 100vw\" \/> \u00a0<img loading=\"lazy\" decoding=\"async\" class=\"alignnone wp-image-17184 size-full\" src=\"https:\/\/www.hydraulic-cylinders.net\/wp-content\/uploads\/2025\/02\/hcyy11112003-lift-cylinder-3.webp\" alt=\"Cilindru de ridicare pentru vehicule de lucru aeriene de tip bra\u021b Parametru\" width=\"1481\" height=\"710\" srcset=\"https:\/\/www.hydraulic-cylinders.net\/wp-content\/uploads\/2025\/02\/hcyy11112003-lift-cylinder-3.webp 1481w, https:\/\/www.hydraulic-cylinders.net\/wp-content\/uploads\/2025\/02\/hcyy11112003-lift-cylinder-3-1280x614.webp 1280w, https:\/\/www.hydraulic-cylinders.net\/wp-content\/uploads\/2025\/02\/hcyy11112003-lift-cylinder-3-980x470.webp 980w, https:\/\/www.hydraulic-cylinders.net\/wp-content\/uploads\/2025\/02\/hcyy11112003-lift-cylinder-3-480x230.webp 480w\" sizes=\"(min-width: 0px) and (max-width: 480px) 480px, (min-width: 481px) and (max-width: 980px) 980px, (min-width: 981px) and (max-width: 1280px) 1280px, (min-width: 1281px) 1481px, 100vw\" \/> <img loading=\"lazy\" decoding=\"async\" class=\"alignnone wp-image-17185 size-full\" src=\"https:\/\/www.hydraulic-cylinders.net\/wp-content\/uploads\/2025\/02\/hcyy11112003-lift-cylinder-4.webp\" alt=\"Cilindru de ridicare pentru vehicule de lucru aeriene de tip bra\u021b Parametru\" width=\"1476\" height=\"711\" srcset=\"https:\/\/www.hydraulic-cylinders.net\/wp-content\/uploads\/2025\/02\/hcyy11112003-lift-cylinder-4.webp 1476w, https:\/\/www.hydraulic-cylinders.net\/wp-content\/uploads\/2025\/02\/hcyy11112003-lift-cylinder-4-1280x617.webp 1280w, https:\/\/www.hydraulic-cylinders.net\/wp-content\/uploads\/2025\/02\/hcyy11112003-lift-cylinder-4-980x472.webp 980w, https:\/\/www.hydraulic-cylinders.net\/wp-content\/uploads\/2025\/02\/hcyy11112003-lift-cylinder-4-480x231.webp 480w\" sizes=\"(min-width: 0px) and (max-width: 480px) 480px, (min-width: 481px) and (max-width: 980px) 980px, (min-width: 981px) and (max-width: 1280px) 1280px, (min-width: 1281px) 1476px, 100vw\" \/> <img loading=\"lazy\" decoding=\"async\" class=\"alignnone wp-image-17186 size-full\" src=\"https:\/\/www.hydraulic-cylinders.net\/wp-content\/uploads\/2025\/02\/hcyy11112003-lift-cylinder-5.webp\" alt=\"Cilindru de ridicare pentru vehicule de lucru aeriene de tip bra\u021b Parametru\" width=\"1649\" height=\"742\" srcset=\"https:\/\/www.hydraulic-cylinders.net\/wp-content\/uploads\/2025\/02\/hcyy11112003-lift-cylinder-5.webp 1649w, https:\/\/www.hydraulic-cylinders.net\/wp-content\/uploads\/2025\/02\/hcyy11112003-lift-cylinder-5-1280x576.webp 1280w, https:\/\/www.hydraulic-cylinders.net\/wp-content\/uploads\/2025\/02\/hcyy11112003-lift-cylinder-5-980x441.webp 980w, https:\/\/www.hydraulic-cylinders.net\/wp-content\/uploads\/2025\/02\/hcyy11112003-lift-cylinder-5-480x216.webp 480w\" sizes=\"(min-width: 0px) and (max-width: 480px) 480px, (min-width: 481px) and (max-width: 980px) 980px, (min-width: 981px) and (max-width: 1280px) 1280px, (min-width: 1281px) 1649px, 100vw\" \/><\/h1>\n<p><strong>Func\u0163ie:<\/strong> Implementa\u021bi mi\u0219c\u0103rile ascendente \u0219i descendente ale furcii foarfece<br \/>\n<strong>Diametrul cilindrului:<\/strong> 55mm-380mm<br \/>\n<strong>Diametrul tijei:<\/strong> 40mm-200mm<br \/>\n<strong>Voiaj:<\/strong> 280 mm - 2193 mm<br \/>\n<strong>Presiune maxim\u0103:<\/strong> 25MPa<br \/>\n<strong>Trac\u021biune maxim\u0103:<\/strong> 2835KN<\/p>\n<h2><strong>Serie de cilindri pentru vehicule de lucru aeriene de tip foarfec\u0103:<\/strong><\/h2>\n<h1 style=\"text-align: center;\"><img loading=\"lazy\" decoding=\"async\" class=\"alignnone size-full wp-image-20043\" src=\"https:\/\/www.hydraulic-cylinders.net\/wp-content\/uploads\/2025\/04\/arm-type-aerial-work-vehicle-hydraulic-cylinder-construction.jpg\" alt=\"Tip bra\u021b: cilindru hidraulic pentru lucr\u0103ri aeriene, construc\u021bie\" width=\"640\" height=\"358\" srcset=\"https:\/\/www.hydraulic-cylinders.net\/wp-content\/uploads\/2025\/04\/arm-type-aerial-work-vehicle-hydraulic-cylinder-construction.jpg 640w, https:\/\/www.hydraulic-cylinders.net\/wp-content\/uploads\/2025\/04\/arm-type-aerial-work-vehicle-hydraulic-cylinder-construction-480x269.jpg 480w\" sizes=\"(min-width: 0px) and (max-width: 480px) 480px, (min-width: 481px) 640px, 100vw\" \/><\/h1>\n<h2><strong>Caracteristici cheie ale cilindrului de ridicare pentru vehicule de lucru aeriene de tip foarfec\u0103:<\/strong><\/h2>\n<div>\n<p class=\"break-words\" dir=\"auto\">Huachang-ul lui <strong>cilindru de ridicare pentru vehicule de lucru aeriene tip foarfec\u0103<\/strong> este proiectat cu tehnologie de ultim\u0103 genera\u021bie pentru a oferi performan\u021be excep\u021bionale \u00een opera\u021biuni la altitudine mare. Concepu\u021bi pentru platforme cu bra\u021b articulat \u0219i telescopic, ace\u0219ti cilindri hidraulici ofer\u0103 o combina\u021bie perfect\u0103 de rezisten\u021b\u0103, precizie \u0219i durabilitate. Explora\u021bi caracteristicile cheie care fac din cilindrii no\u0219tri alegerea preferat\u0103 pentru aplica\u021bii \u00een construc\u021bii, \u00eentre\u021binere \u0219i municipalit\u0103\u021bi.<\/p>\n<ul class=\"marker:text-secondary\" dir=\"auto\">\n<li class=\"break-words\"><strong>Capacitate mare de \u00eenc\u0103rcare<\/strong>Construit pentru a suporta sarcini substan\u021biale, acest <strong>cilindru hidraulic durabil pentru ridicarea bra\u021bului<\/strong> Suport\u0103 cu u\u0219urin\u021b\u0103 platforme de lucru aeriene de mare tonaj. Designul s\u0103u robust asigur\u0103 o ridicare fiabil\u0103 pentru sarcini solicitante, cum ar fi manipularea materialelor de construc\u021bii sau \u00eentre\u021binerea utilit\u0103\u021bilor, maximiz\u00e2nd productivitatea f\u0103r\u0103 a compromite siguran\u021ba.<\/li>\n<li class=\"break-words\"><strong>Control de precizie<\/strong>Ob\u021bine\u021bi o pozi\u021bionare precis\u0103 cu extensie \u0219i retragere lin\u0103. Sistemul hidraulic avansat al cilindrului permite o func\u021bionare f\u0103r\u0103 probleme, permi\u021b\u00e2nd operatorilor s\u0103 manevreze platformele aeriene cu precizie maxim\u0103, ideal pentru sarcini precum instala\u021biile de telecomunica\u021bii sau repara\u021biile la instala\u021bii care necesit\u0103 o pozi\u021bionare exact\u0103.<\/li>\n<li class=\"break-words\"><strong>Materiale durabile<\/strong>Construit din o\u021bel de \u00eenalt\u0103 calitate, acesta <strong>cilindru hidraulic pentru platform\u0103 de lucru aerian\u0103<\/strong> Rezist\u0103 la medii dure, inclusiv condi\u021bii meteorologice extreme \u0219i corozive. Construc\u021bia sa robust\u0103 asigur\u0103 fiabilitate pe termen lung, reduc\u00e2nd costurile de \u00eenlocuire pentru industrii precum serviciile municipale \u0219i construc\u021biile.<\/li>\n<li class=\"break-words\"><strong>Garnituri etan\u0219e<\/strong>Echipat cu etan\u0219\u0103ri avansate, acest cilindru previne scurgerile de fluid, reduc\u00e2nd la minimum timpul de nefunc\u021bionare \u0219i costurile de \u00eentre\u021binere. <strong>cilindru de ridicare fiabil pentru vehicule de lucru aeriene<\/strong> asigur\u0103 performan\u021be constante, chiar \u0219i sub presiune ridicat\u0103, ceea ce o face o solu\u021bie care necesit\u0103 \u00eentre\u021binere redus\u0103 pentru opera\u021biunile aglomerate.<\/li>\n<li class=\"break-words\"><strong>Design personalizabil<\/strong>Disponibil \u00een diferite lungimi de curs\u0103 \u0219i configura\u021bii de montare, acesta <strong>Cilindru de ridicare personalizat pentru platform\u0103 aerian\u0103<\/strong> \u00cendepline\u0219te diverse specifica\u021bii pentru echipamente. Adaptat pentru a se potrivi principalelor platforme de ridicare cu bra\u021b articulat \u0219i telescopic, ofer\u0103 flexibilitate pentru cerin\u021bele unice ale proiectelor \u00een aplica\u021bii de \u00eentre\u021binere sau infrastructur\u0103.<\/li>\n<li class=\"break-words\"><strong>\u00centre\u021binere u\u0219oar\u0103<\/strong>Proiectat cu componente accesibile, acest cilindru simplific\u0103 inspec\u021biile \u0219i repara\u021biile. Tehnicienii pot verifica rapid etan\u0219\u0103rile, cur\u0103\u021ba tijele sau \u00eenlocui piesele, reduc\u00e2nd timpul de nefunc\u021bionare. <strong>cilindru hidraulic cu \u00eentre\u021binere redus\u0103 pentru ridicarea bra\u021bului<\/strong> men\u021bine platformele dumneavoastr\u0103 aeriene opera\u021bionale cu un efort minim.<\/li>\n<li class=\"break-words\"><strong>Calitate certificat\u0103 ISO<\/strong>Fabricat conform standardelor interna\u021bionale ISO 9001, 14001 \u0219i 45001, acest cilindru garanteaz\u0103 siguran\u021ba \u0219i performan\u021ba. Controlul riguros al calit\u0103\u021bii realizat de Huachang asigur\u0103 fiecare... <strong>cilindru de ridicare pentru vehicule de lucru aeriene tip foarfec\u0103<\/strong> ofer\u0103 fiabilitate de neegalat, fiind apreciat\u0103 de operatorii globali de platforme aeriene.<\/li>\n<\/ul>\n<div>Pe l\u00e2ng\u0103 al nostru <strong>cilindru de ridicare pentru vehicule de lucru aeriene tip bra\u021b<\/strong>, Huachang ofer\u0103 o gam\u0103 divers\u0103 de <a href=\"https:\/\/www.hydraulic-cylinders.net\/ro\/aerial-work-vehicle-hydraulic-cylinder\/\"><strong>cilindri hidraulici pentru vehicule de lucru aeriene<\/strong><\/a>, inclusiv cilindri de \u00eenclinare, direc\u021bie \u0219i stabilizare pentru platforme elevatoare cu bra\u021b \u0219i foarfec\u0103. Concepute pentru compatibilitate \u0219i performan\u021b\u0103, solu\u021biile noastre r\u0103spund nevoilor dumneavoastr\u0103 unice. pentru a g\u0103si sistemul hidraulic perfect.<\/div>\n<\/div>\n<h2><strong>Cum influen\u021beaz\u0103 capacitatea de \u00eenc\u0103rcare a unui cilindru de ridicare siguran\u021ba \u00een aplica\u021biile de lucru aeriene?<\/strong><\/h2>\n<p>Cu siguran\u021b\u0103! Iat\u0103 o versiune extins\u0103 \u0219i optimizat\u0103 a fiec\u0103rui punct referitor la modul \u00een care capacitatea de \u00eenc\u0103rcare a unui cilindru de ridicare influen\u021beaz\u0103 siguran\u021ba \u00een aplica\u021biile de lucru aeriene:<\/p>\n<h4><strong>Prevenirea supra\u00eenc\u0103rc\u0103rii:<\/strong><\/h4>\n<p>Un cilindru de ridicare proiectat cu o capacitate de \u00eenc\u0103rcare adecvat\u0103 este esen\u021bial pentru ridicarea \u0219i sus\u021binerea \u00een siguran\u021b\u0103 a greut\u0103\u021bilor prev\u0103zute. Atunci c\u00e2nd un cilindru este supra\u00eenc\u0103rcat, acesta risc\u0103 o defec\u021biune catastrofal\u0103, ceea ce poate duce la accidente grave, r\u0103niri sau deteriorarea at\u00e2t a echipamentului, c\u00e2t \u0219i a zonei \u00eenconjur\u0103toare. Asigurarea faptului c\u0103 specifica\u021biile cilindrului corespund sarcinii a\u0219teptate este crucial\u0103 pentru men\u021binerea unui mediu de lucru sigur \u0219i evitarea incidentelor costisitoare.<\/p>\n<h4><strong>Stabilitate:<\/strong><\/h4>\n<p>Capacitatea de \u00eenc\u0103rcare a unui cilindru de ridicare contribuie semnificativ la stabilitatea platformelor aeriene. Atunci c\u00e2nd cilindrul poate sus\u021bine \u00een mod adecvat greutatea ridicat\u0103, acesta ajut\u0103 la men\u021binerea echilibrului platformei, \u00eempiedic\u00e2nd r\u0103sturnarea sau balansarea acesteia. Aceast\u0103 stabilitate este vital\u0103, \u00een special atunci c\u00e2nd se lucreaz\u0103 la \u00een\u0103l\u021bime, deoarece minimizeaz\u0103 riscul de c\u0103deri sau accidente care ar putea pune \u00een pericol operatorii \u0219i trec\u0103torii.<\/p>\n<h4><strong>Opera\u021biuni controlate:<\/strong><\/h4>\n<p>Un cilindru cu o capacitate de \u00eenc\u0103rcare suficient\u0103 permite opera\u021biuni de ridicare \u0219i cobor\u00e2re mai line, permi\u021b\u00e2nd mi\u0219c\u0103ri precise. Acest control este crucial \u00een prevenirea mi\u0219c\u0103rilor bru\u0219te sau sacadate care pot duce la accidente, deteriorarea echipamentelor sau pierderea sarcinii. Prin asigurarea faptului c\u0103 cilindrul de ridicare poate gestiona greutatea \u00een siguran\u021b\u0103, operatorii pot efectua sarcini cu mai mult\u0103 \u00eencredere \u0219i precizie, sporind siguran\u021ba general\u0103 \u00een timpul opera\u021biunilor.<\/p>\n<h4><strong>Longevitate \u0219i fiabilitate:<\/strong><\/h4>\n<p>Cilindrii de ridicare care func\u021bioneaz\u0103 \u00een limita capacit\u0103\u021bii de \u00eenc\u0103rcare specificate se confrunt\u0103 cu solicit\u0103ri \u0219i uzur\u0103 reduse, contribuind la longevitatea \u0219i fiabilitatea lor. \u00cen timp, func\u021bionarea constant\u0103 \u00een limitele de siguran\u021b\u0103 ajut\u0103 la men\u021binerea integrit\u0103\u021bii cilindrului, ceea ce duce la mai pu\u021bine defec\u021biuni \u0219i nevoi de \u00eentre\u021binere. Un cilindru de ridicare fiabil este esen\u021bial pentru siguran\u021b\u0103, deoarece minimizeaz\u0103 \u0219ansele de defec\u021biuni nea\u0219teptate \u00een timpul sarcinilor critice de ridicare, asigur\u00e2nd opera\u021biuni f\u0103r\u0103 probleme.<\/p>\n<h4><strong>Respectarea reglement\u0103rilor:<\/strong><\/h4>\n<p>Respectarea cerin\u021belor privind capacitatea de \u00eenc\u0103rcare este adesea o necesitate legal\u0103, deoarece multe standarde \u0219i reglement\u0103ri de siguran\u021b\u0103 stabilesc limite specifice de \u00eenc\u0103rcare pentru echipamentele de ridicare. Asigurarea faptului c\u0103 cilindrul de ridicare \u00eendepline\u0219te sau dep\u0103\u0219e\u0219te aceste cerin\u021be de reglementare nu numai c\u0103 promoveaz\u0103 opera\u021biuni sigure, dar protejeaz\u0103 \u0219i \u00eentreprinderile de r\u0103spunderi legale \u0219i penalit\u0103\u021bi. Conformitatea promoveaz\u0103 o cultur\u0103 a siguran\u021bei \u00een cadrul organiza\u021biei, consolid\u00e2nd importan\u021ba utiliz\u0103rii unor echipamente care sunt at\u00e2t fiabile, c\u00e2t \u0219i conforme cu standardele industriei.<\/p>\n<p>\u00cen concluzie, capacitatea de \u00eenc\u0103rcare a unui cilindru de ridicare este esen\u021bial\u0103 pentru siguran\u021ba \u00een aplica\u021biile de lucru aeriene, influen\u021b\u00e2nd prevenirea supra\u00eenc\u0103rc\u0103rii, stabilitatea, controlul opera\u021bional, longevitatea echipamentelor \u0219i conformitatea cu reglement\u0103rile. Prin prioritizarea acestor factori, operatorii pot crea un mediu de lucru mai sigur \u0219i pot \u00eembun\u0103t\u0103\u021bi eficien\u021ba opera\u021bional\u0103 general\u0103.<\/p>\n<h2><strong>Zona de produc\u021bie a cilindrilor pentru stivuitoare:<\/strong><\/h2>\n<h2><img loading=\"lazy\" decoding=\"async\" class=\"alignnone size-full wp-image-16972\" src=\"https:\/\/www.hydraulic-cylinders.net\/wp-content\/uploads\/2025\/01\/hydraulic-cylinder-factory-1-scaled.webp\" alt=\"\" width=\"2016\" height=\"2560\" srcset=\"https:\/\/www.hydraulic-cylinders.net\/wp-content\/uploads\/2025\/01\/hydraulic-cylinder-factory-1-scaled.webp 2016w, https:\/\/www.hydraulic-cylinders.net\/wp-content\/uploads\/2025\/01\/hydraulic-cylinder-factory-1-1280x1625.webp 1280w, https:\/\/www.hydraulic-cylinders.net\/wp-content\/uploads\/2025\/01\/hydraulic-cylinder-factory-1-980x1244.webp 980w, https:\/\/www.hydraulic-cylinders.net\/wp-content\/uploads\/2025\/01\/hydraulic-cylinder-factory-1-480x610.webp 480w\" sizes=\"(min-width: 0px) and (max-width: 480px) 480px, (min-width: 481px) and (max-width: 980px) 980px, (min-width: 981px) and (max-width: 1280px) 1280px, (min-width: 1281px) 2016px, 100vw\" \/><\/h2>\n<p>Ne m\u00e2ndrim cu o platform\u0103 independent\u0103 de cercetare \u0219i dezvoltare de ultim\u0103 genera\u021bie dedicat\u0103 asambl\u0103rii, asigur\u00e2nd inova\u021bie \u0219i calitate de top \u00een procesele noastre de fabrica\u021bie. Atelierul nostru de produc\u021bie a cilindrilor pentru stivuitoare dispune de patru linii de asamblare semiautomate pentru cilindrii de ridicare \u0219i o linie de asamblare complet automat\u0103 pentru cilindrii de \u00eenclinare, proiectate \u00eempreun\u0103 pentru a produce p\u00e2n\u0103 la un milion de unit\u0103\u021bi anual.<\/p>\n<p>\u00cen plus, atelierul nostru specializat de cilindri este dotat cu sisteme semiautomate de cur\u0103\u021bare \u0219i asamblare adaptate la diverse specifica\u021bii, cu o capacitate anual\u0103 de produc\u021bie de 200.000 de buc\u0103\u021bi. Utiliz\u0103m echipamente CNC renumite, centre de prelucrare \u0219i unelte specializate pentru prelucrarea de \u00eenalt\u0103 precizie a cilindrilor. Facilitatea noastr\u0103 include, de asemenea, ma\u0219ini avansate de sudur\u0103 robotizat\u0103, sisteme automate de cur\u0103\u021bare \u0219i linii complet automatizate de asamblare \u0219i vopsire a cilindrilor. Cu peste 300 de echipamente cheie opera\u021bionale, optimiz\u0103m alocarea resurselor \u0219i asigur\u0103m o utilizare eficient\u0103, respect\u00e2nd standarde stricte de precizie \u0219i calitate.<\/p>\n<p>Atelierul nostru de prelucrare dispune de centre de strunjire personalizate cu ghidare \u00eenclinat\u0103, centre de prelucrare, ma\u0219ini de honuit de mare vitez\u0103, robo\u021bi de sudur\u0103 \u0219i alte echipamente esen\u021biale. Aceast\u0103 configura\u021bie ne permite s\u0103 prelucr\u0103m tuburi cilindrice cu un diametru interior maxim de 400 mm \u0219i lungimi de p\u00e2n\u0103 la 6 metri, sporind \u0219i mai mult capacit\u0103\u021bile noastre de produc\u021bie.<\/p>\n<h2><img loading=\"lazy\" decoding=\"async\" class=\"alignnone size-full wp-image-16973\" src=\"https:\/\/www.hydraulic-cylinders.net\/wp-content\/uploads\/2025\/01\/hydraulic-cylinder-factory-2-scaled.webp\" alt=\"\" width=\"2011\" height=\"2560\" srcset=\"https:\/\/www.hydraulic-cylinders.net\/wp-content\/uploads\/2025\/01\/hydraulic-cylinder-factory-2-scaled.webp 2011w, https:\/\/www.hydraulic-cylinders.net\/wp-content\/uploads\/2025\/01\/hydraulic-cylinder-factory-2-1280x1629.webp 1280w, https:\/\/www.hydraulic-cylinders.net\/wp-content\/uploads\/2025\/01\/hydraulic-cylinder-factory-2-980x1248.webp 980w, https:\/\/www.hydraulic-cylinders.net\/wp-content\/uploads\/2025\/01\/hydraulic-cylinder-factory-2-480x611.webp 480w\" sizes=\"(min-width: 0px) and (max-width: 480px) 480px, (min-width: 481px) and (max-width: 980px) 980px, (min-width: 981px) and (max-width: 1280px) 1280px, (min-width: 1281px) 2011px, 100vw\" \/><\/h2>\n<p>Oper\u0103m o linie de vopsire pe baz\u0103 de ap\u0103 complet automat\u0103, special conceput\u0103 pentru cilindri mici \u0219i medii, cu robo\u021bi automatiza\u021bi de \u00eenc\u0103rcare, desc\u0103rcare \u0219i pulverizare. Acest sistem de ultim\u0103 genera\u021bie se m\u00e2ndre\u0219te cu o capacitate de produc\u021bie de 4.000 de unit\u0103\u021bi pe schimb. \u00cen plus, avem o linie de vopsire semiautomat\u0103 pentru cilindri de dimensiuni mari, ac\u021bionat\u0103 de un lan\u021b, cu o capacitate proiectat\u0103 de 60 de l\u0103zi pe schimb.<\/p>\n<p>Pentru a \u00eembun\u0103t\u0103\u021bi performan\u021ba produselor \u0219i a ne consolida pozi\u021bia de lider \u00een industria cilindrilor hidraulici, am \u00eencheiat un parteneriat cu ZJIMEE pentru a \u00eenfiin\u021ba un laborator cuprinz\u0103tor de performan\u021b\u0103 dedicat cilindrilor, valvelor \u0219i pompelor hidraulice. Acest laborator avansat utilizeaz\u0103 testarea asistat\u0103 de computer cu tehnologie electrohidraulic\u0103, permi\u021b\u00e2nd condi\u021bii de testare prestabilite care \u00eembun\u0103t\u0103\u021besc precizia \u0219i versatilitatea sistemului. Procesul automat de colectare a datelor utilizeaz\u0103 senzori pentru a colecta date de ie\u0219ire, cum ar fi scurgerile interne \u0219i eficien\u021ba sarcinii, care sunt apoi procesate de un computer \u0219i convertite \u00een unit\u0103\u021bi standard (ml\/min%).<\/p>\n<p>\u00cen plus, pentru a asigura siguran\u021ba sistemelor noastre hidraulice, implement\u0103m monitorizarea st\u0103rii parametrilor cheie de performan\u021b\u0103, inclusiv temperatura uleiului, nivelul lichidului \u0219i starea dispozitivului de filtrare. Standul nostru de testare a cilindrilor hidraulici este capabil s\u0103 evalueze \u201eeficien\u021ba sarcinii\u201d \u0219i \u201escurgerile interne\u201d prin citiri precise. De asemenea, este echipat cu un instrument de m\u0103surare cu rigl\u0103 tip r\u0103z\u0103toare care \u00eendepline\u0219te standardele na\u021bionale, asigur\u00e2nd conformitatea cu toate cerin\u021bele de testare pentru produsele cu cilindri hidraulici.<\/p>\n<p>&nbsp;<\/p>","protected":false},"excerpt":{"rendered":"<p>High-Performance Lifting Cylinder for Scissor Type Aerial Work Vehicles Our lifting cylinder for scissor type aerial work vehicles delivers exceptional strength and precision for demanding high-altitude tasks. Engineered for articulated and telescopic boom lifts, our hydraulic cylinders ensure smooth, controlled lifting and unwavering stability, making them a trusted choice for aerial platforms. Designed for seamless [&hellip;]<\/p>","protected":false},"featured_media":17489,"comment_status":"open","ping_status":"closed","template":"","meta":{"_et_pb_use_builder":"","_et_pb_old_content":"","_et_gb_content_width":""},"product_brand":[],"product_cat":[1500,1549,1376],"product_tag":[],"class_list":{"0":"post-17180","1":"product","2":"type-product","3":"status-publish","4":"has-post-thumbnail","6":"product_cat-aerial-work-vehicle-hydraulic-cylinder","7":"product_cat-single-acting-hydraulic-cylinder","8":"product_cat-hydraulic-cylinder","10":"first","11":"instock","12":"shipping-taxable","13":"product-type-simple"},"amp_enabled":true,"_links":{"self":[{"href":"https:\/\/www.hydraulic-cylinders.net\/ro\/wp-json\/wp\/v2\/product\/17180","targetHints":{"allow":["GET"]}}],"collection":[{"href":"https:\/\/www.hydraulic-cylinders.net\/ro\/wp-json\/wp\/v2\/product"}],"about":[{"href":"https:\/\/www.hydraulic-cylinders.net\/ro\/wp-json\/wp\/v2\/types\/product"}],"replies":[{"embeddable":true,"href":"https:\/\/www.hydraulic-cylinders.net\/ro\/wp-json\/wp\/v2\/comments?post=17180"}],"wp:featuredmedia":[{"embeddable":true,"href":"https:\/\/www.hydraulic-cylinders.net\/ro\/wp-json\/wp\/v2\/media\/17489"}],"wp:attachment":[{"href":"https:\/\/www.hydraulic-cylinders.net\/ro\/wp-json\/wp\/v2\/media?parent=17180"}],"wp:term":[{"taxonomy":"product_brand","embeddable":true,"href":"https:\/\/www.hydraulic-cylinders.net\/ro\/wp-json\/wp\/v2\/product_brand?post=17180"},{"taxonomy":"product_cat","embeddable":true,"href":"https:\/\/www.hydraulic-cylinders.net\/ro\/wp-json\/wp\/v2\/product_cat?post=17180"},{"taxonomy":"product_tag","embeddable":true,"href":"https:\/\/www.hydraulic-cylinders.net\/ro\/wp-json\/wp\/v2\/product_tag?post=17180"}],"curies":[{"name":"wp","href":"https:\/\/api.w.org\/{rel}","templated":true}]}}