{"id":17205,"date":"2025-02-21T08:54:35","date_gmt":"2025-02-21T08:54:35","guid":{"rendered":"https:\/\/www.hydraulic-cylinders.net\/?post_type=product&#038;p=17205"},"modified":"2025-04-30T08:50:28","modified_gmt":"2025-04-30T08:50:28","slug":"swing-rod-oil-cylinder-for-mast-type-aerial-work-vehicles","status":"publish","type":"product","link":"https:\/\/www.hydraulic-cylinders.net\/ro\/produs\/swing-rod-oil-cylinder-for-mast-type-aerial-work-vehicles\/","title":{"rendered":"Cilindru de ulei pentru tija oscilant\u0103 pentru vehicule de lucru aeriene de tip catarg"},"content":{"rendered":"<h1 style=\"text-align: center;\"><strong>Cilindru de ulei pentru tija oscilant\u0103 pentru vehicule de lucru aeriene de tip catarg<\/strong><\/h1>\n<h1 style=\"text-align: center;\"><img loading=\"lazy\" decoding=\"async\" class=\"alignnone size-full wp-image-17199\" src=\"https:\/\/www.hydraulic-cylinders.net\/wp-content\/uploads\/2025\/02\/hcyy11112005-main-boom-angle-cylinder-2.jpg\" alt=\"\" width=\"1501\" height=\"517\" srcset=\"https:\/\/www.hydraulic-cylinders.net\/wp-content\/uploads\/2025\/02\/hcyy11112005-main-boom-angle-cylinder-2.jpg 1501w, https:\/\/www.hydraulic-cylinders.net\/wp-content\/uploads\/2025\/02\/hcyy11112005-main-boom-angle-cylinder-2-1280x441.jpg 1280w, https:\/\/www.hydraulic-cylinders.net\/wp-content\/uploads\/2025\/02\/hcyy11112005-main-boom-angle-cylinder-2-980x338.jpg 980w, https:\/\/www.hydraulic-cylinders.net\/wp-content\/uploads\/2025\/02\/hcyy11112005-main-boom-angle-cylinder-2-480x165.jpg 480w\" sizes=\"(min-width: 0px) and (max-width: 480px) 480px, (min-width: 481px) and (max-width: 980px) 980px, (min-width: 981px) and (max-width: 1280px) 1280px, (min-width: 1281px) 1501px, 100vw\" \/><\/h1>\n<p>Cilindrul de ulei pentru tija de articula\u021bie pentru vehiculele de lucru aeriene de tip catarg este o component\u0103 esen\u021bial\u0103 conceput\u0103 special pentru vehiculele de lucru aeriene. Acest cilindru joac\u0103 un rol crucial \u00een reglarea precis\u0103 a unghiului bra\u021bului principal, permi\u021b\u00e2nd operatorilor s\u0103 ating\u0103 \u00een\u0103l\u021bimile \u0219i pozi\u021biile dorite cu precizie \u0219i stabilitate. Performan\u021ba sa fiabil\u0103 spore\u0219te semnificativ eficien\u021ba \u0219i siguran\u021ba opera\u021biunilor aeriene.<\/p>\n<p>Ca parte fundamental\u0103 a vehiculelor de lucru aeriene, cilindrul de ulei pentru tija de articula\u021bie ofer\u0103 durabilitatea \u0219i precizia necesare pentru o utilizare eficient\u0103 \u0219i sigur\u0103. Construc\u021bia sa robust\u0103, instalarea u\u0219oar\u0103 \u0219i compatibilitatea cu o varietate de modele \u00eel fac o alegere preferat\u0103 \u00een r\u00e2ndul operatorilor de flote. Prin asigurarea \u00eentre\u021binerii corespunz\u0103toare a acestei componente vitale, operatorii pot optimiza performan\u021ba vehiculelor lor de lucru aeriene, ceea ce duce la o productivitate \u0219i o siguran\u021b\u0103 \u00eembun\u0103t\u0103\u021bite pe \u0219antiere. Investi\u021bia \u00een cilindrul de ulei pentru tija de articula\u021bie pentru vehiculele de lucru aeriene de tip catarg nu numai c\u0103 v\u0103 \u00eembun\u0103t\u0103\u021be\u0219te opera\u021biunile aeriene, dar garanteaz\u0103 \u0219i rezultate remarcabile.<\/p>\n<h2><strong>Cilindru de ulei pentru tija oscilant\u0103 pentru vehicule de lucru aeriene de tip catarg Parametru:<\/strong><\/h2>\n<h1 style=\"text-align: center;\"><img loading=\"lazy\" decoding=\"async\" class=\"alignnone size-full wp-image-17198\" src=\"https:\/\/www.hydraulic-cylinders.net\/wp-content\/uploads\/2025\/02\/hcyy11112005-main-boom-angle-cylinder-1.jpg\" alt=\"\" width=\"1511\" height=\"150\" srcset=\"https:\/\/www.hydraulic-cylinders.net\/wp-content\/uploads\/2025\/02\/hcyy11112005-main-boom-angle-cylinder-1.jpg 1511w, https:\/\/www.hydraulic-cylinders.net\/wp-content\/uploads\/2025\/02\/hcyy11112005-main-boom-angle-cylinder-1-1280x127.jpg 1280w, https:\/\/www.hydraulic-cylinders.net\/wp-content\/uploads\/2025\/02\/hcyy11112005-main-boom-angle-cylinder-1-980x97.jpg 980w, https:\/\/www.hydraulic-cylinders.net\/wp-content\/uploads\/2025\/02\/hcyy11112005-main-boom-angle-cylinder-1-480x48.jpg 480w\" sizes=\"(min-width: 0px) and (max-width: 480px) 480px, (min-width: 481px) and (max-width: 980px) 980px, (min-width: 981px) and (max-width: 1280px) 1280px, (min-width: 1281px) 1511px, 100vw\" \/> \u00a0\u00a0<img loading=\"lazy\" decoding=\"async\" class=\"alignnone size-full wp-image-17201\" src=\"https:\/\/www.hydraulic-cylinders.net\/wp-content\/uploads\/2025\/02\/hcyy11112005-main-boom-angle-cylinder-4.jpg\" alt=\"\" width=\"1475\" height=\"709\" srcset=\"https:\/\/www.hydraulic-cylinders.net\/wp-content\/uploads\/2025\/02\/hcyy11112005-main-boom-angle-cylinder-4.jpg 1475w, https:\/\/www.hydraulic-cylinders.net\/wp-content\/uploads\/2025\/02\/hcyy11112005-main-boom-angle-cylinder-4-1280x615.jpg 1280w, https:\/\/www.hydraulic-cylinders.net\/wp-content\/uploads\/2025\/02\/hcyy11112005-main-boom-angle-cylinder-4-980x471.jpg 980w, https:\/\/www.hydraulic-cylinders.net\/wp-content\/uploads\/2025\/02\/hcyy11112005-main-boom-angle-cylinder-4-480x231.jpg 480w\" sizes=\"(min-width: 0px) and (max-width: 480px) 480px, (min-width: 481px) and (max-width: 980px) 980px, (min-width: 981px) and (max-width: 1280px) 1280px, (min-width: 1281px) 1475px, 100vw\" \/> <img loading=\"lazy\" decoding=\"async\" class=\"alignnone size-full wp-image-17200\" src=\"https:\/\/www.hydraulic-cylinders.net\/wp-content\/uploads\/2025\/02\/hcyy11112005-main-boom-angle-cylinder-3.jpg\" alt=\"\" width=\"1480\" height=\"711\" srcset=\"https:\/\/www.hydraulic-cylinders.net\/wp-content\/uploads\/2025\/02\/hcyy11112005-main-boom-angle-cylinder-3.jpg 1480w, https:\/\/www.hydraulic-cylinders.net\/wp-content\/uploads\/2025\/02\/hcyy11112005-main-boom-angle-cylinder-3-1280x615.jpg 1280w, https:\/\/www.hydraulic-cylinders.net\/wp-content\/uploads\/2025\/02\/hcyy11112005-main-boom-angle-cylinder-3-980x471.jpg 980w, https:\/\/www.hydraulic-cylinders.net\/wp-content\/uploads\/2025\/02\/hcyy11112005-main-boom-angle-cylinder-3-480x231.jpg 480w\" sizes=\"(min-width: 0px) and (max-width: 480px) 480px, (min-width: 481px) and (max-width: 980px) 980px, (min-width: 981px) and (max-width: 1280px) 1280px, (min-width: 1281px) 1480px, 100vw\" \/><\/h1>\n<h1 style=\"text-align: center;\"><img loading=\"lazy\" decoding=\"async\" class=\"alignnone size-full wp-image-17202\" src=\"https:\/\/www.hydraulic-cylinders.net\/wp-content\/uploads\/2025\/02\/hcyy11112005-main-boom-angle-cylinder-5.jpg\" alt=\"\" width=\"1436\" height=\"709\" srcset=\"https:\/\/www.hydraulic-cylinders.net\/wp-content\/uploads\/2025\/02\/hcyy11112005-main-boom-angle-cylinder-5.jpg 1436w, https:\/\/www.hydraulic-cylinders.net\/wp-content\/uploads\/2025\/02\/hcyy11112005-main-boom-angle-cylinder-5-1280x632.jpg 1280w, https:\/\/www.hydraulic-cylinders.net\/wp-content\/uploads\/2025\/02\/hcyy11112005-main-boom-angle-cylinder-5-980x484.jpg 980w, https:\/\/www.hydraulic-cylinders.net\/wp-content\/uploads\/2025\/02\/hcyy11112005-main-boom-angle-cylinder-5-480x237.jpg 480w\" sizes=\"(min-width: 0px) and (max-width: 480px) 480px, (min-width: 481px) and (max-width: 980px) 980px, (min-width: 981px) and (max-width: 1280px) 1280px, (min-width: 1281px) 1436px, 100vw\" \/><\/h1>\n<h2><strong>Serie de cilindri pentru vehicule de lucru aeriene:<\/strong><\/h2>\n<h2><img loading=\"lazy\" decoding=\"async\" class=\"wp-image-1044652 size-full aligncenter\" src=\"https:\/\/images.hzpt.com\/2025\/02\/cylinder-series-for-aerial-work-vehicles.webp\" alt=\"\" width=\"751\" height=\"850\" \/><\/h2>\n<h2><strong>Caracteristici cheie ale cilindrului de ulei cu tij\u0103 pivotant\u0103 pentru vehicule de lucru aeriene de tip catarg:<\/strong><\/h2>\n<h4><strong>Durabilitate excep\u021bional\u0103<\/strong><\/h4>\n<p>Cilindrul de ulei pentru tija articulat\u0103 pentru vehiculele de lucru aeriene de tip catarg este construit din materiale de \u00eenalt\u0103 calitate, concepute pentru a rezista la condi\u021bii de mediu extreme, inclusiv umiditate ridicat\u0103, varia\u021bii de temperatur\u0103 \u0219i expunerea la substan\u021be chimice dure. Aceast\u0103 construc\u021bie robust\u0103 asigur\u0103 c\u0103 cilindrul poate rezista la o utilizare intens\u0103 \u00een medii de lucru dificile, prelungindu-i semnificativ durata de via\u021b\u0103 opera\u021bional\u0103. Operatorii beneficiaz\u0103 de aceast\u0103 durabilitate prin faptul c\u0103 necesit\u0103 mai pu\u021bine \u00eenlocuiri \u0219i repara\u021bii, ceea ce duce la costuri opera\u021bionale totale mai mici.<\/p>\n<h4><strong>Reglare de precizie<\/strong><\/h4>\n<p>Proiectat meticulos pentru precizie, cilindrul de ulei al tijei pivotante permite ajust\u0103ri precise ale unghiului bra\u021bului principal. Acest nivel de control este esen\u021bial pentru operatorii care navigheaz\u0103 \u00een spa\u021bii \u00eenchise sau complexe, unde precizia este critic\u0103. Designul cilindrului promoveaz\u0103 mi\u0219c\u0103ri line \u0219i receptive, permi\u021b\u00e2nd operatorilor s\u0103 pozi\u021bioneze bra\u021bul exact acolo unde este nevoie. O astfel de precizie nu numai c\u0103 spore\u0219te eficien\u021ba opera\u021bional\u0103, dar \u00eembun\u0103t\u0103\u021be\u0219te \u0219i siguran\u021ba lucr\u0103torilor, asigur\u00e2nd performan\u021be fiabile ale echipamentelor.<\/p>\n<h4><strong>Acoperire protectoare<\/strong><\/h4>\n<p>Av\u00e2nd un strat special rezistent la coroziune, cilindrul de ulei pentru tija articulat\u0103 pentru vehiculele de lucru aeriene de tip catarg protejeaz\u0103 \u00eempotriva ruginii \u0219i uzurii care pot degrada performan\u021ba \u00een timp. Acest strat protector minimizeaz\u0103 nevoile de \u00eentre\u021binere, permi\u021b\u00e2nd operatorilor s\u0103 se concentreze asupra sarcinilor lor f\u0103r\u0103 povara unei \u00eentre\u021bineri frecvente. Prin abordarea riscurilor de coroziune, aceast\u0103 caracteristic\u0103 asigur\u0103 c\u0103 cilindrul \u00ee\u0219i p\u0103streaz\u0103 func\u021bionalitatea \u0219i aspectul vizual pe toat\u0103 durata sa de via\u021b\u0103, contribuind la fiabilitatea pe termen lung.<\/p>\n<h4><strong>Instalare simplificat\u0103<\/strong><\/h4>\n<p>Cilindrul de ulei al tijei pivotante este conceput pentru o instalare u\u0219oar\u0103, facilit\u00e2nd integrarea rapid\u0103 \u00een diverse vehicule de lucru aeriene. Aceast\u0103 caracteristic\u0103 u\u0219or de utilizat reduce semnificativ timpul de nefunc\u021bionare \u00een timpul moderniz\u0103rilor sau \u00eenlocuirilor, permi\u021b\u00e2nd operatorilor s\u0103 revin\u0103 rapid la lucru \u0219i s\u0103 men\u021bin\u0103 niveluri ridicate de productivitate. \u00cen plus, procesul simplu de instalare necesit\u0103 mai pu\u021bin\u0103 for\u021b\u0103 de munc\u0103 specializat\u0103, sporind \u0219i mai mult eficien\u021ba opera\u021bional\u0103.<\/p>\n<h4><strong>Compatibilitate larg\u0103<\/strong><\/h4>\n<p>Acest cilindru este proiectat pentru a fi compatibil cu o gam\u0103 divers\u0103 de modele de vehicule de lucru aeriene, oferind operatorilor de flote flexibilitatea de a standardiza componentele pentru toate echipamentele lor. Aceast\u0103 versatilitate simplific\u0103 gestionarea stocurilor, permi\u021b\u00e2nd operatorilor s\u0103 \u00eentre\u021bin\u0103 mai pu\u021bine piese, asigur\u00e2ndu-se \u00een acela\u0219i timp c\u0103 vehiculele lor sunt echipate cu componente de cea mai bun\u0103 calitate. Standardizarea ajut\u0103, de asemenea, la instruirea operatorilor \u0219i a personalului de \u00eentre\u021binere, deoarece familiarizarea cu un singur tip de cilindru promoveaz\u0103 consecven\u021ba \u0219i siguran\u021ba \u00een \u00eentreaga flot\u0103.<\/p>\n<p>\u00cen concluzie, cilindrul de ulei pentru tija pivotant\u0103 pentru vehiculele de lucru aeriene de tip catarg exceleaz\u0103 prin durabilitate, precizie, caracteristici de protec\u021bie, u\u0219urin\u021b\u0103 \u00een instalare \u0219i compatibilitate, ceea ce \u00eel face o component\u0103 indispensabil\u0103 pentru orice vehicul de lucru aeriene.<\/p>\n<h2><strong>Cum \u00eembun\u0103t\u0103\u021be\u0219te cilindrul de ulei al tijei pivotante pentru vehiculele de lucru aeriene de tip catarg siguran\u021ba \u0219i eficien\u021ba opera\u021biunilor de lucru aeriene?<\/strong><\/h2>\n<p>Cu siguran\u021b\u0103! Iat\u0103 un r\u0103spuns extins \u0219i optimizat cu privire la mediile specifice la care este proiectat s\u0103 reziste cilindrul unghiular al bra\u021bului principal HCYY11112005:<\/p>\n<h4><strong>1. Umiditate ridicat\u0103<\/strong><\/h4>\n<p>Cilindrul de ulei pentru tija pivotant\u0103 pentru vehiculele de lucru aeriene de tip catarg este proiectat s\u0103 func\u021bioneze fiabil \u00een medii cu umiditate ridicat\u0103, unde excesul de umiditate poate duce la coroziune \u0219i degradarea echipamentelor. Materialele sale avansate \u0219i straturile de protec\u021bie previn rugina, asigur\u00e2nd c\u0103 cilindrul \u00ee\u0219i men\u021bine func\u021bionalitatea chiar \u0219i \u00een condi\u021bii de umezeal\u0103. Aceast\u0103 capacitate este esen\u021bial\u0103 pentru opera\u021biunile efectuate \u00een zone de coast\u0103, \u00een climate ploioase sau \u00een loca\u021bii \u00een care nivelurile de umiditate sunt constant ridicate, permi\u021b\u00e2nd operatorilor s\u0103 lucreze cu \u00eencredere f\u0103r\u0103 a-\u0219i face griji cu privire la defec\u021biunile echipamentelor.<\/p>\n<h4><strong>2. Fluctua\u021bii de temperatur\u0103<\/strong><\/h4>\n<p>Conceput s\u0103 reziste la o gam\u0103 larg\u0103 de varia\u021bii de temperatur\u0103, cilindrul de ulei al tijei pivotante func\u021bioneaz\u0103 eficient at\u00e2t \u00een \u200b\u200bcondi\u021bii extreme de c\u0103ldur\u0103, c\u00e2t \u0219i de frig. Aceast\u0103 rezisten\u021b\u0103 este crucial\u0103 pentru vehiculele de lucru aeriene care opereaz\u0103 \u00een diverse climate, de la veri caniculare la ierni geroase. Construc\u021bia cilindrului asigur\u0103 c\u0103 acesta r\u0103m\u00e2ne opera\u021bional \u0219i men\u021bine standardele de performan\u021b\u0103, indiferent de provoc\u0103rile de temperatur\u0103 cu care se confrunt\u0103. Aceast\u0103 versatilitate permite operatorilor s\u0103 utilizeze echipamentul \u00een diverse loca\u021bii geografice f\u0103r\u0103 a compromite siguran\u021ba sau eficien\u021ba.<\/p>\n<h4><strong>3. Substan\u021be chimice dure<\/strong><\/h4>\n<p>Cilindrul de ulei pentru tija pivotant\u0103 pentru vehiculele de lucru aeriene de tip catarg este construit din materiale care rezist\u0103 la expunerea la substan\u021be chimice dure \u00eent\u00e2lnite frecvent \u00een mediile industriale \u0219i de construc\u021bii. Fie c\u0103 este vorba de solven\u021bi, combustibili sau alte substan\u021be corozive, designul robust al acestui cilindru \u00eel protejeaz\u0103 de deteriorarea chimic\u0103, asigur\u00e2nd o durat\u0103 de via\u021b\u0103 mai lung\u0103. Aceast\u0103 rezisten\u021b\u0103 nu numai c\u0103 spore\u0219te durabilitatea cilindrului, dar reduce \u0219i necesitatea \u00eenlocuirilor frecvente, permi\u021b\u00e2nd operatorilor s\u0103 se concentreze asupra sarcinilor lor f\u0103r\u0103 grija constant\u0103 a deterior\u0103rii echipamentului.<\/p>\n<p>\u00cen concluzie, cilindrul de ulei pentru tija articulat\u0103 pentru vehiculele de lucru aeriene de tip catarg este special conceput pentru a excela \u00een condi\u021bii de umiditate ridicat\u0103, a rezista la fluctua\u021biile de temperatur\u0103 \u0219i la deteriorarea cauzat\u0103 de substan\u021be chimice dure, ceea ce \u00eel face o alegere ideal\u0103 pentru o varietate de medii de lucru dificile.<\/p>\n<h2><strong>Zona de produc\u021bie a cilindrilor pentru vehicule de lucru aeriene:<\/strong><\/h2>\n<h2><img loading=\"lazy\" decoding=\"async\" class=\"alignnone size-full wp-image-16972\" src=\"https:\/\/www.hydraulic-cylinders.net\/wp-content\/uploads\/2025\/01\/hydraulic-cylinder-factory-1-scaled.webp\" alt=\"\" width=\"2016\" height=\"2560\" srcset=\"https:\/\/www.hydraulic-cylinders.net\/wp-content\/uploads\/2025\/01\/hydraulic-cylinder-factory-1-scaled.webp 2016w, https:\/\/www.hydraulic-cylinders.net\/wp-content\/uploads\/2025\/01\/hydraulic-cylinder-factory-1-1280x1625.webp 1280w, https:\/\/www.hydraulic-cylinders.net\/wp-content\/uploads\/2025\/01\/hydraulic-cylinder-factory-1-980x1244.webp 980w, https:\/\/www.hydraulic-cylinders.net\/wp-content\/uploads\/2025\/01\/hydraulic-cylinder-factory-1-480x610.webp 480w\" sizes=\"(min-width: 0px) and (max-width: 480px) 480px, (min-width: 481px) and (max-width: 980px) 980px, (min-width: 981px) and (max-width: 1280px) 1280px, (min-width: 1281px) 2016px, 100vw\" \/><\/h2>\n<p>Ne m\u00e2ndrim cu o platform\u0103 independent\u0103 de cercetare \u0219i dezvoltare de ultim\u0103 genera\u021bie dedicat\u0103 asambl\u0103rii, asigur\u00e2nd inova\u021bie \u0219i calitate de top \u00een procesele noastre de fabrica\u021bie. Atelierul nostru de produc\u021bie a cilindrilor pentru stivuitoare dispune de patru linii de asamblare semiautomate pentru cilindrii de ridicare \u0219i o linie de asamblare complet automat\u0103 pentru cilindrii de \u00eenclinare, proiectate \u00eempreun\u0103 pentru a produce p\u00e2n\u0103 la un milion de unit\u0103\u021bi anual.<\/p>\n<p>\u00cen plus, atelierul nostru specializat de cilindri este dotat cu sisteme semiautomate de cur\u0103\u021bare \u0219i asamblare adaptate la diverse specifica\u021bii, cu o capacitate anual\u0103 de produc\u021bie de 200.000 de buc\u0103\u021bi. Utiliz\u0103m echipamente CNC renumite, centre de prelucrare \u0219i unelte specializate pentru prelucrarea de \u00eenalt\u0103 precizie a cilindrilor. Facilitatea noastr\u0103 include, de asemenea, ma\u0219ini avansate de sudur\u0103 robotizat\u0103, sisteme automate de cur\u0103\u021bare \u0219i linii complet automatizate de asamblare \u0219i vopsire a cilindrilor. Cu peste 300 de echipamente cheie opera\u021bionale, optimiz\u0103m alocarea resurselor \u0219i asigur\u0103m o utilizare eficient\u0103, respect\u00e2nd standarde stricte de precizie \u0219i calitate.<\/p>\n<p>Atelierul nostru de prelucrare dispune de centre de strunjire personalizate cu ghidare \u00eenclinat\u0103, centre de prelucrare, ma\u0219ini de honuit de mare vitez\u0103, robo\u021bi de sudur\u0103 \u0219i alte echipamente esen\u021biale. Aceast\u0103 configura\u021bie ne permite s\u0103 prelucr\u0103m tuburi cilindrice cu un diametru interior maxim de 400 mm \u0219i lungimi de p\u00e2n\u0103 la 6 metri, sporind \u0219i mai mult capacit\u0103\u021bile noastre de produc\u021bie.<\/p>\n<h2><img loading=\"lazy\" decoding=\"async\" class=\"alignnone size-full wp-image-16973\" src=\"https:\/\/www.hydraulic-cylinders.net\/wp-content\/uploads\/2025\/01\/hydraulic-cylinder-factory-2-scaled.webp\" alt=\"\" width=\"2011\" height=\"2560\" srcset=\"https:\/\/www.hydraulic-cylinders.net\/wp-content\/uploads\/2025\/01\/hydraulic-cylinder-factory-2-scaled.webp 2011w, https:\/\/www.hydraulic-cylinders.net\/wp-content\/uploads\/2025\/01\/hydraulic-cylinder-factory-2-1280x1629.webp 1280w, https:\/\/www.hydraulic-cylinders.net\/wp-content\/uploads\/2025\/01\/hydraulic-cylinder-factory-2-980x1248.webp 980w, https:\/\/www.hydraulic-cylinders.net\/wp-content\/uploads\/2025\/01\/hydraulic-cylinder-factory-2-480x611.webp 480w\" sizes=\"(min-width: 0px) and (max-width: 480px) 480px, (min-width: 481px) and (max-width: 980px) 980px, (min-width: 981px) and (max-width: 1280px) 1280px, (min-width: 1281px) 2011px, 100vw\" \/><\/h2>\n<p>Oper\u0103m o linie de vopsire pe baz\u0103 de ap\u0103 complet automat\u0103, special conceput\u0103 pentru cilindri mici \u0219i medii, cu robo\u021bi automatiza\u021bi de \u00eenc\u0103rcare, desc\u0103rcare \u0219i pulverizare. Acest sistem de ultim\u0103 genera\u021bie se m\u00e2ndre\u0219te cu o capacitate de produc\u021bie de 4.000 de unit\u0103\u021bi pe schimb. \u00cen plus, avem o linie de vopsire semiautomat\u0103 pentru cilindri de dimensiuni mari, ac\u021bionat\u0103 de un lan\u021b, cu o capacitate proiectat\u0103 de 60 de l\u0103zi pe schimb.<\/p>\n<p>Pentru a \u00eembun\u0103t\u0103\u021bi performan\u021ba produselor \u0219i a ne consolida pozi\u021bia de lider \u00een industria cilindrilor hidraulici, am \u00eencheiat un parteneriat cu ZJIMEE pentru a \u00eenfiin\u021ba un laborator cuprinz\u0103tor de performan\u021b\u0103 dedicat cilindrilor, valvelor \u0219i pompelor hidraulice. Acest laborator avansat utilizeaz\u0103 testarea asistat\u0103 de computer cu tehnologie electrohidraulic\u0103, permi\u021b\u00e2nd condi\u021bii de testare prestabilite care \u00eembun\u0103t\u0103\u021besc precizia \u0219i versatilitatea sistemului. Procesul automat de colectare a datelor utilizeaz\u0103 senzori pentru a colecta date de ie\u0219ire, cum ar fi scurgerile interne \u0219i eficien\u021ba sarcinii, care sunt apoi procesate de un computer \u0219i convertite \u00een unit\u0103\u021bi standard (ml\/min%).<\/p>\n<p>\u00cen plus, pentru a asigura siguran\u021ba sistemelor noastre hidraulice, implement\u0103m monitorizarea st\u0103rii parametrilor cheie de performan\u021b\u0103, inclusiv temperatura uleiului, nivelul lichidului \u0219i starea dispozitivului de filtrare. Standul nostru de testare a cilindrilor hidraulici este capabil s\u0103 evalueze \u201eeficien\u021ba sarcinii\u201d \u0219i \u201escurgerile interne\u201d prin citiri precise. De asemenea, este echipat cu un instrument de m\u0103surare cu rigl\u0103 tip r\u0103z\u0103toare care \u00eendepline\u0219te standardele na\u021bionale, asigur\u00e2nd conformitatea cu toate cerin\u021bele de testare pentru produsele cu cilindri hidraulici.<\/p>","protected":false},"excerpt":{"rendered":"<p>Swing Rod Oil Cylinder For Mast Type Aerial Work Vehicles The swing rod oil cylinder for mast type aerial work vehicles is an essential component designed specifically for aerial work vehicles. This cylinder plays a crucial role in accurately adjusting the angle of the main boom, allowing operators to reach desired heights and positions with [&hellip;]<\/p>","protected":false},"featured_media":17491,"comment_status":"open","ping_status":"closed","template":"","meta":{"_et_pb_use_builder":"","_et_pb_old_content":"","_et_gb_content_width":""},"product_brand":[],"product_cat":[1500,1550,1376],"product_tag":[],"class_list":{"0":"post-17205","1":"product","2":"type-product","3":"status-publish","4":"has-post-thumbnail","6":"product_cat-aerial-work-vehicle-hydraulic-cylinder","7":"product_cat-double-acting-hydraulic-cylinder","8":"product_cat-hydraulic-cylinder","10":"first","11":"instock","12":"shipping-taxable","13":"product-type-simple"},"amp_enabled":true,"_links":{"self":[{"href":"https:\/\/www.hydraulic-cylinders.net\/ro\/wp-json\/wp\/v2\/product\/17205","targetHints":{"allow":["GET"]}}],"collection":[{"href":"https:\/\/www.hydraulic-cylinders.net\/ro\/wp-json\/wp\/v2\/product"}],"about":[{"href":"https:\/\/www.hydraulic-cylinders.net\/ro\/wp-json\/wp\/v2\/types\/product"}],"replies":[{"embeddable":true,"href":"https:\/\/www.hydraulic-cylinders.net\/ro\/wp-json\/wp\/v2\/comments?post=17205"}],"wp:featuredmedia":[{"embeddable":true,"href":"https:\/\/www.hydraulic-cylinders.net\/ro\/wp-json\/wp\/v2\/media\/17491"}],"wp:attachment":[{"href":"https:\/\/www.hydraulic-cylinders.net\/ro\/wp-json\/wp\/v2\/media?parent=17205"}],"wp:term":[{"taxonomy":"product_brand","embeddable":true,"href":"https:\/\/www.hydraulic-cylinders.net\/ro\/wp-json\/wp\/v2\/product_brand?post=17205"},{"taxonomy":"product_cat","embeddable":true,"href":"https:\/\/www.hydraulic-cylinders.net\/ro\/wp-json\/wp\/v2\/product_cat?post=17205"},{"taxonomy":"product_tag","embeddable":true,"href":"https:\/\/www.hydraulic-cylinders.net\/ro\/wp-json\/wp\/v2\/product_tag?post=17205"}],"curies":[{"name":"wp","href":"https:\/\/api.w.org\/{rel}","templated":true}]}}