{"id":17208,"date":"2025-02-23T08:12:19","date_gmt":"2025-02-23T08:12:19","guid":{"rendered":"https:\/\/www.hydraulic-cylinders.net\/?post_type=product&#038;p=17208"},"modified":"2025-04-30T08:43:42","modified_gmt":"2025-04-30T08:43:42","slug":"leveling-oil-cylinder-for-arm-type-aerial-work-vehicles","status":"publish","type":"product","link":"https:\/\/www.hydraulic-cylinders.net\/ro\/produs\/leveling-oil-cylinder-for-arm-type-aerial-work-vehicles\/","title":{"rendered":"Cilindru de nivelare a uleiului pentru vehicule de lucru aeriene de tip bra\u021b"},"content":{"rendered":"<h1 style=\"text-align: center;\"><strong>Cilindru de nivelare a uleiului pentru vehicule de lucru aeriene de tip bra\u021b<\/strong><\/h1>\n<h1 style=\"text-align: center;\"><img loading=\"lazy\" decoding=\"async\" class=\"alignnone size-full wp-image-17224\" src=\"https:\/\/www.hydraulic-cylinders.net\/wp-content\/uploads\/2025\/02\/hcyy11112008-upper-leveling-cylinder-for-aerial-work-vehicles-2.webp\" alt=\"\" width=\"1500\" height=\"520\" srcset=\"https:\/\/www.hydraulic-cylinders.net\/wp-content\/uploads\/2025\/02\/hcyy11112008-upper-leveling-cylinder-for-aerial-work-vehicles-2.webp 1500w, https:\/\/www.hydraulic-cylinders.net\/wp-content\/uploads\/2025\/02\/hcyy11112008-upper-leveling-cylinder-for-aerial-work-vehicles-2-1280x444.webp 1280w, https:\/\/www.hydraulic-cylinders.net\/wp-content\/uploads\/2025\/02\/hcyy11112008-upper-leveling-cylinder-for-aerial-work-vehicles-2-980x340.webp 980w, https:\/\/www.hydraulic-cylinders.net\/wp-content\/uploads\/2025\/02\/hcyy11112008-upper-leveling-cylinder-for-aerial-work-vehicles-2-480x166.webp 480w\" sizes=\"(min-width: 0px) and (max-width: 480px) 480px, (min-width: 481px) and (max-width: 980px) 980px, (min-width: 981px) and (max-width: 1280px) 1280px, (min-width: 1281px) 1500px, 100vw\" \/><\/h1>\n<p>Cilindrul de nivelare cu ulei pentru vehiculele de lucru aeriene de tip bra\u021b este o component\u0103 vital\u0103 pentru vehiculele de lucru aeriene, oferind stabilitate \u0219i precizie esen\u021biale \u00een timpul opera\u021biunilor la \u00een\u0103l\u021bime. Proiectat pentru a spori eficien\u021ba opera\u021bional\u0103, acest cilindru permite nivelarea \u0219i manevrarea eficient\u0103, fiind indispensabil pentru construc\u021bii, \u00eentre\u021binere \u0219i o varietate de sarcini aeriene.<\/p>\n<p>Cu designul s\u0103u robust \u0219i ingineria de precizie, cilindrul de nivelare cu ulei este un atu esen\u021bial pentru orice vehicul de lucru aerian. Caracteristicile sale u\u0219or de utilizat asigur\u0103 fiabilitatea, ceea ce \u00eel face o alegere preferat\u0103 \u00een r\u00e2ndul profesioni\u0219tilor. Prin integrarea acestui cilindru \u00een fluxul dvs. de lucru, \u00eembun\u0103t\u0103\u021bi\u021bi semnificativ siguran\u021ba \u0219i eficien\u021ba opera\u021bional\u0103, permi\u021b\u00e2nd echipei dvs. s\u0103 se concentreze asupra sarcinilor principale.<\/p>\n<p>Investe\u0219te \u00een cilindrul de nivelare cu ulei pentru vehiculele de lucru aeriene de tip bra\u021b \u0219i \u00eembun\u0103t\u0103\u021be\u0219te-\u021bi capacit\u0103\u021bile de lucru aeriene, asigur\u00e2ndu-te c\u0103 opera\u021biunile tale ating noi culmi de succes.<\/p>\n<h2><strong>Cilindru de nivelare a uleiului pentru vehicule de lucru aeriene de tip bra\u021b Parametru:<\/strong><\/h2>\n<h1 style=\"text-align: center;\"><img loading=\"lazy\" decoding=\"async\" class=\"alignnone size-full wp-image-17223\" src=\"https:\/\/www.hydraulic-cylinders.net\/wp-content\/uploads\/2025\/02\/hcyy11112008-upper-leveling-cylinder-for-aerial-work-vehicles-1.webp\" alt=\"\" width=\"1506\" height=\"138\" srcset=\"https:\/\/www.hydraulic-cylinders.net\/wp-content\/uploads\/2025\/02\/hcyy11112008-upper-leveling-cylinder-for-aerial-work-vehicles-1.webp 1506w, https:\/\/www.hydraulic-cylinders.net\/wp-content\/uploads\/2025\/02\/hcyy11112008-upper-leveling-cylinder-for-aerial-work-vehicles-1-1280x117.webp 1280w, https:\/\/www.hydraulic-cylinders.net\/wp-content\/uploads\/2025\/02\/hcyy11112008-upper-leveling-cylinder-for-aerial-work-vehicles-1-980x90.webp 980w, https:\/\/www.hydraulic-cylinders.net\/wp-content\/uploads\/2025\/02\/hcyy11112008-upper-leveling-cylinder-for-aerial-work-vehicles-1-480x44.webp 480w\" sizes=\"(min-width: 0px) and (max-width: 480px) 480px, (min-width: 481px) and (max-width: 980px) 980px, (min-width: 981px) and (max-width: 1280px) 1280px, (min-width: 1281px) 1506px, 100vw\" \/> \u00a0<img loading=\"lazy\" decoding=\"async\" class=\"alignnone size-full wp-image-17225\" src=\"https:\/\/www.hydraulic-cylinders.net\/wp-content\/uploads\/2025\/02\/hcyy11112008-upper-leveling-cylinder-for-aerial-work-vehicles-3.webp\" alt=\"\" width=\"1481\" height=\"709\" srcset=\"https:\/\/www.hydraulic-cylinders.net\/wp-content\/uploads\/2025\/02\/hcyy11112008-upper-leveling-cylinder-for-aerial-work-vehicles-3.webp 1481w, https:\/\/www.hydraulic-cylinders.net\/wp-content\/uploads\/2025\/02\/hcyy11112008-upper-leveling-cylinder-for-aerial-work-vehicles-3-1280x613.webp 1280w, https:\/\/www.hydraulic-cylinders.net\/wp-content\/uploads\/2025\/02\/hcyy11112008-upper-leveling-cylinder-for-aerial-work-vehicles-3-980x469.webp 980w, https:\/\/www.hydraulic-cylinders.net\/wp-content\/uploads\/2025\/02\/hcyy11112008-upper-leveling-cylinder-for-aerial-work-vehicles-3-480x230.webp 480w\" sizes=\"(min-width: 0px) and (max-width: 480px) 480px, (min-width: 481px) and (max-width: 980px) 980px, (min-width: 981px) and (max-width: 1280px) 1280px, (min-width: 1281px) 1481px, 100vw\" \/> <img loading=\"lazy\" decoding=\"async\" class=\"alignnone size-full wp-image-17226\" src=\"https:\/\/www.hydraulic-cylinders.net\/wp-content\/uploads\/2025\/02\/hcyy11112008-upper-leveling-cylinder-for-aerial-work-vehicles-4.webp\" alt=\"\" width=\"1479\" height=\"712\" srcset=\"https:\/\/www.hydraulic-cylinders.net\/wp-content\/uploads\/2025\/02\/hcyy11112008-upper-leveling-cylinder-for-aerial-work-vehicles-4.webp 1479w, https:\/\/www.hydraulic-cylinders.net\/wp-content\/uploads\/2025\/02\/hcyy11112008-upper-leveling-cylinder-for-aerial-work-vehicles-4-1280x616.webp 1280w, https:\/\/www.hydraulic-cylinders.net\/wp-content\/uploads\/2025\/02\/hcyy11112008-upper-leveling-cylinder-for-aerial-work-vehicles-4-980x472.webp 980w, https:\/\/www.hydraulic-cylinders.net\/wp-content\/uploads\/2025\/02\/hcyy11112008-upper-leveling-cylinder-for-aerial-work-vehicles-4-480x231.webp 480w\" sizes=\"(min-width: 0px) and (max-width: 480px) 480px, (min-width: 481px) and (max-width: 980px) 980px, (min-width: 981px) and (max-width: 1280px) 1280px, (min-width: 1281px) 1479px, 100vw\" \/> <img loading=\"lazy\" decoding=\"async\" class=\"alignnone size-full wp-image-17227\" src=\"https:\/\/www.hydraulic-cylinders.net\/wp-content\/uploads\/2025\/02\/hcyy11112008-upper-leveling-cylinder-for-aerial-work-vehicles-5.webp\" alt=\"\" width=\"1499\" height=\"774\" srcset=\"https:\/\/www.hydraulic-cylinders.net\/wp-content\/uploads\/2025\/02\/hcyy11112008-upper-leveling-cylinder-for-aerial-work-vehicles-5.webp 1499w, https:\/\/www.hydraulic-cylinders.net\/wp-content\/uploads\/2025\/02\/hcyy11112008-upper-leveling-cylinder-for-aerial-work-vehicles-5-1280x661.webp 1280w, https:\/\/www.hydraulic-cylinders.net\/wp-content\/uploads\/2025\/02\/hcyy11112008-upper-leveling-cylinder-for-aerial-work-vehicles-5-980x506.webp 980w, https:\/\/www.hydraulic-cylinders.net\/wp-content\/uploads\/2025\/02\/hcyy11112008-upper-leveling-cylinder-for-aerial-work-vehicles-5-480x248.webp 480w\" sizes=\"(min-width: 0px) and (max-width: 480px) 480px, (min-width: 481px) and (max-width: 980px) 980px, (min-width: 981px) and (max-width: 1280px) 1280px, (min-width: 1281px) 1499px, 100vw\" \/><\/h1>\n<h2><strong>Serie de cilindri pentru vehicule de lucru aeriene:<\/strong><\/h2>\n<h2><img loading=\"lazy\" decoding=\"async\" class=\"wp-image-1044652 size-full aligncenter\" src=\"https:\/\/images.hzpt.com\/2025\/02\/cylinder-series-for-aerial-work-vehicles.webp\" alt=\"\" width=\"751\" height=\"850\" \/><\/h2>\n<h2><strong>Caracteristici cheie ale cilindrului de nivelare cu ulei pentru vehicule de lucru aeriene de tip bra\u021b:<\/strong><\/h2>\n<h4><strong>Construc\u021bie robust\u0103<\/strong><\/h4>\n<p>Cilindrul de nivelare cu ulei pentru vehicule de lucru aeriene de tip bra\u021b este construit din materiale de \u00eenalt\u0103 rezisten\u021b\u0103 \u0219i rezistente la coroziune, care asigur\u0103 rezisten\u021ba acestuia chiar \u0219i la cele mai dificile condi\u021bii de mediu. Aceast\u0103 durabilitate se traduce printr-o performan\u021b\u0103 de lung\u0103 durat\u0103, reduc\u00e2nd semnificativ necesitatea \u00eenlocuirilor frecvente. Indiferent dac\u0103 este expus la temperaturi extreme, umiditate sau elemente abrazive, acest cilindru \u00ee\u0219i men\u021bine integritatea, ceea ce \u00eel face o alegere fiabil\u0103 pentru opera\u021biunile aeriene solicitante.<\/p>\n<h4><strong>Inginerie de precizie<\/strong><\/h4>\n<p>Proiectat cu precizie \u00een minte, cilindrul de nivelare cu ulei pentru vehiculele de lucru aeriene de tip bra\u021b permite o nivelare lin\u0103 \u0219i precis\u0103, esen\u021bial\u0103 pentru opera\u021biuni aeriene \u00een siguran\u021b\u0103. Designul s\u0103u avansat minimizeaz\u0103 riscul de instabilitate, asigur\u00e2nd c\u0103 operatorii pot executa cu \u00eencredere sarcinile la \u00een\u0103l\u021bime. Acest nivel de precizie nu numai c\u0103 spore\u0219te siguran\u021ba, dar \u00eembun\u0103t\u0103\u021be\u0219te \u0219i productivitatea general\u0103, deoarece lucr\u0103torii se pot concentra asupra sarcinilor lor f\u0103r\u0103 a-\u0219i face griji cu privire la defec\u021biunile echipamentelor.<\/p>\n<h4><strong>Instalare u\u0219oar\u0103<\/strong><\/h4>\n<p>Cilindrul de nivelare cu ulei este conceput pentru o instalare simpl\u0103, ceea ce minimizeaz\u0103 timpul de nefunc\u021bionare \u0219i permite operatorilor s\u0103 \u00ee\u0219i reia rapid munca. Instruc\u021biunile clare \u0219i designul intuitiv \u00eel fac accesibil pentru diferite niveluri de calificare, ceea ce \u00eenseamn\u0103 c\u0103 echipele pot integra eficient aceast\u0103 component\u0103 \u00een sistemele lor existente. Aceast\u0103 u\u0219urin\u021b\u0103 \u00een instalare ajut\u0103 la eficientizarea opera\u021biunilor, permi\u021b\u00e2nd petrecerea mai mult timp activit\u0103\u021bilor productive dec\u00e2t configur\u0103rii.<\/p>\n<h4><strong>Capacitate mare de \u00eenc\u0103rcare<\/strong><\/h4>\n<p>Una dintre caracteristicile remarcabile ale cilindrului de nivelare cu ulei pentru vehiculele de lucru aeriene de tip bra\u021b este capacitatea sa impresionant\u0103 de \u00eenc\u0103rcare. Acest cilindru poate suporta o greutate substan\u021bial\u0103, fiind potrivit pentru o gam\u0103 larg\u0103 de aplica\u021bii de lucru aeriene. Indiferent dac\u0103 ridic\u0103 echipamente grele sau sus\u021bine mai mul\u021bi lucr\u0103tori, HCYY11112008 garanteaz\u0103 c\u0103 siguran\u021ba nu este niciodat\u0103 compromis\u0103. Performan\u021ba sa robust\u0103 insufl\u0103 \u00eencredere operatorilor, \u0219tiind c\u0103 se pot baza pe el pentru sarcini solicitante.<\/p>\n<h4><strong>Compatibilitate versatil\u0103<\/strong><\/h4>\n<p>Cilindrul de nivelare cu ulei pentru vehicule de lucru aeriene de tip bra\u021b se m\u00e2ndre\u0219te cu o compatibilitate versatil\u0103 cu o varietate de vehicule de lucru aeriene. Aceast\u0103 flexibilitate \u00eembun\u0103t\u0103\u021be\u0219te func\u021bionalitatea la diferite modele, ceea ce \u00eel face o alegere ideal\u0103 pentru opera\u021biunile de flote. Indiferent dac\u0103 opera\u021bi o platform\u0103 elevatoare tip foarfec\u0103, o platform\u0103 elevatoare cu bra\u021b sau alte platforme aeriene, acest cilindru se integreaz\u0103 perfect, \u00eembun\u0103t\u0103\u021bind eficien\u021ba general\u0103 a utilajelor dumneavoastr\u0103 \u0219i extinz\u00e2ndu-v\u0103 capacit\u0103\u021bile opera\u021bionale.<\/p>\n<h2><strong>Cum func\u021bioneaz\u0103 cilindrul de ulei de nivelare pentru vehiculele aeriene de tip bra\u021b?<\/strong><\/h2>\n<p>Cilindrul de nivelare cu ulei pentru vehiculele de lucru aeriene de tip bra\u021b \u00eembun\u0103t\u0103\u021be\u0219te siguran\u021ba \u0219i eficien\u021ba vehiculelor de lucru aeriene \u00een mai multe moduri cheie:<\/p>\n<h4><strong>Stabilitate \u00eembun\u0103t\u0103\u021bit\u0103<\/strong><\/h4>\n<p>Prin asigurarea unei nivel\u0103ri precise, cilindrul asigur\u0103 stabilitatea vehiculelor de lucru aeriene \u00een timpul opera\u021biunilor la \u00een\u0103l\u021bime. Aceast\u0103 stabilitate reduce riscul de accidente cauzate de r\u0103sturnare sau suprafe\u021be neuniforme.<\/p>\n<h4><strong>Management \u00eembun\u0103t\u0103\u021bit al \u00eenc\u0103rc\u0103rii<\/strong><\/h4>\n<p>Cu capacitatea sa mare de \u00eenc\u0103rcare, cilindrul de nivelare cu ulei pentru vehiculele de lucru aeriene de tip bra\u021b gestioneaz\u0103 eficient greut\u0103\u021bi substan\u021biale, permi\u021b\u00e2nd operatorilor s\u0103 ridice \u00een siguran\u021b\u0103 echipamente grele \u0219i personal f\u0103r\u0103 a compromite siguran\u021ba.<\/p>\n<h4><strong>Instalare rapid\u0103 \u0219i reducerea timpilor de nefunc\u021bionare<\/strong><\/h4>\n<p>Procesul u\u0219or de instalare minimizeaz\u0103 timpul de nefunc\u021bionare, permi\u021b\u00e2nd operatorilor s\u0103 se \u00eentoarc\u0103 rapid la lucru. Mai pu\u021bin timp de nefunc\u021bionare se traduce printr-o productivitate sporit\u0103 \u0219i o utilizare mai eficient\u0103 a resurselor.<\/p>\n<h4><strong>Performan\u021b\u0103 fiabil\u0103 \u00een condi\u021bii dificile<\/strong><\/h4>\n<p>Construit din materiale robuste, rezistente la coroziune, cilindrul de nivelare a uleiului pentru vehiculele de lucru aeriene de tip bra\u021b rezist\u0103 condi\u021biilor de mediu dificile, asigur\u00e2nd performan\u021be constante \u0219i reduc\u00e2nd probabilitatea defec\u021biunilor mecanice care ar putea duce la pericole pentru siguran\u021b\u0103.<\/p>\n<h4><strong>Compatibilitate versatil\u0103<\/strong><\/h4>\n<p>Compatibilitatea sa cu diverse modele de vehicule de lucru aeriene spore\u0219te flexibilitatea opera\u021bional\u0103, permi\u021b\u00e2nd echipelor s\u0103 se adapteze rapid la diferite sarcini f\u0103r\u0103 a fi nevoie de schimb\u0103ri ample ale echipamentelor.<\/p>\n<p>Per total, cilindrul de nivelare cu ulei pentru vehiculele de lucru aeriene de tip bra\u021b nu numai c\u0103 \u00eembun\u0103t\u0103\u021be\u0219te siguran\u021ba opera\u021biunilor aeriene, dar spore\u0219te semnificativ \u0219i eficien\u021ba opera\u021bional\u0103, permi\u021b\u00e2nd echipelor s\u0103 \u00ee\u0219i desf\u0103\u0219oare activitatea cu \u00eencredere \u0219i fiabilitate.<\/p>\n<h2><strong>Zona de produc\u021bie a cilindrilor pentru vehicule de lucru aeriene:<\/strong><\/h2>\n<h2><img loading=\"lazy\" decoding=\"async\" class=\"alignnone size-full wp-image-16972\" src=\"https:\/\/www.hydraulic-cylinders.net\/wp-content\/uploads\/2025\/01\/hydraulic-cylinder-factory-1-scaled.webp\" alt=\"\" width=\"2016\" height=\"2560\" srcset=\"https:\/\/www.hydraulic-cylinders.net\/wp-content\/uploads\/2025\/01\/hydraulic-cylinder-factory-1-scaled.webp 2016w, https:\/\/www.hydraulic-cylinders.net\/wp-content\/uploads\/2025\/01\/hydraulic-cylinder-factory-1-1280x1625.webp 1280w, https:\/\/www.hydraulic-cylinders.net\/wp-content\/uploads\/2025\/01\/hydraulic-cylinder-factory-1-980x1244.webp 980w, https:\/\/www.hydraulic-cylinders.net\/wp-content\/uploads\/2025\/01\/hydraulic-cylinder-factory-1-480x610.webp 480w\" sizes=\"(min-width: 0px) and (max-width: 480px) 480px, (min-width: 481px) and (max-width: 980px) 980px, (min-width: 981px) and (max-width: 1280px) 1280px, (min-width: 1281px) 2016px, 100vw\" \/><\/h2>\n<p>Ne m\u00e2ndrim cu o platform\u0103 independent\u0103 de cercetare \u0219i dezvoltare de ultim\u0103 genera\u021bie dedicat\u0103 asambl\u0103rii, asigur\u00e2nd inova\u021bie \u0219i calitate de top \u00een procesele noastre de fabrica\u021bie. Atelierul nostru de produc\u021bie a cilindrilor pentru stivuitoare dispune de patru linii de asamblare semiautomate pentru cilindrii de ridicare \u0219i o linie de asamblare complet automat\u0103 pentru cilindrii de \u00eenclinare, proiectate \u00eempreun\u0103 pentru a produce p\u00e2n\u0103 la un milion de unit\u0103\u021bi anual.<\/p>\n<p>\u00cen plus, atelierul nostru specializat de cilindri este dotat cu sisteme semiautomate de cur\u0103\u021bare \u0219i asamblare adaptate la diverse specifica\u021bii, cu o capacitate anual\u0103 de produc\u021bie de 200.000 de buc\u0103\u021bi. Utiliz\u0103m echipamente CNC renumite, centre de prelucrare \u0219i unelte specializate pentru prelucrarea de \u00eenalt\u0103 precizie a cilindrilor. Facilitatea noastr\u0103 include, de asemenea, ma\u0219ini avansate de sudur\u0103 robotizat\u0103, sisteme automate de cur\u0103\u021bare \u0219i linii complet automatizate de asamblare \u0219i vopsire a cilindrilor. Cu peste 300 de echipamente cheie opera\u021bionale, optimiz\u0103m alocarea resurselor \u0219i asigur\u0103m o utilizare eficient\u0103, respect\u00e2nd standarde stricte de precizie \u0219i calitate.<\/p>\n<p>Atelierul nostru de prelucrare dispune de centre de strunjire personalizate cu ghidare \u00eenclinat\u0103, centre de prelucrare, ma\u0219ini de honuit de mare vitez\u0103, robo\u021bi de sudur\u0103 \u0219i alte echipamente esen\u021biale. Aceast\u0103 configura\u021bie ne permite s\u0103 prelucr\u0103m tuburi cilindrice cu un diametru interior maxim de 400 mm \u0219i lungimi de p\u00e2n\u0103 la 6 metri, sporind \u0219i mai mult capacit\u0103\u021bile noastre de produc\u021bie.<\/p>\n<h2><img loading=\"lazy\" decoding=\"async\" class=\"alignnone size-full wp-image-16973\" src=\"https:\/\/www.hydraulic-cylinders.net\/wp-content\/uploads\/2025\/01\/hydraulic-cylinder-factory-2-scaled.webp\" alt=\"\" width=\"2011\" height=\"2560\" srcset=\"https:\/\/www.hydraulic-cylinders.net\/wp-content\/uploads\/2025\/01\/hydraulic-cylinder-factory-2-scaled.webp 2011w, https:\/\/www.hydraulic-cylinders.net\/wp-content\/uploads\/2025\/01\/hydraulic-cylinder-factory-2-1280x1629.webp 1280w, https:\/\/www.hydraulic-cylinders.net\/wp-content\/uploads\/2025\/01\/hydraulic-cylinder-factory-2-980x1248.webp 980w, https:\/\/www.hydraulic-cylinders.net\/wp-content\/uploads\/2025\/01\/hydraulic-cylinder-factory-2-480x611.webp 480w\" sizes=\"(min-width: 0px) and (max-width: 480px) 480px, (min-width: 481px) and (max-width: 980px) 980px, (min-width: 981px) and (max-width: 1280px) 1280px, (min-width: 1281px) 2011px, 100vw\" \/><\/h2>\n<p>Oper\u0103m o linie de vopsire pe baz\u0103 de ap\u0103 complet automat\u0103, special conceput\u0103 pentru cilindri mici \u0219i medii, cu robo\u021bi automatiza\u021bi de \u00eenc\u0103rcare, desc\u0103rcare \u0219i pulverizare. Acest sistem de ultim\u0103 genera\u021bie se m\u00e2ndre\u0219te cu o capacitate de produc\u021bie de 4.000 de unit\u0103\u021bi pe schimb. \u00cen plus, avem o linie de vopsire semiautomat\u0103 pentru cilindri de dimensiuni mari, ac\u021bionat\u0103 de un lan\u021b, cu o capacitate proiectat\u0103 de 60 de l\u0103zi pe schimb.<\/p>\n<p>Pentru a \u00eembun\u0103t\u0103\u021bi performan\u021ba produselor \u0219i a ne consolida pozi\u021bia de lider \u00een industria cilindrilor hidraulici, am \u00eencheiat un parteneriat cu ZJIMEE pentru a \u00eenfiin\u021ba un laborator cuprinz\u0103tor de performan\u021b\u0103 dedicat cilindrilor, valvelor \u0219i pompelor hidraulice. Acest laborator avansat utilizeaz\u0103 testarea asistat\u0103 de computer cu tehnologie electrohidraulic\u0103, permi\u021b\u00e2nd condi\u021bii de testare prestabilite care \u00eembun\u0103t\u0103\u021besc precizia \u0219i versatilitatea sistemului. Procesul automat de colectare a datelor utilizeaz\u0103 senzori pentru a colecta date de ie\u0219ire, cum ar fi scurgerile interne \u0219i eficien\u021ba sarcinii, care sunt apoi procesate de un computer \u0219i convertite \u00een unit\u0103\u021bi standard (ml\/min%).<\/p>\n<p>\u00cen plus, pentru a asigura siguran\u021ba sistemelor noastre hidraulice, implement\u0103m monitorizarea st\u0103rii parametrilor cheie de performan\u021b\u0103, inclusiv temperatura uleiului, nivelul lichidului \u0219i starea dispozitivului de filtrare. Standul nostru de testare a cilindrilor hidraulici este capabil s\u0103 evalueze \u201eeficien\u021ba sarcinii\u201d \u0219i \u201escurgerile interne\u201d prin citiri precise. De asemenea, este echipat cu un instrument de m\u0103surare cu rigl\u0103 tip r\u0103z\u0103toare care \u00eendepline\u0219te standardele na\u021bionale, asigur\u00e2nd conformitatea cu toate cerin\u021bele de testare pentru produsele cu cilindri hidraulici.<\/p>\n<p>&nbsp;<\/p>","protected":false},"excerpt":{"rendered":"<p>Leveling Oil Cylinder For Arm Type Aerial Work Vehicles The leveling oil cylinder for arm type aerial work vehicles is a vital component for aerial work vehicles, providing essential stability and precision during elevated operations. Engineered to boost operational efficiency, this cylinder supports effective leveling and maneuvering, making it indispensable for construction, maintenance, and a [&hellip;]<\/p>","protected":false},"featured_media":17494,"comment_status":"open","ping_status":"closed","template":"","meta":{"_et_pb_use_builder":"","_et_pb_old_content":"","_et_gb_content_width":""},"product_brand":[],"product_cat":[1500,1550,1376],"product_tag":[],"class_list":{"0":"post-17208","1":"product","2":"type-product","3":"status-publish","4":"has-post-thumbnail","6":"product_cat-aerial-work-vehicle-hydraulic-cylinder","7":"product_cat-double-acting-hydraulic-cylinder","8":"product_cat-hydraulic-cylinder","10":"first","11":"instock","12":"shipping-taxable","13":"product-type-simple"},"amp_enabled":true,"_links":{"self":[{"href":"https:\/\/www.hydraulic-cylinders.net\/ro\/wp-json\/wp\/v2\/product\/17208","targetHints":{"allow":["GET"]}}],"collection":[{"href":"https:\/\/www.hydraulic-cylinders.net\/ro\/wp-json\/wp\/v2\/product"}],"about":[{"href":"https:\/\/www.hydraulic-cylinders.net\/ro\/wp-json\/wp\/v2\/types\/product"}],"replies":[{"embeddable":true,"href":"https:\/\/www.hydraulic-cylinders.net\/ro\/wp-json\/wp\/v2\/comments?post=17208"}],"wp:featuredmedia":[{"embeddable":true,"href":"https:\/\/www.hydraulic-cylinders.net\/ro\/wp-json\/wp\/v2\/media\/17494"}],"wp:attachment":[{"href":"https:\/\/www.hydraulic-cylinders.net\/ro\/wp-json\/wp\/v2\/media?parent=17208"}],"wp:term":[{"taxonomy":"product_brand","embeddable":true,"href":"https:\/\/www.hydraulic-cylinders.net\/ro\/wp-json\/wp\/v2\/product_brand?post=17208"},{"taxonomy":"product_cat","embeddable":true,"href":"https:\/\/www.hydraulic-cylinders.net\/ro\/wp-json\/wp\/v2\/product_cat?post=17208"},{"taxonomy":"product_tag","embeddable":true,"href":"https:\/\/www.hydraulic-cylinders.net\/ro\/wp-json\/wp\/v2\/product_tag?post=17208"}],"curies":[{"name":"wp","href":"https:\/\/api.w.org\/{rel}","templated":true}]}}