{"id":17209,"date":"2025-02-23T08:05:46","date_gmt":"2025-02-23T08:05:46","guid":{"rendered":"https:\/\/www.hydraulic-cylinders.net\/?post_type=product&#038;p=17209"},"modified":"2025-04-30T08:46:08","modified_gmt":"2025-04-30T08:46:08","slug":"steering-cylinder-for-mast-type-aerial-work-vehicles","status":"publish","type":"product","link":"https:\/\/www.hydraulic-cylinders.net\/ro\/produs\/steering-cylinder-for-mast-type-aerial-work-vehicles\/","title":{"rendered":"Cilindru de direc\u021bie pentru vehicule de lucru aeriene de tip catarg"},"content":{"rendered":"<h1 style=\"text-align: center;\"><strong>Cilindru de direc\u021bie pentru vehicule de lucru aeriene de tip catarg<\/strong><\/h1>\n<h1 style=\"text-align: center;\"><img loading=\"lazy\" decoding=\"async\" class=\"alignnone size-full wp-image-17218\" src=\"https:\/\/www.hydraulic-cylinders.net\/wp-content\/uploads\/2025\/02\/hcyy11112007-steering-cylinder-2.webp\" alt=\"\" width=\"1499\" height=\"521\" srcset=\"https:\/\/www.hydraulic-cylinders.net\/wp-content\/uploads\/2025\/02\/hcyy11112007-steering-cylinder-2.webp 1499w, https:\/\/www.hydraulic-cylinders.net\/wp-content\/uploads\/2025\/02\/hcyy11112007-steering-cylinder-2-1280x445.webp 1280w, https:\/\/www.hydraulic-cylinders.net\/wp-content\/uploads\/2025\/02\/hcyy11112007-steering-cylinder-2-980x341.webp 980w, https:\/\/www.hydraulic-cylinders.net\/wp-content\/uploads\/2025\/02\/hcyy11112007-steering-cylinder-2-480x167.webp 480w\" sizes=\"(min-width: 0px) and (max-width: 480px) 480px, (min-width: 481px) and (max-width: 980px) 980px, (min-width: 981px) and (max-width: 1280px) 1280px, (min-width: 1281px) 1499px, 100vw\" \/><\/h1>\n<p>Cilindrul de direc\u021bie pentru vehiculele de lucru aeriene de tip catarg este o component\u0103 vital\u0103 special conceput\u0103 pentru vehiculele de lucru aeriene. Acest sistem de direc\u021bie de \u00eenalt\u0103 performan\u021b\u0103 \u00eembun\u0103t\u0103\u021be\u0219te considerabil manevrabilitatea \u0219i controlul, permi\u021b\u00e2nd operatorilor s\u0103 navigheze cu \u00eencredere \u00een medii complexe.<\/p>\n<p>Remarcabil pentru durabilitatea, precizia \u0219i capacitatea mare de \u00eenc\u0103rcare, cilindrul de direc\u021bie pentru vehiculele de lucru aeriene de tip catarg asigur\u0103 performan\u021be fiabile \u00een condi\u021bii dificile. Prin respectarea practicilor de utilizare \u0219i \u00eentre\u021binere recomandate, operatorii pot maximiza beneficiile acestei componente esen\u021biale.<\/p>\n<p>Cu designul s\u0103u robust \u0219i func\u021bionalitatea fiabil\u0103, cilindrul de direc\u021bie pentru vehiculele de lucru aeriene de tip catarg \u00eembun\u0103t\u0103\u021be\u0219te semnificativ siguran\u021ba \u0219i eficien\u021ba opera\u021bional\u0103, ceea ce \u00eel face un atu indispensabil pentru orice aplica\u021bie de lucru aeriene.<\/p>\n<h2><strong>Cilindru de direc\u021bie pentru vehicule de lucru aeriene de tip catarg Parametru:<\/strong><\/h2>\n<h1 style=\"text-align: center;\"><img loading=\"lazy\" decoding=\"async\" class=\"alignnone size-full wp-image-17217\" src=\"https:\/\/www.hydraulic-cylinders.net\/wp-content\/uploads\/2025\/02\/hcyy11112007-steering-cylinder-1.webp\" alt=\"\" width=\"1516\" height=\"145\" srcset=\"https:\/\/www.hydraulic-cylinders.net\/wp-content\/uploads\/2025\/02\/hcyy11112007-steering-cylinder-1.webp 1516w, https:\/\/www.hydraulic-cylinders.net\/wp-content\/uploads\/2025\/02\/hcyy11112007-steering-cylinder-1-1280x122.webp 1280w, https:\/\/www.hydraulic-cylinders.net\/wp-content\/uploads\/2025\/02\/hcyy11112007-steering-cylinder-1-980x94.webp 980w, https:\/\/www.hydraulic-cylinders.net\/wp-content\/uploads\/2025\/02\/hcyy11112007-steering-cylinder-1-480x46.webp 480w\" sizes=\"(min-width: 0px) and (max-width: 480px) 480px, (min-width: 481px) and (max-width: 980px) 980px, (min-width: 981px) and (max-width: 1280px) 1280px, (min-width: 1281px) 1516px, 100vw\" \/> \u00a0<img loading=\"lazy\" decoding=\"async\" class=\"alignnone size-full wp-image-17219\" src=\"https:\/\/www.hydraulic-cylinders.net\/wp-content\/uploads\/2025\/02\/hcyy11112007-steering-cylinder-3.webp\" alt=\"\" width=\"1479\" height=\"710\" srcset=\"https:\/\/www.hydraulic-cylinders.net\/wp-content\/uploads\/2025\/02\/hcyy11112007-steering-cylinder-3.webp 1479w, https:\/\/www.hydraulic-cylinders.net\/wp-content\/uploads\/2025\/02\/hcyy11112007-steering-cylinder-3-1280x614.webp 1280w, https:\/\/www.hydraulic-cylinders.net\/wp-content\/uploads\/2025\/02\/hcyy11112007-steering-cylinder-3-980x470.webp 980w, https:\/\/www.hydraulic-cylinders.net\/wp-content\/uploads\/2025\/02\/hcyy11112007-steering-cylinder-3-480x230.webp 480w\" sizes=\"(min-width: 0px) and (max-width: 480px) 480px, (min-width: 481px) and (max-width: 980px) 980px, (min-width: 981px) and (max-width: 1280px) 1280px, (min-width: 1281px) 1479px, 100vw\" \/> <img loading=\"lazy\" decoding=\"async\" class=\"alignnone size-full wp-image-17220\" src=\"https:\/\/www.hydraulic-cylinders.net\/wp-content\/uploads\/2025\/02\/hcyy11112007-steering-cylinder-4.webp\" alt=\"\" width=\"1476\" height=\"710\" srcset=\"https:\/\/www.hydraulic-cylinders.net\/wp-content\/uploads\/2025\/02\/hcyy11112007-steering-cylinder-4.webp 1476w, https:\/\/www.hydraulic-cylinders.net\/wp-content\/uploads\/2025\/02\/hcyy11112007-steering-cylinder-4-1280x616.webp 1280w, https:\/\/www.hydraulic-cylinders.net\/wp-content\/uploads\/2025\/02\/hcyy11112007-steering-cylinder-4-980x471.webp 980w, https:\/\/www.hydraulic-cylinders.net\/wp-content\/uploads\/2025\/02\/hcyy11112007-steering-cylinder-4-480x231.webp 480w\" sizes=\"(min-width: 0px) and (max-width: 480px) 480px, (min-width: 481px) and (max-width: 980px) 980px, (min-width: 981px) and (max-width: 1280px) 1280px, (min-width: 1281px) 1476px, 100vw\" \/> <img loading=\"lazy\" decoding=\"async\" class=\"alignnone size-full wp-image-17221\" src=\"https:\/\/www.hydraulic-cylinders.net\/wp-content\/uploads\/2025\/02\/hcyy11112007-steering-cylinder-5.webp\" alt=\"\" width=\"1491\" height=\"769\" srcset=\"https:\/\/www.hydraulic-cylinders.net\/wp-content\/uploads\/2025\/02\/hcyy11112007-steering-cylinder-5.webp 1491w, https:\/\/www.hydraulic-cylinders.net\/wp-content\/uploads\/2025\/02\/hcyy11112007-steering-cylinder-5-1280x660.webp 1280w, https:\/\/www.hydraulic-cylinders.net\/wp-content\/uploads\/2025\/02\/hcyy11112007-steering-cylinder-5-980x505.webp 980w, https:\/\/www.hydraulic-cylinders.net\/wp-content\/uploads\/2025\/02\/hcyy11112007-steering-cylinder-5-480x248.webp 480w\" sizes=\"(min-width: 0px) and (max-width: 480px) 480px, (min-width: 481px) and (max-width: 980px) 980px, (min-width: 981px) and (max-width: 1280px) 1280px, (min-width: 1281px) 1491px, 100vw\" \/><\/h1>\n<h2><strong>Serie de cilindri pentru vehicule de lucru aeriene:<\/strong><\/h2>\n<h2><img loading=\"lazy\" decoding=\"async\" class=\"wp-image-1044652 size-full aligncenter\" src=\"https:\/\/images.hzpt.com\/2025\/02\/cylinder-series-for-aerial-work-vehicles.webp\" alt=\"\" width=\"751\" height=\"850\" \/><\/h2>\n<h2><strong>Caracteristici cheie ale cilindrului de direc\u021bie pentru vehiculele de lucru aeriene de tip catarg:<\/strong><\/h2>\n<h4><strong>Inginerie de precizie<\/strong><\/h4>\n<p>Cilindrul de direc\u021bie pentru vehiculele de lucru aeriene de tip catarg prezint\u0103 o inginerie avansat\u0103 de precizie, care asigur\u0103 o fluiditate \u0219i o reac\u021bie excep\u021bionale la direc\u021bie. Aceast\u0103 construc\u021bie meticuloas\u0103 permite un control fin, facilit\u00e2nd navigarea \u00een spa\u021bii \u00eenguste \u0219i efectuarea de manevre complexe de c\u0103tre operatori. Rezultatul este o experien\u021b\u0103 de conducere f\u0103r\u0103 probleme, care \u00eembun\u0103t\u0103\u021be\u0219te eficien\u021ba opera\u021bional\u0103 general\u0103 \u0219i siguran\u021ba \u00een timpul sarcinilor aeriene.<\/p>\n<h4><strong>Materiale durabile<\/strong><\/h4>\n<p>Construit din materiale de \u00eenalt\u0103 calitate, rezistente la coroziune, cilindrul de direc\u021bie pentru vehiculele de lucru aeriene de tip catarg este conceput s\u0103 reziste la condi\u021bii de mediu dure. Construc\u021bia sa robust\u0103 previne uzura cauzat\u0103 de expunerea la elemente precum umezeala, praful \u0219i temperaturile extreme. Aceast\u0103 durabilitate garanteaz\u0103 longevitatea \u0219i fiabilitatea, reduc\u00e2nd frecven\u021ba repara\u021biilor \u0219i \u00eenlocuirilor, ceea ce, \u00een cele din urm\u0103, reduce costurile opera\u021bionale pentru utilizatori.<\/p>\n<h4><strong>Capacitate mare de \u00eenc\u0103rcare<\/strong><\/h4>\n<p>Proiectat pentru a suporta sarcini semnificative, cilindrul de direc\u021bie pentru vehiculele de lucru aeriene de tip catarg ofer\u0103 stabilitate \u0219i control remarcabile chiar \u0219i la ridicarea de echipamente sau personal greu. Aceast\u0103 capacitate mare de \u00eenc\u0103rcare asigur\u0103 c\u0103 operatorii pot gestiona cu \u00eencredere sarcini dificile f\u0103r\u0103 a compromite siguran\u021ba. Capacitatea cilindrului de a men\u021bine performan\u021ba sub presiune \u00eel face o component\u0103 esen\u021bial\u0103 pentru orice aplica\u021bie de lucru aeriene.<\/p>\n<h4><strong>Compatibilitate<\/strong><\/h4>\n<p>Cilindrul de direc\u021bie pentru vehicule de lucru aeriene de tip catarg este compatibil cu o gam\u0103 larg\u0103 de vehicule de lucru aeriene, sporindu-i versatilitatea \u00een diferite aplica\u021bii. Aceast\u0103 compatibilitate larg\u0103 permite operatorilor s\u0103 utilizeze cilindrul \u00een diverse situa\u021bii, f\u0103r\u0103 a fi nevoie de echipamente specializate. Oferind o solu\u021bie fiabil\u0103 pentru mai multe tipuri de vehicule, acesta simplific\u0103 \u00eentre\u021binerea \u0219i eficientizeaz\u0103 opera\u021biunile, ceea ce \u00eel face o investi\u021bie inteligent\u0103 pentru orice flot\u0103.<\/p>\n<h2><strong>Cum v\u0103 afecteaz\u0103 durabilitatea cilindrului de direc\u021bie programul de \u00eentre\u021binere?<\/strong><\/h2>\n<p>Durabilitatea cilindrului de direc\u021bie schimb\u0103 complet programul dumneavoastr\u0103 de \u00eentre\u021binere, aduc\u00e2nd o serie de avantaje care vor captiva \u0219i inspira operatorii. Fabricat din materiale de cea mai bun\u0103 calitate, rezistente la coroziune, acest cilindru de direc\u021bie este proiectat s\u0103 reziste chiar \u0219i celor mai dificile condi\u021bii. Aceasta \u00eenseamn\u0103 c\u0103 poate face fa\u021b\u0103 uzurii care afecteaz\u0103 adesea echipamentele \u00een medii solicitante, permi\u021b\u00e2ndu-v\u0103 s\u0103 v\u0103 concentra\u021bi asupra sarcinilor dumneavoastr\u0103, \u00een loc s\u0103 v\u0103 face\u021bi griji cu privire la poten\u021biale defec\u021biuni.<\/p>\n<p>Datorit\u0103 durabilit\u0103\u021bii sale excep\u021bionale, v\u0103 pute\u021bi bucura de intervale semnificativ mai lungi \u00eentre verific\u0103rile de \u00eentre\u021binere. Acest lucru nu numai c\u0103 se traduce prin mai pu\u021bine \u00eentreruperi ale fluxului de lucru, dar duce \u0219i la economii substan\u021biale de costuri \u00een timp. Imagina\u021bi-v\u0103 impactul reducerii cheltuielilor de repara\u021bii \u0219i libertatea de a aloca resursele mai eficient!<\/p>\n<p>Mai important, cilindrul de direc\u021bie v\u0103 permite s\u0103 men\u021bine\u021bi productivitatea maxim\u0103. Atunci c\u00e2nd vehiculele dumneavoastr\u0103 de lucru aeriene sunt opera\u021bionale \u00een mod constant, echipa dumneavoastr\u0103 poate aborda proiectele cu \u00eencredere, \u0219tiind c\u0103 dispune de echipamente fiabile care le sus\u021bin. Lini\u0219tea sufleteasc\u0103 pe care o ofer\u0103 un sistem de direc\u021bie fiabil v\u0103 \u00eembun\u0103t\u0103\u021be\u0219te capacit\u0103\u021bile opera\u021bionale, permi\u021b\u00e2ndu-v\u0103 s\u0103 atinge\u021bi noi culmi \u00een munca dumneavoastr\u0103.<\/p>\n<p>Investind \u00een cilindrul de direc\u021bie, nu doar alege\u021bi un cilindru de direc\u021bie; v\u0103 asuma\u021bi un angajament fa\u021b\u0103 de fiabilitate \u0219i eficien\u021b\u0103 care v\u0103 poate transforma \u00eentreaga opera\u021biune. Experimenta\u021bi diferen\u021ba \u0219i debloca\u021bi adev\u0103ratul poten\u021bial al vehiculelor dumneavoastr\u0103 de lucru aeriene ast\u0103zi!<\/p>\n<h2><strong>Zona de produc\u021bie a cilindrilor pentru vehicule de lucru aeriene:<\/strong><\/h2>\n<h2><img loading=\"lazy\" decoding=\"async\" class=\"alignnone size-full wp-image-16972\" src=\"https:\/\/www.hydraulic-cylinders.net\/wp-content\/uploads\/2025\/01\/hydraulic-cylinder-factory-1-scaled.webp\" alt=\"\" width=\"2016\" height=\"2560\" srcset=\"https:\/\/www.hydraulic-cylinders.net\/wp-content\/uploads\/2025\/01\/hydraulic-cylinder-factory-1-scaled.webp 2016w, https:\/\/www.hydraulic-cylinders.net\/wp-content\/uploads\/2025\/01\/hydraulic-cylinder-factory-1-1280x1625.webp 1280w, https:\/\/www.hydraulic-cylinders.net\/wp-content\/uploads\/2025\/01\/hydraulic-cylinder-factory-1-980x1244.webp 980w, https:\/\/www.hydraulic-cylinders.net\/wp-content\/uploads\/2025\/01\/hydraulic-cylinder-factory-1-480x610.webp 480w\" sizes=\"(min-width: 0px) and (max-width: 480px) 480px, (min-width: 481px) and (max-width: 980px) 980px, (min-width: 981px) and (max-width: 1280px) 1280px, (min-width: 1281px) 2016px, 100vw\" \/><\/h2>\n<p>Ne m\u00e2ndrim cu o platform\u0103 independent\u0103 de cercetare \u0219i dezvoltare de ultim\u0103 genera\u021bie dedicat\u0103 asambl\u0103rii, asigur\u00e2nd inova\u021bie \u0219i calitate de top \u00een procesele noastre de fabrica\u021bie. Atelierul nostru de produc\u021bie a cilindrilor pentru stivuitoare dispune de patru linii de asamblare semiautomate pentru cilindrii de ridicare \u0219i o linie de asamblare complet automat\u0103 pentru cilindrii de \u00eenclinare, proiectate \u00eempreun\u0103 pentru a produce p\u00e2n\u0103 la un milion de unit\u0103\u021bi anual.<\/p>\n<p>\u00cen plus, atelierul nostru specializat de cilindri este dotat cu sisteme semiautomate de cur\u0103\u021bare \u0219i asamblare adaptate la diverse specifica\u021bii, cu o capacitate anual\u0103 de produc\u021bie de 200.000 de buc\u0103\u021bi. Utiliz\u0103m echipamente CNC renumite, centre de prelucrare \u0219i unelte specializate pentru prelucrarea de \u00eenalt\u0103 precizie a cilindrilor. Facilitatea noastr\u0103 include, de asemenea, ma\u0219ini avansate de sudur\u0103 robotizat\u0103, sisteme automate de cur\u0103\u021bare \u0219i linii complet automatizate de asamblare \u0219i vopsire a cilindrilor. Cu peste 300 de echipamente cheie opera\u021bionale, optimiz\u0103m alocarea resurselor \u0219i asigur\u0103m o utilizare eficient\u0103, respect\u00e2nd standarde stricte de precizie \u0219i calitate.<\/p>\n<p>Atelierul nostru de prelucrare dispune de centre de strunjire personalizate cu ghidare \u00eenclinat\u0103, centre de prelucrare, ma\u0219ini de honuit de mare vitez\u0103, robo\u021bi de sudur\u0103 \u0219i alte echipamente esen\u021biale. Aceast\u0103 configura\u021bie ne permite s\u0103 prelucr\u0103m tuburi cilindrice cu un diametru interior maxim de 400 mm \u0219i lungimi de p\u00e2n\u0103 la 6 metri, sporind \u0219i mai mult capacit\u0103\u021bile noastre de produc\u021bie.<\/p>\n<h2><img loading=\"lazy\" decoding=\"async\" class=\"alignnone size-full wp-image-16973\" src=\"https:\/\/www.hydraulic-cylinders.net\/wp-content\/uploads\/2025\/01\/hydraulic-cylinder-factory-2-scaled.webp\" alt=\"\" width=\"2011\" height=\"2560\" srcset=\"https:\/\/www.hydraulic-cylinders.net\/wp-content\/uploads\/2025\/01\/hydraulic-cylinder-factory-2-scaled.webp 2011w, https:\/\/www.hydraulic-cylinders.net\/wp-content\/uploads\/2025\/01\/hydraulic-cylinder-factory-2-1280x1629.webp 1280w, https:\/\/www.hydraulic-cylinders.net\/wp-content\/uploads\/2025\/01\/hydraulic-cylinder-factory-2-980x1248.webp 980w, https:\/\/www.hydraulic-cylinders.net\/wp-content\/uploads\/2025\/01\/hydraulic-cylinder-factory-2-480x611.webp 480w\" sizes=\"(min-width: 0px) and (max-width: 480px) 480px, (min-width: 481px) and (max-width: 980px) 980px, (min-width: 981px) and (max-width: 1280px) 1280px, (min-width: 1281px) 2011px, 100vw\" \/><\/h2>\n<p>Oper\u0103m o linie de vopsire pe baz\u0103 de ap\u0103 complet automat\u0103, special conceput\u0103 pentru cilindri mici \u0219i medii, cu robo\u021bi automatiza\u021bi de \u00eenc\u0103rcare, desc\u0103rcare \u0219i pulverizare. Acest sistem de ultim\u0103 genera\u021bie se m\u00e2ndre\u0219te cu o capacitate de produc\u021bie de 4.000 de unit\u0103\u021bi pe schimb. \u00cen plus, avem o linie de vopsire semiautomat\u0103 pentru cilindri de dimensiuni mari, ac\u021bionat\u0103 de un lan\u021b, cu o capacitate proiectat\u0103 de 60 de l\u0103zi pe schimb.<\/p>\n<p>Pentru a \u00eembun\u0103t\u0103\u021bi performan\u021ba produselor \u0219i a ne consolida pozi\u021bia de lider \u00een industria cilindrilor hidraulici, am \u00eencheiat un parteneriat cu ZJIMEE pentru a \u00eenfiin\u021ba un laborator cuprinz\u0103tor de performan\u021b\u0103 dedicat cilindrilor, valvelor \u0219i pompelor hidraulice. Acest laborator avansat utilizeaz\u0103 testarea asistat\u0103 de computer cu tehnologie electrohidraulic\u0103, permi\u021b\u00e2nd condi\u021bii de testare prestabilite care \u00eembun\u0103t\u0103\u021besc precizia \u0219i versatilitatea sistemului. Procesul automat de colectare a datelor utilizeaz\u0103 senzori pentru a colecta date de ie\u0219ire, cum ar fi scurgerile interne \u0219i eficien\u021ba sarcinii, care sunt apoi procesate de un computer \u0219i convertite \u00een unit\u0103\u021bi standard (ml\/min%).<\/p>\n<p>\u00cen plus, pentru a asigura siguran\u021ba sistemelor noastre hidraulice, implement\u0103m monitorizarea st\u0103rii parametrilor cheie de performan\u021b\u0103, inclusiv temperatura uleiului, nivelul lichidului \u0219i starea dispozitivului de filtrare. Standul nostru de testare a cilindrilor hidraulici este capabil s\u0103 evalueze \u201eeficien\u021ba sarcinii\u201d \u0219i \u201escurgerile interne\u201d prin citiri precise. De asemenea, este echipat cu un instrument de m\u0103surare cu rigl\u0103 tip r\u0103z\u0103toare care \u00eendepline\u0219te standardele na\u021bionale, asigur\u00e2nd conformitatea cu toate cerin\u021bele de testare pentru produsele cu cilindri hidraulici.<\/p>\n<p>&nbsp;<\/p>","protected":false},"excerpt":{"rendered":"<p>Steering Cylinder For Mast Type Aerial Work Vehicles The steering cylinder for mast type aerial work vehicles is a vital component specifically designed for aerial work vehicles. This high-performance steering system greatly enhances maneuverability and control, enabling operators to navigate complex environments with confidence. Notable for its durability, precision, and high load capacity, the steering [&hellip;]<\/p>","protected":false},"featured_media":17493,"comment_status":"open","ping_status":"closed","template":"","meta":{"_et_pb_use_builder":"","_et_pb_old_content":"","_et_gb_content_width":""},"product_brand":[],"product_cat":[1500,1550,1376],"product_tag":[],"class_list":{"0":"post-17209","1":"product","2":"type-product","3":"status-publish","4":"has-post-thumbnail","6":"product_cat-aerial-work-vehicle-hydraulic-cylinder","7":"product_cat-double-acting-hydraulic-cylinder","8":"product_cat-hydraulic-cylinder","10":"first","11":"instock","12":"shipping-taxable","13":"product-type-simple"},"amp_enabled":true,"_links":{"self":[{"href":"https:\/\/www.hydraulic-cylinders.net\/ro\/wp-json\/wp\/v2\/product\/17209","targetHints":{"allow":["GET"]}}],"collection":[{"href":"https:\/\/www.hydraulic-cylinders.net\/ro\/wp-json\/wp\/v2\/product"}],"about":[{"href":"https:\/\/www.hydraulic-cylinders.net\/ro\/wp-json\/wp\/v2\/types\/product"}],"replies":[{"embeddable":true,"href":"https:\/\/www.hydraulic-cylinders.net\/ro\/wp-json\/wp\/v2\/comments?post=17209"}],"wp:featuredmedia":[{"embeddable":true,"href":"https:\/\/www.hydraulic-cylinders.net\/ro\/wp-json\/wp\/v2\/media\/17493"}],"wp:attachment":[{"href":"https:\/\/www.hydraulic-cylinders.net\/ro\/wp-json\/wp\/v2\/media?parent=17209"}],"wp:term":[{"taxonomy":"product_brand","embeddable":true,"href":"https:\/\/www.hydraulic-cylinders.net\/ro\/wp-json\/wp\/v2\/product_brand?post=17209"},{"taxonomy":"product_cat","embeddable":true,"href":"https:\/\/www.hydraulic-cylinders.net\/ro\/wp-json\/wp\/v2\/product_cat?post=17209"},{"taxonomy":"product_tag","embeddable":true,"href":"https:\/\/www.hydraulic-cylinders.net\/ro\/wp-json\/wp\/v2\/product_tag?post=17209"}],"curies":[{"name":"wp","href":"https:\/\/api.w.org\/{rel}","templated":true}]}}