{"id":17210,"date":"2025-02-23T07:51:23","date_gmt":"2025-02-23T07:51:23","guid":{"rendered":"https:\/\/www.hydraulic-cylinders.net\/?post_type=product&#038;p=17210"},"modified":"2025-04-30T08:48:08","modified_gmt":"2025-04-30T08:48:08","slug":"lifting-cylinder-for-mast-type-aerial-work-vehicles","status":"publish","type":"product","link":"https:\/\/www.hydraulic-cylinders.net\/ro\/produs\/lifting-cylinder-for-mast-type-aerial-work-vehicles\/","title":{"rendered":"Cilindru de ridicare pentru vehicule de lucru aeriene de tip catarg"},"content":{"rendered":"<h1 style=\"text-align: center;\"><strong>Cilindru de ridicare pentru vehicule de lucru aeriene de tip catarg<\/strong><\/h1>\n<h1 style=\"text-align: center;\"><img loading=\"lazy\" decoding=\"async\" class=\"alignnone size-full wp-image-17212\" src=\"https:\/\/www.hydraulic-cylinders.net\/wp-content\/uploads\/2025\/02\/hcyy11112006-lift-cylinder-2.webp\" alt=\"\" width=\"1499\" height=\"519\" srcset=\"https:\/\/www.hydraulic-cylinders.net\/wp-content\/uploads\/2025\/02\/hcyy11112006-lift-cylinder-2.webp 1499w, https:\/\/www.hydraulic-cylinders.net\/wp-content\/uploads\/2025\/02\/hcyy11112006-lift-cylinder-2-1280x443.webp 1280w, https:\/\/www.hydraulic-cylinders.net\/wp-content\/uploads\/2025\/02\/hcyy11112006-lift-cylinder-2-980x339.webp 980w, https:\/\/www.hydraulic-cylinders.net\/wp-content\/uploads\/2025\/02\/hcyy11112006-lift-cylinder-2-480x166.webp 480w\" sizes=\"(min-width: 0px) and (max-width: 480px) 480px, (min-width: 481px) and (max-width: 980px) 980px, (min-width: 981px) and (max-width: 1280px) 1280px, (min-width: 1281px) 1499px, 100vw\" \/><\/h1>\n<p>Cilindrul de ridicare pentru vehiculele de lucru aeriene de tip catarg este o component\u0103 vital\u0103 pentru vehiculele de lucru aeriene, proiectat pentru a oferi o putere de ridicare fiabil\u0103 \u00eentr-o gam\u0103 larg\u0103 de aplica\u021bii. Conceput cu accent pe performan\u021b\u0103 \u0219i siguran\u021b\u0103, acest cilindru permite operatorilor s\u0103 efectueze sarcini la \u00een\u0103l\u021bime cu \u00eencredere \u0219i eficien\u021b\u0103.<\/p>\n<p>Combin\u00e2nd durabilitatea excep\u021bional\u0103, precizia \u0219i compatibilitatea larg\u0103, cilindrul de ridicare este esen\u021bial pentru orice configura\u021bie de lucru aerian\u0103. Capacitatea sa impresionant\u0103 de \u00eenc\u0103rcare \u0219i designul rezistent la coroziune sporesc semnificativ siguran\u021ba \u0219i eficien\u021ba opera\u021bional\u0103. Prin respectarea instruc\u021biunilor corecte de utilizare \u0219i \u00eentre\u021binere, operatorii pot optimiza performan\u021ba \u0219i pot prelungi durata de via\u021b\u0103 a acestui echipament critic. \u00cembun\u0103t\u0103\u021bi\u021bi-v\u0103 opera\u021biunile aeriene cu asigurarea c\u0103 ave\u021bi o solu\u021bie de ridicare fiabil\u0103 la \u00eendem\u00e2n\u0103.<\/p>\n<h2><strong>Cilindru de ridicare pentru vehicule de lucru aeriene de tip catarg Parametru:<\/strong><\/h2>\n<h1 style=\"text-align: center;\"><img loading=\"lazy\" decoding=\"async\" class=\"alignnone size-full wp-image-17211\" src=\"https:\/\/www.hydraulic-cylinders.net\/wp-content\/uploads\/2025\/02\/hcyy11112006-lift-cylinder-1.webp\" alt=\"\" width=\"1516\" height=\"146\" srcset=\"https:\/\/www.hydraulic-cylinders.net\/wp-content\/uploads\/2025\/02\/hcyy11112006-lift-cylinder-1.webp 1516w, https:\/\/www.hydraulic-cylinders.net\/wp-content\/uploads\/2025\/02\/hcyy11112006-lift-cylinder-1-1280x123.webp 1280w, https:\/\/www.hydraulic-cylinders.net\/wp-content\/uploads\/2025\/02\/hcyy11112006-lift-cylinder-1-980x94.webp 980w, https:\/\/www.hydraulic-cylinders.net\/wp-content\/uploads\/2025\/02\/hcyy11112006-lift-cylinder-1-480x46.webp 480w\" sizes=\"(min-width: 0px) and (max-width: 480px) 480px, (min-width: 481px) and (max-width: 980px) 980px, (min-width: 981px) and (max-width: 1280px) 1280px, (min-width: 1281px) 1516px, 100vw\" \/><img loading=\"lazy\" decoding=\"async\" class=\"alignnone size-full wp-image-17213\" src=\"https:\/\/www.hydraulic-cylinders.net\/wp-content\/uploads\/2025\/02\/hcyy11112006-lift-cylinder-3.webp\" alt=\"\" width=\"1477\" height=\"709\" srcset=\"https:\/\/www.hydraulic-cylinders.net\/wp-content\/uploads\/2025\/02\/hcyy11112006-lift-cylinder-3.webp 1477w, https:\/\/www.hydraulic-cylinders.net\/wp-content\/uploads\/2025\/02\/hcyy11112006-lift-cylinder-3-1280x614.webp 1280w, https:\/\/www.hydraulic-cylinders.net\/wp-content\/uploads\/2025\/02\/hcyy11112006-lift-cylinder-3-980x470.webp 980w, https:\/\/www.hydraulic-cylinders.net\/wp-content\/uploads\/2025\/02\/hcyy11112006-lift-cylinder-3-480x230.webp 480w\" sizes=\"(min-width: 0px) and (max-width: 480px) 480px, (min-width: 481px) and (max-width: 980px) 980px, (min-width: 981px) and (max-width: 1280px) 1280px, (min-width: 1281px) 1477px, 100vw\" \/> <img loading=\"lazy\" decoding=\"async\" class=\"alignnone size-full wp-image-17214\" src=\"https:\/\/www.hydraulic-cylinders.net\/wp-content\/uploads\/2025\/02\/hcyy11112006-lift-cylinder-4.webp\" alt=\"\" width=\"1476\" height=\"702\" srcset=\"https:\/\/www.hydraulic-cylinders.net\/wp-content\/uploads\/2025\/02\/hcyy11112006-lift-cylinder-4.webp 1476w, https:\/\/www.hydraulic-cylinders.net\/wp-content\/uploads\/2025\/02\/hcyy11112006-lift-cylinder-4-1280x609.webp 1280w, https:\/\/www.hydraulic-cylinders.net\/wp-content\/uploads\/2025\/02\/hcyy11112006-lift-cylinder-4-980x466.webp 980w, https:\/\/www.hydraulic-cylinders.net\/wp-content\/uploads\/2025\/02\/hcyy11112006-lift-cylinder-4-480x228.webp 480w\" sizes=\"(min-width: 0px) and (max-width: 480px) 480px, (min-width: 481px) and (max-width: 980px) 980px, (min-width: 981px) and (max-width: 1280px) 1280px, (min-width: 1281px) 1476px, 100vw\" \/> <img loading=\"lazy\" decoding=\"async\" class=\"alignnone size-full wp-image-17215\" src=\"https:\/\/www.hydraulic-cylinders.net\/wp-content\/uploads\/2025\/02\/hcyy11112006-lift-cylinder-5.webp\" alt=\"\" width=\"1476\" height=\"724\" srcset=\"https:\/\/www.hydraulic-cylinders.net\/wp-content\/uploads\/2025\/02\/hcyy11112006-lift-cylinder-5.webp 1476w, https:\/\/www.hydraulic-cylinders.net\/wp-content\/uploads\/2025\/02\/hcyy11112006-lift-cylinder-5-1280x628.webp 1280w, https:\/\/www.hydraulic-cylinders.net\/wp-content\/uploads\/2025\/02\/hcyy11112006-lift-cylinder-5-980x481.webp 980w, https:\/\/www.hydraulic-cylinders.net\/wp-content\/uploads\/2025\/02\/hcyy11112006-lift-cylinder-5-480x235.webp 480w\" sizes=\"(min-width: 0px) and (max-width: 480px) 480px, (min-width: 481px) and (max-width: 980px) 980px, (min-width: 981px) and (max-width: 1280px) 1280px, (min-width: 1281px) 1476px, 100vw\" \/><\/h1>\n<h2><strong>Serie de cilindri pentru vehicule de lucru aeriene:<\/strong><\/h2>\n<h2><img loading=\"lazy\" decoding=\"async\" class=\"wp-image-1044652 size-full aligncenter\" src=\"https:\/\/images.hzpt.com\/2025\/02\/cylinder-series-for-aerial-work-vehicles.webp\" alt=\"\" width=\"751\" height=\"850\" \/><\/h2>\n<h2><strong>Caracteristici cheie ale cilindrului de ridicare pentru vehiculele de lucru aeriene de tip catarg:<\/strong><\/h2>\n<h4><strong>Capacitate mare de \u00eenc\u0103rcare<\/strong><\/h4>\n<p>Cilindrul de ridicare se m\u00e2ndre\u0219te cu o capacitate de \u00eenc\u0103rcare impresionant\u0103, proiectat cu expertiz\u0103 pentru a sus\u021bine greut\u0103\u021bi substan\u021biale. Aceast\u0103 capacitate \u00eel face ideal pentru aplica\u021bii aeriene solicitante, unde fiabilitatea \u0219i rezisten\u021ba sunt primordiale. Indiferent dac\u0103 ridic\u0103 echipamente grele sau personal, acest cilindru asigur\u0103 opera\u021biuni sigure \u0219i eficiente, oferind operatorilor lini\u0219te sufleteasc\u0103 \u00een timp ce lucreaz\u0103 la \u00een\u0103l\u021bime.<\/p>\n<h4><strong>Construc\u021bie durabil\u0103<\/strong><\/h4>\n<p>Fabricat din materiale de calitate premium, cilindrul de ridicare este conceput pentru a rezista la medii dure \u0219i utiliz\u0103ri intense. Construc\u021bia sa robust\u0103 minimizeaz\u0103 uzura, rezult\u00e2nd o durat\u0103 lung\u0103 de via\u021b\u0103 care reduce frecven\u021ba \u00eenlocuirilor. Aceast\u0103 durabilitate garanteaz\u0103 c\u0103 cilindrul men\u021bine performan\u021be maxime \u00een timp, chiar \u0219i \u00een cele mai dificile condi\u021bii, sporind astfel fiabilitatea general\u0103 a vehiculului dumneavoastr\u0103 de lucru aerian.<\/p>\n<h4><strong>Inginerie de precizie<\/strong><\/h4>\n<p>Proiectat pentru o func\u021bionare f\u0103r\u0103 probleme \u0219i fiabil\u0103, cilindrul de ridicare dispune de o inginerie avansat\u0103 de precizie. Acest design ofer\u0103 o reac\u021bie excelent\u0103, permi\u021b\u00e2nd ajust\u0103ri line \u00een timpul func\u021bion\u0103rii. Eficien\u021ba sporit\u0103 se traduce prin timpi de ridicare mai rapizi, permi\u021b\u00e2nd operatorilor s\u0103 finalizeze sarcinile mai eficient. Performan\u021ba precis\u0103 a cilindrului ajut\u0103 la men\u021binerea stabilit\u0103\u021bii \u0219i siguran\u021bei, esen\u021biale pentru lucr\u0103rile aeriene.<\/p>\n<h4><strong>Rezisten\u021b\u0103 la coroziune<\/strong><\/h4>\n<p>Echipat cu acoperiri de protec\u021bie avansate, cilindrul de ridicare rezist\u0103 eficient ruginii \u0219i coroziunii. Aceast\u0103 caracteristic\u0103 este deosebit de benefic\u0103 \u00een mediile exterioare \u0219i cele dificile, unde umiditatea \u0219i condi\u021biile meteorologice dure pot duce la deteriorare. Prin protejarea \u00eempotriva coroziunii, acest cilindru nu numai c\u0103 \u00ee\u0219i prelunge\u0219te durata de via\u021b\u0103, dar asigur\u0103 \u0219i performan\u021be constante la niveluri optime, reduc\u00e2nd costurile de \u00eentre\u021binere \u00een timp.<\/p>\n<h4><strong>Compatibilitate<\/strong><\/h4>\n<p>Cilindrul de ridicare este conceput pentru a fi compatibil cu o gam\u0103 larg\u0103 de vehicule de lucru aeriene, ceea ce \u00eel face o solu\u021bie versatil\u0103 pentru diver\u0219i produc\u0103tori \u0219i modele. Aceast\u0103 adaptabilitate simplific\u0103 gestionarea stocurilor pentru operatorii de flote, deoarece un singur cilindru poate fi utilizat pentru mai multe tipuri de echipamente. U\u0219urin\u021ba compatibilit\u0103\u021bii permite integrarea perfect\u0103 \u00een sistemele existente, maximiz\u00e2nd eficien\u021ba opera\u021bional\u0103 \u0219i reduc\u00e2nd la minimum timpul de nefunc\u021bionare \u00een timpul \u00eenlocuirilor.<\/p>\n<h2><strong>Ce practici de \u00eentre\u021binere sunt recomandate pentru cilindrul de ridicare pentru a asigura performan\u021be optime?<\/strong><\/h2>\n<p>Pentru a asigura performan\u021ba optim\u0103 a cilindrului de ridicare, se recomand\u0103 urm\u0103toarele practici de \u00eentre\u021binere:<\/p>\n<h3><strong>Inspec\u021bii regulate<\/strong><\/h3>\n<p>Efectua\u021bi inspec\u021bii de rutin\u0103 ale cilindrului pentru a depista orice semne de uzur\u0103, deteriorare sau scurgeri. Verifica\u021bi integritatea garniturilor, furtunurilor \u0219i fitingurilor. Depistarea timpurie a problemelor poate preveni probleme mai semnificative \u0219i poate asigura o func\u021bionare sigur\u0103.<\/p>\n<h3><strong>Cur\u0103\u021benie<\/strong><\/h3>\n<p>P\u0103stra\u021bi cilindrul curat \u0219i f\u0103r\u0103 murd\u0103rie, resturi \u0219i substan\u021be corozive. \u0218terge\u021bi regulat exteriorul cu o c\u00e2rp\u0103 moale \u0219i un detergent bl\u00e2nd, \u00een special dup\u0103 expunerea la medii dure. Acest lucru ajut\u0103 la prevenirea coroziunii \u0219i men\u021bine integritatea componentelor.<\/p>\n<h3><strong>Lubrifiere<\/strong><\/h3>\n<p>Asigura\u021bi-v\u0103 c\u0103 toate piesele mobile sunt lubrifiate corespunz\u0103tor, conform instruc\u021biunilor produc\u0103torului. Lubrifierea corect\u0103 reduce frecarea, minimizeaz\u0103 uzura \u0219i \u00eembun\u0103t\u0103\u021be\u0219te eficien\u021ba opera\u021bional\u0103 a cilindrului.<\/p>\n<h3><strong>Verific\u0103ri ale fluidelor hidraulice<\/strong><\/h3>\n<p>Verifica\u021bi periodic nivelurile \u0219i calitatea fluidului hidraulic. Men\u021bine\u021bi tipul de fluid recomandat \u0219i \u00eenlocui\u021bi-l dup\u0103 cum este necesar pentru a preveni contaminarea care ar putea afecta performan\u021ba.<\/p>\n<h3><strong>Verific\u0103ri ale cuplului<\/strong><\/h3>\n<p>Verifica\u021bi periodic dac\u0103 toate \u0219uruburile \u0219i conexiunile sunt fixate \u0219i str\u00e2nse conform specifica\u021biilor produc\u0103torului. Fitingurile sl\u0103bite pot duce la scurgeri \u0219i defec\u021biuni func\u021bionale.<\/p>\n<h3><strong>Testarea func\u021bionalit\u0103\u021bii<\/strong><\/h3>\n<p>Efectua\u021bi teste de func\u021bionalitate pentru a v\u0103 asigura c\u0103 cilindrul func\u021bioneaz\u0103 f\u0103r\u0103 probleme. Verifica\u021bi dac\u0103 exist\u0103 zgomote neobi\u0219nuite, vibra\u021bii sau modific\u0103ri ale performan\u021bei \u00een timpul func\u021bion\u0103rii, care ar putea indica probleme subiacente.<\/p>\n<h3><strong>Documentare<\/strong><\/h3>\n<p>Men\u021bine\u021bi un jurnal detaliat de \u00eentre\u021binere care \u00eenregistreaz\u0103 inspec\u021biile, repara\u021biile \u0219i orice incidente. Aceast\u0103 documenta\u021bie ajut\u0103 la urm\u0103rirea tendin\u021belor de performan\u021b\u0103 \u0219i la planificarea \u00eentre\u021binerii viitoare.<\/p>\n<h4><strong>Servicii profesionale<\/strong><\/h4>\n<p>Programa\u021bi revizii profesionale regulate sau evalu\u0103ri efectuate de tehnicieni califica\u021bi. Ace\u0219tia pot oferi expertiz\u0103 \u00een identificarea poten\u021bialelor probleme \u0219i asigurarea respect\u0103rii standardelor de siguran\u021b\u0103.<\/p>\n<p>Respect\u00e2nd aceste practici de \u00eentre\u021binere, operatorii se pot asigura c\u0103 cilindrul de ridicare r\u0103m\u00e2ne \u00een stare optim\u0103, sporind siguran\u021ba \u0219i fiabilitatea \u00een timpul opera\u021biunilor aeriene.<\/p>\n<h2><strong>Zona de produc\u021bie a cilindrilor pentru stivuitoare:<\/strong><\/h2>\n<h2><img loading=\"lazy\" decoding=\"async\" class=\"alignnone size-full wp-image-16972\" src=\"https:\/\/www.hydraulic-cylinders.net\/wp-content\/uploads\/2025\/01\/hydraulic-cylinder-factory-1-scaled.webp\" alt=\"\" width=\"2016\" height=\"2560\" srcset=\"https:\/\/www.hydraulic-cylinders.net\/wp-content\/uploads\/2025\/01\/hydraulic-cylinder-factory-1-scaled.webp 2016w, https:\/\/www.hydraulic-cylinders.net\/wp-content\/uploads\/2025\/01\/hydraulic-cylinder-factory-1-1280x1625.webp 1280w, https:\/\/www.hydraulic-cylinders.net\/wp-content\/uploads\/2025\/01\/hydraulic-cylinder-factory-1-980x1244.webp 980w, https:\/\/www.hydraulic-cylinders.net\/wp-content\/uploads\/2025\/01\/hydraulic-cylinder-factory-1-480x610.webp 480w\" sizes=\"(min-width: 0px) and (max-width: 480px) 480px, (min-width: 481px) and (max-width: 980px) 980px, (min-width: 981px) and (max-width: 1280px) 1280px, (min-width: 1281px) 2016px, 100vw\" \/><\/h2>\n<p>Ne m\u00e2ndrim cu o platform\u0103 independent\u0103 de cercetare \u0219i dezvoltare de ultim\u0103 genera\u021bie dedicat\u0103 asambl\u0103rii, asigur\u00e2nd inova\u021bie \u0219i calitate de top \u00een procesele noastre de fabrica\u021bie. Atelierul nostru de produc\u021bie a cilindrilor pentru stivuitoare dispune de patru linii de asamblare semiautomate pentru cilindrii de ridicare \u0219i o linie de asamblare complet automat\u0103 pentru cilindrii de \u00eenclinare, proiectate \u00eempreun\u0103 pentru a produce p\u00e2n\u0103 la un milion de unit\u0103\u021bi anual.<\/p>\n<p>\u00cen plus, atelierul nostru specializat de cilindri este dotat cu sisteme semiautomate de cur\u0103\u021bare \u0219i asamblare adaptate la diverse specifica\u021bii, cu o capacitate anual\u0103 de produc\u021bie de 200.000 de buc\u0103\u021bi. Utiliz\u0103m echipamente CNC renumite, centre de prelucrare \u0219i unelte specializate pentru prelucrarea de \u00eenalt\u0103 precizie a cilindrilor. Facilitatea noastr\u0103 include, de asemenea, ma\u0219ini avansate de sudur\u0103 robotizat\u0103, sisteme automate de cur\u0103\u021bare \u0219i linii complet automatizate de asamblare \u0219i vopsire a cilindrilor. Cu peste 300 de echipamente cheie opera\u021bionale, optimiz\u0103m alocarea resurselor \u0219i asigur\u0103m o utilizare eficient\u0103, respect\u00e2nd standarde stricte de precizie \u0219i calitate.<\/p>\n<p>Atelierul nostru de prelucrare dispune de centre de strunjire personalizate cu ghidare \u00eenclinat\u0103, centre de prelucrare, ma\u0219ini de honuit de mare vitez\u0103, robo\u021bi de sudur\u0103 \u0219i alte echipamente esen\u021biale. Aceast\u0103 configura\u021bie ne permite s\u0103 prelucr\u0103m tuburi cilindrice cu un diametru interior maxim de 400 mm \u0219i lungimi de p\u00e2n\u0103 la 6 metri, sporind \u0219i mai mult capacit\u0103\u021bile noastre de produc\u021bie.<\/p>\n<h2><img loading=\"lazy\" decoding=\"async\" class=\"alignnone size-full wp-image-16973\" src=\"https:\/\/www.hydraulic-cylinders.net\/wp-content\/uploads\/2025\/01\/hydraulic-cylinder-factory-2-scaled.webp\" alt=\"\" width=\"2011\" height=\"2560\" srcset=\"https:\/\/www.hydraulic-cylinders.net\/wp-content\/uploads\/2025\/01\/hydraulic-cylinder-factory-2-scaled.webp 2011w, https:\/\/www.hydraulic-cylinders.net\/wp-content\/uploads\/2025\/01\/hydraulic-cylinder-factory-2-1280x1629.webp 1280w, https:\/\/www.hydraulic-cylinders.net\/wp-content\/uploads\/2025\/01\/hydraulic-cylinder-factory-2-980x1248.webp 980w, https:\/\/www.hydraulic-cylinders.net\/wp-content\/uploads\/2025\/01\/hydraulic-cylinder-factory-2-480x611.webp 480w\" sizes=\"(min-width: 0px) and (max-width: 480px) 480px, (min-width: 481px) and (max-width: 980px) 980px, (min-width: 981px) and (max-width: 1280px) 1280px, (min-width: 1281px) 2011px, 100vw\" \/><\/h2>\n<p>Oper\u0103m o linie de vopsire pe baz\u0103 de ap\u0103 complet automat\u0103, special conceput\u0103 pentru cilindri mici \u0219i medii, cu robo\u021bi automatiza\u021bi de \u00eenc\u0103rcare, desc\u0103rcare \u0219i pulverizare. Acest sistem de ultim\u0103 genera\u021bie se m\u00e2ndre\u0219te cu o capacitate de produc\u021bie de 4.000 de unit\u0103\u021bi pe schimb. \u00cen plus, avem o linie de vopsire semiautomat\u0103 pentru cilindri de dimensiuni mari, ac\u021bionat\u0103 de un lan\u021b, cu o capacitate proiectat\u0103 de 60 de l\u0103zi pe schimb.<\/p>\n<p>Pentru a \u00eembun\u0103t\u0103\u021bi performan\u021ba produselor \u0219i a ne consolida pozi\u021bia de lider \u00een industria cilindrilor hidraulici, am \u00eencheiat un parteneriat cu ZJIMEE pentru a \u00eenfiin\u021ba un laborator cuprinz\u0103tor de performan\u021b\u0103 dedicat cilindrilor, valvelor \u0219i pompelor hidraulice. Acest laborator avansat utilizeaz\u0103 testarea asistat\u0103 de computer cu tehnologie electrohidraulic\u0103, permi\u021b\u00e2nd condi\u021bii de testare prestabilite care \u00eembun\u0103t\u0103\u021besc precizia \u0219i versatilitatea sistemului. Procesul automat de colectare a datelor utilizeaz\u0103 senzori pentru a colecta date de ie\u0219ire, cum ar fi scurgerile interne \u0219i eficien\u021ba sarcinii, care sunt apoi procesate de un computer \u0219i convertite \u00een unit\u0103\u021bi standard (ml\/min%).<\/p>\n<p>\u00cen plus, pentru a asigura siguran\u021ba sistemelor noastre hidraulice, implement\u0103m monitorizarea st\u0103rii parametrilor cheie de performan\u021b\u0103, inclusiv temperatura uleiului, nivelul lichidului \u0219i starea dispozitivului de filtrare. Standul nostru de testare a cilindrilor hidraulici este capabil s\u0103 evalueze \u201eeficien\u021ba sarcinii\u201d \u0219i \u201escurgerile interne\u201d prin citiri precise. De asemenea, este echipat cu un instrument de m\u0103surare cu rigl\u0103 tip r\u0103z\u0103toare care \u00eendepline\u0219te standardele na\u021bionale, asigur\u00e2nd conformitatea cu toate cerin\u021bele de testare pentru produsele cu cilindri hidraulici.<\/p>\n<p>&nbsp;<\/p>","protected":false},"excerpt":{"rendered":"<p>Lifting Cylinder For Mast Type Aerial Work Vehicles The lifting cylinder for mast type aerial work vehicles is a vital component for aerial work vehicles, engineered to deliver reliable lifting power across a range of applications. Designed with a focus on performance and safety, this cylinder empowers operators to carry out tasks at height with [&hellip;]<\/p>","protected":false},"featured_media":17492,"comment_status":"open","ping_status":"closed","template":"","meta":{"_et_pb_use_builder":"","_et_pb_old_content":"","_et_gb_content_width":""},"product_brand":[],"product_cat":[1500,1549,1376],"product_tag":[],"class_list":{"0":"post-17210","1":"product","2":"type-product","3":"status-publish","4":"has-post-thumbnail","6":"product_cat-aerial-work-vehicle-hydraulic-cylinder","7":"product_cat-single-acting-hydraulic-cylinder","8":"product_cat-hydraulic-cylinder","10":"first","11":"instock","12":"shipping-taxable","13":"product-type-simple"},"amp_enabled":true,"_links":{"self":[{"href":"https:\/\/www.hydraulic-cylinders.net\/ro\/wp-json\/wp\/v2\/product\/17210","targetHints":{"allow":["GET"]}}],"collection":[{"href":"https:\/\/www.hydraulic-cylinders.net\/ro\/wp-json\/wp\/v2\/product"}],"about":[{"href":"https:\/\/www.hydraulic-cylinders.net\/ro\/wp-json\/wp\/v2\/types\/product"}],"replies":[{"embeddable":true,"href":"https:\/\/www.hydraulic-cylinders.net\/ro\/wp-json\/wp\/v2\/comments?post=17210"}],"wp:featuredmedia":[{"embeddable":true,"href":"https:\/\/www.hydraulic-cylinders.net\/ro\/wp-json\/wp\/v2\/media\/17492"}],"wp:attachment":[{"href":"https:\/\/www.hydraulic-cylinders.net\/ro\/wp-json\/wp\/v2\/media?parent=17210"}],"wp:term":[{"taxonomy":"product_brand","embeddable":true,"href":"https:\/\/www.hydraulic-cylinders.net\/ro\/wp-json\/wp\/v2\/product_brand?post=17210"},{"taxonomy":"product_cat","embeddable":true,"href":"https:\/\/www.hydraulic-cylinders.net\/ro\/wp-json\/wp\/v2\/product_cat?post=17210"},{"taxonomy":"product_tag","embeddable":true,"href":"https:\/\/www.hydraulic-cylinders.net\/ro\/wp-json\/wp\/v2\/product_tag?post=17210"}],"curies":[{"name":"wp","href":"https:\/\/api.w.org\/{rel}","templated":true}]}}