{"id":17230,"date":"2025-02-23T08:19:41","date_gmt":"2025-02-23T08:19:41","guid":{"rendered":"https:\/\/www.hydraulic-cylinders.net\/?post_type=product&#038;p=17230"},"modified":"2025-04-30T08:40:35","modified_gmt":"2025-04-30T08:40:35","slug":"telescopic-cylinder-for-arm-type-aerial-work-vehicles","status":"publish","type":"product","link":"https:\/\/www.hydraulic-cylinders.net\/ro\/produs\/telescopic-cylinder-for-arm-type-aerial-work-vehicles\/","title":{"rendered":"Cilindru telescopic pentru vehicule de lucru aeriene de tip bra\u021b"},"content":{"rendered":"<h1 style=\"text-align: center;\"><strong>Cilindru telescopic pentru vehicule de lucru aeriene de tip bra\u021b<\/strong><\/h1>\n<h1 style=\"text-align: center;\"><img loading=\"lazy\" decoding=\"async\" class=\"alignnone size-full wp-image-17232\" src=\"https:\/\/www.hydraulic-cylinders.net\/wp-content\/uploads\/2025\/02\/hcyy11112009-main-boom-extension-cylinder-2.webp\" alt=\"\" width=\"1500\" height=\"517\" srcset=\"https:\/\/www.hydraulic-cylinders.net\/wp-content\/uploads\/2025\/02\/hcyy11112009-main-boom-extension-cylinder-2.webp 1500w, https:\/\/www.hydraulic-cylinders.net\/wp-content\/uploads\/2025\/02\/hcyy11112009-main-boom-extension-cylinder-2-1280x441.webp 1280w, https:\/\/www.hydraulic-cylinders.net\/wp-content\/uploads\/2025\/02\/hcyy11112009-main-boom-extension-cylinder-2-980x338.webp 980w, https:\/\/www.hydraulic-cylinders.net\/wp-content\/uploads\/2025\/02\/hcyy11112009-main-boom-extension-cylinder-2-480x165.webp 480w\" sizes=\"(min-width: 0px) and (max-width: 480px) 480px, (min-width: 481px) and (max-width: 980px) 980px, (min-width: 981px) and (max-width: 1280px) 1280px, (min-width: 1281px) 1500px, 100vw\" \/><\/h1>\n<p>Cilindrul telescopic pentru vehiculele de lucru aeriene de tip bra\u021b este o component\u0103 vital\u0103 pentru vehiculele de lucru aeriene, sporind semnificativ raza de ac\u021biune \u0219i versatilitatea acestora. Proiectat special pentru aplica\u021bii de \u00eenalt\u0103 performan\u021b\u0103, acest cilindru permite operatorilor s\u0103 acceseze f\u0103r\u0103 efort zonele elevate cu precizie. Construc\u021bia sa robust\u0103 \u0219i ingineria avansat\u0103 \u00eel fac un instrument esen\u021bial pentru construc\u021bii, \u00eentre\u021binere \u0219i diverse sarcini aeriene.<\/p>\n<p>Cu un design durabil \u0219i o raz\u0103 de ac\u021biune \u00eembun\u0103t\u0103\u021bit\u0103, HCYY11112009 este o alegere fiabil\u0103 pentru profesioni\u0219tii din diverse industrii. Integrarea acestui cilindru \u00een opera\u021biunile dumneavoastr\u0103 aeriene nu numai c\u0103 spore\u0219te siguran\u021ba \u0219i eficien\u021ba, dar v\u0103 extinde \u0219i capacit\u0103\u021bile opera\u021bionale. Investind \u00een HCYY11112009, v\u0103 ridica\u021bi munca la noi culmi, asigur\u00e2nd rezultate de succes pentru fiecare proiect.<\/p>\n<h2><strong>Cilindru telescopic pentru vehicule de lucru aeriene de tip bra\u021b Parametru:<\/strong><\/h2>\n<h1 style=\"text-align: center;\"><img loading=\"lazy\" decoding=\"async\" class=\"alignnone size-full wp-image-17231\" src=\"https:\/\/www.hydraulic-cylinders.net\/wp-content\/uploads\/2025\/02\/hcyy11112009-main-boom-extension-cylinder-1.webp\" alt=\"\" width=\"1512\" height=\"142\" srcset=\"https:\/\/www.hydraulic-cylinders.net\/wp-content\/uploads\/2025\/02\/hcyy11112009-main-boom-extension-cylinder-1.webp 1512w, https:\/\/www.hydraulic-cylinders.net\/wp-content\/uploads\/2025\/02\/hcyy11112009-main-boom-extension-cylinder-1-1280x120.webp 1280w, https:\/\/www.hydraulic-cylinders.net\/wp-content\/uploads\/2025\/02\/hcyy11112009-main-boom-extension-cylinder-1-980x92.webp 980w, https:\/\/www.hydraulic-cylinders.net\/wp-content\/uploads\/2025\/02\/hcyy11112009-main-boom-extension-cylinder-1-480x45.webp 480w\" sizes=\"(min-width: 0px) and (max-width: 480px) 480px, (min-width: 481px) and (max-width: 980px) 980px, (min-width: 981px) and (max-width: 1280px) 1280px, (min-width: 1281px) 1512px, 100vw\" \/> \u00a0<img loading=\"lazy\" decoding=\"async\" class=\"alignnone size-full wp-image-17233\" src=\"https:\/\/www.hydraulic-cylinders.net\/wp-content\/uploads\/2025\/02\/hcyy11112009-main-boom-extension-cylinder-3.webp\" alt=\"\" width=\"1481\" height=\"710\" srcset=\"https:\/\/www.hydraulic-cylinders.net\/wp-content\/uploads\/2025\/02\/hcyy11112009-main-boom-extension-cylinder-3.webp 1481w, https:\/\/www.hydraulic-cylinders.net\/wp-content\/uploads\/2025\/02\/hcyy11112009-main-boom-extension-cylinder-3-1280x614.webp 1280w, https:\/\/www.hydraulic-cylinders.net\/wp-content\/uploads\/2025\/02\/hcyy11112009-main-boom-extension-cylinder-3-980x470.webp 980w, https:\/\/www.hydraulic-cylinders.net\/wp-content\/uploads\/2025\/02\/hcyy11112009-main-boom-extension-cylinder-3-480x230.webp 480w\" sizes=\"(min-width: 0px) and (max-width: 480px) 480px, (min-width: 481px) and (max-width: 980px) 980px, (min-width: 981px) and (max-width: 1280px) 1280px, (min-width: 1281px) 1481px, 100vw\" \/> <img loading=\"lazy\" decoding=\"async\" class=\"alignnone size-full wp-image-17234\" src=\"https:\/\/www.hydraulic-cylinders.net\/wp-content\/uploads\/2025\/02\/hcyy11112009-main-boom-extension-cylinder-4.webp\" alt=\"\" width=\"1479\" height=\"710\" srcset=\"https:\/\/www.hydraulic-cylinders.net\/wp-content\/uploads\/2025\/02\/hcyy11112009-main-boom-extension-cylinder-4.webp 1479w, https:\/\/www.hydraulic-cylinders.net\/wp-content\/uploads\/2025\/02\/hcyy11112009-main-boom-extension-cylinder-4-1280x614.webp 1280w, https:\/\/www.hydraulic-cylinders.net\/wp-content\/uploads\/2025\/02\/hcyy11112009-main-boom-extension-cylinder-4-980x470.webp 980w, https:\/\/www.hydraulic-cylinders.net\/wp-content\/uploads\/2025\/02\/hcyy11112009-main-boom-extension-cylinder-4-480x230.webp 480w\" sizes=\"(min-width: 0px) and (max-width: 480px) 480px, (min-width: 481px) and (max-width: 980px) 980px, (min-width: 981px) and (max-width: 1280px) 1280px, (min-width: 1281px) 1479px, 100vw\" \/> <img loading=\"lazy\" decoding=\"async\" class=\"alignnone size-full wp-image-17235\" src=\"https:\/\/www.hydraulic-cylinders.net\/wp-content\/uploads\/2025\/02\/hcyy11112009-main-boom-extension-cylinder-5.webp\" alt=\"\" width=\"1470\" height=\"684\" srcset=\"https:\/\/www.hydraulic-cylinders.net\/wp-content\/uploads\/2025\/02\/hcyy11112009-main-boom-extension-cylinder-5.webp 1470w, https:\/\/www.hydraulic-cylinders.net\/wp-content\/uploads\/2025\/02\/hcyy11112009-main-boom-extension-cylinder-5-1280x596.webp 1280w, https:\/\/www.hydraulic-cylinders.net\/wp-content\/uploads\/2025\/02\/hcyy11112009-main-boom-extension-cylinder-5-980x456.webp 980w, https:\/\/www.hydraulic-cylinders.net\/wp-content\/uploads\/2025\/02\/hcyy11112009-main-boom-extension-cylinder-5-480x223.webp 480w\" sizes=\"(min-width: 0px) and (max-width: 480px) 480px, (min-width: 481px) and (max-width: 980px) 980px, (min-width: 981px) and (max-width: 1280px) 1280px, (min-width: 1281px) 1470px, 100vw\" \/><\/h1>\n<h2><strong>Serie de cilindri pentru vehicule de lucru aeriene:<\/strong><\/h2>\n<h2><img loading=\"lazy\" decoding=\"async\" class=\"wp-image-1044652 size-full aligncenter\" src=\"https:\/\/images.hzpt.com\/2025\/02\/cylinder-series-for-aerial-work-vehicles.webp\" alt=\"\" width=\"751\" height=\"850\" \/><\/h2>\n<h2><strong>Caracteristici cheie ale cilindrului telescopic pentru vehicule de lucru aeriene de tip bra\u021b:<\/strong><\/h2>\n<h4><strong>Construc\u021bie durabil\u0103<\/strong><\/h4>\n<p>Cilindrul telescopic este fabricat din materiale de \u00eenalt\u0103 rezisten\u021b\u0103, special selectate pentru a rezista rigorilor mediilor dure. Aceast\u0103 construc\u021bie robust\u0103 nu numai c\u0103 asigur\u0103 performan\u021be de lung\u0103 durat\u0103, dar ofer\u0103 \u0219i durabilitatea necesar\u0103 pentru a face fa\u021b\u0103 temperaturilor extreme, umidit\u0103\u021bii \u0219i condi\u021biilor abrazive. Prin urmare, operatorii se pot baza pe acest cilindru pentru performan\u021be constante, reduc\u00e2nd riscul de defec\u021biuni mecanice \u0219i sporind siguran\u021ba general\u0103 \u00een timpul opera\u021biunilor aeriene.<\/p>\n<h4><strong>Acoperire \u00eembun\u0103t\u0103\u021bit\u0103<\/strong><\/h4>\n<p>Una dintre caracteristicile remarcabile ale cilindrului telescopic pentru vehiculele de lucru aeriene de tip bra\u021b este capacitatea sa de a extinde semnificativ raza de ac\u021biune a bra\u021bului. Aceast\u0103 \u00eembun\u0103t\u0103\u021bire permite operatorilor s\u0103 acceseze locuri dificile care altfel ar fi dificil de atins sau nesigur. Indiferent dac\u0103 lucreaz\u0103 la structuri \u00eenalte, efectueaz\u0103 \u00eentre\u021binerea echipamentelor ridicate sau efectueaz\u0103 t\u0103ierea copacilor, raza de ac\u021biune crescut\u0103 asigur\u0103 finalizarea eficient\u0103 \u0219i \u00een siguran\u021b\u0103 a sarcinilor, reduc\u00e2nd la minimum nevoia de echipamente suplimentare sau manoper\u0103.<\/p>\n<h4><strong>Operare u\u0219oar\u0103<\/strong><\/h4>\n<p>Designul intuitiv al cilindrului telescopic pentru vehiculele de lucru aeriene de tip bra\u021b \u00eel face extrem de u\u0219or de utilizat. Operatorii pot extinde \u0219i retrage cu u\u0219urin\u021b\u0103 bra\u021bul cu un efort fizic minim, ceea ce simplific\u0103 fluxurile de lucru \u0219i reduce oboseala operatorului. Aceast\u0103 u\u0219urin\u021b\u0103 \u00een operare se traduce prin timpi de configurare mai rapizi \u0219i un proces de lucru mai eficient, permi\u021b\u00e2nd echipelor s\u0103 se concentreze pe finalizarea sarcinilor, mai degrab\u0103 dec\u00e2t pe gestionarea utilajelor complexe.<\/p>\n<h4><strong>Capacitate mare de \u00eenc\u0103rcare<\/strong><\/h4>\n<p>Cu o capacitate mare de \u00eenc\u0103rcare, cilindrul telescopic este proiectat s\u0103 suporte greut\u0103\u021bi substan\u021biale, fiind potrivit pentru o varietate de aplica\u021bii. Aceast\u0103 capacitate permite operatorilor s\u0103 ridice echipamente \u0219i personal greu f\u0103r\u0103 a compromite siguran\u021ba. Rezisten\u021ba cilindrului asigur\u0103 c\u0103 acesta poate gestiona sarcini solicitante, oferind lini\u0219te sufleteasc\u0103 operatorilor care necesit\u0103 fiabilitate \u00een situa\u021bii cu miz\u0103 mare.<\/p>\n<h4><strong>Compatibilitate versatil\u0103<\/strong><\/h4>\n<p>Proiectat cu versatilitate \u00een minte, cilindrul telescopic pentru vehicule de lucru aeriene de tip bra\u021b se potrive\u0219te unei game largi de vehicule de lucru aeriene, \u00eembun\u0103t\u0103\u021bind func\u021bionalitatea pe diferite modele. Aceast\u0103 adaptabilitate \u00eel face o alegere excelent\u0103 pentru companiile care opereaz\u0103 diverse tipuri de echipamente, deoarece permite o integrare perfect\u0103, f\u0103r\u0103 a fi nevoie de modific\u0103ri ample. Prin adaptarea la mai multe tipuri de vehicule, HCYY11112009 maximizeaz\u0103 eficien\u021ba opera\u021bional\u0103 \u0219i simplific\u0103 gestionarea echipamentelor.<\/p>\n<p>\u00cen concluzie, cilindrul telescopic pentru vehiculele de lucru aeriene de tip bra\u021b ofer\u0103 o combina\u021bie de durabilitate, raz\u0103 de ac\u021biune \u00eembun\u0103t\u0103\u021bit\u0103, u\u0219urin\u021b\u0103 \u00een utilizare, capacitate mare de \u00eenc\u0103rcare \u0219i compatibilitate versatil\u0103, ceea ce \u00eel face un instrument indispensabil pentru profesioni\u0219tii din domeniul lucr\u0103rilor aeriene.<\/p>\n<h2><strong>Pentru ce sarcini specifice ave\u021bi nevoie de cilindrul telescopic pentru vehiculele de lucru aeriene de tip bra\u021b?<\/strong><\/h2>\n<p>Cilindrul telescopic pentru vehicule de lucru aeriene de tip bra\u021b este ideal pentru o gam\u0103 larg\u0103 de sarcini, inclusiv:<\/p>\n<h4><strong>Proiecte de construc\u021bii<\/strong><\/h4>\n<p>\u00cen construc\u021bii, cilindrul telescopic pentru vehiculele de lucru aeriene de tip bra\u021b permite lucr\u0103torilor s\u0103 acceseze zonele ridicate \u00een siguran\u021b\u0103 \u0219i eficient. Fie c\u0103 este vorba de \u00eencadrarea \u00een structur\u0103, acoperi\u0219uri sau instalarea de materiale grele, raza extins\u0103 de ac\u021biune a cilindrului asigur\u0103 c\u0103 operatorii pot efectua sarcini la \u00een\u0103l\u021bimi semnificative f\u0103r\u0103 a compromite siguran\u021ba. Aceast\u0103 capacitate nu numai c\u0103 accelereaz\u0103 procesul de construc\u021bie, dar spore\u0219te \u0219i precizia instala\u021biilor.<\/p>\n<h4><strong>Lucr\u0103ri de \u00eentre\u021binere<\/strong><\/h4>\n<p>Pentru opera\u021biunile de \u00eentre\u021binere, cilindrul telescopic pentru vehiculele de lucru aeriene de tip bra\u021b este nepre\u021buit atunci c\u00e2nd vine vorba de efectuarea de repara\u021bii la structuri \u00eenalte, cum ar fi cl\u0103diri, turnuri de comunica\u021bii \u0219i instala\u021bii industriale. Raza sa de ac\u021biune fiabil\u0103 permite tehnicienilor s\u0103 acceseze zone greu accesibile pentru inspec\u021bii de rutin\u0103, repara\u021bii sau \u00eenlocuiri de componente critice f\u0103r\u0103 a fi nevoie de schele sau echipamente suplimentare de ridicare, cresc\u00e2nd astfel productivitatea \u0219i reduc\u00e2nd timpul de nefunc\u021bionare.<\/p>\n<h4><strong>T\u0103ierea copacilor<\/strong><\/h4>\n<p>\u00cen peisagistic\u0103 \u0219i arboricultur\u0103, HCYY11112009 este esen\u021bial pentru atingerea \u00een siguran\u021b\u0103 a crengilor \u00eenalte \u00een timpul t\u0103ierii sau \u00eendep\u0103rt\u0103rii copacilor. Oferind operatorilor posibilitatea de a lucra de pe o platform\u0103 stabil\u0103 la \u00een\u0103l\u021bime, minimizeaz\u0103 riscul asociat cu urcarea sau utilizarea sc\u0103rilor. Acest lucru asigur\u0103 c\u0103 t\u0103ierea se face eficient \u0219i \u00een siguran\u021b\u0103, promov\u00e2nd s\u0103n\u0103tatea \u0219i estetica copacilor \u00een mediile reziden\u021biale sau comerciale.<\/p>\n<h4><strong>Telecomunica\u021bii<\/strong><\/h4>\n<p>Cilindrul este, de asemenea, crucial \u00een industria telecomunica\u021biilor, unde faciliteaz\u0103 instalarea \u0219i \u00eentre\u021binerea antenelor, cablurilor \u0219i a altor echipamente pe st\u00e2lpi sau turnuri \u00eenalte. Permi\u021b\u00e2nd tehnicienilor s\u0103 ating\u0103 \u00een\u0103l\u021bimi semnificative, cilindrul telescopic pentru vehiculele de lucru aeriene de tip bra\u021b asigur\u0103 c\u0103 infrastructura de comunica\u021bii r\u0103m\u00e2ne opera\u021bional\u0103 \u0219i actualizat\u0103. Aceast\u0103 capacitate este vital\u0103 pentru men\u021binerea conectivit\u0103\u021bii \u0219i a calit\u0103\u021bii serviciilor at\u00e2t \u00een \u200b\u200bzonele urbane, c\u00e2t \u0219i \u00een cele rurale.<\/p>\n<h4><strong>Configurarea evenimentului<\/strong><\/h4>\n<p>\u00cen sectorul managementului evenimentelor, cilindrul telescopic pentru vehiculele de lucru aeriene de tip bra\u021b joac\u0103 un rol cheie \u00een amenajarea scenelor, iluminatului \u0219i a altor instala\u021bii de profil \u00eenalt. Capacitatea sa de a oferi acces sigur la zonele elevate permite echipelor s\u0103 pozi\u021bioneze eficient echipamentele, asigur\u00e2ndu-se c\u0103 evenimentele sunt desf\u0103\u0219urate f\u0103r\u0103 probleme \u0219i profesional. Acest lucru nu numai c\u0103 \u00eembun\u0103t\u0103\u021be\u0219te atractivitatea vizual\u0103 a evenimentului, dar asigur\u0103 \u0219i siguran\u021ba participan\u021bilor \u0219i a arti\u0219tilor.<\/p>\n<p>\u00cen concluzie, cilindrul telescopic pentru vehiculele de lucru aeriene de tip bra\u021b este un instrument versatil care spore\u0219te eficien\u021ba \u0219i siguran\u021ba \u00een diverse aplica\u021bii, fiind indispensabil pentru profesioni\u0219tii din construc\u021bii, \u00eentre\u021binere, amenajare peisagistic\u0103, telecomunica\u021bii \u0219i management de evenimente.<\/p>\n<h2><strong>Zona de produc\u021bie a cilindrilor pentru vehicule de lucru aeriene:<\/strong><\/h2>\n<h2><img loading=\"lazy\" decoding=\"async\" class=\"alignnone size-full wp-image-16972\" src=\"https:\/\/www.hydraulic-cylinders.net\/wp-content\/uploads\/2025\/01\/hydraulic-cylinder-factory-1-scaled.webp\" alt=\"\" width=\"2016\" height=\"2560\" srcset=\"https:\/\/www.hydraulic-cylinders.net\/wp-content\/uploads\/2025\/01\/hydraulic-cylinder-factory-1-scaled.webp 2016w, https:\/\/www.hydraulic-cylinders.net\/wp-content\/uploads\/2025\/01\/hydraulic-cylinder-factory-1-1280x1625.webp 1280w, https:\/\/www.hydraulic-cylinders.net\/wp-content\/uploads\/2025\/01\/hydraulic-cylinder-factory-1-980x1244.webp 980w, https:\/\/www.hydraulic-cylinders.net\/wp-content\/uploads\/2025\/01\/hydraulic-cylinder-factory-1-480x610.webp 480w\" sizes=\"(min-width: 0px) and (max-width: 480px) 480px, (min-width: 481px) and (max-width: 980px) 980px, (min-width: 981px) and (max-width: 1280px) 1280px, (min-width: 1281px) 2016px, 100vw\" \/><\/h2>\n<p>Ne m\u00e2ndrim cu o platform\u0103 independent\u0103 de cercetare \u0219i dezvoltare de ultim\u0103 genera\u021bie dedicat\u0103 asambl\u0103rii, asigur\u00e2nd inova\u021bie \u0219i calitate de top \u00een procesele noastre de fabrica\u021bie. Atelierul nostru de produc\u021bie a cilindrilor pentru stivuitoare dispune de patru linii de asamblare semiautomate pentru cilindrii de ridicare \u0219i o linie de asamblare complet automat\u0103 pentru cilindrii de \u00eenclinare, proiectate \u00eempreun\u0103 pentru a produce p\u00e2n\u0103 la un milion de unit\u0103\u021bi anual.<\/p>\n<p>\u00cen plus, atelierul nostru specializat de cilindri este dotat cu sisteme semiautomate de cur\u0103\u021bare \u0219i asamblare adaptate la diverse specifica\u021bii, cu o capacitate anual\u0103 de produc\u021bie de 200.000 de buc\u0103\u021bi. Utiliz\u0103m echipamente CNC renumite, centre de prelucrare \u0219i unelte specializate pentru prelucrarea de \u00eenalt\u0103 precizie a cilindrilor. Facilitatea noastr\u0103 include, de asemenea, ma\u0219ini avansate de sudur\u0103 robotizat\u0103, sisteme automate de cur\u0103\u021bare \u0219i linii complet automatizate de asamblare \u0219i vopsire a cilindrilor. Cu peste 300 de echipamente cheie opera\u021bionale, optimiz\u0103m alocarea resurselor \u0219i asigur\u0103m o utilizare eficient\u0103, respect\u00e2nd standarde stricte de precizie \u0219i calitate.<\/p>\n<p>Atelierul nostru de prelucrare dispune de centre de strunjire personalizate cu ghidare \u00eenclinat\u0103, centre de prelucrare, ma\u0219ini de honuit de mare vitez\u0103, robo\u021bi de sudur\u0103 \u0219i alte echipamente esen\u021biale. Aceast\u0103 configura\u021bie ne permite s\u0103 prelucr\u0103m tuburi cilindrice cu un diametru interior maxim de 400 mm \u0219i lungimi de p\u00e2n\u0103 la 6 metri, sporind \u0219i mai mult capacit\u0103\u021bile noastre de produc\u021bie.<\/p>\n<h2><img loading=\"lazy\" decoding=\"async\" class=\"alignnone size-full wp-image-16973\" src=\"https:\/\/www.hydraulic-cylinders.net\/wp-content\/uploads\/2025\/01\/hydraulic-cylinder-factory-2-scaled.webp\" alt=\"\" width=\"2011\" height=\"2560\" srcset=\"https:\/\/www.hydraulic-cylinders.net\/wp-content\/uploads\/2025\/01\/hydraulic-cylinder-factory-2-scaled.webp 2011w, https:\/\/www.hydraulic-cylinders.net\/wp-content\/uploads\/2025\/01\/hydraulic-cylinder-factory-2-1280x1629.webp 1280w, https:\/\/www.hydraulic-cylinders.net\/wp-content\/uploads\/2025\/01\/hydraulic-cylinder-factory-2-980x1248.webp 980w, https:\/\/www.hydraulic-cylinders.net\/wp-content\/uploads\/2025\/01\/hydraulic-cylinder-factory-2-480x611.webp 480w\" sizes=\"(min-width: 0px) and (max-width: 480px) 480px, (min-width: 481px) and (max-width: 980px) 980px, (min-width: 981px) and (max-width: 1280px) 1280px, (min-width: 1281px) 2011px, 100vw\" \/><\/h2>\n<p>Oper\u0103m o linie de vopsire pe baz\u0103 de ap\u0103 complet automat\u0103, special conceput\u0103 pentru cilindri mici \u0219i medii, cu robo\u021bi automatiza\u021bi de \u00eenc\u0103rcare, desc\u0103rcare \u0219i pulverizare. Acest sistem de ultim\u0103 genera\u021bie se m\u00e2ndre\u0219te cu o capacitate de produc\u021bie de 4.000 de unit\u0103\u021bi pe schimb. \u00cen plus, avem o linie de vopsire semiautomat\u0103 pentru cilindri de dimensiuni mari, ac\u021bionat\u0103 de un lan\u021b, cu o capacitate proiectat\u0103 de 60 de l\u0103zi pe schimb.<\/p>\n<p>Pentru a \u00eembun\u0103t\u0103\u021bi performan\u021ba produselor \u0219i a ne consolida pozi\u021bia de lider \u00een industria cilindrilor hidraulici, am \u00eencheiat un parteneriat cu ZJIMEE pentru a \u00eenfiin\u021ba un laborator cuprinz\u0103tor de performan\u021b\u0103 dedicat cilindrilor, valvelor \u0219i pompelor hidraulice. Acest laborator avansat utilizeaz\u0103 testarea asistat\u0103 de computer cu tehnologie electrohidraulic\u0103, permi\u021b\u00e2nd condi\u021bii de testare prestabilite care \u00eembun\u0103t\u0103\u021besc precizia \u0219i versatilitatea sistemului. Procesul automat de colectare a datelor utilizeaz\u0103 senzori pentru a colecta date de ie\u0219ire, cum ar fi scurgerile interne \u0219i eficien\u021ba sarcinii, care sunt apoi procesate de un computer \u0219i convertite \u00een unit\u0103\u021bi standard (ml\/min%).<\/p>\n<p>\u00cen plus, pentru a asigura siguran\u021ba sistemelor noastre hidraulice, implement\u0103m monitorizarea st\u0103rii parametrilor cheie de performan\u021b\u0103, inclusiv temperatura uleiului, nivelul lichidului \u0219i starea dispozitivului de filtrare. Standul nostru de testare a cilindrilor hidraulici este capabil s\u0103 evalueze \u201eeficien\u021ba sarcinii\u201d \u0219i \u201escurgerile interne\u201d prin citiri precise. De asemenea, este echipat cu un instrument de m\u0103surare cu rigl\u0103 tip r\u0103z\u0103toare care \u00eendepline\u0219te standardele na\u021bionale, asigur\u00e2nd conformitatea cu toate cerin\u021bele de testare pentru produsele cu cilindri hidraulici.<\/p>\n<p>&nbsp;<\/p>","protected":false},"excerpt":{"rendered":"<p>Telescopic Cylinder For Arm Type Aerial Work Vehicles The telescopic cylinder for arm type aerial work vehicles is a vital component for aerial work vehicles, significantly enhancing their reach and versatility. Specifically engineered for high-performance applications, this cylinder enables operators to effortlessly access elevated areas with precision. Its robust construction and advanced engineering make it [&hellip;]<\/p>","protected":false},"featured_media":17495,"comment_status":"open","ping_status":"closed","template":"","meta":{"_et_pb_use_builder":"","_et_pb_old_content":"","_et_gb_content_width":""},"product_brand":[],"product_cat":[1500,1550,1376,1393],"product_tag":[],"class_list":{"0":"post-17230","1":"product","2":"type-product","3":"status-publish","4":"has-post-thumbnail","6":"product_cat-aerial-work-vehicle-hydraulic-cylinder","7":"product_cat-double-acting-hydraulic-cylinder","8":"product_cat-hydraulic-cylinder","9":"product_cat-telescopic-hydraulic-cylinder","11":"first","12":"instock","13":"shipping-taxable","14":"product-type-simple"},"amp_enabled":true,"_links":{"self":[{"href":"https:\/\/www.hydraulic-cylinders.net\/ro\/wp-json\/wp\/v2\/product\/17230","targetHints":{"allow":["GET"]}}],"collection":[{"href":"https:\/\/www.hydraulic-cylinders.net\/ro\/wp-json\/wp\/v2\/product"}],"about":[{"href":"https:\/\/www.hydraulic-cylinders.net\/ro\/wp-json\/wp\/v2\/types\/product"}],"replies":[{"embeddable":true,"href":"https:\/\/www.hydraulic-cylinders.net\/ro\/wp-json\/wp\/v2\/comments?post=17230"}],"wp:featuredmedia":[{"embeddable":true,"href":"https:\/\/www.hydraulic-cylinders.net\/ro\/wp-json\/wp\/v2\/media\/17495"}],"wp:attachment":[{"href":"https:\/\/www.hydraulic-cylinders.net\/ro\/wp-json\/wp\/v2\/media?parent=17230"}],"wp:term":[{"taxonomy":"product_brand","embeddable":true,"href":"https:\/\/www.hydraulic-cylinders.net\/ro\/wp-json\/wp\/v2\/product_brand?post=17230"},{"taxonomy":"product_cat","embeddable":true,"href":"https:\/\/www.hydraulic-cylinders.net\/ro\/wp-json\/wp\/v2\/product_cat?post=17230"},{"taxonomy":"product_tag","embeddable":true,"href":"https:\/\/www.hydraulic-cylinders.net\/ro\/wp-json\/wp\/v2\/product_tag?post=17230"}],"curies":[{"name":"wp","href":"https:\/\/api.w.org\/{rel}","templated":true}]}}