{"id":1724,"date":"2023-10-12T03:00:38","date_gmt":"2023-10-12T03:00:38","guid":{"rendered":"https:\/\/hydraulic-cylinders.net\/?post_type=product&#038;p=1724"},"modified":"2025-04-11T02:53:46","modified_gmt":"2025-04-11T02:53:46","slug":"equipment-roller-press-cement-cylinder","status":"publish","type":"product","link":"https:\/\/www.hydraulic-cylinders.net\/ro\/produs\/equipment-roller-press-cement-cylinder\/","title":{"rendered":"Echipament Pres\u0103 cu role Cilindru de ciment"},"content":{"rendered":"<h1 style=\"text-align: center;\"><strong>Echipament Pres\u0103 cu role Cilindru de ciment<\/strong><\/h1>\n<p><img loading=\"lazy\" decoding=\"async\" class=\"aligncenter wp-image-1726\" src=\"https:\/\/hydraulic-cylinders.net\/wp-content\/uploads\/2023\/10\/roller-press-cylinder-1-300x300.webp\" alt=\"\" width=\"400\" height=\"400\" \/><\/p>\n<p>Cilindrul presei cu role pentru ciment este o component\u0103 vital\u0103 \u00een produc\u021bia de ciment, special conceput pentru a cre\u0219te eficien\u021ba \u0219i productivitatea \u00een fabricile de produc\u021bie. Caracteristicile sale excep\u021bionale \u0219i construc\u021bia robust\u0103 \u00eel fac indispensabil pentru operarea eficient\u0103 a preselor cu role.<\/p>\n<p>Datorit\u0103 rezisten\u021bei sale la presiune ridicat\u0103, preciziei de fabrica\u021bie \u0219i tehnologiei avansate de etan\u0219are, cilindrul de presare cu role al echipamentului de ciment asigur\u0103 performan\u021be fiabile \u0219i eficiente. Pute\u021bi maximiza performan\u021ba \u0219i longevitatea cilindrului respect\u00e2nd metodele de utilizare \u0219i practicile de \u00eentre\u021binere recomandate. Acest lucru nu numai c\u0103 \u00eembun\u0103t\u0103\u021be\u0219te eficien\u021ba opera\u021biunilor dumneavoastr\u0103 de ciment, dar contribuie \u0219i la productivitatea \u0219i profitabilitatea general\u0103.<\/p>\n<h2><strong>Parametrul cilindrului de pres\u0103 cu role pentru echipamente de ciment:<\/strong><\/h2>\n<table border=\"1\" cellspacing=\"0\" cellpadding=\"0\">\n<tbody>\n<tr>\n<td>Nume produs<\/td>\n<td>Echipament Pres\u0103 cu role Cilindru de ciment<\/td>\n<\/tr>\n<tr>\n<td>Caracteristici:<\/td>\n<td>Asigura\u021bi pozi\u021bia central\u0103 a capului de prindere<\/td>\n<\/tr>\n<tr>\n<td>Diametrul alezajului:<\/td>\n<td>200 mm ~ 700 mm<\/td>\n<\/tr>\n<tr>\n<td>Diametrul tijei:<\/td>\n<td>130 mm ~ 500 mm<br \/>\nCurs\u0103: \u2264500 mm<\/td>\n<\/tr>\n<tr>\n<td>For\u021ba de \u00eempingere:<\/td>\n<td>Maxim 5387KN<br \/>\n(Diametru cilindru 700 mm \/ presiune 14 MPa)<\/td>\n<\/tr>\n<tr>\n<td>Aplica\u021bii ale cilindrilor de pres\u0103 cu role pentru echipamente de ciment:<\/td>\n<td>Echipamente pentru ciment<\/td>\n<\/tr>\n<\/tbody>\n<\/table>\n<div><\/div>\n<div class=\"txtboxR\">\n<div class=\"txtboxL\">\n<div class=\"txtboxL\">\n<div class=\"txtboxL\">\n<div class=\"txtboxL\">\n<div class=\"txtboxL\">\n<div class=\"txtboxL\">\n<div class=\"youhangitem\">\n<div class=\"youhangitem3\">\n<div class=\"txtbox clearfix\">\n<div class=\"txtboxL\"><strong>Caracteristici: <\/strong>Asigura\u021bi spa\u021biul de rulare pentru \u00eempingere\/control<\/div>\n<div class=\"txtboxL\"><strong>Specifica\u021bii:<\/strong><\/div>\n<div class=\"txtboxR\"><strong>Diametrul alezajului:<\/strong> 200 mm ~ 700 mm<br \/>\n<strong>Diametrul tijei:<\/strong> 130 mm ~ 500 mm<br \/>\n<strong>Accident vascular cerebral:<\/strong> \u2264500 mm<\/div>\n<div class=\"txtboxL\"><strong>For\u021ba de \u00eempingere: <\/strong>Maxim 5387KN<br \/>\n(Diametru cilindru 700 mm \/ presiune 14 MPa)<\/div>\n<\/div>\n<\/div>\n<\/div>\n<\/div>\n<\/div>\n<\/div>\n<div><\/div>\n<div><strong style=\"color: #333333; font-size: 26px;\">Caracteristici cheie ale cilindrului de pres\u0103 cu role pentru echipamente de ciment:<\/strong><\/div>\n<\/div>\n<\/div>\n<\/div>\n<\/div>\n<h3><strong>Construc\u021bie robust\u0103<\/strong><\/h3>\n<p>Cilindrul de presare cu role pentru ciment este fabricat din materiale de \u00eenalt\u0103 calitate, asigur\u00e2nd o durabilitate \u0219i o longevitate excep\u021bionale chiar \u0219i \u00een mediile solicitante ale fabricilor de ciment. Designul s\u0103u robust \u00eei permite s\u0103 gestioneze sarcini grele, men\u021bin\u00e2nd \u00een acela\u0219i timp performan\u021be optime \u00een timpul func\u021bion\u0103rii continue.<\/p>\n<h3><strong>Rezisten\u021b\u0103 la presiune ridicat\u0103<\/strong><\/h3>\n<p>Proiectat special pentru aplica\u021bii de \u00eenalt\u0103 presiune, acest cilindru exceleaz\u0103 \u00een condi\u021biile intense tipice preselor cu role de ciment. Acesta gestioneaz\u0103 eficient for\u021bele substan\u021biale generate \u00een timpul m\u0103cin\u0103rii \u0219i zdrobirii materiilor prime, asigur\u00e2nd o func\u021bionare fiabil\u0103 \u0219i eficient\u0103.<\/p>\n<h3><strong>Fabrica\u021bie de precizie<\/strong><\/h3>\n<p>Fiecare cilindru al presei cu role pentru echipamente de ciment este fabricat meticulos pentru a ob\u021bine dimensiuni precise \u0219i toleran\u021be str\u00e2nse. Acest nivel de precizie faciliteaz\u0103 o mi\u0219care lin\u0103 \u0219i precis\u0103, \u00eembun\u0103t\u0103\u021bind semnificativ performan\u021ba \u0219i randamentul presei cu role.<\/p>\n<h3><strong>Tehnologie avansat\u0103 de etan\u0219are<\/strong><\/h3>\n<p>Dotat cu o tehnologie de etan\u0219are de ultim\u0103 genera\u021bie, acest cilindru previne eficient scurgerile de fluid hidraulic. Mecanismul de etan\u0219are fiabil nu numai c\u0103 minimizeaz\u0103 timpii de nefunc\u021bionare, dar reduce \u0219i costurile de \u00eentre\u021binere, sporind astfel eficien\u021ba general\u0103 a procesului de produc\u021bie a cimentului.<\/p>\n<h2><strong>Cuptor electric <\/strong><strong> Fabric\u0103 de cilindri:<\/strong><\/h2>\n<p><img loading=\"lazy\" decoding=\"async\" class=\"alignnone wp-image-1697 size-full\" src=\"https:\/\/hydraulic-cylinders.net\/wp-content\/uploads\/2023\/10\/filter-press-cylinder-1.webp\" alt=\"\" width=\"1418\" height=\"946\" srcset=\"https:\/\/hydraulic-cylinders.net\/wp-content\/uploads\/2023\/10\/filter-press-cylinder-1.webp 1418w, https:\/\/hydraulic-cylinders.net\/wp-content\/uploads\/2023\/10\/filter-press-cylinder-1-1280x854.webp 1280w, https:\/\/hydraulic-cylinders.net\/wp-content\/uploads\/2023\/10\/filter-press-cylinder-1-980x654.webp 980w, https:\/\/hydraulic-cylinders.net\/wp-content\/uploads\/2023\/10\/filter-press-cylinder-1-480x320.webp 480w\" sizes=\"(min-width: 0px) and (max-width: 480px) 480px, (min-width: 481px) and (max-width: 980px) 980px, (min-width: 981px) and (max-width: 1280px) 1280px, (min-width: 1281px) 1418px, 100vw\" \/><\/p>\n<h2><strong>Metoda de utilizare a cilindrului de pres\u0103 cu role pentru echipamente de ciment<\/strong><strong>:<\/strong><\/h2>\n<h3><strong>Instalare<\/strong><\/h3>\n<p>\u00cencepe\u021bi prin a urma instruc\u021biunile produc\u0103torului pentru a instala \u00een siguran\u021b\u0103 <strong>cilindru de pres\u0103 cu role pentru echipamente de ciment<\/strong> pe ma\u0219ina de pres\u0103 cu role. Asigura\u021bi o aliniere \u0219i o fixare corecte pentru a garanta o func\u021bionare stabil\u0103 \u0219i sigur\u0103.<\/p>\n<h3><strong>Conexiune hidraulic\u0103<\/strong><\/h3>\n<p>Apoi, conecta\u021bi cilindrul la sistemul hidraulic al presei cu role folosind fitingurile \u0219i furtunurile hidraulice corespunz\u0103toare. Este esen\u021bial s\u0103 verifica\u021bi dac\u0103 toate conexiunile sunt sigure \u0219i nu prezint\u0103 scurgeri pentru a men\u021bine integritatea sistemului.<\/p>\n<h3><strong>Calibrarea sistemului<\/strong><\/h3>\n<p><img loading=\"lazy\" decoding=\"async\" class=\"size-full wp-image-8207 aligncenter\" src=\"https:\/\/www.hydraulic-cylinders.net\/wp-content\/uploads\/2023\/10\/hydraulic-system.webp\" alt=\"\" width=\"800\" height=\"450\" srcset=\"https:\/\/www.hydraulic-cylinders.net\/wp-content\/uploads\/2023\/10\/hydraulic-system.webp 800w, https:\/\/www.hydraulic-cylinders.net\/wp-content\/uploads\/2023\/10\/hydraulic-system-480x270.webp 480w\" sizes=\"(min-width: 0px) and (max-width: 480px) 480px, (min-width: 481px) 800px, 100vw\" \/><\/p>\n<p>Calibra\u021bi sistemul hidraulic pentru a asigura performan\u021ba optim\u0103 a <strong>cilindru de pres\u0103 cu role pentru echipamente de ciment<\/strong>Regla\u021bi set\u0103rile de presiune \u0219i debitele conform recomand\u0103rilor produc\u0103torului pentru a ob\u021bine parametrii opera\u021bionali dori\u021bi.<\/p>\n<h3><strong>Operare \u0219i control<\/strong><\/h3>\n<p>Activa\u021bi sistemul hidraulic pentru a ini\u021bia func\u021bionarea ma\u0219inii de presat cu role. <strong>cilindru de pres\u0103 cu role pentru echipamente de ciment<\/strong> se va angaja cu rolele de presare, exercit\u00e2nd for\u021ba necesar\u0103 pentru a m\u0103cina \u0219i zdrobi eficient materiile prime. Utiliza\u021bi panoul de control sau interfa\u021ba pentru a monitoriza \u0219i regla pozi\u021bia, presiunea \u0219i viteza cilindrului, asigur\u00e2nd o func\u021bionare precis\u0103 \u0219i eficient\u0103.<\/p>\n<h2 id=\"the-pasted-async\"><strong>Cum \u00eembun\u0103t\u0103\u021besc cilindrii de ciment ai presei cu role a echipamentelor eficien\u021ba produc\u021biei de ciment?<\/strong><\/h2>\n<h3 id=\"the-pasted-async\"><strong>\u0218lefuire \u00eembun\u0103t\u0103\u021bit\u0103 a materialelor<\/strong><\/h3>\n<p><strong>Aplicare la presiune \u00eenalt\u0103:<\/strong> Cilindrii aplic\u0103 o presiune semnificativ\u0103 asupra materiilor prime, ceea ce ajut\u0103 la descompunerea particulelor mai eficient dec\u00e2t metodele conven\u021bionale de m\u0103cinare. Acest proces are ca rezultat un produs mai fin, care \u00eembun\u0103t\u0103\u021be\u0219te calitatea cimentului final.<br \/>\n<strong>Distribu\u021bie \u00eembun\u0103t\u0103\u021bit\u0103 a particulelor:<\/strong> Ac\u021biunea de m\u0103cinare creeaz\u0103 o distribu\u021bie mai uniform\u0103 a dimensiunii particulelor, crucial\u0103 pentru ob\u021binerea unor propriet\u0103\u021bi consistente ale cimentului.<\/p>\n<h3><strong>Consum redus de energie<\/strong><\/h3>\n<p><strong>Costuri energetice mai mici:<\/strong> Datorit\u0103 capacit\u0103\u021bii lor eficiente de m\u0103cinare, ace\u0219ti cilindri consum\u0103 mai pu\u021bin\u0103 energie, reduc\u00e2nd costurile opera\u021bionale. Economiile de energie pot fi substan\u021biale pe serii lungi de produc\u021bie.<br \/>\n<strong>Uzur\u0103 redus\u0103 a echipamentelor:<\/strong> M\u0103cinarea eficient\u0103 reduce solicitarea asupra altor componente ale liniei de produc\u021bie, ceea ce duce la un necesar de energie mai mic pentru opera\u021biunile generale.<\/p>\n<h3><strong>Func\u021bionare continu\u0103<\/strong><\/h3>\n<p><strong>Design robust:<\/strong> Construi\u021bi pentru a rezista la condi\u021bii dure, cilindrii de ciment ai preselor cu role pot func\u021biona continuu f\u0103r\u0103 defec\u021biuni frecvente. Aceast\u0103 longevitate este esen\u021bial\u0103 pentru men\u021binerea unor rate de produc\u021bie ridicate.<br \/>\n<strong>Timp de nefunc\u021bionare minimizat:<\/strong> Cu nevoi de \u00eentre\u021binere mai pu\u021bin frecvente \u0219i capacitatea de a func\u021biona continuu, timpul de nefunc\u021bionare a produc\u021biei este redus semnificativ, permi\u021b\u00e2nd o produc\u021bie mai consistent\u0103.<\/p>\n<h3><strong>Control de precizie<\/strong><\/h3>\n<p><img loading=\"lazy\" decoding=\"async\" class=\"size-full wp-image-8213 aligncenter\" src=\"https:\/\/www.hydraulic-cylinders.net\/wp-content\/uploads\/2023\/10\/Hydraulic-Cylinder-for-Cement-Roller.webp\" alt=\"\" width=\"550\" height=\"550\" srcset=\"https:\/\/www.hydraulic-cylinders.net\/wp-content\/uploads\/2023\/10\/Hydraulic-Cylinder-for-Cement-Roller.webp 550w, https:\/\/www.hydraulic-cylinders.net\/wp-content\/uploads\/2023\/10\/Hydraulic-Cylinder-for-Cement-Roller-480x480.webp 480w\" sizes=\"(min-width: 0px) and (max-width: 480px) 480px, (min-width: 481px) 550px, 100vw\" \/><\/p>\n<p><strong>Prelucrare personalizat\u0103:<\/strong> Operatorii pot ajusta parametri precum presiunea \u0219i debitele pentru a se potrivi materialelor specifice \u0219i cerin\u021belor de produc\u021bie. Aceast\u0103 flexibilitate ajut\u0103 la optimizarea procesului de m\u0103cinare pentru diferite tipuri de ciment.<br \/>\n<strong>Consecven\u021ba calit\u0103\u021bii:<\/strong> Controlul precis asupra procesului de m\u0103cinare asigur\u0103 c\u0103 cimentul r\u0103m\u00e2ne constant, ceea ce este esen\u021bial pentru \u00eendeplinirea standardelor industriei \u0219i a a\u0219tept\u0103rilor clien\u021bilor.<\/p>\n<h3><strong>Eficien\u021b\u0103 spa\u021bial\u0103<\/strong><\/h3>\n<p><strong>Design compact:<\/strong> Amprenta mai mic\u0103 a cilindrilor presei cu role, comparativ cu morile tradi\u021bionale, permite o utilizare mai eficient\u0103 a spa\u021biului din cadrul unit\u0103\u021bii de produc\u021bie. Acest lucru poate duce la un flux de lucru \u0219i la o integrare mai bun\u0103 a proceselor.<br \/>\n<strong>Machete flexibile:<\/strong> Designul lor permite flexibilitate \u00een amplasarea fabricilor, permi\u021b\u00e2nd produc\u0103torilor s\u0103 se adapteze la nevoile de produc\u021bie \u00een schimbare sau s\u0103 se extind\u0103 f\u0103r\u0103 modific\u0103ri structurale semnificative.<\/p>\n<h3><strong>Beneficii pentru mediu<\/strong><\/h3>\n<p><strong>Emisii mai mici de CO2:<\/strong> Prin consumul redus de energie \u0219i \u00eembun\u0103t\u0103\u021birea eficien\u021bei procesului de m\u0103cinare, cilindrii de ciment ai echipamentelor de pres\u0103 cu role contribuie la reducerea emisiilor de carbon asociate cu produc\u021bia de ciment.<br \/>\n<strong>Conservarea resurselor:<\/strong> Prelucrarea eficient\u0103 \u00eenseamn\u0103 mai pu\u021bine risipe de materii prime, sus\u021bin\u00e2nd practici de produc\u021bie mai sustenabile.<\/p>\n<h3><strong>Integrare cu tehnologia modern\u0103<\/strong><\/h3>\n<p><strong>Automatizare \u0219i monitorizare:<\/strong> Multe sisteme moderne de prese cu role au sisteme avansate de monitorizare \u0219i control care permit analiza datelor \u0219i ajust\u0103rile \u00een timp real. Aceast\u0103 integrare spore\u0219te eficien\u021ba opera\u021bional\u0103 \u0219i capacitatea de r\u0103spuns la nevoile de produc\u021bie.<br \/>\n<strong>Compatibilitate cu alte tehnologii:<\/strong> Ace\u0219ti cilindri pot fi integra\u021bi cu u\u0219urin\u021b\u0103 \u00een liniile de produc\u021bie existente, permi\u021b\u00e2nd moderniz\u0103ri f\u0103r\u0103 revizii complete ale sistemului.<\/p>\n<h2><strong>Capabilitatea \u0219i capacitatea fabricii:<\/strong><\/h2>\n<h3><strong>(1) Montaj<\/strong><\/h3>\n<p>Facilitatea noastr\u0103 se m\u00e2ndre\u0219te cu o platform\u0103 de asamblare independent\u0103 de cercetare \u0219i dezvoltare de top, dedicat\u0103 produc\u021biei de cilindri hidraulici. Oper\u0103m patru linii de asamblare semiautomate pentru cilindri de ridicare \u0219i o linie de asamblare complet automat\u0103 pentru cilindri de \u00eenclinare, cu o capacitate anual\u0103 impresionant\u0103 de produc\u021bie de 1 milion de cilindri.<img loading=\"lazy\" decoding=\"async\" class=\"aligncenter wp-image-626\" src=\"https:\/\/hydraulic-cylinders.net\/wp-content\/uploads\/2023\/08\/hydraulic-cylinder-product-1-300x158.webp\" alt=\"\" width=\"500\" height=\"263\" srcset=\"https:\/\/hydraulic-cylinders.net\/wp-content\/uploads\/2023\/08\/hydraulic-cylinder-product-1-300x158.webp 500w, https:\/\/hydraulic-cylinders.net\/wp-content\/uploads\/2023\/08\/hydraulic-cylinder-product-1-480x252.webp 480w\" sizes=\"(min-width: 0px) and (max-width: 480px) 480px, (min-width: 481px) 500px, 100vw\" \/><\/p>\n<p>\u00cen atelierul nostru specializat de cilindri, utiliz\u0103m un sistem de asamblare semiautomat pentru cur\u0103\u021bare, conceput pentru diverse specifica\u021bii, capabil s\u0103 produc\u0103 200.000 de cilindri anual. Atelierul nostru este dotat cu echipamente avansate de prelucrare CNC, un centru de prelucrare, scule de prelucrare a cilindrilor de \u00eenalt\u0103 precizie, ma\u0219ini de sudur\u0103 robotizate, sisteme automate de cur\u0103\u021bare \u0219i o linie automat\u0103 de asamblare a cilindrilor. \u00cen plus, avem o linie de produc\u021bie de vopsire complet automatizat\u0103.<\/p>\n<p>Cu peste 300 de echipamente critice, alocarea optim\u0103 a resurselor asigur\u0103 \u00eendeplinirea standardelor stricte de precizie \u0219i calitate cerute de clien\u021bii no\u0219tri. Acest angajament fa\u021b\u0103 de eficien\u021b\u0103 \u0219i precizie ne pozi\u021bioneaz\u0103 ca lider \u00een industria cilindrilor hidraulici.<\/p>\n<p><img loading=\"lazy\" decoding=\"async\" class=\"aligncenter wp-image-627\" src=\"https:\/\/hydraulic-cylinders.net\/wp-content\/uploads\/2023\/08\/hydraulic-cylinder-product-2-300x189.webp\" alt=\"\" width=\"500\" height=\"315\" srcset=\"https:\/\/hydraulic-cylinders.net\/wp-content\/uploads\/2023\/08\/hydraulic-cylinder-product-2-300x189.webp 500w, https:\/\/hydraulic-cylinders.net\/wp-content\/uploads\/2023\/08\/hydraulic-cylinder-product-2-480x302.webp 480w\" sizes=\"(min-width: 0px) and (max-width: 480px) 480px, (min-width: 481px) 500px, 100vw\" \/><\/p>\n<h3><strong>(2) Prelucrare<\/strong><\/h3>\n<p>Atelierul nostru de prelucrare dispune de echipamente de ultim\u0103 genera\u021bie, inclusiv un centru de strunjire \u00eenclinat\u0103 personalizat pentru \u0219ine, un centru de prelucrare de precizie, o ma\u0219in\u0103 de honuit de mare vitez\u0103 \u0219i robo\u021bi de sudur\u0103 avansa\u021bi. Aceast\u0103 configura\u021bie sofisticat\u0103 ne permite s\u0103 prelucr\u0103m eficient tuburi cilindrice cu un diametru interior maxim de 400 mm \u0219i o lungime de p\u00e2n\u0103 la 6 metri.<\/p>\n<p><img loading=\"lazy\" decoding=\"async\" class=\"wp-image-628 size-large aligncenter\" src=\"https:\/\/hydraulic-cylinders.net\/wp-content\/uploads\/2023\/08\/hydraulic-cylinder-product-3-1024x391.webp\" alt=\"\" width=\"1024\" height=\"391\" srcset=\"https:\/\/hydraulic-cylinders.net\/wp-content\/uploads\/2023\/08\/hydraulic-cylinder-product-3-980x374.webp 980w, https:\/\/hydraulic-cylinders.net\/wp-content\/uploads\/2023\/08\/hydraulic-cylinder-product-3-480x183.webp 480w\" sizes=\"(min-width: 0px) and (max-width: 480px) 480px, (min-width: 481px) and (max-width: 980px) 980px, (min-width: 981px) 1024px, 100vw\" \/><\/p>\n<p>Cu tehnologia noastr\u0103 de ultim\u0103 genera\u021bie, asigur\u0103m prelucrare de \u00eenalt\u0103 calitate care satisface diversele nevoi ale produc\u021biei de cilindri hidraulici.<\/p>\n<h3><strong>(3) Sudur\u0103<\/strong><\/h3>\n<p><img loading=\"lazy\" decoding=\"async\" class=\"wp-image-629 size-large aligncenter\" src=\"https:\/\/hydraulic-cylinders.net\/wp-content\/uploads\/2023\/08\/hydraulic-cylinder-product-4-1024x510.webp\" alt=\"\" width=\"1024\" height=\"510\" srcset=\"https:\/\/hydraulic-cylinders.net\/wp-content\/uploads\/2023\/08\/hydraulic-cylinder-product-4-980x488.webp 980w, https:\/\/hydraulic-cylinders.net\/wp-content\/uploads\/2023\/08\/hydraulic-cylinder-product-4-480x239.webp 480w\" sizes=\"(min-width: 0px) and (max-width: 480px) 480px, (min-width: 481px) and (max-width: 980px) 980px, (min-width: 981px) 1024px, 100vw\" \/><\/p>\n<h3><strong>(4) Vopsire \u0219i acoperire<\/strong><\/h3>\n<p><img loading=\"lazy\" decoding=\"async\" class=\"wp-image-630 aligncenter\" src=\"https:\/\/hydraulic-cylinders.net\/wp-content\/uploads\/2023\/08\/hydraulic-cylinder-product-5-300x213.webp\" alt=\"\" width=\"500\" height=\"355\" \/><\/p>\n<p>Facilitatea noastr\u0103 dispune de linii automate avansate de vopsire pe baz\u0103 de ap\u0103, special concepute pentru cilindri de dimensiuni mici \u0219i medii. Aceste linii utilizeaz\u0103 tehnologie robotizat\u0103 pentru \u00eenc\u0103rcare, desc\u0103rcare \u0219i pulverizare eficient\u0103, ating\u00e2nd o capacitate de produc\u021bie remarcabil\u0103 de 4.000 de buc\u0103\u021bi pe schimb.<\/p>\n<p><img loading=\"lazy\" decoding=\"async\" class=\"wp-image-631 aligncenter\" src=\"https:\/\/hydraulic-cylinders.net\/wp-content\/uploads\/2023\/08\/hydraulic-cylinder-product-6-300x225.webp\" alt=\"\" width=\"500\" height=\"375\" srcset=\"https:\/\/hydraulic-cylinders.net\/wp-content\/uploads\/2023\/08\/hydraulic-cylinder-product-6-300x225.webp 500w, https:\/\/hydraulic-cylinders.net\/wp-content\/uploads\/2023\/08\/hydraulic-cylinder-product-6-480x360.webp 480w\" sizes=\"(min-width: 0px) and (max-width: 480px) 480px, (min-width: 481px) 500px, 100vw\" \/><\/p>\n<p>\u00cen plus, oper\u0103m o linie de produc\u021bie de vopsea semiautomat\u0103 pentru cilindri mari, alimentat\u0103 de un lan\u021b robust, cu o capacitate proiectat\u0103 de 60 de cutii pe schimb. Aceast\u0103 combina\u021bie de automatizare \u0219i eficien\u021b\u0103 asigur\u0103 finisaje de \u00eenalt\u0103 calitate pentru to\u021bi cilindrii no\u0219tri hidraulici.<\/p>\n<h3><strong>(5) Testarea<\/strong><\/h3>\n<p>Dispunem de instala\u021bii de inspec\u021bie \u0219i bancuri de testare de prim\u0103 clas\u0103 pentru a ne asigura c\u0103 performan\u021ba cilindrului \u00eendepline\u0219te cerin\u021bele.<\/p>\n<p><img loading=\"lazy\" decoding=\"async\" class=\"wp-image-632 aligncenter\" src=\"https:\/\/hydraulic-cylinders.net\/wp-content\/uploads\/2023\/08\/hydraulic-cylinder-product-8-300x200.webp\" alt=\"\" width=\"389\" height=\"260\" \/><\/p>\n<p>Suntem un produc\u0103tor renumit de <a href=\"https:\/\/hzpt.com\/mobile-machinery-hydraulic-cylinder\/\" target=\"_blank\" rel=\"noopener\">cilindri hidraulici<\/a>, recunoscut ca fiind unul dintre cei mai buni din industrie. Linia noastr\u0103 extins\u0103 de produse include o gam\u0103 larg\u0103 de cilindri hidraulici adapta\u021bi pentru a satisface diverse aplica\u021bii. Pe l\u00e2ng\u0103 cilindrii hidraulici, oferim \u0219i cutii de viteze agricole de \u00eenalt\u0103 calitate, asigur\u00e2ndu-ne c\u0103 clien\u021bii no\u0219tri au acces la solu\u021bii complete pentru nevoile lor legate de utilaje.<\/p>\n<p>Cu un angajament fa\u021b\u0103 de excelen\u021b\u0103, am exportat cu succes produsele noastre c\u0103tre clien\u021bi din \u00eentreaga lume, c\u00e2\u0219tig\u00e2nd o reputa\u021bie solid\u0103 pentru calitatea superioar\u0103 a produselor \u0219i serviciile post-v\u00e2nzare excep\u021bionale. Dedicarea noastr\u0103 fa\u021b\u0103 de satisfac\u021bia clien\u021bilor ne-a pozi\u021bionat ca un partener de \u00eencredere at\u00e2t pe pie\u021bele interne, c\u00e2t \u0219i pe cele interna\u021bionale.<\/p>\n<h2><strong>De ce s\u0103 ne alege\u021bi pe noi?<\/strong><\/h2>\n<p><img loading=\"lazy\" decoding=\"async\" class=\"size-full wp-image-7201 aligncenter\" src=\"https:\/\/www.hydraulic-cylinders.net\/wp-content\/uploads\/2024\/09\/mining-dump-steering-cylinder-hydraulics-on-trucks-8.webp\" alt=\"\" width=\"1110\" height=\"735\" srcset=\"https:\/\/www.hydraulic-cylinders.net\/wp-content\/uploads\/2024\/09\/mining-dump-steering-cylinder-hydraulics-on-trucks-8.webp 1110w, https:\/\/www.hydraulic-cylinders.net\/wp-content\/uploads\/2024\/09\/mining-dump-steering-cylinder-hydraulics-on-trucks-8-980x649.webp 980w, https:\/\/www.hydraulic-cylinders.net\/wp-content\/uploads\/2024\/09\/mining-dump-steering-cylinder-hydraulics-on-trucks-8-480x318.webp 480w\" sizes=\"(min-width: 0px) and (max-width: 480px) 480px, (min-width: 481px) and (max-width: 980px) 980px, (min-width: 981px) 1110px, 100vw\" \/><\/p>\n<p><strong>Expertiz\u0103 profesional\u0103:<\/strong> Echipa noastr\u0103 este format\u0103 din profesioni\u0219ti din industrie cu cuno\u0219tin\u021be \u0219i experien\u021b\u0103 vaste \u00een sisteme hidraulice, asigur\u00e2ndu-ne c\u0103 oferim produse \u0219i servicii de cea mai bun\u0103 calitate.<\/p>\n<p><strong>Certific\u0103ri interna\u021bionale:<\/strong> Respect\u0103m standarde stricte de calitate \u0219i de\u021binem diverse certific\u0103ri interna\u021bionale, demonstr\u00e2nd angajamentul nostru de a oferi solu\u021bii hidraulice fiabile \u0219i sigure.<\/p>\n<p><strong>Solu\u021bii personalizate:<\/strong> \u00cen\u021belegem c\u0103 nevoile fiec\u0103rui client sunt unice. De aceea, oferim cilindri hidraulici \u0219i cutii de viteze personalizate, adaptate pentru a \u00eendeplini cerin\u021be specifice.<\/p>\n<p><strong>Echipamente avansate de produc\u021bie:<\/strong> Facilit\u0103\u021bile noastre de produc\u021bie de ultim\u0103 genera\u021bie utilizeaz\u0103 cele mai noi tehnologii \u0219i echipamente, permi\u021b\u00e2ndu-ne s\u0103 producem produse de \u00eenalt\u0103 calitate \u00een mod eficient.<\/p>\n<p><strong>Asisten\u021b\u0103 complet\u0103 post-v\u00e2nzare:<\/strong> Angajamentul nostru fa\u021b\u0103 de clien\u021bii no\u0219tri se extinde dincolo de v\u00e2nzare. Oferim servicii continue de asisten\u021b\u0103 \u0219i \u00eentre\u021binere pentru a asigura performan\u021ba optim\u0103 a produselor noastre.<\/p>\n<p>\u00cei invit\u0103m pe clien\u021bii din \u00eentreaga lume s\u0103 ne contacteze pentru negocieri de afaceri, schimb de informa\u021bii \u0219i oportunit\u0103\u021bi de colaborare. \u00cempreun\u0103, putem ob\u021bine un succes mai mare \u00een industria hidraulic\u0103!<\/p>","protected":false},"excerpt":{"rendered":"<p>Equipment Roller Press Cement Cylinder The equipment roller press cement cylinder is a vital component in cement production, specifically designed to boost efficiency and productivity in manufacturing plants. Its exceptional characteristics and robust construction make it indispensable for effectively operating roller press machines. With its high-pressure resistance, precision manufacturing, and advanced sealing technology, the equipment [&hellip;]<\/p>","protected":false},"featured_media":1727,"comment_status":"open","ping_status":"closed","template":"","meta":{"_et_pb_use_builder":"","_et_pb_old_content":"","_et_gb_content_width":""},"product_brand":[],"product_cat":[1520,1549],"product_tag":[1380],"class_list":{"0":"post-1724","1":"product","2":"type-product","3":"status-publish","4":"has-post-thumbnail","6":"product_cat-concrete-equipment-hydraulic-cylinders","7":"product_cat-single-acting-hydraulic-cylinder","8":"product_tag-hydraulic-cylinder","10":"first","11":"instock","12":"shipping-taxable","13":"product-type-simple"},"amp_enabled":true,"_links":{"self":[{"href":"https:\/\/www.hydraulic-cylinders.net\/ro\/wp-json\/wp\/v2\/product\/1724","targetHints":{"allow":["GET"]}}],"collection":[{"href":"https:\/\/www.hydraulic-cylinders.net\/ro\/wp-json\/wp\/v2\/product"}],"about":[{"href":"https:\/\/www.hydraulic-cylinders.net\/ro\/wp-json\/wp\/v2\/types\/product"}],"replies":[{"embeddable":true,"href":"https:\/\/www.hydraulic-cylinders.net\/ro\/wp-json\/wp\/v2\/comments?post=1724"}],"wp:featuredmedia":[{"embeddable":true,"href":"https:\/\/www.hydraulic-cylinders.net\/ro\/wp-json\/wp\/v2\/media\/1727"}],"wp:attachment":[{"href":"https:\/\/www.hydraulic-cylinders.net\/ro\/wp-json\/wp\/v2\/media?parent=1724"}],"wp:term":[{"taxonomy":"product_brand","embeddable":true,"href":"https:\/\/www.hydraulic-cylinders.net\/ro\/wp-json\/wp\/v2\/product_brand?post=1724"},{"taxonomy":"product_cat","embeddable":true,"href":"https:\/\/www.hydraulic-cylinders.net\/ro\/wp-json\/wp\/v2\/product_cat?post=1724"},{"taxonomy":"product_tag","embeddable":true,"href":"https:\/\/www.hydraulic-cylinders.net\/ro\/wp-json\/wp\/v2\/product_tag?post=1724"}],"curies":[{"name":"wp","href":"https:\/\/api.w.org\/{rel}","templated":true}]}}