{"id":17254,"date":"2025-02-23T09:01:12","date_gmt":"2025-02-23T09:01:12","guid":{"rendered":"https:\/\/www.hydraulic-cylinders.net\/?post_type=product&#038;p=17254"},"modified":"2025-04-30T08:31:10","modified_gmt":"2025-04-30T08:31:10","slug":"steering-cylinder-for-arm-type-aerial-work-vehicles","status":"publish","type":"product","link":"https:\/\/www.hydraulic-cylinders.net\/ro\/produs\/steering-cylinder-for-arm-type-aerial-work-vehicles\/","title":{"rendered":"Cilindru de direc\u021bie pentru vehicule de lucru aeriene de tip bra\u021b"},"content":{"rendered":"<h1 style=\"text-align: center;\"><strong>Cilindru de direc\u021bie pentru vehicule de lucru aeriene de tip bra\u021b<\/strong><\/h1>\n<h1 style=\"text-align: center;\"><img loading=\"lazy\" decoding=\"async\" class=\"alignnone size-full wp-image-17256\" src=\"https:\/\/www.hydraulic-cylinders.net\/wp-content\/uploads\/2025\/02\/hcyy11112012-steering-cylinder-2.webp\" alt=\"\" width=\"1495\" height=\"516\" srcset=\"https:\/\/www.hydraulic-cylinders.net\/wp-content\/uploads\/2025\/02\/hcyy11112012-steering-cylinder-2.webp 1495w, https:\/\/www.hydraulic-cylinders.net\/wp-content\/uploads\/2025\/02\/hcyy11112012-steering-cylinder-2-1280x442.webp 1280w, https:\/\/www.hydraulic-cylinders.net\/wp-content\/uploads\/2025\/02\/hcyy11112012-steering-cylinder-2-980x338.webp 980w, https:\/\/www.hydraulic-cylinders.net\/wp-content\/uploads\/2025\/02\/hcyy11112012-steering-cylinder-2-480x166.webp 480w\" sizes=\"(min-width: 0px) and (max-width: 480px) 480px, (min-width: 481px) and (max-width: 980px) 980px, (min-width: 981px) and (max-width: 1280px) 1280px, (min-width: 1281px) 1495px, 100vw\" \/><\/h1>\n<div id=\"message-349701841669\" class=\"ChatMessage_chatMessage__xkgHx\" data-complete=\"true\">\n<div class=\"ChatMessage_messageRow__DHlnq\">\n<div class=\"ChatMessage_messageWrapper__4Ugd6\">\n<div class=\"Message_rowWithFooter__FShU6\">\n<div class=\"Message_row__ug_UU\">\n<div class=\"Message_messageBubbleWrapper__sEq8z\">\n<div class=\"Message_leftSideMessageBubble__VPdk6\">\n<div class=\"Message_messageTextContainer__w64Sc\">\n<div>\n<div class=\"Markdown_markdownContainer__Tz3HQ\">\n<p>Cilindrul de direc\u021bie pentru vehiculele de lucru aeriene de tip bra\u021b este o component\u0103 esen\u021bial\u0103 special conceput\u0103 pentru vehiculele de lucru aeriene, sporindu-le manevrabilitatea \u0219i controlul. Acest mecanism de direc\u021bie de ultim\u0103 genera\u021bie permite operatorilor s\u0103 navigheze \u00een spa\u021bii restr\u00e2nse \u0219i s\u0103 execute sarcini aeriene cu o precizie \u0219i o u\u0219urin\u021b\u0103 remarcabile.<\/p>\n<p>Ca o \u00eembun\u0103t\u0103\u021bire semnificativ\u0103, cilindrul de direc\u021bie pentru vehiculele de lucru aeriene de tip bra\u021b spore\u0219te precizia \u0219i siguran\u021ba direc\u021biei, asigur\u00e2nd c\u0103 operatorii pot r\u0103spunde eficient la medii de lucru dinamice. Construc\u021bia sa robust\u0103 asigur\u0103 durabilitate, \u00een timp ce procesul simplu de instalare simplific\u0103 integrarea \u00een sistemele existente. \u00centre\u021binerea este, de asemenea, f\u0103r\u0103 probleme, permi\u021b\u00e2nd operatorilor s\u0103 se concentreze asupra muncii lor f\u0103r\u0103 \u00eentreruperi inutile.<\/p>\n<p>Prin \u00eencorporarea cilindrului de direc\u021bie pentru vehiculele de lucru aeriene de tip bra\u021b \u00een vehiculul dumneavoastr\u0103 de lucru aeriene, \u00eembun\u0103t\u0103\u021bi\u021bi siguran\u021ba \u0219i eficien\u021ba opera\u021bional\u0103, ceea ce \u00eel face o solu\u021bie ideal\u0103 pentru a satisface diversele cerin\u021be ale oric\u0103rui \u0219antier.<\/p>\n<\/div>\n<\/div>\n<\/div>\n<\/div>\n<\/div>\n<\/div>\n<\/div>\n<\/div>\n<\/div>\n<\/div>\n<h2><strong>Cilindru de direc\u021bie pentru vehicule de lucru aeriene de tip bra\u021b Parametru:<\/strong><\/h2>\n<h1 style=\"text-align: center;\"><img loading=\"lazy\" decoding=\"async\" class=\"alignnone size-full wp-image-17255\" src=\"https:\/\/www.hydraulic-cylinders.net\/wp-content\/uploads\/2025\/02\/hcyy11112012-steering-cylinder-1.webp\" alt=\"\" width=\"1520\" height=\"147\" srcset=\"https:\/\/www.hydraulic-cylinders.net\/wp-content\/uploads\/2025\/02\/hcyy11112012-steering-cylinder-1.webp 1520w, https:\/\/www.hydraulic-cylinders.net\/wp-content\/uploads\/2025\/02\/hcyy11112012-steering-cylinder-1-1280x124.webp 1280w, https:\/\/www.hydraulic-cylinders.net\/wp-content\/uploads\/2025\/02\/hcyy11112012-steering-cylinder-1-980x95.webp 980w, https:\/\/www.hydraulic-cylinders.net\/wp-content\/uploads\/2025\/02\/hcyy11112012-steering-cylinder-1-480x46.webp 480w\" sizes=\"(min-width: 0px) and (max-width: 480px) 480px, (min-width: 481px) and (max-width: 980px) 980px, (min-width: 981px) and (max-width: 1280px) 1280px, (min-width: 1281px) 1520px, 100vw\" \/> \u00a0<img loading=\"lazy\" decoding=\"async\" class=\"alignnone size-full wp-image-17257\" src=\"https:\/\/www.hydraulic-cylinders.net\/wp-content\/uploads\/2025\/02\/hcyy11112012-steering-cylinder-3.webp\" alt=\"\" width=\"1471\" height=\"696\" srcset=\"https:\/\/www.hydraulic-cylinders.net\/wp-content\/uploads\/2025\/02\/hcyy11112012-steering-cylinder-3.webp 1471w, https:\/\/www.hydraulic-cylinders.net\/wp-content\/uploads\/2025\/02\/hcyy11112012-steering-cylinder-3-1280x606.webp 1280w, https:\/\/www.hydraulic-cylinders.net\/wp-content\/uploads\/2025\/02\/hcyy11112012-steering-cylinder-3-980x464.webp 980w, https:\/\/www.hydraulic-cylinders.net\/wp-content\/uploads\/2025\/02\/hcyy11112012-steering-cylinder-3-480x227.webp 480w\" sizes=\"(min-width: 0px) and (max-width: 480px) 480px, (min-width: 481px) and (max-width: 980px) 980px, (min-width: 981px) and (max-width: 1280px) 1280px, (min-width: 1281px) 1471px, 100vw\" \/> <img loading=\"lazy\" decoding=\"async\" class=\"alignnone size-full wp-image-17258\" src=\"https:\/\/www.hydraulic-cylinders.net\/wp-content\/uploads\/2025\/02\/hcyy11112012-steering-cylinder-4.webp\" alt=\"\" width=\"1476\" height=\"709\" srcset=\"https:\/\/www.hydraulic-cylinders.net\/wp-content\/uploads\/2025\/02\/hcyy11112012-steering-cylinder-4.webp 1476w, https:\/\/www.hydraulic-cylinders.net\/wp-content\/uploads\/2025\/02\/hcyy11112012-steering-cylinder-4-1280x615.webp 1280w, https:\/\/www.hydraulic-cylinders.net\/wp-content\/uploads\/2025\/02\/hcyy11112012-steering-cylinder-4-980x471.webp 980w, https:\/\/www.hydraulic-cylinders.net\/wp-content\/uploads\/2025\/02\/hcyy11112012-steering-cylinder-4-480x231.webp 480w\" sizes=\"(min-width: 0px) and (max-width: 480px) 480px, (min-width: 481px) and (max-width: 980px) 980px, (min-width: 981px) and (max-width: 1280px) 1280px, (min-width: 1281px) 1476px, 100vw\" \/> <img loading=\"lazy\" decoding=\"async\" class=\"alignnone size-full wp-image-17259\" src=\"https:\/\/www.hydraulic-cylinders.net\/wp-content\/uploads\/2025\/02\/hcyy11112012-steering-cylinder-5.webp\" alt=\"\" width=\"1481\" height=\"742\" srcset=\"https:\/\/www.hydraulic-cylinders.net\/wp-content\/uploads\/2025\/02\/hcyy11112012-steering-cylinder-5.webp 1481w, https:\/\/www.hydraulic-cylinders.net\/wp-content\/uploads\/2025\/02\/hcyy11112012-steering-cylinder-5-1280x641.webp 1280w, https:\/\/www.hydraulic-cylinders.net\/wp-content\/uploads\/2025\/02\/hcyy11112012-steering-cylinder-5-980x491.webp 980w, https:\/\/www.hydraulic-cylinders.net\/wp-content\/uploads\/2025\/02\/hcyy11112012-steering-cylinder-5-480x240.webp 480w\" sizes=\"(min-width: 0px) and (max-width: 480px) 480px, (min-width: 481px) and (max-width: 980px) 980px, (min-width: 981px) and (max-width: 1280px) 1280px, (min-width: 1281px) 1481px, 100vw\" \/><\/h1>\n<h2><strong>Serie de cilindri pentru vehicule de lucru aeriene:<\/strong><\/h2>\n<h2><img loading=\"lazy\" decoding=\"async\" class=\"wp-image-1044652 size-full aligncenter\" src=\"https:\/\/images.hzpt.com\/2025\/02\/cylinder-series-for-aerial-work-vehicles.webp\" alt=\"\" width=\"751\" height=\"850\" \/><\/h2>\n<h2><strong>Caracteristici cheie ale cilindrului de direc\u021bie pentru vehiculele de lucru aeriene de tip bra\u021b:<\/strong><\/h2>\n<h4><strong>Construc\u021bie robust\u0103<\/strong><\/h4>\n<p>Cilindrul de direc\u021bie pentru vehiculele de lucru aeriene de tip bra\u021b este proiectat din materiale de calitate premium, asigur\u00e2nd o durabilitate excep\u021bional\u0103 \u00een condi\u021bii dificile. Designul s\u0103u robust rezist\u0103 la temperaturi extreme, sarcini grele \u0219i medii abrazive f\u0103r\u0103 a compromite performan\u021ba. Aceast\u0103 construc\u021bie robust\u0103 minimizeaz\u0103 uzura, reduc\u00e2nd semnificativ frecven\u021ba \u00eenlocuirilor. Companiile beneficiaz\u0103 de costuri opera\u021bionale mai mici \u0219i fiabilitate sporit\u0103, ceea ce face ca acest cilindru s\u0103 fie o investi\u021bie inteligent\u0103 pentru utilizare pe termen lung.<\/p>\n<h4><strong>Control de precizie \u00eembun\u0103t\u0103\u021bit<\/strong><\/h4>\n<p>Precizia este vital\u0103 \u00een opera\u021biunile aeriene, iar cilindrul de direc\u021bie pentru vehiculele de lucru aeriene de tip bra\u021b ofer\u0103 o precizie excep\u021bional\u0103 a direc\u021biei. Acest cilindru de direc\u021bie permite ajust\u0103ri precise \u0219i f\u0103r\u0103 probleme, permi\u021b\u00e2nd operatorilor s\u0103 \u00ee\u0219i pozi\u021bioneze vehiculele cu \u00eencredere. Indiferent dac\u0103 navigheaz\u0103 \u00een spa\u021bii \u00eenguste sau execut\u0103 manevre aeriene delicate, timpul de reac\u021bie al cilindrului reduce riscul de erori. Aceast\u0103 precizie nu numai c\u0103 \u00eembun\u0103t\u0103\u021be\u0219te siguran\u021ba, dar spore\u0219te \u0219i eficien\u021ba general\u0103, permi\u021b\u00e2nd echipelor s\u0103 finalizeze sarcinile mai eficient.<\/p>\n<h4><strong>Design care economise\u0219te spa\u021biu<\/strong><\/h4>\n<p>Cilindrul de direc\u021bie se m\u00e2ndre\u0219te cu un design compact inovator, care faciliteaz\u0103 instalarea \u0219i depozitarea. Caracteristicile sale de economisire a spa\u021biului \u00eei permit s\u0103 se potriveasc\u0103 \u00een compartimente \u00eenguste, fiind deosebit de avantajos pentru opera\u021biunile mobile, unde spa\u021biul este adesea limitat. C\u00e2nd nu este utilizat, cilindrul se pliaz\u0103 perfect, facilit\u00e2nd depozitarea \u0219i transportul eficient. Acest design asigur\u0103 c\u0103 operatorii \u00ee\u0219i pot maximiza spa\u021biul de lucru \u0219i \u00ee\u0219i pot p\u0103stra echipamentele organizate.<\/p>\n<h4><strong>Capacitate portant\u0103 impresionant\u0103<\/strong><\/h4>\n<p>Conceput pentru aplica\u021bii grele, cilindrul de direc\u021bie are o capacitate portant\u0103 remarcabil\u0103. Ingineria sa robust\u0103 asigur\u0103 performan\u021be fiabile chiar \u0219i sub o greutate substan\u021bial\u0103, fiind ideal pentru sarcini care implic\u0103 ridicarea de echipamente sau materiale grele. Aceast\u0103 rezisten\u021b\u0103 impresionant\u0103 insufl\u0103 \u00eencredere operatorilor, deoarece ace\u0219tia se pot baza pe cilindru pentru a func\u021biona eficient sub presiune, asigur\u00e2nd siguran\u021ba \u0219i stabilitatea \u00een timpul opera\u021biunilor critice.<\/p>\n<h4><strong>Rezisten\u021b\u0103 superioar\u0103 la coroziune<\/strong><\/h4>\n<p>Cilindrul de direc\u021bie pentru vehiculele de lucru aeriene de tip bra\u021b \u00eencorporeaz\u0103 acoperiri de protec\u021bie avansate care protejeaz\u0103 \u00eempotriva ruginii \u0219i coroziunii. Aceast\u0103 caracteristic\u0103 este crucial\u0103 pentru prelungirea duratei de via\u021b\u0103 opera\u021bionale a cilindrului, \u00een special \u00een condi\u021bii meteorologice dure. Acoperirile specializate ofer\u0103 un strat suplimentar de protec\u021bie \u00eempotriva ploii, z\u0103pezii \u0219i expunerii la UV, reduc\u00e2nd semnificativ costurile de \u00eentre\u021binere \u00een timp. Operatorii se pot concentra asupra sarcinilor lor f\u0103r\u0103 a-\u0219i face griji cu privire la repara\u021bii sau \u00eenlocuiri frecvente din cauza uzurii mediului.<\/p>\n<h4><strong>Instalare u\u0219oar\u0103<\/strong><\/h4>\n<p>Proiectat av\u00e2nd \u00een vedere versatilitatea, cilindrul de direc\u021bie pentru vehiculele de lucru aeriene de tip bra\u021b este compatibil cu o gam\u0103 larg\u0103 de vehicule de lucru aeriene. Procesul s\u0103u de instalare u\u0219or de utilizat permite operatorilor s\u0103 \u00eel configureze rapid \u0219i eficient, adesea f\u0103r\u0103 a fi nevoie de o instruire extins\u0103. Aceast\u0103 u\u0219urin\u021b\u0103 \u00een instalare minimizeaz\u0103 timpul de nefunc\u021bionare, permi\u021b\u00e2nd companiilor s\u0103 \u00ee\u0219i adapteze rapid echipamentele pentru a \u00eendeplini diverse cerin\u021be opera\u021bionale. Integrarea simpl\u0103 asigur\u0103 c\u0103 echipele se pot \u00eentoarce prompt la lucru, maximiz\u00e2nd productivitatea.<\/p>\n<p>Cilindrul de direc\u021bie se remarc\u0103 ca o component\u0103 vital\u0103 pentru vehiculele de lucru aerian, oferind o combina\u021bie de durabilitate, precizie \u0219i eficien\u021b\u0103. Construc\u021bia sa robust\u0103, capacit\u0103\u021bile de control \u00eembun\u0103t\u0103\u021bite \u0219i designul compact \u00eel fac o alegere ideal\u0103 pentru operatorii care caut\u0103 fiabilitate \u0219i performan\u021b\u0103. Investind \u00een HCYY11112012, companiile \u00ee\u0219i pot \u00eembun\u0103t\u0103\u021bi capacit\u0103\u021bile opera\u021bionale, asigur\u00e2nd lucr\u0103ri aeriene mai sigure \u0219i mai eficiente.<\/p>\n<h2><strong>Cum \u00eembun\u0103t\u0103\u021be\u0219te controlul de precizie al cilindrului de direc\u021bie sarcinile dumneavoastr\u0103 de lucru aeriene?<\/strong><\/h2>\n<p>Cu siguran\u021b\u0103! Iat\u0103 o versiune extins\u0103 \u0219i optimizat\u0103 a fiec\u0103rui punct referitor la modul \u00een care controlul de precizie al cilindrului de direc\u021bie pentru vehiculele de lucru aeriene de tip bra\u021b \u00eembun\u0103t\u0103\u021be\u0219te sarcinile de lucru aeriene:<\/p>\n<h4><strong>Pozi\u021bionare precis\u0103<\/strong><\/h4>\n<p>Cilindrul de direc\u021bie ofer\u0103 operatorilor posibilitatea de a efectua ajust\u0103ri fine, asigur\u00e2nd pozi\u021bionarea vehiculului cu precizie maxim\u0103. Aceast\u0103 capacitate este crucial\u0103 atunci c\u00e2nd se lucreaz\u0103 la \u00een\u0103l\u021bime sau \u00een spa\u021bii \u00eenguste, unde chiar \u0219i erori minore de calcul pot duce la probleme semnificative. Permi\u021b\u00e2nd operatorilor s\u0103 \u00ee\u0219i alinieze vehiculele cu precizie cu zona de lucru, cilindrul minimizeaz\u0103 riscul de erori, asigur\u00e2nd c\u0103 sarcinile sunt executate conform planific\u0103rii.<\/p>\n<h4><strong>Siguran\u021b\u0103 \u00eembun\u0103t\u0103\u021bit\u0103<\/strong><\/h4>\n<p>Precizia sporit\u0103 a direc\u021biei se traduce direct \u00eentr-o siguran\u021b\u0103 sporit\u0103 at\u00e2t pentru operatori, c\u00e2t \u0219i pentru membrii echipajului la sol. Av\u00e2nd capacitatea de a naviga cu precizie, operatorii pot evita obstacolele \u0219i situa\u021biile precare, reduc\u00e2nd probabilitatea accidentelor. Aceast\u0103 con\u0219tientizare sporit\u0103 a siguran\u021bei nu numai c\u0103 protejeaz\u0103 personalul, ci \u0219i echipamentele \u0219i materialele, promov\u00e2nd un mediu de lucru sigur \u00een care toat\u0103 lumea \u00ee\u0219i poate \u00eendeplini sarcinile cu \u00eencredere.<\/p>\n<h4><strong>Eficien\u021b\u0103 sporit\u0103<\/strong><\/h4>\n<p>Capacitatea de a efectua ajust\u0103ri rapide \u0219i precise ale direc\u021biei simplific\u0103 considerabil opera\u021biunile. Operatorii pot reac\u021biona rapid la condi\u021biile sau instruc\u021biunile \u00een schimbare, permi\u021b\u00e2nd un flux de lucru mai dinamic. Aceast\u0103 eficien\u021b\u0103 \u00eenseamn\u0103 c\u0103 sarcinile pot fi finalizate mai rapid, reduc\u00e2nd timpii de nefunc\u021bionare \u0219i sporind productivitatea general\u0103. Echipele pot realiza mai multe \u00een cadrul ferestrei lor opera\u021bionale, maximiz\u00e2nd utilizarea resurselor \u0219i a timpului lor.<\/p>\n<h4><strong>Manevrabilitate mai bun\u0103<\/strong><\/h4>\n<p>Natura receptiv\u0103 a cilindrului de direc\u021bie pentru controlul direc\u021biei vehiculelor de lucru aeriene de tip bra\u021b \u00eembun\u0103t\u0103\u021be\u0219te manevrabilitatea vehiculelor de lucru aeriene, \u00een special pe terenuri dificile sau spa\u021bii \u00eenguste. Operatorii se bucur\u0103 de o \u00eencredere sporit\u0103 \u00een timpul manevrelor, deoarece precizia cilindrului permite tranzi\u021bii \u0219i viraje mai line. Aceast\u0103 capacitate \u00eembun\u0103t\u0103\u021bit\u0103 de manevrare nu numai c\u0103 faciliteaz\u0103 opera\u021biunile, dar contribuie \u0219i la o platform\u0103 mai stabil\u0103 pentru orice sarcin\u0103 efectuat\u0103, cum ar fi ridicarea sau pozi\u021bionarea echipamentelor.<\/p>\n<p>Per total, controlul de precizie al cilindrului de direc\u021bie \u00eembun\u0103t\u0103\u021be\u0219te semnificativ sarcinile de lucru aeriene, promov\u00e2nd acurate\u021bea, siguran\u021ba, eficien\u021ba \u0219i manevrabilitatea. Acest lucru are ca rezultat un mediu de lucru mai productiv, \u00een care operatorii se pot concentra asupra responsabilit\u0103\u021bilor lor cu \u00eencredere \u0219i u\u0219urin\u021b\u0103.<\/p>\n<h2><strong>Zona de produc\u021bie a cilindrilor pentru vehicule de lucru aeriene:<\/strong><\/h2>\n<h2><img loading=\"lazy\" decoding=\"async\" class=\"alignnone size-full wp-image-16972\" src=\"https:\/\/www.hydraulic-cylinders.net\/wp-content\/uploads\/2025\/01\/hydraulic-cylinder-factory-1-scaled.webp\" sizes=\"(min-width: 0px) and (max-width: 480px) 480px, (min-width: 481px) and (max-width: 980px) 980px, (min-width: 981px) and (max-width: 1280px) 1280px, (min-width: 1281px) 2016px, 100vw\" srcset=\"https:\/\/www.hydraulic-cylinders.net\/wp-content\/uploads\/2025\/01\/hydraulic-cylinder-factory-1-scaled.webp 2016w, https:\/\/www.hydraulic-cylinders.net\/wp-content\/uploads\/2025\/01\/hydraulic-cylinder-factory-1-1280x1625.webp 1280w, https:\/\/www.hydraulic-cylinders.net\/wp-content\/uploads\/2025\/01\/hydraulic-cylinder-factory-1-980x1244.webp 980w, https:\/\/www.hydraulic-cylinders.net\/wp-content\/uploads\/2025\/01\/hydraulic-cylinder-factory-1-480x610.webp 480w\" alt=\"\" width=\"2016\" height=\"2560\" \/><\/h2>\n<p>Ne m\u00e2ndrim cu o platform\u0103 independent\u0103 de cercetare \u0219i dezvoltare de ultim\u0103 genera\u021bie dedicat\u0103 asambl\u0103rii, asigur\u00e2nd inova\u021bie \u0219i calitate de top \u00een procesele noastre de fabrica\u021bie. Atelierul nostru de produc\u021bie a cilindrilor pentru stivuitoare dispune de patru linii de asamblare semiautomate pentru cilindrii de ridicare \u0219i o linie de asamblare complet automat\u0103 pentru cilindrii de \u00eenclinare, proiectate \u00eempreun\u0103 pentru a produce p\u00e2n\u0103 la un milion de unit\u0103\u021bi anual.<\/p>\n<p>\u00cen plus, atelierul nostru specializat de cilindri este dotat cu sisteme semiautomate de cur\u0103\u021bare \u0219i asamblare adaptate la diverse specifica\u021bii, cu o capacitate anual\u0103 de produc\u021bie de 200.000 de buc\u0103\u021bi. Utiliz\u0103m echipamente CNC renumite, centre de prelucrare \u0219i unelte specializate pentru prelucrarea de \u00eenalt\u0103 precizie a cilindrilor. Facilitatea noastr\u0103 include, de asemenea, ma\u0219ini avansate de sudur\u0103 robotizat\u0103, sisteme automate de cur\u0103\u021bare \u0219i linii complet automatizate de asamblare \u0219i vopsire a cilindrilor. Cu peste 300 de echipamente cheie opera\u021bionale, optimiz\u0103m alocarea resurselor \u0219i asigur\u0103m o utilizare eficient\u0103, respect\u00e2nd standarde stricte de precizie \u0219i calitate.<\/p>\n<p>Atelierul nostru de prelucrare dispune de centre de strunjire personalizate cu ghidare \u00eenclinat\u0103, centre de prelucrare, ma\u0219ini de honuit de mare vitez\u0103, robo\u021bi de sudur\u0103 \u0219i alte echipamente esen\u021biale. Aceast\u0103 configura\u021bie ne permite s\u0103 prelucr\u0103m tuburi cilindrice cu un diametru interior maxim de 400 mm \u0219i lungimi de p\u00e2n\u0103 la 6 metri, sporind \u0219i mai mult capacit\u0103\u021bile noastre de produc\u021bie.<\/p>\n<h2><img loading=\"lazy\" decoding=\"async\" class=\"alignnone size-full wp-image-16973\" src=\"https:\/\/www.hydraulic-cylinders.net\/wp-content\/uploads\/2025\/01\/hydraulic-cylinder-factory-2-scaled.webp\" sizes=\"(min-width: 0px) and (max-width: 480px) 480px, (min-width: 481px) and (max-width: 980px) 980px, (min-width: 981px) and (max-width: 1280px) 1280px, (min-width: 1281px) 2011px, 100vw\" srcset=\"https:\/\/www.hydraulic-cylinders.net\/wp-content\/uploads\/2025\/01\/hydraulic-cylinder-factory-2-scaled.webp 2011w, https:\/\/www.hydraulic-cylinders.net\/wp-content\/uploads\/2025\/01\/hydraulic-cylinder-factory-2-1280x1629.webp 1280w, https:\/\/www.hydraulic-cylinders.net\/wp-content\/uploads\/2025\/01\/hydraulic-cylinder-factory-2-980x1248.webp 980w, https:\/\/www.hydraulic-cylinders.net\/wp-content\/uploads\/2025\/01\/hydraulic-cylinder-factory-2-480x611.webp 480w\" alt=\"\" width=\"2011\" height=\"2560\" \/><\/h2>\n<p>Oper\u0103m o linie de vopsire pe baz\u0103 de ap\u0103 complet automat\u0103, special conceput\u0103 pentru cilindri mici \u0219i medii, cu robo\u021bi automatiza\u021bi de \u00eenc\u0103rcare, desc\u0103rcare \u0219i pulverizare. Acest sistem de ultim\u0103 genera\u021bie se m\u00e2ndre\u0219te cu o capacitate de produc\u021bie de 4.000 de unit\u0103\u021bi pe schimb. \u00cen plus, avem o linie de vopsire semiautomat\u0103 pentru cilindri de dimensiuni mari, ac\u021bionat\u0103 de un lan\u021b, cu o capacitate proiectat\u0103 de 60 de l\u0103zi pe schimb.<\/p>\n<p>Pentru a \u00eembun\u0103t\u0103\u021bi performan\u021ba produselor \u0219i a ne consolida pozi\u021bia de lider \u00een industria cilindrilor hidraulici, am \u00eencheiat un parteneriat cu ZJIMEE pentru a \u00eenfiin\u021ba un laborator cuprinz\u0103tor de performan\u021b\u0103 dedicat cilindrilor, valvelor \u0219i pompelor hidraulice. Acest laborator avansat utilizeaz\u0103 testarea asistat\u0103 de computer cu tehnologie electrohidraulic\u0103, permi\u021b\u00e2nd condi\u021bii de testare prestabilite care \u00eembun\u0103t\u0103\u021besc precizia \u0219i versatilitatea sistemului. Procesul automat de colectare a datelor utilizeaz\u0103 senzori pentru a colecta date de ie\u0219ire, cum ar fi scurgerile interne \u0219i eficien\u021ba sarcinii, care sunt apoi procesate de un computer \u0219i convertite \u00een unit\u0103\u021bi standard (ml\/min%).<\/p>\n<p>\u00cen plus, pentru a asigura siguran\u021ba sistemelor noastre hidraulice, implement\u0103m monitorizarea st\u0103rii parametrilor cheie de performan\u021b\u0103, inclusiv temperatura uleiului, nivelul lichidului \u0219i starea dispozitivului de filtrare. Standul nostru de testare a cilindrilor hidraulici este capabil s\u0103 evalueze \u201eeficien\u021ba sarcinii\u201d \u0219i \u201escurgerile interne\u201d prin citiri precise. De asemenea, este echipat cu un instrument de m\u0103surare cu rigl\u0103 tip r\u0103z\u0103toare care \u00eendepline\u0219te standardele na\u021bionale, asigur\u00e2nd conformitatea cu toate cerin\u021bele de testare pentru produsele cu cilindri hidraulici.<\/p>\n<p>&nbsp;<\/p>","protected":false},"excerpt":{"rendered":"<p>Steering Cylinder For Arm Type Aerial Work Vehicles The steering cylinder for arm type aerial work vehicles is an essential component specifically designed for aerial work vehicles, enhancing their maneuverability and control. This state-of-the-art steering mechanism allows operators to navigate confined spaces and execute aerial tasks with remarkable precision and ease. As a significant upgrade, [&hellip;]<\/p>","protected":false},"featured_media":17498,"comment_status":"open","ping_status":"closed","template":"","meta":{"_et_pb_use_builder":"","_et_pb_old_content":"","_et_gb_content_width":""},"product_brand":[],"product_cat":[1500,1550,1376],"product_tag":[],"class_list":{"0":"post-17254","1":"product","2":"type-product","3":"status-publish","4":"has-post-thumbnail","6":"product_cat-aerial-work-vehicle-hydraulic-cylinder","7":"product_cat-double-acting-hydraulic-cylinder","8":"product_cat-hydraulic-cylinder","10":"first","11":"instock","12":"shipping-taxable","13":"product-type-simple"},"amp_enabled":true,"_links":{"self":[{"href":"https:\/\/www.hydraulic-cylinders.net\/ro\/wp-json\/wp\/v2\/product\/17254","targetHints":{"allow":["GET"]}}],"collection":[{"href":"https:\/\/www.hydraulic-cylinders.net\/ro\/wp-json\/wp\/v2\/product"}],"about":[{"href":"https:\/\/www.hydraulic-cylinders.net\/ro\/wp-json\/wp\/v2\/types\/product"}],"replies":[{"embeddable":true,"href":"https:\/\/www.hydraulic-cylinders.net\/ro\/wp-json\/wp\/v2\/comments?post=17254"}],"wp:featuredmedia":[{"embeddable":true,"href":"https:\/\/www.hydraulic-cylinders.net\/ro\/wp-json\/wp\/v2\/media\/17498"}],"wp:attachment":[{"href":"https:\/\/www.hydraulic-cylinders.net\/ro\/wp-json\/wp\/v2\/media?parent=17254"}],"wp:term":[{"taxonomy":"product_brand","embeddable":true,"href":"https:\/\/www.hydraulic-cylinders.net\/ro\/wp-json\/wp\/v2\/product_brand?post=17254"},{"taxonomy":"product_cat","embeddable":true,"href":"https:\/\/www.hydraulic-cylinders.net\/ro\/wp-json\/wp\/v2\/product_cat?post=17254"},{"taxonomy":"product_tag","embeddable":true,"href":"https:\/\/www.hydraulic-cylinders.net\/ro\/wp-json\/wp\/v2\/product_tag?post=17254"}],"curies":[{"name":"wp","href":"https:\/\/api.w.org\/{rel}","templated":true}]}}