{"id":1728,"date":"2023-10-12T03:34:42","date_gmt":"2023-10-12T03:34:42","guid":{"rendered":"https:\/\/hydraulic-cylinders.net\/?post_type=product&#038;p=1728"},"modified":"2025-04-11T02:53:43","modified_gmt":"2025-04-11T02:53:43","slug":"cement-equipment-vertical-mill-cylinder","status":"publish","type":"product","link":"https:\/\/www.hydraulic-cylinders.net\/ro\/produs\/cement-equipment-vertical-mill-cylinder\/","title":{"rendered":"Cilindru vertical pentru moara de ciment"},"content":{"rendered":"<h1 style=\"text-align: center;\"><strong>Cilindru vertical pentru moara de ciment<\/strong><\/h1>\n<p><img loading=\"lazy\" decoding=\"async\" class=\"aligncenter wp-image-1729\" src=\"https:\/\/hydraulic-cylinders.net\/wp-content\/uploads\/2023\/10\/vertical-mill-cylinder-1-300x300.webp\" alt=\"\" width=\"400\" height=\"400\" \/><\/p>\n<p>Cilindrul morii verticale pentru echipamentele de ciment este o component\u0103 crucial\u0103 \u00een procesul de fabricare a cimentului, conceput pentru a \u00eembun\u0103t\u0103\u021bi eficien\u021ba \u0219i productivitatea \u00een fabricile de ciment. Acest cilindru joac\u0103 un rol vital \u00een morile verticale cu role, care sunt utilizate pe scar\u0103 larg\u0103 pentru m\u0103cinarea materiilor prime \u0219i a clincherului \u00een industria cimentului.<\/p>\n<p>Cilindrul morii verticale pentru echipamentele de ciment este o component\u0103 esen\u021bial\u0103 \u00een produc\u021bia de ciment, sporind eficien\u021ba \u0219i productivitatea \u00een fabricile de ciment. Acest cilindru asigur\u0103 o func\u021bionare fiabil\u0103 \u0219i eficient\u0103 datorit\u0103 construc\u021biei sale robuste, rezisten\u021bei la presiune ridicat\u0103, prelucr\u0103rii precise \u0219i tehnologiei avansate de etan\u0219are. Urm\u00e2nd metodele de utilizare \u0219i practicile de \u00eentre\u021binere recomandate, pute\u021bi maximiza performan\u021ba \u0219i longevitatea cilindrului morii verticale pentru echipamentele de ciment, \u00eembun\u0103t\u0103\u021bind \u00een cele din urm\u0103 productivitatea \u0219i profitabilitatea opera\u021biunilor dumneavoastr\u0103 de fabricare a cimentului.<\/p>\n<p>Caracteristici cheie ale cilindrului pentru moara vertical\u0103 a echipamentelor de ciment:<\/p>\n<ol>\n<li>Construc\u021bie robust\u0103:<\/li>\n<\/ol>\n<ul>\n<li>Construit din materiale de \u00eenalt\u0103 calitate pentru durabilitate \u00een mediile solicitante ale fabricilor de ciment.<\/li>\n<li>Rezist\u0103 la sarcini mari \u0219i men\u021bine performan\u021be optime \u00een timpul procesului de \u0219lefuire.<\/li>\n<\/ul>\n<ol start=\"2\">\n<li>Rezisten\u021b\u0103 la presiune \u00eenalt\u0103:<\/li>\n<\/ol>\n<ul>\n<li>Special conceput pentru a rezista la aplica\u021bii de \u00eenalt\u0103 presiune \u00eent\u00e2lnite \u00een mod obi\u0219nuit \u00een morile verticale cu role.<\/li>\n<li>Preia for\u021be intense generate \u00een timpul m\u0103cin\u0103rii materiilor prime \u0219i a clincherului.<\/li>\n<\/ul>\n<ol start=\"3\">\n<li>Prelucrare precis\u0103:<\/li>\n<\/ol>\n<ul>\n<li>Se supun unor procese de prelucrare precise pentru dimensiuni exacte \u0219i toleran\u021be str\u00e2nse.<\/li>\n<li>Permite o mi\u0219care lin\u0103 \u0219i precis\u0103, contribuind la performan\u021ba \u0219i randamentul general.<\/li>\n<\/ul>\n<ol start=\"4\">\n<li>Tehnologie avansat\u0103 de etan\u0219are:<\/li>\n<\/ol>\n<ul>\n<li>Echipat cu tehnologie avansat\u0103 de etan\u0219are pentru a preveni scurgerile de fluid hidraulic.<\/li>\n<li>Etan\u0219area fiabil\u0103 minimizeaz\u0103 timpii de nefunc\u021bionare, reduce costurile de \u00eentre\u021binere \u0219i spore\u0219te eficien\u021ba.<\/li>\n<\/ul>\n<h2><strong>Parametrul cilindrului pentru moara vertical\u0103 a echipamentului de ciment:<\/strong><\/h2>\n<table border=\"1\" cellspacing=\"0\" cellpadding=\"0\">\n<tbody>\n<tr>\n<td>Nume produs<\/td>\n<td>Cilindru vertical pentru moara de ciment<\/td>\n<\/tr>\n<tr>\n<td>Caracteristici:<\/td>\n<td>Asigura\u021bi pozi\u021bia central\u0103 a capului de prindere<\/td>\n<\/tr>\n<tr>\n<td>Diametrul alezajului:<\/td>\n<td>200 mm ~ 700 mm<\/td>\n<\/tr>\n<tr>\n<td>Diametrul tijei:<\/td>\n<td>130 mm ~ 500 mm<br \/>\nCurs\u0103: \u2264500 mm<\/td>\n<\/tr>\n<tr>\n<td>For\u021ba de \u00eempingere:<\/td>\n<td>Maxim 5387KN<br \/>\n(Diametru cilindru 700 mm \/ presiune 14 MPa)<\/td>\n<\/tr>\n<tr>\n<td>Aplica\u021bii ale cilindrului pentru mori verticale de ciment:<\/td>\n<td>Echipamente pentru ciment<\/td>\n<\/tr>\n<\/tbody>\n<\/table>\n<div><\/div>\n<div>\n<div class=\"txtboxL\">Caracteristici:<\/div>\n<div class=\"txtboxR\">Asigura\u021bi tensiunea\/controlul spa\u021biului dintre rolele de \u0219lefuire<\/div>\n<div class=\"txtboxL\">Specifica\u021bii:<\/div>\n<div class=\"txtboxR\">Diametrul alezajului: 260 mm ~ 540 mm<br \/>\nDiametrul tijei: 130 mm ~ 265 mm<br \/>\nCurs\u0103: \u22644000 mm<\/div>\n<div class=\"txtboxL\">For\u021ba de \u00eempingere:<\/div>\n<div class=\"txtboxR\">Maxim 2646KN<br \/>\n(Diametru cilindru 540 mm \/ presiune 21 MPa)<\/div>\n<\/div>\n<h2><strong>Cuptor electric <\/strong><strong> Fabric\u0103 de cilindri:<\/strong><\/h2>\n<p><img loading=\"lazy\" decoding=\"async\" class=\"alignnone wp-image-1697 size-full\" src=\"https:\/\/hydraulic-cylinders.net\/wp-content\/uploads\/2023\/10\/filter-press-cylinder-1.webp\" alt=\"\" width=\"1418\" height=\"946\" srcset=\"https:\/\/hydraulic-cylinders.net\/wp-content\/uploads\/2023\/10\/filter-press-cylinder-1.webp 1418w, https:\/\/hydraulic-cylinders.net\/wp-content\/uploads\/2023\/10\/filter-press-cylinder-1-1280x854.webp 1280w, https:\/\/hydraulic-cylinders.net\/wp-content\/uploads\/2023\/10\/filter-press-cylinder-1-980x654.webp 980w, https:\/\/hydraulic-cylinders.net\/wp-content\/uploads\/2023\/10\/filter-press-cylinder-1-480x320.webp 480w\" sizes=\"(min-width: 0px) and (max-width: 480px) 480px, (min-width: 481px) and (max-width: 980px) 980px, (min-width: 981px) and (max-width: 1280px) 1280px, (min-width: 1281px) 1418px, 100vw\" \/><\/p>\n<h2><strong>Metoda de utilizare a cilindrului de moar\u0103 vertical\u0103 pentru echipamente de ciment<\/strong><strong>:<\/strong><\/h2>\n<ol>\n<li><strong>Instalare:<\/strong><\/li>\n<\/ol>\n<ul>\n<li>Urma\u021bi instruc\u021biunile produc\u0103torului pentru o instalare sigur\u0103 pe moara vertical\u0103 cu role.<\/li>\n<li>Asigura\u021bi o aliniere \u0219i o fixare corect\u0103 pentru o func\u021bionare stabil\u0103 \u0219i sigur\u0103.<\/li>\n<\/ul>\n<ol start=\"2\">\n<li><strong>Conexiune hidraulic\u0103:<\/strong><\/li>\n<\/ol>\n<ul>\n<li>Conecta\u021bi cilindrul la sistemul hidraulic folosind fitinguri \u0219i furtunuri corespunz\u0103toare.<\/li>\n<li>Verifica\u021bi dac\u0103 conexiunile sunt sigure \u0219i nu prezint\u0103 scurgeri.<\/li>\n<\/ul>\n<ol start=\"3\">\n<li><strong>Calibrarea sistemului:<\/strong><\/li>\n<\/ol>\n<ul>\n<li>Calibra\u021bi sistemul hidraulic pentru a optimiza performan\u021ba cilindrului.<\/li>\n<li>Regla\u021bi set\u0103rile de presiune \u0219i debitele conform recomand\u0103rilor produc\u0103torului.<\/li>\n<\/ul>\n<ol start=\"4\">\n<li><strong>Operare \u0219i control:<\/strong><\/li>\n<\/ol>\n<ul>\n<li>Activa\u021bi sistemul hidraulic pentru a ini\u021bia func\u021bionarea morii verticale cu role.<\/li>\n<li>Cilindrul se angreneaz\u0103 cu rolele de m\u0103cinare, exercit\u00e2nd for\u021ba necesar\u0103 pentru m\u0103cinare \u0219i pulverizare.<\/li>\n<li>Monitoriza\u021bi \u0219i regla\u021bi pozi\u021bia, presiunea \u0219i viteza cilindrului prin intermediul panoului de control sau al interfe\u021bei.<\/li>\n<\/ul>\n<h2><strong>Cum se reconstruiesc cilindrii hidraulici?<\/strong><\/h2>\n<p>Reconstruirea cilindrilor hidraulici poate ajuta la restabilirea func\u021bionalit\u0103\u021bii acestora \u0219i la prelungirea duratei lor de via\u021b\u0103. Iat\u0103 un ghid general despre cum se reconstruiesc cilindrii hidraulici:<\/p>\n<ol>\n<li><strong>Adun\u0103 unelte \u0219i materiale:<\/strong>\n<ul>\n<li>M\u0103nu\u0219i \u0219i ochelari de protec\u021bie<\/li>\n<li>Chei \u0219i tubulare<\/li>\n<li>Bar\u0103 de levier sau instrument de \u00eendep\u0103rtare a sigiliului<\/li>\n<li>Ciocan sau ciocan de cauciuc<\/li>\n<li>Kit de reparare a cilindrilor (include garnituri, inele O \u0219i alte componente necesare)<\/li>\n<li>Fluid hidraulic<\/li>\n<li>C\u00e2rpe sau prosoape curate<\/li>\n<\/ul>\n<\/li>\n<li><strong>M\u0103suri de siguran\u021b\u0103:<\/strong>\n<ul>\n<li>\u00cenainte de a \u00eencepe procesul de reconstruc\u021bie, asigura\u021bi-v\u0103 c\u0103 sistemul hidraulic este depresurizat \u0219i cilindrul este complet retras.<\/li>\n<li>Purta\u021bi m\u0103nu\u0219i \u0219i ochelari de protec\u021bie pentru a v\u0103 proteja de orice pericole poten\u021biale.<\/li>\n<\/ul>\n<\/li>\n<li><strong>Scoate\u021bi cilindrul:<\/strong>\n<ul>\n<li>Deconecta\u021bi conductele hidraulice de la cilindru folosind chei sau chei tubulare.<\/li>\n<li>Folosi\u021bi o p\u00e2rghie sau o unealt\u0103 de \u00eendep\u0103rtare a garniturilor pentru a scoate cu grij\u0103 pistonul sau garnitura de etan\u0219are din cilindru.<\/li>\n<li>Verifica\u021bi componentele cilindrului pentru a depista orice semne de deteriorare sau uzur\u0103.<\/li>\n<\/ul>\n<\/li>\n<li><strong>Demonta\u021bi cilindrul:<\/strong>\n<ul>\n<li>Demonta\u021bi cu grij\u0103 cilindrul prin scoaterea inelelor de fixare sau a \u0219uruburilor care \u021bin \u00eempreun\u0103 diferitele componente.<\/li>\n<li>Re\u021bine\u021bi ordinea \u0219i aranjamentul componentelor pentru o reasamblare precis\u0103.<\/li>\n<\/ul>\n<\/li>\n<li><strong>Cur\u0103\u021bare \u0219i inspec\u021bie:<\/strong>\n<ul>\n<li>Cur\u0103\u021ba\u021bi temeinic toate componentele cilindrului folosind un solvent adecvat pentru a \u00eendep\u0103rta murd\u0103ria, resturile \u0219i fluidul hidraulic vechi.<\/li>\n<li>Inspecta\u021bi componentele pentru a depista orice semne de deteriorare, uzur\u0103 sau coroziuni. \u00cenlocui\u021bi orice piese deteriorate sau uzate.<\/li>\n<\/ul>\n<\/li>\n<li><strong>\u00cenlocui\u021bi garniturile \u0219i inelele O:<\/strong>\n<ul>\n<li>Consulta\u021bi kitul de reparare a cilindrului \u0219i identifica\u021bi garniturile \u0219i inelele O corespunz\u0103toare de \u00eenlocuit.<\/li>\n<li>Instala\u021bi noile garnituri \u0219i inele O conform instruc\u021biunilor produc\u0103torului \u0219i utiliz\u00e2nd lubrifiantul corespunz\u0103tor.<\/li>\n<\/ul>\n<\/li>\n<li><strong>Reasambla\u021bi cilindrul:<\/strong>\n<ul>\n<li>\u00cencepe\u021bi reasamblarea cilindrului prin a\u0219ezarea cu grij\u0103 a pistonului sau a garniturii \u00eenapoi \u00een \u021beava cilindrului.<\/li>\n<li>Reata\u0219a\u021bi inelele sau \u0219uruburile de fixare pentru a fixa componentele \u00eempreun\u0103.<\/li>\n<li>Respecta\u021bi ordinea \u0219i aranjamentul corect al componentelor, a\u0219a cum este indicat \u00een timpul dezasambl\u0103rii.<\/li>\n<\/ul>\n<\/li>\n<li><strong>Testare \u0219i reinstalare:<\/strong>\n<ul>\n<li>Dup\u0103 ce cilindrul este reasamblat, testa\u021bi manual mi\u0219carea acestuia pentru a asigura o func\u021bionare lin\u0103.<\/li>\n<li>Reconecta\u021bi conductele hidraulice \u0219i asigura\u021bi-v\u0103 c\u0103 sunt str\u00e2nse corespunz\u0103tor.<\/li>\n<li>Reumple\u021bi sistemul hidraulic cu fluidul hidraulic recomandat.<\/li>\n<\/ul>\n<\/li>\n<li><strong>Verifica\u021bi dac\u0103 exist\u0103 scurgeri \u0219i dac\u0103 exist\u0103 func\u021bionalitate:<\/strong>\n<ul>\n<li>Porni\u021bi sistemul hidraulic \u0219i observa\u021bi cu aten\u021bie cilindrul pentru a depista orice semne de scurgeri.<\/li>\n<li>Monitoriza\u021bi func\u021bionalitatea cilindrului \u0219i asigura\u021bi-v\u0103 c\u0103 func\u021bioneaz\u0103 f\u0103r\u0103 probleme.<\/li>\n<\/ul>\n<\/li>\n<\/ol>\n<h2><strong>Capabilitatea \u0219i capacitatea fabricii:<\/strong><\/h2>\n<h3>(1) Montaj<\/h3>\n<p>Avem o platform\u0103 de asamblare independent\u0103 de cercetare \u0219i dezvoltare de prim\u0103 clas\u0103. Atelierul de produc\u021bie a cilindrilor hidraulici are patru linii de asamblare semiautomate pentru cilindri de ridicare \u0219i o linie de asamblare automat\u0103 a cilindrilor de \u00eenclinare, cu o capacitate de produc\u021bie anual\u0103 proiectat\u0103 de 1 milion de buc\u0103\u021bi. Atelierul de cilindri speciali este echipat cu diverse specifica\u021bii ale unui sistem de asamblare semi-automat de cur\u0103\u021bare, cu o capacitate de produc\u021bie anual\u0103 proiectat\u0103 de 200.000 \u0219i dotat cu echipamente celebre de prelucrare CNC, un centru de prelucrare, un echipament special de prelucrare a cilindrilor de \u00eenalt\u0103 precizie, o ma\u0219in\u0103 de sudur\u0103 robotizat\u0103, o ma\u0219in\u0103 de cur\u0103\u021bare automat\u0103, o ma\u0219in\u0103 de asamblare automat\u0103 a cilindrilor \u0219i o linie de produc\u021bie automat\u0103 de vopsire. Echipamente critice existente de peste 300 de seturi (seturi). Alocarea optim\u0103 \u0219i utilizarea eficient\u0103 a resurselor de echipamente asigur\u0103 cerin\u021bele de precizie ale produselor \u0219i satisface nevoile de \u00eenalt\u0103 calitate ale produselor.<\/p>\n<p><img loading=\"lazy\" decoding=\"async\" class=\"alignnone wp-image-626\" src=\"https:\/\/hydraulic-cylinders.net\/wp-content\/uploads\/2023\/08\/hydraulic-cylinder-product-1-300x158.webp\" alt=\"\" width=\"495\" height=\"260\" srcset=\"https:\/\/hydraulic-cylinders.net\/wp-content\/uploads\/2023\/08\/hydraulic-cylinder-product-1-300x158.webp 495w, https:\/\/hydraulic-cylinders.net\/wp-content\/uploads\/2023\/08\/hydraulic-cylinder-product-1-480x252.webp 480w\" sizes=\"(min-width: 0px) and (max-width: 480px) 480px, (min-width: 481px) 495px, 100vw\" \/> <img loading=\"lazy\" decoding=\"async\" class=\"alignnone wp-image-627\" src=\"https:\/\/hydraulic-cylinders.net\/wp-content\/uploads\/2023\/08\/hydraulic-cylinder-product-2-300x189.webp\" alt=\"\" width=\"413\" height=\"260\" \/><\/p>\n<h3>(2) Prelucrare<\/h3>\n<p>Atelierul de prelucrare este echipat cu un centru de strunjire cu \u0219in\u0103 \u00eenclinat\u0103 personalizat, un centru de prelucrare, o ma\u0219in\u0103 de honuire de mare vitez\u0103, un robot de sudur\u0103 \u0219i alte echipamente conexe, care pot gestiona prelucrarea tuburilor cilindrice cu un diametru interior maxim de 400 mm \u0219i o lungime maxim\u0103 de 6 metri.<\/p>\n<p><img loading=\"lazy\" decoding=\"async\" class=\"alignnone wp-image-628 size-large\" src=\"https:\/\/hydraulic-cylinders.net\/wp-content\/uploads\/2023\/08\/hydraulic-cylinder-product-3-1024x391.webp\" alt=\"\" width=\"1024\" height=\"391\" srcset=\"https:\/\/hydraulic-cylinders.net\/wp-content\/uploads\/2023\/08\/hydraulic-cylinder-product-3-980x374.webp 980w, https:\/\/hydraulic-cylinders.net\/wp-content\/uploads\/2023\/08\/hydraulic-cylinder-product-3-480x183.webp 480w\" sizes=\"(min-width: 0px) and (max-width: 480px) 480px, (min-width: 481px) and (max-width: 980px) 980px, (min-width: 981px) 1024px, 100vw\" \/><\/p>\n<h3>(3) Sudur\u0103<\/h3>\n<p><img loading=\"lazy\" decoding=\"async\" class=\"alignnone wp-image-629 size-large\" src=\"https:\/\/hydraulic-cylinders.net\/wp-content\/uploads\/2023\/08\/hydraulic-cylinder-product-4-1024x510.webp\" alt=\"\" width=\"1024\" height=\"510\" srcset=\"https:\/\/hydraulic-cylinders.net\/wp-content\/uploads\/2023\/08\/hydraulic-cylinder-product-4-980x488.webp 980w, https:\/\/hydraulic-cylinders.net\/wp-content\/uploads\/2023\/08\/hydraulic-cylinder-product-4-480x239.webp 480w\" sizes=\"(min-width: 0px) and (max-width: 480px) 480px, (min-width: 481px) and (max-width: 980px) 980px, (min-width: 981px) 1024px, 100vw\" \/><\/p>\n<h3>(4) Vopsire \u0219i acoperire<\/h3>\n<p>Cu linii automate de acoperire cu vopsea pe baz\u0103 de ap\u0103 cu cilindru de dimensiuni mici \u0219i medii, pentru a realiza \u00eenc\u0103rcarea \u0219i desc\u0103rcarea automat\u0103 a robotului \u0219i pulverizarea automat\u0103, capacitatea de proiectare de 4000 de buc\u0103\u021bi pe schimb;<br \/>\nAvem, de asemenea, o linie de produc\u021bie semi-automat\u0103 de vopsire pentru cilindri mari, ac\u021bionat\u0103 de un lan\u021b de putere, cu o capacitate de proiectare de 60 de cutii pe schimb.<\/p>\n<p><img loading=\"lazy\" decoding=\"async\" class=\"alignnone wp-image-630\" src=\"https:\/\/hydraulic-cylinders.net\/wp-content\/uploads\/2023\/08\/hydraulic-cylinder-product-5-300x213.webp\" alt=\"\" width=\"366\" height=\"260\" \/> <img loading=\"lazy\" decoding=\"async\" class=\"alignnone wp-image-631\" src=\"https:\/\/hydraulic-cylinders.net\/wp-content\/uploads\/2023\/08\/hydraulic-cylinder-product-6-300x225.webp\" alt=\"\" width=\"347\" height=\"260\" \/><\/p>\n<h3>(5) Testarea<\/h3>\n<p>Dispunem de instala\u021bii de inspec\u021bie \u0219i bancuri de testare de prim\u0103 clas\u0103 pentru a ne asigura c\u0103 performan\u021ba cilindrului \u00eendepline\u0219te cerin\u021bele.<\/p>\n<p><img loading=\"lazy\" decoding=\"async\" class=\"alignnone wp-image-632\" src=\"https:\/\/hydraulic-cylinders.net\/wp-content\/uploads\/2023\/08\/hydraulic-cylinder-product-8-300x200.webp\" alt=\"\" width=\"389\" height=\"260\" \/><\/p>\n<p>&nbsp;<\/p>\n<p>&nbsp;<\/p>\n<p>Suntem unul dintre cei mai buni produc\u0103tori de cilindri hidraulici. Putem oferi o gam\u0103 complet\u0103 de cilindri hidraulici. De asemenea, oferim... <a href=\"https:\/\/hzpt.com\/agricultural-pto-gearbox\/\" target=\"_blank\" rel=\"noopener\">cutii de viteze agricole<\/a>Ne-am exportat produsele c\u0103tre clien\u021bi din \u00eentreaga lume \u0219i ne-am c\u00e2\u0219tigat o bun\u0103 reputa\u021bie datorit\u0103 calit\u0103\u021bii superioare a produselor noastre \u0219i a serviciilor post-v\u00e2nzare. \u00cei invit\u0103m pe clien\u021bii din \u021bar\u0103 \u0219i din str\u0103in\u0103tate s\u0103 ne contacteze pentru a negocia afaceri, a face schimb de informa\u021bii \u0219i... <a href=\"https:\/\/www.hydraulic-cylinders.net\/ro\/contact-us\/\">s\u0103 coopereze cu noi<\/a>!<\/p>","protected":false},"excerpt":{"rendered":"<p>Cement Equipment Vertical Mill Cylinder The cement equipment vertical mill cylinder is a crucial component in the cement manufacturing process, designed to improve efficiency and productivity in cement plants. This cylinder plays a vital role in vertical roller mills, which are widely used for grinding raw materials and clinker in the cement industry. The cement [&hellip;]<\/p>","protected":false},"featured_media":1730,"comment_status":"open","ping_status":"closed","template":"","meta":{"_et_pb_use_builder":"","_et_pb_old_content":"","_et_gb_content_width":""},"product_brand":[],"product_cat":[1520,1549],"product_tag":[1380],"class_list":{"0":"post-1728","1":"product","2":"type-product","3":"status-publish","4":"has-post-thumbnail","6":"product_cat-concrete-equipment-hydraulic-cylinders","7":"product_cat-single-acting-hydraulic-cylinder","8":"product_tag-hydraulic-cylinder","10":"first","11":"instock","12":"shipping-taxable","13":"product-type-simple"},"amp_enabled":true,"_links":{"self":[{"href":"https:\/\/www.hydraulic-cylinders.net\/ro\/wp-json\/wp\/v2\/product\/1728","targetHints":{"allow":["GET"]}}],"collection":[{"href":"https:\/\/www.hydraulic-cylinders.net\/ro\/wp-json\/wp\/v2\/product"}],"about":[{"href":"https:\/\/www.hydraulic-cylinders.net\/ro\/wp-json\/wp\/v2\/types\/product"}],"replies":[{"embeddable":true,"href":"https:\/\/www.hydraulic-cylinders.net\/ro\/wp-json\/wp\/v2\/comments?post=1728"}],"wp:featuredmedia":[{"embeddable":true,"href":"https:\/\/www.hydraulic-cylinders.net\/ro\/wp-json\/wp\/v2\/media\/1730"}],"wp:attachment":[{"href":"https:\/\/www.hydraulic-cylinders.net\/ro\/wp-json\/wp\/v2\/media?parent=1728"}],"wp:term":[{"taxonomy":"product_brand","embeddable":true,"href":"https:\/\/www.hydraulic-cylinders.net\/ro\/wp-json\/wp\/v2\/product_brand?post=1728"},{"taxonomy":"product_cat","embeddable":true,"href":"https:\/\/www.hydraulic-cylinders.net\/ro\/wp-json\/wp\/v2\/product_cat?post=1728"},{"taxonomy":"product_tag","embeddable":true,"href":"https:\/\/www.hydraulic-cylinders.net\/ro\/wp-json\/wp\/v2\/product_tag?post=1728"}],"curies":[{"name":"wp","href":"https:\/\/api.w.org\/{rel}","templated":true}]}}