{"id":17332,"date":"2025-03-07T07:58:20","date_gmt":"2025-03-07T07:58:20","guid":{"rendered":"https:\/\/www.hydraulic-cylinders.net\/?post_type=product&#038;p=17332"},"modified":"2025-04-11T05:31:12","modified_gmt":"2025-04-11T05:31:12","slug":"bi-directional-scriber-cylinder-for-no-tillage-machines","status":"publish","type":"product","link":"https:\/\/www.hydraulic-cylinders.net\/ro\/produs\/bi-directional-scriber-cylinder-for-no-tillage-machines\/","title":{"rendered":"Cilindru trasator bidirec\u021bional pentru ma\u0219ini f\u0103r\u0103 aratur\u0103"},"content":{"rendered":"<h1 style=\"text-align: center;\"><strong>Cilindru trasator bidirec\u021bional pentru ma\u0219ini f\u0103r\u0103 aratur\u0103<br \/>\n<img loading=\"lazy\" decoding=\"async\" class=\"alignnone wp-image-17269\" src=\"https:\/\/www.hydraulic-cylinders.net\/wp-content\/uploads\/2025\/03\/bi-directional-scriber-cylinder-1.webp\" alt=\"\" width=\"500\" height=\"499\" srcset=\"https:\/\/www.hydraulic-cylinders.net\/wp-content\/uploads\/2025\/03\/bi-directional-scriber-cylinder-1.webp 500w, https:\/\/www.hydraulic-cylinders.net\/wp-content\/uploads\/2025\/03\/bi-directional-scriber-cylinder-1-480x479.webp 480w\" sizes=\"(min-width: 0px) and (max-width: 480px) 480px, (min-width: 481px) 500px, 100vw\" \/><br \/>\n<\/strong><\/h1>\n<p>Cilindrul de trasare bidirec\u021bional este o component\u0103 crucial\u0103 pentru ma\u0219inile de prelucrare direct\u0103 a solului, sporind semnificativ eficien\u021ba acestora \u00een preg\u0103tirea \u0219i sem\u0103narea solului. Acest cilindru inovator permite o gestionare precis\u0103 \u0219i versatil\u0103 a solului, permi\u021b\u00e2nd fermierilor s\u0103 creeze condi\u021bii optime de sem\u0103nare, p\u0103str\u00e2nd \u00een acela\u0219i timp structura solului. Prin valorificarea tehnologiei hidraulice avansate, cilindrul de trasare bidirec\u021bional \u00eembun\u0103t\u0103\u021be\u0219te eficien\u021ba opera\u021bional\u0103 \u0219i maximizeaz\u0103 randamentele culturilor.<\/p>\n<p>Ca instrument esen\u021bial pentru practicile moderne de arare direct\u0103, cilindrul trasator bidirec\u021bional spore\u0219te precizia \u0219i eficien\u021ba \u00een gestionarea solului. Construc\u021bia sa robust\u0103, func\u021bionalitatea bidirec\u021bional\u0103 \u0219i instalarea u\u0219oar\u0103 \u00eei ajut\u0103 pe fermieri s\u0103 men\u021bin\u0103 condi\u021bii ideale de plantare cu o perturbare minim\u0103 a solului. Respect\u00e2nd instruc\u021biunile corecte de utilizare \u0219i \u00eentre\u021binere, utilizatorii pot asigura performan\u021be fiabile, rezult\u00e2nd randamente mai mari ale culturilor \u0219i rezultate agricole de succes. Investi\u021bia \u00eentr-un cilindru trasator bidirec\u021bional este o decizie inteligent\u0103 pentru orice opera\u021biune agricol\u0103 care dore\u0219te s\u0103 sporeasc\u0103 productivitatea \u0219i s\u0103 promoveze practici durabile.<\/p>\n<h2><strong>Cilindru trasator bidirec\u021bional pentru ma\u0219ini f\u0103r\u0103 arare Parametru:<\/strong><\/h2>\n<h1 style=\"text-align: center;\"><strong><img loading=\"lazy\" decoding=\"async\" class=\"alignnone size-full wp-image-17283\" src=\"https:\/\/www.hydraulic-cylinders.net\/wp-content\/uploads\/2025\/03\/hydraulic-cylinders-for-no-tillage-machines-parameter-1.webp\" alt=\"\" width=\"2237\" height=\"1271\" srcset=\"https:\/\/www.hydraulic-cylinders.net\/wp-content\/uploads\/2025\/03\/hydraulic-cylinders-for-no-tillage-machines-parameter-1.webp 2237w, https:\/\/www.hydraulic-cylinders.net\/wp-content\/uploads\/2025\/03\/hydraulic-cylinders-for-no-tillage-machines-parameter-1-1280x727.webp 1280w, https:\/\/www.hydraulic-cylinders.net\/wp-content\/uploads\/2025\/03\/hydraulic-cylinders-for-no-tillage-machines-parameter-1-980x557.webp 980w, https:\/\/www.hydraulic-cylinders.net\/wp-content\/uploads\/2025\/03\/hydraulic-cylinders-for-no-tillage-machines-parameter-1-480x273.webp 480w\" sizes=\"(min-width: 0px) and (max-width: 480px) 480px, (min-width: 481px) and (max-width: 980px) 980px, (min-width: 981px) and (max-width: 1280px) 1280px, (min-width: 1281px) 2237px, 100vw\" \/><\/strong><\/h1>\n<h2><strong>Cilindru trasator bidirec\u021bional pentru ma\u0219ini f\u0103r\u0103 aratur\u0103 Aplica\u021bie:<\/strong><\/h2>\n<p><img loading=\"lazy\" decoding=\"async\" class=\"alignnone size-full wp-image-17282\" src=\"https:\/\/www.hydraulic-cylinders.net\/wp-content\/uploads\/2025\/03\/hydraulic-cylinders-for-no-tillage-machines-application-1.webp\" alt=\"\" width=\"2273\" height=\"976\" srcset=\"https:\/\/www.hydraulic-cylinders.net\/wp-content\/uploads\/2025\/03\/hydraulic-cylinders-for-no-tillage-machines-application-1.webp 2273w, https:\/\/www.hydraulic-cylinders.net\/wp-content\/uploads\/2025\/03\/hydraulic-cylinders-for-no-tillage-machines-application-1-1280x550.webp 1280w, https:\/\/www.hydraulic-cylinders.net\/wp-content\/uploads\/2025\/03\/hydraulic-cylinders-for-no-tillage-machines-application-1-980x421.webp 980w, https:\/\/www.hydraulic-cylinders.net\/wp-content\/uploads\/2025\/03\/hydraulic-cylinders-for-no-tillage-machines-application-1-480x206.webp 480w\" sizes=\"(min-width: 0px) and (max-width: 480px) 480px, (min-width: 481px) and (max-width: 980px) 980px, (min-width: 981px) and (max-width: 1280px) 1280px, (min-width: 1281px) 2273px, 100vw\" \/><\/p>\n<h2><strong>Cilindru trasator bidirec\u021bional pentru ma\u0219ini de prelucrat direct la sol Caracteristici principale:<\/strong><\/h2>\n<h4><strong>Func\u021bionare versatil\u0103 \u00een dou\u0103 direc\u021bii<\/strong><\/h4>\n<p>Cilindrul trasor bidirec\u021bional este conceput pentru o mi\u0219care eficient\u0103 \u00een ambele direc\u021bii, permi\u021b\u00e2nd operatorilor s\u0103 se adapteze cu u\u0219urin\u021b\u0103 la diverse condi\u021bii de teren. Indiferent dac\u0103 navigheaz\u0103 pe pante, teren accidentat sau spa\u021bii \u00eenguste, aceast\u0103 capacitate de direc\u021bie dual\u0103 \u00eembun\u0103t\u0103\u021be\u0219te manevrabilitatea \u0219i eficien\u021ba general\u0103. Drept urmare, fermierii pot acoperi mai mult teren \u00een mai pu\u021bin timp, men\u021bin\u00e2nd niveluri ridicate de productivitate chiar \u0219i \u00een medii agricole dificile.<\/p>\n<h4><strong>Precizie excep\u021bional\u0103<\/strong><\/h4>\n<p>Echipat cu un sistem hidraulic avansat, cilindrul trasator bidirec\u021bional ofer\u0103 o precizie remarcabil\u0103 \u00een controlul at\u00e2t al ad\u00e2ncimii, c\u00e2t \u0219i al unghiului. Aceast\u0103 precizie este crucial\u0103 pentru plasarea eficient\u0103 a semin\u021belor, asigur\u00e2nd c\u0103 semin\u021bele sunt sem\u0103nate la ad\u00e2ncimea optim\u0103 pentru germinare. Mai mult, ajust\u0103rile precise \u00eembun\u0103t\u0103\u021besc aerarea solului, esen\u021bial\u0103 pentru dezvoltarea s\u0103n\u0103toas\u0103 a r\u0103d\u0103cinilor. Aceast\u0103 aten\u021bie la detalii \u00eembun\u0103t\u0103\u021be\u0219te calitatea general\u0103 a procesului de plantare, duc\u00e2nd la rezultate mai bune ale culturilor \u0219i la randamente sporite.<\/p>\n<h4><strong>Construc\u021bie durabil\u0103<\/strong><\/h4>\n<p>Construit din materiale de \u00eenalt\u0103 calitate, cilindrul trasator bidirec\u021bional este conceput pentru a rezista cerin\u021belor condi\u021biilor agricole dure. Designul s\u0103u robust rezist\u0103 uzurii, oferind performan\u021be fiabile pe tot parcursul sezonului agricol. Aceast\u0103 durabilitate reduce necesitatea \u00eenlocuirilor frecvente, economisind fermierilor at\u00e2t timp, c\u00e2t \u0219i bani. Concentr\u00e2ndu-se pe longevitate, cilindrul permite cultivatorilor s\u0103 se concentreze asupra culturilor lor f\u0103r\u0103 a-\u0219i face griji cu privire la defec\u021biunile echipamentelor.<\/p>\n<h4><strong>Instalare u\u0219or de utilizat<\/strong><\/h4>\n<p>Conceput av\u00e2nd \u00een vedere confortul, cilindrul trasator bidirec\u021bional ofer\u0103 un proces de instalare simplu. Fermierii \u00eel pot integra cu u\u0219urin\u021b\u0103 \u00een ma\u0219inile lor existente de prelucrare direct\u0103 a solului, f\u0103r\u0103 modific\u0103ri extinse. Aceast\u0103 u\u0219urin\u021b\u0103 \u00een instalare minimizeaz\u0103 timpul de nefunc\u021bionare, permi\u021b\u00e2nd fermierilor s\u0103 \u00ee\u0219i reia rapid opera\u021biunile. Cu mai pu\u021bin timp petrecut cu configurarea, cultivatorii se pot concentra pe maximizarea productivit\u0103\u021bii \u0219i pe respectarea programelor agricole.<\/p>\n<h4><strong>Perturbare minim\u0103 a solului<\/strong><\/h4>\n<p>Designul cilindrului trasator bidirec\u021bional reduce semnificativ perturbarea solului \u00een timpul func\u021bion\u0103rii. Prin p\u0103strarea structurii solului \u0219i a nivelului de umiditate, aceast\u0103 caracteristic\u0103 promoveaz\u0103 o mai bun\u0103 dezvoltare a r\u0103d\u0103cinilor \u0219i s\u0103n\u0103tatea general\u0103 a culturilor. \u00cen plus, reducerea perturb\u0103rilor solului ajut\u0103 la men\u021binerea microorganismelor benefice, contribuind la \u00eembun\u0103t\u0103\u021birea fertilit\u0103\u021bii solului. Aceast\u0103 abordare atent\u0103 a gestion\u0103rii solului sus\u021bine practicile agricole durabile \u0219i asigur\u0103 viabilitatea pe termen lung a terenului.<\/p>\n<p>\u00cen concluzie, cilindrul trasator bidirec\u021bional exceleaz\u0103 prin func\u021bionarea sa versatil\u0103 \u00een dou\u0103 direc\u021bii, precizia excep\u021bional\u0103, construc\u021bia durabil\u0103, instalarea u\u0219oar\u0103 \u0219i perturbarea minim\u0103 a solului. Fiecare dintre aceste caracteristici \u00eembun\u0103t\u0103\u021be\u0219te experien\u021ba agricol\u0103, f\u0103c\u00e2ndu-l un instrument indispensabil pentru practicile agricole moderne.<\/p>\n<h2><strong>Cilindru trasator bidirec\u021bional pentru ma\u0219ini f\u0103r\u0103 arare Model aplicabil:<\/strong><\/h2>\n<h1 style=\"text-align: center;\"><strong><img loading=\"lazy\" decoding=\"async\" class=\"alignnone size-full wp-image-17284\" src=\"https:\/\/www.hydraulic-cylinders.net\/wp-content\/uploads\/2025\/03\/hydraulic-cylinders-for-no-tillage-machines-2.webp\" alt=\"\" width=\"2312\" height=\"600\" srcset=\"https:\/\/www.hydraulic-cylinders.net\/wp-content\/uploads\/2025\/03\/hydraulic-cylinders-for-no-tillage-machines-2.webp 2312w, https:\/\/www.hydraulic-cylinders.net\/wp-content\/uploads\/2025\/03\/hydraulic-cylinders-for-no-tillage-machines-2-1280x332.webp 1280w, https:\/\/www.hydraulic-cylinders.net\/wp-content\/uploads\/2025\/03\/hydraulic-cylinders-for-no-tillage-machines-2-980x254.webp 980w, https:\/\/www.hydraulic-cylinders.net\/wp-content\/uploads\/2025\/03\/hydraulic-cylinders-for-no-tillage-machines-2-480x125.webp 480w\" sizes=\"(min-width: 0px) and (max-width: 480px) 480px, (min-width: 481px) and (max-width: 980px) 980px, (min-width: 981px) and (max-width: 1280px) 1280px, (min-width: 1281px) 2312px, 100vw\" \/><\/strong><\/h1>\n<h2><strong>Cum \u00eembun\u0103t\u0103\u021be\u0219te func\u021bionarea \u00een dou\u0103 direc\u021bii a cilindrului de trasare bidirec\u021bional eficien\u021ba agricol\u0103?<\/strong><\/h2>\n<p>Func\u021bionarea bidirec\u021bional\u0103 a cilindrului trasator bidirec\u021bional \u00eembun\u0103t\u0103\u021be\u0219te semnificativ eficien\u021ba agricol\u0103 prin c\u00e2teva avantaje cheie:<\/p>\n<h4><strong>Manevrabilitate sporit\u0103<\/strong>:<\/h4>\n<p>Capacitatea de a se deplasa at\u00e2t \u00eenainte, c\u00e2t \u0219i \u00eenapoi permite operatorilor s\u0103 navigheze cu u\u0219urin\u021b\u0103 pe diverse terenuri. Aceast\u0103 flexibilitate este deosebit de benefic\u0103 \u00een c\u00e2mpurile cu pante, suprafe\u021be neuniforme sau spa\u021bii \u00eenguste, unde echipamentele tradi\u021bionale unidirec\u021bionale se pot confrunta cu dificult\u0103\u021bi. Prin reducerea necesit\u0103\u021bii de repozi\u021bionare constant\u0103, fermierii pot men\u021bine un flux de lucru constant, asigur\u00e2ndu-se c\u0103 fiecare centimetru al c\u00e2mpului este gestionat eficient.<\/p>\n<h4><strong>Economii de timp<\/strong>:<\/h4>\n<p>Cu capacitatea de a lucra \u00een direc\u021bie dubl\u0103, fermierii pot acoperi mai mult teren \u00een mai pu\u021bin timp. Aceast\u0103 caracteristic\u0103 minimizeaz\u0103 timpul petrecut cu virajele \u0219i ajust\u0103rile, permi\u021b\u00e2nd o func\u021bionare continu\u0103. Drept urmare, durata total\u0103 a sarcinilor de preg\u0103tire a solului \u0219i de plantare este redus\u0103 semnificativ, permi\u021b\u00e2nd fermierilor s\u0103 \u00ee\u0219i finalizeze munca mai eficient \u0219i s\u0103 aloce timp pentru alte activit\u0103\u021bi agricole esen\u021biale.<\/p>\n<h4><strong>Productivitate \u00eembun\u0103t\u0103\u021bit\u0103<\/strong>:<\/h4>\n<p>Tranzi\u021bia f\u0103r\u0103 probleme \u00eentre direc\u021bii faciliteaz\u0103 fluxuri de lucru mai fluide \u0219i reduce \u00eentreruperile. Aceast\u0103 eficien\u021b\u0103 este crucial\u0103 \u00een timpul sezoanelor de v\u00e2rf de plantare, c\u00e2nd fiecare moment conteaz\u0103. Prin maximizarea eficien\u021bei fiec\u0103rei treceri prin c\u00e2mp, fermierii pot ob\u021bine niveluri de produc\u021bie mai mari, asigur\u00e2ndu-se c\u0103 respect\u0103 termenele limit\u0103 de plantare \u0219i optimizeaz\u0103 randamentele culturilor.<\/p>\n<h4><strong>\u00cembun\u0103t\u0103\u021birea gestion\u0103rii solului<\/strong>:<\/h4>\n<p>Designul cilindrului trasator bidirec\u021bional minimizeaz\u0103 perturbarea solului \u00een timpul func\u021bion\u0103rii, ceea ce este vital pentru men\u021binerea s\u0103n\u0103t\u0103\u021bii solului. Prin p\u0103strarea structurii solului \u0219i a nivelului de umiditate, aceast\u0103 caracteristic\u0103 promoveaz\u0103 o mai bun\u0103 dezvoltare a r\u0103d\u0103cinilor \u0219i vitalitatea general\u0103 a culturilor. \u00cen plus, reducerea perturb\u0103rii solului ajut\u0103 la men\u021binerea microorganismelor benefice din sol, contribuind la o fertilitate sporit\u0103 \u0219i la practici agricole sustenabile.<\/p>\n<p>\u00cen concluzie, func\u021bionarea \u00een dou\u0103 direc\u021bii a cilindrului trasator bidirec\u021bional nu numai c\u0103 eficientizeaz\u0103 procesele agricole, dar sus\u021bine \u0219i o mai bun\u0103 gestionare a solului, ceea ce duce la o productivitate \u00eembun\u0103t\u0103\u021bit\u0103 \u0219i la sustenabilitate pe termen lung \u00een practicile agricole.<\/p>\n<h2><strong>Echipament de testare:<\/strong><\/h2>\n<p><strong><img loading=\"lazy\" decoding=\"async\" class=\"alignnone size-full wp-image-17293\" src=\"https:\/\/www.hydraulic-cylinders.net\/wp-content\/uploads\/2025\/03\/test-equipment.webp-2.webp\" alt=\"\" width=\"1932\" height=\"1741\" srcset=\"https:\/\/www.hydraulic-cylinders.net\/wp-content\/uploads\/2025\/03\/test-equipment.webp-2.webp 1932w, https:\/\/www.hydraulic-cylinders.net\/wp-content\/uploads\/2025\/03\/test-equipment.webp-2-1280x1153.webp 1280w, https:\/\/www.hydraulic-cylinders.net\/wp-content\/uploads\/2025\/03\/test-equipment.webp-2-980x883.webp 980w, https:\/\/www.hydraulic-cylinders.net\/wp-content\/uploads\/2025\/03\/test-equipment.webp-2-480x433.webp 480w\" sizes=\"(min-width: 0px) and (max-width: 480px) 480px, (min-width: 481px) and (max-width: 980px) 980px, (min-width: 981px) and (max-width: 1280px) 1280px, (min-width: 1281px) 1932px, 100vw\" \/><\/strong><\/p>\n<ul>\n<li>1: Camer\u0103 de testare cu pulverizare salin\u0103<\/li>\n<li>2: Analiza chimic\u0103<\/li>\n<li>3: Ma\u0219in\u0103 de testare la trac\u021biune<\/li>\n<li>4: Aparat de testare a durit\u0103\u021bii Rockwell<\/li>\n<li>5: Ma\u0219in\u0103 de testare a cur\u0103\u021beniei<\/li>\n<li>6: Aparat de testare a durit\u0103\u021bii la recul TH110<\/li>\n<li>7: Indicator de grosime a stratului de acoperire<\/li>\n<li>8: Testul de impact al pendulului<\/li>\n<\/ul>\n<p><img loading=\"lazy\" decoding=\"async\" class=\"alignnone size-full wp-image-17292\" src=\"https:\/\/www.hydraulic-cylinders.net\/wp-content\/uploads\/2025\/03\/test-equipment.webp-1.webp\" alt=\"\" width=\"1600\" height=\"1216\" srcset=\"https:\/\/www.hydraulic-cylinders.net\/wp-content\/uploads\/2025\/03\/test-equipment.webp-1.webp 1600w, https:\/\/www.hydraulic-cylinders.net\/wp-content\/uploads\/2025\/03\/test-equipment.webp-1-1280x973.webp 1280w, https:\/\/www.hydraulic-cylinders.net\/wp-content\/uploads\/2025\/03\/test-equipment.webp-1-980x745.webp 980w, https:\/\/www.hydraulic-cylinders.net\/wp-content\/uploads\/2025\/03\/test-equipment.webp-1-480x365.webp 480w\" sizes=\"(min-width: 0px) and (max-width: 480px) 480px, (min-width: 481px) and (max-width: 980px) 980px, (min-width: 981px) and (max-width: 1280px) 1280px, (min-width: 1281px) 1600px, 100vw\" \/><\/p>\n<p>Compania noastr\u0103 consider\u0103 calitatea drept fundamentul succesului nostru. Pentru a men\u021bine acest angajament, am investit \u00een echipamente de testare \u0219i laborator de ultim\u0103 genera\u021bie, sus\u021binute de o echip\u0103 de profesioni\u0219ti cu \u00eenalt\u0103 calificare \u00een \u0219tiin\u021b\u0103 \u0219i tehnologie.<\/p>\n<p>Men\u021binem un sistem riguros de management al calit\u0103\u021bii, care respect\u0103 standardele industriei, asigur\u00e2ndu-ne c\u0103 fiecare lot de produse pe care \u00eel producem \u00eendepline\u0219te cele mai \u00eenalte criterii de calitate. Prin standardizarea opera\u021biunilor noastre \u0219i monitorizarea continu\u0103 a proceselor noastre, ne asigur\u0103m c\u0103 clien\u021bii no\u0219tri primesc doar ce e mai bun.<\/p>\n<p>Aceast\u0103 dedicare constant\u0103 fa\u021b\u0103 de calitate nu numai c\u0103 spore\u0219te fiabilitatea produselor noastre, dar construie\u0219te \u0219i \u00eencredere \u0219i satisfac\u021bie \u00een r\u00e2ndul clien\u021bilor no\u0219tri. Credem c\u0103, prioritiz\u00e2nd excelen\u021ba \u00een fiecare aspect al produc\u021biei noastre, contribuim la succesul partenerilor no\u0219tri \u0219i al industriei \u00een ansamblu. \u00cempreun\u0103, ne propunem inova\u021bie \u0219i calitate care s\u0103 reziste \u00een timp.<\/p>\n<h2><strong>Locul de produc\u021bie al cilindrilor hidraulici:<\/strong><\/h2>\n<p>Compania noastr\u0103 este un produc\u0103tor de top specializat \u00een cilindri hidraulici, sus\u021binut de propriile noastre capacit\u0103\u021bi independente de cercetare, dezvoltare \u0219i proiectare. Cu o unitate de ultim\u0103 genera\u021bie care g\u0103zduie\u0219te peste 170 de ma\u0219ini-unelte generale, ma\u0219ini CNC, centre de prelucrare, echipamente de sudur\u0103 \u0219i unelte specializate de testare \u0219i inspec\u021bie, suntem bine echipa\u021bi pentru a satisface diverse cerin\u021be industriale.<\/p>\n<p>Prin ani de expertiz\u0103 tehnologic\u0103 acumulat\u0103 \u0219i rafinare a proceselor, am stabilit un proces de produc\u021bie matur care integreaz\u0103 perfect cercetarea \u0219i dezvoltarea cu produc\u021bia. Aceast\u0103 integrare a devenit principalul nostru avantaj competitiv, permi\u021b\u00e2ndu-ne s\u0103 proiect\u0103m \u0219i s\u0103 producem o gam\u0103 larg\u0103 de cilindri hidraulici personaliza\u021bi pentru a satisface cerin\u021bele specifice ale clien\u021bilor.<\/p>\n<p>Produsele noastre sunt utilizate pe scar\u0103 larg\u0103 \u00een diverse sectoare, inclusiv utilaje agricole, echipamente de construc\u021bii, vehicule, inginerie rutier\u0103 \u0219i utilaje specializate. Suntem m\u00e2ndri s\u0103 oferim asisten\u021b\u0103 numero\u0219i produc\u0103tori de echipamente originale (OEM), inclusiv Bonong Xingda, Bojin Hummer, Jilin Ruifeng, Debang Dawei, Shandong Yineng Heavy Industry, Tai'an Modern Heavy Industry \u0219i Shifeng Group, printre al\u021bii.<\/p>\n<p><img loading=\"lazy\" decoding=\"async\" class=\"alignnone size-full wp-image-17290\" src=\"https:\/\/www.hydraulic-cylinders.net\/wp-content\/uploads\/2025\/03\/production-site-1.webp\" alt=\"\" width=\"1971\" height=\"2253\" srcset=\"https:\/\/www.hydraulic-cylinders.net\/wp-content\/uploads\/2025\/03\/production-site-1.webp 1971w, https:\/\/www.hydraulic-cylinders.net\/wp-content\/uploads\/2025\/03\/production-site-1-1280x1463.webp 1280w, https:\/\/www.hydraulic-cylinders.net\/wp-content\/uploads\/2025\/03\/production-site-1-980x1120.webp 980w, https:\/\/www.hydraulic-cylinders.net\/wp-content\/uploads\/2025\/03\/production-site-1-480x549.webp 480w\" sizes=\"(min-width: 0px) and (max-width: 480px) 480px, (min-width: 481px) and (max-width: 980px) 980px, (min-width: 981px) and (max-width: 1280px) 1280px, (min-width: 1281px) 1971px, 100vw\" \/><\/p>\n<p>Ne dedic\u0103m furniz\u0103rii de servicii excep\u021bionale printr-o politic\u0103 solid\u0103 de calitate, care prioritizeaz\u0103 inova\u021bia continu\u0103 \u00een cercetare \u0219i dezvoltare, management, controlul calit\u0103\u021bii \u0219i serviciul clien\u021bi. Angajamentul nostru fa\u021b\u0103 de calitate a fost recunoscut prin certificarea ISO\/TS16949, care garanteaz\u0103 c\u0103 nu numai c\u0103 \u00eendeplinim, dar \u0219i dep\u0103\u0219im \u00een mod constant a\u0219tept\u0103rile clien\u021bilor no\u0219tri.<\/p>\n<p>Privind \u00een perspectiv\u0103, vom continua s\u0103 ne dezvolt\u0103m tehnologia \u0219i s\u0103 ne extindem capacit\u0103\u021bile, av\u00e2nd \u00eentotdeauna ca scop furnizarea de produse \u0219i servicii de cea mai \u00eenalt\u0103 calitate clien\u021bilor no\u0219tri. \u00cempreun\u0103, construim o mo\u0219tenire de excelen\u021b\u0103 \u00een industria cilindrilor hidraulici.<\/p>\n<p><strong>\u00a0<\/strong><\/p>","protected":false},"excerpt":{"rendered":"<p>BI-Directional Scriber Cylinder For No Tillage Machines The BI-Directional Scriber Cylinder is a crucial component for no-tillage machines, significantly enhancing their effectiveness in soil preparation and planting. This innovative cylinder allows for precise and versatile soil management, enabling farmers to create optimal planting conditions while preserving the soil structure. By leveraging advanced hydraulic technology, the [&hellip;]<\/p>","protected":false},"featured_media":17303,"comment_status":"open","ping_status":"closed","template":"","meta":{"_et_pb_use_builder":"","_et_pb_old_content":"","_et_gb_content_width":""},"product_brand":[],"product_cat":[1550,1530,1376],"product_tag":[],"class_list":{"0":"post-17332","1":"product","2":"type-product","3":"status-publish","4":"has-post-thumbnail","6":"product_cat-double-acting-hydraulic-cylinder","7":"product_cat-no-tillage-machinery-hydraulic-cylinders","8":"product_cat-hydraulic-cylinder","10":"first","11":"instock","12":"shipping-taxable","13":"product-type-simple"},"amp_enabled":true,"_links":{"self":[{"href":"https:\/\/www.hydraulic-cylinders.net\/ro\/wp-json\/wp\/v2\/product\/17332","targetHints":{"allow":["GET"]}}],"collection":[{"href":"https:\/\/www.hydraulic-cylinders.net\/ro\/wp-json\/wp\/v2\/product"}],"about":[{"href":"https:\/\/www.hydraulic-cylinders.net\/ro\/wp-json\/wp\/v2\/types\/product"}],"replies":[{"embeddable":true,"href":"https:\/\/www.hydraulic-cylinders.net\/ro\/wp-json\/wp\/v2\/comments?post=17332"}],"wp:featuredmedia":[{"embeddable":true,"href":"https:\/\/www.hydraulic-cylinders.net\/ro\/wp-json\/wp\/v2\/media\/17303"}],"wp:attachment":[{"href":"https:\/\/www.hydraulic-cylinders.net\/ro\/wp-json\/wp\/v2\/media?parent=17332"}],"wp:term":[{"taxonomy":"product_brand","embeddable":true,"href":"https:\/\/www.hydraulic-cylinders.net\/ro\/wp-json\/wp\/v2\/product_brand?post=17332"},{"taxonomy":"product_cat","embeddable":true,"href":"https:\/\/www.hydraulic-cylinders.net\/ro\/wp-json\/wp\/v2\/product_cat?post=17332"},{"taxonomy":"product_tag","embeddable":true,"href":"https:\/\/www.hydraulic-cylinders.net\/ro\/wp-json\/wp\/v2\/product_tag?post=17332"}],"curies":[{"name":"wp","href":"https:\/\/api.w.org\/{rel}","templated":true}]}}