{"id":17336,"date":"2025-03-07T08:15:05","date_gmt":"2025-03-07T08:15:05","guid":{"rendered":"https:\/\/www.hydraulic-cylinders.net\/?post_type=product&#038;p=17336"},"modified":"2025-04-11T03:04:56","modified_gmt":"2025-04-11T03:04:56","slug":"unidirectional-scriber-cylinder-for-no-tillage-machines","status":"publish","type":"product","link":"https:\/\/www.hydraulic-cylinders.net\/ro\/produs\/unidirectional-scriber-cylinder-for-no-tillage-machines\/","title":{"rendered":"Cilindru de trasare unidirec\u021bional pentru ma\u0219ini f\u0103r\u0103 arare"},"content":{"rendered":"<h1 style=\"text-align: center;\"><strong>Cilindru de trasare unidirec\u021bional pentru ma\u0219ini f\u0103r\u0103 arare<\/strong><\/h1>\n<h1 style=\"text-align: center;\"><strong><img loading=\"lazy\" decoding=\"async\" class=\"alignnone wp-image-17299\" src=\"https:\/\/www.hydraulic-cylinders.net\/wp-content\/uploads\/2025\/03\/unidirectional-scriber-cylinder-1.webp\" alt=\"\" width=\"500\" height=\"521\" srcset=\"https:\/\/www.hydraulic-cylinders.net\/wp-content\/uploads\/2025\/03\/unidirectional-scriber-cylinder-1.webp 500w, https:\/\/www.hydraulic-cylinders.net\/wp-content\/uploads\/2025\/03\/unidirectional-scriber-cylinder-1-480x500.webp 480w\" sizes=\"(min-width: 0px) and (max-width: 480px) 480px, (min-width: 481px) 500px, 100vw\" \/><br \/>\n<\/strong><\/h1>\n<p>Cilindrul unidirec\u021bional de trasare este o component\u0103 esen\u021bial\u0103 special conceput\u0103 pentru ma\u0219inile de prelucrare direct\u0103 a solului. Acest instrument inovator \u00eembun\u0103t\u0103\u021be\u0219te semnificativ procesele de preg\u0103tire a solului \u0219i de plantare, permi\u021b\u00e2nd fermierilor s\u0103 creeze condi\u021bii optime de plantare cu o eficien\u021b\u0103 mai mare. Prin minimizarea perturb\u0103rii solului, cilindrul unidirec\u021bional de trasare joac\u0103 un rol crucial \u00een conservarea structurii solului \u0219i a nivelului de umiditate, care sunt vitale pentru promovarea unei cre\u0219teri s\u0103n\u0103toase a culturilor. Designul \u0219i func\u021bionalitatea sa avansat\u0103 \u00eel fac un atu valoros \u00een practicile agricole moderne.<\/p>\n<p>Fiind un instrument indispensabil pentru opera\u021biunile de arare direct\u0103, cilindrul unidirec\u021bional Scriber \u00eembun\u0103t\u0103\u021be\u0219te at\u00e2t precizia, c\u00e2t \u0219i eficien\u021ba \u00een gestionarea solului. Construc\u021bia sa robust\u0103 asigur\u0103 durabilitate, \u00een timp ce procesul simplu de instalare permite integrarea rapid\u0103 \u00een utilajele existente. Prin reducerea perturb\u0103rilor solului, acesta sus\u021bine practicile agricole durabile \u0219i ajut\u0103 fermierii s\u0103 ob\u021bin\u0103 condi\u021bii ideale de plantare.<\/p>\n<p>Respectarea instruc\u021biunilor corecte de utilizare \u0219i \u00eentre\u021binere asigur\u0103 o performan\u021b\u0103 fiabil\u0103, duc\u00e2nd \u00een cele din urm\u0103 la randamente \u00eembun\u0103t\u0103\u021bite \u0219i rezultate agricole de succes. Investi\u021bia \u00eentr-un cilindru trasator unidirec\u021bional este o decizie \u00een\u021beleapt\u0103 pentru orice opera\u021biune agricol\u0103 care \u00ee\u0219i propune s\u0103 sporeasc\u0103 productivitatea \u0219i eficien\u021ba opera\u021bional\u0103.<\/p>\n<h2><strong>Cilindru de trasare unidirec\u021bional pentru ma\u0219ini f\u0103r\u0103 arare Parametru:<\/strong><\/h2>\n<h1 style=\"text-align: center;\"><strong><img loading=\"lazy\" decoding=\"async\" class=\"alignnone size-full wp-image-17283\" src=\"https:\/\/www.hydraulic-cylinders.net\/wp-content\/uploads\/2025\/03\/hydraulic-cylinders-for-no-tillage-machines-parameter-1.webp\" alt=\"\" width=\"2237\" height=\"1271\" srcset=\"https:\/\/www.hydraulic-cylinders.net\/wp-content\/uploads\/2025\/03\/hydraulic-cylinders-for-no-tillage-machines-parameter-1.webp 2237w, https:\/\/www.hydraulic-cylinders.net\/wp-content\/uploads\/2025\/03\/hydraulic-cylinders-for-no-tillage-machines-parameter-1-1280x727.webp 1280w, https:\/\/www.hydraulic-cylinders.net\/wp-content\/uploads\/2025\/03\/hydraulic-cylinders-for-no-tillage-machines-parameter-1-980x557.webp 980w, https:\/\/www.hydraulic-cylinders.net\/wp-content\/uploads\/2025\/03\/hydraulic-cylinders-for-no-tillage-machines-parameter-1-480x273.webp 480w\" sizes=\"(min-width: 0px) and (max-width: 480px) 480px, (min-width: 481px) and (max-width: 980px) 980px, (min-width: 981px) and (max-width: 1280px) 1280px, (min-width: 1281px) 2237px, 100vw\" \/><\/strong><\/h1>\n<h2><strong>Cilindru de trasare unidirec\u021bional pentru ma\u0219ini f\u0103r\u0103 aratur\u0103 Aplica\u021bie:<\/strong><\/h2>\n<p><img loading=\"lazy\" decoding=\"async\" class=\"alignnone size-full wp-image-17282\" src=\"https:\/\/www.hydraulic-cylinders.net\/wp-content\/uploads\/2025\/03\/hydraulic-cylinders-for-no-tillage-machines-application-1.webp\" alt=\"\" width=\"2273\" height=\"976\" srcset=\"https:\/\/www.hydraulic-cylinders.net\/wp-content\/uploads\/2025\/03\/hydraulic-cylinders-for-no-tillage-machines-application-1.webp 2273w, https:\/\/www.hydraulic-cylinders.net\/wp-content\/uploads\/2025\/03\/hydraulic-cylinders-for-no-tillage-machines-application-1-1280x550.webp 1280w, https:\/\/www.hydraulic-cylinders.net\/wp-content\/uploads\/2025\/03\/hydraulic-cylinders-for-no-tillage-machines-application-1-980x421.webp 980w, https:\/\/www.hydraulic-cylinders.net\/wp-content\/uploads\/2025\/03\/hydraulic-cylinders-for-no-tillage-machines-application-1-480x206.webp 480w\" sizes=\"(min-width: 0px) and (max-width: 480px) 480px, (min-width: 481px) and (max-width: 980px) 980px, (min-width: 981px) and (max-width: 1280px) 1280px, (min-width: 1281px) 2273px, 100vw\" \/><\/p>\n<h2><strong>Cilindru trasator unidirec\u021bional pentru ma\u0219ini de prelucrat f\u0103r\u0103 arare Caracteristici cheie:<\/strong><\/h2>\n<h4><strong>Func\u021bionare unidirec\u021bional\u0103 simplificat\u0103<\/strong><\/h4>\n<p>Designul unidirec\u021bional al cilindrului trasator faciliteaz\u0103 mi\u0219carea eficient\u0103 \u00eentr-o singur\u0103 direc\u021bie, ceea ce \u00eel face deosebit de eficient pentru sarcini simple de plantare \u0219i gestionare a solului. Aceast\u0103 opera\u021biune concentrat\u0103 simplific\u0103 experien\u021ba utilizatorului, permi\u021b\u00e2nd operatorilor s\u0103 se concentreze pe ob\u021binerea unor rezultate consecvente \u0219i precise. Prin reducerea complexit\u0103\u021bii manevrelor, fermierii pot spori productivitatea, pot men\u021bine un flux de lucru constant \u0219i pot minimiza riscul erorilor opera\u021bionale.<\/p>\n<h4><strong>Construc\u021bie robust\u0103 \u0219i fiabil\u0103<\/strong><\/h4>\n<p>Fabricat din materiale premium, cilindrul unidirec\u021bional Scriber este conceput pentru a face fa\u021b\u0103 provoc\u0103rilor mediilor agricole dure. Construc\u021bia sa robust\u0103 rezist\u0103 uzurii, asigur\u00e2nd performan\u021be fiabile pe tot parcursul sezonului agricol. Aceast\u0103 durabilitate se traduce prin mai pu\u021bine repara\u021bii \u0219i \u00eenlocuiri, permi\u021b\u00e2nd fermierilor s\u0103 economiseasc\u0103 timp \u0219i bani, bucur\u00e2ndu-se \u00een acela\u0219i timp de o unealt\u0103 fiabil\u0103. Designul durabil insufl\u0103 \u00eencredere, \u0219tiind c\u0103 poate satisface cerin\u021bele zilnice ale opera\u021biunilor agricole.<\/p>\n<h4><strong>Precizie \u0219i control \u00eembun\u0103t\u0103\u021bite<\/strong><\/h4>\n<p>Echipat cu un sistem hidraulic avansat, cilindrul unidirec\u021bional Scriber ofer\u0103 o precizie excep\u021bional\u0103 \u00een gestionarea at\u00e2t a ad\u00e2ncimii, c\u00e2t \u0219i a unghiului. Aceast\u0103 capacitate permite operatorilor s\u0103 fac\u0103 ajust\u0103ri precise adaptate condi\u021biilor specifice ale solului \u0219i nevoilor culturilor. O astfel de precizie este vital\u0103 pentru plasarea optim\u0103 a semin\u021belor, asigur\u00e2nd c\u0103 semin\u021bele sunt sem\u0103nate la ad\u00e2ncimea ideal\u0103 pentru o germinare eficient\u0103. Aerarea \u00eembun\u0103t\u0103\u021bit\u0103 a solului, datorit\u0103 ajust\u0103rilor precise, sus\u021bine \u00een continuare dezvoltarea robust\u0103 a culturilor, duc\u00e2nd la plante mai s\u0103n\u0103toase \u0219i randamente sporite.<\/p>\n<h4><strong>Instalare f\u0103r\u0103 efort<\/strong><\/h4>\n<p>Conceput av\u00e2nd \u00een vedere confortul utilizatorului, cilindrul unidirec\u021bional Scriber dispune de un proces de instalare simplu. Fermierii \u00eel pot integra perfect \u00een ma\u0219inile lor existente de prelucrare direct\u0103 a solului, cu un efort sau o expertiz\u0103 tehnic\u0103 minim\u0103. Acest aspect u\u0219or de utilizat reduce semnificativ timpul de nefunc\u021bionare, permi\u021b\u00e2nd reluarea rapid\u0103 a opera\u021biunilor agricole, f\u0103r\u0103 \u00eent\u00e2rzieri. Prin minimizarea timpului de configurare, fermierii se pot concentra pe maximizarea productivit\u0103\u021bii \u0219i adaptarea la cerin\u021bele dinamice ale programelor lor agricole.<\/p>\n<h4><strong>Perturbare minim\u0103 a solului<\/strong><\/h4>\n<p>Designul inovator al cilindrului unidirec\u021bional Scriber minimizeaz\u0103 eficient perturbarea solului \u00een timpul func\u021bion\u0103rii. Prin p\u0103strarea structurii esen\u021biale a solului \u0219i a con\u021binutului de umiditate, aceast\u0103 caracteristic\u0103 favorizeaz\u0103 o mai bun\u0103 dezvoltare a r\u0103d\u0103cinilor, ceea ce este crucial pentru s\u0103n\u0103tatea culturilor. \u00cen plus, reducerea perturb\u0103rii solului ajut\u0103 la men\u021binerea microorganismelor benefice \u00een sol, sporind fertilitatea general\u0103 a solului. Aceast\u0103 abordare atent\u0103 a gestion\u0103rii solului sus\u021bine practicile agricole durabile \u0219i stimuleaz\u0103 s\u0103n\u0103tatea culturilor, duc\u00e2nd la cre\u0219terea randamentelor \u0219i la succesul agricol pe termen lung.<\/p>\n<p>\u00cen concluzie, cilindrul trasator unidirec\u021bional se remarc\u0103 prin func\u021bionarea sa unidirec\u021bional\u0103 simplificat\u0103, construc\u021bia robust\u0103, precizia sporit\u0103, instalarea u\u0219oar\u0103 \u0219i perturbarea minim\u0103 a solului. Aceste caracteristici \u00eel fac un instrument nepre\u021buit pentru practicile agricole moderne, permi\u021b\u00e2nd fermierilor s\u0103 realizeze o gestionare eficient\u0103 \u0219i eficace a solului, duc\u00e2nd \u00een cele din urm\u0103 la culturi mai s\u0103n\u0103toase \u0219i la o productivitate \u00eembun\u0103t\u0103\u021bit\u0103.<\/p>\n<h2><strong>Cilindru de trasare unidirec\u021bional pentru ma\u0219ini f\u0103r\u0103 arare Model aplicabil:<\/strong><\/h2>\n<h1 style=\"text-align: center;\"><strong><img loading=\"lazy\" decoding=\"async\" class=\"alignnone size-full wp-image-17284\" src=\"https:\/\/www.hydraulic-cylinders.net\/wp-content\/uploads\/2025\/03\/hydraulic-cylinders-for-no-tillage-machines-2.webp\" alt=\"\" width=\"2312\" height=\"600\" srcset=\"https:\/\/www.hydraulic-cylinders.net\/wp-content\/uploads\/2025\/03\/hydraulic-cylinders-for-no-tillage-machines-2.webp 2312w, https:\/\/www.hydraulic-cylinders.net\/wp-content\/uploads\/2025\/03\/hydraulic-cylinders-for-no-tillage-machines-2-1280x332.webp 1280w, https:\/\/www.hydraulic-cylinders.net\/wp-content\/uploads\/2025\/03\/hydraulic-cylinders-for-no-tillage-machines-2-980x254.webp 980w, https:\/\/www.hydraulic-cylinders.net\/wp-content\/uploads\/2025\/03\/hydraulic-cylinders-for-no-tillage-machines-2-480x125.webp 480w\" sizes=\"(min-width: 0px) and (max-width: 480px) 480px, (min-width: 481px) and (max-width: 980px) 980px, (min-width: 981px) and (max-width: 1280px) 1280px, (min-width: 1281px) 2312px, 100vw\" \/><\/strong><\/h1>\n<h2><strong>Cum \u00eembun\u0103t\u0103\u021be\u0219te cilindrul unidirec\u021bional Scriber s\u0103n\u0103tatea solului \u00een timpul plant\u0103rii?<\/strong><\/h2>\n<p>Cilindrul trasator unidirec\u021bional \u00eembun\u0103t\u0103\u021be\u0219te s\u0103n\u0103tatea solului \u00een timpul plant\u0103rii prin mai multe mecanisme cheie:<\/p>\n<h4><strong>Perturbare redus\u0103 a solului<\/strong>:<\/h4>\n<p>Designul s\u0103u specializat minimizeaz\u0103 perturbarea structurii solului, p\u0103str\u00e2nd aranjamentul natural al straturilor de sol. Aceast\u0103 conservare previne compactarea, permi\u021b\u00e2nd r\u0103d\u0103cinilor s\u0103 p\u0103trund\u0103 mai u\u0219or. Prin men\u021binerea integrit\u0103\u021bii acestor straturi, cilindrul asigur\u0103 re\u021binerea nutrien\u021bilor esen\u021biali \u0219i a umidit\u0103\u021bii \u00een sol, cre\u00e2nd un mediu mai favorabil pentru cre\u0219terea plantelor.<\/p>\n<h4><strong>Reten\u021bia umidit\u0103\u021bii<\/strong>:<\/h4>\n<p>Prin limitarea perturb\u0103rilor solului, cilindrul unidirec\u021bional Scriber ajut\u0103 la men\u021binerea nivelurilor de umiditate, esen\u021biale pentru germinarea semin\u021belor \u0219i dezvoltarea timpurie a plantelor. Acest lucru este deosebit de important \u00een condi\u021bii de secet\u0103, unde pierderea de umiditate poate \u00eempiedica stabilirea culturilor. Capacitatea de a men\u021bine umiditatea nu numai c\u0103 sus\u021bine cre\u0219terea ini\u021bial\u0103, dar spore\u0219te \u0219i rezisten\u021ba plantei la stresul cauzat de secet\u0103, mai t\u00e2rziu \u00een sezonul de cre\u0219tere.<\/p>\n<h4><strong>Activitate microbian\u0103 \u00eembun\u0103t\u0103\u021bit\u0103<\/strong>:<\/h4>\n<p>Designul cilindrului permite microorganismelor benefice din sol s\u0103 prospere, reduc\u00e2nd la minimum perturbarea habitatului lor. Popula\u021biile microbiene s\u0103n\u0103toase joac\u0103 un rol vital \u00een descompunerea materiei organice, reciclarea nutrien\u021bilor \u0219i \u00eembun\u0103t\u0103\u021birea fertilit\u0103\u021bii solului. Prin promovarea unei comunit\u0103\u021bi microbiene robuste, cilindrul unidirec\u021bional Scriber contribuie la o disponibilitate sporit\u0103 a nutrien\u021bilor, ceea ce sus\u021bine o cre\u0219tere mai puternic\u0103 \u0219i mai s\u0103n\u0103toas\u0103 a culturilor.<\/p>\n<h4><strong>Promoveaz\u0103 dezvoltarea r\u0103d\u0103cinilor<\/strong>:<\/h4>\n<p>Prin crearea unui mediu stabil \u00een sol, Cilindrul Unidirec\u021bional Scriber \u00eencurajeaz\u0103 o cre\u0219tere \u0219i o dezvoltare mai bun\u0103 a r\u0103d\u0103cinilor. Sistemele radiculare profunde \u0219i extinse sunt esen\u021biale pentru accesul la ap\u0103 \u0219i nutrien\u021bi, care sunt esen\u021biali pentru s\u0103n\u0103tatea plantelor. Dezvoltarea \u00eembun\u0103t\u0103\u021bit\u0103 a r\u0103d\u0103cinilor spore\u0219te, de asemenea, capacitatea plantei de a rezista la stresurile din mediu, cum ar fi seceta sau deficien\u021bele de nutrien\u021bi, duc\u00e2nd la culturi mai robuste.<\/p>\n<h4><strong>Aerarea solului<\/strong>:<\/h4>\n<p>Reglajele precise ale cilindrului faciliteaz\u0103 plasarea optim\u0103 a semin\u021belor \u0219i \u00eembun\u0103t\u0103\u021besc aerarea solului. Aerarea adecvat\u0103 este crucial\u0103 pentru respira\u021bia r\u0103d\u0103cinilor \u0219i s\u0103n\u0103tatea general\u0103 a ecosistemului solului. Prin promovarea unei mai bune circula\u021bii a aerului \u00een sol, cilindrul unidirec\u021bional Scriber sus\u021bine cre\u0219terea s\u0103n\u0103toas\u0103 a r\u0103d\u0103cinilor \u0219i spore\u0219te activitatea organismelor benefice din sol, contribuind \u00een continuare la un ecosistem agricol prosper.<\/p>\n<p>\u00cen concluzie, cilindrul trasator unidirec\u021bional joac\u0103 un rol vital \u00een \u00eembun\u0103t\u0103\u021birea s\u0103n\u0103t\u0103\u021bii solului \u00een timpul plant\u0103rii, prin reducerea perturb\u0103rilor solului, re\u021binerea umidit\u0103\u021bii, promovarea activit\u0103\u021bii microbiene, stimularea dezvolt\u0103rii r\u0103d\u0103cinilor \u0219i \u00eembun\u0103t\u0103\u021birea aer\u0103rii solului. Aceste beneficii combinate duc la soluri mai s\u0103n\u0103toase, randamente \u00eembun\u0103t\u0103\u021bite ale culturilor \u0219i practici agricole sustenabile.<\/p>\n<h2><strong>Echipament de testare:<\/strong><\/h2>\n<p><strong><img loading=\"lazy\" decoding=\"async\" class=\"alignnone size-full wp-image-17293\" src=\"https:\/\/www.hydraulic-cylinders.net\/wp-content\/uploads\/2025\/03\/test-equipment.webp-2.webp\" alt=\"\" width=\"1932\" height=\"1741\" srcset=\"https:\/\/www.hydraulic-cylinders.net\/wp-content\/uploads\/2025\/03\/test-equipment.webp-2.webp 1932w, https:\/\/www.hydraulic-cylinders.net\/wp-content\/uploads\/2025\/03\/test-equipment.webp-2-1280x1153.webp 1280w, https:\/\/www.hydraulic-cylinders.net\/wp-content\/uploads\/2025\/03\/test-equipment.webp-2-980x883.webp 980w, https:\/\/www.hydraulic-cylinders.net\/wp-content\/uploads\/2025\/03\/test-equipment.webp-2-480x433.webp 480w\" sizes=\"(min-width: 0px) and (max-width: 480px) 480px, (min-width: 481px) and (max-width: 980px) 980px, (min-width: 981px) and (max-width: 1280px) 1280px, (min-width: 1281px) 1932px, 100vw\" \/><\/strong><\/p>\n<ul>\n<li>1: Camer\u0103 de testare cu pulverizare salin\u0103<\/li>\n<li>2: Analiza chimic\u0103<\/li>\n<li>3: Ma\u0219in\u0103 de testare la trac\u021biune<\/li>\n<li>4: Aparat de testare a durit\u0103\u021bii Rockwell<\/li>\n<li>5: Ma\u0219in\u0103 de testare a cur\u0103\u021beniei<\/li>\n<li>6: Aparat de testare a durit\u0103\u021bii la recul TH110<\/li>\n<li>7: Indicator de grosime a stratului de acoperire<\/li>\n<li>8: Testul de impact al pendulului<\/li>\n<\/ul>\n<p><img loading=\"lazy\" decoding=\"async\" class=\"alignnone size-full wp-image-17292\" src=\"https:\/\/www.hydraulic-cylinders.net\/wp-content\/uploads\/2025\/03\/test-equipment.webp-1.webp\" alt=\"\" width=\"1600\" height=\"1216\" srcset=\"https:\/\/www.hydraulic-cylinders.net\/wp-content\/uploads\/2025\/03\/test-equipment.webp-1.webp 1600w, https:\/\/www.hydraulic-cylinders.net\/wp-content\/uploads\/2025\/03\/test-equipment.webp-1-1280x973.webp 1280w, https:\/\/www.hydraulic-cylinders.net\/wp-content\/uploads\/2025\/03\/test-equipment.webp-1-980x745.webp 980w, https:\/\/www.hydraulic-cylinders.net\/wp-content\/uploads\/2025\/03\/test-equipment.webp-1-480x365.webp 480w\" sizes=\"(min-width: 0px) and (max-width: 480px) 480px, (min-width: 481px) and (max-width: 980px) 980px, (min-width: 981px) and (max-width: 1280px) 1280px, (min-width: 1281px) 1600px, 100vw\" \/><\/p>\n<p>Compania noastr\u0103 consider\u0103 calitatea drept fundamentul succesului nostru. Pentru a men\u021bine acest angajament, am investit \u00een echipamente de testare \u0219i laborator de ultim\u0103 genera\u021bie, sus\u021binute de o echip\u0103 de profesioni\u0219ti cu \u00eenalt\u0103 calificare \u00een \u0219tiin\u021b\u0103 \u0219i tehnologie.<\/p>\n<p>Men\u021binem un sistem riguros de management al calit\u0103\u021bii, care respect\u0103 standardele industriei, asigur\u00e2ndu-ne c\u0103 fiecare lot de produse pe care \u00eel producem \u00eendepline\u0219te cele mai \u00eenalte criterii de calitate. Prin standardizarea opera\u021biunilor noastre \u0219i monitorizarea continu\u0103 a proceselor noastre, ne asigur\u0103m c\u0103 clien\u021bii no\u0219tri primesc doar ce e mai bun.<\/p>\n<p>Aceast\u0103 dedicare constant\u0103 fa\u021b\u0103 de calitate nu numai c\u0103 spore\u0219te fiabilitatea produselor noastre, dar construie\u0219te \u0219i \u00eencredere \u0219i satisfac\u021bie \u00een r\u00e2ndul clien\u021bilor no\u0219tri. Credem c\u0103, prioritiz\u00e2nd excelen\u021ba \u00een fiecare aspect al produc\u021biei noastre, contribuim la succesul partenerilor no\u0219tri \u0219i al industriei \u00een ansamblu. \u00cempreun\u0103, ne propunem inova\u021bie \u0219i calitate care s\u0103 reziste \u00een timp.<\/p>\n<h2><strong>Locul de produc\u021bie al cilindrilor hidraulici:<\/strong><\/h2>\n<p>Compania noastr\u0103 este un produc\u0103tor de top specializat \u00een cilindri hidraulici, sus\u021binut de propriile noastre capacit\u0103\u021bi independente de cercetare, dezvoltare \u0219i proiectare. Cu o unitate de ultim\u0103 genera\u021bie care g\u0103zduie\u0219te peste 170 de ma\u0219ini-unelte generale, ma\u0219ini CNC, centre de prelucrare, echipamente de sudur\u0103 \u0219i unelte specializate de testare \u0219i inspec\u021bie, suntem bine echipa\u021bi pentru a satisface diverse cerin\u021be industriale.<\/p>\n<p>Prin ani de expertiz\u0103 tehnologic\u0103 acumulat\u0103 \u0219i rafinare a proceselor, am stabilit un proces de produc\u021bie matur care integreaz\u0103 perfect cercetarea \u0219i dezvoltarea cu produc\u021bia. Aceast\u0103 integrare a devenit principalul nostru avantaj competitiv, permi\u021b\u00e2ndu-ne s\u0103 proiect\u0103m \u0219i s\u0103 producem o gam\u0103 larg\u0103 de cilindri hidraulici personaliza\u021bi pentru a satisface cerin\u021bele specifice ale clien\u021bilor.<\/p>\n<p>Produsele noastre sunt utilizate pe scar\u0103 larg\u0103 \u00een diverse sectoare, inclusiv utilaje agricole, echipamente de construc\u021bii, vehicule, inginerie rutier\u0103 \u0219i utilaje specializate. Suntem m\u00e2ndri s\u0103 oferim asisten\u021b\u0103 numero\u0219i produc\u0103tori de echipamente originale (OEM), inclusiv Bonong Xingda, Bojin Hummer, Jilin Ruifeng, Debang Dawei, Shandong Yineng Heavy Industry, Tai'an Modern Heavy Industry \u0219i Shifeng Group, printre al\u021bii.<\/p>\n<p><img loading=\"lazy\" decoding=\"async\" class=\"alignnone size-full wp-image-17290\" src=\"https:\/\/www.hydraulic-cylinders.net\/wp-content\/uploads\/2025\/03\/production-site-1.webp\" alt=\"\" width=\"1971\" height=\"2253\" srcset=\"https:\/\/www.hydraulic-cylinders.net\/wp-content\/uploads\/2025\/03\/production-site-1.webp 1971w, https:\/\/www.hydraulic-cylinders.net\/wp-content\/uploads\/2025\/03\/production-site-1-1280x1463.webp 1280w, https:\/\/www.hydraulic-cylinders.net\/wp-content\/uploads\/2025\/03\/production-site-1-980x1120.webp 980w, https:\/\/www.hydraulic-cylinders.net\/wp-content\/uploads\/2025\/03\/production-site-1-480x549.webp 480w\" sizes=\"(min-width: 0px) and (max-width: 480px) 480px, (min-width: 481px) and (max-width: 980px) 980px, (min-width: 981px) and (max-width: 1280px) 1280px, (min-width: 1281px) 1971px, 100vw\" \/><\/p>\n<p>Ne dedic\u0103m furniz\u0103rii de servicii excep\u021bionale printr-o politic\u0103 solid\u0103 de calitate, care prioritizeaz\u0103 inova\u021bia continu\u0103 \u00een cercetare \u0219i dezvoltare, management, controlul calit\u0103\u021bii \u0219i serviciul clien\u021bi. Angajamentul nostru fa\u021b\u0103 de calitate a fost recunoscut prin certificarea ISO\/TS16949, care garanteaz\u0103 c\u0103 nu numai c\u0103 \u00eendeplinim, dar \u0219i dep\u0103\u0219im \u00een mod constant a\u0219tept\u0103rile clien\u021bilor no\u0219tri.<\/p>\n<p>Privind \u00een perspectiv\u0103, vom continua s\u0103 ne dezvolt\u0103m tehnologia \u0219i s\u0103 ne extindem capacit\u0103\u021bile, av\u00e2nd \u00eentotdeauna ca scop furnizarea de produse \u0219i servicii de cea mai \u00eenalt\u0103 calitate clien\u021bilor no\u0219tri. \u00cempreun\u0103, construim o mo\u0219tenire de excelen\u021b\u0103 \u00een industria cilindrilor hidraulici.<\/p>","protected":false},"excerpt":{"rendered":"<p>Unidirectional Scriber Cylinder For No Tillage Machines The Unidirectional Scriber Cylinder is an essential component specifically engineered for no-tillage machines. This innovative tool significantly improves soil preparation and planting processes, enabling farmers to create optimal planting conditions with greater efficiency. By minimizing soil disruption, the Unidirectional Scriber Cylinder plays a crucial role in preserving soil [&hellip;]<\/p>","protected":false},"featured_media":17311,"comment_status":"open","ping_status":"closed","template":"","meta":{"_et_pb_use_builder":"","_et_pb_old_content":"","_et_gb_content_width":""},"product_brand":[],"product_cat":[1530,1549,1376],"product_tag":[],"class_list":{"0":"post-17336","1":"product","2":"type-product","3":"status-publish","4":"has-post-thumbnail","6":"product_cat-no-tillage-machinery-hydraulic-cylinders","7":"product_cat-single-acting-hydraulic-cylinder","8":"product_cat-hydraulic-cylinder","10":"first","11":"instock","12":"shipping-taxable","13":"product-type-simple"},"amp_enabled":true,"_links":{"self":[{"href":"https:\/\/www.hydraulic-cylinders.net\/ro\/wp-json\/wp\/v2\/product\/17336","targetHints":{"allow":["GET"]}}],"collection":[{"href":"https:\/\/www.hydraulic-cylinders.net\/ro\/wp-json\/wp\/v2\/product"}],"about":[{"href":"https:\/\/www.hydraulic-cylinders.net\/ro\/wp-json\/wp\/v2\/types\/product"}],"replies":[{"embeddable":true,"href":"https:\/\/www.hydraulic-cylinders.net\/ro\/wp-json\/wp\/v2\/comments?post=17336"}],"wp:featuredmedia":[{"embeddable":true,"href":"https:\/\/www.hydraulic-cylinders.net\/ro\/wp-json\/wp\/v2\/media\/17311"}],"wp:attachment":[{"href":"https:\/\/www.hydraulic-cylinders.net\/ro\/wp-json\/wp\/v2\/media?parent=17336"}],"wp:term":[{"taxonomy":"product_brand","embeddable":true,"href":"https:\/\/www.hydraulic-cylinders.net\/ro\/wp-json\/wp\/v2\/product_brand?post=17336"},{"taxonomy":"product_cat","embeddable":true,"href":"https:\/\/www.hydraulic-cylinders.net\/ro\/wp-json\/wp\/v2\/product_cat?post=17336"},{"taxonomy":"product_tag","embeddable":true,"href":"https:\/\/www.hydraulic-cylinders.net\/ro\/wp-json\/wp\/v2\/product_tag?post=17336"}],"curies":[{"name":"wp","href":"https:\/\/api.w.org\/{rel}","templated":true}]}}