{"id":1752,"date":"2023-10-13T02:41:02","date_gmt":"2023-10-13T02:41:02","guid":{"rendered":"https:\/\/hydraulic-cylinders.net\/?post_type=product&#038;p=1752"},"modified":"2025-04-15T05:55:30","modified_gmt":"2025-04-15T05:55:30","slug":"cutter-suction-dredger-traveling-cylinders","status":"publish","type":"product","link":"https:\/\/www.hydraulic-cylinders.net\/ro\/produs\/cutter-suction-dredger-traveling-cylinders\/","title":{"rendered":"Cilindri deplasabili cu drag\u0103 cu aspira\u021bie"},"content":{"rendered":"<h1 style=\"text-align: center;\"><strong>Cilindri deplasabili cu drag\u0103 cu aspira\u021bie<\/strong><\/h1>\n<p><img loading=\"lazy\" decoding=\"async\" class=\"aligncenter wp-image-1753\" src=\"https:\/\/hydraulic-cylinders.net\/wp-content\/uploads\/2023\/10\/cutter-suction-dredger-the-traveling-cylinders-1-300x300.webp\" alt=\"\" width=\"400\" height=\"400\" \/><\/p>\n<p>Cilindrii de deplasare ai dragei cu frez\u0103-aspira\u021bie sunt componente esen\u021biale ale opera\u021biunilor moderne de dragare. Concepu\u021bi pentru a spori eficien\u021ba \u0219i productivitatea, ace\u0219ti cilindri joac\u0103 un rol vital \u00een procesul de dragare cu frez\u0103-aspira\u021bie.<\/p>\n<p>Cilindrii de deplasare ai dragei cu frez\u0103-aspira\u021bie sunt componente indispensabile pentru opera\u021biuni de dragare eficiente \u0219i productive. Datorit\u0103 construc\u021biei lor robuste, mi\u0219c\u0103rii precise de deplasare, propulsiei puternice \u0219i capacit\u0103\u021bilor flexibile de reglare, ace\u0219ti cilindri permit o mi\u0219care lin\u0103 \u0219i precis\u0103 a dragei, optimiz\u00e2nd performan\u021ba drag\u0103rii. Respect\u00e2nd metodele de utilizare \u0219i practicile de \u00eentre\u021binere recomandate, operatorii pot maximiza performan\u021ba \u0219i longevitatea cilindrilor de deplasare, sporind \u00een cele din urm\u0103 eficien\u021ba \u0219i eficacitatea procesului de dragare cu frez\u0103-aspira\u021bie.<\/p>\n<p>Caracteristici cheie ale cilindrilor deplasabili ai dragei cu aspira\u021bie cu t\u0103ietor:<\/p>\n<ol>\n<li>Construc\u021bie robust\u0103:<\/li>\n<\/ol>\n<ul>\n<li>Cilindrii mobili sunt construi\u021bi din materiale de \u00eenalt\u0103 calitate, asigur\u00e2nd durabilitate \u0219i longevitate chiar \u0219i \u00een condi\u021bii dificile de dragare.<br \/>\nAcestea sunt proiectate s\u0103 reziste la presiuni ridicate, materiale abrazive \u0219i mi\u0219care constant\u0103, men\u021bin\u00e2nd performan\u021be constante pe tot parcursul opera\u021biunilor de dragare.<\/li>\n<\/ul>\n<ol start=\"2\">\n<li>Mi\u0219care precis\u0103 de deplasare:<\/li>\n<\/ol>\n<ul>\n<li>Ace\u0219ti cilindri ofer\u0103 un control precis asupra mi\u0219c\u0103rii de deplasare a dragei cu frez\u0103-aspira\u021bie, asigur\u00e2nd o pozi\u021bionare precis\u0103 \u0219i o mi\u0219care lin\u0103 \u00een timpul activit\u0103\u021bilor de dragare.<\/li>\n<li>Acestea permit personalizarea vitezei de deplasare, permi\u021b\u00e2nd o navigare eficient\u0103 pe diferite terenuri \u0219i o pozi\u021bionare precis\u0103 pentru o dragare eficient\u0103.<\/li>\n<\/ul>\n<ol start=\"3\">\n<li>Propulsie puternic\u0103:<\/li>\n<\/ol>\n<ul>\n<li>Cilindrii de deplasare ofer\u0103 o propulsie puternic\u0103 dragei cu frez\u0103-aspira\u021bie, permi\u021b\u00e2ndu-i acesteia s\u0103 se deplase lin \u0219i eficient \u00een zona de dragare.<\/li>\n<li>Acestea ofer\u0103 o \u00eempingere \u0219i o trac\u021biune excelente, asigur\u00e2nd c\u0103 draga poate dep\u0103\u0219i rezisten\u021ba din partea sedimentelor \u0219i poate men\u021bine o \u00eenaintare constant\u0103.<\/li>\n<\/ul>\n<ol start=\"4\">\n<li>Ajustare flexibil\u0103:<\/li>\n<\/ol>\n<ul>\n<li>Ace\u0219ti cilindri permit reglarea flexibil\u0103 a parametrilor de deplasare ai dragei cu frez\u0103-aspira\u021bie, cum ar fi viteza, direc\u021bia \u0219i ad\u00e2ncimea.<\/li>\n<li>Operatorii pot adapta mi\u0219carea dragei pentru a se potrivi cerin\u021belor specifice de dragare \u0219i pentru a optimiza eficien\u021ba opera\u021biunii generale.<\/li>\n<\/ul>\n<h2><strong>Parametrul cilindrilor de deplasare a dragei de aspira\u021bie cu t\u0103ietor:<\/strong><\/h2>\n<table border=\"1\" cellspacing=\"0\" cellpadding=\"0\">\n<tbody>\n<tr>\n<td>Nume produs<\/td>\n<td>Cilindru de deplasare cu drag\u0103 cu aspira\u021bie<\/td>\n<\/tr>\n<tr>\n<td>Caracteristici:<\/td>\n<td>Este elementul executiv principal al mecanismului de deplasare al dragei cu frez\u0103-aspira\u021bie<\/td>\n<\/tr>\n<tr>\n<td>Diametrul alezajului:<\/td>\n<td>P\u00e2n\u0103 la 480 mm<\/td>\n<\/tr>\n<tr>\n<td>Diametrul tijei:<\/td>\n<td>P\u00e2n\u0103 la 360 mm<br \/>\nCurs\u0103 de p\u00e2n\u0103 la 9400 mm<\/td>\n<\/tr>\n<tr>\n<td>Presiune:<\/td>\n<td>p\u00e2n\u0103 la 32MPa<\/td>\n<\/tr>\n<tr>\n<td>For\u021ba de \u00eempingere:<\/td>\n<td>Maxim 2900KN<\/td>\n<\/tr>\n<tr>\n<td>Aplica\u021bii:<\/td>\n<td>Drag\u0103 cu aspira\u021bie cu t\u0103ietor<\/td>\n<\/tr>\n<\/tbody>\n<\/table>\n<div><\/div>\n<div>\n<div class=\"txtboxL\">\n<div class=\"txtboxL\">\n<div class=\"txtboxL\">\n<div class=\"txtboxL\">\n<div class=\"txtboxL\">\n<div class=\"txtboxL\">\n<div class=\"txtboxL\">\n<div class=\"txtboxL\">Caracteristici:<\/div>\n<div class=\"txtboxR\">Este elementul executiv principal al mecanismului de deplasare al dragei cu frez\u0103-aspira\u021bie<\/div>\n<div class=\"txtboxL\">Specifica\u021bii:<\/div>\n<div class=\"txtboxR\">Diametrul alezajului: p\u00e2n\u0103 la 480 mm<br \/>\nDiametrul tijei: p\u00e2n\u0103 la 360 mm<br \/>\nCurs\u0103 de p\u00e2n\u0103 la 9400 mm<\/div>\n<div class=\"txtboxL\">Presiune:<\/div>\n<div class=\"txtboxR\">p\u00e2n\u0103 la 32MPa<\/div>\n<div class=\"txtboxL\">For\u021ba de \u00eempingere:<\/div>\n<div class=\"txtboxR\">Maxim 2900KN<\/div>\n<\/div>\n<\/div>\n<\/div>\n<\/div>\n<\/div>\n<\/div>\n<\/div>\n<\/div>\n<h2><strong>Aplica\u021bie pentru cilindrii de aspira\u021bie pentru t\u0103ietorul de rezervor de dragare:<\/strong><\/h2>\n<p><img loading=\"lazy\" decoding=\"async\" class=\"alignnone wp-image-1757 size-full\" src=\"https:\/\/hydraulic-cylinders.net\/wp-content\/uploads\/2023\/10\/dredger-tank-cylinder-1.webp\" alt=\"\" width=\"600\" height=\"400\" srcset=\"https:\/\/hydraulic-cylinders.net\/wp-content\/uploads\/2023\/10\/dredger-tank-cylinder-1.webp 600w, https:\/\/hydraulic-cylinders.net\/wp-content\/uploads\/2023\/10\/dredger-tank-cylinder-1-480x320.webp 480w\" sizes=\"(min-width: 0px) and (max-width: 480px) 480px, (min-width: 481px) 600px, 100vw\" \/><\/p>\n<h2><strong>Metoda de utilizare a cilindrilor de deplasare a dragei de aspira\u021bie cu t\u0103ietor<\/strong><strong>:<\/strong><\/h2>\n<ol>\n<li><strong>Instalare:<\/strong><\/li>\n<\/ol>\n<ul>\n<li>Urma\u021bi instruc\u021biunile produc\u0103torului pentru a instala \u00een siguran\u021b\u0103 cilindrii mobili pe draga cu frez\u0103-aspira\u021bie.<\/li>\n<li>Asigura\u021bi alinierea \u0219i ata\u0219area corect\u0103 la sistemul de propulsie al dragei, permi\u021b\u00e2nd o mi\u0219care lin\u0103 \u0219i fiabil\u0103.<\/li>\n<\/ul>\n<ol start=\"2\">\n<li><strong>Control \u0219i naviga\u021bie:<\/strong><\/li>\n<\/ol>\n<ul>\n<li>Utiliza\u021bi panoul de control sau interfa\u021ba dragei pentru a controla parametrii de deplasare, cum ar fi viteza, direc\u021bia \u0219i ad\u00e2ncimea.<\/li>\n<li>Monitoriza\u021bi pozi\u021bia dragei \u0219i ajusta\u021bi viteza de deplasare \u00een consecin\u021b\u0103 pentru a asigura o progresie eficient\u0103 \u0219i o pozi\u021bionare precis\u0103 pentru activit\u0103\u021bile de dragare.<\/li>\n<\/ul>\n<ol start=\"3\">\n<li><strong>Opera\u021biuni de dragare:<\/strong><\/li>\n<\/ol>\n<ul>\n<li>Ini\u021bia\u021bi procesul de dragare prin activarea dragei cu frez\u0103-aspira\u021bie \u0219i cuplarea cilindrilor de deplasare pentru propulsie.<\/li>\n<li>Naviga\u021bi cu draga prin zona de dragare, asigur\u00e2nd o avansare constant\u0103 \u0219i o pozi\u021bionare precis\u0103 pentru o excavare \u0219i extragere eficient\u0103 a materialelor.<\/li>\n<li>Ajusta\u021bi parametrii de deplasare ai dragei pentru a optimiza performan\u021ba drag\u0103rii \u0219i a o adapta la condi\u021biile \u00een schimbare.<\/li>\n<\/ul>\n<h2><strong>Cum se demonteaz\u0103 cilindrul hidraulic de la \u00eenc\u0103rc\u0103torul frontal?<\/strong><\/h2>\n<p>Pa\u0219ii specifici pentru demontarea unui cilindru hidraulic de la un \u00eenc\u0103rc\u0103tor frontal pot varia \u00een func\u021bie de marca \u0219i modelul \u00eenc\u0103rc\u0103torului. Cu toate acestea, v\u0103 pot oferi o procedur\u0103 general\u0103 care v\u0103 ofer\u0103 un bun punct de plecare. Iat\u0103 un ghid pas cu pas:<\/p>\n<ol>\n<li><strong>Siguran\u021ba pe primul loc:<\/strong> Asigura\u021bi-v\u0103 c\u0103 \u00eenc\u0103rc\u0103torul este oprit, motorul func\u021bioneaz\u0103 \u00een mod excelent \u0219i \u00eenc\u0103rc\u0103torul este sprijinit \u00een siguran\u021b\u0103 pe suporturi sau blocuri de ridicare.<\/li>\n<li><strong>Localiza\u021bi cilindrul hidraulic:<\/strong> Identifica\u021bi cilindrul hidraulic pe care dori\u021bi s\u0103 \u00eel demonta\u021bi. De obicei, acesta va fi conectat la sistemul hidraulic al \u00eenc\u0103rc\u0103torului \u0219i pozi\u021bionat pentru a controla mi\u0219carea unei func\u021bii specifice, cum ar fi cupa sau bra\u021bele de ridicare.<\/li>\n<li><strong>Elibera\u021bi presiunea hidraulic\u0103:<\/strong> Pentru a preveni mi\u0219c\u0103rile nea\u0219teptate \u0219i a v\u0103 asigura siguran\u021ba, elibera\u021bi presiunea hidraulic\u0103 din sistem. Aceasta implic\u0103 de obicei localizarea supapei de control hidraulice a \u00eenc\u0103rc\u0103torului \u0219i ac\u021bionarea comenzilor pentru a elibera orice presiune. Consulta\u021bi manualul \u00eenc\u0103rc\u0103torului pentru instruc\u021biuni specifice privind efectuarea acestui pas.<\/li>\n<li><strong>Deconecta\u021bi furtunurile hidraulice:<\/strong> Deconecta\u021bi cu grij\u0103 furtunurile hidraulice conectate la cilindru. \u00cen func\u021bie de model, acest lucru poate implica sl\u0103birea \u0219i demontarea fitingurilor hidraulice sau utilizarea de unelte specializate, cum ar fi chei sau seturi de chei tubulare.<\/li>\n<li><strong>Scoate\u021bi \u0219tifturile de fixare:<\/strong> C\u0103uta\u021bi \u0219tifturi sau \u0219uruburi de fixare care fixeaz\u0103 cilindrul pe cadrul \u00eenc\u0103rc\u0103torului sau pe alte componente. Scoate\u021bi aceste \u0219tifturi sau \u0219uruburi pentru a elibera cilindrul.<\/li>\n<li><strong>Sprijini\u021bi cilindrul:<\/strong> Cilindrii hidraulici pot fi grei, a\u0219a c\u0103 este important s\u0103 ave\u021bi un plan pentru sus\u021binerea cilindrului \u00een timpul demont\u0103rii. Acest lucru se poate face folosind un dispozitiv de ridicare, cum ar fi un palan sau un cric, pentru a sus\u021bine greutatea cilindrului \u00een timp ce \u00eel demonta\u021bi.<\/li>\n<li><strong>Scoate\u021bi cilindrul:<\/strong> Cu \u0219tifturile sau \u0219uruburile de fixare \u00eendep\u0103rtate \u0219i cilindrul sus\u021binut corespunz\u0103tor, glisa\u021bi sau manevra\u021bi cu grij\u0103 cilindrul \u00een afara suporturilor sau conexiunilor de montare. Ave\u021bi grij\u0103 la orice fluid hidraulic r\u0103mas \u00een cilindru sau furtunuri.<\/li>\n<li><strong>Inspecta\u021bi \u0219i \u00eenlocui\u021bi:<\/strong> Dup\u0103 ce cilindrul este demontat, inspecta\u021bi-l pentru a depista orice semne de deteriorare sau uzur\u0103. \u00cenlocui\u021bi orice garnituri, inele O sau alte componente \u00eenainte de a reinstala cilindrul.<\/li>\n<\/ol>\n<h2><strong>Capabilitatea \u0219i capacitatea fabricii:<\/strong><\/h2>\n<h3>(1) Montaj<\/h3>\n<p>Avem o platform\u0103 de asamblare independent\u0103 de cercetare \u0219i dezvoltare de prim\u0103 clas\u0103. Atelierul de produc\u021bie a cilindrilor hidraulici are patru linii de asamblare semiautomate pentru cilindri de ridicare \u0219i o linie de asamblare automat\u0103 a cilindrilor de \u00eenclinare, cu o capacitate de produc\u021bie anual\u0103 proiectat\u0103 de 1 milion de buc\u0103\u021bi. Atelierul de cilindri speciali este echipat cu diverse specifica\u021bii ale unui sistem de asamblare semi-automat de cur\u0103\u021bare, cu o capacitate de produc\u021bie anual\u0103 proiectat\u0103 de 200.000 \u0219i dotat cu echipamente celebre de prelucrare CNC, un centru de prelucrare, un echipament special de prelucrare a cilindrilor de \u00eenalt\u0103 precizie, o ma\u0219in\u0103 de sudur\u0103 robotizat\u0103, o ma\u0219in\u0103 de cur\u0103\u021bare automat\u0103, o ma\u0219in\u0103 de asamblare automat\u0103 a cilindrilor \u0219i o linie de produc\u021bie automat\u0103 de vopsire. Echipamente critice existente de peste 300 de seturi (seturi). Alocarea optim\u0103 \u0219i utilizarea eficient\u0103 a resurselor de echipamente asigur\u0103 cerin\u021bele de precizie ale produselor \u0219i satisface nevoile de \u00eenalt\u0103 calitate ale produselor.<\/p>\n<p><img loading=\"lazy\" decoding=\"async\" class=\"alignnone wp-image-626\" src=\"https:\/\/hydraulic-cylinders.net\/wp-content\/uploads\/2023\/08\/hydraulic-cylinder-product-1-300x158.webp\" alt=\"\" width=\"495\" height=\"260\" srcset=\"https:\/\/hydraulic-cylinders.net\/wp-content\/uploads\/2023\/08\/hydraulic-cylinder-product-1-300x158.webp 495w, https:\/\/hydraulic-cylinders.net\/wp-content\/uploads\/2023\/08\/hydraulic-cylinder-product-1-480x252.webp 480w\" sizes=\"(min-width: 0px) and (max-width: 480px) 480px, (min-width: 481px) 495px, 100vw\" \/> <img loading=\"lazy\" decoding=\"async\" class=\"alignnone wp-image-627\" src=\"https:\/\/hydraulic-cylinders.net\/wp-content\/uploads\/2023\/08\/hydraulic-cylinder-product-2-300x189.webp\" alt=\"\" width=\"413\" height=\"260\" \/><\/p>\n<h3>(2) Prelucrare<\/h3>\n<p>Atelierul de prelucrare este echipat cu un centru de strunjire cu \u0219in\u0103 \u00eenclinat\u0103 personalizat, un centru de prelucrare, o ma\u0219in\u0103 de honuire de mare vitez\u0103, un robot de sudur\u0103 \u0219i alte echipamente conexe, care pot gestiona prelucrarea tuburilor cilindrice cu un diametru interior maxim de 400 mm \u0219i o lungime maxim\u0103 de 6 metri.<\/p>\n<p><img loading=\"lazy\" decoding=\"async\" class=\"alignnone wp-image-628 size-large\" src=\"https:\/\/hydraulic-cylinders.net\/wp-content\/uploads\/2023\/08\/hydraulic-cylinder-product-3-1024x391.webp\" alt=\"\" width=\"1024\" height=\"391\" srcset=\"https:\/\/hydraulic-cylinders.net\/wp-content\/uploads\/2023\/08\/hydraulic-cylinder-product-3-980x374.webp 980w, https:\/\/hydraulic-cylinders.net\/wp-content\/uploads\/2023\/08\/hydraulic-cylinder-product-3-480x183.webp 480w\" sizes=\"(min-width: 0px) and (max-width: 480px) 480px, (min-width: 481px) and (max-width: 980px) 980px, (min-width: 981px) 1024px, 100vw\" \/><\/p>\n<h3>(3) Sudur\u0103<\/h3>\n<p><img loading=\"lazy\" decoding=\"async\" class=\"alignnone wp-image-629 size-large\" src=\"https:\/\/hydraulic-cylinders.net\/wp-content\/uploads\/2023\/08\/hydraulic-cylinder-product-4-1024x510.webp\" alt=\"\" width=\"1024\" height=\"510\" srcset=\"https:\/\/hydraulic-cylinders.net\/wp-content\/uploads\/2023\/08\/hydraulic-cylinder-product-4-980x488.webp 980w, https:\/\/hydraulic-cylinders.net\/wp-content\/uploads\/2023\/08\/hydraulic-cylinder-product-4-480x239.webp 480w\" sizes=\"(min-width: 0px) and (max-width: 480px) 480px, (min-width: 481px) and (max-width: 980px) 980px, (min-width: 981px) 1024px, 100vw\" \/><\/p>\n<h3>(4) Vopsire \u0219i acoperire<\/h3>\n<p>Cu linii automate de acoperire cu vopsea pe baz\u0103 de ap\u0103 cu cilindru de dimensiuni mici \u0219i medii, pentru a realiza \u00eenc\u0103rcarea \u0219i desc\u0103rcarea automat\u0103 a robotului \u0219i pulverizarea automat\u0103, capacitatea de proiectare de 4000 de buc\u0103\u021bi pe schimb;<br \/>\nAvem, de asemenea, o linie de produc\u021bie semi-automat\u0103 de vopsire pentru cilindri mari, ac\u021bionat\u0103 de un lan\u021b de putere, cu o capacitate de proiectare de 60 de cutii pe schimb.<\/p>\n<p><img loading=\"lazy\" decoding=\"async\" class=\"alignnone wp-image-630\" src=\"https:\/\/hydraulic-cylinders.net\/wp-content\/uploads\/2023\/08\/hydraulic-cylinder-product-5-300x213.webp\" alt=\"\" width=\"366\" height=\"260\" \/> <img loading=\"lazy\" decoding=\"async\" class=\"alignnone wp-image-631\" src=\"https:\/\/hydraulic-cylinders.net\/wp-content\/uploads\/2023\/08\/hydraulic-cylinder-product-6-300x225.webp\" alt=\"\" width=\"347\" height=\"260\" \/><\/p>\n<h3>(5) Testarea<\/h3>\n<p>Dispunem de instala\u021bii de inspec\u021bie \u0219i bancuri de testare de prim\u0103 clas\u0103 pentru a ne asigura c\u0103 performan\u021ba cilindrului \u00eendepline\u0219te cerin\u021bele.<\/p>\n<p><img loading=\"lazy\" decoding=\"async\" class=\"alignnone wp-image-632\" src=\"https:\/\/hydraulic-cylinders.net\/wp-content\/uploads\/2023\/08\/hydraulic-cylinder-product-8-300x200.webp\" alt=\"\" width=\"389\" height=\"260\" \/><\/p>\n<p>&nbsp;<\/p>\n<p>&nbsp;<\/p>\n<p>Suntem unul dintre cei mai buni produc\u0103tori de cilindri hidraulici. Putem oferi o gam\u0103 complet\u0103 de cilindri hidraulici. De asemenea, oferim... <a href=\"https:\/\/hzpt.com\/agricultural-pto-gearbox\/\" target=\"_blank\" rel=\"noopener\">cutii de viteze agricole<\/a>Ne-am exportat produsele c\u0103tre clien\u021bi din \u00eentreaga lume \u0219i ne-am c\u00e2\u0219tigat o bun\u0103 reputa\u021bie datorit\u0103 calit\u0103\u021bii superioare a produselor noastre \u0219i a serviciilor post-v\u00e2nzare. \u00cei invit\u0103m pe clien\u021bii din \u021bar\u0103 \u0219i din str\u0103in\u0103tate s\u0103 ne contacteze pentru a negocia afaceri, a face schimb de informa\u021bii \u0219i... <a href=\"https:\/\/www.hydraulic-cylinders.net\/ro\/contact-us\/\">s\u0103 coopereze cu noi<\/a>!<\/p>","protected":false},"excerpt":{"rendered":"<p>Cutter Suction Dredger Traveling Cylinders The cutter suction dredger traveling cylinders are essential components of modern dredging operations. Designed to enhance efficiency and productivity, these cylinders play a vital role in the cutter-suction dredging process. The cutter suction dredger traveling cylinders are indispensable components for efficient and productive dredging operations. With their robust construction, precise [&hellip;]<\/p>","protected":false},"featured_media":1755,"comment_status":"open","ping_status":"closed","template":"","meta":{"_et_pb_use_builder":"","_et_pb_old_content":"","_et_gb_content_width":""},"product_brand":[],"product_cat":[1550,1535,1552,1376],"product_tag":[1380],"class_list":{"0":"post-1752","1":"product","2":"type-product","3":"status-publish","4":"has-post-thumbnail","6":"product_cat-double-acting-hydraulic-cylinder","7":"product_cat-dredger-hydraulic-cylinders","8":"product_cat-stainless-steel-hydraulic-cylinder","9":"product_cat-hydraulic-cylinder","10":"product_tag-hydraulic-cylinder","12":"first","13":"instock","14":"shipping-taxable","15":"product-type-simple"},"amp_enabled":true,"_links":{"self":[{"href":"https:\/\/www.hydraulic-cylinders.net\/ro\/wp-json\/wp\/v2\/product\/1752","targetHints":{"allow":["GET"]}}],"collection":[{"href":"https:\/\/www.hydraulic-cylinders.net\/ro\/wp-json\/wp\/v2\/product"}],"about":[{"href":"https:\/\/www.hydraulic-cylinders.net\/ro\/wp-json\/wp\/v2\/types\/product"}],"replies":[{"embeddable":true,"href":"https:\/\/www.hydraulic-cylinders.net\/ro\/wp-json\/wp\/v2\/comments?post=1752"}],"wp:featuredmedia":[{"embeddable":true,"href":"https:\/\/www.hydraulic-cylinders.net\/ro\/wp-json\/wp\/v2\/media\/1755"}],"wp:attachment":[{"href":"https:\/\/www.hydraulic-cylinders.net\/ro\/wp-json\/wp\/v2\/media?parent=1752"}],"wp:term":[{"taxonomy":"product_brand","embeddable":true,"href":"https:\/\/www.hydraulic-cylinders.net\/ro\/wp-json\/wp\/v2\/product_brand?post=1752"},{"taxonomy":"product_cat","embeddable":true,"href":"https:\/\/www.hydraulic-cylinders.net\/ro\/wp-json\/wp\/v2\/product_cat?post=1752"},{"taxonomy":"product_tag","embeddable":true,"href":"https:\/\/www.hydraulic-cylinders.net\/ro\/wp-json\/wp\/v2\/product_tag?post=1752"}],"curies":[{"name":"wp","href":"https:\/\/api.w.org\/{rel}","templated":true}]}}