{"id":1758,"date":"2023-10-13T03:29:58","date_gmt":"2023-10-13T03:29:58","guid":{"rendered":"https:\/\/hydraulic-cylinders.net\/?post_type=product&#038;p=1758"},"modified":"2025-04-15T05:55:27","modified_gmt":"2025-04-15T05:55:27","slug":"cutter-suction-dredger-piling-cylinder","status":"publish","type":"product","link":"https:\/\/www.hydraulic-cylinders.net\/ro\/produs\/cutter-suction-dredger-piling-cylinder\/","title":{"rendered":"Cilindru de dragare cu aspira\u021bie pentru t\u0103ietor"},"content":{"rendered":"<h1 style=\"text-align: center;\"><strong>Cilindru de dragare cu aspira\u021bie pentru t\u0103ietor<\/strong><\/h1>\n<p><img loading=\"lazy\" decoding=\"async\" class=\"aligncenter wp-image-1759\" src=\"https:\/\/hydraulic-cylinders.net\/wp-content\/uploads\/2023\/10\/cutter-suction-dredger-piling-cylinder-1-300x300.webp\" alt=\"\" width=\"400\" height=\"400\" \/><\/p>\n<p>Cilindrul de piloni al dragei cu aspira\u021bie cu frez\u0103 este un dispozitiv hidraulic puternic \u0219i versatil, conceput special pentru proiecte de construc\u021bii marine. Datorit\u0103 construc\u021biei sale robuste \u0219i capacit\u0103\u021bilor de \u00eenalt\u0103 performan\u021b\u0103, acest cilindru de piloni este o component\u0103 cheie \u00een opera\u021biunile moderne de dragare.<\/p>\n<p>Cilindrul de piloni pentru draga cu aspira\u021bie cu frez\u0103 este un dispozitiv hidraulic fiabil \u0219i versatil care \u00eembun\u0103t\u0103\u021be\u0219te semnificativ proiectele de construc\u021bii marine. Datorit\u0103 construc\u021biei sale robuste, lungimii cursei reglabile \u0219i sistemului hidraulic puternic, acesta ofer\u0103 opera\u021biuni de piloni precise \u0219i eficiente. Prin respectarea metodelor de utilizare corecte \u0219i efectuarea unei \u00eentre\u021bineri regulate, utilizatorii pot maximiza durata de via\u021b\u0103 \u0219i performan\u021ba acestei componente esen\u021biale pentru dragele cu aspira\u021bie cu frez\u0103. Investi\u021bi \u00een cilindrul de piloni pentru draga cu aspira\u021bie cu frez\u0103 \u0219i experimenta\u021bi o productivitate \u0219i o precizie sporite \u00een proiectele dumneavoastr\u0103 de construc\u021bii marine.<\/p>\n<p>Caracteristici cheie ale cilindrului de pilire a dragei cu aspira\u021bie cu t\u0103ietor:<\/p>\n<ol>\n<li>Construc\u021bie robust\u0103: Cilindrul de piloni al dragei cu aspira\u021bie este construit pentru a rezista condi\u021biilor dificile ale mediilor marine. Construit din materiale de \u00eenalt\u0103 calitate, acesta prezint\u0103 o rezisten\u021b\u0103 excelent\u0103 la coroziune, abraziune \u0219i impact, asigur\u00e2nd o durabilitate de lung\u0103 durat\u0103.<\/li>\n<li>Putere hidraulic\u0103: Echipat cu un sistem hidraulic de \u00eenalt\u0103 performan\u021b\u0103, acest cilindru de batere ofer\u0103 putere \u0219i precizie impresionante. Transfer\u0103 eficient energia hidraulic\u0103 pentru a ac\u021biona opera\u021biunea de batere, rezult\u00e2nd o productivitate \u0219i o precizie sporite.<\/li>\n<li>Lungimea cursei reglabil\u0103: Cilindrul de piloni ofer\u0103 flexibilitatea de a ajusta lungimea cursei \u00een func\u021bie de cerin\u021bele specifice ale proiectului. Aceast\u0103 adaptabilitate permite un control precis asupra ad\u00e2ncimii de piloni, adapt\u00e2ndu-se la diverse nevoi ale construc\u021biilor marine.<\/li>\n<\/ol>\n<h2><strong>Parametrul cilindrului de pilire a dragei cu aspira\u021bie cu t\u0103ietor:<\/strong><\/h2>\n<table border=\"1\" cellspacing=\"0\" cellpadding=\"0\">\n<tbody>\n<tr>\n<td>Nume produs<\/td>\n<td>Cilindru de deplasare cu drag\u0103 cu aspira\u021bie<\/td>\n<\/tr>\n<tr>\n<td>Caracteristici:<\/td>\n<td>Este elementul executiv principal al mecanismului de deplasare al dragei cu frez\u0103-aspira\u021bie<\/td>\n<\/tr>\n<tr>\n<td>Diametrul alezajului:<\/td>\n<td>P\u00e2n\u0103 la 480 mm<\/td>\n<\/tr>\n<tr>\n<td>Diametrul tijei:<\/td>\n<td>P\u00e2n\u0103 la 360 mm<br \/>\nCurs\u0103 de p\u00e2n\u0103 la 9400 mm<\/td>\n<\/tr>\n<tr>\n<td>Presiune:<\/td>\n<td>p\u00e2n\u0103 la 32MPa<\/td>\n<\/tr>\n<tr>\n<td>For\u021ba de \u00eempingere:<\/td>\n<td>Maxim 2900KN<\/td>\n<\/tr>\n<tr>\n<td>Aplica\u021bii:<\/td>\n<td>Drag\u0103 cu aspira\u021bie cu t\u0103ietor<\/td>\n<\/tr>\n<\/tbody>\n<\/table>\n<div><\/div>\n<div>\n<div class=\"txtboxL\">\n<div class=\"txtboxL\">\n<div class=\"txtboxL\">\n<div class=\"txtboxL\">\n<div class=\"txtboxL\">\n<div class=\"txtboxL\">\n<div class=\"txtboxL\">\n<div class=\"txtboxL\">Caracteristici:<\/div>\n<div class=\"txtboxR\">Este elementul executiv principal al mecanismului de deplasare al dragei cu frez\u0103-aspira\u021bie<\/div>\n<div class=\"txtboxL\">Specifica\u021bii:<\/div>\n<div class=\"txtboxR\">Diametrul alezajului: p\u00e2n\u0103 la 480 mm<br \/>\nDiametrul tijei: p\u00e2n\u0103 la 360 mm<br \/>\nCurs\u0103 de p\u00e2n\u0103 la 9400 mm<\/div>\n<div class=\"txtboxL\">Presiune:<\/div>\n<div class=\"txtboxR\">p\u00e2n\u0103 la 32MPa<\/div>\n<div class=\"txtboxL\">For\u021ba de \u00eempingere:<\/div>\n<div class=\"txtboxR\">Maxim 2900KN<\/div>\n<\/div>\n<\/div>\n<\/div>\n<\/div>\n<\/div>\n<\/div>\n<\/div>\n<\/div>\n<h2><strong>Aplica\u021bie pentru cilindrii de aspira\u021bie pentru t\u0103ietorul de rezervor de dragare:<\/strong><\/h2>\n<p><img loading=\"lazy\" decoding=\"async\" class=\"alignnone wp-image-1757 size-full\" src=\"https:\/\/hydraulic-cylinders.net\/wp-content\/uploads\/2023\/10\/dredger-tank-cylinder-1.webp\" alt=\"\" width=\"600\" height=\"400\" srcset=\"https:\/\/hydraulic-cylinders.net\/wp-content\/uploads\/2023\/10\/dredger-tank-cylinder-1.webp 600w, https:\/\/hydraulic-cylinders.net\/wp-content\/uploads\/2023\/10\/dredger-tank-cylinder-1-480x320.webp 480w\" sizes=\"(min-width: 0px) and (max-width: 480px) 480px, (min-width: 481px) 600px, 100vw\" \/><\/p>\n<h2><strong>Metoda de utilizare a cilindrului de pilire a dragei de aspira\u021bie cu t\u0103ietor<\/strong><strong>:<\/strong><\/h2>\n<ul>\n<li><strong>Preparare:<\/strong> \u00cenainte de a \u00eencepe opera\u021biunea de piloni, asigura\u021bi-v\u0103 c\u0103 sunt respectate toate protocoalele de siguran\u021b\u0103. Inspecta\u021bi cilindrul de piloni, conexiunile acestuia \u0219i sistemul hidraulic pentru a depista orice semne de deteriorare sau scurgeri. Confirma\u021bi c\u0103 sursa de alimentare hidraulic\u0103 este conectat\u0103 corect \u0219i func\u021bioneaz\u0103.<\/li>\n<li><strong>Pozi\u021bionare:<\/strong> Pozi\u021biona\u021bi cilindrul de pilire al dragei cu aspira\u021bie cu t\u0103ietor \u00een loca\u021bia dorit\u0103 pentru pilire. Alinia\u021bi-l cu zona \u021bint\u0103, asigur\u00e2nd stabilitatea \u0219i sus\u021binerea adecvate.<\/li>\n<li><strong>Conexiune:<\/strong> Conecta\u021bi cilindrul de fixare a pilonilor la sursa de alimentare hidraulic\u0103 folosind fitinguri \u0219i furtunuri compatibile. Verifica\u021bi dac\u0103 leg\u0103turile sunt fixate \u0219i nu prezint\u0103 scurgeri.<\/li>\n<li><strong>Reglarea lungimii cursei:<\/strong> Seta\u021bi lungimea cursei dorit\u0103 pe cilindrul de piloni, lu\u00e2nd \u00een considerare ad\u00e2ncimea necesar\u0103 pentru opera\u021biunea de piloni. Regla\u021bi lungimea cursei folosind comenzile sau mecanismele furnizate, urm\u00e2nd instruc\u021biunile produc\u0103torului.<\/li>\n<li><strong>Opera\u021biunea de pilire:<\/strong> Activa\u021bi sursa de energie hidraulic\u0103 pentru a ini\u021bia opera\u021biunea de piloni. Cilindrul de piloni al dragei cu aspira\u021bie cu t\u0103ietor va \u00eempinge pilo\u021bii \u00een fundul m\u0103rii sau al r\u00e2ului. Monitoriza\u021bi \u00eendeaproape procesul, asigur\u00e2ndu-v\u0103 c\u0103 se ob\u021bine ad\u00e2ncimea \u0219i precizia dorite.<\/li>\n<\/ul>\n<h2><strong>Cum se re\u00eempacheteaz\u0103 cilindrul hidraulic?<\/strong><\/h2>\n<p>Reambalarea unui cilindru hidraulic implic\u0103 \u00eenlocuirea garniturilor \u0219i a altor componente pentru a-i restabili func\u021bionalitatea \u0219i a preveni scurgerile. Iat\u0103 un ghid general despre cum se reambaleaz\u0103 un cilindru hidraulic:<\/p>\n<ol>\n<li><strong>M\u0103suri de siguran\u021b\u0103:<\/strong>\n<ul>\n<li>Asigura\u021bi-v\u0103 c\u0103 sistemul hidraulic este depresurizat \u0219i c\u0103 cilindrul este complet extins.<\/li>\n<li>Urma\u021bi procedurile adecvate de blocare\/etichetare pentru a preveni activarea accidental\u0103 a sistemului.<\/li>\n<\/ul>\n<\/li>\n<li><strong>Demontarea cilindrului:<\/strong>\n<ul>\n<li>Deconecta\u021bi orice furtunuri sau fitinguri hidraulice conectate la cilindru.<\/li>\n<li>Scoate\u021bi orice \u0219tifturi sau \u0219uruburi de fixare care fixeaz\u0103 cilindrul de echipament.<\/li>\n<li>Glisa\u021bi sau manevra\u021bi cu grij\u0103 cilindrul pentru a-l scoate din suporturile sau conexiunile sale de montare.<\/li>\n<\/ul>\n<\/li>\n<li><strong>Demontare:<\/strong>\n<ul>\n<li>A\u0219eza\u021bi cilindrul pe o suprafa\u021b\u0103 de lucru curat\u0103.<\/li>\n<li>Scoate\u021bi capacul (capacele) cilindrului folosind unelte adecvate, cum ar fi chei sau seturi de chei tubulare.<\/li>\n<li>Re\u021bine\u021bi ordinea \u0219i orientarea componentelor pe m\u0103sur\u0103 ce le dezasambla\u021bi.<\/li>\n<li>Scoate\u021bi pistonul, tija \u0219i garniturile de etan\u0219are din \u021beava cilindrului.<\/li>\n<\/ul>\n<\/li>\n<li><strong>\u00cenlocuirea garniturii:<\/strong>\n<ul>\n<li>Verifica\u021bi garniturile vechi pentru a depista eventuale deterior\u0103ri sau uzur\u0103 \u0219i \u00eenlocui\u021bi-le cu unele noi de aceea\u0219i dimensiune \u0219i tip.<\/li>\n<li>Unge\u021bi noile garnituri cu ulei hidraulic \u00eenainte de a le instala.<\/li>\n<li>Introduce\u021bi cu grij\u0103 noile garnituri \u00een canelurile lor, asigur\u00e2ndu-v\u0103 c\u0103 sunt a\u0219ezate corect.<\/li>\n<\/ul>\n<\/li>\n<li><strong>Inspec\u021bia \u0219i cur\u0103\u021barea componentelor:<\/strong>\n<ul>\n<li>Inspecta\u021bi pistonul, tija \u0219i alte componente pentru a depista orice semne de deteriorare sau uzur\u0103.<\/li>\n<li>Cur\u0103\u021ba\u021bi temeinic toate piesele folosind un solvent de cur\u0103\u021bare adecvat pentru a \u00eendep\u0103rta murd\u0103ria, resturile \u0219i reziduurile de fluid hidraulic.<\/li>\n<li>Asigura\u021bi-v\u0103 c\u0103 toate suprafe\u021bele sunt uscate \u00eenainte de reasamblare.<\/li>\n<\/ul>\n<\/li>\n<li><strong>Reasamblare:<\/strong>\n<ul>\n<li>Instala\u021bi pistonul, tija \u0219i garniturile \u00eenapoi \u00een \u021beava cilindrului, respect\u00e2nd ordinea \u0219i orientarea corect\u0103.<\/li>\n<li>Aplica\u021bi un strat sub\u021bire de ulei hidraulic pe garnituri \u0219i alte suprafe\u021be de contact.<\/li>\n<li>Reata\u0219a\u021bi cu grij\u0103 capacele \u0219i str\u00e2nge\u021bi-le bine conform specifica\u021biilor produc\u0103torului.<\/li>\n<li>Asigura\u021bi-v\u0103 c\u0103 toate conexiunile filetate sunt aliniate \u0219i str\u00e2nse corespunz\u0103tor.<\/li>\n<\/ul>\n<\/li>\n<li><strong>Reinstalarea cilindrului:<\/strong>\n<ul>\n<li>Glisa\u021bi sau manevra\u021bi cilindrul reasamblat \u00eenapoi \u00een suporturile sau conexiunile sale de montare.<\/li>\n<li>Reata\u0219a\u021bi orice \u0219tifturi sau \u0219uruburi de fixare pentru a fixa cilindrul \u00een pozi\u021bie.<\/li>\n<li>Reconecta\u021bi furtunurile sau racordurile hidraulice la cilindru, asigur\u00e2ndu-v\u0103 c\u0103 sunt aliniate \u0219i etan\u0219ate corespunz\u0103tor.<\/li>\n<\/ul>\n<\/li>\n<li><strong>Testare \u0219i inspec\u021bie:<\/strong>\n<ul>\n<li>Represuriza\u021bi sistemul hidraulic \u0219i verifica\u021bi dac\u0103 exist\u0103 scurgeri sau func\u021bionare anormal\u0103.<\/li>\n<li>Extinde\u021bi \u0219i retrage\u021bi complet cilindrul pentru a asigura o mi\u0219care lin\u0103 \u0219i o func\u021bionare corect\u0103.<\/li>\n<li>Verifica\u021bi cilindrul \u0219i conexiunile acestuia pentru a depista orice scurgeri sau alte probleme.<\/li>\n<\/ul>\n<\/li>\n<\/ol>\n<h2><strong>Capabilitatea \u0219i capacitatea fabricii:<\/strong><\/h2>\n<h3>(1) Montaj<\/h3>\n<p>Avem o platform\u0103 de asamblare independent\u0103 de cercetare \u0219i dezvoltare de prim\u0103 clas\u0103. Atelierul de produc\u021bie a cilindrilor hidraulici are patru linii de asamblare semiautomate pentru cilindri de ridicare \u0219i o linie de asamblare automat\u0103 a cilindrilor de \u00eenclinare, cu o capacitate de produc\u021bie anual\u0103 proiectat\u0103 de 1 milion de buc\u0103\u021bi. Atelierul de cilindri speciali este echipat cu diverse specifica\u021bii ale unui sistem de asamblare semi-automat de cur\u0103\u021bare, cu o capacitate de produc\u021bie anual\u0103 proiectat\u0103 de 200.000 \u0219i dotat cu echipamente celebre de prelucrare CNC, un centru de prelucrare, un echipament special de prelucrare a cilindrilor de \u00eenalt\u0103 precizie, o ma\u0219in\u0103 de sudur\u0103 robotizat\u0103, o ma\u0219in\u0103 de cur\u0103\u021bare automat\u0103, o ma\u0219in\u0103 de asamblare automat\u0103 a cilindrilor \u0219i o linie de produc\u021bie automat\u0103 de vopsire. Echipamente critice existente de peste 300 de seturi (seturi). Alocarea optim\u0103 \u0219i utilizarea eficient\u0103 a resurselor de echipamente asigur\u0103 cerin\u021bele de precizie ale produselor \u0219i satisface nevoile de \u00eenalt\u0103 calitate ale produselor.<\/p>\n<p><img loading=\"lazy\" decoding=\"async\" class=\"alignnone wp-image-626\" src=\"https:\/\/hydraulic-cylinders.net\/wp-content\/uploads\/2023\/08\/hydraulic-cylinder-product-1-300x158.webp\" alt=\"\" width=\"495\" height=\"260\" srcset=\"https:\/\/hydraulic-cylinders.net\/wp-content\/uploads\/2023\/08\/hydraulic-cylinder-product-1-300x158.webp 495w, https:\/\/hydraulic-cylinders.net\/wp-content\/uploads\/2023\/08\/hydraulic-cylinder-product-1-480x252.webp 480w\" sizes=\"(min-width: 0px) and (max-width: 480px) 480px, (min-width: 481px) 495px, 100vw\" \/> <img loading=\"lazy\" decoding=\"async\" class=\"alignnone wp-image-627\" src=\"https:\/\/hydraulic-cylinders.net\/wp-content\/uploads\/2023\/08\/hydraulic-cylinder-product-2-300x189.webp\" alt=\"\" width=\"413\" height=\"260\" \/><\/p>\n<h3>(2) Prelucrare<\/h3>\n<p>Atelierul de prelucrare este echipat cu un centru de strunjire cu \u0219in\u0103 \u00eenclinat\u0103 personalizat, un centru de prelucrare, o ma\u0219in\u0103 de honuire de mare vitez\u0103, un robot de sudur\u0103 \u0219i alte echipamente conexe, care pot gestiona prelucrarea tuburilor cilindrice cu un diametru interior maxim de 400 mm \u0219i o lungime maxim\u0103 de 6 metri.<\/p>\n<p><img loading=\"lazy\" decoding=\"async\" class=\"alignnone wp-image-628 size-large\" src=\"https:\/\/hydraulic-cylinders.net\/wp-content\/uploads\/2023\/08\/hydraulic-cylinder-product-3-1024x391.webp\" alt=\"\" width=\"1024\" height=\"391\" srcset=\"https:\/\/hydraulic-cylinders.net\/wp-content\/uploads\/2023\/08\/hydraulic-cylinder-product-3-980x374.webp 980w, https:\/\/hydraulic-cylinders.net\/wp-content\/uploads\/2023\/08\/hydraulic-cylinder-product-3-480x183.webp 480w\" sizes=\"(min-width: 0px) and (max-width: 480px) 480px, (min-width: 481px) and (max-width: 980px) 980px, (min-width: 981px) 1024px, 100vw\" \/><\/p>\n<h3>(3) Sudur\u0103<\/h3>\n<p><img loading=\"lazy\" decoding=\"async\" class=\"alignnone wp-image-629 size-large\" src=\"https:\/\/hydraulic-cylinders.net\/wp-content\/uploads\/2023\/08\/hydraulic-cylinder-product-4-1024x510.webp\" alt=\"\" width=\"1024\" height=\"510\" srcset=\"https:\/\/hydraulic-cylinders.net\/wp-content\/uploads\/2023\/08\/hydraulic-cylinder-product-4-980x488.webp 980w, https:\/\/hydraulic-cylinders.net\/wp-content\/uploads\/2023\/08\/hydraulic-cylinder-product-4-480x239.webp 480w\" sizes=\"(min-width: 0px) and (max-width: 480px) 480px, (min-width: 481px) and (max-width: 980px) 980px, (min-width: 981px) 1024px, 100vw\" \/><\/p>\n<h3>(4) Vopsire \u0219i acoperire<\/h3>\n<p>Cu linii automate de acoperire cu vopsea pe baz\u0103 de ap\u0103 cu cilindru de dimensiuni mici \u0219i medii, pentru a realiza \u00eenc\u0103rcarea \u0219i desc\u0103rcarea automat\u0103 a robotului \u0219i pulverizarea automat\u0103, capacitatea de proiectare de 4000 de buc\u0103\u021bi pe schimb;<br \/>\nAvem, de asemenea, o linie de produc\u021bie semi-automat\u0103 de vopsire pentru cilindri mari, ac\u021bionat\u0103 de un lan\u021b de putere, cu o capacitate de proiectare de 60 de cutii pe schimb.<\/p>\n<p><img loading=\"lazy\" decoding=\"async\" class=\"alignnone wp-image-630\" src=\"https:\/\/hydraulic-cylinders.net\/wp-content\/uploads\/2023\/08\/hydraulic-cylinder-product-5-300x213.webp\" alt=\"\" width=\"366\" height=\"260\" \/> <img loading=\"lazy\" decoding=\"async\" class=\"alignnone wp-image-631\" src=\"https:\/\/hydraulic-cylinders.net\/wp-content\/uploads\/2023\/08\/hydraulic-cylinder-product-6-300x225.webp\" alt=\"\" width=\"347\" height=\"260\" \/><\/p>\n<h3>(5) Testarea<\/h3>\n<p>Dispunem de instala\u021bii de inspec\u021bie \u0219i bancuri de testare de prim\u0103 clas\u0103 pentru a ne asigura c\u0103 performan\u021ba cilindrului \u00eendepline\u0219te cerin\u021bele.<\/p>\n<p><img loading=\"lazy\" decoding=\"async\" class=\"alignnone wp-image-632\" src=\"https:\/\/hydraulic-cylinders.net\/wp-content\/uploads\/2023\/08\/hydraulic-cylinder-product-8-300x200.webp\" alt=\"\" width=\"389\" height=\"260\" \/><\/p>\n<p>&nbsp;<\/p>\n<p>&nbsp;<\/p>\n<p>Suntem unul dintre cei mai buni produc\u0103tori de cilindri hidraulici. Putem oferi o gam\u0103 complet\u0103 de cilindri hidraulici. De asemenea, oferim... <a href=\"https:\/\/hzpt.com\/agricultural-pto-gearbox\/\" target=\"_blank\" rel=\"noopener\">cutii de viteze agricole<\/a>Ne-am exportat produsele c\u0103tre clien\u021bi din \u00eentreaga lume \u0219i ne-am c\u00e2\u0219tigat o bun\u0103 reputa\u021bie datorit\u0103 calit\u0103\u021bii superioare a produselor noastre \u0219i a serviciilor post-v\u00e2nzare. \u00cei invit\u0103m pe clien\u021bii din \u021bar\u0103 \u0219i din str\u0103in\u0103tate s\u0103 ne contacteze pentru a negocia afaceri, a face schimb de informa\u021bii \u0219i... <a href=\"https:\/\/www.hydraulic-cylinders.net\/ro\/contact-us\/\">s\u0103 coopereze cu noi<\/a>!<\/p>","protected":false},"excerpt":{"rendered":"<p>Cutter Suction Dredger Piling Cylinder The cutter suction dredger piling cylinder is a powerful and versatile hydraulic device designed specifically for marine construction projects. With its robust construction and high-performance capabilities, this piling cylinder is a key component in modern dredging operations. The cutter suction dredger piling cylinder is a reliable and versatile hydraulic device [&hellip;]<\/p>","protected":false},"featured_media":1760,"comment_status":"open","ping_status":"closed","template":"","meta":{"_et_pb_use_builder":"","_et_pb_old_content":"","_et_gb_content_width":""},"product_brand":[],"product_cat":[1535,1549,1552,1376],"product_tag":[1380],"class_list":{"0":"post-1758","1":"product","2":"type-product","3":"status-publish","4":"has-post-thumbnail","6":"product_cat-dredger-hydraulic-cylinders","7":"product_cat-single-acting-hydraulic-cylinder","8":"product_cat-stainless-steel-hydraulic-cylinder","9":"product_cat-hydraulic-cylinder","10":"product_tag-hydraulic-cylinder","12":"first","13":"instock","14":"shipping-taxable","15":"product-type-simple"},"amp_enabled":true,"_links":{"self":[{"href":"https:\/\/www.hydraulic-cylinders.net\/ro\/wp-json\/wp\/v2\/product\/1758","targetHints":{"allow":["GET"]}}],"collection":[{"href":"https:\/\/www.hydraulic-cylinders.net\/ro\/wp-json\/wp\/v2\/product"}],"about":[{"href":"https:\/\/www.hydraulic-cylinders.net\/ro\/wp-json\/wp\/v2\/types\/product"}],"replies":[{"embeddable":true,"href":"https:\/\/www.hydraulic-cylinders.net\/ro\/wp-json\/wp\/v2\/comments?post=1758"}],"wp:featuredmedia":[{"embeddable":true,"href":"https:\/\/www.hydraulic-cylinders.net\/ro\/wp-json\/wp\/v2\/media\/1760"}],"wp:attachment":[{"href":"https:\/\/www.hydraulic-cylinders.net\/ro\/wp-json\/wp\/v2\/media?parent=1758"}],"wp:term":[{"taxonomy":"product_brand","embeddable":true,"href":"https:\/\/www.hydraulic-cylinders.net\/ro\/wp-json\/wp\/v2\/product_brand?post=1758"},{"taxonomy":"product_cat","embeddable":true,"href":"https:\/\/www.hydraulic-cylinders.net\/ro\/wp-json\/wp\/v2\/product_cat?post=1758"},{"taxonomy":"product_tag","embeddable":true,"href":"https:\/\/www.hydraulic-cylinders.net\/ro\/wp-json\/wp\/v2\/product_tag?post=1758"}],"curies":[{"name":"wp","href":"https:\/\/api.w.org\/{rel}","templated":true}]}}