{"id":17606,"date":"2025-03-18T06:59:19","date_gmt":"2025-03-18T06:59:19","guid":{"rendered":"https:\/\/www.hydraulic-cylinders.net\/?post_type=product&#038;p=17606"},"modified":"2025-04-11T01:44:46","modified_gmt":"2025-04-11T01:44:46","slug":"lift-hydraulic-cylinders-for-forward-moving-forklift","status":"publish","type":"product","link":"https:\/\/www.hydraulic-cylinders.net\/ro\/produs\/lift-hydraulic-cylinders-for-forward-moving-forklift\/","title":{"rendered":"Cilindri hidraulici de ridicare pentru stivuitoare cu mi\u0219care \u00eenainte"},"content":{"rendered":"<h1 style=\"text-align: center;\"><strong>Cilindri hidraulici de ridicare pentru stivuitor cu mi\u0219care \u00eenainte<\/strong><\/h1>\n<p>Cilindrii hidraulici de ridicare sunt componente esen\u021biale ale stivuitoarelor cu mi\u0219care \u00eenainte, asigur\u00e2nd puterea de ridicare necesar\u0103 pentru a manipula eficient sarcini grele. Ace\u0219ti cilindri transform\u0103 presiunea hidraulic\u0103 \u00een for\u021b\u0103 mecanic\u0103, permi\u021b\u00e2nd stivuitoarelor s\u0103 ridice \u0219i s\u0103 coboare sarcini cu precizie. Designul lor robust \u0219i performan\u021ba fiabil\u0103 \u00eei fac indispensabili \u00een diverse aplica\u021bii industriale, sporind productivitatea \u0219i siguran\u021ba.<\/p>\n<p>Cilindrii hidraulici de ridicare sunt vitali pentru func\u021bionarea eficient\u0103 a stivuitoarelor cu mi\u0219care \u00eenainte. Capacitatea lor mare de \u00eenc\u0103rcare, construc\u021bia durabil\u0103 \u0219i func\u021bionarea lin\u0103 \u00eei fac indispensabili \u00een diverse aplica\u021bii industriale. Prin \u00een\u021belegerea caracteristicilor lor, a metodelor corecte de utilizare \u0219i a cerin\u021belor de \u00eentre\u021binere, operatorii pot maximiza performan\u021ba \u0219i siguran\u021ba echipamentelor lor, sporind \u00een cele din urm\u0103 productivitatea \u00een sarcinile de manipulare a materialelor. Investi\u021bia \u00een cilindri hidraulici de ridicare de \u00eenalt\u0103 calitate asigur\u0103 opera\u021biuni fiabile \u0219i eficiente, cruciale pentru succesul oric\u0103rei afaceri.<\/p>\n<h1 style=\"text-align: center;\"><img loading=\"lazy\" decoding=\"async\" class=\"alignnone wp-image-17609\" src=\"https:\/\/www.hydraulic-cylinders.net\/wp-content\/uploads\/2025\/03\/Lift-hydraulic-cylinders-for-Forward-moving-forklift--scaled.webp\" alt=\"\" width=\"500\" height=\"500\" \/><\/h1>\n<p style=\"text-align: center;\"><strong>Cilindri hidraulici de ridicare ai stivuitorului cu pale\u021bi<\/strong><\/p>\n<h2><strong>Cilindri hidraulici de ridicare pentru stivuitoare cu mi\u0219care \u00eenainte <\/strong><strong>Specifica\u021bii tehnice<\/strong><strong>:<\/strong><\/h2>\n<p><strong>Func\u0163ie:<\/strong> Pentru a realiza ac\u021biunea de ridicare \u0219i cobor\u00e2re a portalului<br \/>\n<strong>Diametrul cilindrului:<\/strong> 45mm-75mm<br \/>\n<strong>Diametrul tijei:<\/strong> 45mm-65mm<br \/>\n<strong>Voiaj:<\/strong> 500mm-3980mm<br \/>\n<strong>Presiune maxim\u0103:<\/strong> 21MPa<br \/>\n<strong>Trac\u021biune maxim\u0103:<\/strong> 93KN<\/p>\n<h2><strong>Serie de cilindri pentru stivuitoare cu mi\u0219care \u00eenainte:\u00a0<\/strong><\/h2>\n<h2><img loading=\"lazy\" decoding=\"async\" class=\"alignnone size-full wp-image-17611\" src=\"https:\/\/www.hydraulic-cylinders.net\/wp-content\/uploads\/2025\/03\/Forward-moving-forklift-hydraulic-cylinders-construction.webp\" alt=\"Construc\u021bia cilindrilor hidraulici pentru stivuitoare cu mi\u0219care \u00eenainte\" width=\"1100\" height=\"615\" srcset=\"https:\/\/www.hydraulic-cylinders.net\/wp-content\/uploads\/2025\/03\/Forward-moving-forklift-hydraulic-cylinders-construction.webp 1100w, https:\/\/www.hydraulic-cylinders.net\/wp-content\/uploads\/2025\/03\/Forward-moving-forklift-hydraulic-cylinders-construction-980x548.webp 980w, https:\/\/www.hydraulic-cylinders.net\/wp-content\/uploads\/2025\/03\/Forward-moving-forklift-hydraulic-cylinders-construction-480x268.webp 480w\" sizes=\"(min-width: 0px) and (max-width: 480px) 480px, (min-width: 481px) and (max-width: 980px) 980px, (min-width: 981px) 1100px, 100vw\" \/><\/h2>\n<h2><strong>Caracteristici cheie ale cilindrilor hidraulici de ridicare pentru stivuitorul cu mi\u0219care \u00eenainte<\/strong><strong>:<\/strong><\/h2>\n<ul>\n<li><strong>Capacitate mare de \u00eenc\u0103rcare:<\/strong> Cilindrii hidraulici de ridicare sunt special concepu\u021bi pentru a manipula greut\u0103\u021bi substan\u021biale, oferind rezisten\u021ba necesar\u0103 pentru ridicarea \u00een siguran\u021b\u0103 a sarcinilor grele. Aceast\u0103 capacitate este crucial\u0103 \u00een prevenirea accidentelor, deoarece asigur\u0103 c\u0103 stivuitorul func\u021bioneaz\u0103 \u00een limitele de sarcin\u0103. Prin facilitarea manipul\u0103rii eficiente a materialelor, ace\u0219ti cilindri sporesc productivitatea \u0219i reduc timpul necesar sarcinilor de ridicare, permi\u021b\u00e2nd operatorilor s\u0103 se concentreze asupra altor activit\u0103\u021bi esen\u021biale.<\/li>\n<li><strong>Construc\u021bie durabil\u0103:<\/strong> Construi\u021bi din materiale de \u00eenalt\u0103 rezisten\u021b\u0103, cilindrii hidraulici de ridicare rezist\u0103 la uzur\u0103 chiar \u0219i \u00een cele mai solicitante medii. Designul lor robust nu numai c\u0103 asigur\u0103 performan\u021be de lung\u0103 durat\u0103, dar minimizeaz\u0103 semnificativ riscul de defec\u021biuni mecanice. Aceast\u0103 durabilitate se traduce prin costuri de \u00eentre\u021binere mai mici \u0219i mai pu\u021bini timpi de nefunc\u021bionare, f\u0103c\u00e2nd din ace\u0219ti cilindri o alegere rentabil\u0103 pentru companiile care caut\u0103 echipamente fiabile care s\u0103 reziste rigorilor utiliz\u0103rii zilnice.<\/li>\n<li><strong>Func\u021bionare lin\u0103:<\/strong> Sistemul hidraulic din cadrul acestor cilindri asigur\u0103 ac\u021biuni de ridicare \u0219i cobor\u00e2re constante \u0219i line, ceea ce este vital pentru men\u021binerea stabilit\u0103\u021bii sarcinii. Prin minimizarea \u0219ocurilor \u0219i vibra\u021biilor \u00een timpul func\u021bion\u0103rii, cilindrii hidraulici de ridicare sporesc siguran\u021ba at\u00e2t pentru operator, c\u00e2t \u0219i pentru personalul din jur. Aceast\u0103 func\u021bionare lin\u0103 contribuie, de asemenea, la un control mai bun la manipularea materialelor sensibile sau fragile, asigur\u00e2nd c\u0103 acestea r\u0103m\u00e2n \u00een siguran\u021b\u0103 pe tot parcursul procesului de ridicare.<\/li>\n<li><strong>Design compact:<\/strong> Lift hydraulic cylinders come in a variety of sizes to accommodate different forklift models, allowing for seamless integration into existing equipment. This compact design does not compromise the vehicle&#8217;s maneuverability, enabling operators to navigate tight spaces with ease. The adaptability of these cylinders ensures that they can be used across various applications without requiring significant modifications to the forklift.<\/li>\n<li><strong>Aplica\u021bii versatile:<\/strong> Ace\u0219ti cilindri hidraulici sunt potrivi\u021bi pentru o gam\u0103 larg\u0103 de industrii, inclusiv logistic\u0103, produc\u021bie \u0219i construc\u021bii. Versatilitatea lor \u00eei face adaptabili la diverse nevoi opera\u021bionale, de la stivuirea \u0219i recuperarea \u00een depozite p\u00e2n\u0103 la ridicarea de greut\u0103\u021bi grele pe \u0219antierele de construc\u021bii. Aceast\u0103 aplicabilitate larg\u0103 permite companiilor s\u0103 utilizeze cilindrii hidraulici de ridicare \u00een mai multe situa\u021bii, optimiz\u00e2nd procesele de manipulare a materialelor \u0219i \u00eembun\u0103t\u0103\u021bind eficien\u021ba general\u0103.<\/li>\n<\/ul>\n<h2><strong>Cazuri de utilizare pentru cilindri hidraulici de ridicare pentru stivuitoare cu mi\u0219care \u00eenainte<\/strong><strong>:<\/strong><\/h2>\n<p>Cilindrii hidraulici de ridicare joac\u0103 un rol crucial \u00een \u00eembun\u0103t\u0103\u021birea func\u021bionalit\u0103\u021bii \u0219i eficien\u021bei stivuitoarelor cu mi\u0219c\u0103ri \u00eenainte. Iat\u0103 c\u00e2teva cazuri cheie de utilizare care eviden\u021biaz\u0103 importan\u021ba lor \u00een diverse industrii:<\/p>\n<h3>1. <strong>Opera\u021biuni \u00een depozit<\/strong><\/h3>\n<p>\u00cen depozite, cilindrii hidraulici de ridicare permit stivuitoarelor s\u0103 stivuiasc\u0103 \u0219i s\u0103 recupereze pale\u021bi la diferite \u00een\u0103l\u021bimi. Aceast\u0103 capacitate optimizeaz\u0103 spa\u021biul de depozitare vertical\u0103 \u0219i permite accesul rapid la inventar, eficientiz\u00e2nd opera\u021biunile \u0219i \u00eembun\u0103t\u0103\u021bind eficien\u021ba general\u0103.<\/p>\n<h3>2. <strong>\u00cenc\u0103rcare \u0219i desc\u0103rcare<\/strong><\/h3>\n<p>Cilindrii hidraulici de ridicare faciliteaz\u0103 \u00eenc\u0103rcarea \u0219i desc\u0103rcarea m\u0103rfurilor din camioane \u0219i containere. Permi\u021b\u00e2nd stivuitoarelor s\u0103 ridice \u0219i s\u0103 coboare sarcinile f\u0103r\u0103 probleme, ace\u0219tia reduc la minimum riscul de deteriorare a produselor \u0219i reduc timpul petrecut cu aceste sarcini, sporind productivitatea general\u0103.<\/p>\n<h3>3. <strong>Prepararea comenzilor<\/strong><\/h3>\n<p>\u00cen mediile \u00een care preluarea comenzilor este esen\u021bial\u0103, cilindrii hidraulici permit stivuitoarelor s\u0103 se pozi\u021bioneze cu precizie la \u00een\u0103l\u021bimea necesar\u0103 pentru a accesa articole specifice. Aceast\u0103 func\u021bionalitate \u00eembun\u0103t\u0103\u021be\u0219te precizia \u00een \u00eendeplinirea comenzilor \u0219i cre\u0219te eficien\u021ba opera\u021bional\u0103 general\u0103.<\/p>\n<h3>4. <strong>Cross-Docking<\/strong><\/h3>\n<p>\u00cen opera\u021biunile de cross-docking, unde produsele sunt transferate direct de la transportul de intrare la cel de ie\u0219ire, cilindrii hidraulici de ridicare ajut\u0103 la mutarea rapid\u0103 \u0219i eficient\u0103 a pale\u021bilor. Acest lucru reduce timpul de manipulare \u0219i asigur\u0103 un flux lin de m\u0103rfuri prin lan\u021bul de aprovizionare.<\/p>\n<h3>5. <strong>Facilit\u0103\u021bi de produc\u021bie<\/strong><\/h3>\n<p>\u00cen mediile de produc\u021bie, cilindrii hidraulici de ridicare ajut\u0103 la transportul materiilor prime \u0219i al produselor finite \u00eentre diferite etape de produc\u021bie. Capacitatea lor de a ridica \u00een siguran\u021b\u0103 articole grele \u00eembun\u0103t\u0103\u021be\u0219te fluxul de lucru \u0219i productivitatea pe liniile de asamblare.<\/p>\n<p>C\u0103uta\u021bi cilindri pentru stivuitoare de mare tonaj? Consulta\u021bi oferta noastr\u0103 <a href=\"https:\/\/www.hydraulic-cylinders.net\/ro\/forklift-hydraulic-cylinder\/\">Cilindri hidraulici de mare putere<\/a>.<\/p>\n<h2><strong>Zona de produc\u021bie a cilindrilor pentru stivuitoare:<\/strong><\/h2>\n<h2><img loading=\"lazy\" decoding=\"async\" class=\"alignnone size-full wp-image-16972\" src=\"https:\/\/www.hydraulic-cylinders.net\/wp-content\/uploads\/2025\/01\/hydraulic-cylinder-factory-1-scaled.webp\" sizes=\"(min-width: 0px) and (max-width: 480px) 480px, (min-width: 481px) and (max-width: 980px) 980px, (min-width: 981px) and (max-width: 1280px) 1280px, (min-width: 1281px) 2016px, 100vw\" srcset=\"https:\/\/www.hydraulic-cylinders.net\/wp-content\/uploads\/2025\/01\/hydraulic-cylinder-factory-1-scaled.webp 2016w, https:\/\/www.hydraulic-cylinders.net\/wp-content\/uploads\/2025\/01\/hydraulic-cylinder-factory-1-1280x1625.webp 1280w, https:\/\/www.hydraulic-cylinders.net\/wp-content\/uploads\/2025\/01\/hydraulic-cylinder-factory-1-980x1244.webp 980w, https:\/\/www.hydraulic-cylinders.net\/wp-content\/uploads\/2025\/01\/hydraulic-cylinder-factory-1-480x610.webp 480w\" alt=\"\" width=\"2016\" height=\"2560\" \/><\/h2>\n<p>Avem o platform\u0103 independent\u0103 de cercetare \u0219i dezvoltare de prim\u0103 clas\u0103 pentru asamblare. Atelierul de produc\u021bie a cilindrilor pentru stivuitoare are patru linii de asamblare semiautomate pentru cilindri de ridicare \u0219i o linie de asamblare complet automat\u0103 pentru cilindri \u00eenclina\u021bi, cu o capacitate anual\u0103 de produc\u021bie proiectat\u0103 de milioane de buc\u0103\u021bi. Atelierul special pentru cilindri are sisteme semiautomate de cur\u0103\u021bare \u0219i asamblare cu diverse specifica\u021bii, cu o capacitate anual\u0103 de produc\u021bie proiectat\u0103 de 200.000 de buc\u0103\u021bi. Este echipat cu echipamente de prelucrare CNC de marc\u0103 renumit\u0103, centre de prelucrare, echipamente speciale pentru prelucrarea cilindrilor de \u00eenalt\u0103 precizie, ma\u0219ini de sudur\u0103 robotizate, ma\u0219ini de cur\u0103\u021bare automat\u0103, ma\u0219ini automate de asamblare a cilindrilor \u0219i linii automate de produc\u021bie a vopselei. Avem peste 300 de seturi de echipamente cheie \u00een func\u021biune. Alocarea optimizat\u0103 \u0219i utilizarea eficient\u0103 a resurselor echipamentelor asigur\u0103 cerin\u021bele de precizie ale produselor \u0219i \u00eendeplinesc cerin\u021bele de calitate \u00eenalte ale produselor.<\/p>\n<p>Atelierul de prelucrare este echipat cu centre de strunjire cu ghidaj \u00eenclinat, centre de prelucrare, ma\u0219ini de honuit de mare vitez\u0103, robo\u021bi de sudur\u0103 \u0219i alte echipamente relevante, care pot gestiona lucr\u0103rile de prelucrare a \u021bevilor cilindrice cu un diametru interior maxim de 400 mm \u0219i o lungime maxim\u0103 de 6 metri.<\/p>\n<h2><img loading=\"lazy\" decoding=\"async\" class=\"alignnone size-full wp-image-16973\" src=\"https:\/\/www.hydraulic-cylinders.net\/wp-content\/uploads\/2025\/01\/hydraulic-cylinder-factory-2-scaled.webp\" sizes=\"(min-width: 0px) and (max-width: 480px) 480px, (min-width: 481px) and (max-width: 980px) 980px, (min-width: 981px) and (max-width: 1280px) 1280px, (min-width: 1281px) 2011px, 100vw\" srcset=\"https:\/\/www.hydraulic-cylinders.net\/wp-content\/uploads\/2025\/01\/hydraulic-cylinder-factory-2-scaled.webp 2011w, https:\/\/www.hydraulic-cylinders.net\/wp-content\/uploads\/2025\/01\/hydraulic-cylinder-factory-2-1280x1629.webp 1280w, https:\/\/www.hydraulic-cylinders.net\/wp-content\/uploads\/2025\/01\/hydraulic-cylinder-factory-2-980x1248.webp 980w, https:\/\/www.hydraulic-cylinders.net\/wp-content\/uploads\/2025\/01\/hydraulic-cylinder-factory-2-480x611.webp 480w\" alt=\"\" width=\"2011\" height=\"2560\" \/><\/h2>\n<p>Avem o linie de vopsire pe baz\u0103 de ap\u0103 complet automat\u0103 pentru cilindri mici \u0219i medii, care realizeaz\u0103 \u00eenc\u0103rcare \u0219i desc\u0103rcare automat\u0103 \u0219i robo\u021bi de pulverizare automat\u0103 cu o capacitate de produc\u021bie proiectat\u0103 de 4000 de locuri pe schimb. Avem o alt\u0103 linie de vopsire semiautomat\u0103 pentru cilindri de dimensiuni mari, ac\u021bionat\u0103 de un lan\u021b electric, iar capacitatea proiectat\u0103 este de 60 de l\u0103zi pe schimb.<\/p>\n<p>Pentru a \u00eembun\u0103t\u0103\u021bi \u00een continuare performan\u021ba produselor \u0219i a stabili pozi\u021bia de lider a cilindrilor no\u0219tri hidraulici \u00een industrie, compania noastr\u0103 \u0219i zjimee au \u00eenfiin\u021bat \u00eempreun\u0103 un laborator cuprinz\u0103tor de performan\u021b\u0103 pentru cilindri hidraulici, valve hidraulice \u0219i pompe hidraulice; laboratorul este asistat de calculator folosind tehnologie electrohidraulic\u0103, condi\u021biile de testare fiind presetate de un calculator, ceea ce \u00eembun\u0103t\u0103\u021be\u0219te precizia test\u0103rii \u0219i versatilitatea sistemului, precum \u0219i datele experimentale.<\/p>\n<p>Colectarea automat\u0103 se realizeaz\u0103 prin aplicarea senzorilor, iar datele de ie\u0219ire, cum ar fi scurgerile interne \u0219i eficien\u021ba \u00eenc\u0103rc\u0103rii cilindrului sau a supapei, sunt procesate direct de computer \u0219i convertite \u00een unit\u0103\u021bi standard (ml\/min%). \u00cen acela\u0219i timp, pentru a asigura siguran\u021ba \u00een func\u021bionare a sistemului hidraulic, func\u021bia de monitorizare a st\u0103rii este efectuat\u0103 pentru parametrii cheie de performan\u021b\u0103, cum ar fi \u201emonitorizarea temperaturii uleiului, monitorizarea nivelului lichidului, monitorizarea dispozitivului de filtrare\u201d etc. Printre ace\u0219tia, standul de testare a cilindrului hidraulic poate testa performan\u021ba \u201esarcinii\u201d.<br \/>\n\u201eeficien\u021b\u0103\u201d \u0219i \u201escurgeri interne\u201d prin citiri. \u00cen acela\u0219i timp, este echipat cu un instrument de m\u0103surare cu rigl\u0103 tip gr\u0103tar care \u00eendepline\u0219te cerin\u021bele tuturor elementelor de testare ale produselor cu cilindri hidraulici, conform standardului na\u021bional.<\/p>","protected":false},"excerpt":{"rendered":"<p>Lift Hydraulic Cylinders For Forward Moving Forklift Lift hydraulic cylinders are essential components of forward moving forklifts, providing the necessary lifting power to handle heavy loads efficiently. These cylinders convert hydraulic pressure into mechanical force, enabling forklifts to raise and lower loads with precision. Their robust design and reliable performance make them indispensable in various [&hellip;]<\/p>","protected":false},"featured_media":17610,"comment_status":"open","ping_status":"closed","template":"","meta":{"_et_pb_use_builder":"","_et_pb_old_content":"","_et_gb_content_width":""},"product_brand":[],"product_cat":[1484,1549],"product_tag":[],"class_list":{"0":"post-17606","1":"product","2":"type-product","3":"status-publish","4":"has-post-thumbnail","6":"product_cat-forklift-hydraulic-cylinders","7":"product_cat-single-acting-hydraulic-cylinder","9":"first","10":"instock","11":"shipping-taxable","12":"product-type-simple"},"amp_enabled":true,"_links":{"self":[{"href":"https:\/\/www.hydraulic-cylinders.net\/ro\/wp-json\/wp\/v2\/product\/17606","targetHints":{"allow":["GET"]}}],"collection":[{"href":"https:\/\/www.hydraulic-cylinders.net\/ro\/wp-json\/wp\/v2\/product"}],"about":[{"href":"https:\/\/www.hydraulic-cylinders.net\/ro\/wp-json\/wp\/v2\/types\/product"}],"replies":[{"embeddable":true,"href":"https:\/\/www.hydraulic-cylinders.net\/ro\/wp-json\/wp\/v2\/comments?post=17606"}],"wp:featuredmedia":[{"embeddable":true,"href":"https:\/\/www.hydraulic-cylinders.net\/ro\/wp-json\/wp\/v2\/media\/17610"}],"wp:attachment":[{"href":"https:\/\/www.hydraulic-cylinders.net\/ro\/wp-json\/wp\/v2\/media?parent=17606"}],"wp:term":[{"taxonomy":"product_brand","embeddable":true,"href":"https:\/\/www.hydraulic-cylinders.net\/ro\/wp-json\/wp\/v2\/product_brand?post=17606"},{"taxonomy":"product_cat","embeddable":true,"href":"https:\/\/www.hydraulic-cylinders.net\/ro\/wp-json\/wp\/v2\/product_cat?post=17606"},{"taxonomy":"product_tag","embeddable":true,"href":"https:\/\/www.hydraulic-cylinders.net\/ro\/wp-json\/wp\/v2\/product_tag?post=17606"}],"curies":[{"name":"wp","href":"https:\/\/api.w.org\/{rel}","templated":true}]}}