{"id":1761,"date":"2023-10-13T05:50:50","date_gmt":"2023-10-13T05:50:50","guid":{"rendered":"https:\/\/hydraulic-cylinders.net\/?post_type=product&#038;p=1761"},"modified":"2025-04-15T05:55:24","modified_gmt":"2025-04-15T05:55:24","slug":"cutter-suction-dredger-inverted-pile-cylinder","status":"publish","type":"product","link":"https:\/\/www.hydraulic-cylinders.net\/ro\/produs\/cutter-suction-dredger-inverted-pile-cylinder\/","title":{"rendered":"Cilindru inversat pentru gr\u0103mezi cu aspira\u021bie cu t\u0103ietor"},"content":{"rendered":"<h1 style=\"text-align: center;\"><strong>Cilindru inversat pentru gr\u0103mezi cu aspira\u021bie cu t\u0103ietor<\/strong><\/h1>\n<p><img loading=\"lazy\" decoding=\"async\" class=\"aligncenter wp-image-1763\" src=\"https:\/\/hydraulic-cylinders.net\/wp-content\/uploads\/2023\/10\/cutter-suction-dredger-inverted-pile-cylinder-1-300x300.webp\" alt=\"\" width=\"400\" height=\"400\" \/><\/p>\n<p>Cilindrul inversat pentru dragarea cu aspira\u021bie cu frez\u0103 este un dispozitiv hidraulic inovator care transform\u0103 proiectele de construc\u021bii marine. Cu designul s\u0103u inovator \u0219i performan\u021ba excep\u021bional\u0103, acest cilindru este crucial pentru opera\u021biunile moderne de dragare.<\/p>\n<p>Cilindrul inversat pentru pilo\u021bi al dragei cu aspira\u021bie \u0219i frez\u0103 a revolu\u021bionat construc\u021biile marine, oferind performan\u021be excep\u021bionale \u00een opera\u021biunile de piloni. Designul s\u0103u inversat, capacitatea de presiune ridicat\u0103 \u0219i rezisten\u021ba la coroziune \u00eel fac un dispozitiv hidraulic fiabil \u0219i durabil. Prin respectarea metodelor de utilizare corecte \u0219i efectuarea unei \u00eentre\u021bineri regulate, profesioni\u0219tii din construc\u021biile marine pot maximiza eficien\u021ba \u0219i precizia proiectelor lor. \u00cembr\u0103\u021bi\u0219a\u021bi puterea cilindrului inversat pentru pilo\u021bi al dragei cu aspira\u021bie \u0219i frez\u0103 \u0219i experimenta\u021bi diferen\u021ba pe care o poate face \u00een eforturile dumneavoastr\u0103 de construc\u021bie maritim\u0103.<\/p>\n<p>Caracteristici cheie ale cilindrului inversat pentru gr\u0103mad\u0103 de dragare cu aspira\u021bie cu t\u0103ietor:<\/p>\n<ul>\n<li>Design inversat: Cilindrul de piloni inversat al dragei cu aspira\u021bie cu frez\u0103 se m\u00e2ndre\u0219te cu o configura\u021bie inversat\u0103 unic\u0103, cu tija pistonului extinz\u00e2ndu-se \u00een jos din cilindru. Acest design permite opera\u021biuni de piloni eficiente \u0219i precise \u00een medii marine.<\/li>\n<li>Capacitate de \u00eenalt\u0103 presiune: Acest cilindru este proiectat s\u0103 reziste la condi\u021bii de \u00eenalt\u0103 presiune, asigur\u00e2nd performan\u021be fiabile \u0219i robuste chiar \u0219i \u00een proiectele dificile de construc\u021bii maritime. Acesta ofer\u0103 puterea \u0219i for\u021ba necesare pentru baterea pilo\u021bilor \u00een fundul m\u0103rii cu o precizie excep\u021bional\u0103.<\/li>\n<li>Rezisten\u021b\u0103 la coroziune: Construit din materiale de \u00eenalt\u0103 calitate, cilindrul cu pilo\u021bi inversa\u021bi prezint\u0103 o rezisten\u021b\u0103 excelent\u0103 la coroziune, rugin\u0103 \u0219i abraziune. Aceast\u0103 caracteristic\u0103 \u00eei spore\u0219te durabilitatea, f\u0103c\u00e2ndu-l potrivit pentru utilizare prelungit\u0103 \u00een condi\u021bii marine dure.<\/li>\n<\/ul>\n<h2><strong>Parametrul cilindrului inversat pentru gr\u0103mezi de dragare cu aspira\u021bie cu t\u0103ietor:<\/strong><\/h2>\n<table border=\"1\" cellspacing=\"0\" cellpadding=\"0\">\n<tbody>\n<tr>\n<td>Nume produs<\/td>\n<td>Cilindru inversat pentru gr\u0103mezi cu aspira\u021bie cu t\u0103ietor<\/td>\n<\/tr>\n<tr>\n<td>Caracteristici:<\/td>\n<td>Asigura\u021bi for\u021ba de \u00eempingere \u0219i tragere pentru retragerea \u0219i desf\u0103\u0219urarea pilonului de o\u021bel<\/td>\n<\/tr>\n<tr>\n<td>Diametrul alezajului:<\/td>\n<td>P\u00e2n\u0103 la 620 mm<\/td>\n<\/tr>\n<tr>\n<td>Diametrul tijei:<\/td>\n<td>P\u00e2n\u0103 la 360 mm<br \/>\nCurs\u0103 de p\u00e2n\u0103 la 5200 mm<\/td>\n<\/tr>\n<tr>\n<td>Presiune:<\/td>\n<td>p\u00e2n\u0103 la 32MPa<\/td>\n<\/tr>\n<tr>\n<td>For\u021ba de \u00eempingere:<\/td>\n<td>Maxim 7500KN<\/td>\n<\/tr>\n<tr>\n<td>For\u021ba de trac\u021biune:<\/td>\n<td>Maxim 5000KN<\/td>\n<\/tr>\n<tr>\n<td>Aplica\u021bii:<\/td>\n<td>Drag\u0103 cu aspira\u021bie cu t\u0103ietor<\/td>\n<\/tr>\n<\/tbody>\n<\/table>\n<div><\/div>\n<div>\n<div class=\"txtboxL\">Caracteristici:<\/div>\n<div class=\"txtboxR\">Asigura\u021bi for\u021ba de \u00eempingere \u0219i tragere pentru retragerea \u0219i desf\u0103\u0219urarea pilonului de o\u021bel<\/div>\n<div class=\"txtboxL\">Specifica\u021bii:<\/div>\n<div class=\"txtboxR\">Diametrul g\u0103urii: p\u00e2n\u0103 la 620 mm<br \/>\nDiametrul tijei: p\u00e2n\u0103 la 360 mm<br \/>\nCurs\u0103 de p\u00e2n\u0103 la 5200 mm<\/div>\n<div class=\"txtboxL\">Presiune:<\/div>\n<div class=\"txtboxR\">p\u00e2n\u0103 la 32MPa<\/div>\n<div class=\"txtboxL\">For\u021ba de \u00eempingere:<\/div>\n<div class=\"txtboxR\">Maxim 7500KN<\/div>\n<div class=\"txtboxL\">For\u021ba de trac\u021biune:<\/div>\n<div class=\"txtboxR\">Maxim 5000KN<\/div>\n<\/div>\n<h2><strong>Aplica\u021bie pentru cilindrii de aspira\u021bie pentru t\u0103ietorul de rezervor de dragare:<\/strong><\/h2>\n<p><img loading=\"lazy\" decoding=\"async\" class=\"alignnone wp-image-1757 size-full\" src=\"https:\/\/hydraulic-cylinders.net\/wp-content\/uploads\/2023\/10\/dredger-tank-cylinder-1.webp\" alt=\"\" width=\"600\" height=\"400\" srcset=\"https:\/\/hydraulic-cylinders.net\/wp-content\/uploads\/2023\/10\/dredger-tank-cylinder-1.webp 600w, https:\/\/hydraulic-cylinders.net\/wp-content\/uploads\/2023\/10\/dredger-tank-cylinder-1-480x320.webp 480w\" sizes=\"(min-width: 0px) and (max-width: 480px) 480px, (min-width: 481px) 600px, 100vw\" \/><\/p>\n<h2><strong>Metoda de utilizare a cilindrului inversat pentru gr\u0103mad\u0103 de dragare cu aspira\u021bie cu t\u0103ietor<\/strong><strong>:<\/strong><\/h2>\n<ul>\n<li><strong>Preparare:<\/strong> \u00cenainte de a utiliza cilindrul cu pilo\u021bi inversa\u021bi al dragei cu aspira\u021bie cu frez\u0103, asigura\u021bi-v\u0103 c\u0103 sunt luate toate m\u0103surile de siguran\u021b\u0103. Efectua\u021bi o inspec\u021bie vizual\u0103 pentru a verifica dac\u0103 cilindrul \u0219i componentele sale sunt \u00een stare bun\u0103, f\u0103r\u0103 semne de deteriorare sau scurgeri.<\/li>\n<li><strong>Pozi\u021bionare:<\/strong> Pozi\u021biona\u021bi cilindrul \u00een loca\u021bia dorit\u0103 pentru piloni. Asigura\u021bi-v\u0103 c\u0103 este fixat \u00een siguran\u021b\u0103 la drag\u0103 sau la alt echipament, asigur\u00e2nd stabilitate \u0219i sus\u021binere \u00een timpul opera\u021biunii.<\/li>\n<li><strong>Conexiune:<\/strong> Conecta\u021bi furtunurile sau fitingurile hidraulice la orificiile corespunz\u0103toare de pe cilindru \u0219i de la sursa de alimentare hidraulic\u0103. Verifica\u021bi dac\u0103 leg\u0103turile sunt fixate, f\u0103r\u0103 scurgeri \u0219i aliniate corect.<\/li>\n<li><strong>Reglarea lungimii cursei:<\/strong> Adjust the stroke length of the cylinder according to the required piling depth. This can typically be done using the controls or mechanisms provided. Follow the manufacturer&#8217;s instructions to ensure precise adjustment.<\/li>\n<li><strong>Opera\u021biunea de pilire:<\/strong> Activa\u021bi sursa de energie hidraulic\u0103 pentru a ini\u021bia opera\u021biunea de piloni. Cilindrul inversat al pilo\u021bilor de la draga cu aspira\u021bie va exercita o for\u021b\u0103 controlat\u0103 pentru a \u00eempinge pilo\u021bii \u00een fundul m\u0103rii. Monitoriza\u021bi \u00eendeaproape procesul, asigur\u00e2ndu-v\u0103 c\u0103 se ob\u021bine ad\u00e2ncimea \u0219i precizia dorite.<\/li>\n<\/ul>\n<h2><strong>Cum se \u00eenlocuiesc garniturile de etan\u0219are la un cilindru hidraulic?<\/strong><\/h2>\n<p>Replacing seals on a hydraulic cylinder is a common maintenance task that helps restore its performance and prevent leaks. Here&#8217;s a step-by-step guide on how to replace seals on a hydraulic cylinder:<\/p>\n<ol>\n<li><strong>M\u0103suri de siguran\u021b\u0103:<\/strong>\n<ul>\n<li>Asigura\u021bi-v\u0103 c\u0103 sistemul hidraulic este depresurizat \u0219i c\u0103 cilindrul este complet extins.<\/li>\n<li>Urma\u021bi procedurile adecvate de blocare\/etichetare pentru a preveni activarea accidental\u0103 a sistemului.<\/li>\n<\/ul>\n<\/li>\n<li><strong>Demontarea cilindrului:<\/strong>\n<ul>\n<li>Deconecta\u021bi orice furtunuri sau fitinguri hidraulice conectate la cilindru.<\/li>\n<li>Scoate\u021bi orice \u0219tifturi sau \u0219uruburi de fixare care fixeaz\u0103 cilindrul de echipament.<\/li>\n<li>Glisa\u021bi sau manevra\u021bi cu grij\u0103 cilindrul pentru a-l scoate din suporturile sau conexiunile sale de montare.<\/li>\n<\/ul>\n<\/li>\n<li><strong>Identificarea sigiliului:<\/strong>\n<ul>\n<li>Identify the types and sizes of the seals that need replacement. This information can be found in the cylinder&#8217;s documentation or by measuring the old seals.<\/li>\n<\/ul>\n<\/li>\n<li><strong>Demontare:<\/strong>\n<ul>\n<li>A\u0219eza\u021bi cilindrul pe o suprafa\u021b\u0103 de lucru curat\u0103.<\/li>\n<li>Scoate\u021bi capacul (capacele) cilindrului folosind unelte adecvate, cum ar fi chei sau seturi de chei tubulare.<\/li>\n<li>Scoate\u021bi cu grij\u0103 pistonul, tija \u0219i garniturile vechi din \u021beava cilindrului.<\/li>\n<li>Re\u021bine\u021bi ordinea \u0219i orientarea componentelor pe m\u0103sur\u0103 ce le dezasambla\u021bi.<\/li>\n<\/ul>\n<\/li>\n<li><strong>\u00cendep\u0103rtarea sigiliului:<\/strong>\n<ul>\n<li>Scoate\u021bi cu grij\u0103 garniturile vechi din canelurile lor respective folosind unelte sau \u021b\u0103ru\u0219i pentru \u00eendep\u0103rtarea garniturilor.<\/li>\n<li>Ave\u021bi grij\u0103 s\u0103 nu deteriora\u021bi alezajul cilindrului sau alte suprafe\u021be \u00een timpul acestui proces.<\/li>\n<\/ul>\n<\/li>\n<li><strong>Cur\u0103\u021bare \u0219i inspec\u021bie:<\/strong>\n<ul>\n<li>Cur\u0103\u021ba\u021bi cilindrul, pistonul, tija \u0219i alte componente folosind un solvent de cur\u0103\u021bare adecvat pentru a \u00eendep\u0103rta murd\u0103ria, resturile \u0219i reziduurile de fluid hidraulic.<\/li>\n<li>Inspecta\u021bi toate piesele pentru a depista semne de deteriorare sau uzur\u0103, cum ar fi zg\u00e2rieturi, gropi sau cr\u0103p\u0103turi.<\/li>\n<li>\u00cenlocui\u021bi orice componente deteriorate sau uzate, dup\u0103 cum este necesar.<\/li>\n<\/ul>\n<\/li>\n<li><strong>Instalare nou\u0103 etan\u0219are:<\/strong>\n<ul>\n<li>Unge\u021bi noile garnituri cu ulei hidraulic \u00eenainte de a le instala.<\/li>\n<li>Introduce\u021bi cu grij\u0103 noile garnituri \u00een canelurile respective, asigur\u00e2ndu-v\u0103 c\u0103 sunt a\u0219ezate corect.<\/li>\n<li>Folosi\u021bi unelte de instalare a garniturilor sau metode improvizate adecvate pentru a presa garniturile uniform \u00een pozi\u021bie.<\/li>\n<li>Ave\u021bi grij\u0103 s\u0103 nu deteriora\u021bi garniturile \u00een timpul procesului de instalare.<\/li>\n<\/ul>\n<\/li>\n<li><strong>Reasamblare:<\/strong>\n<ul>\n<li>Instala\u021bi pistonul, tija \u0219i garniturile \u00eenapoi \u00een \u021beava cilindrului, respect\u00e2nd ordinea \u0219i orientarea corect\u0103.<\/li>\n<li>Aplica\u021bi un strat sub\u021bire de ulei hidraulic pe garnituri \u0219i alte suprafe\u021be de contact.<\/li>\n<li>Reata\u0219a\u021bi cu grij\u0103 capacele \u0219i str\u00e2nge\u021bi-le bine conform specifica\u021biilor produc\u0103torului.<\/li>\n<li>Asigura\u021bi-v\u0103 c\u0103 toate conexiunile filetate sunt aliniate \u0219i str\u00e2nse corespunz\u0103tor.<\/li>\n<\/ul>\n<\/li>\n<li><strong>Reinstalarea cilindrului:<\/strong>\n<ul>\n<li>Glisa\u021bi sau manevra\u021bi cilindrul reasamblat \u00eenapoi \u00een suporturile sau conexiunile sale de montare.<\/li>\n<li>Reata\u0219a\u021bi orice \u0219tifturi sau \u0219uruburi de fixare pentru a fixa cilindrul \u00een pozi\u021bie.<\/li>\n<li>Reconecta\u021bi furtunurile sau racordurile hidraulice la cilindru, asigur\u00e2ndu-v\u0103 c\u0103 sunt aliniate \u0219i etan\u0219ate corespunz\u0103tor.<\/li>\n<\/ul>\n<\/li>\n<li><strong>Testare \u0219i inspec\u021bie:<\/strong>\n<ul>\n<li>Represuriza\u021bi sistemul hidraulic \u0219i verifica\u021bi dac\u0103 exist\u0103 scurgeri sau func\u021bionare anormal\u0103.<\/li>\n<li>Extinde\u021bi \u0219i retrage\u021bi complet cilindrul pentru a asigura o mi\u0219care lin\u0103 \u0219i o func\u021bionare corect\u0103.<\/li>\n<li>Inspecta\u021bi cilindrul \u0219i conexiunile acestuia pentru a depista orice semne de scurgeri sau alte probleme.<\/li>\n<\/ul>\n<\/li>\n<\/ol>\n<h2><strong>Capabilitatea \u0219i capacitatea fabricii:<\/strong><\/h2>\n<h3>(1) Montaj<\/h3>\n<p>Avem o platform\u0103 de asamblare independent\u0103 de cercetare \u0219i dezvoltare de prim\u0103 clas\u0103. Atelierul de produc\u021bie a cilindrilor hidraulici are patru linii de asamblare semiautomate pentru cilindri de ridicare \u0219i o linie de asamblare automat\u0103 a cilindrilor de \u00eenclinare, cu o capacitate de produc\u021bie anual\u0103 proiectat\u0103 de 1 milion de buc\u0103\u021bi. Atelierul de cilindri speciali este echipat cu diverse specifica\u021bii ale unui sistem de asamblare semi-automat de cur\u0103\u021bare, cu o capacitate de produc\u021bie anual\u0103 proiectat\u0103 de 200.000 \u0219i dotat cu echipamente celebre de prelucrare CNC, un centru de prelucrare, un echipament special de prelucrare a cilindrilor de \u00eenalt\u0103 precizie, o ma\u0219in\u0103 de sudur\u0103 robotizat\u0103, o ma\u0219in\u0103 de cur\u0103\u021bare automat\u0103, o ma\u0219in\u0103 de asamblare automat\u0103 a cilindrilor \u0219i o linie de produc\u021bie automat\u0103 de vopsire. Echipamente critice existente de peste 300 de seturi (seturi). Alocarea optim\u0103 \u0219i utilizarea eficient\u0103 a resurselor de echipamente asigur\u0103 cerin\u021bele de precizie ale produselor \u0219i satisface nevoile de \u00eenalt\u0103 calitate ale produselor.<\/p>\n<p><img loading=\"lazy\" decoding=\"async\" class=\"alignnone wp-image-626\" src=\"https:\/\/hydraulic-cylinders.net\/wp-content\/uploads\/2023\/08\/hydraulic-cylinder-product-1-300x158.webp\" alt=\"\" width=\"495\" height=\"260\" srcset=\"https:\/\/hydraulic-cylinders.net\/wp-content\/uploads\/2023\/08\/hydraulic-cylinder-product-1-300x158.webp 495w, https:\/\/hydraulic-cylinders.net\/wp-content\/uploads\/2023\/08\/hydraulic-cylinder-product-1-480x252.webp 480w\" sizes=\"(min-width: 0px) and (max-width: 480px) 480px, (min-width: 481px) 495px, 100vw\" \/> <img loading=\"lazy\" decoding=\"async\" class=\"alignnone wp-image-627\" src=\"https:\/\/hydraulic-cylinders.net\/wp-content\/uploads\/2023\/08\/hydraulic-cylinder-product-2-300x189.webp\" alt=\"\" width=\"413\" height=\"260\" \/><\/p>\n<h3>(2) Prelucrare<\/h3>\n<p>Atelierul de prelucrare este echipat cu un centru de strunjire cu \u0219in\u0103 \u00eenclinat\u0103 personalizat, un centru de prelucrare, o ma\u0219in\u0103 de honuire de mare vitez\u0103, un robot de sudur\u0103 \u0219i alte echipamente conexe, care pot gestiona prelucrarea tuburilor cilindrice cu un diametru interior maxim de 400 mm \u0219i o lungime maxim\u0103 de 6 metri.<\/p>\n<p><img loading=\"lazy\" decoding=\"async\" class=\"alignnone wp-image-628 size-large\" src=\"https:\/\/hydraulic-cylinders.net\/wp-content\/uploads\/2023\/08\/hydraulic-cylinder-product-3-1024x391.webp\" alt=\"\" width=\"1024\" height=\"391\" srcset=\"https:\/\/hydraulic-cylinders.net\/wp-content\/uploads\/2023\/08\/hydraulic-cylinder-product-3-980x374.webp 980w, https:\/\/hydraulic-cylinders.net\/wp-content\/uploads\/2023\/08\/hydraulic-cylinder-product-3-480x183.webp 480w\" sizes=\"(min-width: 0px) and (max-width: 480px) 480px, (min-width: 481px) and (max-width: 980px) 980px, (min-width: 981px) 1024px, 100vw\" \/><\/p>\n<h3>(3) Sudur\u0103<\/h3>\n<p><img loading=\"lazy\" decoding=\"async\" class=\"alignnone wp-image-629 size-large\" src=\"https:\/\/hydraulic-cylinders.net\/wp-content\/uploads\/2023\/08\/hydraulic-cylinder-product-4-1024x510.webp\" alt=\"\" width=\"1024\" height=\"510\" srcset=\"https:\/\/hydraulic-cylinders.net\/wp-content\/uploads\/2023\/08\/hydraulic-cylinder-product-4-980x488.webp 980w, https:\/\/hydraulic-cylinders.net\/wp-content\/uploads\/2023\/08\/hydraulic-cylinder-product-4-480x239.webp 480w\" sizes=\"(min-width: 0px) and (max-width: 480px) 480px, (min-width: 481px) and (max-width: 980px) 980px, (min-width: 981px) 1024px, 100vw\" \/><\/p>\n<h3>(4) Vopsire \u0219i acoperire<\/h3>\n<p>Cu linii automate de acoperire cu vopsea pe baz\u0103 de ap\u0103 cu cilindru de dimensiuni mici \u0219i medii, pentru a realiza \u00eenc\u0103rcarea \u0219i desc\u0103rcarea automat\u0103 a robotului \u0219i pulverizarea automat\u0103, capacitatea de proiectare de 4000 de buc\u0103\u021bi pe schimb;<br \/>\nAvem, de asemenea, o linie de produc\u021bie semi-automat\u0103 de vopsire pentru cilindri mari, ac\u021bionat\u0103 de un lan\u021b de putere, cu o capacitate de proiectare de 60 de cutii pe schimb.<\/p>\n<p><img loading=\"lazy\" decoding=\"async\" class=\"alignnone wp-image-630\" src=\"https:\/\/hydraulic-cylinders.net\/wp-content\/uploads\/2023\/08\/hydraulic-cylinder-product-5-300x213.webp\" alt=\"\" width=\"366\" height=\"260\" \/> <img loading=\"lazy\" decoding=\"async\" class=\"alignnone wp-image-631\" src=\"https:\/\/hydraulic-cylinders.net\/wp-content\/uploads\/2023\/08\/hydraulic-cylinder-product-6-300x225.webp\" alt=\"\" width=\"347\" height=\"260\" \/><\/p>\n<h3>(5) Testarea<\/h3>\n<p>Dispunem de instala\u021bii de inspec\u021bie \u0219i bancuri de testare de prim\u0103 clas\u0103 pentru a ne asigura c\u0103 performan\u021ba cilindrului \u00eendepline\u0219te cerin\u021bele.<\/p>\n<p><img loading=\"lazy\" decoding=\"async\" class=\"alignnone wp-image-632\" src=\"https:\/\/hydraulic-cylinders.net\/wp-content\/uploads\/2023\/08\/hydraulic-cylinder-product-8-300x200.webp\" alt=\"\" width=\"389\" height=\"260\" \/><\/p>\n<p>&nbsp;<\/p>\n<p>&nbsp;<\/p>\n<p>Suntem unul dintre cei mai buni produc\u0103tori de cilindri hidraulici. Putem oferi o gam\u0103 complet\u0103 de cilindri hidraulici. De asemenea, oferim... <a href=\"https:\/\/hzpt.com\/agricultural-pto-gearbox\/\" target=\"_blank\" rel=\"noopener\">cutii de viteze agricole<\/a>Ne-am exportat produsele c\u0103tre clien\u021bi din \u00eentreaga lume \u0219i ne-am c\u00e2\u0219tigat o bun\u0103 reputa\u021bie datorit\u0103 calit\u0103\u021bii superioare a produselor noastre \u0219i a serviciilor post-v\u00e2nzare. \u00cei invit\u0103m pe clien\u021bii din \u021bar\u0103 \u0219i din str\u0103in\u0103tate s\u0103 ne contacteze pentru a negocia afaceri, a face schimb de informa\u021bii \u0219i... <a href=\"https:\/\/www.hydraulic-cylinders.net\/ro\/contact-us\/\">s\u0103 coopereze cu noi<\/a>!<\/p>","protected":false},"excerpt":{"rendered":"<p>Cutter Suction Dredger Inverted Pile Cylinder The cutter suction dredger inverted pile cylinder is a groundbreaking hydraulic device transforming marine construction projects. With its innovative design and exceptional performance, this cylinder is crucial to modern dredging operations. The cutter suction dredger inverted pile cylinder has revolutionized marine construction by offering exceptional performance in piling operations. [&hellip;]<\/p>","protected":false},"featured_media":1764,"comment_status":"open","ping_status":"closed","template":"","meta":{"_et_pb_use_builder":"","_et_pb_old_content":"","_et_gb_content_width":""},"product_brand":[],"product_cat":[1535,1549,1552,1376],"product_tag":[1380],"class_list":{"0":"post-1761","1":"product","2":"type-product","3":"status-publish","4":"has-post-thumbnail","6":"product_cat-dredger-hydraulic-cylinders","7":"product_cat-single-acting-hydraulic-cylinder","8":"product_cat-stainless-steel-hydraulic-cylinder","9":"product_cat-hydraulic-cylinder","10":"product_tag-hydraulic-cylinder","12":"first","13":"instock","14":"shipping-taxable","15":"product-type-simple"},"amp_enabled":true,"_links":{"self":[{"href":"https:\/\/www.hydraulic-cylinders.net\/ro\/wp-json\/wp\/v2\/product\/1761","targetHints":{"allow":["GET"]}}],"collection":[{"href":"https:\/\/www.hydraulic-cylinders.net\/ro\/wp-json\/wp\/v2\/product"}],"about":[{"href":"https:\/\/www.hydraulic-cylinders.net\/ro\/wp-json\/wp\/v2\/types\/product"}],"replies":[{"embeddable":true,"href":"https:\/\/www.hydraulic-cylinders.net\/ro\/wp-json\/wp\/v2\/comments?post=1761"}],"wp:featuredmedia":[{"embeddable":true,"href":"https:\/\/www.hydraulic-cylinders.net\/ro\/wp-json\/wp\/v2\/media\/1764"}],"wp:attachment":[{"href":"https:\/\/www.hydraulic-cylinders.net\/ro\/wp-json\/wp\/v2\/media?parent=1761"}],"wp:term":[{"taxonomy":"product_brand","embeddable":true,"href":"https:\/\/www.hydraulic-cylinders.net\/ro\/wp-json\/wp\/v2\/product_brand?post=1761"},{"taxonomy":"product_cat","embeddable":true,"href":"https:\/\/www.hydraulic-cylinders.net\/ro\/wp-json\/wp\/v2\/product_cat?post=1761"},{"taxonomy":"product_tag","embeddable":true,"href":"https:\/\/www.hydraulic-cylinders.net\/ro\/wp-json\/wp\/v2\/product_tag?post=1761"}],"curies":[{"name":"wp","href":"https:\/\/api.w.org\/{rel}","templated":true}]}}