{"id":1762,"date":"2023-10-13T06:07:06","date_gmt":"2023-10-13T06:07:06","guid":{"rendered":"https:\/\/hydraulic-cylinders.net\/?post_type=product&#038;p=1762"},"modified":"2025-04-15T05:55:04","modified_gmt":"2025-04-15T05:55:04","slug":"trailing-suction-dredger-heave-compensation-cylinder","status":"publish","type":"product","link":"https:\/\/www.hydraulic-cylinders.net\/ro\/produs\/trailing-suction-dredger-heave-compensation-cylinder\/","title":{"rendered":"Cilindru de compensare a ridic\u0103rii dragei de aspira\u021bie tractoare"},"content":{"rendered":"<h1 style=\"text-align: center;\"><strong> Cilindru de compensare a ridic\u0103rii dragei de aspira\u021bie tractoare<\/strong><\/h1>\n<p><img loading=\"lazy\" decoding=\"async\" class=\"aligncenter wp-image-1766\" src=\"https:\/\/hydraulic-cylinders.net\/wp-content\/uploads\/2023\/10\/trailing-suction-dredger-heave-compensation-cylinder-1-300x300.webp\" alt=\"\" width=\"400\" height=\"400\" \/><\/p>\n<p>Cilindrul de compensare a zv\u00e2cnirii dragei cu aspira\u021bie tractor este un dispozitiv hidraulic de ultim\u0103 genera\u021bie care a revolu\u021bionat eficien\u021ba \u0219i eficacitatea opera\u021biunilor de dragare. Conceput pentru a oferi o compensare precis\u0103 a zv\u00e2cnirii, acest cilindru asigur\u0103 performan\u021be optime de dragare chiar \u0219i \u00een medii marine dificile.<\/p>\n<p>Cilindrul de compensare a ridic\u0103rii pentru draga cu aspira\u021bie tractat\u0103 schimb\u0103 regulile jocului \u00een domeniul drag\u0103rii marine. Capacitatea sa de compensare puternic\u0103, construc\u021bia robust\u0103 \u0219i controlul de \u00eenalt\u0103 precizie contribuie la o eficien\u021b\u0103 \u0219i o precizie sporite \u00een opera\u021biunile de dragare. Prin respectarea metodelor corecte de utilizare \u0219i adoptarea unei abord\u0103ri proactive de \u00eentre\u021binere, profesioni\u0219tii din domeniul maritim pot maximiza performan\u021ba \u0219i durata de via\u021b\u0103 a acestui dispozitiv hidraulic excep\u021bional. \u00cembr\u0103\u021bi\u0219a\u021bi puterea cilindrului de compensare a ridic\u0103rii pentru draga cu aspira\u021bie tractat\u0103 \u0219i experimenta\u021bi diferen\u021ba pe care o poate face \u00een eforturile dumneavoastr\u0103 de dragare.<\/p>\n<p>Caracteristici cheie ale cilindrului de compensare a ridic\u0103rii dragei cu aspira\u021bie tractoare:<\/p>\n<ul>\n<li>Capacitate de compensare a mi\u0219c\u0103rilor verticale: Cilindrul de compensare a mi\u0219c\u0103rilor verticale al dragei de aspira\u021bie este special conceput pentru a contracara efectele mi\u0219c\u0103rilor verticale ale navei \u00een timpul opera\u021biunilor de dragare. Acesta compenseaz\u0103 eficient mi\u0219c\u0103rile verticale, permi\u021b\u00e2nd pozi\u021bionarea consistent\u0103 \u0219i precis\u0103 a conductei de aspira\u021bie.<\/li>\n<li>Construc\u021bie robust\u0103: Construit av\u00e2nd \u00een vedere durabilitatea, acest cilindru este fabricat din materiale de \u00eenalt\u0103 calitate, care ofer\u0103 o rezisten\u021b\u0103 excep\u021bional\u0103 \u0219i rezisten\u021b\u0103 la coroziune. Poate rezista la condi\u021bii marine dure, asigur\u00e2nd performan\u021b\u0103 \u0219i fiabilitate de lung\u0103 durat\u0103.<\/li>\n<li>Control de \u00eenalt\u0103 precizie: Sistemul hidraulic avansat al cilindrului permite un control precis asupra procesului de compensare a mi\u0219c\u0103rii. Acesta permite ajust\u0103ri rapide, asigur\u00e2nd c\u0103 \u021beava de aspira\u021bie men\u021bine ad\u00e2ncimea \u0219i pozi\u021bia dorite pentru o dragare eficient\u0103.<\/li>\n<\/ul>\n<h2><strong>Parametrul cilindrului de compensare a ridic\u0103rii dragei de aspira\u021bie cu trac\u021biune:<\/strong><\/h2>\n<table border=\"1\" cellspacing=\"0\" cellpadding=\"0\">\n<tbody>\n<tr>\n<td>Nume produs<\/td>\n<td>Cilindru de compensare a ridic\u0103rii dragei de aspira\u021bie tractoare<\/td>\n<\/tr>\n<tr>\n<td>Caracteristici:<\/td>\n<td>Compensa\u021bi deplasarea relativ\u0103 a capului de remorcare \u0219i a corpului navei atunci c\u00e2nd lucra\u021bi<\/td>\n<\/tr>\n<tr>\n<td>Diametrul alezajului:<\/td>\n<td>P\u00e2n\u0103 la 400 mm<\/td>\n<\/tr>\n<tr>\n<td>Diametrul tijei:<\/td>\n<td>P\u00e2n\u0103 la 360 mm<br \/>\nCurs\u0103 de p\u00e2n\u0103 la 4000 mm<\/td>\n<\/tr>\n<tr>\n<td>Presiune:<\/td>\n<td>p\u00e2n\u0103 la 32MPa<\/td>\n<\/tr>\n<tr>\n<td>For\u021ba de \u00eempingere:<\/td>\n<td>Maxim 1600KN<\/td>\n<\/tr>\n<tr>\n<td>Aplica\u021bii:<\/td>\n<td>Drag\u0103 cu aspira\u021bie tractant\u0103<\/td>\n<\/tr>\n<\/tbody>\n<\/table>\n<div><\/div>\n<div>\n<div class=\"txtboxL\">Caracteristici:<\/div>\n<div class=\"txtboxR\">Asigura\u021bi for\u021ba de \u00eempingere \u0219i tragere pentru retragerea \u0219i desf\u0103\u0219urarea pilonului de o\u021bel<\/div>\n<div class=\"txtboxL\">Specifica\u021bii:<\/div>\n<div class=\"txtboxR\">Diametrul g\u0103urii: p\u00e2n\u0103 la 620 mm<br \/>\nDiametrul tijei: p\u00e2n\u0103 la 360 mm<br \/>\nCurs\u0103 de p\u00e2n\u0103 la 5200 mm<\/div>\n<div class=\"txtboxL\">Presiune:<\/div>\n<div class=\"txtboxR\">p\u00e2n\u0103 la 32MPa<\/div>\n<div class=\"txtboxL\">For\u021ba de \u00eempingere:<\/div>\n<div class=\"txtboxR\">Maxim 7500KN<\/div>\n<div class=\"txtboxL\">For\u021ba de trac\u021biune:<\/div>\n<div class=\"txtboxR\">Maxim 5000KN<\/div>\n<\/div>\n<h2><strong>Aplica\u021bie pentru cilindrii de aspira\u021bie pentru t\u0103ietorul de rezervor de dragare:<\/strong><\/h2>\n<p><img loading=\"lazy\" decoding=\"async\" class=\"alignnone wp-image-1757 size-full\" src=\"https:\/\/hydraulic-cylinders.net\/wp-content\/uploads\/2023\/10\/dredger-tank-cylinder-1.webp\" alt=\"\" width=\"600\" height=\"400\" srcset=\"https:\/\/hydraulic-cylinders.net\/wp-content\/uploads\/2023\/10\/dredger-tank-cylinder-1.webp 600w, https:\/\/hydraulic-cylinders.net\/wp-content\/uploads\/2023\/10\/dredger-tank-cylinder-1-480x320.webp 480w\" sizes=\"(min-width: 0px) and (max-width: 480px) 480px, (min-width: 481px) 600px, 100vw\" \/><\/p>\n<h2><strong>Metoda de utilizare a cilindrului de compensare a ridic\u0103rii dragei de aspira\u021bie tractoare<\/strong><strong>:<\/strong><\/h2>\n<ol>\n<li><strong>Preparare: <\/strong>Efectua\u021bi o inspec\u021bie am\u0103nun\u021bit\u0103 \u00eenainte de a utiliza cilindrul de compensare a ridic\u0103rii dragei cu aspira\u021bie tractat\u0103 pentru a v\u0103 asigura c\u0103 toate componentele func\u021bioneaz\u0103 corect. Verifica\u021bi dac\u0103 exist\u0103 semne de deteriorare, scurgeri sau garnituri uzate.<\/li>\n<li><strong>Instalare:<\/strong> Monta\u021bi cilindrul \u00een siguran\u021b\u0103 pe drag\u0103 sau pe echipamentul aferent, asigur\u00e2nd stabilitatea \u00een timpul func\u021bion\u0103rii. Urma\u021bi instruc\u021biunile produc\u0103torului pentru o instalare corect\u0103, inclusiv alinierea conexiunilor hidraulice.<\/li>\n<li><strong>Integrarea sistemului hidraulic:<\/strong> Conecta\u021bi cilindrul la sursa de alimentare hidraulic\u0103 folosind furtunuri sau fitinguri compatibile. Verifica\u021bi dac\u0103 conexiunile sunt str\u00e2nse, f\u0103r\u0103 scurgeri \u0219i aliniate corect.<\/li>\n<li><strong>Calibrare:<\/strong> Calibra\u021bi sistemul de compensare a mi\u0219c\u0103rii \u00een func\u021bie de cerin\u021bele specifice de dragare. Aceasta poate implica ajustarea unor parametri precum lungimea cursei, viteza sau presiunea. Consulta\u021bi instruc\u021biunile produc\u0103torului pentru metodele precise de calibrare.<\/li>\n<li><strong>Control opera\u021bional: <\/strong>Activa\u021bi sursa de energie hidraulic\u0103 pentru a ini\u021bia procesul de compensare a zv\u00e2cnirii. Cilindrul de compensare a zv\u00e2cnirii dragei de aspira\u021bie va r\u0103spunde automat la zv\u00e2cnirea navei, men\u021bin\u00e2nd pozi\u021bia dorit\u0103 a conductei de aspira\u021bie pentru o dragare eficient\u0103. Monitoriza\u021bi \u00eendeaproape opera\u021biunea pentru rezultate optime.<\/li>\n<\/ol>\n<h2><strong>Cum func\u021bioneaz\u0103 un cilindru hidraulic cu dubl\u0103 ac\u021biune?<\/strong><\/h2>\n<p>Un cilindru hidraulic cu dubl\u0103 ac\u021biune este un tip de actuator hidraulic care func\u021bioneaz\u0103 \u00een ambele direc\u021bii, oferind for\u021b\u0103 \u0219i mi\u0219care at\u00e2t \u00een \u200b\u200bcursa de extensie, c\u00e2t \u0219i \u00een cea de retragere. Acesta este alc\u0103tuit dintr-un cilindru, un piston, tije de piston, garnituri \u0219i orificii pentru fluidul hidraulic.<\/p>\n<p>Iat\u0103 o descriere pas cu pas a modului \u00een care func\u021bioneaz\u0103 un cilindru hidraulic cu ac\u021biune dubl\u0103:<\/p>\n<ol>\n<li><strong>Aport de lichide:<\/strong> Cilindrul hidraulic este conectat la o unitate de alimentare hidraulic\u0103 sau la o pomp\u0103 care furnizeaz\u0103 fluid hidraulic sub presiune. Fluidul este de obicei un fluid hidraulic pe baz\u0103 de ulei.<\/li>\n<li><strong>Curs\u0103 de extensie:<\/strong> C\u00e2nd fluidul hidraulic este furnizat la orificiul de la cap\u0103tul tijei cilindrului, acesta intr\u0103 \u00een \u021beava cilindrului \u00een spatele pistonului. Presiunea fluidului \u00eempinge pistonul \u0219i tija pistonului conectat\u0103 spre exterior, extinz\u00e2nd cilindrul.<\/li>\n<li><strong>Curs\u0103 de retragere:<\/strong> Pentru a retrage cilindrul, se introduce fluid hidraulic \u00een orificiul de la cap\u0103tul capacului cilindrului. Fluidul intr\u0103 \u00een cilindru \u00een fa\u021ba pistonului, exercit\u00e2nd presiune \u0219i \u00eemping\u00e2nd pistonul \u0219i tija pistonului \u00eenapoi \u00een cilindru.<\/li>\n<li><strong>Mecanism de etan\u0219are:<\/strong> Cilindrul hidraulic este echipat cu etan\u0219\u0103ri, cum ar fi etan\u0219\u0103rile pistonului \u0219i etan\u0219\u0103rile tijei, care previn scurgerile de fluid hidraulic. Aceste etan\u0219\u0103ri asigur\u0103 con\u021binutul fluidului \u00een interiorul cilindrului, men\u021bin\u00e2nd presiunea \u0219i prevenind pierderea de for\u021b\u0103.<\/li>\n<li><strong>Supape de control:<\/strong> Supapele de control sunt utilizate pentru a controla direc\u021bia \u0219i debitul fluidului hidraulic. Aceste supape direc\u021bioneaz\u0103 fluidul c\u0103tre orificiul corespunz\u0103tor al cilindrului, permi\u021b\u00e2nd extensia sau retragerea \u00een func\u021bie de mi\u0219carea dorit\u0103.<\/li>\n<li><strong>Proiectarea pistonului \u0219i a tijei:<\/strong> Pistonul \u0219i tija pistonului sunt de obicei etan\u0219ate unul fa\u021b\u0103 de cel\u0103lalt pentru a se asigura c\u0103 fluidul sub presiune ac\u021bioneaz\u0103 doar pe o singur\u0103 parte a pistonului la un moment dat. Acest design permite curse separate de extensie \u0219i retragere, asigur\u00e2nd o mi\u0219care bidirec\u021bional\u0103.<\/li>\n<li><strong>\u00cenc\u0103rca\u021bi aplica\u021bia:<\/strong> Tija pistonului cilindrului hidraulic este ata\u0219at\u0103 la sarcin\u0103 sau la mecanismul care necesit\u0103 for\u021b\u0103 sau mi\u0219care. Pe m\u0103sur\u0103 ce fluidul hidraulic extinde sau retrage pistonul, puterea generat\u0103 este transferat\u0103 prin tija pistonului c\u0103tre sarcin\u0103, permi\u021b\u00e2ndu-i acesteia s\u0103 se mi\u0219te sau s\u0103 exercite for\u021b\u0103.<\/li>\n<li><strong>Eliberare presiune:<\/strong> Pentru a controla viteza \u0219i for\u021ba cilindrului hidraulic, \u00een sistemul hidraulic se pot utiliza supape de suprapresiune sau supape de control al debitului. Aceste supape regleaz\u0103 presiunea \u0219i debitul fluidului hidraulic, prevenind acumularea excesiv\u0103 de presiune \u0219i asigur\u00e2nd o func\u021bionare sigur\u0103.<\/li>\n<\/ol>\n<h2><strong>Capabilitatea \u0219i capacitatea fabricii:<\/strong><\/h2>\n<h3>(1) Montaj<\/h3>\n<p>Avem o platform\u0103 de asamblare independent\u0103 de cercetare \u0219i dezvoltare de prim\u0103 clas\u0103. Atelierul de produc\u021bie a cilindrilor hidraulici are patru linii de asamblare semiautomate pentru cilindri de ridicare \u0219i o linie de asamblare automat\u0103 a cilindrilor de \u00eenclinare, cu o capacitate de produc\u021bie anual\u0103 proiectat\u0103 de 1 milion de buc\u0103\u021bi. Atelierul de cilindri speciali este echipat cu diverse specifica\u021bii ale unui sistem de asamblare semi-automat de cur\u0103\u021bare, cu o capacitate de produc\u021bie anual\u0103 proiectat\u0103 de 200.000 \u0219i dotat cu echipamente celebre de prelucrare CNC, un centru de prelucrare, un echipament special de prelucrare a cilindrilor de \u00eenalt\u0103 precizie, o ma\u0219in\u0103 de sudur\u0103 robotizat\u0103, o ma\u0219in\u0103 de cur\u0103\u021bare automat\u0103, o ma\u0219in\u0103 de asamblare automat\u0103 a cilindrilor \u0219i o linie de produc\u021bie automat\u0103 de vopsire. Echipamente critice existente de peste 300 de seturi (seturi). Alocarea optim\u0103 \u0219i utilizarea eficient\u0103 a resurselor de echipamente asigur\u0103 cerin\u021bele de precizie ale produselor \u0219i satisface nevoile de \u00eenalt\u0103 calitate ale produselor.<\/p>\n<p><img loading=\"lazy\" decoding=\"async\" class=\"alignnone wp-image-626\" src=\"https:\/\/hydraulic-cylinders.net\/wp-content\/uploads\/2023\/08\/hydraulic-cylinder-product-1-300x158.webp\" alt=\"\" width=\"495\" height=\"260\" srcset=\"https:\/\/hydraulic-cylinders.net\/wp-content\/uploads\/2023\/08\/hydraulic-cylinder-product-1-300x158.webp 495w, https:\/\/hydraulic-cylinders.net\/wp-content\/uploads\/2023\/08\/hydraulic-cylinder-product-1-480x252.webp 480w\" sizes=\"(min-width: 0px) and (max-width: 480px) 480px, (min-width: 481px) 495px, 100vw\" \/> <img loading=\"lazy\" decoding=\"async\" class=\"alignnone wp-image-627\" src=\"https:\/\/hydraulic-cylinders.net\/wp-content\/uploads\/2023\/08\/hydraulic-cylinder-product-2-300x189.webp\" alt=\"\" width=\"413\" height=\"260\" \/><\/p>\n<h3>(2) Prelucrare<\/h3>\n<p>Atelierul de prelucrare este echipat cu un centru de strunjire cu \u0219in\u0103 \u00eenclinat\u0103 personalizat, un centru de prelucrare, o ma\u0219in\u0103 de honuire de mare vitez\u0103, un robot de sudur\u0103 \u0219i alte echipamente conexe, care pot gestiona prelucrarea tuburilor cilindrice cu un diametru interior maxim de 400 mm \u0219i o lungime maxim\u0103 de 6 metri.<\/p>\n<p><img loading=\"lazy\" decoding=\"async\" class=\"alignnone wp-image-628 size-large\" src=\"https:\/\/hydraulic-cylinders.net\/wp-content\/uploads\/2023\/08\/hydraulic-cylinder-product-3-1024x391.webp\" alt=\"\" width=\"1024\" height=\"391\" srcset=\"https:\/\/hydraulic-cylinders.net\/wp-content\/uploads\/2023\/08\/hydraulic-cylinder-product-3-980x374.webp 980w, https:\/\/hydraulic-cylinders.net\/wp-content\/uploads\/2023\/08\/hydraulic-cylinder-product-3-480x183.webp 480w\" sizes=\"(min-width: 0px) and (max-width: 480px) 480px, (min-width: 481px) and (max-width: 980px) 980px, (min-width: 981px) 1024px, 100vw\" \/><\/p>\n<h3>(3) Sudur\u0103<\/h3>\n<p><img loading=\"lazy\" decoding=\"async\" class=\"alignnone wp-image-629 size-large\" src=\"https:\/\/hydraulic-cylinders.net\/wp-content\/uploads\/2023\/08\/hydraulic-cylinder-product-4-1024x510.webp\" alt=\"\" width=\"1024\" height=\"510\" srcset=\"https:\/\/hydraulic-cylinders.net\/wp-content\/uploads\/2023\/08\/hydraulic-cylinder-product-4-980x488.webp 980w, https:\/\/hydraulic-cylinders.net\/wp-content\/uploads\/2023\/08\/hydraulic-cylinder-product-4-480x239.webp 480w\" sizes=\"(min-width: 0px) and (max-width: 480px) 480px, (min-width: 481px) and (max-width: 980px) 980px, (min-width: 981px) 1024px, 100vw\" \/><\/p>\n<h3>(4) Vopsire \u0219i acoperire<\/h3>\n<p>Cu linii automate de acoperire cu vopsea pe baz\u0103 de ap\u0103 cu cilindru de dimensiuni mici \u0219i medii, pentru a realiza \u00eenc\u0103rcarea \u0219i desc\u0103rcarea automat\u0103 a robotului \u0219i pulverizarea automat\u0103, capacitatea de proiectare de 4000 de buc\u0103\u021bi pe schimb;<br \/>\nAvem, de asemenea, o linie de produc\u021bie semi-automat\u0103 de vopsire pentru cilindri mari, ac\u021bionat\u0103 de un lan\u021b de putere, cu o capacitate de proiectare de 60 de cutii pe schimb.<\/p>\n<p><img loading=\"lazy\" decoding=\"async\" class=\"alignnone wp-image-630\" src=\"https:\/\/hydraulic-cylinders.net\/wp-content\/uploads\/2023\/08\/hydraulic-cylinder-product-5-300x213.webp\" alt=\"\" width=\"366\" height=\"260\" \/> <img loading=\"lazy\" decoding=\"async\" class=\"alignnone wp-image-631\" src=\"https:\/\/hydraulic-cylinders.net\/wp-content\/uploads\/2023\/08\/hydraulic-cylinder-product-6-300x225.webp\" alt=\"\" width=\"347\" height=\"260\" \/><\/p>\n<h3>(5) Testarea<\/h3>\n<p>Dispunem de instala\u021bii de inspec\u021bie \u0219i bancuri de testare de prim\u0103 clas\u0103 pentru a ne asigura c\u0103 performan\u021ba cilindrului \u00eendepline\u0219te cerin\u021bele.<\/p>\n<p><img loading=\"lazy\" decoding=\"async\" class=\"alignnone wp-image-632\" src=\"https:\/\/hydraulic-cylinders.net\/wp-content\/uploads\/2023\/08\/hydraulic-cylinder-product-8-300x200.webp\" alt=\"\" width=\"389\" height=\"260\" \/><\/p>\n<p>&nbsp;<\/p>\n<p>&nbsp;<\/p>\n<p>Suntem unul dintre cei mai buni produc\u0103tori de cilindri hidraulici. Putem oferi o gam\u0103 complet\u0103 de cilindri hidraulici. De asemenea, oferim... <a href=\"https:\/\/hzpt.com\/agricultural-pto-gearbox\/\" target=\"_blank\" rel=\"noopener\">cutii de viteze agricole<\/a>Ne-am exportat produsele c\u0103tre clien\u021bi din \u00eentreaga lume \u0219i ne-am c\u00e2\u0219tigat o bun\u0103 reputa\u021bie datorit\u0103 calit\u0103\u021bii superioare a produselor noastre \u0219i a serviciilor post-v\u00e2nzare. \u00cei invit\u0103m pe clien\u021bii din \u021bar\u0103 \u0219i din str\u0103in\u0103tate s\u0103 ne contacteze pentru a negocia afaceri, a face schimb de informa\u021bii \u0219i... <a href=\"https:\/\/www.hydraulic-cylinders.net\/ro\/contact-us\/\">s\u0103 coopereze cu noi<\/a>!<\/p>","protected":false},"excerpt":{"rendered":"<p>Trailing Suction Dredger Heave Compensation Cylinder The trailing suction dredger heave compensation cylinder is a cutting-edge hydraulic device that has revolutionized the efficiency and effectiveness of dredging operations. Designed to provide precise heave compensation, this cylinder ensures optimal dredging performance even in challenging marine environments. The trailing suction dredger heave compensation cylinder is a game-changer [&hellip;]<\/p>","protected":false},"featured_media":1767,"comment_status":"open","ping_status":"closed","template":"","meta":{"_et_pb_use_builder":"","_et_pb_old_content":"","_et_gb_content_width":""},"product_brand":[],"product_cat":[1550,1535,1552,1376],"product_tag":[1380],"class_list":{"0":"post-1762","1":"product","2":"type-product","3":"status-publish","4":"has-post-thumbnail","6":"product_cat-double-acting-hydraulic-cylinder","7":"product_cat-dredger-hydraulic-cylinders","8":"product_cat-stainless-steel-hydraulic-cylinder","9":"product_cat-hydraulic-cylinder","10":"product_tag-hydraulic-cylinder","12":"first","13":"instock","14":"shipping-taxable","15":"product-type-simple"},"amp_enabled":true,"_links":{"self":[{"href":"https:\/\/www.hydraulic-cylinders.net\/ro\/wp-json\/wp\/v2\/product\/1762","targetHints":{"allow":["GET"]}}],"collection":[{"href":"https:\/\/www.hydraulic-cylinders.net\/ro\/wp-json\/wp\/v2\/product"}],"about":[{"href":"https:\/\/www.hydraulic-cylinders.net\/ro\/wp-json\/wp\/v2\/types\/product"}],"replies":[{"embeddable":true,"href":"https:\/\/www.hydraulic-cylinders.net\/ro\/wp-json\/wp\/v2\/comments?post=1762"}],"wp:featuredmedia":[{"embeddable":true,"href":"https:\/\/www.hydraulic-cylinders.net\/ro\/wp-json\/wp\/v2\/media\/1767"}],"wp:attachment":[{"href":"https:\/\/www.hydraulic-cylinders.net\/ro\/wp-json\/wp\/v2\/media?parent=1762"}],"wp:term":[{"taxonomy":"product_brand","embeddable":true,"href":"https:\/\/www.hydraulic-cylinders.net\/ro\/wp-json\/wp\/v2\/product_brand?post=1762"},{"taxonomy":"product_cat","embeddable":true,"href":"https:\/\/www.hydraulic-cylinders.net\/ro\/wp-json\/wp\/v2\/product_cat?post=1762"},{"taxonomy":"product_tag","embeddable":true,"href":"https:\/\/www.hydraulic-cylinders.net\/ro\/wp-json\/wp\/v2\/product_tag?post=1762"}],"curies":[{"name":"wp","href":"https:\/\/api.w.org\/{rel}","templated":true}]}}