{"id":1768,"date":"2023-10-13T06:16:16","date_gmt":"2023-10-13T06:16:16","guid":{"rendered":"https:\/\/hydraulic-cylinders.net\/?post_type=product&#038;p=1768"},"modified":"2025-04-15T05:55:00","modified_gmt":"2025-04-15T05:55:00","slug":"trailing-suction-dredger-hanger-cylinder","status":"publish","type":"product","link":"https:\/\/www.hydraulic-cylinders.net\/ro\/produs\/trailing-suction-dredger-hanger-cylinder\/","title":{"rendered":"Cilindru de prindere pentru drag\u0103 cu aspira\u021bie tractant\u0103"},"content":{"rendered":"<h1 style=\"text-align: center;\"><strong>Cilindru de prindere pentru drag\u0103 cu aspira\u021bie tractant\u0103<\/strong><\/h1>\n<p><img loading=\"lazy\" decoding=\"async\" class=\"aligncenter wp-image-1771\" src=\"https:\/\/hydraulic-cylinders.net\/wp-content\/uploads\/2023\/10\/trailing-suction-dredger-hanger-cylinder-1-2-300x300.webp\" alt=\"\" width=\"400\" height=\"400\" \/><\/p>\n<p>Cilindrul sistemului de prindere a dragei cu aspira\u021bie tractat\u0103 este o component\u0103 hidraulic\u0103 crucial\u0103 care optimizeaz\u0103 semnificativ eficien\u021ba \u0219i eficacitatea opera\u021biunilor de dragare. Conceput pentru a oferi suport \u0219i control fiabil, acest cilindru asigur\u0103 pozi\u021bionarea precis\u0103 \u0219i stabilitatea sistemului de prindere a dragei cu aspira\u021bie tractat\u0103.<\/p>\n<p>The trailing suction dredger hanger cylinder is vital in optimizing dredging operations&#8217; efficiency and productivity. With its robust construction, precise positioning, and load-bearing capacity, this hydraulic cylinder provides the necessary support and control for the trailing suction hanger system. By following proper usage methods and adhering to regular maintenance practices, dredging professionals can maximize the performance and lifespan of this exceptional product. Embrace the power of the trailing suction dredger hanger cylinder and experience the difference it can make in your dredging endeavors.<\/p>\n<p>Caracteristici cheie ale cilindrului de prindere a dragei cu aspira\u021bie tractant\u0103:<\/p>\n<ol>\n<li>Construc\u021bie robust\u0103: Cilindrul de prindere al dragei cu aspira\u021bie este construit din materiale de \u00eenalt\u0103 calitate, care ofer\u0103 o rezisten\u021b\u0103 \u0219i o durabilitate excep\u021bionale. Este conceput s\u0103 reziste mediului marin dur, asigur\u00e2nd performan\u021be fiabile \u0219i longevitate.<\/li>\n<li>Pozi\u021bionare precis\u0103: Acest cilindru permite pozi\u021bionarea precis\u0103 a sistemului de prindere cu aspira\u021bie, permi\u021b\u00e2nd opera\u021biuni de dragare precise. Controlul hidraulic fin reglat asigur\u0103 stabilitate \u0219i control \u00een timpul procesului de dragare.<\/li>\n<li>Capacitate portant\u0103: Cilindrul de prindere este proiectat s\u0103 suporte sarcini semnificative asociate cu sistemul de prindere cu aspira\u021bie tractat\u0103. Acesta ofer\u0103 for\u021ba \u0219i suportul necesare pentru ridicarea \u0219i manevrarea capului de aspira\u021bie, sporind eficien\u021ba drag\u0103rii.<\/li>\n<\/ol>\n<h2><strong>Parametrul cilindrului de prindere a dragei de aspira\u021bie cu trac\u021biune:<\/strong><\/h2>\n<table border=\"1\" cellspacing=\"0\" cellpadding=\"0\">\n<tbody>\n<tr>\n<td>Nume produs<\/td>\n<td>Cilindru de prindere pentru drag\u0103 cu aspira\u021bie tractant\u0103<\/td>\n<\/tr>\n<tr>\n<td>Caracteristici:<\/td>\n<td>Asigura\u021bi for\u021ba de tragere pentru retragerea \u0219i desf\u0103\u0219urarea umera\u0219ului<\/td>\n<\/tr>\n<tr>\n<td>Diametrul alezajului:<\/td>\n<td>450 mm<\/td>\n<\/tr>\n<tr>\n<td>Diametrul tijei:<\/td>\n<td>220 mm<br \/>\nCurs\u0103: 3630 mm<\/td>\n<\/tr>\n<tr>\n<td>Presiune:<\/td>\n<td>p\u00e2n\u0103 la 32MPa<\/td>\n<\/tr>\n<tr>\n<td>For\u021ba de trac\u021biune:<\/td>\n<td>Maxim 3000KN<\/td>\n<\/tr>\n<tr>\n<td>Aplica\u021bii:<\/td>\n<td>Drag\u0103 cu aspira\u021bie tractant\u0103<\/td>\n<\/tr>\n<\/tbody>\n<\/table>\n<div><\/div>\n<div>\n<div class=\"txtboxL\">\n<div class=\"txtboxL\">\n<div class=\"txtboxL\">Caracteristici:<\/div>\n<div class=\"txtboxR\">Asigura\u021bi for\u021ba de tragere pentru retragerea \u0219i desf\u0103\u0219urarea umera\u0219ului<\/div>\n<div class=\"txtboxL\">Specifica\u021bii:<\/div>\n<div class=\"txtboxR\">Diametrul alezajului: 450 mm<br \/>\nDiametrul tijei: 220 mm<br \/>\nCurs\u0103: 3630 mm<\/div>\n<div class=\"txtboxL\">Presiune:<\/div>\n<div class=\"txtboxR\">p\u00e2n\u0103 la 32MPa<\/div>\n<div class=\"txtboxL\">For\u021ba de trac\u021biune:<\/div>\n<div class=\"txtboxR\">Maxim 3000KN<\/div>\n<\/div>\n<\/div>\n<\/div>\n<h2><strong>Aplica\u021bie pentru cilindrii de aspira\u021bie pentru t\u0103ietorul de rezervor de dragare:<\/strong><\/h2>\n<p><img loading=\"lazy\" decoding=\"async\" class=\"alignnone wp-image-1757 size-full\" src=\"https:\/\/hydraulic-cylinders.net\/wp-content\/uploads\/2023\/10\/dredger-tank-cylinder-1.webp\" alt=\"\" width=\"600\" height=\"400\" srcset=\"https:\/\/hydraulic-cylinders.net\/wp-content\/uploads\/2023\/10\/dredger-tank-cylinder-1.webp 600w, https:\/\/hydraulic-cylinders.net\/wp-content\/uploads\/2023\/10\/dredger-tank-cylinder-1-480x320.webp 480w\" sizes=\"(min-width: 0px) and (max-width: 480px) 480px, (min-width: 481px) 600px, 100vw\" \/><\/p>\n<h2><strong>Metoda de utilizare a cilindrului de prindere a dragei de aspira\u021bie cu trac\u021biune<\/strong><strong>:<\/strong><\/h2>\n<ol>\n<li><strong>Instalare:<\/strong>\u00a0 Securely mount the trailing suction hanger cylinder to the dredger&#8217;s structure or equipment. Ensure proper alignment and secure attachment to provide stability during operation.<\/li>\n<li><strong>Conexiuni hidraulice:<\/strong> Conecta\u021bi cilindrul la sursa de alimentare hidraulic\u0103 folosind furtunuri sau fitinguri compatibile. Verifica\u021bi dac\u0103 conexiunile sunt fixate str\u00e2ns \u0219i nu prezint\u0103 scurgeri.<\/li>\n<li><strong>Reglarea pozi\u021bion\u0103rii:<\/strong> Regla\u021bi pozi\u021bia cilindrului de prindere pentru a ob\u021bine \u00een\u0103l\u021bimea \u0219i unghiul dorite pentru sistemul de prindere cu aspira\u021bie tractat\u0103. Utiliza\u021bi mecanismele de control hidraulic furnizate pentru a regla fin pozi\u021bionarea.<\/li>\n<li><strong>Suport portant:<\/strong> Activa\u021bi sursa de alimentare hidraulic\u0103 pentru a aplica for\u021ba necesar\u0103 ridic\u0103rii \u0219i controlului capului de aspira\u021bie. Cilindrul de sus\u021binere ofer\u0103 un suport robust pentru \u00eenc\u0103rcare, asigur\u00e2nd stabilitatea \u0219i controlul \u00een timpul opera\u021biunilor de dragare.<\/li>\n<\/ol>\n<h2><strong>Cum func\u021bioneaz\u0103 cilindrul hidraulic?<\/strong><\/h2>\n<p>Un cilindru hidraulic este un actuator mecanic care transform\u0103 presiunea hidraulic\u0103 \u00een for\u021b\u0103 \u0219i mi\u0219care liniar\u0103. Acesta este alc\u0103tuit dintr-un cilindru cilindric, un piston, o tij\u0103 de piston, etan\u0219\u0103ri \u0219i orificii pentru fluidul hidraulic. Iat\u0103 o descriere a modului \u00een care func\u021bioneaz\u0103 un cilindru hidraulic:<\/p>\n<ol>\n<li><strong>Alimentare cu fluid hidraulic:<\/strong> Un cilindru hidraulic este conectat la o unitate de alimentare hidraulic\u0103 sau la o pomp\u0103 care furnizeaz\u0103 fluid hidraulic sub presiune. Fluidul este de obicei un fluid hidraulic pe baz\u0103 de ulei.<\/li>\n<li><strong>Structura cilindrului:<\/strong> Cilindrul are un tub cilindric gol \u00een interior, cu un piston montat. Pistonul \u00eemparte cilindrul \u00een dou\u0103 camere: camera cap\u0103tului tijei \u0219i camera cap\u0103tului capacului.<\/li>\n<li><strong>Aplicarea presiunii:<\/strong> Fluidul hidraulic este direc\u021bionat \u00eentr-una dintre camerele cilindrului, fie camera cap\u0103tului tijei, fie camera cap\u0103tului capacului, \u00een func\u021bie de direc\u021bia de mi\u0219care dorit\u0103.<\/li>\n<li><strong>Diferen\u021ba de presiune:<\/strong> Fluidul hidraulic sub presiune ac\u021bioneaz\u0103 asupra suprafe\u021bei pistonului, cre\u00e2nd o for\u021b\u0103 care \u00eempinge pistonul \u00een direc\u021bia specificat\u0103. Diferen\u021ba de presiune dintre cele dou\u0103 camere determin\u0103 mi\u0219carea pistonului.<\/li>\n<li><strong>Mi\u0219care liniar\u0103:<\/strong> Pe m\u0103sur\u0103 ce fluidul hidraulic apas\u0103 pe piston, tija pistonului ata\u0219at\u0103 la acesta se extinde sau se retrage liniar, \u00een func\u021bie de direc\u021bia curgerii fluidului. Aceast\u0103 mi\u0219care liniar\u0103 transfer\u0103 for\u021ba c\u0103tre sarcina sau mecanismul conectat la tija pistonului.<\/li>\n<li><strong>Mecanism de etan\u0219are:<\/strong> Cilindrul hidraulic este echipat cu etan\u0219\u0103ri, cum ar fi etan\u0219\u0103rile pistonului \u0219i etan\u0219\u0103rile tijei, pentru a preveni scurgerile de fluid hidraulic. Aceste etan\u0219\u0103ri men\u021bin presiunea \u00een interiorul cilindrului \u0219i asigur\u0103 o func\u021bionare lin\u0103 prin prevenirea scurgerii de fluid.<\/li>\n<li><strong>Supape de control:<\/strong> Supapele de control sunt utilizate pentru a controla direc\u021bia \u0219i debitul fluidului hidraulic. Aceste supape direc\u021bioneaz\u0103 debitul de fluid hidraulic \u00een camera corespunz\u0103toare a cilindrului, permi\u021b\u00e2nd extensia sau retragerea pistonului.<\/li>\n<li><strong>Eliberare presiune:<\/strong> Pentru a controla viteza \u0219i for\u021ba cilindrului hidraulic, \u00een sistemul hidraulic pot fi \u00eencorporate supape de suprapresiune sau supape de control al debitului. Aceste supape regleaz\u0103 presiunea \u0219i debitul fluidului hidraulic, prevenind acumularea excesiv\u0103 de presiune \u0219i asigur\u00e2nd o func\u021bionare sigur\u0103.<\/li>\n<li><strong>\u00cenc\u0103rca\u021bi aplica\u021bia:<\/strong> Tija pistonului cilindrului hidraulic este conectat\u0103 la sarcin\u0103 sau la mecanismul care necesit\u0103 for\u021b\u0103 sau mi\u0219care. Pe m\u0103sur\u0103 ce pistonul se extinde sau se retrage, for\u021ba generat\u0103 este transferat\u0103 prin tija pistonului c\u0103tre sarcin\u0103, permi\u021b\u00e2ndu-i acesteia s\u0103 se mi\u0219te sau s\u0103 exercite for\u021b\u0103.<\/li>\n<\/ol>\n<h2><strong>Capabilitatea \u0219i capacitatea fabricii:<\/strong><\/h2>\n<h3>(1) Montaj<\/h3>\n<p>Avem o platform\u0103 de asamblare independent\u0103 de cercetare \u0219i dezvoltare de prim\u0103 clas\u0103. Atelierul de produc\u021bie a cilindrilor hidraulici are patru linii de asamblare semiautomate pentru cilindri de ridicare \u0219i o linie de asamblare automat\u0103 a cilindrilor de \u00eenclinare, cu o capacitate de produc\u021bie anual\u0103 proiectat\u0103 de 1 milion de buc\u0103\u021bi. Atelierul de cilindri speciali este echipat cu diverse specifica\u021bii ale unui sistem de asamblare semi-automat de cur\u0103\u021bare, cu o capacitate de produc\u021bie anual\u0103 proiectat\u0103 de 200.000 \u0219i dotat cu echipamente celebre de prelucrare CNC, un centru de prelucrare, un echipament special de prelucrare a cilindrilor de \u00eenalt\u0103 precizie, o ma\u0219in\u0103 de sudur\u0103 robotizat\u0103, o ma\u0219in\u0103 de cur\u0103\u021bare automat\u0103, o ma\u0219in\u0103 de asamblare automat\u0103 a cilindrilor \u0219i o linie de produc\u021bie automat\u0103 de vopsire. Echipamente critice existente de peste 300 de seturi (seturi). Alocarea optim\u0103 \u0219i utilizarea eficient\u0103 a resurselor de echipamente asigur\u0103 cerin\u021bele de precizie ale produselor \u0219i satisface nevoile de \u00eenalt\u0103 calitate ale produselor.<\/p>\n<p><img loading=\"lazy\" decoding=\"async\" class=\"alignnone wp-image-626\" src=\"https:\/\/hydraulic-cylinders.net\/wp-content\/uploads\/2023\/08\/hydraulic-cylinder-product-1-300x158.webp\" alt=\"\" width=\"495\" height=\"260\" srcset=\"https:\/\/hydraulic-cylinders.net\/wp-content\/uploads\/2023\/08\/hydraulic-cylinder-product-1-300x158.webp 495w, https:\/\/hydraulic-cylinders.net\/wp-content\/uploads\/2023\/08\/hydraulic-cylinder-product-1-480x252.webp 480w\" sizes=\"(min-width: 0px) and (max-width: 480px) 480px, (min-width: 481px) 495px, 100vw\" \/> <img loading=\"lazy\" decoding=\"async\" class=\"alignnone wp-image-627\" src=\"https:\/\/hydraulic-cylinders.net\/wp-content\/uploads\/2023\/08\/hydraulic-cylinder-product-2-300x189.webp\" alt=\"\" width=\"413\" height=\"260\" \/><\/p>\n<h3>(2) Prelucrare<\/h3>\n<p>Atelierul de prelucrare este echipat cu un centru de strunjire cu \u0219in\u0103 \u00eenclinat\u0103 personalizat, un centru de prelucrare, o ma\u0219in\u0103 de honuire de mare vitez\u0103, un robot de sudur\u0103 \u0219i alte echipamente conexe, care pot gestiona prelucrarea tuburilor cilindrice cu un diametru interior maxim de 400 mm \u0219i o lungime maxim\u0103 de 6 metri.<\/p>\n<p><img loading=\"lazy\" decoding=\"async\" class=\"alignnone wp-image-628 size-large\" src=\"https:\/\/hydraulic-cylinders.net\/wp-content\/uploads\/2023\/08\/hydraulic-cylinder-product-3-1024x391.webp\" alt=\"\" width=\"1024\" height=\"391\" srcset=\"https:\/\/hydraulic-cylinders.net\/wp-content\/uploads\/2023\/08\/hydraulic-cylinder-product-3-980x374.webp 980w, https:\/\/hydraulic-cylinders.net\/wp-content\/uploads\/2023\/08\/hydraulic-cylinder-product-3-480x183.webp 480w\" sizes=\"(min-width: 0px) and (max-width: 480px) 480px, (min-width: 481px) and (max-width: 980px) 980px, (min-width: 981px) 1024px, 100vw\" \/><\/p>\n<h3>(3) Sudur\u0103<\/h3>\n<p><img loading=\"lazy\" decoding=\"async\" class=\"alignnone wp-image-629 size-large\" src=\"https:\/\/hydraulic-cylinders.net\/wp-content\/uploads\/2023\/08\/hydraulic-cylinder-product-4-1024x510.webp\" alt=\"\" width=\"1024\" height=\"510\" srcset=\"https:\/\/hydraulic-cylinders.net\/wp-content\/uploads\/2023\/08\/hydraulic-cylinder-product-4-980x488.webp 980w, https:\/\/hydraulic-cylinders.net\/wp-content\/uploads\/2023\/08\/hydraulic-cylinder-product-4-480x239.webp 480w\" sizes=\"(min-width: 0px) and (max-width: 480px) 480px, (min-width: 481px) and (max-width: 980px) 980px, (min-width: 981px) 1024px, 100vw\" \/><\/p>\n<h3>(4) Vopsire \u0219i acoperire<\/h3>\n<p>Cu linii automate de acoperire cu vopsea pe baz\u0103 de ap\u0103 cu cilindru de dimensiuni mici \u0219i medii, pentru a realiza \u00eenc\u0103rcarea \u0219i desc\u0103rcarea automat\u0103 a robotului \u0219i pulverizarea automat\u0103, capacitatea de proiectare de 4000 de buc\u0103\u021bi pe schimb;<br \/>\nAvem, de asemenea, o linie de produc\u021bie semi-automat\u0103 de vopsire pentru cilindri mari, ac\u021bionat\u0103 de un lan\u021b de putere, cu o capacitate de proiectare de 60 de cutii pe schimb.<\/p>\n<p><img loading=\"lazy\" decoding=\"async\" class=\"alignnone wp-image-630\" src=\"https:\/\/hydraulic-cylinders.net\/wp-content\/uploads\/2023\/08\/hydraulic-cylinder-product-5-300x213.webp\" alt=\"\" width=\"366\" height=\"260\" \/> <img loading=\"lazy\" decoding=\"async\" class=\"alignnone wp-image-631\" src=\"https:\/\/hydraulic-cylinders.net\/wp-content\/uploads\/2023\/08\/hydraulic-cylinder-product-6-300x225.webp\" alt=\"\" width=\"347\" height=\"260\" \/><\/p>\n<h3>(5) Testarea<\/h3>\n<p>Dispunem de instala\u021bii de inspec\u021bie \u0219i bancuri de testare de prim\u0103 clas\u0103 pentru a ne asigura c\u0103 performan\u021ba cilindrului \u00eendepline\u0219te cerin\u021bele.<\/p>\n<p><img loading=\"lazy\" decoding=\"async\" class=\"alignnone wp-image-632\" src=\"https:\/\/hydraulic-cylinders.net\/wp-content\/uploads\/2023\/08\/hydraulic-cylinder-product-8-300x200.webp\" alt=\"\" width=\"389\" height=\"260\" \/><\/p>\n<p>&nbsp;<\/p>\n<p>&nbsp;<\/p>\n<p>Suntem unul dintre cei mai buni produc\u0103tori de cilindri hidraulici. Putem oferi o gam\u0103 complet\u0103 de cilindri hidraulici. De asemenea, oferim... <a href=\"https:\/\/hzpt.com\/agricultural-pto-gearbox\/\" target=\"_blank\" rel=\"noopener\">cutii de viteze agricole<\/a>Ne-am exportat produsele c\u0103tre clien\u021bi din \u00eentreaga lume \u0219i ne-am c\u00e2\u0219tigat o bun\u0103 reputa\u021bie datorit\u0103 calit\u0103\u021bii superioare a produselor noastre \u0219i a serviciilor post-v\u00e2nzare. \u00cei invit\u0103m pe clien\u021bii din \u021bar\u0103 \u0219i din str\u0103in\u0103tate s\u0103 ne contacteze pentru a negocia afaceri, a face schimb de informa\u021bii \u0219i... <a href=\"https:\/\/www.hydraulic-cylinders.net\/ro\/contact-us\/\">s\u0103 coopereze cu noi<\/a>!<\/p>","protected":false},"excerpt":{"rendered":"<p>Trailing Suction Dredger Hanger Cylinder The trailing suction dredger hanger cylinder is a crucial hydraulic component that significantly optimizes the efficiency and effectiveness of dredging operations. Designed to provide reliable support and control, this cylinder ensures precise positioning and stability of the trailing suction hanger system. The trailing suction dredger hanger cylinder is vital in [&hellip;]<\/p>","protected":false},"featured_media":1769,"comment_status":"open","ping_status":"closed","template":"","meta":{"_et_pb_use_builder":"","_et_pb_old_content":"","_et_gb_content_width":""},"product_brand":[],"product_cat":[1535,1549,1552,1376],"product_tag":[1380],"class_list":{"0":"post-1768","1":"product","2":"type-product","3":"status-publish","4":"has-post-thumbnail","6":"product_cat-dredger-hydraulic-cylinders","7":"product_cat-single-acting-hydraulic-cylinder","8":"product_cat-stainless-steel-hydraulic-cylinder","9":"product_cat-hydraulic-cylinder","10":"product_tag-hydraulic-cylinder","12":"first","13":"instock","14":"shipping-taxable","15":"product-type-simple"},"amp_enabled":true,"_links":{"self":[{"href":"https:\/\/www.hydraulic-cylinders.net\/ro\/wp-json\/wp\/v2\/product\/1768","targetHints":{"allow":["GET"]}}],"collection":[{"href":"https:\/\/www.hydraulic-cylinders.net\/ro\/wp-json\/wp\/v2\/product"}],"about":[{"href":"https:\/\/www.hydraulic-cylinders.net\/ro\/wp-json\/wp\/v2\/types\/product"}],"replies":[{"embeddable":true,"href":"https:\/\/www.hydraulic-cylinders.net\/ro\/wp-json\/wp\/v2\/comments?post=1768"}],"wp:featuredmedia":[{"embeddable":true,"href":"https:\/\/www.hydraulic-cylinders.net\/ro\/wp-json\/wp\/v2\/media\/1769"}],"wp:attachment":[{"href":"https:\/\/www.hydraulic-cylinders.net\/ro\/wp-json\/wp\/v2\/media?parent=1768"}],"wp:term":[{"taxonomy":"product_brand","embeddable":true,"href":"https:\/\/www.hydraulic-cylinders.net\/ro\/wp-json\/wp\/v2\/product_brand?post=1768"},{"taxonomy":"product_cat","embeddable":true,"href":"https:\/\/www.hydraulic-cylinders.net\/ro\/wp-json\/wp\/v2\/product_cat?post=1768"},{"taxonomy":"product_tag","embeddable":true,"href":"https:\/\/www.hydraulic-cylinders.net\/ro\/wp-json\/wp\/v2\/product_tag?post=1768"}],"curies":[{"name":"wp","href":"https:\/\/api.w.org\/{rel}","templated":true}]}}