{"id":1772,"date":"2023-10-13T06:29:47","date_gmt":"2023-10-13T06:29:47","guid":{"rendered":"https:\/\/hydraulic-cylinders.net\/?post_type=product&#038;p=1772"},"modified":"2025-04-15T05:54:57","modified_gmt":"2025-04-15T05:54:57","slug":"trailing-suction-dredger-mud-door-cylinder","status":"publish","type":"product","link":"https:\/\/www.hydraulic-cylinders.net\/ro\/produs\/trailing-suction-dredger-mud-door-cylinder\/","title":{"rendered":"Cilindru de u\u0219\u0103 de noroi pentru drag\u0103 cu aspira\u021bie tractiv\u0103"},"content":{"rendered":"<h1 style=\"text-align: center;\"><strong>Cilindru de u\u0219\u0103 de noroi pentru drag\u0103 cu aspira\u021bie tractiv\u0103<\/strong><\/h1>\n<h1 style=\"text-align: center;\"><strong><img loading=\"lazy\" decoding=\"async\" class=\"alignnone wp-image-1774\" src=\"https:\/\/hydraulic-cylinders.net\/wp-content\/uploads\/2023\/10\/trailing-suction-dredger-mud-door-cylinder-1-1-300x300.webp\" alt=\"\" width=\"400\" height=\"400\" \/><\/strong><\/h1>\n<p>Cilindrul u\u0219ii de n\u0103mol pentru dragarea cu aspira\u021bie tractat\u0103 este o component\u0103 hidraulic\u0103 vital\u0103, conceput\u0103 pentru a \u00eembun\u0103t\u0103\u021bi eficien\u021ba \u0219i eficacitatea opera\u021biunilor de dragare. Acest cilindru joac\u0103 un rol crucial \u00een controlul deschiderii \u0219i \u00eenchiderii u\u0219ilor de n\u0103mol, asigur\u00e2nd admisia \u0219i desc\u0103rcarea f\u0103r\u0103 probleme a sedimentelor.<\/p>\n<p>Cilindrul u\u0219ii de n\u0103mol pentru dragarea cu aspira\u021bie tractat\u0103 este o component\u0103 esen\u021bial\u0103 \u00een optimizarea eficien\u021bei \u0219i productivit\u0103\u021bii opera\u021biunilor de dragare. Datorit\u0103 construc\u021biei sale robuste, controlului precis \u0219i \u00eenchiderii sigure, acest cilindru hidraulic asigur\u0103 admisia \u0219i desc\u0103rcarea f\u0103r\u0103 probleme a sedimentelor, sporind eficien\u021ba general\u0103 a drag\u0103rii. Prin respectarea metodelor de utilizare corecte \u0219i a practicilor de \u00eentre\u021binere regulat\u0103, profesioni\u0219tii \u00een dragare pot maximiza performan\u021ba \u0219i durata de via\u021b\u0103 a acestui produs excep\u021bional. \u00cembr\u0103\u021bi\u0219a\u021bi puterea cilindrului u\u0219ii de n\u0103mol pentru dragarea cu aspira\u021bie tractat\u0103 \u0219i experimenta\u021bi diferen\u021ba pe care o poate face \u00een eforturile dumneavoastr\u0103 de dragare.<\/p>\n<p>Caracteristici cheie ale cilindrului u\u0219ii de noroi pentru draga cu aspira\u021bie tractor:<\/p>\n<ol>\n<li>Construc\u021bie robust\u0103:<\/li>\n<\/ol>\n<ul>\n<li>Cilindrul u\u0219ii de n\u0103mol este construit din materiale de \u00eenalt\u0103 calitate, asigur\u00e2nd durabilitate \u0219i longevitate chiar \u0219i \u00een condi\u021bii dificile de dragare.<br \/>\nEste conceput s\u0103 reziste la presiuni ridicate, medii dure \u0219i utilizare constant\u0103, men\u021bin\u00e2nd performan\u021be constante \u00een timpul opera\u021biunilor de dragare.<\/li>\n<\/ul>\n<ol start=\"2\">\n<li>Func\u021bionare lin\u0103:<\/li>\n<\/ol>\n<ul>\n<li>Acest cilindru ofer\u0103 o func\u021bionare lin\u0103 \u0219i precis\u0103, permi\u021b\u00e2nd controlul \u0219i reglarea eficient\u0103 a mecanismelor de deschidere \u0219i \u00eenchidere a u\u0219ii de noroi.<\/li>\n<li>Asigur\u0103 pozi\u021bionarea fiabil\u0103 \u0219i precis\u0103 a u\u0219ii de evacuare a noroiului, facilit\u00e2nd performan\u021ba optim\u0103 a drag\u0103rii.<\/li>\n<\/ul>\n<ol start=\"3\">\n<li>Ac\u021bionare puternic\u0103:<\/li>\n<\/ol>\n<ul>\n<li>Cilindrul u\u0219ii de noroi ofer\u0103 capacit\u0103\u021bi puternice de ac\u021bionare, permi\u021b\u00e2nd deschiderea \u0219i \u00eenchiderea acesteia cu u\u0219urin\u021b\u0103.<\/li>\n<li>Acesta furnizeaz\u0103 for\u021ba necesar\u0103 pentru a manipula volume mari de material dragat, asigur\u00e2nd o izolare \u0219i o desc\u0103rcare eficiente \u00een timpul opera\u021biunilor de dragare.<\/li>\n<\/ul>\n<ol start=\"4\">\n<li>Parametri personalizabili:<\/li>\n<\/ol>\n<ul>\n<li>Acest cilindru permite reglarea personalizabil\u0103 a diver\u0219ilor parametri, cum ar fi viteza de deschidere \u0219i \u00eenchidere, lungimea cursei \u0219i presiunea de func\u021bionare.<\/li>\n<li>Operatorii pot adapta set\u0103rile cilindrului pentru a corespunde cerin\u021belor specifice de dragare, optimiz\u00e2nd eficien\u021ba \u0219i eficacitatea \u00eentregii opera\u021biuni.<\/li>\n<\/ul>\n<h2><strong>Parametrul cilindrului u\u0219ii de noroi pentru draga de aspira\u021bie:<\/strong><\/h2>\n<table border=\"1\" cellspacing=\"0\" cellpadding=\"0\">\n<tbody>\n<tr>\n<td>Nume produs<\/td>\n<td>Cilindru de u\u0219\u0103 de noroi pentru drag\u0103 cu aspira\u021bie tractiv\u0103<\/td>\n<\/tr>\n<tr>\n<td>Caracteristici:<\/td>\n<td>For\u021b\u0103 de tragere pentru deschiderea \u0219i \u00eenchiderea u\u0219ii de noroi \u0219i poate fi echipat\u0103 cu un senzor de deplasare, dup\u0103 cum este necesar<\/td>\n<\/tr>\n<tr>\n<td>Diametrul alezajului:<\/td>\n<td>400 mm<\/td>\n<\/tr>\n<tr>\n<td>Diametrul tijei:<\/td>\n<td>200 mm<br \/>\nCurs\u0103: 1400 mm<\/td>\n<\/tr>\n<tr>\n<td>Presiune:<\/td>\n<td>p\u00e2n\u0103 la 32MPa<\/td>\n<\/tr>\n<tr>\n<td>For\u021ba de trac\u021biune:<\/td>\n<td>Maxim 2355KN<\/td>\n<\/tr>\n<tr>\n<td>Aplica\u021bii:<\/td>\n<td>Drag\u0103 cu aspira\u021bie tractant\u0103<\/td>\n<\/tr>\n<\/tbody>\n<\/table>\n<div><\/div>\n<div>\n<div class=\"txtboxL\">\n<div class=\"txtboxL\">\n<div class=\"txtboxL\">Caracteristici:<\/div>\n<div class=\"txtboxR\">For\u021b\u0103 de tragere pentru deschiderea \u0219i \u00eenchiderea u\u0219ii de noroi \u0219i poate fi echipat\u0103 cu un senzor de deplasare, dup\u0103 cum este necesar<\/div>\n<div class=\"txtboxL\">Specifica\u021bii:<\/div>\n<div class=\"txtboxR\">Diametrul alezajului: 400 mm<br \/>\nDiametrul tijei: 200 mm<br \/>\nCurs\u0103: 1400 mm<\/div>\n<div class=\"txtboxL\">Presiune:<\/div>\n<div class=\"txtboxR\">p\u00e2n\u0103 la 32MPa<\/div>\n<div class=\"txtboxL\">For\u021ba de trac\u021biune:<\/div>\n<div class=\"txtboxR\">Maxim 2355KN<\/div>\n<\/div>\n<\/div>\n<\/div>\n<h2><strong>Aplica\u021bie pentru cilindrii de aspira\u021bie pentru t\u0103ietorul de rezervor de dragare:<\/strong><\/h2>\n<p><img loading=\"lazy\" decoding=\"async\" class=\"alignnone wp-image-1757 size-full\" src=\"https:\/\/hydraulic-cylinders.net\/wp-content\/uploads\/2023\/10\/dredger-tank-cylinder-1.webp\" alt=\"\" width=\"600\" height=\"400\" srcset=\"https:\/\/hydraulic-cylinders.net\/wp-content\/uploads\/2023\/10\/dredger-tank-cylinder-1.webp 600w, https:\/\/hydraulic-cylinders.net\/wp-content\/uploads\/2023\/10\/dredger-tank-cylinder-1-480x320.webp 480w\" sizes=\"(min-width: 0px) and (max-width: 480px) 480px, (min-width: 481px) 600px, 100vw\" \/><\/p>\n<h2><strong>Metoda de utilizare a cilindrului u\u0219ii de noroi pentru draga de aspira\u021bie tractiv\u0103<\/strong><strong>:<\/strong><\/h2>\n<ol>\n<li><strong>Instalare:<\/strong><\/li>\n<\/ol>\n<ul>\n<li>Urma\u021bi instruc\u021biunile produc\u0103torului pentru a instala \u00een siguran\u021b\u0103 cilindrul u\u0219ii de evacuare a noroiului pe draga de aspira\u021bie tractat\u0103.<\/li>\n<li>Asigura\u021bi alinierea \u0219i fixarea corect\u0103 la u\u0219a de protec\u021bie \u00eempotriva noroiului \u0219i la componentele asociate, permi\u021b\u00e2nd o func\u021bionare lin\u0103 \u0219i fiabil\u0103.<\/li>\n<\/ul>\n<ol start=\"2\">\n<li><strong>Control \u0219i ajustare:<\/strong><\/li>\n<\/ol>\n<ul>\n<li>Utiliza\u021bi sistemul de control al dragei pentru a ac\u021biona \u0219i regla cilindrul u\u0219ii de evacuare a noroiului.<\/li>\n<li>Controla\u021bi deschiderea \u0219i \u00eenchiderea u\u0219ii de evacuare a noroiului folosind comenzile desemnate, permi\u021b\u00e2nd un control precis asupra desc\u0103rc\u0103rii materialului dragat.<\/li>\n<\/ul>\n<ol start=\"3\">\n<li><strong>Opera\u021biuni de dragare:<\/strong><\/li>\n<\/ol>\n<ul>\n<li>Activa\u021bi cilindrul u\u0219ii de evacuare a noroiului pentru a deschide sau \u00eenchide u\u0219a de evacuare a noroiului, dup\u0103 cum este necesar, \u00een timpul opera\u021biunilor de dragare.<\/li>\n<li>Ajusta\u021bi parametrii cilindrului, cum ar fi viteza \u0219i lungimea cursei, pentru a optimiza procesul de dragare \u0219i a asigura o reten\u021bie \u0219i o desc\u0103rcare eficiente a materialului.<\/li>\n<\/ul>\n<h2><strong>Cum se controleaz\u0103 viteza cilindrului hidraulic?<\/strong><\/h2>\n<p>Un cilindru hidraulic este un actuator mecanic care transform\u0103 presiunea hidraulic\u0103 \u00een for\u021b\u0103 \u0219i mi\u0219care liniar\u0103. Acesta este alc\u0103tuit dintr-un cilindru cilindric, un piston, o tij\u0103 de piston, etan\u0219\u0103ri \u0219i orificii pentru fluidul hidraulic. Iat\u0103 o descriere a modului \u00een care func\u021bioneaz\u0103 un cilindru hidraulic:<\/p>\n<ol>\n<li><strong>Alimentare cu fluid hidraulic:<\/strong> Un cilindru hidraulic este conectat la o unitate de alimentare hidraulic\u0103 sau la o pomp\u0103 care furnizeaz\u0103 fluid hidraulic sub presiune. Fluidul este de obicei un fluid hidraulic pe baz\u0103 de ulei.<\/li>\n<li><strong>Structura cilindrului:<\/strong> Cilindrul are un tub cilindric gol \u00een interior, cu un piston montat. Pistonul \u00eemparte cilindrul \u00een dou\u0103 camere: camera cap\u0103tului tijei \u0219i camera cap\u0103tului capacului.<\/li>\n<li><strong>Aplicarea presiunii:<\/strong> Fluidul hidraulic este direc\u021bionat \u00eentr-una dintre camerele cilindrului, fie camera cap\u0103tului tijei, fie camera cap\u0103tului capacului, \u00een func\u021bie de direc\u021bia de mi\u0219care dorit\u0103.<\/li>\n<li><strong>Diferen\u021ba de presiune:<\/strong> Fluidul hidraulic sub presiune ac\u021bioneaz\u0103 asupra suprafe\u021bei pistonului, cre\u00e2nd o for\u021b\u0103 care \u00eempinge pistonul \u00een direc\u021bia specificat\u0103. Diferen\u021ba de presiune dintre cele dou\u0103 camere determin\u0103 mi\u0219carea pistonului.<\/li>\n<li><strong>Mi\u0219care liniar\u0103:<\/strong> Pe m\u0103sur\u0103 ce fluidul hidraulic apas\u0103 pe piston, tija pistonului ata\u0219at\u0103 la acesta se extinde sau se retrage liniar, \u00een func\u021bie de direc\u021bia curgerii fluidului. Aceast\u0103 mi\u0219care liniar\u0103 transfer\u0103 for\u021ba c\u0103tre sarcina sau mecanismul conectat la tija pistonului.<\/li>\n<li><strong>Mecanism de etan\u0219are:<\/strong> Cilindrul hidraulic este echipat cu etan\u0219\u0103ri, cum ar fi etan\u0219\u0103rile pistonului \u0219i etan\u0219\u0103rile tijei, pentru a preveni scurgerile de fluid hidraulic. Aceste etan\u0219\u0103ri men\u021bin presiunea \u00een interiorul cilindrului \u0219i asigur\u0103 o func\u021bionare lin\u0103 prin prevenirea scurgerii de fluid.<\/li>\n<li><strong>Supape de control:<\/strong> Supapele de control sunt utilizate pentru a controla direc\u021bia \u0219i debitul fluidului hidraulic. Aceste supape direc\u021bioneaz\u0103 debitul de fluid hidraulic \u00een camera corespunz\u0103toare a cilindrului, permi\u021b\u00e2nd extensia sau retragerea pistonului.<\/li>\n<li><strong>Eliberare presiune:<\/strong> Pentru a controla viteza \u0219i for\u021ba cilindrului hidraulic, \u00een sistemul hidraulic pot fi \u00eencorporate supape de suprapresiune sau supape de control al debitului. Aceste supape regleaz\u0103 presiunea \u0219i debitul fluidului hidraulic, prevenind acumularea excesiv\u0103 de presiune \u0219i asigur\u00e2nd o func\u021bionare sigur\u0103.<\/li>\n<li><strong>\u00cenc\u0103rca\u021bi aplica\u021bia:<\/strong> Tija pistonului cilindrului hidraulic este conectat\u0103 la sarcin\u0103 sau la mecanismul care necesit\u0103 for\u021b\u0103 sau mi\u0219care. Pe m\u0103sur\u0103 ce pistonul se extinde sau se retrage, for\u021ba generat\u0103 este transferat\u0103 prin tija pistonului c\u0103tre sarcin\u0103, permi\u021b\u00e2ndu-i acesteia s\u0103 se mi\u0219te sau s\u0103 exercite for\u021b\u0103.<\/li>\n<\/ol>\n<h2><strong>Capabilitatea \u0219i capacitatea fabricii:<\/strong><\/h2>\n<h3>(1) Montaj<\/h3>\n<p>Avem o platform\u0103 de asamblare independent\u0103 de cercetare \u0219i dezvoltare de prim\u0103 clas\u0103. Atelierul de produc\u021bie a cilindrilor hidraulici are patru linii de asamblare semiautomate pentru cilindri de ridicare \u0219i o linie de asamblare automat\u0103 a cilindrilor de \u00eenclinare, cu o capacitate de produc\u021bie anual\u0103 proiectat\u0103 de 1 milion de buc\u0103\u021bi. Atelierul de cilindri speciali este echipat cu diverse specifica\u021bii ale unui sistem de asamblare semi-automat de cur\u0103\u021bare, cu o capacitate de produc\u021bie anual\u0103 proiectat\u0103 de 200.000 \u0219i dotat cu echipamente celebre de prelucrare CNC, un centru de prelucrare, un echipament special de prelucrare a cilindrilor de \u00eenalt\u0103 precizie, o ma\u0219in\u0103 de sudur\u0103 robotizat\u0103, o ma\u0219in\u0103 de cur\u0103\u021bare automat\u0103, o ma\u0219in\u0103 de asamblare automat\u0103 a cilindrilor \u0219i o linie de produc\u021bie automat\u0103 de vopsire. Echipamente critice existente de peste 300 de seturi (seturi). Alocarea optim\u0103 \u0219i utilizarea eficient\u0103 a resurselor de echipamente asigur\u0103 cerin\u021bele de precizie ale produselor \u0219i satisface nevoile de \u00eenalt\u0103 calitate ale produselor.<\/p>\n<p><img loading=\"lazy\" decoding=\"async\" class=\"alignnone wp-image-626\" src=\"https:\/\/hydraulic-cylinders.net\/wp-content\/uploads\/2023\/08\/hydraulic-cylinder-product-1-300x158.webp\" alt=\"\" width=\"495\" height=\"260\" srcset=\"https:\/\/hydraulic-cylinders.net\/wp-content\/uploads\/2023\/08\/hydraulic-cylinder-product-1-300x158.webp 495w, https:\/\/hydraulic-cylinders.net\/wp-content\/uploads\/2023\/08\/hydraulic-cylinder-product-1-480x252.webp 480w\" sizes=\"(min-width: 0px) and (max-width: 480px) 480px, (min-width: 481px) 495px, 100vw\" \/> <img loading=\"lazy\" decoding=\"async\" class=\"alignnone wp-image-627\" src=\"https:\/\/hydraulic-cylinders.net\/wp-content\/uploads\/2023\/08\/hydraulic-cylinder-product-2-300x189.webp\" alt=\"\" width=\"413\" height=\"260\" \/><\/p>\n<h3>(2) Prelucrare<\/h3>\n<p>Atelierul de prelucrare este echipat cu un centru de strunjire cu \u0219in\u0103 \u00eenclinat\u0103 personalizat, un centru de prelucrare, o ma\u0219in\u0103 de honuire de mare vitez\u0103, un robot de sudur\u0103 \u0219i alte echipamente conexe, care pot gestiona prelucrarea tuburilor cilindrice cu un diametru interior maxim de 400 mm \u0219i o lungime maxim\u0103 de 6 metri.<\/p>\n<p><img loading=\"lazy\" decoding=\"async\" class=\"alignnone wp-image-628 size-large\" src=\"https:\/\/hydraulic-cylinders.net\/wp-content\/uploads\/2023\/08\/hydraulic-cylinder-product-3-1024x391.webp\" alt=\"\" width=\"1024\" height=\"391\" srcset=\"https:\/\/hydraulic-cylinders.net\/wp-content\/uploads\/2023\/08\/hydraulic-cylinder-product-3-980x374.webp 980w, https:\/\/hydraulic-cylinders.net\/wp-content\/uploads\/2023\/08\/hydraulic-cylinder-product-3-480x183.webp 480w\" sizes=\"(min-width: 0px) and (max-width: 480px) 480px, (min-width: 481px) and (max-width: 980px) 980px, (min-width: 981px) 1024px, 100vw\" \/><\/p>\n<h3>(3) Sudur\u0103<\/h3>\n<p><img loading=\"lazy\" decoding=\"async\" class=\"alignnone wp-image-629 size-large\" src=\"https:\/\/hydraulic-cylinders.net\/wp-content\/uploads\/2023\/08\/hydraulic-cylinder-product-4-1024x510.webp\" alt=\"\" width=\"1024\" height=\"510\" srcset=\"https:\/\/hydraulic-cylinders.net\/wp-content\/uploads\/2023\/08\/hydraulic-cylinder-product-4-980x488.webp 980w, https:\/\/hydraulic-cylinders.net\/wp-content\/uploads\/2023\/08\/hydraulic-cylinder-product-4-480x239.webp 480w\" sizes=\"(min-width: 0px) and (max-width: 480px) 480px, (min-width: 481px) and (max-width: 980px) 980px, (min-width: 981px) 1024px, 100vw\" \/><\/p>\n<h3>(4) Vopsire \u0219i acoperire<\/h3>\n<p>Cu linii automate de acoperire cu vopsea pe baz\u0103 de ap\u0103 cu cilindru de dimensiuni mici \u0219i medii, pentru a realiza \u00eenc\u0103rcarea \u0219i desc\u0103rcarea automat\u0103 a robotului \u0219i pulverizarea automat\u0103, capacitatea de proiectare de 4000 de buc\u0103\u021bi pe schimb;<br \/>\nAvem, de asemenea, o linie de produc\u021bie semi-automat\u0103 de vopsire pentru cilindri mari, ac\u021bionat\u0103 de un lan\u021b de putere, cu o capacitate de proiectare de 60 de cutii pe schimb.<\/p>\n<p><img loading=\"lazy\" decoding=\"async\" class=\"alignnone wp-image-630\" src=\"https:\/\/hydraulic-cylinders.net\/wp-content\/uploads\/2023\/08\/hydraulic-cylinder-product-5-300x213.webp\" alt=\"\" width=\"366\" height=\"260\" \/> <img loading=\"lazy\" decoding=\"async\" class=\"alignnone wp-image-631\" src=\"https:\/\/hydraulic-cylinders.net\/wp-content\/uploads\/2023\/08\/hydraulic-cylinder-product-6-300x225.webp\" alt=\"\" width=\"347\" height=\"260\" \/><\/p>\n<h3>(5) Testarea<\/h3>\n<p>Dispunem de instala\u021bii de inspec\u021bie \u0219i bancuri de testare de prim\u0103 clas\u0103 pentru a ne asigura c\u0103 performan\u021ba cilindrului \u00eendepline\u0219te cerin\u021bele.<\/p>\n<p><img loading=\"lazy\" decoding=\"async\" class=\"alignnone wp-image-632\" src=\"https:\/\/hydraulic-cylinders.net\/wp-content\/uploads\/2023\/08\/hydraulic-cylinder-product-8-300x200.webp\" alt=\"\" width=\"389\" height=\"260\" \/><\/p>\n<p>&nbsp;<\/p>\n<p>&nbsp;<\/p>\n<p>Suntem unul dintre cei mai buni produc\u0103tori de cilindri hidraulici. Putem oferi o gam\u0103 complet\u0103 de cilindri hidraulici. De asemenea, oferim... <a href=\"https:\/\/hzpt.com\/agricultural-pto-gearbox\/\" target=\"_blank\" rel=\"noopener\">cutii de viteze agricole<\/a>Ne-am exportat produsele c\u0103tre clien\u021bi din \u00eentreaga lume \u0219i ne-am c\u00e2\u0219tigat o bun\u0103 reputa\u021bie datorit\u0103 calit\u0103\u021bii superioare a produselor noastre \u0219i a serviciilor post-v\u00e2nzare. \u00cei invit\u0103m pe clien\u021bii din \u021bar\u0103 \u0219i din str\u0103in\u0103tate s\u0103 ne contacteze pentru a negocia afaceri, a face schimb de informa\u021bii \u0219i... <a href=\"https:\/\/www.hydraulic-cylinders.net\/ro\/contact-us\/\">s\u0103 coopereze cu noi<\/a>!<\/p>","protected":false},"excerpt":{"rendered":"<p>Trailing Suction Dredger Mud Door Cylinder The trailing suction dredger mud door cylinder is a vital hydraulic component designed to improve the efficiency and effectiveness of dredging operations. This cylinder plays a crucial role in controlling the opening and closing of the mud doors, ensuring seamless sediment intake and discharge. The trailing suction dredger mud [&hellip;]<\/p>","protected":false},"featured_media":1773,"comment_status":"open","ping_status":"closed","template":"","meta":{"_et_pb_use_builder":"","_et_pb_old_content":"","_et_gb_content_width":""},"product_brand":[],"product_cat":[1550,1535,1552,1376],"product_tag":[1380],"class_list":{"0":"post-1772","1":"product","2":"type-product","3":"status-publish","4":"has-post-thumbnail","6":"product_cat-double-acting-hydraulic-cylinder","7":"product_cat-dredger-hydraulic-cylinders","8":"product_cat-stainless-steel-hydraulic-cylinder","9":"product_cat-hydraulic-cylinder","10":"product_tag-hydraulic-cylinder","12":"first","13":"instock","14":"shipping-taxable","15":"product-type-simple"},"amp_enabled":true,"_links":{"self":[{"href":"https:\/\/www.hydraulic-cylinders.net\/ro\/wp-json\/wp\/v2\/product\/1772","targetHints":{"allow":["GET"]}}],"collection":[{"href":"https:\/\/www.hydraulic-cylinders.net\/ro\/wp-json\/wp\/v2\/product"}],"about":[{"href":"https:\/\/www.hydraulic-cylinders.net\/ro\/wp-json\/wp\/v2\/types\/product"}],"replies":[{"embeddable":true,"href":"https:\/\/www.hydraulic-cylinders.net\/ro\/wp-json\/wp\/v2\/comments?post=1772"}],"wp:featuredmedia":[{"embeddable":true,"href":"https:\/\/www.hydraulic-cylinders.net\/ro\/wp-json\/wp\/v2\/media\/1773"}],"wp:attachment":[{"href":"https:\/\/www.hydraulic-cylinders.net\/ro\/wp-json\/wp\/v2\/media?parent=1772"}],"wp:term":[{"taxonomy":"product_brand","embeddable":true,"href":"https:\/\/www.hydraulic-cylinders.net\/ro\/wp-json\/wp\/v2\/product_brand?post=1772"},{"taxonomy":"product_cat","embeddable":true,"href":"https:\/\/www.hydraulic-cylinders.net\/ro\/wp-json\/wp\/v2\/product_cat?post=1772"},{"taxonomy":"product_tag","embeddable":true,"href":"https:\/\/www.hydraulic-cylinders.net\/ro\/wp-json\/wp\/v2\/product_tag?post=1772"}],"curies":[{"name":"wp","href":"https:\/\/api.w.org\/{rel}","templated":true}]}}