{"id":1775,"date":"2023-10-13T06:57:31","date_gmt":"2023-10-13T06:57:31","guid":{"rendered":"https:\/\/hydraulic-cylinders.net\/?post_type=product&#038;p=1775"},"modified":"2025-04-15T05:54:54","modified_gmt":"2025-04-15T05:54:54","slug":"trailing-suction-dredger-overflow-cylinder","status":"publish","type":"product","link":"https:\/\/www.hydraulic-cylinders.net\/ro\/produs\/trailing-suction-dredger-overflow-cylinder\/","title":{"rendered":"Cilindru de preaplin pentru drag\u0103 cu aspira\u021bie tras\u0103"},"content":{"rendered":"<h1 style=\"text-align: center;\"><strong>Cilindru de preaplin pentru drag\u0103 cu aspira\u021bie tras\u0103<\/strong><\/h1>\n<h1 style=\"text-align: center;\"><img loading=\"lazy\" decoding=\"async\" class=\"alignnone wp-image-1776\" src=\"https:\/\/hydraulic-cylinders.net\/wp-content\/uploads\/2023\/10\/trailing-suction-dredger-overflow-cylinder-1-300x300.webp\" alt=\"\" width=\"400\" height=\"400\" \/><\/h1>\n<p>Cilindrul de preaplin al dragei cu aspira\u021bie tractat\u0103 este o component\u0103 vital\u0103 \u00een echipamentele moderne de dragare. Conceput pentru a optimiza performan\u021ba dragelor cu aspira\u021bie tractat\u0103, acest cilindru joac\u0103 un rol crucial \u00een gestionarea sistemului de preaplin.<\/p>\n<p>Cilindrul de preaplin al dragei cu aspira\u021bie tractat\u0103 este o component\u0103 esen\u021bial\u0103 pentru realizarea unor opera\u021biuni de dragare eficiente \u0219i eficace. Datorit\u0103 construc\u021biei sale robuste, controlului precis, ac\u021bion\u0103rii fiabile \u0219i set\u0103rilor personalizabile, acest cilindru \u00eembun\u0103t\u0103\u021be\u0219te performan\u021ba general\u0103 a dragelor cu aspira\u021bie tractate. Respect\u00e2nd metodele de utilizare \u0219i practicile de \u00eentre\u021binere recomandate, operatorii pot maximiza performan\u021ba \u0219i longevitatea cilindrului de preaplin, \u00eembun\u0103t\u0103\u021bind \u00een cele din urm\u0103 eficien\u021ba \u0219i eficacitatea activit\u0103\u021bilor de dragare.<\/p>\n<p>Caracteristici cheie ale cilindrului de preaplin al dragei de aspira\u021bie cu trac\u021biune:<\/p>\n<ol>\n<li>Construc\u021bie robust\u0103:<\/li>\n<\/ol>\n<ul>\n<li>Cilindrul de preaplin este construit din materiale de \u00eenalt\u0103 calitate, asigur\u00e2nd durabilitate \u0219i longevitate chiar \u0219i \u00een medii dificile de dragare.<\/li>\n<li>Construc\u021bia sa robust\u0103 \u00eei permite s\u0103 reziste la presiuni ridicate, condi\u021bii dure \u0219i utilizare constant\u0103, men\u021bin\u00e2nd performan\u021be constante pe tot parcursul opera\u021biunilor de dragare.<\/li>\n<\/ul>\n<ol start=\"2\">\n<li>Control precis:<\/li>\n<\/ol>\n<ul>\n<li>Acest cilindru ofer\u0103 un control precis asupra sistemului de preaplin, permi\u021b\u00e2nd gestionarea exact\u0103 a materialului dragat.<\/li>\n<li>Asigur\u0103 controlul \u0219i reglarea optim\u0103 a procesului de rev\u0103rsare, facilit\u00e2nd separarea \u0219i evacuarea eficient\u0103 a sedimentelor.<\/li>\n<\/ul>\n<ol start=\"3\">\n<li>Ac\u021bionare fiabil\u0103:<\/li>\n<\/ol>\n<ul>\n<li>Cilindrul de preaplin ofer\u0103 capacit\u0103\u021bi de ac\u021bionare fiabile, asigur\u00e2nd func\u021bionarea lin\u0103 \u0219i consistent\u0103 a sistemului de preaplin.<\/li>\n<li>Acesta furnizeaz\u0103 for\u021ba necesar\u0103 pentru a controla mi\u0219carea por\u021bii de preaplin, asigur\u00e2nd gestionarea eficient\u0103 a fluxului de material dragat.<\/li>\n<\/ul>\n<ol start=\"4\">\n<li>Set\u0103ri personalizabile:<\/li>\n<\/ol>\n<ul>\n<li>Acest cilindru permite reglarea personalizabil\u0103 a diver\u0219ilor parametri, cum ar fi viteza de deschidere \u0219i \u00eenchidere, lungimea cursei \u0219i presiunea de ac\u021bionare.<\/li>\n<li>Operatorii pot adapta aceste set\u0103ri pentru a corespunde cerin\u021belor specifice de dragare, optimiz\u00e2nd eficien\u021ba \u0219i eficacitatea sistemului de deversare.<\/li>\n<\/ul>\n<h2><strong>Parametrul cilindrului de preaplin al dragei de aspira\u021bie cu trac\u021biune:<\/strong><\/h2>\n<table border=\"1\" cellspacing=\"0\" cellpadding=\"0\">\n<tbody>\n<tr>\n<td>Nume produs<\/td>\n<td>Cilindru de preaplin pentru drag\u0103 cu aspira\u021bie tras\u0103<\/td>\n<\/tr>\n<tr>\n<td>Caracteristici:<\/td>\n<td>Asigura\u021bi for\u021ba de tragere pentru ridicarea tubului de relief<\/td>\n<\/tr>\n<tr>\n<td>Diametrul alezajului:<\/td>\n<td>P\u00e2n\u0103 la 280 mm<\/td>\n<\/tr>\n<tr>\n<td>Diametrul tijei:<\/td>\n<td>P\u00e2n\u0103 la 180 mm<br \/>\nCurs\u0103 de p\u00e2n\u0103 la 6000 mm<\/td>\n<\/tr>\n<tr>\n<td>Presiune:<\/td>\n<td>p\u00e2n\u0103 la 32MPa<\/td>\n<\/tr>\n<tr>\n<td>For\u021ba de trac\u021biune:<\/td>\n<td>Maxim 900KN<\/td>\n<\/tr>\n<tr>\n<td>Aplica\u021bii:<\/td>\n<td>Drag\u0103 cu aspira\u021bie tractant\u0103<\/td>\n<\/tr>\n<\/tbody>\n<\/table>\n<div><\/div>\n<div>\n<div class=\"txtboxL\">\n<div class=\"txtboxL\">\n<div class=\"txtboxL\">\n<div class=\"txtboxL\">Caracteristici:<\/div>\n<div class=\"txtboxR\">Asigura\u021bi for\u021ba de tragere pentru ridicarea tubului de relief<\/div>\n<div class=\"txtboxL\">Specifica\u021bii:<\/div>\n<div class=\"txtboxR\">Diametrul g\u0103urii: p\u00e2n\u0103 la 280 mm<br \/>\nDiametrul tijei: p\u00e2n\u0103 la 180 mm<br \/>\nCurs\u0103 de p\u00e2n\u0103 la 6000 mm<\/div>\n<div class=\"txtboxL\">Presiune:<\/div>\n<div class=\"txtboxR\">p\u00e2n\u0103 la 32MPa<\/div>\n<div class=\"txtboxL\">For\u021ba de trac\u021biune:<\/div>\n<div class=\"txtboxR\">Maxim 900KN<\/div>\n<\/div>\n<\/div>\n<\/div>\n<\/div>\n<h2><strong>Aplica\u021bie pentru cilindrii de aspira\u021bie pentru t\u0103ietorul de rezervor de dragare:<\/strong><\/h2>\n<p><img loading=\"lazy\" decoding=\"async\" class=\"alignnone wp-image-1757 size-full\" src=\"https:\/\/hydraulic-cylinders.net\/wp-content\/uploads\/2023\/10\/dredger-tank-cylinder-1.webp\" alt=\"\" width=\"600\" height=\"400\" srcset=\"https:\/\/hydraulic-cylinders.net\/wp-content\/uploads\/2023\/10\/dredger-tank-cylinder-1.webp 600w, https:\/\/hydraulic-cylinders.net\/wp-content\/uploads\/2023\/10\/dredger-tank-cylinder-1-480x320.webp 480w\" sizes=\"(min-width: 0px) and (max-width: 480px) 480px, (min-width: 481px) 600px, 100vw\" \/><\/p>\n<h2><strong>Metoda de utilizare a cilindrului de preaplin al dragei de aspira\u021bie tractoare<\/strong><strong>:<\/strong><\/h2>\n<ol>\n<li><strong>Instalare:<\/strong><\/li>\n<\/ol>\n<ul>\n<li>Urma\u021bi instruc\u021biunile produc\u0103torului pentru a instala \u00een siguran\u021b\u0103 cilindrul de preaplin pe draga de aspira\u021bie tractat\u0103.<\/li>\n<li>Asigura\u021bi alinierea \u0219i fixarea corect\u0103 a cilindrului la clapeta de preaplin \u0219i la componentele asociate, asigur\u00e2nd o func\u021bionare lin\u0103 \u0219i fiabil\u0103.<\/li>\n<\/ul>\n<ol start=\"2\">\n<li><strong>Managementul sistemului de supra\u00eenc\u0103rcare:<\/strong><\/li>\n<\/ol>\n<ul>\n<li>Utiliza\u021bi sistemul de control al dragei pentru a opera \u0219i gestiona cilindrul de preaplin.<\/li>\n<li>Controla\u021bi deschiderea \u0219i \u00eenchiderea por\u021bii de preaplin folosind comenzile desemnate, permi\u021b\u00e2nd un control precis asupra debitului \u0219i desc\u0103rc\u0103rii materialului dragat.<\/li>\n<\/ul>\n<ol start=\"3\">\n<li><strong>Opera\u021biuni de dragare:<\/strong><\/li>\n<\/ol>\n<ul>\n<li>Activa\u021bi cilindrul de preaplin pentru a regla pozi\u021bia por\u021bii de preaplin dup\u0103 cum este necesar \u00een timpul opera\u021biunilor de dragare.<\/li>\n<li>Ajusta\u021bi set\u0103rile cilindrului, cum ar fi viteza \u0219i lungimea cursei, pentru a optimiza procesul de preaplin \u0219i a asigura separarea \u0219i desc\u0103rcarea eficient\u0103 a sedimentelor.<\/li>\n<\/ul>\n<h2><strong>Cum se demonteaz\u0103 cilindrul hidraulic?<\/strong><\/h2>\n<p>Demontarea unui cilindru hidraulic necesit\u0103 o aten\u021bie deosebit\u0103 \u0219i respectarea procedurilor adecvate pentru a asigura o demontare sigur\u0103 \u0219i eficient\u0103. Iat\u0103 un ghid pas cu pas despre cum se demonteaz\u0103 un cilindru hidraulic:<\/p>\n<ol>\n<li><strong>Adun\u0103 uneltele \u0219i echipamentul necesar:<\/strong>\n<ul>\n<li>Chei sau set de tuburi tubulare<\/li>\n<li>Bar\u0103 de levier sau \u0219urubelni\u021b\u0103<\/li>\n<li>Ciocan de cauciuc sau ciocan de siguran\u021b\u0103<\/li>\n<li>C\u00e2rpe curate sau prosoape de atelier<\/li>\n<li>Recipient sau vas de colectare a fluidului hidraulic<\/li>\n<li>M\u0103nu\u0219i \u0219i ochelari de protec\u021bie<\/li>\n<\/ul>\n<\/li>\n<li><strong>Preg\u0103ti\u021bi zona de lucru:<\/strong>\n<ul>\n<li>Asigura\u021bi-v\u0103 c\u0103 ave\u021bi o zon\u0103 de lucru curat\u0103 \u0219i organizat\u0103, cu suficient spa\u021biu pentru a a\u0219eza componentele dezasamblate.<\/li>\n<li>A\u0219eza\u021bi un covora\u0219 absorbant sau un material absorbant de ulei pentru a colecta orice fluid hidraulic v\u0103rsat.<\/li>\n<\/ul>\n<\/li>\n<li><strong>Elibera\u021bi presiunea hidraulic\u0103:<\/strong>\n<ul>\n<li>\u00cenainte de a \u00eencepe procesul de demontare, elibera\u021bi presiunea hidraulic\u0103 din cilindru. Acest lucru se poate face prin activarea supapei de control a sistemului hidraulic pentru a retrage complet cilindrul.<\/li>\n<\/ul>\n<\/li>\n<li><strong>Scoate\u021bi fitingurile \u0219i conexiunile:<\/strong>\n<ul>\n<li>Folosind chei sau un set de chei tubulare, sl\u0103bi\u021bi \u0219i scoate\u021bi cu grij\u0103 orice fitinguri, conectori sau furtunuri hidraulice ata\u0219ate la cilindru.<\/li>\n<li>Urm\u0103ri\u021bi fitingurile \u0219i loca\u021biile lor corespunz\u0103toare pentru reasamblare.<\/li>\n<\/ul>\n<\/li>\n<li><strong>Fixa\u021bi cilindrul:<\/strong>\n<ul>\n<li>Asigura\u021bi-v\u0103 c\u0103 cilindrul este sus\u021binut corespunz\u0103tor folosind o banc\u0103 de lucru sau o menghin\u0103 adecvat\u0103 pentru a preveni c\u0103derea sau rostogolirea acestuia \u00een timpul dezasambl\u0103rii.<\/li>\n<\/ul>\n<\/li>\n<li><strong>Scoate\u021bi garnitura sau capacul de cap\u0103t:<\/strong>\n<ul>\n<li>Garnitura sau capacul de cap\u0103t este de obicei amplasat la cap\u0103tul tijei cilindrului.<\/li>\n<li>Folosi\u021bi o cheie sau o cheie tubular\u0103 pentru a sl\u0103bi \u0219i a scoate \u0219uruburile sau piuli\u021bele de fixare.<\/li>\n<li>Dac\u0103 garnitura sau capacul de cap\u0103t este blocat, \u00eel pute\u021bi lovi u\u0219or cu un ciocan de cauciuc sau un ciocan de siguran\u021b\u0103 pentru a-l sl\u0103bi.<\/li>\n<li>Dup\u0103 ce a fost sl\u0103bit\u0103, scoate\u021bi cu grij\u0103 garnitura sau capacul de cap\u0103t, permi\u021b\u00e2nd fluidului hidraulic s\u0103 se scurg\u0103 \u00een vasul de colectare.<\/li>\n<\/ul>\n<\/li>\n<li><strong>Extrage\u021bi ansamblul pistonului \u0219i tijei:<\/strong>\n<ul>\n<li>Dup\u0103 ce a\u021bi \u00eendep\u0103rtat garnitura sau capacul de cap\u0103t, pute\u021bi accesa acum ansamblul piston-tij\u0103.<\/li>\n<li>Glisa\u021bi u\u0219or ansamblul piston-tij\u0103 din cilindru, asigur\u00e2ndu-v\u0103 c\u0103 \u00eel prinde\u021bi ferm pentru a preveni c\u0103derea sau deteriorarea.<\/li>\n<li>Dac\u0103 ansamblul este blocat, pute\u021bi folosi o p\u00e2rghie sau o \u0219urubelni\u021b\u0103 pentru a aplica cu grij\u0103 un efect de levier \u0219i a ajuta la scoaterea acestuia.<\/li>\n<\/ul>\n<\/li>\n<li><strong>Inspecta\u021bi \u0219i cur\u0103\u021ba\u021bi componentele:<\/strong>\n<ul>\n<li>Dup\u0103 demontare, inspecta\u021bi toate componentele pentru a depista semne de uzur\u0103, deteriorare sau contaminare.<\/li>\n<li>Cur\u0103\u021ba\u021bi temeinic componentele folosind c\u00e2rpe curate sau prosoape de atelier, \u00eendep\u0103rt\u00e2nd orice murd\u0103rie, resturi sau fluid hidraulic.<\/li>\n<li>Acorda\u021bi o aten\u021bie deosebit\u0103 pistonului, tijei, cilindrului \u0219i garniturilor.<\/li>\n<\/ul>\n<\/li>\n<li><strong>\u00cenlocuirea sau repararea componentelor:<\/strong>\n<ul>\n<li>Dac\u0103 vreo component\u0103 este uzat\u0103 sau deteriorat\u0103, se recomand\u0103 \u00eenlocuirea ei cu una nou\u0103.<\/li>\n<li>Verifica\u021bi garniturile pentru orice semne de uzur\u0103 \u0219i \u00eenlocui\u021bi-le dac\u0103 este necesar.<\/li>\n<li>Consulta\u021bi instruc\u021biunile produc\u0103torului sau solicita\u021bi sfatul unui profesionist dac\u0103 nu sunte\u021bi sigur cu privire la \u00eenlocuirea sau repararea componentelor.<\/li>\n<\/ul>\n<\/li>\n<li><strong>Reasamblare:<\/strong>\n<ul>\n<li>Urma\u021bi instruc\u021biunile produc\u0103torului pentru reasamblarea cilindrului hidraulic.<\/li>\n<li>Aplica\u021bi un fluid sau lubrifiant hidraulic adecvat pe garnituri \u0219i componente \u00een timpul reasambl\u0103rii.<\/li>\n<li>Asigura\u021bi-v\u0103 c\u0103 toate fitingurile \u0219i conexiunile sunt str\u00e2nse la valorile de cuplu specificate.<\/li>\n<li>Verifica\u021bi de dou\u0103 ori alinierea \u0219i orientarea corect\u0103 a componentelor \u00eenainte de a finaliza reasamblarea.<\/li>\n<\/ul>\n<\/li>\n<\/ol>\n<h2><strong>Capabilitatea \u0219i capacitatea fabricii:<\/strong><\/h2>\n<h3>(1) Montaj<\/h3>\n<p>Avem o platform\u0103 de asamblare independent\u0103 de cercetare \u0219i dezvoltare de prim\u0103 clas\u0103. Atelierul de produc\u021bie a cilindrilor hidraulici are patru linii de asamblare semiautomate pentru cilindri de ridicare \u0219i o linie de asamblare automat\u0103 a cilindrilor de \u00eenclinare, cu o capacitate de produc\u021bie anual\u0103 proiectat\u0103 de 1 milion de buc\u0103\u021bi. Atelierul de cilindri speciali este echipat cu diverse specifica\u021bii ale unui sistem de asamblare semi-automat de cur\u0103\u021bare, cu o capacitate de produc\u021bie anual\u0103 proiectat\u0103 de 200.000 \u0219i dotat cu echipamente celebre de prelucrare CNC, un centru de prelucrare, un echipament special de prelucrare a cilindrilor de \u00eenalt\u0103 precizie, o ma\u0219in\u0103 de sudur\u0103 robotizat\u0103, o ma\u0219in\u0103 de cur\u0103\u021bare automat\u0103, o ma\u0219in\u0103 de asamblare automat\u0103 a cilindrilor \u0219i o linie de produc\u021bie automat\u0103 de vopsire. Echipamente critice existente de peste 300 de seturi (seturi). Alocarea optim\u0103 \u0219i utilizarea eficient\u0103 a resurselor de echipamente asigur\u0103 cerin\u021bele de precizie ale produselor \u0219i satisface nevoile de \u00eenalt\u0103 calitate ale produselor.<\/p>\n<p><img loading=\"lazy\" decoding=\"async\" class=\"alignnone wp-image-626\" src=\"https:\/\/hydraulic-cylinders.net\/wp-content\/uploads\/2023\/08\/hydraulic-cylinder-product-1-300x158.webp\" alt=\"\" width=\"495\" height=\"260\" srcset=\"https:\/\/hydraulic-cylinders.net\/wp-content\/uploads\/2023\/08\/hydraulic-cylinder-product-1-300x158.webp 495w, https:\/\/hydraulic-cylinders.net\/wp-content\/uploads\/2023\/08\/hydraulic-cylinder-product-1-480x252.webp 480w\" sizes=\"(min-width: 0px) and (max-width: 480px) 480px, (min-width: 481px) 495px, 100vw\" \/> <img loading=\"lazy\" decoding=\"async\" class=\"alignnone wp-image-627\" src=\"https:\/\/hydraulic-cylinders.net\/wp-content\/uploads\/2023\/08\/hydraulic-cylinder-product-2-300x189.webp\" alt=\"\" width=\"413\" height=\"260\" \/><\/p>\n<h3>(2) Prelucrare<\/h3>\n<p>Atelierul de prelucrare este echipat cu un centru de strunjire cu \u0219in\u0103 \u00eenclinat\u0103 personalizat, un centru de prelucrare, o ma\u0219in\u0103 de honuire de mare vitez\u0103, un robot de sudur\u0103 \u0219i alte echipamente conexe, care pot gestiona prelucrarea tuburilor cilindrice cu un diametru interior maxim de 400 mm \u0219i o lungime maxim\u0103 de 6 metri.<\/p>\n<p><img loading=\"lazy\" decoding=\"async\" class=\"alignnone wp-image-628 size-large\" src=\"https:\/\/hydraulic-cylinders.net\/wp-content\/uploads\/2023\/08\/hydraulic-cylinder-product-3-1024x391.webp\" alt=\"\" width=\"1024\" height=\"391\" srcset=\"https:\/\/hydraulic-cylinders.net\/wp-content\/uploads\/2023\/08\/hydraulic-cylinder-product-3-980x374.webp 980w, https:\/\/hydraulic-cylinders.net\/wp-content\/uploads\/2023\/08\/hydraulic-cylinder-product-3-480x183.webp 480w\" sizes=\"(min-width: 0px) and (max-width: 480px) 480px, (min-width: 481px) and (max-width: 980px) 980px, (min-width: 981px) 1024px, 100vw\" \/><\/p>\n<h3>(3) Sudur\u0103<\/h3>\n<p><img loading=\"lazy\" decoding=\"async\" class=\"alignnone wp-image-629 size-large\" src=\"https:\/\/hydraulic-cylinders.net\/wp-content\/uploads\/2023\/08\/hydraulic-cylinder-product-4-1024x510.webp\" alt=\"\" width=\"1024\" height=\"510\" srcset=\"https:\/\/hydraulic-cylinders.net\/wp-content\/uploads\/2023\/08\/hydraulic-cylinder-product-4-980x488.webp 980w, https:\/\/hydraulic-cylinders.net\/wp-content\/uploads\/2023\/08\/hydraulic-cylinder-product-4-480x239.webp 480w\" sizes=\"(min-width: 0px) and (max-width: 480px) 480px, (min-width: 481px) and (max-width: 980px) 980px, (min-width: 981px) 1024px, 100vw\" \/><\/p>\n<h3>(4) Vopsire \u0219i acoperire<\/h3>\n<p>Cu linii automate de acoperire cu vopsea pe baz\u0103 de ap\u0103 cu cilindru de dimensiuni mici \u0219i medii, pentru a realiza \u00eenc\u0103rcarea \u0219i desc\u0103rcarea automat\u0103 a robotului \u0219i pulverizarea automat\u0103, capacitatea de proiectare de 4000 de buc\u0103\u021bi pe schimb;<br \/>\nAvem, de asemenea, o linie de produc\u021bie semi-automat\u0103 de vopsire pentru cilindri mari, ac\u021bionat\u0103 de un lan\u021b de putere, cu o capacitate de proiectare de 60 de cutii pe schimb.<\/p>\n<p><img loading=\"lazy\" decoding=\"async\" class=\"alignnone wp-image-630\" src=\"https:\/\/hydraulic-cylinders.net\/wp-content\/uploads\/2023\/08\/hydraulic-cylinder-product-5-300x213.webp\" alt=\"\" width=\"366\" height=\"260\" \/> <img loading=\"lazy\" decoding=\"async\" class=\"alignnone wp-image-631\" src=\"https:\/\/hydraulic-cylinders.net\/wp-content\/uploads\/2023\/08\/hydraulic-cylinder-product-6-300x225.webp\" alt=\"\" width=\"347\" height=\"260\" \/><\/p>\n<h3>(5) Testarea<\/h3>\n<p>Dispunem de instala\u021bii de inspec\u021bie \u0219i bancuri de testare de prim\u0103 clas\u0103 pentru a ne asigura c\u0103 performan\u021ba cilindrului \u00eendepline\u0219te cerin\u021bele.<\/p>\n<p><img loading=\"lazy\" decoding=\"async\" class=\"alignnone wp-image-632\" src=\"https:\/\/hydraulic-cylinders.net\/wp-content\/uploads\/2023\/08\/hydraulic-cylinder-product-8-300x200.webp\" alt=\"\" width=\"389\" height=\"260\" \/><\/p>\n<p>&nbsp;<\/p>\n<p>&nbsp;<\/p>\n<p>Suntem unul dintre cei mai buni produc\u0103tori de cilindri hidraulici. Putem oferi o gam\u0103 complet\u0103 de cilindri hidraulici. De asemenea, oferim... <a href=\"https:\/\/hzpt.com\/agricultural-pto-gearbox\/\" target=\"_blank\" rel=\"noopener\">cutii de viteze agricole<\/a>Ne-am exportat produsele c\u0103tre clien\u021bi din \u00eentreaga lume \u0219i ne-am c\u00e2\u0219tigat o bun\u0103 reputa\u021bie datorit\u0103 calit\u0103\u021bii superioare a produselor noastre \u0219i a serviciilor post-v\u00e2nzare. \u00cei invit\u0103m pe clien\u021bii din \u021bar\u0103 \u0219i din str\u0103in\u0103tate s\u0103 ne contacteze pentru a negocia afaceri, a face schimb de informa\u021bii \u0219i... <a href=\"https:\/\/www.hydraulic-cylinders.net\/ro\/contact-us\/\">s\u0103 coopereze cu noi<\/a>!<\/p>","protected":false},"excerpt":{"rendered":"<p>Trailing Suction Dredger Overflow Cylinder The trailing suction dredger overflow cylinder is a vital component in modern dredging equipment. Designed to optimize the performance of trailing suction dredgers, this cylinder plays a crucial role in managing the overflow system. The trailing suction dredger overflow cylinder is an essential component for achieving efficient and effective dredging [&hellip;]<\/p>","protected":false},"featured_media":1777,"comment_status":"open","ping_status":"closed","template":"","meta":{"_et_pb_use_builder":"","_et_pb_old_content":"","_et_gb_content_width":""},"product_brand":[],"product_cat":[1535,1549,1552,1376],"product_tag":[1380],"class_list":{"0":"post-1775","1":"product","2":"type-product","3":"status-publish","4":"has-post-thumbnail","6":"product_cat-dredger-hydraulic-cylinders","7":"product_cat-single-acting-hydraulic-cylinder","8":"product_cat-stainless-steel-hydraulic-cylinder","9":"product_cat-hydraulic-cylinder","10":"product_tag-hydraulic-cylinder","12":"first","13":"instock","14":"shipping-taxable","15":"product-type-simple"},"amp_enabled":true,"_links":{"self":[{"href":"https:\/\/www.hydraulic-cylinders.net\/ro\/wp-json\/wp\/v2\/product\/1775","targetHints":{"allow":["GET"]}}],"collection":[{"href":"https:\/\/www.hydraulic-cylinders.net\/ro\/wp-json\/wp\/v2\/product"}],"about":[{"href":"https:\/\/www.hydraulic-cylinders.net\/ro\/wp-json\/wp\/v2\/types\/product"}],"replies":[{"embeddable":true,"href":"https:\/\/www.hydraulic-cylinders.net\/ro\/wp-json\/wp\/v2\/comments?post=1775"}],"wp:featuredmedia":[{"embeddable":true,"href":"https:\/\/www.hydraulic-cylinders.net\/ro\/wp-json\/wp\/v2\/media\/1777"}],"wp:attachment":[{"href":"https:\/\/www.hydraulic-cylinders.net\/ro\/wp-json\/wp\/v2\/media?parent=1775"}],"wp:term":[{"taxonomy":"product_brand","embeddable":true,"href":"https:\/\/www.hydraulic-cylinders.net\/ro\/wp-json\/wp\/v2\/product_brand?post=1775"},{"taxonomy":"product_cat","embeddable":true,"href":"https:\/\/www.hydraulic-cylinders.net\/ro\/wp-json\/wp\/v2\/product_cat?post=1775"},{"taxonomy":"product_tag","embeddable":true,"href":"https:\/\/www.hydraulic-cylinders.net\/ro\/wp-json\/wp\/v2\/product_tag?post=1775"}],"curies":[{"name":"wp","href":"https:\/\/api.w.org\/{rel}","templated":true}]}}