{"id":1845,"date":"2023-10-17T06:51:32","date_gmt":"2023-10-17T06:51:32","guid":{"rendered":"https:\/\/hydraulic-cylinders.net\/?post_type=product&#038;p=1845"},"modified":"2025-04-15T05:42:51","modified_gmt":"2025-04-15T05:42:51","slug":"reach-stacker-luffing-cylinder","status":"publish","type":"product","link":"https:\/\/www.hydraulic-cylinders.net\/ro\/produs\/reach-stacker-luffing-cylinder\/","title":{"rendered":"Cilindru de \u00eenclinare pentru stivuitor Reach Stacker"},"content":{"rendered":"<h1 style=\"text-align: center;\"><strong>Cilindru de \u00eenclinare pentru stivuitor Reach Stacker<\/strong><\/h1>\n<h1 style=\"text-align: center;\"><img loading=\"lazy\" decoding=\"async\" class=\"alignnone wp-image-1846\" src=\"https:\/\/hydraulic-cylinders.net\/wp-content\/uploads\/2023\/10\/reach-stacker-luffing-cylinder-1-300x300.webp\" alt=\"\" width=\"400\" height=\"400\" \/><\/h1>\n<p>Cilindrul de rabatare al stivuitorului reach stacker este o component\u0103 hidraulic\u0103 extrem de eficient\u0103, conceput\u0103 pentru a \u00eembun\u0103t\u0103\u021bi performan\u021ba \u0219i versatilitatea stivuitoarelor reach stacker \u00een opera\u021biunile de manipulare a materialelor. Acest cilindru specializat ajusteaz\u0103 unghiul bra\u021bului stivuitorului reach stacker, permi\u021b\u00e2nd ridicarea \u0219i stivuirea precis\u0103 \u0219i eficient\u0103 a containerelor. Cu caracteristicile sale excep\u021bionale, construc\u021bia robust\u0103 \u0219i func\u021bionalitatea perfect\u0103, cilindrul de rabatare al stivuitorului reach stacker schimb\u0103 regulile jocului \u00een industria manipul\u0103rii materialelor.<\/p>\n<p>Cilindrul de rabatare a stivuitoarelor reach stacker revolu\u021bioneaz\u0103 capacit\u0103\u021bile stivuitoarelor reach stacker \u00een opera\u021biunile de manipulare a materialelor. Cu unghiul reglabil al bra\u021bului, capacitatea de ridicare \u00eembun\u0103t\u0103\u021bit\u0103 \u0219i func\u021bionarea lin\u0103, acest cilindru permite operatorilor s\u0103 gestioneze eficient containerele \u0219i s\u0103 se adapteze la diferite \u00een\u0103l\u021bimi de stivuire \u0219i condi\u021bii de lucru. Prin respectarea metodelor de utilizare recomandate \u0219i implementarea practicilor regulate de \u00eentre\u021binere, companiile \u00ee\u0219i pot maximiza performan\u021ba, longevitatea \u0219i siguran\u021ba opera\u021biunilor cu stivuitoare reach stacker. Cilindrul de rabatare a stivuitoarelor reach stacker este un plus valoros pentru orice flot\u0103 de manipulare a materialelor, permi\u021b\u00e2nd manipularea eficient\u0103 a containerelor, reduc\u00e2nd la minimum timpii de nefunc\u021bionare \u0219i stimul\u00e2nd productivitatea \u00een industria competitiv\u0103 a manipul\u0103rii materialelor.<\/p>\n<p>Caracteristici cheie ale cilindrului de \u00eenclinare a stivuitorului Reach Stacker:<\/p>\n<ul>\n<li>Unghiul bra\u021bului reglabil: Cilindrul de \u00eenclinare al stivuitorului reach stacker ajusteaz\u0103 unghiul bra\u021bului acestuia, oferind o flexibilitate excep\u021bional\u0103 \u00een manipularea containerelor. Operatorii pot modifica cu u\u0219urin\u021b\u0103 unghiul bra\u021bului pentru a se adapta la diferite \u00een\u0103l\u021bimi de stivuire, dimensiuni ale containerelor \u0219i condi\u021bii de lucru. Aceast\u0103 reglabilitate permite opera\u021biuni eficiente de \u00eenc\u0103rcare \u0219i desc\u0103rcare, optimiz\u00e2nd productivitatea \u0219i reduc\u00e2nd \u00eent\u00e2rzierile opera\u021bionale.<\/li>\n<li>Capacitate de ridicare \u00eembun\u0103t\u0103\u021bit\u0103: Acest cilindru este proiectat pentru a manipula cu u\u0219urin\u021b\u0103 sarcini grele. Este conceput s\u0103 reziste la presiuni de lucru ridicate \u0219i s\u0103 ofere o capacitate de ridicare superioar\u0103. Cilindrul de ridicare a stivuitorului reach stacker asigur\u0103 stabilitate \u0219i precizie \u00een timpul opera\u021biunilor de ridicare, permi\u021b\u00e2nd stivuitoarelor reach stacker s\u0103 manipuleze containere mai mari \u0219i sarcini mai grele \u00een siguran\u021b\u0103 \u0219i eficient.<\/li>\n<li>Func\u021bionare lin\u0103 \u0219i controlat\u0103: Cilindrul de ridicare a bra\u021bului reach stacker ofer\u0103 o func\u021bionare lin\u0103 \u0219i controlat\u0103, crucial\u0103 pentru manipularea precis\u0103 a materialelor. Acesta \u00eencorporeaz\u0103 etan\u0219\u0103ri, rulmen\u021bi \u0219i componente hidraulice de \u00eenalt\u0103 calitate care minimizeaz\u0103 frecarea \u0219i asigur\u0103 performan\u021be optime. Aceast\u0103 func\u021bionare lin\u0103 permite operatorilor s\u0103 ajusteze cu precizie unghiul bra\u021bului, facilit\u00e2nd pozi\u021bionarea precis\u0103 \u0219i reduc\u00e2nd la minimum riscul de coliziune sau deteriorare a containerelor.<\/li>\n<\/ul>\n<h2><strong>Parametrul cilindrului de \u00eenclinare al stivuitorului Reach Stacker:<\/strong><\/h2>\n<table border=\"1\" cellspacing=\"0\" cellpadding=\"0\">\n<tbody>\n<tr>\n<td>Nume produs<\/td>\n<td>Cilindru de \u00eenclinare pentru stivuitor Reach Stacker<\/td>\n<\/tr>\n<tr>\n<td>Caracteristici:<\/td>\n<td>Realiza\u021bi \u00eenclinarea \u00een sus \u0219i \u00een jos a bra\u021bului<\/td>\n<\/tr>\n<tr>\n<td>Diametrul alezajului:<\/td>\n<td>100 mm ~ 220 mm<\/td>\n<\/tr>\n<tr>\n<td>Diametrul tijei:<\/td>\n<td>60 mm ~ 140 mm<br \/>\nCurs\u0103 \u22645000mm<\/td>\n<\/tr>\n<tr>\n<td>Presiune:<\/td>\n<td>Maxim 30MPa<\/td>\n<\/tr>\n<tr>\n<td>Aplica\u021bii:<\/td>\n<td>Stivuitor portabil<\/td>\n<\/tr>\n<\/tbody>\n<\/table>\n<h2><strong>Aplica\u021bie cilindru Reach Stacker:<\/strong><\/h2>\n<p><img loading=\"lazy\" decoding=\"async\" class=\"alignnone wp-image-1844 size-full\" src=\"https:\/\/hydraulic-cylinders.net\/wp-content\/uploads\/2023\/10\/reach-stacker-cylinder.webp\" alt=\"\" width=\"1418\" height=\"946\" srcset=\"https:\/\/hydraulic-cylinders.net\/wp-content\/uploads\/2023\/10\/reach-stacker-cylinder.webp 1418w, https:\/\/hydraulic-cylinders.net\/wp-content\/uploads\/2023\/10\/reach-stacker-cylinder-1280x854.webp 1280w, https:\/\/hydraulic-cylinders.net\/wp-content\/uploads\/2023\/10\/reach-stacker-cylinder-980x654.webp 980w, https:\/\/hydraulic-cylinders.net\/wp-content\/uploads\/2023\/10\/reach-stacker-cylinder-480x320.webp 480w\" sizes=\"(min-width: 0px) and (max-width: 480px) 480px, (min-width: 481px) and (max-width: 980px) 980px, (min-width: 981px) and (max-width: 1280px) 1280px, (min-width: 1281px) 1418px, 100vw\" \/><\/p>\n<h2><strong>Metoda de utilizare a cilindrului de ridicare a stivuitorului Reach Stacker<\/strong><strong>:<\/strong><\/h2>\n<p>Reglarea unghiului bra\u021bului: Pentru a regla unghiul bra\u021bului folosind cilindrul de \u00eenclinare al stivuitorului Reach Stacker, urma\u021bi ace\u0219ti pa\u0219i:<\/p>\n<p>a. Cupla\u021bi sistemul hidraulic al stivuitorului portabil \u0219i asigura\u021bi-v\u0103 c\u0103 presiunea hidraulic\u0103 se \u00eencadreaz\u0103 \u00een intervalul de func\u021bionare recomandat.<br \/>\nb. Ac\u021biona\u021bi consola de control sau panoul de control destinat regl\u0103rii unghiului bra\u021bului.<br \/>\nc. Activa\u021bi treptat circuitul hidraulic, control\u00e2nd extinderea sau retragerea cilindrului de \u00eenclinare \u00een func\u021bie de unghiul dorit al bra\u021bului.<br \/>\nd. Monitoriza\u021bi unghiul bra\u021bului prin intermediul afi\u0219ajului integrat sau al indicatorilor vizuali ai stivuitorului portabil.<br \/>\ne. Regla\u021bi fin unghiul bra\u021bului dup\u0103 cum este necesar p\u00e2n\u0103 c\u00e2nd se ob\u021bine pozi\u021bia dorit\u0103.<\/p>\n<h2><strong>C\u00e2t de greu este s\u0103 reconstruie\u0219ti un cilindru hidraulic?<\/strong><\/h2>\n<p>Reconstruirea unui cilindru hidraulic poate fi o sarcin\u0103 complex\u0103 care necesit\u0103 cuno\u0219tin\u021be tehnice, experien\u021b\u0103 \u0219i unelte adecvate. Aceasta implic\u0103 dezasamblarea cilindrului, inspectarea \u0219i \u00eenlocuirea componentelor uzate sau deteriorate \u0219i reasamblarea precis\u0103 a cilindrului. De\u0219i poate fi o provocare pentru \u00eencep\u0103tori sau pentru persoanele f\u0103r\u0103 expertiz\u0103 \u00een sisteme hidraulice, tehnicienii hidraulici experimenta\u021bi sau profesioni\u0219tii cu aptitudini mecanice pot reconstrui cu succes cilindrii hidraulici urm\u00e2nd procedurile adecvate. Iat\u0103 c\u00e2\u021biva factori de luat \u00een considerare atunci c\u00e2nd se evalueaz\u0103 nivelul de dificultate al reconstruirii unui cilindru hidraulic:<\/p>\n<ol>\n<li><strong>Abilit\u0103\u021bi \u0219i experien\u021b\u0103:<\/strong> Reconstruirea unui cilindru hidraulic necesit\u0103 cuno\u0219tin\u021be mecanice specifice \u0219i experien\u021b\u0103 \u00een lucrul cu sisteme hidraulice. Familiarizarea cu principiile hidraulice, componentele cilindrului \u0219i tehnicile de asamblare este benefic\u0103. Persoanele cu experien\u021b\u0103 anterioar\u0103 \u00een \u00eentre\u021binerea sau repararea sistemelor hidraulice vor g\u0103si procesul mai u\u0219or de parcurs.<\/li>\n<li><strong>Complexitatea cilindrului:<\/strong> Complexitatea cilindrului hidraulic poate influen\u021ba nivelul de dificultate al reconstruc\u021biei. Unii cilindri pot avea designuri complicate, etape multiple sau caracteristici specializate care necesit\u0103 expertiz\u0103 \u0219i aten\u021bie suplimentar\u0103 \u00een timpul dezasambl\u0103rii \u0219i reasambl\u0103rii.<\/li>\n<li><strong>Acces la informa\u021bii \u0219i resurse:<\/strong> Accesul la documenta\u021bia produc\u0103torului, manualele tehnice sau ghidurile de repara\u021bii specifice cilindrului hidraulic care urmeaz\u0103 s\u0103 fie reconstruit poate facilita semnificativ procesul. Aceste resurse ofer\u0103 instruc\u021biuni detaliate, vederi explodate \u0219i specifica\u021bii pentru demontarea, inspec\u021bia \u0219i reasamblarea corect\u0103.<\/li>\n<li><strong>Unelte \u0219i echipamente:<\/strong> Reconstruc\u021bia unui cilindru hidraulic necesit\u0103 unelte \u0219i echipamente specializate. Acestea pot include chei, tubulare, unelte pentru instalarea garniturilor, cle\u0219ti pentru inele elastice \u0219i prese hidraulice. A avea uneltele adecvate la \u00eendem\u00e2n\u0103 \u0219i \u00een\u021belegerea modului de utilizare corect\u0103 a acestora este esen\u021bial\u0103 pentru o reconstruc\u021bie reu\u0219it\u0103.<\/li>\n<li><strong>Disponibilitatea componentelor:<\/strong> Disponibilitatea pieselor de schimb pentru cilindrul hidraulic este o considera\u021bie important\u0103. Identificarea \u0219i g\u0103sirea etan\u0219\u0103rilor, rulmen\u021bilor, pistoanelor, tijelor \u0219i altor componente corecte poate necesita cercetare \u0219i acces la un furnizor de \u00eencredere. Accesul la piese originale sau aftermarket de calitate care corespund specifica\u021biilor componentelor originale este vital pentru o reconstruc\u021bie corect\u0103.<\/li>\n<li><strong>Precizie \u0219i aten\u021bie la detalii:<\/strong> Reconstruc\u021bia unui cilindru hidraulic necesit\u0103 o aten\u021bie meticuloas\u0103. Cur\u0103\u021barea, inspec\u021bia \u0219i m\u0103surarea corespunz\u0103toare a componentelor sunt esen\u021biale. Asigurarea unei alinieri corecte, a set\u0103rilor de cuplu \u0219i a unei etan\u0219\u0103ri bune \u00een timpul reasambl\u0103rii este esen\u021bial\u0103 pentru a evita scurgerile \u0219i a asigura performan\u021be optime.<\/li>\n<li><strong>Considera\u021bii de siguran\u021b\u0103:<\/strong> Reconstruirea cilindrilor hidraulici implic\u0103 lucrul cu sisteme hidraulice sub presiune. Trebuie luate m\u0103suri de siguran\u021b\u0103 adecvate pentru a preveni r\u0103nirea sau accidentele. Familiarizarea cu protocoalele de siguran\u021b\u0103 ale sistemelor hidraulice \u0219i utilizarea echipamentului individual de protec\u021bie (EIP) adecvat sunt imperative.<\/li>\n<\/ol>\n<h2><strong>Capabilitatea \u0219i capacitatea fabricii:<\/strong><\/h2>\n<h3>(1) Montaj<\/h3>\n<p>Avem o platform\u0103 de asamblare independent\u0103 de cercetare \u0219i dezvoltare de prim\u0103 clas\u0103. Atelierul de produc\u021bie a cilindrilor hidraulici are patru linii de asamblare semiautomate pentru cilindri de ridicare \u0219i o linie de asamblare automat\u0103 a cilindrilor de \u00eenclinare, cu o capacitate de produc\u021bie anual\u0103 proiectat\u0103 de 1 milion de buc\u0103\u021bi. Atelierul de cilindri speciali este echipat cu diverse specifica\u021bii ale unui sistem de asamblare semi-automat de cur\u0103\u021bare, cu o capacitate de produc\u021bie anual\u0103 proiectat\u0103 de 200.000 \u0219i dotat cu echipamente celebre de prelucrare CNC, un centru de prelucrare, un echipament special de prelucrare a cilindrilor de \u00eenalt\u0103 precizie, o ma\u0219in\u0103 de sudur\u0103 robotizat\u0103, o ma\u0219in\u0103 de cur\u0103\u021bare automat\u0103, o ma\u0219in\u0103 de asamblare automat\u0103 a cilindrilor \u0219i o linie de produc\u021bie automat\u0103 de vopsire. Echipamente critice existente de peste 300 de seturi (seturi). Alocarea optim\u0103 \u0219i utilizarea eficient\u0103 a resurselor de echipamente asigur\u0103 cerin\u021bele de precizie ale produselor \u0219i satisface nevoile de \u00eenalt\u0103 calitate ale produselor.<\/p>\n<p><img loading=\"lazy\" decoding=\"async\" class=\"alignnone wp-image-626\" src=\"https:\/\/hydraulic-cylinders.net\/wp-content\/uploads\/2023\/08\/hydraulic-cylinder-product-1-300x158.webp\" alt=\"\" width=\"495\" height=\"260\" srcset=\"https:\/\/hydraulic-cylinders.net\/wp-content\/uploads\/2023\/08\/hydraulic-cylinder-product-1-300x158.webp 495w, https:\/\/hydraulic-cylinders.net\/wp-content\/uploads\/2023\/08\/hydraulic-cylinder-product-1-480x252.webp 480w\" sizes=\"(min-width: 0px) and (max-width: 480px) 480px, (min-width: 481px) 495px, 100vw\" \/> <img loading=\"lazy\" decoding=\"async\" class=\"alignnone wp-image-627\" src=\"https:\/\/hydraulic-cylinders.net\/wp-content\/uploads\/2023\/08\/hydraulic-cylinder-product-2-300x189.webp\" alt=\"\" width=\"413\" height=\"260\" \/><\/p>\n<h3>(2) Prelucrare<\/h3>\n<p>Atelierul de prelucrare este echipat cu un centru de strunjire cu \u0219in\u0103 \u00eenclinat\u0103 personalizat, un centru de prelucrare, o ma\u0219in\u0103 de honuire de mare vitez\u0103, un robot de sudur\u0103 \u0219i alte echipamente conexe, care pot gestiona prelucrarea tuburilor cilindrice cu un diametru interior maxim de 400 mm \u0219i o lungime maxim\u0103 de 6 metri.<\/p>\n<p><img loading=\"lazy\" decoding=\"async\" class=\"alignnone wp-image-628 size-large\" src=\"https:\/\/hydraulic-cylinders.net\/wp-content\/uploads\/2023\/08\/hydraulic-cylinder-product-3-1024x391.webp\" alt=\"\" width=\"1024\" height=\"391\" srcset=\"https:\/\/hydraulic-cylinders.net\/wp-content\/uploads\/2023\/08\/hydraulic-cylinder-product-3-980x374.webp 980w, https:\/\/hydraulic-cylinders.net\/wp-content\/uploads\/2023\/08\/hydraulic-cylinder-product-3-480x183.webp 480w\" sizes=\"(min-width: 0px) and (max-width: 480px) 480px, (min-width: 481px) and (max-width: 980px) 980px, (min-width: 981px) 1024px, 100vw\" \/><\/p>\n<h3>(3) Sudur\u0103<\/h3>\n<p><img loading=\"lazy\" decoding=\"async\" class=\"alignnone wp-image-629 size-large\" src=\"https:\/\/hydraulic-cylinders.net\/wp-content\/uploads\/2023\/08\/hydraulic-cylinder-product-4-1024x510.webp\" alt=\"\" width=\"1024\" height=\"510\" srcset=\"https:\/\/hydraulic-cylinders.net\/wp-content\/uploads\/2023\/08\/hydraulic-cylinder-product-4-980x488.webp 980w, https:\/\/hydraulic-cylinders.net\/wp-content\/uploads\/2023\/08\/hydraulic-cylinder-product-4-480x239.webp 480w\" sizes=\"(min-width: 0px) and (max-width: 480px) 480px, (min-width: 481px) and (max-width: 980px) 980px, (min-width: 981px) 1024px, 100vw\" \/><\/p>\n<h3>(4) Vopsire \u0219i acoperire<\/h3>\n<p>Cu linii automate de acoperire cu vopsea pe baz\u0103 de ap\u0103 cu cilindru de dimensiuni mici \u0219i medii, pentru a realiza \u00eenc\u0103rcarea \u0219i desc\u0103rcarea automat\u0103 a robotului \u0219i pulverizarea automat\u0103, capacitatea de proiectare de 4000 de buc\u0103\u021bi pe schimb;<br \/>\nAvem, de asemenea, o linie de produc\u021bie semi-automat\u0103 de vopsire pentru cilindri mari, ac\u021bionat\u0103 de un lan\u021b de putere, cu o capacitate de proiectare de 60 de cutii pe schimb.<\/p>\n<p><img loading=\"lazy\" decoding=\"async\" class=\"alignnone wp-image-630\" src=\"https:\/\/hydraulic-cylinders.net\/wp-content\/uploads\/2023\/08\/hydraulic-cylinder-product-5-300x213.webp\" alt=\"\" width=\"366\" height=\"260\" \/> <img loading=\"lazy\" decoding=\"async\" class=\"alignnone wp-image-631\" src=\"https:\/\/hydraulic-cylinders.net\/wp-content\/uploads\/2023\/08\/hydraulic-cylinder-product-6-300x225.webp\" alt=\"\" width=\"347\" height=\"260\" \/><\/p>\n<h3>(5) Testarea<\/h3>\n<p>Dispunem de instala\u021bii de inspec\u021bie \u0219i bancuri de testare de prim\u0103 clas\u0103 pentru a ne asigura c\u0103 performan\u021ba cilindrului \u00eendepline\u0219te cerin\u021bele.<\/p>\n<p><img loading=\"lazy\" decoding=\"async\" class=\"alignnone wp-image-632\" src=\"https:\/\/hydraulic-cylinders.net\/wp-content\/uploads\/2023\/08\/hydraulic-cylinder-product-8-300x200.webp\" alt=\"\" width=\"389\" height=\"260\" \/><\/p>\n<p>&nbsp;<\/p>\n<p>&nbsp;<\/p>\n<p>Suntem unul dintre cei mai buni produc\u0103tori de cilindri hidraulici. Putem oferi o gam\u0103 complet\u0103 de cilindri hidraulici. De asemenea, oferim... <a href=\"https:\/\/hzpt.com\/agricultural-pto-gearbox\/\" target=\"_blank\" rel=\"noopener\">cutii de viteze agricole<\/a>Ne-am exportat produsele c\u0103tre clien\u021bi din \u00eentreaga lume \u0219i ne-am c\u00e2\u0219tigat o bun\u0103 reputa\u021bie datorit\u0103 calit\u0103\u021bii superioare a produselor noastre \u0219i a serviciilor post-v\u00e2nzare. \u00cei invit\u0103m pe clien\u021bii din \u021bar\u0103 \u0219i din str\u0103in\u0103tate s\u0103 ne contacteze pentru a negocia afaceri, a face schimb de informa\u021bii \u0219i... <a href=\"https:\/\/www.hydraulic-cylinders.net\/ro\/contact-us\/\">s\u0103 coopereze cu noi<\/a>!<\/p>\n<p>&nbsp;<\/p>\n<p>&nbsp;<\/p>","protected":false},"excerpt":{"rendered":"<p>Reach Stacker Luffing Cylinder The reach stacker luffing cylinder is a highly efficient hydraulic component designed to enhance the performance and versatility of reach stackers in material handling operations. This specialized cylinder adjusts the reach stacker&#8217;s boom angle, allowing for precise and efficient container lifting and stacking. With its exceptional features, robust construction, and seamless [&hellip;]<\/p>","protected":false},"featured_media":1847,"comment_status":"open","ping_status":"closed","template":"","meta":{"_et_pb_use_builder":"","_et_pb_old_content":"","_et_gb_content_width":""},"product_brand":[],"product_cat":[1550,1516,1552],"product_tag":[1380],"class_list":{"0":"post-1845","1":"product","2":"type-product","3":"status-publish","4":"has-post-thumbnail","6":"product_cat-double-acting-hydraulic-cylinder","7":"product_cat-stacker-reclaimer-hydraulic-cylinders","8":"product_cat-stainless-steel-hydraulic-cylinder","9":"product_tag-hydraulic-cylinder","11":"first","12":"instock","13":"shipping-taxable","14":"product-type-simple"},"amp_enabled":true,"_links":{"self":[{"href":"https:\/\/www.hydraulic-cylinders.net\/ro\/wp-json\/wp\/v2\/product\/1845","targetHints":{"allow":["GET"]}}],"collection":[{"href":"https:\/\/www.hydraulic-cylinders.net\/ro\/wp-json\/wp\/v2\/product"}],"about":[{"href":"https:\/\/www.hydraulic-cylinders.net\/ro\/wp-json\/wp\/v2\/types\/product"}],"replies":[{"embeddable":true,"href":"https:\/\/www.hydraulic-cylinders.net\/ro\/wp-json\/wp\/v2\/comments?post=1845"}],"wp:featuredmedia":[{"embeddable":true,"href":"https:\/\/www.hydraulic-cylinders.net\/ro\/wp-json\/wp\/v2\/media\/1847"}],"wp:attachment":[{"href":"https:\/\/www.hydraulic-cylinders.net\/ro\/wp-json\/wp\/v2\/media?parent=1845"}],"wp:term":[{"taxonomy":"product_brand","embeddable":true,"href":"https:\/\/www.hydraulic-cylinders.net\/ro\/wp-json\/wp\/v2\/product_brand?post=1845"},{"taxonomy":"product_cat","embeddable":true,"href":"https:\/\/www.hydraulic-cylinders.net\/ro\/wp-json\/wp\/v2\/product_cat?post=1845"},{"taxonomy":"product_tag","embeddable":true,"href":"https:\/\/www.hydraulic-cylinders.net\/ro\/wp-json\/wp\/v2\/product_tag?post=1845"}],"curies":[{"name":"wp","href":"https:\/\/api.w.org\/{rel}","templated":true}]}}