{"id":1848,"date":"2023-10-17T07:33:15","date_gmt":"2023-10-17T07:33:15","guid":{"rendered":"https:\/\/hydraulic-cylinders.net\/?post_type=product&#038;p=1848"},"modified":"2025-04-15T05:42:48","modified_gmt":"2025-04-15T05:42:48","slug":"reach-stacker-steering-cylinder","status":"publish","type":"product","link":"https:\/\/www.hydraulic-cylinders.net\/ro\/produs\/reach-stacker-steering-cylinder\/","title":{"rendered":"Cilindru de direc\u021bie pentru stivuitor Reach Stacker"},"content":{"rendered":"<h1 style=\"text-align: center;\"><strong>Cilindru de direc\u021bie pentru stivuitor Reach Stacker<\/strong><\/h1>\n<h1 style=\"text-align: center;\"><img loading=\"lazy\" decoding=\"async\" class=\"alignnone wp-image-1849\" src=\"https:\/\/hydraulic-cylinders.net\/wp-content\/uploads\/2023\/10\/steering-cylinder-1-6-300x300.webp\" alt=\"\" width=\"400\" height=\"400\" \/><\/h1>\n<p>Cilindrul de direc\u021bie al stivuitorului portabil este o component\u0103 hidraulic\u0103 vital\u0103, conceput\u0103 pentru a optimiza controlul \u0219i manevrabilitatea stivuitoarelor portabile \u00een opera\u021biunile de manipulare a materialelor. Acest cilindru specializat permite o direc\u021bie lin\u0103 \u0219i precis\u0103, permi\u021b\u00e2nd operatorilor s\u0103 navigheze \u00een spa\u021bii \u00eenguste \u0219i s\u0103 manipuleze cu u\u0219urin\u021b\u0103 sarcini grele. Cu caracteristicile sale excep\u021bionale, construc\u021bia robust\u0103 \u0219i performan\u021ba fiabil\u0103, cilindrul de direc\u021bie al stivuitorului portabil revolu\u021bioneaz\u0103 eficien\u021ba \u0219i productivitatea proceselor de manipulare a materialelor.<\/p>\n<p>Cilindrul de direc\u021bie al stivuitorului reach stacker schimb\u0103 regulile jocului \u00een opera\u021biunile de manipulare a materialelor, oferind control, manevrabilitate \u0219i eficien\u021b\u0103 \u00eembun\u0103t\u0103\u021bite. Cu capacit\u0103\u021bile sale excep\u021bionale de direc\u021bie, capacitatea portant\u0103 mare \u0219i eficien\u021ba energetic\u0103 optim\u0103, acest cilindru permite operatorilor s\u0103 navigheze cu u\u0219urin\u021b\u0103 stivuitoarele reach stacker, cresc\u00e2nd productivitatea \u0219i siguran\u021ba. Prin respectarea metodelor de utilizare recomandate \u0219i implementarea practicilor regulate de \u00eentre\u021binere, companiile pot maximiza performan\u021ba, longevitatea \u0219i fiabilitatea opera\u021biunilor lor cu stivuitorul reach stacker. Cilindrul de direc\u021bie al stivuitorului reach stacker este o investi\u021bie valoroas\u0103 pentru orice flot\u0103 de manipulare a materialelor, permi\u021b\u00e2nd un control precis, manevrabilitate eficient\u0103 \u0219i opera\u021biuni f\u0103r\u0103 probleme \u00een industria competitiv\u0103 a manipul\u0103rii materialelor.<\/p>\n<p>Caracteristici cheie ale cilindrului de direc\u021bie al stivuitorului Reach Stacker:<\/p>\n<ul>\n<li>Control \u00eembun\u0103t\u0103\u021bit al direc\u021biei: Cilindrul de direc\u021bie al stivuitorului reach stacker ofer\u0103 un control excep\u021bional al direc\u021biei, permi\u021b\u00e2nd operatorilor s\u0103 navigheze cu precizie \u00een stivuitoarele reach stacker. Acesta asigur\u0103 o direc\u021bie lin\u0103 \u0219i receptiv\u0103, facilit\u00e2nd pozi\u021bionarea precis\u0103 a containerelor \u0219i manevrarea eficient\u0103 \u00een spa\u021bii restr\u00e2nse. Operatorii pot naviga cu \u00eencredere pe amplasamente complexe, \u00eembun\u0103t\u0103\u021bind productivitatea \u0219i reduc\u00e2nd riscul de accidente sau daune.<\/li>\n<li>Capacitate portant\u0103 mare: Acest cilindru este conceput s\u0103 reziste la sarcini grele \u00eent\u00e2lnite \u00een opera\u021biunile de manipulare a materialelor. Este fabricat din materiale rezistente \u0219i are o construc\u021bie robust\u0103, permi\u021b\u00e2ndu-i s\u0103 fac\u0103 fa\u021b\u0103 rigorilor aplica\u021biilor solicitante. Cilindrul de direc\u021bie Reach Stacker asigur\u0103 stabilitate \u0219i fiabilitate, chiar \u0219i la manevrarea containerelor mari sau la transportul de sarcini substan\u021biale, sporind siguran\u021ba \u0219i performan\u021ba.<\/li>\n<li>Eficien\u021b\u0103 optim\u0103: Cilindrul de direc\u021bie al stivuitorului portabil contribuie la eficien\u021ba opera\u021bional\u0103 general\u0103 prin minimizarea pierderilor de energie \u00een timpul manevrelor de direc\u021bie. Acesta dispune de tehnologie hidraulic\u0103 avansat\u0103 care reduce frecarea intern\u0103, \u00eembun\u0103t\u0103\u021bind eficien\u021ba energetic\u0103 \u0219i reduc\u00e2nd consumul de energie. Aceast\u0103 eficien\u021b\u0103 se traduce prin economii de costuri \u0219i o durat\u0103 de via\u021b\u0103 prelungit\u0103 a echipamentului.<\/li>\n<\/ul>\n<h2><strong>Parametrul cilindrului de direc\u021bie al stivuitorului Reach Stacker:<\/strong><\/h2>\n<table border=\"1\" cellspacing=\"0\" cellpadding=\"0\">\n<tbody>\n<tr>\n<td>Nume produs<\/td>\n<td>Cilindru de \u00eenclinare pentru stivuitor Reach Stacker<\/td>\n<\/tr>\n<tr>\n<td>Caracteristici:<\/td>\n<td>Realiza\u021bi reglarea direc\u021biei anvelopelor macaralei<\/td>\n<\/tr>\n<tr>\n<td>Diametrul alezajului:<\/td>\n<td>80mm\uff5e200mm<\/td>\n<\/tr>\n<tr>\n<td>Diametrul tijei:<\/td>\n<td>60mm\uff5e100mm<br \/>\nCurs\u0103 \u22649500 mm<\/td>\n<\/tr>\n<tr>\n<td>Presiune:<\/td>\n<td>Maxim 25MPa<\/td>\n<\/tr>\n<tr>\n<td>Aplica\u021bii:<\/td>\n<td>Stivuitor portabil<\/td>\n<\/tr>\n<\/tbody>\n<\/table>\n<h2><strong>Aplica\u021bie cilindru Reach Stacker:<\/strong><\/h2>\n<p><img loading=\"lazy\" decoding=\"async\" class=\"alignnone wp-image-1844 size-full\" src=\"https:\/\/hydraulic-cylinders.net\/wp-content\/uploads\/2023\/10\/reach-stacker-cylinder.webp\" alt=\"\" width=\"1418\" height=\"946\" srcset=\"https:\/\/hydraulic-cylinders.net\/wp-content\/uploads\/2023\/10\/reach-stacker-cylinder.webp 1418w, https:\/\/hydraulic-cylinders.net\/wp-content\/uploads\/2023\/10\/reach-stacker-cylinder-1280x854.webp 1280w, https:\/\/hydraulic-cylinders.net\/wp-content\/uploads\/2023\/10\/reach-stacker-cylinder-980x654.webp 980w, https:\/\/hydraulic-cylinders.net\/wp-content\/uploads\/2023\/10\/reach-stacker-cylinder-480x320.webp 480w\" sizes=\"(min-width: 0px) and (max-width: 480px) 480px, (min-width: 481px) and (max-width: 980px) 980px, (min-width: 981px) and (max-width: 1280px) 1280px, (min-width: 1281px) 1418px, 100vw\" \/><\/p>\n<h2><strong>Metoda de utilizare a cilindrului de direc\u021bie Reach Stacker<\/strong><strong>:<\/strong><\/h2>\n<p>Controlul direc\u021biei: Pentru a utiliza eficient cilindrul de direc\u021bie al stivuitorului Reach Stacker, urma\u021bi ace\u0219ti pa\u0219i:<\/p>\n<p>a. Cupla\u021bi sistemul hidraulic al stivuitorului portabil \u0219i asigura\u021bi-v\u0103 c\u0103 presiunea hidraulic\u0103 se \u00eencadreaz\u0103 \u00een intervalul de func\u021bionare recomandat.<br \/>\nb. Utiliza\u021bi comenzile de direc\u021bie ale stivuitorului portabil, cum ar fi un volan sau un joystick, pentru a dirija mi\u0219carea vehiculului.<br \/>\nc. Cilindrul de direc\u021bie al stivuitorului portabil va r\u0103spunde la comenzile operatorului, traduc\u00e2ndu-le \u00een mi\u0219c\u0103ri de direc\u021bie line \u0219i precise.<br \/>\nd. Monitoriza\u021bi direc\u021bia stivuitorului portabil \u0219i ajusta\u021bi comanda de direc\u021bie pentru a ob\u021bine traiectoria sau pozi\u021bionarea dorit\u0103.<\/p>\n<h2><strong>Cum se fabric\u0103 cilindrii hidraulici?<\/strong><\/h2>\n<p>Cilindrii hidraulici sunt de obicei fabrica\u021bi folosind un proces sistematic care implic\u0103 mai mul\u021bi pa\u0219i cheie. De\u0219i specificul poate varia \u00een func\u021bie de produc\u0103tor \u0219i de designul cilindrului, urm\u0103toarea este o prezentare general\u0103 a modului \u00een care sunt fabrica\u021bi cilindrii hidraulici:<\/p>\n<ol>\n<li><strong>Proiectare \u0219i inginerie:<\/strong>\n<ul>\n<li>Procesul \u00eencepe cu faza de proiectare \u0219i inginerie. Inginerii \u0219i proiectan\u021bii creeaz\u0103 specifica\u021bii detaliate, lu\u00e2nd \u00een considerare capacitatea de \u00eenc\u0103rcare, lungimea cursei, presiunea de func\u021bionare \u0219i condi\u021biile de mediu.<\/li>\n<\/ul>\n<\/li>\n<li><strong>Selec\u021bia materialelor:<\/strong>\n<ul>\n<li>Odat\u0103 ce proiectul este finalizat, se selecteaz\u0103 materiale adecvate \u00een func\u021bie de cerin\u021bele aplica\u021biei. Materialele comune utilizate pentru cilindrii hidraulici includ o\u021belul de \u00eenalt\u0103 rezisten\u021b\u0103 pentru corpul cilindrului, piston \u0219i tij\u0103, precum \u0219i garnituri \u0219i garnituri fabricate din elastomeri sau alte materiale adecvate.<\/li>\n<\/ul>\n<\/li>\n<li><strong>Produc\u021bia de butoaie cilindrice:<\/strong>\n<ul>\n<li>Cilindrul este de obicei fabricat printr-un proces numit honuire. Honuirea implic\u0103 prelucrarea precis\u0103 a suprafe\u021bei interioare a cilindrului pentru a ob\u021bine un finisaj neted \u0219i precis. Acest lucru asigur\u0103 o etan\u0219are optim\u0103 \u0219i reduce frecarea \u00een timpul func\u021bion\u0103rii.<\/li>\n<\/ul>\n<\/li>\n<li><strong>Produc\u021bia de pistoane \u0219i tije:<\/strong>\n<ul>\n<li>Pistonul \u0219i tija sunt de obicei prelucrate din o\u021bel de \u00eenalt\u0103 rezisten\u021b\u0103. CNC sau alte tehnici de prelucrare sunt utilizate pentru a ob\u021bine dimensiuni \u0219i toleran\u021be precise. Pistonul poate avea caneluri pentru etan\u0219\u0103ri, iar tija este adesea c\u0103lit\u0103 \u0219i cromat\u0103 pentru durabilitate \u0219i rezisten\u021b\u0103 la uzur\u0103.<\/li>\n<\/ul>\n<\/li>\n<li><strong>Asamblare:<\/strong>\n<ul>\n<li>Procesul de asamblare implic\u0103 \u00eembinarea diferitelor componente pentru a crea cilindrul hidraulic. Aceasta include introducerea garniturilor, rulmen\u021bilor \u0219i a altor piese necesare \u00een cilindru, ata\u0219area pistonului \u0219i a tijei \u0219i fixarea acestora cu inele de re\u021binere sau \u0219uruburi.<\/li>\n<\/ul>\n<\/li>\n<li><strong>Tratarea \u0219i acoperirea suprafe\u021bei:<\/strong>\n<ul>\n<li>\u00cen func\u021bie de aplica\u021bie \u0219i de condi\u021biile de mediu, cilindrul hidraulic poate fi supus unor tratamente de suprafa\u021b\u0103 \u0219i acoperiri pentru a spori rezisten\u021ba la coroziune \u0219i durabilitatea. Acestea pot include galvanizare, vopsire sau aplicarea de acoperiri speciale.<\/li>\n<\/ul>\n<\/li>\n<li><strong>Testare \u0219i control al calit\u0103\u021bii:<\/strong>\n<ul>\n<li>Odat\u0103 ce asamblarea este complet\u0103, cilindrii hidraulici sunt supu\u0219i unor teste riguroase pentru a \u00eendeplini standardele de calitate \u0219i performan\u021b\u0103. Acestea pot include teste de presiune, scurgeri \u0219i func\u021bionale pentru a verifica func\u021bionarea corect\u0103 \u0219i fiabilitatea.<\/li>\n<\/ul>\n<\/li>\n<li><strong>Finisare final\u0103 \u0219i ambalare:<\/strong>\n<ul>\n<li>Dup\u0103 ce trec verific\u0103rile de calitate, cilindrii hidraulici sunt supu\u0219i unor procese finale de finisare, cum ar fi cur\u0103\u021barea, debavurarea \u0219i \u00eembun\u0103t\u0103\u021birile estetice. Apoi sunt ambalati cu grij\u0103 pentru transport sau depozitare, gata de a fi instala\u021bi \u00een sistemele hidraulice.<\/li>\n<\/ul>\n<\/li>\n<\/ol>\n<h2><strong>Capabilitatea \u0219i capacitatea fabricii:<\/strong><\/h2>\n<h3>(1) Montaj<\/h3>\n<p>Avem o platform\u0103 de asamblare independent\u0103 de cercetare \u0219i dezvoltare de prim\u0103 clas\u0103. Atelierul de produc\u021bie a cilindrilor hidraulici are patru linii de asamblare semiautomate pentru cilindri de ridicare \u0219i o linie de asamblare automat\u0103 a cilindrilor de \u00eenclinare, cu o capacitate de produc\u021bie anual\u0103 proiectat\u0103 de 1 milion de buc\u0103\u021bi. Atelierul de cilindri speciali este echipat cu diverse specifica\u021bii ale unui sistem de asamblare semi-automat de cur\u0103\u021bare, cu o capacitate de produc\u021bie anual\u0103 proiectat\u0103 de 200.000 \u0219i dotat cu echipamente celebre de prelucrare CNC, un centru de prelucrare, un echipament special de prelucrare a cilindrilor de \u00eenalt\u0103 precizie, o ma\u0219in\u0103 de sudur\u0103 robotizat\u0103, o ma\u0219in\u0103 de cur\u0103\u021bare automat\u0103, o ma\u0219in\u0103 de asamblare automat\u0103 a cilindrilor \u0219i o linie de produc\u021bie automat\u0103 de vopsire. Echipamente critice existente de peste 300 de seturi (seturi). Alocarea optim\u0103 \u0219i utilizarea eficient\u0103 a resurselor de echipamente asigur\u0103 cerin\u021bele de precizie ale produselor \u0219i satisface nevoile de \u00eenalt\u0103 calitate ale produselor.<\/p>\n<p><img loading=\"lazy\" decoding=\"async\" class=\"alignnone wp-image-626\" src=\"https:\/\/hydraulic-cylinders.net\/wp-content\/uploads\/2023\/08\/hydraulic-cylinder-product-1-300x158.webp\" alt=\"\" width=\"495\" height=\"260\" srcset=\"https:\/\/hydraulic-cylinders.net\/wp-content\/uploads\/2023\/08\/hydraulic-cylinder-product-1-300x158.webp 495w, https:\/\/hydraulic-cylinders.net\/wp-content\/uploads\/2023\/08\/hydraulic-cylinder-product-1-480x252.webp 480w\" sizes=\"(min-width: 0px) and (max-width: 480px) 480px, (min-width: 481px) 495px, 100vw\" \/> <img loading=\"lazy\" decoding=\"async\" class=\"alignnone wp-image-627\" src=\"https:\/\/hydraulic-cylinders.net\/wp-content\/uploads\/2023\/08\/hydraulic-cylinder-product-2-300x189.webp\" alt=\"\" width=\"413\" height=\"260\" \/><\/p>\n<h3>(2) Prelucrare<\/h3>\n<p>Atelierul de prelucrare este echipat cu un centru de strunjire cu \u0219in\u0103 \u00eenclinat\u0103 personalizat, un centru de prelucrare, o ma\u0219in\u0103 de honuire de mare vitez\u0103, un robot de sudur\u0103 \u0219i alte echipamente conexe, care pot gestiona prelucrarea tuburilor cilindrice cu un diametru interior maxim de 400 mm \u0219i o lungime maxim\u0103 de 6 metri.<\/p>\n<p><img loading=\"lazy\" decoding=\"async\" class=\"alignnone wp-image-628 size-large\" src=\"https:\/\/hydraulic-cylinders.net\/wp-content\/uploads\/2023\/08\/hydraulic-cylinder-product-3-1024x391.webp\" alt=\"\" width=\"1024\" height=\"391\" srcset=\"https:\/\/hydraulic-cylinders.net\/wp-content\/uploads\/2023\/08\/hydraulic-cylinder-product-3-980x374.webp 980w, https:\/\/hydraulic-cylinders.net\/wp-content\/uploads\/2023\/08\/hydraulic-cylinder-product-3-480x183.webp 480w\" sizes=\"(min-width: 0px) and (max-width: 480px) 480px, (min-width: 481px) and (max-width: 980px) 980px, (min-width: 981px) 1024px, 100vw\" \/><\/p>\n<h3>(3) Sudur\u0103<\/h3>\n<p><img loading=\"lazy\" decoding=\"async\" class=\"alignnone wp-image-629 size-large\" src=\"https:\/\/hydraulic-cylinders.net\/wp-content\/uploads\/2023\/08\/hydraulic-cylinder-product-4-1024x510.webp\" alt=\"\" width=\"1024\" height=\"510\" srcset=\"https:\/\/hydraulic-cylinders.net\/wp-content\/uploads\/2023\/08\/hydraulic-cylinder-product-4-980x488.webp 980w, https:\/\/hydraulic-cylinders.net\/wp-content\/uploads\/2023\/08\/hydraulic-cylinder-product-4-480x239.webp 480w\" sizes=\"(min-width: 0px) and (max-width: 480px) 480px, (min-width: 481px) and (max-width: 980px) 980px, (min-width: 981px) 1024px, 100vw\" \/><\/p>\n<h3>(4) Vopsire \u0219i acoperire<\/h3>\n<p>Cu linii automate de acoperire cu vopsea pe baz\u0103 de ap\u0103 cu cilindru de dimensiuni mici \u0219i medii, pentru a realiza \u00eenc\u0103rcarea \u0219i desc\u0103rcarea automat\u0103 a robotului \u0219i pulverizarea automat\u0103, capacitatea de proiectare de 4000 de buc\u0103\u021bi pe schimb;<br \/>\nAvem, de asemenea, o linie de produc\u021bie semi-automat\u0103 de vopsire pentru cilindri mari, ac\u021bionat\u0103 de un lan\u021b de putere, cu o capacitate de proiectare de 60 de cutii pe schimb.<\/p>\n<p><img loading=\"lazy\" decoding=\"async\" class=\"alignnone wp-image-630\" src=\"https:\/\/hydraulic-cylinders.net\/wp-content\/uploads\/2023\/08\/hydraulic-cylinder-product-5-300x213.webp\" alt=\"\" width=\"366\" height=\"260\" \/> <img loading=\"lazy\" decoding=\"async\" class=\"alignnone wp-image-631\" src=\"https:\/\/hydraulic-cylinders.net\/wp-content\/uploads\/2023\/08\/hydraulic-cylinder-product-6-300x225.webp\" alt=\"\" width=\"347\" height=\"260\" \/><\/p>\n<h3>(5) Testarea<\/h3>\n<p>Dispunem de instala\u021bii de inspec\u021bie \u0219i bancuri de testare de prim\u0103 clas\u0103 pentru a ne asigura c\u0103 performan\u021ba cilindrului \u00eendepline\u0219te cerin\u021bele.<\/p>\n<p><img loading=\"lazy\" decoding=\"async\" class=\"alignnone wp-image-632\" src=\"https:\/\/hydraulic-cylinders.net\/wp-content\/uploads\/2023\/08\/hydraulic-cylinder-product-8-300x200.webp\" alt=\"\" width=\"389\" height=\"260\" \/><\/p>\n<p>&nbsp;<\/p>\n<p>&nbsp;<\/p>\n<p>Suntem unul dintre cei mai buni produc\u0103tori de cilindri hidraulici. Putem oferi o gam\u0103 complet\u0103 de cilindri hidraulici. De asemenea, oferim... <a href=\"https:\/\/hzpt.com\/agricultural-pto-gearbox\/\" target=\"_blank\" rel=\"noopener\">cutii de viteze agricole<\/a>Ne-am exportat produsele c\u0103tre clien\u021bi din \u00eentreaga lume \u0219i ne-am c\u00e2\u0219tigat o bun\u0103 reputa\u021bie datorit\u0103 calit\u0103\u021bii superioare a produselor noastre \u0219i a serviciilor post-v\u00e2nzare. \u00cei invit\u0103m pe clien\u021bii din \u021bar\u0103 \u0219i din str\u0103in\u0103tate s\u0103 ne contacteze pentru a negocia afaceri, a face schimb de informa\u021bii \u0219i... <a href=\"https:\/\/www.hydraulic-cylinders.net\/ro\/contact-us\/\">s\u0103 coopereze cu noi<\/a>!<\/p>\n<p>&nbsp;<\/p>\n<p>&nbsp;<\/p>","protected":false},"excerpt":{"rendered":"<p>Reach Stacker Steering Cylinder The reach stacker steering cylinder is a vital hydraulic component designed to optimize control and maneuverability of reach stackers in material handling operations. This specialized cylinder enables smooth and precise steering, allowing operators to navigate tight spaces and handle heavy loads with ease. With its exceptional features, robust construction, and reliable [&hellip;]<\/p>","protected":false},"featured_media":1850,"comment_status":"open","ping_status":"closed","template":"","meta":{"_et_pb_use_builder":"","_et_pb_old_content":"","_et_gb_content_width":""},"product_brand":[],"product_cat":[1550,1516,1552],"product_tag":[1380],"class_list":{"0":"post-1848","1":"product","2":"type-product","3":"status-publish","4":"has-post-thumbnail","6":"product_cat-double-acting-hydraulic-cylinder","7":"product_cat-stacker-reclaimer-hydraulic-cylinders","8":"product_cat-stainless-steel-hydraulic-cylinder","9":"product_tag-hydraulic-cylinder","11":"first","12":"instock","13":"shipping-taxable","14":"product-type-simple"},"amp_enabled":true,"_links":{"self":[{"href":"https:\/\/www.hydraulic-cylinders.net\/ro\/wp-json\/wp\/v2\/product\/1848","targetHints":{"allow":["GET"]}}],"collection":[{"href":"https:\/\/www.hydraulic-cylinders.net\/ro\/wp-json\/wp\/v2\/product"}],"about":[{"href":"https:\/\/www.hydraulic-cylinders.net\/ro\/wp-json\/wp\/v2\/types\/product"}],"replies":[{"embeddable":true,"href":"https:\/\/www.hydraulic-cylinders.net\/ro\/wp-json\/wp\/v2\/comments?post=1848"}],"wp:featuredmedia":[{"embeddable":true,"href":"https:\/\/www.hydraulic-cylinders.net\/ro\/wp-json\/wp\/v2\/media\/1850"}],"wp:attachment":[{"href":"https:\/\/www.hydraulic-cylinders.net\/ro\/wp-json\/wp\/v2\/media?parent=1848"}],"wp:term":[{"taxonomy":"product_brand","embeddable":true,"href":"https:\/\/www.hydraulic-cylinders.net\/ro\/wp-json\/wp\/v2\/product_brand?post=1848"},{"taxonomy":"product_cat","embeddable":true,"href":"https:\/\/www.hydraulic-cylinders.net\/ro\/wp-json\/wp\/v2\/product_cat?post=1848"},{"taxonomy":"product_tag","embeddable":true,"href":"https:\/\/www.hydraulic-cylinders.net\/ro\/wp-json\/wp\/v2\/product_tag?post=1848"}],"curies":[{"name":"wp","href":"https:\/\/api.w.org\/{rel}","templated":true}]}}