{"id":1866,"date":"2023-10-18T03:13:57","date_gmt":"2023-10-18T03:13:57","guid":{"rendered":"https:\/\/hydraulic-cylinders.net\/?post_type=product&#038;p=1866"},"modified":"2025-04-15T05:52:24","modified_gmt":"2025-04-15T05:52:24","slug":"oil-gas-drilling-derrick-lifting-cylinder","status":"publish","type":"product","link":"https:\/\/www.hydraulic-cylinders.net\/ro\/produs\/oil-gas-drilling-derrick-lifting-cylinder\/","title":{"rendered":"Cilindru de ridicare pentru sonde de foraj petrol\/gaze"},"content":{"rendered":"<h1 style=\"text-align: center;\"><strong>Cilindru de ridicare pentru sonde de foraj petrol\/gaze<\/strong><\/h1>\n<p><img loading=\"lazy\" decoding=\"async\" class=\"aligncenter wp-image-1868\" src=\"https:\/\/hydraulic-cylinders.net\/wp-content\/uploads\/2023\/10\/derrick-lifting-cylinder-1-1-300x300.webp\" alt=\"\" width=\"400\" height=\"400\" \/><\/p>\n<p>Cilindrul hidraulic specializat pentru ridicarea \u0219i cobor\u00e2rea turelor de foraj petrol\/gaze este o component\u0103 esen\u021bial\u0103 \u00een opera\u021biunile de foraj petrol \u0219i gaze, fiind special conceput pentru ridicarea \u0219i cobor\u00e2rea turelor. Acest cilindru hidraulic specializat joac\u0103 un rol crucial \u00een sus\u021binerea mi\u0219c\u0103rii verticale a turelor, permi\u021b\u00e2nd activit\u0103\u021bi de foraj eficiente \u0219i sigure \u00een industria petrolului \u0219i gazelor.<\/p>\n<p>Cilindrul de ridicare al turelor de foraj pentru petrol\/gaze este vital \u00een industria de foraj pentru petrol \u0219i gaze, oferind o construc\u021bie robust\u0103, o capacitate mare de \u00eenc\u0103rcare \u0219i un control precis. Capacitatea sa de a manipula sarcini grele \u0219i de a oferi un control precis al mi\u0219c\u0103rii spore\u0219te eficien\u021ba \u0219i siguran\u021ba opera\u021biunilor de foraj. Prin respectarea metodelor de utilizare recomandate \u0219i implementarea practicilor regulate de \u00eentre\u021binere, companiile \u00ee\u0219i pot maximiza performan\u021ba, longevitatea \u0219i fiabilitatea activit\u0103\u021bilor de foraj. Cilindrul de ridicare al turelor de foraj pentru petrol\/gaze este o investi\u021bie indispensabil\u0103 pentru industria petrolului \u0219i gaze, permi\u021b\u00e2nd operatorilor s\u0103 ob\u021bin\u0103 siguran\u021b\u0103, productivitate \u0219i succes optime \u00een opera\u021biunile lor de foraj.<\/p>\n<p>Caracteristici cheie ale cilindrului de ridicare pentru platforma de foraj petrol\/gaze:<\/p>\n<ul>\n<li>Construc\u021bie robust\u0103: Cilindrul de ridicare al sondei este construit din materiale de \u00eenalt\u0103 calitate \u0219i are un design complet pentru a rezista condi\u021biilor dificile ale opera\u021biunilor de foraj de petrol \u0219i gaze. Construc\u021bia sa robust\u0103 asigur\u0103 durabilitate \u0219i fiabilitate, chiar \u0219i \u00een condi\u021bii de mediu dure \u0219i temperaturi extreme.<\/li>\n<li>Capacitate mare de \u00eenc\u0103rcare: Acest cilindru este proiectat pentru a gestiona sarcini grele asociate cu ridicarea \u0219i cobor\u00e2rea sondelor de foraj. Capacitatea sa excep\u021bional\u0103 de \u00eenc\u0103rcare ofer\u0103 rezisten\u021ba \u0219i stabilitatea necesare pentru opera\u021biuni de foraj sigure \u0219i eficiente.<\/li>\n<li>Control precis: Cilindrul de ridicare ofer\u0103 un control precis asupra mi\u0219c\u0103rii verticale a turei de foraj, permi\u021b\u00e2nd operatorilor s\u0103 pozi\u021bioneze \u0219i s\u0103 ajusteze cu precizie \u00een\u0103l\u021bimea structurii de foraj. Acest nivel de control asigur\u0103 o eficien\u021b\u0103 opera\u021bional\u0103 optim\u0103 \u0219i spore\u0219te siguran\u021ba \u00een timpul activit\u0103\u021bilor critice de foraj.<\/li>\n<\/ul>\n<h2><strong>Parametrul cilindrului de ridicare pentru sonda de foraj petrol\/gaze:<\/strong><\/h2>\n<table border=\"1\" cellspacing=\"0\" cellpadding=\"0\">\n<tbody>\n<tr>\n<td>Nume produs<\/td>\n<td>Cilindru de ridicare pentru platform\u0103 de foraj petrol\/gaze<\/td>\n<\/tr>\n<tr>\n<td>Caracteristici:<\/td>\n<td>Realiza\u021bi mi\u0219c\u0103rile de ridicare \u0219i cobor\u00e2re ale platformei de foraj.<\/td>\n<\/tr>\n<tr>\n<td>Diametrul alezajului:<\/td>\n<td>530 mm<\/td>\n<\/tr>\n<tr>\n<td>Diametrul tijei:<\/td>\n<td>\u00a0490 mm<br \/>\nCurs\u0103 \u22649000mm<\/td>\n<\/tr>\n<tr>\n<td>Presiune:<\/td>\n<td>Maxim 20,7 MPa<\/td>\n<\/tr>\n<tr>\n<td>Aplica\u021bii:<\/td>\n<td>Platform\u0103 de foraj petrol\/gaze<\/td>\n<\/tr>\n<\/tbody>\n<\/table>\n<h2><strong>Aplica\u021bie cilindru platform\u0103 de foraj petrol\/gaze:<\/strong><\/h2>\n<p><img loading=\"lazy\" decoding=\"async\" class=\"alignnone wp-image-1864 size-full\" src=\"https:\/\/hydraulic-cylinders.net\/wp-content\/uploads\/2023\/10\/oilgas-drilling-cylinder-1.webp\" alt=\"\" width=\"494\" height=\"330\" srcset=\"https:\/\/hydraulic-cylinders.net\/wp-content\/uploads\/2023\/10\/oilgas-drilling-cylinder-1.webp 494w, https:\/\/hydraulic-cylinders.net\/wp-content\/uploads\/2023\/10\/oilgas-drilling-cylinder-1-480x321.webp 480w\" sizes=\"(min-width: 0px) and (max-width: 480px) 480px, (min-width: 481px) 494px, 100vw\" \/><\/p>\n<h2><strong>Metoda de utilizare a cilindrului de ridicare a sondei de foraj petrol\/gaze<\/strong><strong>:<\/strong><\/h2>\n<p>Ridicarea sondei de foraj: Urma\u021bi ace\u0219ti pa\u0219i pentru a utiliza eficient cilindrul de ridicare a sondei de foraj pentru petrol\/gaze:<\/p>\n<p>a. Cupla\u021bi sistemul hidraulic care alimenteaz\u0103 mecanismul de ridicare \u0219i asigura\u021bi-v\u0103 c\u0103 presiunea hidraulic\u0103 se \u00eencadreaz\u0103 \u00een intervalul de func\u021bionare recomandat.<br \/>\nb. Folosi\u021bi interfa\u021ba de control sau maneta furnizat\u0103 pentru a activa cilindrul, ini\u021biind ac\u021biunea de ridicare sau cobor\u00e2re a turelei de foraj.<br \/>\nc. Monitoriza\u021bi mi\u0219carea sondei \u0219i regla\u021bi func\u021bionarea cilindrului pentru a atinge \u00een\u0103l\u021bimea sau pozi\u021bia dorit\u0103.<\/p>\n<h2><strong>Cum se asambleaz\u0103 un cilindru hidraulic?<\/strong><\/h2>\n<p>Asamblarea unui cilindru hidraulic necesit\u0103 o aten\u021bie deosebit\u0103 la detalii \u0219i respectarea procedurilor adecvate pentru a asigura un rezultat sigur \u0219i func\u021bional. Iat\u0103 un ghid general despre cum se realizeaz\u0103 un cilindru hidraulic:<\/p>\n<ol>\n<li><strong>Adun\u0103 componentele necesare:<\/strong>\n<ul>\n<li>Cilindru<\/li>\n<li>Ansamblu piston<\/li>\n<li>Tija pistonului<\/li>\n<li>Capace de cap\u0103t pentru cilindri<\/li>\n<li>Garnituri \u0219i inele O<\/li>\n<li>Inele de fixare sau inele de siguran\u021b\u0103<\/li>\n<li>Lubrifiant de asamblare<\/li>\n<\/ul>\n<\/li>\n<li><strong>Preg\u0103ti\u021bi componentele:<\/strong>\n<ul>\n<li>Cur\u0103\u021ba\u021bi temeinic toate componentele pentru a \u00eendep\u0103rta orice murd\u0103rie sau resturi.<\/li>\n<li>Inspecta\u021bi toate componentele pentru a depista orice semne de deteriorare sau uzur\u0103. \u00cenlocui\u021bi orice piese deteriorate sau uzate.<\/li>\n<\/ul>\n<\/li>\n<li><strong>Instala\u021bi garniturile \u0219i inelele O:<\/strong>\n<ul>\n<li>Aplica\u021bi un strat sub\u021bire de lubrifiant de asamblare pe garnituri \u0219i inele O.<\/li>\n<li>Instala\u021bi cu grij\u0103 garniturile \u0219i inelele O de pe piston, tija pistonului \u0219i capacele cilindrului \u00een canelurile lor.<\/li>\n<\/ul>\n<\/li>\n<li><strong>Instala\u021bi ansamblul pistonului:<\/strong>\n<ul>\n<li>Glisa\u021bi ansamblul pistonului pe tij\u0103, asigur\u00e2ndu-v\u0103 c\u0103 este aliniat corect.<\/li>\n<li>Introduce\u021bi ansamblul tijei pistonului \u0219i al pistonului \u00een \u021beava cilindrului.<\/li>\n<li>\u00cempinge\u021bi u\u0219or ansamblul pistonului \u00een \u021beava cilindrului, f\u0103r\u0103 a deteriora garniturile.<\/li>\n<\/ul>\n<\/li>\n<li><strong>Ata\u0219a\u021bi capacele cilindrului:<\/strong>\n<ul>\n<li>Aplica\u021bi lubrifiant de asamblare pe suprafe\u021bele de contact ale capacului cilindrului.<\/li>\n<li>Pozi\u021biona\u021bi cu grij\u0103 capacele cilindrului pe \u021beav\u0103, aliniindu-le corect.<\/li>\n<li>Fixa\u021bi \u00een siguran\u021b\u0103 capacele de cap\u0103t folosind inelele de fixare sau inelele de siguran\u021b\u0103 corespunz\u0103toare.<\/li>\n<\/ul>\n<\/li>\n<li><strong>Verifica\u021bi func\u021bionarea f\u0103r\u0103 probleme:<\/strong>\n<ul>\n<li>Mi\u0219ca\u021bi pistonul \u00eenainte \u0219i \u00eenapoi \u00een interiorul cilindrului pentru a asigura o mi\u0219care lin\u0103 \u0219i o aliniere corect\u0103.<\/li>\n<li>Verifica\u021bi dac\u0103 sigiliile nu sunt blocate sau nu prezint\u0103 scurgeri.<\/li>\n<\/ul>\n<\/li>\n<li><strong>Test pentru scurgeri:<\/strong>\n<ul>\n<li>Conecta\u021bi conductele hidraulice la orificiile cilindrului.<\/li>\n<li>Aplica\u021bi presiune hidraulic\u0103 pe cilindru, respect\u00e2nd specifica\u021biile de presiune recomandate de produc\u0103tor.<\/li>\n<li>Inspecta\u021bi cilindrul pentru a depista orice semne de scurgeri la garnituri sau conexiuni. Demonta\u021bi \u0219i verifica\u021bi din nou garniturile dac\u0103 se detecteaz\u0103 scurgeri sau consulta\u021bi un profesionist pentru asisten\u021b\u0103.<\/li>\n<\/ul>\n<\/li>\n<\/ol>\n<h2><strong>Capabilitatea \u0219i capacitatea fabricii:<\/strong><\/h2>\n<h3>(1) Montaj<\/h3>\n<p>Avem o platform\u0103 de asamblare independent\u0103 de cercetare \u0219i dezvoltare de prim\u0103 clas\u0103. Atelierul de produc\u021bie a cilindrilor hidraulici are patru linii de asamblare semiautomate pentru cilindri de ridicare \u0219i o linie de asamblare automat\u0103 a cilindrilor de \u00eenclinare, cu o capacitate de produc\u021bie anual\u0103 proiectat\u0103 de 1 milion de buc\u0103\u021bi. Atelierul de cilindri speciali este echipat cu diverse specifica\u021bii ale unui sistem de asamblare semi-automat de cur\u0103\u021bare, cu o capacitate de produc\u021bie anual\u0103 proiectat\u0103 de 200.000 \u0219i dotat cu echipamente celebre de prelucrare CNC, un centru de prelucrare, un echipament special de prelucrare a cilindrilor de \u00eenalt\u0103 precizie, o ma\u0219in\u0103 de sudur\u0103 robotizat\u0103, o ma\u0219in\u0103 de cur\u0103\u021bare automat\u0103, o ma\u0219in\u0103 de asamblare automat\u0103 a cilindrilor \u0219i o linie de produc\u021bie automat\u0103 de vopsire. Echipamente critice existente de peste 300 de seturi (seturi). Alocarea optim\u0103 \u0219i utilizarea eficient\u0103 a resurselor de echipamente asigur\u0103 cerin\u021bele de precizie ale produselor \u0219i satisface nevoile de \u00eenalt\u0103 calitate ale produselor.<\/p>\n<p><img loading=\"lazy\" decoding=\"async\" class=\"alignnone wp-image-626\" src=\"https:\/\/hydraulic-cylinders.net\/wp-content\/uploads\/2023\/08\/hydraulic-cylinder-product-1-300x158.webp\" alt=\"\" width=\"495\" height=\"260\" srcset=\"https:\/\/hydraulic-cylinders.net\/wp-content\/uploads\/2023\/08\/hydraulic-cylinder-product-1-300x158.webp 495w, https:\/\/hydraulic-cylinders.net\/wp-content\/uploads\/2023\/08\/hydraulic-cylinder-product-1-480x252.webp 480w\" sizes=\"(min-width: 0px) and (max-width: 480px) 480px, (min-width: 481px) 495px, 100vw\" \/> <img loading=\"lazy\" decoding=\"async\" class=\"alignnone wp-image-627\" src=\"https:\/\/hydraulic-cylinders.net\/wp-content\/uploads\/2023\/08\/hydraulic-cylinder-product-2-300x189.webp\" alt=\"\" width=\"413\" height=\"260\" \/><\/p>\n<h3>(2) Prelucrare<\/h3>\n<p>Atelierul de prelucrare este echipat cu un centru de strunjire cu \u0219in\u0103 \u00eenclinat\u0103 personalizat, un centru de prelucrare, o ma\u0219in\u0103 de honuire de mare vitez\u0103, un robot de sudur\u0103 \u0219i alte echipamente conexe, care pot gestiona prelucrarea tuburilor cilindrice cu un diametru interior maxim de 400 mm \u0219i o lungime maxim\u0103 de 6 metri.<\/p>\n<p><img loading=\"lazy\" decoding=\"async\" class=\"alignnone wp-image-628 size-large\" src=\"https:\/\/hydraulic-cylinders.net\/wp-content\/uploads\/2023\/08\/hydraulic-cylinder-product-3-1024x391.webp\" alt=\"\" width=\"1024\" height=\"391\" srcset=\"https:\/\/hydraulic-cylinders.net\/wp-content\/uploads\/2023\/08\/hydraulic-cylinder-product-3-980x374.webp 980w, https:\/\/hydraulic-cylinders.net\/wp-content\/uploads\/2023\/08\/hydraulic-cylinder-product-3-480x183.webp 480w\" sizes=\"(min-width: 0px) and (max-width: 480px) 480px, (min-width: 481px) and (max-width: 980px) 980px, (min-width: 981px) 1024px, 100vw\" \/><\/p>\n<h3>(3) Sudur\u0103<\/h3>\n<p><img loading=\"lazy\" decoding=\"async\" class=\"alignnone wp-image-629 size-large\" src=\"https:\/\/hydraulic-cylinders.net\/wp-content\/uploads\/2023\/08\/hydraulic-cylinder-product-4-1024x510.webp\" alt=\"\" width=\"1024\" height=\"510\" srcset=\"https:\/\/hydraulic-cylinders.net\/wp-content\/uploads\/2023\/08\/hydraulic-cylinder-product-4-980x488.webp 980w, https:\/\/hydraulic-cylinders.net\/wp-content\/uploads\/2023\/08\/hydraulic-cylinder-product-4-480x239.webp 480w\" sizes=\"(min-width: 0px) and (max-width: 480px) 480px, (min-width: 481px) and (max-width: 980px) 980px, (min-width: 981px) 1024px, 100vw\" \/><\/p>\n<h3>(4) Vopsire \u0219i acoperire<\/h3>\n<p>Cu linii automate de acoperire cu vopsea pe baz\u0103 de ap\u0103 cu cilindru de dimensiuni mici \u0219i medii, pentru a realiza \u00eenc\u0103rcarea \u0219i desc\u0103rcarea automat\u0103 a robotului \u0219i pulverizarea automat\u0103, capacitatea de proiectare de 4000 de buc\u0103\u021bi pe schimb;<br \/>\nAvem, de asemenea, o linie de produc\u021bie semi-automat\u0103 de vopsire pentru cilindri mari, ac\u021bionat\u0103 de un lan\u021b de putere, cu o capacitate de proiectare de 60 de cutii pe schimb.<\/p>\n<p><img loading=\"lazy\" decoding=\"async\" class=\"alignnone wp-image-630\" src=\"https:\/\/hydraulic-cylinders.net\/wp-content\/uploads\/2023\/08\/hydraulic-cylinder-product-5-300x213.webp\" alt=\"\" width=\"366\" height=\"260\" \/> <img loading=\"lazy\" decoding=\"async\" class=\"alignnone wp-image-631\" src=\"https:\/\/hydraulic-cylinders.net\/wp-content\/uploads\/2023\/08\/hydraulic-cylinder-product-6-300x225.webp\" alt=\"\" width=\"347\" height=\"260\" \/><\/p>\n<h3>(5) Testarea<\/h3>\n<p>Dispunem de instala\u021bii de inspec\u021bie \u0219i bancuri de testare de prim\u0103 clas\u0103 pentru a ne asigura c\u0103 performan\u021ba cilindrului \u00eendepline\u0219te cerin\u021bele.<\/p>\n<p><img loading=\"lazy\" decoding=\"async\" class=\"alignnone wp-image-632\" src=\"https:\/\/hydraulic-cylinders.net\/wp-content\/uploads\/2023\/08\/hydraulic-cylinder-product-8-300x200.webp\" alt=\"\" width=\"389\" height=\"260\" \/><\/p>\n<p>&nbsp;<\/p>\n<p>&nbsp;<\/p>\n<p>Suntem unul dintre cei mai buni produc\u0103tori de cilindri hidraulici. Putem oferi o gam\u0103 complet\u0103 de cilindri hidraulici. De asemenea, oferim... <a href=\"https:\/\/hzpt.com\/agricultural-pto-gearbox\/\" target=\"_blank\" rel=\"noopener\">cutii de viteze agricole<\/a>Ne-am exportat produsele c\u0103tre clien\u021bi din \u00eentreaga lume \u0219i ne-am c\u00e2\u0219tigat o bun\u0103 reputa\u021bie datorit\u0103 calit\u0103\u021bii superioare a produselor noastre \u0219i a serviciilor post-v\u00e2nzare. \u00cei invit\u0103m pe clien\u021bii din \u021bar\u0103 \u0219i din str\u0103in\u0103tate s\u0103 ne contacteze pentru a negocia afaceri, a face schimb de informa\u021bii \u0219i... <a href=\"https:\/\/www.hydraulic-cylinders.net\/ro\/contact-us\/\">s\u0103 coopereze cu noi<\/a>!<\/p>\n<p>&nbsp;<\/p>\n<p>&nbsp;<\/p>","protected":false},"excerpt":{"rendered":"<p>Oil\/Gas Drilling Derrick Lifting Cylinder The oil\/gas drilling derrick lifting cylinder is a critical component in oil and gas drilling operations, specifically designed for lifting and lowering derricks. This specialized hydraulic cylinder plays a crucial role in supporting the vertical movement of the derrick, enabling efficient and safe drilling activities in the oil and gas [&hellip;]<\/p>","protected":false},"featured_media":1867,"comment_status":"open","ping_status":"closed","template":"","meta":{"_et_pb_use_builder":"","_et_pb_old_content":"","_et_gb_content_width":""},"product_brand":[],"product_cat":[1549,1552,1418],"product_tag":[1380],"class_list":{"0":"post-1866","1":"product","2":"type-product","3":"status-publish","4":"has-post-thumbnail","6":"product_cat-single-acting-hydraulic-cylinder","7":"product_cat-stainless-steel-hydraulic-cylinder","8":"product_cat-oil-gas-hydraulic-cylinders","9":"product_tag-hydraulic-cylinder","11":"first","12":"instock","13":"shipping-taxable","14":"product-type-simple"},"amp_enabled":true,"_links":{"self":[{"href":"https:\/\/www.hydraulic-cylinders.net\/ro\/wp-json\/wp\/v2\/product\/1866","targetHints":{"allow":["GET"]}}],"collection":[{"href":"https:\/\/www.hydraulic-cylinders.net\/ro\/wp-json\/wp\/v2\/product"}],"about":[{"href":"https:\/\/www.hydraulic-cylinders.net\/ro\/wp-json\/wp\/v2\/types\/product"}],"replies":[{"embeddable":true,"href":"https:\/\/www.hydraulic-cylinders.net\/ro\/wp-json\/wp\/v2\/comments?post=1866"}],"wp:featuredmedia":[{"embeddable":true,"href":"https:\/\/www.hydraulic-cylinders.net\/ro\/wp-json\/wp\/v2\/media\/1867"}],"wp:attachment":[{"href":"https:\/\/www.hydraulic-cylinders.net\/ro\/wp-json\/wp\/v2\/media?parent=1866"}],"wp:term":[{"taxonomy":"product_brand","embeddable":true,"href":"https:\/\/www.hydraulic-cylinders.net\/ro\/wp-json\/wp\/v2\/product_brand?post=1866"},{"taxonomy":"product_cat","embeddable":true,"href":"https:\/\/www.hydraulic-cylinders.net\/ro\/wp-json\/wp\/v2\/product_cat?post=1866"},{"taxonomy":"product_tag","embeddable":true,"href":"https:\/\/www.hydraulic-cylinders.net\/ro\/wp-json\/wp\/v2\/product_tag?post=1866"}],"curies":[{"name":"wp","href":"https:\/\/api.w.org\/{rel}","templated":true}]}}