{"id":1877,"date":"2023-10-18T07:57:51","date_gmt":"2023-10-18T07:57:51","guid":{"rendered":"https:\/\/hydraulic-cylinders.net\/?post_type=product&#038;p=1877"},"modified":"2025-04-11T03:43:31","modified_gmt":"2025-04-11T03:43:31","slug":"shield-machine-articulated-cylinder","status":"publish","type":"product","link":"https:\/\/www.hydraulic-cylinders.net\/ro\/produs\/shield-machine-articulated-cylinder\/","title":{"rendered":"Cilindru articulat pentru ma\u0219in\u0103 de scut"},"content":{"rendered":"<h1 style=\"text-align: center;\"><strong>Cilindru articulat pentru ma\u0219in\u0103 de scut<\/strong><\/h1>\n<p><img loading=\"lazy\" decoding=\"async\" class=\"aligncenter wp-image-1878\" src=\"https:\/\/hydraulic-cylinders.net\/wp-content\/uploads\/2023\/10\/articulated-cylinder-1-300x300.webp\" alt=\"\" width=\"400\" height=\"400\" \/><\/p>\n<p>Cilindrul articulat al ma\u0219inii de excavat cu scut este o component\u0103 hidraulic\u0103 de ultim\u0103 genera\u021bie, special conceput\u0103 pentru ma\u0219inile de excavat cu scut utilizate \u00een proiecte de excavare subteran\u0103 \u0219i de construc\u021bii subterane. Cu flexibilitatea, fiabilitatea \u0219i eficien\u021ba sa excep\u021bionale, acest cilindru este vital \u00een asigurarea unor opera\u021biuni de excavare f\u0103r\u0103 probleme. Acest articol va analiza \u00een detaliu caracteristicile cheie, metodele de utilizare \u0219i sfaturile de \u00eentre\u021binere pentru acest produs remarcabil.<\/p>\n<p>Cilindrul articulat al ma\u0219inii Shield revolu\u021bioneaz\u0103 opera\u021biunile de excavare a tunelurilor datorit\u0103 gamei sale flexibile de mi\u0219care, construc\u021biei robuste \u0219i controlului hidraulic precis. Designul s\u0103u articulat permite o adaptabilitate, manevrabilitate \u0219i eficien\u021b\u0103 excep\u021bionale, fiind indispensabil pentru proiectele de construc\u021bii subterane de succes. Prin respectarea metodelor de utilizare recomandate \u0219i implementarea practicilor regulate de \u00eentre\u021binere, cilindrul articulat al ma\u0219inii Shield va continua s\u0103 ofere performan\u021be excep\u021bionale, asigur\u00e2nd progresul f\u0103r\u0103 probleme al proiectelor dumneavoastr\u0103 de excavare a tunelurilor. Experimenta\u021bi flexibilitatea, eficien\u021ba \u0219i fiabilitatea cilindrului articulat al ma\u0219inii Shield \u0219i debloca\u021bi \u00eentregul poten\u021bial al proiectelor dumneavoastr\u0103 de excavare a tunelurilor.<\/p>\n<p>Caracteristici cheie ale cilindrului articulat al ma\u0219inii Shield:<\/p>\n<ol>\n<li>Design articulat: Cilindrul articulat al ma\u0219inii de excavat cu scut prezint\u0103 un design articulat inovator care permite o manevrabilitate \u0219i o adaptabilitate sporite \u00een timpul opera\u021biunilor de excavare a tunelurilor. Structura sa unic\u0103 permite ma\u0219inii de excavat cu scut s\u0103 navigheze cu u\u0219urin\u021b\u0103 pe terenuri dificile, curbe str\u00e2nse \u0219i diverse alinieri ale tunelurilor, asigur\u00e2nd eficien\u021b\u0103 maxim\u0103 \u0219i succesul proiectului.<\/li>\n<li>Construc\u021bie robust\u0103: Construit cu materiale de \u00eenalt\u0103 calitate \u0219i o inginerie precis\u0103, acest cilindru prezint\u0103 o durabilitate \u0219i o rezisten\u021b\u0103 excep\u021bionale la condi\u021biile dificile \u00eent\u00e2lnite \u00een construc\u021biile subterane. Construc\u021bia sa robust\u0103 asigur\u0103 performan\u021be fiabile, longevitate \u0219i timpi de nefunc\u021bionare minimi, chiar \u0219i \u00een cele mai dure medii de operare.<\/li>\n<li>Gam\u0103 flexibil\u0103 de mi\u0219care: Cilindrul articulat ofer\u0103 o gam\u0103 larg\u0103 de mi\u0219care, permi\u021b\u00e2nd ma\u0219inii de excavat s\u0103 se articuleze \u0219i s\u0103 \u00ee\u0219i ajusteze pozi\u021bia dup\u0103 cum este necesar. Aceast\u0103 flexibilitate permite o aliniere precis\u0103, o excavare eficient\u0103 \u0219i o precizie \u00eembun\u0103t\u0103\u021bit\u0103 a s\u0103p\u0103turilor, rezult\u00e2nd \u00een cele din urm\u0103 o finalizare mai rapid\u0103 a proiectului \u0219i costuri reduse.<\/li>\n<li>Sistem de control hidraulic: Echipat cu sisteme avansate de control hidraulic, cilindrul articulat al ma\u0219inii de scut ofer\u0103 un control precis \u0219i prompt asupra mi\u0219c\u0103rii de articulare. Acest lucru asigur\u0103 o func\u021bionare lin\u0103 \u0219i permite operatorilor s\u0103 men\u021bin\u0103 un control optim asupra ma\u0219inii de scut, sporind siguran\u021ba \u0219i productivitatea.<\/li>\n<\/ol>\n<h2><strong>Parametrul cilindrului articulat al ma\u0219inii de scut:<\/strong><\/h2>\n<table border=\"1\" cellspacing=\"0\" cellpadding=\"0\">\n<tbody>\n<tr>\n<td>Nume produs<\/td>\n<td>Cilindru articulat pentru ma\u0219in\u0103 de scut<\/td>\n<\/tr>\n<tr>\n<td>Caracteristici:<\/td>\n<td>Articula\u021bie activ\u0103: direc\u021bionare cap t\u0103ietor\/schimbare coordonat\u0103 a sculei<br \/>\nArticula\u021bie pasiv\u0103: trage\u021bi coada scutului \u00eenainte<\/td>\n<\/tr>\n<tr>\n<td>Diametrul alezajului:<\/td>\n<td>125 mm ~ 550 mm<\/td>\n<\/tr>\n<tr>\n<td>Diametrul tijei:<\/td>\n<td>\u00a070mm\uff5e370mm<br \/>\nCurs\u0103 140 mm ~ 1200 mm<\/td>\n<\/tr>\n<tr>\n<td>Presiune:<\/td>\n<td>P\u00e2n\u0103 la 35MPa<\/td>\n<\/tr>\n<tr>\n<td>Aplica\u021bii:<\/td>\n<td>Ma\u0219in\u0103 de scut, Utilaje de forat tuneluri<\/td>\n<\/tr>\n<\/tbody>\n<\/table>\n<h2><strong>Aplica\u021bie a cilindrului de \u00eempingere al ma\u0219inii de scut:<\/strong><\/h2>\n<p><img loading=\"lazy\" decoding=\"async\" class=\"alignnone wp-image-1875 size-full\" src=\"https:\/\/hydraulic-cylinders.net\/wp-content\/uploads\/2023\/10\/harsh-corrosive-cylinder-1.webp\" alt=\"\" width=\"1418\" height=\"946\" srcset=\"https:\/\/hydraulic-cylinders.net\/wp-content\/uploads\/2023\/10\/harsh-corrosive-cylinder-1.webp 1418w, https:\/\/hydraulic-cylinders.net\/wp-content\/uploads\/2023\/10\/harsh-corrosive-cylinder-1-1280x854.webp 1280w, https:\/\/hydraulic-cylinders.net\/wp-content\/uploads\/2023\/10\/harsh-corrosive-cylinder-1-980x654.webp 980w, https:\/\/hydraulic-cylinders.net\/wp-content\/uploads\/2023\/10\/harsh-corrosive-cylinder-1-480x320.webp 480w\" sizes=\"(min-width: 0px) and (max-width: 480px) 480px, (min-width: 481px) and (max-width: 980px) 980px, (min-width: 981px) and (max-width: 1280px) 1280px, (min-width: 1281px) 1418px, 100vw\" \/><\/p>\n<h2><strong>Metoda de utilizare a cilindrului articulat al ma\u0219inii de scut<\/strong><strong>:<\/strong><\/h2>\n<ul>\n<li><strong>Evaluare prealabil\u0103 instal\u0103rii:<\/strong>\u00a0 \u00cenainte de a instala cilindrul articulat al ma\u0219inii de scut, evalua\u021bi cerin\u021bele proiectului, inclusiv dimensiunile tunelului, constr\u00e2ngerile de aliniere \u0219i condi\u021biile terenului. Aceast\u0103 evaluare va ajuta la determinarea specifica\u021biilor \u0219i configura\u021biei adecvate a cilindrului pentru o performan\u021b\u0103 optim\u0103.<\/li>\n<li><strong>Instalare \u0219i integrare:<\/strong> Urma\u021bi ace\u0219ti pa\u0219i pentru o instalare reu\u0219it\u0103:\n<ul>\n<li>Monta\u021bi \u00een siguran\u021b\u0103 cilindrul articulat pe ma\u0219ina de protec\u021bie, asigur\u00e2nd alinierea \u0219i stabilitatea corecte conform instruc\u021biunilor produc\u0103torului.<\/li>\n<li>Conecta\u021bi conductele hidraulice la cilindru, asigur\u00e2ndu-v\u0103 c\u0103 exist\u0103 conexiuni etan\u0219e \u0219i f\u0103r\u0103 scurgeri. Verifica\u021bi compatibilitatea cu sistemul hidraulic \u0219i utiliza\u021bi fitinguri \u0219i furtunuri adecvate.<\/li>\n<\/ul>\n<\/li>\n<li><strong>Configurarea sistemului hidraulic:<\/strong> Integra\u021bi cilindrul \u00een sistemul hidraulic al ma\u0219inii de scut, conect\u00e2ndu-l la o surs\u0103 de alimentare \u0219i un mecanism de control fiabile. Configurarea \u0219i calibrarea corect\u0103 a sistemului hidraulic sunt cruciale pentru performan\u021b\u0103 \u0219i siguran\u021b\u0103 optime.<\/li>\n<li><strong>Control opera\u021bional:<\/strong> Familiariza\u021bi-v\u0103 cu mecanismul de control al cilindrului articulat. \u00cen\u021belege\u021bi intr\u0103rile de control \u0219i efectele lor corespunz\u0103toare asupra gamei de mi\u0219care a cilindrului. Exersa\u021bi operarea sistemului de control pentru a asigura o articulare lin\u0103 \u0219i precis\u0103 \u00een timpul opera\u021biunilor de s\u0103pare a tunelurilor.<\/li>\n<\/ul>\n<h2><strong>Cum se aerise\u0219te un cilindru hidraulic la o basculant\u0103?<\/strong><\/h2>\n<p><strong>Pasul 1: Preg\u0103tirea vehiculului \u0219i m\u0103surile de siguran\u021b\u0103<\/strong><\/p>\n<ul>\n<li>Parca\u021bi basculanta pe o suprafa\u021b\u0103 plan\u0103 \u0219i ac\u021biona\u021bi fr\u00e2na de m\u00e2n\u0103.<\/li>\n<li>Opri\u021bi motorul \u0219i scoate\u021bi cheia din contact pentru a preveni activarea accidental\u0103 a sistemului hidraulic.<\/li>\n<li>Purta\u021bi echipament individual de protec\u021bie adecvat, cum ar fi m\u0103nu\u0219i \u0219i ochelari de protec\u021bie, pentru a v\u0103 proteja de fluidul hidraulic \u0219i de resturi.<\/li>\n<\/ul>\n<p><strong>Pasul 2: Localiza\u021bi supapa de purjare<\/strong><\/p>\n<ul>\n<li>Identifica\u021bi cilindrul (cilindrii) hidraulic(i) care trebuie aerisi\u021bi. Ace\u0219ti cilindri sunt de obicei conecta\u021bi la mecanismul de ridicare al basculantei.<\/li>\n<li>Localiza\u021bi supapa\/supapele de aerisire de pe cilindrul\/cilindrii hidraulici. Supapa de aerisire este un racord mic cu un capac anti-praf.<\/li>\n<\/ul>\n<p><strong>Pasul 3: Preg\u0103ti\u021bi-v\u0103 pentru s\u00e2ngerare<\/strong><\/p>\n<ul>\n<li>Scoate\u021bi capacul de praf de la supapa de aerisire.<\/li>\n<li>A\u0219eza\u021bi c\u00e2rpe sau prosoape \u00een jurul supapei de aerisire pentru a colecta orice scurgere de fluid hidraulic \u00een timpul procesului de aerisire.<\/li>\n<\/ul>\n<p><strong>Pasul 4: Procesul de s\u00e2ngerare<\/strong><\/p>\n<ul>\n<li>Cu asisten\u021ba unei alte persoane, care va ac\u021biona comenzile din interiorul cabinei, va comunica \u0219i va coordona procesul de aerisire.<\/li>\n<li>\u00cen func\u021bie de configura\u021bia basculantei, instrui\u021bi persoana care opereaz\u0103 comenzile s\u0103 activeze sistemul hidraulic \u00een modul \u201ecobor\u00e2re\u201d sau \u201edesc\u0103rcare\u201d.<\/li>\n<li>Deschide\u021bi supapa de aerisire rotind-o \u00een sens invers acelor de ceasornic. Pe m\u0103sur\u0103 ce supapa este deschis\u0103, fluidul hidraulic \u0219i bulele de aer vor fi eliminate din sistem.<\/li>\n<li>L\u0103sa\u021bi fluidul hidraulic s\u0103 curg\u0103 p\u00e2n\u0103 c\u00e2nd se observ\u0103 un flux constant, indic\u00e2nd faptul c\u0103 aerul a fost expulzat. \u00cenchide\u021bi supapa de aerisire rotind-o \u00een sensul acelor de ceasornic.<\/li>\n<\/ul>\n<p><strong>Pasul 5: Repeta\u021bi procesul<\/strong><\/p>\n<ul>\n<li>Repeta\u021bi procesul de aerisire pentru fiecare cilindru hidraulic care necesit\u0103 aerisire, urm\u00e2nd aceia\u0219i pa\u0219i descri\u0219i mai sus.<\/li>\n<li>Asigura\u021bi-v\u0103 c\u0103 fiecare supap\u0103 de aerisire este \u00eenchis\u0103 etan\u0219 dup\u0103 aerisire pentru a preveni scurgerile de fluid hidraulic.<\/li>\n<\/ul>\n<p><strong>Pasul 6: Verifica\u021bi nivelul fluidului \u0219i func\u021bionarea<\/strong><\/p>\n<ul>\n<li>Verifica\u021bi nivelul fluidului hidraulic din rezervorul basculantei. Ad\u0103uga\u021bi lichid dac\u0103 este necesar, urm\u00e2nd instruc\u021biunile produc\u0103torului.<\/li>\n<li>Porni\u021bi motorul \u0219i ac\u021biona\u021bi sistemul hidraulic pentru a testa func\u021bionarea cilindrilor aerisi\u021bi. Verifica\u021bi dac\u0103 ace\u0219tia se extind \u0219i se retrag lin, f\u0103r\u0103 zgomote anormale sau probleme de performan\u021b\u0103.<\/li>\n<\/ul>\n<h2><strong>Capabilitatea \u0219i capacitatea fabricii:<\/strong><\/h2>\n<h3>(1) Montaj<\/h3>\n<p>Avem o platform\u0103 de asamblare independent\u0103 de cercetare \u0219i dezvoltare de prim\u0103 clas\u0103. Atelierul de produc\u021bie a cilindrilor hidraulici are patru linii de asamblare semiautomate pentru cilindri de ridicare \u0219i o linie de asamblare automat\u0103 a cilindrilor de \u00eenclinare, cu o capacitate de produc\u021bie anual\u0103 proiectat\u0103 de 1 milion de buc\u0103\u021bi. Atelierul de cilindri speciali este echipat cu diverse specifica\u021bii ale unui sistem de asamblare semi-automat de cur\u0103\u021bare, cu o capacitate de produc\u021bie anual\u0103 proiectat\u0103 de 200.000 \u0219i dotat cu echipamente celebre de prelucrare CNC, un centru de prelucrare, un echipament special de prelucrare a cilindrilor de \u00eenalt\u0103 precizie, o ma\u0219in\u0103 de sudur\u0103 robotizat\u0103, o ma\u0219in\u0103 de cur\u0103\u021bare automat\u0103, o ma\u0219in\u0103 de asamblare automat\u0103 a cilindrilor \u0219i o linie de produc\u021bie automat\u0103 de vopsire. Echipamente critice existente de peste 300 de seturi (seturi). Alocarea optim\u0103 \u0219i utilizarea eficient\u0103 a resurselor de echipamente asigur\u0103 cerin\u021bele de precizie ale produselor \u0219i satisface nevoile de \u00eenalt\u0103 calitate ale produselor.<\/p>\n<p><img loading=\"lazy\" decoding=\"async\" class=\"alignnone wp-image-626\" src=\"https:\/\/hydraulic-cylinders.net\/wp-content\/uploads\/2023\/08\/hydraulic-cylinder-product-1-300x158.webp\" alt=\"\" width=\"495\" height=\"260\" srcset=\"https:\/\/hydraulic-cylinders.net\/wp-content\/uploads\/2023\/08\/hydraulic-cylinder-product-1-300x158.webp 495w, https:\/\/hydraulic-cylinders.net\/wp-content\/uploads\/2023\/08\/hydraulic-cylinder-product-1-480x252.webp 480w\" sizes=\"(min-width: 0px) and (max-width: 480px) 480px, (min-width: 481px) 495px, 100vw\" \/> <img loading=\"lazy\" decoding=\"async\" class=\"alignnone wp-image-627\" src=\"https:\/\/hydraulic-cylinders.net\/wp-content\/uploads\/2023\/08\/hydraulic-cylinder-product-2-300x189.webp\" alt=\"\" width=\"413\" height=\"260\" \/><\/p>\n<h3>(2) Prelucrare<\/h3>\n<p>Atelierul de prelucrare este echipat cu un centru de strunjire cu \u0219in\u0103 \u00eenclinat\u0103 personalizat, un centru de prelucrare, o ma\u0219in\u0103 de honuire de mare vitez\u0103, un robot de sudur\u0103 \u0219i alte echipamente conexe, care pot gestiona prelucrarea tuburilor cilindrice cu un diametru interior maxim de 400 mm \u0219i o lungime maxim\u0103 de 6 metri.<\/p>\n<p><img loading=\"lazy\" decoding=\"async\" class=\"alignnone wp-image-628 size-large\" src=\"https:\/\/hydraulic-cylinders.net\/wp-content\/uploads\/2023\/08\/hydraulic-cylinder-product-3-1024x391.webp\" alt=\"\" width=\"1024\" height=\"391\" srcset=\"https:\/\/hydraulic-cylinders.net\/wp-content\/uploads\/2023\/08\/hydraulic-cylinder-product-3-980x374.webp 980w, https:\/\/hydraulic-cylinders.net\/wp-content\/uploads\/2023\/08\/hydraulic-cylinder-product-3-480x183.webp 480w\" sizes=\"(min-width: 0px) and (max-width: 480px) 480px, (min-width: 481px) and (max-width: 980px) 980px, (min-width: 981px) 1024px, 100vw\" \/><\/p>\n<h3>(3) Sudur\u0103<\/h3>\n<p><img loading=\"lazy\" decoding=\"async\" class=\"alignnone wp-image-629 size-large\" src=\"https:\/\/hydraulic-cylinders.net\/wp-content\/uploads\/2023\/08\/hydraulic-cylinder-product-4-1024x510.webp\" alt=\"\" width=\"1024\" height=\"510\" srcset=\"https:\/\/hydraulic-cylinders.net\/wp-content\/uploads\/2023\/08\/hydraulic-cylinder-product-4-980x488.webp 980w, https:\/\/hydraulic-cylinders.net\/wp-content\/uploads\/2023\/08\/hydraulic-cylinder-product-4-480x239.webp 480w\" sizes=\"(min-width: 0px) and (max-width: 480px) 480px, (min-width: 481px) and (max-width: 980px) 980px, (min-width: 981px) 1024px, 100vw\" \/><\/p>\n<h3>(4) Vopsire \u0219i acoperire<\/h3>\n<p>Cu linii automate de acoperire cu vopsea pe baz\u0103 de ap\u0103 cu cilindru de dimensiuni mici \u0219i medii, pentru a realiza \u00eenc\u0103rcarea \u0219i desc\u0103rcarea automat\u0103 a robotului \u0219i pulverizarea automat\u0103, capacitatea de proiectare de 4000 de buc\u0103\u021bi pe schimb;<br \/>\nAvem, de asemenea, o linie de produc\u021bie semi-automat\u0103 de vopsire pentru cilindri mari, ac\u021bionat\u0103 de un lan\u021b de putere, cu o capacitate de proiectare de 60 de cutii pe schimb.<\/p>\n<p><img loading=\"lazy\" decoding=\"async\" class=\"alignnone wp-image-630\" src=\"https:\/\/hydraulic-cylinders.net\/wp-content\/uploads\/2023\/08\/hydraulic-cylinder-product-5-300x213.webp\" alt=\"\" width=\"366\" height=\"260\" \/> <img loading=\"lazy\" decoding=\"async\" class=\"alignnone wp-image-631\" src=\"https:\/\/hydraulic-cylinders.net\/wp-content\/uploads\/2023\/08\/hydraulic-cylinder-product-6-300x225.webp\" alt=\"\" width=\"347\" height=\"260\" \/><\/p>\n<h3>(5) Testarea<\/h3>\n<p>Dispunem de instala\u021bii de inspec\u021bie \u0219i bancuri de testare de prim\u0103 clas\u0103 pentru a ne asigura c\u0103 performan\u021ba cilindrului \u00eendepline\u0219te cerin\u021bele.<\/p>\n<p><img loading=\"lazy\" decoding=\"async\" class=\"alignnone wp-image-632\" src=\"https:\/\/hydraulic-cylinders.net\/wp-content\/uploads\/2023\/08\/hydraulic-cylinder-product-8-300x200.webp\" alt=\"\" width=\"389\" height=\"260\" \/><\/p>\n<p>&nbsp;<\/p>\n<p>&nbsp;<\/p>\n<p>Suntem unul dintre cei mai buni produc\u0103tori de cilindri hidraulici. Putem oferi o gam\u0103 complet\u0103 de cilindri hidraulici. De asemenea, oferim... <a href=\"https:\/\/hzpt.com\/agricultural-pto-gearbox\/\" target=\"_blank\" rel=\"noopener\">cutii de viteze agricole<\/a>Ne-am exportat produsele c\u0103tre clien\u021bi din \u00eentreaga lume \u0219i ne-am c\u00e2\u0219tigat o bun\u0103 reputa\u021bie datorit\u0103 calit\u0103\u021bii superioare a produselor noastre \u0219i a serviciilor post-v\u00e2nzare. \u00cei invit\u0103m pe clien\u021bii din \u021bar\u0103 \u0219i din str\u0103in\u0103tate s\u0103 ne contacteze pentru a negocia afaceri, a face schimb de informa\u021bii \u0219i... <a href=\"https:\/\/www.hydraulic-cylinders.net\/ro\/contact-us\/\">s\u0103 coopereze cu noi<\/a>!<\/p>\n<p>&nbsp;<\/p>","protected":false},"excerpt":{"rendered":"<p>Shield Machine Articulated Cylinder The shield machine articulated cylinder is a cutting-edge hydraulic component specifically designed for shield machines used in tunneling and underground construction projects. With its exceptional flexibility, reliability, and efficiency, this cylinder is vital in ensuring smooth excavation operations. This article will delve into the key characteristics, usage methods, and maintenance tips [&hellip;]<\/p>","protected":false},"featured_media":1881,"comment_status":"open","ping_status":"closed","template":"","meta":{"_et_pb_use_builder":"","_et_pb_old_content":"","_et_gb_content_width":""},"product_brand":[],"product_cat":[1550,1519],"product_tag":[1380],"class_list":{"0":"post-1877","1":"product","2":"type-product","3":"status-publish","4":"has-post-thumbnail","6":"product_cat-double-acting-hydraulic-cylinder","7":"product_cat-shield-machine-hydraulic-cylinders","8":"product_tag-hydraulic-cylinder","10":"first","11":"instock","12":"shipping-taxable","13":"product-type-simple"},"amp_enabled":true,"_links":{"self":[{"href":"https:\/\/www.hydraulic-cylinders.net\/ro\/wp-json\/wp\/v2\/product\/1877","targetHints":{"allow":["GET"]}}],"collection":[{"href":"https:\/\/www.hydraulic-cylinders.net\/ro\/wp-json\/wp\/v2\/product"}],"about":[{"href":"https:\/\/www.hydraulic-cylinders.net\/ro\/wp-json\/wp\/v2\/types\/product"}],"replies":[{"embeddable":true,"href":"https:\/\/www.hydraulic-cylinders.net\/ro\/wp-json\/wp\/v2\/comments?post=1877"}],"wp:featuredmedia":[{"embeddable":true,"href":"https:\/\/www.hydraulic-cylinders.net\/ro\/wp-json\/wp\/v2\/media\/1881"}],"wp:attachment":[{"href":"https:\/\/www.hydraulic-cylinders.net\/ro\/wp-json\/wp\/v2\/media?parent=1877"}],"wp:term":[{"taxonomy":"product_brand","embeddable":true,"href":"https:\/\/www.hydraulic-cylinders.net\/ro\/wp-json\/wp\/v2\/product_brand?post=1877"},{"taxonomy":"product_cat","embeddable":true,"href":"https:\/\/www.hydraulic-cylinders.net\/ro\/wp-json\/wp\/v2\/product_cat?post=1877"},{"taxonomy":"product_tag","embeddable":true,"href":"https:\/\/www.hydraulic-cylinders.net\/ro\/wp-json\/wp\/v2\/product_tag?post=1877"}],"curies":[{"name":"wp","href":"https:\/\/api.w.org\/{rel}","templated":true}]}}