{"id":18836,"date":"2025-04-07T05:57:44","date_gmt":"2025-04-07T05:57:44","guid":{"rendered":"https:\/\/www.hydraulic-cylinders.net\/product\/boom-cylinder-for-komatsu-small-excavator-pc40\/"},"modified":"2025-04-07T05:57:47","modified_gmt":"2025-04-07T05:57:47","slug":"boom-cylinder-for-komatsu-small-excavator-pc40","status":"publish","type":"product","link":"https:\/\/www.hydraulic-cylinders.net\/ro\/produs\/boom-cylinder-for-komatsu-small-excavator-pc40\/","title":{"rendered":"Cilindru de bra\u021b pentru excavatorul mic Komatsu PC40"},"content":{"rendered":"<h1>Cilindru de bra\u021b pentru excavatorul mic Komatsu PC40<\/h1>\n<h2>Introducere \u00een cilindrul bra\u021bului<\/h2>\n<p>Cilindrul bra\u021bului este o component\u0103 esen\u021bial\u0103 a sistemului hidraulic din utilajele de construc\u021bii, special conceput pentru a controla mi\u0219carea cupei \u00een diverse echipamente grele, cum ar fi excavatoarele, excavatoarele \u0219i \u00eenc\u0103rc\u0103toarele frontale. Acesta faciliteaz\u0103 ridicarea, cobor\u00e2rea \u0219i \u00eenclinarea cupei, f\u0103c\u00e2nd-o indispensabil\u0103 pentru sarcinile de manipulare a materialelor.<\/p>\n<p>Ca tip de cilindru hidraulic, cilindrul bra\u021bului func\u021bioneaz\u0103 folosind fluid hidraulic pentru a genera mi\u0219care. Func\u021bia sa principal\u0103 este de a converti presiunea hidraulic\u0103 \u00een for\u021b\u0103 liniar\u0103, furniz\u00e2nd puterea necesar\u0103 pentru a efectua sarcini care necesit\u0103 rezisten\u021b\u0103 \u0219i precizie semnificative. Func\u021bionarea eficient\u0103 a cilindrului bra\u021bului \u00eembun\u0103t\u0103\u021be\u0219te considerabil capacitatea opera\u021bional\u0103 a utilajelor grele, asigur\u00e2nd productivitatea \u00een proiectele de construc\u021bii \u0219i excava\u021bii.<\/p>\n<p><img decoding=\"async\" src=\"https:\/\/www.hydraulic-cylinders.net\/wp-content\/uploads\/2025\/04\/songte-company-1.webp\" alt=\"Cilindru de bra\u021b\" \/><\/p>\n<h2>Caracteristici cheie ale cilindrului bra\u021bului<\/h2>\n<ul>\n<li><strong>Rezisten\u021b\u0103 \u0219i durabilitate ridicate:<\/strong> Construit din o\u021bel sau aluminiu de \u00eenalt\u0103 rezisten\u021b\u0103, cilindrul bra\u021bului este capabil s\u0103 reziste la presiuni ridicate \u0219i sarcini grele, fiind potrivit pentru medii de lucru dure. Este proiectat pentru rezisten\u021b\u0103 la uzur\u0103 \u0219i coroziune, prelungindu-i durata de via\u021b\u0103.<\/li>\n<li><strong>Func\u021bionare hidraulic\u0103 eficient\u0103:<\/strong> Utiliz\u00e2nd presiunea uleiului hidraulic, cilindrul bra\u021bului asigur\u0103 o extensie \u0219i o retragere lin\u0103. Acesta r\u0103spunde rapid la comenzile de control, oferind for\u021be puternice de \u00eempingere \u0219i tragere, ideale pentru manipularea obiectelor grele \u0219i opera\u021biuni complexe.<\/li>\n<li><strong>Diverse tipuri:<\/strong> Disponibil at\u00e2t cu cilindri cu ac\u021biune simpl\u0103 (ac\u021biune hidraulic\u0103 \u00eentr-o direc\u021bie), c\u00e2t \u0219i cu ac\u021biune dubl\u0103 (ac\u021biune hidraulic\u0103 \u00een ambele direc\u021bii), cilindrul bra\u021bului poate fi adaptat pentru a \u00eendeplini diverse cerin\u021be opera\u021bionale. Unele modele sunt telescopice, permi\u021b\u00e2nd o extensie mai mare f\u0103r\u0103 a cre\u0219te dimensiunile exterioare, potrivite pentru aplica\u021bii cu spa\u021biu limitat.<\/li>\n<\/ul>\n<p>Putem fabrica acest produs, iar cilindrii no\u0219tri \u00eenlocuiesc perfect cilindrii hidraulici existen\u021bi.<\/p>\n<p><img decoding=\"async\" src=\"https:\/\/www.hydraulic-cylinders.net\/wp-content\/uploads\/2025\/04\/songte-cylinder-head-with-all-kinds-excavator-models.webp\" alt=\"Chiulas\u0103\" \/><\/p>\n<h2>Aplica\u021bii ale cilindrului bra\u021bului<\/h2>\n<h3>Echipamente de construc\u021bii<\/h3>\n<p>Cilindrul bra\u021bului se g\u0103se\u0219te frecvent \u00een excavatoare, unde joac\u0103 un rol esen\u021bial \u00een s\u0103parea, \u00eenc\u0103rcarea \u0219i mutarea solului sau a resturilor. \u00cen cazul \u00eenc\u0103rc\u0103toarelor excavatoare, cilindrul bra\u021bului ajut\u0103 nu numai la excavare, ci \u0219i la opera\u021biunile de ridicare. Performan\u021ba sa fiabil\u0103 este crucial\u0103 pentru procese de construc\u021bie eficiente, reduc\u00e2nd la minimum timpii de nefunc\u021bionare \u0219i sporind eficien\u021ba opera\u021bional\u0103.<\/p>\n<h3>Ma\u0219ini agricole<\/h3>\n<p>\u00cen cazul \u00eenc\u0103rc\u0103toarelor frontale, cilindrul bra\u021bului este esen\u021bial pentru scobere, ridicare \u0219i transportul solului, f\u00e2nului \u0219i altor materiale. Acesta permite echipamentelor agricole s\u0103 \u00eendeplineasc\u0103 diverse sarcini eficient, fie c\u0103 este vorba de mutarea furajelor, a solului sau a altor materiale vrac. Robuste\u021bea cilindrului bra\u021bului asigur\u0103 c\u0103 aceste ma\u0219ini pot func\u021biona eficient \u00een condi\u021bii dificile.<\/p>\n<h3>Excavatoare<\/h3>\n<p>La excavatoare, cilindrul bra\u021bului permite cupei s\u0103 p\u0103trund\u0103 eficient \u00een sol, facilit\u00e2nd efectuarea ac\u021biunilor de s\u0103pare. Aceast\u0103 capacitate este vital\u0103 pentru proiectele de excavare, unde sunt necesare precizie \u0219i putere pentru a s\u0103pa diferite tipuri de sol \u0219i a atinge ad\u00e2ncimile dorite \u00een mod eficient.<\/p>\n<h3>\u00cenc\u0103rc\u0103toare<\/h3>\n<p>Pentru \u00eenc\u0103rc\u0103toarele frontale, cilindrul bra\u021bului ajut\u0103 la ridicarea \u0219i desc\u0103rcarea eficient\u0103 a \u00eenc\u0103rc\u0103turilor. Este esen\u021bial pentru capacitatea \u00eenc\u0103rc\u0103torului de a gestiona materiale precum pietri\u0219, nisip \u0219i alte agregate, asigur\u00e2nd opera\u021biuni f\u0103r\u0103 probleme \u00een \u0219antierele de construc\u021bii \u0219i \u00een loca\u021biile de manipulare a materialelor.<\/p>\n<h2>Considera\u021bii de proiectare \u0219i criterii de selec\u021bie<\/h2>\n<h3>Capacitate de \u00eenc\u0103rcare<\/h3>\n<p>Capacitatea de \u00eenc\u0103rcare a cilindrului bra\u021bului este esen\u021bial\u0103 \u00een determinarea adecv\u0103rii sale pentru aplica\u021bii specifice. Acesta trebuie s\u0103 fie proiectat pentru a suporta greutatea \u0219i for\u021ba maxim\u0103 a\u0219teptate \u00een timpul opera\u021biunilor, f\u0103r\u0103 a defecta. O evaluare am\u0103nun\u021bit\u0103 a cerin\u021belor de \u00eenc\u0103rcare asigur\u0103 func\u021bionarea sigur\u0103 \u0219i eficient\u0103 a cilindrului, prevenind accidentele \u0219i deteriorarea echipamentelor.<\/p>\n<h3>Sistem de etan\u0219are<\/h3>\n<p>Etan\u0219area eficient\u0103 este esen\u021bial\u0103 pentru performan\u021ba \u0219i longevitatea cilindrului bra\u021bului. Etan\u0219\u0103rile de \u00eenalt\u0103 calitate previn scurgerile de fluid hidraulic, care pot duce la defec\u021biuni ale sistemului \u0219i la pericole de siguran\u021b\u0103. Designul ar trebui s\u0103 includ\u0103 materiale durabile care rezist\u0103 la presiune \u0219i factorii de mediu, asigur\u00e2nd performan\u021be optime de etan\u0219are \u00een timp.<\/p>\n<h3>Durabilitate<\/h3>\n<p>Durabilitatea este un factor cheie \u00een proiectarea cilindrului bra\u021bului. Acesta trebuie s\u0103 reziste condi\u021biilor extreme de lucru, inclusiv expunerea la intemperii, materiale abrazive \u0219i sarcini grele. Un cilindru bine proiectat, cu o construc\u021bie robust\u0103, va oferi o durat\u0103 de via\u021b\u0103 mai lung\u0103 \u0219i costuri de \u00eentre\u021binere reduse, aduc\u00e2nd beneficii opera\u021biunilor generale ale utilajelor.<\/p>\n<h3>Caracteristici de siguran\u021b\u0103<\/h3>\n<p>Siguran\u021ba este primordial\u0103 atunci c\u00e2nd se alege un cilindru pentru bra\u021b. Caracteristici precum supapele de suprapresiune \u0219i mecanismele de protec\u021bie la suprasarcin\u0103 sunt esen\u021biale pentru a preveni defec\u021biunile catastrofale. Asigurarea implement\u0103rii acestor sisteme de siguran\u021b\u0103 va ajuta la protejarea operatorilor \u0219i a utilajelor de riscurile poten\u021biale \u00een timpul func\u021bion\u0103rii.<\/p>\n<h3>Mentenabilitate<\/h3>\n<p>Proiectarea pentru mentenan\u021b\u0103 u\u0219oar\u0103 asigur\u0103 c\u0103 cilindrul bra\u021bului poate fi reparat cu u\u0219urin\u021b\u0103 atunci c\u00e2nd este necesar. Aceasta include \u00eencorporarea de puncte de lubrifiere accesibile, fitinguri cu eliberare rapid\u0103 \u0219i componente modulare care pot fi \u00eenlocuite f\u0103r\u0103 timpi de nefunc\u021bionare semnificativi. Accentul pus pe mentenan\u021b\u0103 spore\u0219te eficien\u021ba opera\u021bional\u0103 \u0219i reduce frecven\u021ba repara\u021biilor.<\/p>\n<p><img decoding=\"async\" src=\"https:\/\/www.hydraulic-cylinders.net\/wp-content\/uploads\/2025\/04\/songte-oil-pipes-and-spare-parts.webp\" alt=\"Conducte de petrol \u0219i piese de schimb\" \/><\/p>\n<h2>Etan\u0219are \u0219i lubrifiere<\/h2>\n<p>\u00cen construc\u021bia cilindrului bra\u021bului, se utilizeaz\u0103 diverse componente de etan\u0219are, cum ar fi etan\u0219\u0103rile pistonului \u0219i etan\u0219\u0103rile tijei, pentru a men\u021bine integritatea hidraulic\u0103. Etan\u0219\u0103rile fabricate din materiale durabile, precum poliuretanul \u0219i cauciucul nitrilic, sunt esen\u021biale pentru prevenirea scurgerilor \u0219i asigurarea performan\u021belor optime. \u00cen plus, corpul cilindrului \u0219i capetele filetate sunt supuse unei prelucr\u0103ri precise pentru a spori rezisten\u021ba la uzur\u0103.<\/p>\n<p>Lubrifierea regulat\u0103 cu uleiul hidraulic adecvat este crucial\u0103 pentru men\u021binerea func\u021bionalit\u0103\u021bii cilindrului. Acest ulei nu numai c\u0103 serve\u0219te la reducerea frec\u0103rii, dar ajut\u0103 \u0219i la r\u0103cirea sistemului hidraulic, asigur\u00e2nd o func\u021bionare lin\u0103 \u0219i prevenind supra\u00eenc\u0103lzirea.<\/p>\n<h2>M\u0103suri de \u00eentre\u021binere preventiv\u0103<\/h2>\n<ul>\n<li><strong>Inspec\u021bii regulate:<\/strong> Efectuarea inspec\u021biilor de rutin\u0103 ale cilindrului bra\u021bului ajut\u0103 la identificarea poten\u021bialelor probleme \u00eenainte ca acestea s\u0103 se agraveze. C\u0103uta\u021bi semne de uzur\u0103, scurgeri \u0219i orice zgomote neobi\u0219nuite \u00een timpul func\u021bion\u0103rii care ar putea indica o problem\u0103.<\/li>\n<li><strong>Lubrifiere:<\/strong> Asigura\u021bi-v\u0103 c\u0103 cilindrul este lubrifiat corespunz\u0103tor cu uleiul hidraulic corespunz\u0103tor. Acest lucru reduce frecarea \u0219i prelunge\u0219te durata de via\u021b\u0103 a garniturilor \u0219i a altor piese mobile.<\/li>\n<li><strong>\u00cenlocuirea garniturii:<\/strong> Verifica\u021bi periodic starea garniturilor \u0219i \u00eenlocui\u021bi-le dup\u0103 cum este necesar. Garniturile uzate pot duce la scurgeri de fluid hidraulic, compromi\u021b\u00e2nd performan\u021ba cilindrului.<\/li>\n<\/ul>\n<h2>Instruc\u021biuni de instalare<\/h2>\n<p>Instalarea corect\u0103 a cilindrului bra\u021bului este crucial\u0103 pentru func\u021bionarea sa eficient\u0103. \u00cencepe\u021bi prin a v\u0103 asigura c\u0103 suporturile de montare sunt aliniate corect pentru a preveni stresul asupra cilindrului. Folosi\u021bi unelte adecvate pentru a fixa cilindrul \u00een pozi\u021bie f\u0103r\u0103 a str\u00e2nge excesiv, ceea ce poate provoca daune.<\/p>\n<p>\u00cen timpul instal\u0103rii, asigura\u021bi-v\u0103 c\u0103 liniile hidraulice sunt conectate \u00een siguran\u021b\u0103 \u0219i verifica\u021bi dac\u0103 exist\u0103 scurgeri dup\u0103 umplerea sistemului cu fluid hidraulic. Este recomandabil s\u0103 urma\u021bi specifica\u021biile produc\u0103torului privind set\u0103rile de cuplu \u0219i aliniere pentru a men\u021bine performan\u021be optime.<\/p>\n<p>Utilizarea unor suporturi de montare adecvate este, de asemenea, crucial\u0103 pentru stabilitate \u0219i siguran\u021b\u0103 \u00een timpul func\u021bion\u0103rii. Verificarea faptului c\u0103 cilindrul este paralel cu cadrul ma\u0219inii va reduce la minimum uzura \u0219i va cre\u0219te durata de via\u021b\u0103 a acestuia.<\/p>\n<h2>Sarcini comune de \u00eentre\u021binere<\/h2>\n<h3>Inspec\u021bii regulate<\/h3>\n<p>Efectuarea inspec\u021biilor regulate ale cilindrului bra\u021bului este esen\u021bial\u0103 pentru men\u021binerea func\u021bionalit\u0103\u021bii acestuia. Inspecta\u021bi toate componentele vizibile pentru a depista semne de uzur\u0103 sau deteriorare, acord\u00e2nd o aten\u021bie deosebit\u0103 garniturilor \u0219i furtunurilor pentru a depista eventualele scurgeri. Depistarea timpurie a problemelor poate preveni repara\u021biile costisitoare \u0219i timpii de nefunc\u021bionare.<\/p>\n<h3>Lubrifiere adecvat\u0103<\/h3>\n<p>Asigurarea lubrifierii adecvate a cilindrului bra\u021bului este esen\u021bial\u0103 pentru func\u021bionarea acestuia. Folosi\u021bi uleiul hidraulic recomandat de produc\u0103tor \u0219i verifica\u021bi nivelurile \u00een mod regulat. Lubrifierea regulat\u0103 previne uzura excesiv\u0103 a componentelor, facilit\u00e2nd \u00eentre\u021binerea \u0219i asigur\u00e2nd longevitatea cilindrului.<\/p>\n<h3>\u00cenlocuirea garniturii \u0219i verific\u0103ri ale calibr\u0103rii<\/h3>\n<p>\u00cenlocuirea regulat\u0103 a garniturilor uzate este crucial\u0103 pentru a preveni scurgerile de fluid hidraulic. \u00cen plus, verific\u0103rile de calibrare asigur\u0103 c\u0103 cilindrul bra\u021bului func\u021bioneaz\u0103 \u00een parametrii a\u0219tepta\u021bi. Alinierea \u0219i calibrarea corect\u0103 sunt esen\u021biale pentru func\u021bionarea sigur\u0103 \u0219i eficient\u0103 a utilajelor, reduc\u00e2nd riscul de accidente \u0219i defec\u021biuni ale echipamentelor.<\/p>\n<p><img decoding=\"async\" src=\"https:\/\/www.hydraulic-cylinders.net\/wp-content\/uploads\/2025\/04\/songte-chushion-collar.webp\" alt=\"Guler de pern\u0103\" \/><\/p>\n<h2>Considera\u021bii de siguran\u021b\u0103 \u0219i factori de mediu<\/h2>\n<p>Atunci c\u00e2nd se utilizeaz\u0103 cilindrul bra\u021bului, m\u0103surile de siguran\u021b\u0103 sunt primordiale. Operatorii trebuie s\u0103 fie instrui\u021bi \u00een recunoa\u0219terea pericolelor asociate cu sistemele hidraulice \u0219i trebuie s\u0103 respecte protocoalele de siguran\u021b\u0103 pentru a preveni accidentele. Este esen\u021bial s\u0103 se efectueze verific\u0103ri de siguran\u021b\u0103 \u00een mod regulat pentru a se asigura c\u0103 toate componentele func\u021bioneaz\u0103 corect.<\/p>\n<p>Factorii de mediu joac\u0103, de asemenea, un rol semnificativ \u00een func\u021bionarea cilindrilor hidraulici. Eliminarea corect\u0103 a fluidelor hidraulice \u0219i respectarea reglement\u0103rilor de mediu sunt necesare pentru a minimiza impactul asupra ecosistemului.<\/p>\n<h2>Depanare \u0219i probleme frecvente<\/h2>\n<ul>\n<li><strong>Scurgere:<\/strong> Dac\u0103 exist\u0103 scurgeri de lichid hidraulic, verifica\u021bi dac\u0103 garniturile \u0219i furtunurile sunt deteriorate. \u00cenlocui\u021bi orice componente uzate pentru a restabili integritatea sistemului.<\/li>\n<li><strong>Func\u021bionare lent\u0103:<\/strong> Dac\u0103 cilindrul bra\u021bului func\u021bioneaz\u0103 lent, verifica\u021bi dac\u0103 exist\u0103 niveluri sc\u0103zute de lichid hidraulic sau dac\u0103 exist\u0103 poten\u021biale blocaje \u00een conductele hidraulice.<\/li>\n<li><strong>Zgomote neobi\u0219nuite:<\/strong> Sunetele de scr\u00e2\u0219nire sau de b\u0103t\u0103i pot indica uzur\u0103 mecanic\u0103. Inspecta\u021bi cilindrul \u0219i fitingurile acestuia pentru a depista orice semne de deteriorare.<\/li>\n<\/ul>\n<h2>Sfaturi pentru rezolvarea problemelor<\/h2>\n<p>Pentru a remedia eficient problemele legate de cilindrul bra\u021bului, este recomandabil s\u0103 efectua\u021bi verific\u0103ri regulate de \u00eentre\u021binere pentru a preveni escaladarea problemelor. Implementarea unui program de \u00eentre\u021binere preventiv\u0103 va ajuta la identificarea din timp a problemelor \u0219i la men\u021binerea unor niveluri optime de performan\u021b\u0103.<\/p>\n<p>C\u00e2nd diagnostica\u021bi probleme, consulta\u021bi instruc\u021biunile produc\u0103torului \u0219i urma\u021bi procedurile de depanare descrise. \u00cen cazurile \u00een care problemele persist\u0103, lua\u021bi \u00een considerare angajarea unui tehnician profesionist pentru a v\u0103 asigura c\u0103 repara\u021biile sunt efectuate eficient \u0219i \u00een siguran\u021b\u0103.<\/p>\n<p><img decoding=\"async\" src=\"https:\/\/www.hydraulic-cylinders.net\/wp-content\/uploads\/2025\/04\/songte-bushings-with-all-kinds-of-excavator-models.webp\" alt=\"Buc\u0219e\" \/><\/p>\n<h2>Despre compania noastr\u0103<\/h2>\n<p>Suntem un produc\u0103tor important de cilindri hidraulici alternativi, oferind o gam\u0103 larg\u0103 de produse pentru a satisface diversele nevoi ale industriei. Angajamentul nostru fa\u021b\u0103 de excelen\u021b\u0103 se reflect\u0103 \u00een strategiile noastre avansate de fabrica\u021bie, utiliz\u00e2nd echipamente digitale de ultim\u0103 genera\u021bie \u0219i sisteme robuste de control al calit\u0103\u021bii. Acest lucru ne-a pozi\u021bionat ca unul dintre principalii produc\u0103tori \u0219i angrosi\u0219ti \u200b\u200bat\u00e2t pe pie\u021bele interne, c\u00e2t \u0219i pe cele interna\u021bionale.<\/p>\n<p>Compania noastr\u0103 se m\u00e2ndre\u0219te cu expertiza sa tehnic\u0103 \u0219i practicile inovatoare, \u00eembun\u0103t\u0103\u021bind continuu platformele noastre de produc\u021bie pentru a oferi produse de calitate superioar\u0103. Concentr\u00e2ndu-ne pe eficien\u021b\u0103 \u0219i precizie, ne str\u0103duim s\u0103 satisfacem cerin\u021bele variate ale clien\u021bilor no\u0219tri, asigur\u00e2nd satisfac\u021bia \u0219i fiabilitatea fiec\u0103rui produs.<\/p>\n<p><img decoding=\"async\" src=\"https:\/\/www.hydraulic-cylinders.net\/wp-content\/uploads\/2025\/04\/songte-company-4.webp\" alt=\"Prezentare general\u0103 a companiei\" \/><br \/>\n<img decoding=\"async\" src=\"https:\/\/www.hydraulic-cylinders.net\/wp-content\/uploads\/2025\/04\/songte-company-3.webp\" alt=\"Unitate de produc\u021bie\" \/><\/p>\n<p>Ofertele noastre includ servicii personalizate, certific\u0103ri riguroase ale calit\u0103\u021bii, echipamente de produc\u021bie de ultim\u0103 genera\u021bie \u0219i asisten\u021b\u0103 post-v\u00e2nzare complet\u0103, asigur\u00e2ndu-ne c\u0103 \u00eendeplinim \u0219i chiar dep\u0103\u0219im a\u0219tept\u0103rile clien\u021bilor no\u0219tri.<\/p>\n<p>Autor: lyl<\/p>","protected":false},"excerpt":{"rendered":"<p>Boom Cylinder For Komatsu Small Excavator PC40 Introduction to Boom Cylinder The Boom Cylinder is an essential component of the hydraulic system in construction machinery, specifically designed to control the movement of the bucket in various heavy-duty equipment such as excavators, backhoes, and front loaders. It facilitates the lifting, lowering, and tilting of the bucket, [&hellip;]<\/p>","protected":false},"featured_media":17868,"comment_status":"open","ping_status":"closed","template":"","meta":{"_et_pb_use_builder":"","_et_pb_old_content":"","_et_gb_content_width":""},"product_brand":[],"product_cat":[1546],"product_tag":[1547,1496],"class_list":{"0":"post-18836","1":"product","2":"type-product","3":"status-publish","4":"has-post-thumbnail","6":"product_cat-boom-cylinders","7":"product_tag-boom-cylinders","8":"product_tag-hydraulic-cylinders","10":"first","11":"instock","12":"shipping-taxable","13":"product-type-simple"},"amp_enabled":true,"_links":{"self":[{"href":"https:\/\/www.hydraulic-cylinders.net\/ro\/wp-json\/wp\/v2\/product\/18836","targetHints":{"allow":["GET"]}}],"collection":[{"href":"https:\/\/www.hydraulic-cylinders.net\/ro\/wp-json\/wp\/v2\/product"}],"about":[{"href":"https:\/\/www.hydraulic-cylinders.net\/ro\/wp-json\/wp\/v2\/types\/product"}],"replies":[{"embeddable":true,"href":"https:\/\/www.hydraulic-cylinders.net\/ro\/wp-json\/wp\/v2\/comments?post=18836"}],"wp:featuredmedia":[{"embeddable":true,"href":"https:\/\/www.hydraulic-cylinders.net\/ro\/wp-json\/wp\/v2\/media\/17868"}],"wp:attachment":[{"href":"https:\/\/www.hydraulic-cylinders.net\/ro\/wp-json\/wp\/v2\/media?parent=18836"}],"wp:term":[{"taxonomy":"product_brand","embeddable":true,"href":"https:\/\/www.hydraulic-cylinders.net\/ro\/wp-json\/wp\/v2\/product_brand?post=18836"},{"taxonomy":"product_cat","embeddable":true,"href":"https:\/\/www.hydraulic-cylinders.net\/ro\/wp-json\/wp\/v2\/product_cat?post=18836"},{"taxonomy":"product_tag","embeddable":true,"href":"https:\/\/www.hydraulic-cylinders.net\/ro\/wp-json\/wp\/v2\/product_tag?post=18836"}],"curies":[{"name":"wp","href":"https:\/\/api.w.org\/{rel}","templated":true}]}}