{"id":1886,"date":"2023-10-18T08:32:35","date_gmt":"2023-10-18T08:32:35","guid":{"rendered":"https:\/\/hydraulic-cylinders.net\/?post_type=product&#038;p=1886"},"modified":"2025-04-11T03:43:28","modified_gmt":"2025-04-11T03:43:28","slug":"shield-machine-anti-torque-cylinder","status":"publish","type":"product","link":"https:\/\/www.hydraulic-cylinders.net\/ro\/produs\/shield-machine-anti-torque-cylinder\/","title":{"rendered":"Cilindru anti-cuplu pentru ma\u0219in\u0103 de scut"},"content":{"rendered":"<h1 style=\"text-align: center;\"><strong>Cilindru anti-cuplu pentru ma\u0219in\u0103 de scut<\/strong><\/h1>\n<p><img loading=\"lazy\" decoding=\"async\" class=\"aligncenter wp-image-1888\" src=\"https:\/\/hydraulic-cylinders.net\/wp-content\/uploads\/2023\/10\/anti-torque-cylinder-1-300x300.webp\" alt=\"\" width=\"400\" height=\"400\" \/><\/p>\n<p>Cilindrul anti-cuplu al ma\u0219inii de excavat cu scut este o component\u0103 hidraulic\u0103 de ultim\u0103 genera\u021bie, conceput\u0103 pentru a oferi stabilitate \u0219i control sporite \u00een opera\u021biunile de excavare a tunelurilor. Acest cilindru specializat joac\u0103 un rol vital \u00een atenuarea for\u021belor de cuplu generate \u00een timpul procesului de excavare, asigur\u00e2nd performan\u021be \u0219i siguran\u021b\u0103 optime. \u00cen acest articol cuprinz\u0103tor, vom analiza \u00een detaliu caracteristicile cheie, metodele de utilizare \u0219i instruc\u021biunile de \u00eentre\u021binere pentru cilindrul anti-cuplu al ma\u0219inii de excavat cu scut.<\/p>\n<p>Cilindrul anti-cuplu al ma\u0219inii Shield este o component\u0103 hidraulic\u0103 de ultim\u0103 genera\u021bie care \u00eembun\u0103t\u0103\u021be\u0219te stabilitatea \u0219i controlul \u00een timpul opera\u021biunilor de excavare. Datorit\u0103 capacit\u0103\u021bilor sale de atenuare a cuplului, controlului precis, construc\u021biei robuste \u0219i designului compact, acest cilindru asigur\u0103 procese de excavare mai sigure \u0219i mai eficiente. Prin respectarea metodelor de utilizare recomandate \u0219i a practicilor de \u00eentre\u021binere regulat\u0103, cilindrul anti-cuplu al ma\u0219inii Shield va continua s\u0103 ofere performan\u021be remarcabile, oferind stabilitate, control \u0219i lini\u0219te sufleteasc\u0103 \u00een opera\u021biunile de excavare. \u00cembun\u0103t\u0103\u021bi\u021bi-v\u0103 proiectele de excavare cu stabilitatea \u0219i controlul oferite de cilindrul anti-cuplu al ma\u0219inii Shield.<\/p>\n<p>Caracteristici cheie ale cilindrului articulat al ma\u0219inii Shield:<\/p>\n<ul>\n<li>Reducerea cuplului: Cilindrul anti-cuplu al ma\u0219inii de excavat contracareaz\u0103 eficient for\u021bele de cuplu generate de capul de t\u0103iere rotativ \u00een timpul excava\u021biei tunelului. Aplicarea unei for\u021be opuse ajut\u0103 la men\u021binerea stabilit\u0103\u021bii \u0219i previne mi\u0219carea excesiv\u0103 a ma\u0219inii, reduc\u00e2nd riscul de accidente \u0219i sporind siguran\u021ba opera\u021bional\u0103 general\u0103.<\/li>\n<li>Control precis: Echipat cu sisteme avansate de control hidraulic, acest cilindru permite operatorilor s\u0103 exercite un control precis asupra for\u021bei anti-cuplu aplicate. Acest nivel de control permite ajust\u0103ri fine \u00een timpul opera\u021biunilor de excavare a tunelurilor, asigur\u00e2nd o aliniere precis\u0103 \u0219i minimiz\u00e2nd abaterile.<\/li>\n<li>Construc\u021bie robust\u0103: Cilindrul anti-cuplu al ma\u0219inii de scut este proiectat din materiale de \u00eenalt\u0103 rezisten\u021b\u0103 pentru a rezista condi\u021biilor dificile \u00eent\u00e2lnite \u00een excavarea tunelurilor. Designul s\u0103u robust asigur\u0103 durabilitate, longevitate \u0219i performan\u021b\u0103 constant\u0103, chiar \u0219i \u00een medii dure.<\/li>\n<li>Design compact: Cu un design compact \u0219i eficient din punct de vedere al spa\u021biului, acest cilindru se integreaz\u0103 perfect \u00een ma\u0219ina de scut, reduc\u00e2nd la minimum orice volum suplimentar \u0219i men\u021bin\u00e2nd echilibrul \u0219i manevrabilitatea general\u0103 a echipamentului.<\/li>\n<\/ul>\n<h2><strong>Parametrul cilindrului articulat al ma\u0219inii de scut:<\/strong><\/h2>\n<table border=\"1\" cellspacing=\"0\" cellpadding=\"0\">\n<tbody>\n<tr>\n<td>Nume produs<\/td>\n<td>Cilindru anti-cuplu pentru ma\u0219in\u0103 de scut<\/td>\n<\/tr>\n<tr>\n<td>Caracteristici:<\/td>\n<td>Transmite cuplul atunci c\u00e2nd capul de t\u0103iere se rote\u0219te<\/td>\n<\/tr>\n<tr>\n<td>Diametrul alezajului:<\/td>\n<td>330 mm ~ 570 mm<\/td>\n<\/tr>\n<tr>\n<td>Diametrul tijei:<\/td>\n<td>260 mm ~ 530 mm<br \/>\nCurs\u0103 120 mm ~ 160 mm<\/td>\n<\/tr>\n<tr>\n<td>Presiune:<\/td>\n<td>\u00cen general, p\u00e2n\u0103 la 35Mpa<br \/>\nMaxim p\u00e2n\u0103 la 42MPa<\/td>\n<\/tr>\n<tr>\n<td>Aplica\u021bii:<\/td>\n<td>Ma\u0219in\u0103 de scut, Utilaje de forat tuneluri<\/td>\n<\/tr>\n<\/tbody>\n<\/table>\n<h2><strong>Aplica\u021bie a cilindrului de \u00eempingere al ma\u0219inii de scut:<\/strong><\/h2>\n<p><img loading=\"lazy\" decoding=\"async\" class=\"alignnone wp-image-1875 size-full\" src=\"https:\/\/hydraulic-cylinders.net\/wp-content\/uploads\/2023\/10\/harsh-corrosive-cylinder-1.webp\" alt=\"\" width=\"1418\" height=\"946\" srcset=\"https:\/\/hydraulic-cylinders.net\/wp-content\/uploads\/2023\/10\/harsh-corrosive-cylinder-1.webp 1418w, https:\/\/hydraulic-cylinders.net\/wp-content\/uploads\/2023\/10\/harsh-corrosive-cylinder-1-1280x854.webp 1280w, https:\/\/hydraulic-cylinders.net\/wp-content\/uploads\/2023\/10\/harsh-corrosive-cylinder-1-980x654.webp 980w, https:\/\/hydraulic-cylinders.net\/wp-content\/uploads\/2023\/10\/harsh-corrosive-cylinder-1-480x320.webp 480w\" sizes=\"(min-width: 0px) and (max-width: 480px) 480px, (min-width: 481px) and (max-width: 980px) 980px, (min-width: 981px) and (max-width: 1280px) 1280px, (min-width: 1281px) 1418px, 100vw\" \/><\/p>\n<h2><strong>Metoda de utilizare a cilindrului articulat al ma\u0219inii de scut<\/strong><strong>:<\/strong><\/h2>\n<ol>\n<li><strong>Instalarea cilindrului:<\/strong>\u00a0 Instala\u021bi cilindrul anti-cuplu al ma\u0219inii de protec\u021bie conform instruc\u021biunilor produc\u0103torului. Asigura\u021bi o aliniere corect\u0103 \u0219i o fixare sigur\u0103 la structura ma\u0219inii de protec\u021bie folosind suporturi sau accesorii de montare adecvate.<\/li>\n<li><strong>Integrarea sistemului hidraulic:<\/strong> Conecta\u021bi cilindrul la sistemul hidraulic al ma\u0219inii de protec\u021bie folosind furtunuri \u0219i fitinguri compatibile. Verifica\u021bi dac\u0103 toate conexiunile sunt sigure, f\u0103r\u0103 scurgeri \u0219i str\u00e2nse corespunz\u0103tor pentru a men\u021bine o performan\u021b\u0103 hidraulic\u0103 optim\u0103.<\/li>\n<li><strong>Comenzi de operare:<\/strong> Familiariza\u021bi-v\u0103 cu comenzile \u0219i mecanismele de operare specifice cilindrului anti-cuplu al ma\u0219inii Shield. \u00cen\u021belege\u021bi cum s\u0103 regla\u021bi for\u021ba anti-cuplu aplicat\u0103 \u0219i exersa\u021bi utilizarea regulilor pentru a ob\u021bine o func\u021bionare precis\u0103 \u0219i prompt\u0103.<\/li>\n<li><strong>Considera\u021bii opera\u021bionale:<\/strong> \u00cen timpul opera\u021biunilor de excavare a tunelurilor, monitoriza\u021bi for\u021bele de cuplu ale capului de frez\u0103 \u0219i ajusta\u021bi for\u021ba anti-cuplu aplicat\u0103 de cilindru. Evalua\u021bi continuu condi\u021biile de excavare \u0219i adapta\u021bi set\u0103rile anti-cuplu pentru a men\u021bine stabilitatea \u0219i controlul.<\/li>\n<\/ol>\n<h2><strong>Cum se aerise\u0219te un cilindru hidraulic cu dou\u0103 c\u0103i?<\/strong><\/h2>\n<p>Aerisirea unui cilindru hidraulic cu dou\u0103 c\u0103i este un proces care implic\u0103 eliminarea aerului din sistem pentru a asigura func\u021bionarea corect\u0103 \u0219i a preveni probleme precum spongiozitatea sau performan\u021ba redus\u0103. Un cilindru hidraulic cu dou\u0103 c\u0103i este un cilindru cu ac\u021biune dubl\u0103 care utilizeaz\u0103 presiunea hidraulic\u0103 pentru a extinde \u0219i retrage pistonul. Iat\u0103 un ghid pas cu pas despre cum se aerise\u0219te un cilindru hidraulic cu dou\u0103 c\u0103i:<\/p>\n<ol>\n<li><strong>Preparare:<\/strong>\n<ul>\n<li>Asigura\u021bi-v\u0103 c\u0103 sistemul hidraulic este oprit \u0219i presiunea este eliberat\u0103.<\/li>\n<li>Purta\u021bi echipament individual de protec\u021bie, inclusiv m\u0103nu\u0219i \u0219i ochelari de protec\u021bie, pentru a v\u0103 proteja de fluidul hidraulic.<\/li>\n<\/ul>\n<\/li>\n<li><strong>Identifica\u021bi supapa de purjare:<\/strong>\n<ul>\n<li>Localiza\u021bi supapa de aerisire pe cilindrul hidraulic. De obicei, este un racord mic cu un capac anti-praf. Supapa de aerisire permite aerului prins \u00een cilindru s\u0103 ias\u0103.<\/li>\n<\/ul>\n<\/li>\n<li><strong>Extinde\u021bi cilindrul:<\/strong>\n<ul>\n<li>Activa\u021bi pompa sau supapa hidraulic\u0103, control\u00e2nd cilindrul pentru a extinde complet pistonul. Aceast\u0103 mi\u0219care ajut\u0103 la cre\u0219terea bulelor de aer \u00een partea superioar\u0103 a cilindrului.<\/li>\n<\/ul>\n<\/li>\n<li><strong>Scoate\u021bi capacul anti-praf:<\/strong>\n<ul>\n<li>Scoate\u021bi capacul de praf de la supapa de aerisire. Pune\u021bi-l deoparte \u00eentr-un loc sigur.<\/li>\n<\/ul>\n<\/li>\n<li><strong>Deschide\u021bi supapa de purjare:<\/strong>\n<ul>\n<li>Folosind o cheie sau o unealt\u0103 adecvat\u0103, roti\u021bi supapa de aerisire \u00een sens invers acelor de ceasornic pentru a o deschide. Acest lucru permite aerului \u0219i oric\u0103rui fluid prins s\u0103 ias\u0103 din cilindru.<\/li>\n<\/ul>\n<\/li>\n<li><strong>Retrage\u021bi cilindrul:<\/strong>\n<ul>\n<li>Elibera\u021bi presiunea hidraulic\u0103 \u0219i permite\u021bi cilindrului s\u0103 se retrag\u0103 complet. Aceasta poate implica activarea unei supape de control sau eliberarea oric\u0103rei for\u021be externe care \u021binea cilindrul extins.<\/li>\n<\/ul>\n<\/li>\n<li><strong>Observa\u021bi curgerea fluidului:<\/strong>\n<ul>\n<li>Urm\u0103ri\u021bi curgerea fluidului din supapa de aerisire. Ini\u021bial, este posibil s\u0103 observa\u021bi bule de aer care ies odat\u0103 cu fluidul. L\u0103sa\u021bi fluidul s\u0103 curg\u0103 p\u00e2n\u0103 c\u00e2nd nu mai exist\u0103 bule, ceea ce indic\u0103 faptul c\u0103 aerul a fost eliminat din cilindru.<\/li>\n<\/ul>\n<\/li>\n<li><strong>\u00cenchide\u021bi supapa de purjare:<\/strong>\n<ul>\n<li>Dup\u0103 ce a\u021bi eliminat toate bulele de aer, \u00eenchide\u021bi supapa de aerisire rotind-o \u00een sensul acelor de ceasornic. Asigura\u021bi-v\u0103 c\u0103 este \u00eenchis\u0103 etan\u0219 pentru a preveni scurgerile de lichid.<\/li>\n<\/ul>\n<\/li>\n<li><strong>Extinde\u021bi \u0219i retrage\u021bi cilindrul:<\/strong>\n<ul>\n<li>Repeta\u021bi pa\u0219ii 3-8, extinz\u00e2nd \u0219i apoi retr\u0103g\u00e2nd din nou cilindrul, pentru a v\u0103 asigura c\u0103 aerul r\u0103mas este eliminat din sistem. Acest pas ajut\u0103 la asigurarea unei aerisiri complete a cilindrului hidraulic.<\/li>\n<\/ul>\n<\/li>\n<li><strong>Verifica\u021bi nivelul lichidului:<\/strong>\n<ul>\n<li>Dup\u0103 aerisirea cilindrului, verifica\u021bi nivelul fluidului hidraulic din rezervorul sistemului. Ad\u0103uga\u021bi lichid dac\u0103 este necesar pentru a men\u021bine nivelul recomandat.<\/li>\n<\/ul>\n<\/li>\n<\/ol>\n<h2><strong>Capabilitatea \u0219i capacitatea fabricii:<\/strong><\/h2>\n<h3>(1) Montaj<\/h3>\n<p>Avem o platform\u0103 de asamblare independent\u0103 de cercetare \u0219i dezvoltare de prim\u0103 clas\u0103. Atelierul de produc\u021bie a cilindrilor hidraulici are patru linii de asamblare semiautomate pentru cilindri de ridicare \u0219i o linie de asamblare automat\u0103 a cilindrilor de \u00eenclinare, cu o capacitate de produc\u021bie anual\u0103 proiectat\u0103 de 1 milion de buc\u0103\u021bi. Atelierul de cilindri speciali este echipat cu diverse specifica\u021bii ale unui sistem de asamblare semi-automat de cur\u0103\u021bare, cu o capacitate de produc\u021bie anual\u0103 proiectat\u0103 de 200.000 \u0219i dotat cu echipamente celebre de prelucrare CNC, un centru de prelucrare, un echipament special de prelucrare a cilindrilor de \u00eenalt\u0103 precizie, o ma\u0219in\u0103 de sudur\u0103 robotizat\u0103, o ma\u0219in\u0103 de cur\u0103\u021bare automat\u0103, o ma\u0219in\u0103 de asamblare automat\u0103 a cilindrilor \u0219i o linie de produc\u021bie automat\u0103 de vopsire. Echipamente critice existente de peste 300 de seturi (seturi). Alocarea optim\u0103 \u0219i utilizarea eficient\u0103 a resurselor de echipamente asigur\u0103 cerin\u021bele de precizie ale produselor \u0219i satisface nevoile de \u00eenalt\u0103 calitate ale produselor.<\/p>\n<p><img loading=\"lazy\" decoding=\"async\" class=\"alignnone wp-image-626\" src=\"https:\/\/hydraulic-cylinders.net\/wp-content\/uploads\/2023\/08\/hydraulic-cylinder-product-1-300x158.webp\" alt=\"\" width=\"495\" height=\"260\" srcset=\"https:\/\/hydraulic-cylinders.net\/wp-content\/uploads\/2023\/08\/hydraulic-cylinder-product-1-300x158.webp 495w, https:\/\/hydraulic-cylinders.net\/wp-content\/uploads\/2023\/08\/hydraulic-cylinder-product-1-480x252.webp 480w\" sizes=\"(min-width: 0px) and (max-width: 480px) 480px, (min-width: 481px) 495px, 100vw\" \/> <img loading=\"lazy\" decoding=\"async\" class=\"alignnone wp-image-627\" src=\"https:\/\/hydraulic-cylinders.net\/wp-content\/uploads\/2023\/08\/hydraulic-cylinder-product-2-300x189.webp\" alt=\"\" width=\"413\" height=\"260\" \/><\/p>\n<h3>(2) Prelucrare<\/h3>\n<p>Atelierul de prelucrare este echipat cu un centru de strunjire cu \u0219in\u0103 \u00eenclinat\u0103 personalizat, un centru de prelucrare, o ma\u0219in\u0103 de honuire de mare vitez\u0103, un robot de sudur\u0103 \u0219i alte echipamente conexe, care pot gestiona prelucrarea tuburilor cilindrice cu un diametru interior maxim de 400 mm \u0219i o lungime maxim\u0103 de 6 metri.<\/p>\n<p><img loading=\"lazy\" decoding=\"async\" class=\"alignnone wp-image-628 size-large\" src=\"https:\/\/hydraulic-cylinders.net\/wp-content\/uploads\/2023\/08\/hydraulic-cylinder-product-3-1024x391.webp\" alt=\"\" width=\"1024\" height=\"391\" srcset=\"https:\/\/hydraulic-cylinders.net\/wp-content\/uploads\/2023\/08\/hydraulic-cylinder-product-3-980x374.webp 980w, https:\/\/hydraulic-cylinders.net\/wp-content\/uploads\/2023\/08\/hydraulic-cylinder-product-3-480x183.webp 480w\" sizes=\"(min-width: 0px) and (max-width: 480px) 480px, (min-width: 481px) and (max-width: 980px) 980px, (min-width: 981px) 1024px, 100vw\" \/><\/p>\n<h3>(3) Sudur\u0103<\/h3>\n<p><img loading=\"lazy\" decoding=\"async\" class=\"alignnone wp-image-629 size-large\" src=\"https:\/\/hydraulic-cylinders.net\/wp-content\/uploads\/2023\/08\/hydraulic-cylinder-product-4-1024x510.webp\" alt=\"\" width=\"1024\" height=\"510\" srcset=\"https:\/\/hydraulic-cylinders.net\/wp-content\/uploads\/2023\/08\/hydraulic-cylinder-product-4-980x488.webp 980w, https:\/\/hydraulic-cylinders.net\/wp-content\/uploads\/2023\/08\/hydraulic-cylinder-product-4-480x239.webp 480w\" sizes=\"(min-width: 0px) and (max-width: 480px) 480px, (min-width: 481px) and (max-width: 980px) 980px, (min-width: 981px) 1024px, 100vw\" \/><\/p>\n<h3>(4) Vopsire \u0219i acoperire<\/h3>\n<p>Cu linii automate de acoperire cu vopsea pe baz\u0103 de ap\u0103 cu cilindru de dimensiuni mici \u0219i medii, pentru a realiza \u00eenc\u0103rcarea \u0219i desc\u0103rcarea automat\u0103 a robotului \u0219i pulverizarea automat\u0103, capacitatea de proiectare de 4000 de buc\u0103\u021bi pe schimb;<br \/>\nAvem, de asemenea, o linie de produc\u021bie semi-automat\u0103 de vopsire pentru cilindri mari, ac\u021bionat\u0103 de un lan\u021b de putere, cu o capacitate de proiectare de 60 de cutii pe schimb.<\/p>\n<p><img loading=\"lazy\" decoding=\"async\" class=\"alignnone wp-image-630\" src=\"https:\/\/hydraulic-cylinders.net\/wp-content\/uploads\/2023\/08\/hydraulic-cylinder-product-5-300x213.webp\" alt=\"\" width=\"366\" height=\"260\" \/> <img loading=\"lazy\" decoding=\"async\" class=\"alignnone wp-image-631\" src=\"https:\/\/hydraulic-cylinders.net\/wp-content\/uploads\/2023\/08\/hydraulic-cylinder-product-6-300x225.webp\" alt=\"\" width=\"347\" height=\"260\" \/><\/p>\n<h3>(5) Testarea<\/h3>\n<p>Dispunem de instala\u021bii de inspec\u021bie \u0219i bancuri de testare de prim\u0103 clas\u0103 pentru a ne asigura c\u0103 performan\u021ba cilindrului \u00eendepline\u0219te cerin\u021bele.<\/p>\n<p><img loading=\"lazy\" decoding=\"async\" class=\"alignnone wp-image-632\" src=\"https:\/\/hydraulic-cylinders.net\/wp-content\/uploads\/2023\/08\/hydraulic-cylinder-product-8-300x200.webp\" alt=\"\" width=\"389\" height=\"260\" \/><\/p>\n<p>&nbsp;<\/p>\n<p>&nbsp;<\/p>\n<p>Suntem unul dintre cei mai buni produc\u0103tori de cilindri hidraulici. Putem oferi o gam\u0103 complet\u0103 de cilindri hidraulici. De asemenea, oferim... <a href=\"https:\/\/hzpt.com\/agricultural-pto-gearbox\/\" target=\"_blank\" rel=\"noopener\">cutii de viteze agricole<\/a>Ne-am exportat produsele c\u0103tre clien\u021bi din \u00eentreaga lume \u0219i ne-am c\u00e2\u0219tigat o bun\u0103 reputa\u021bie datorit\u0103 calit\u0103\u021bii superioare a produselor noastre \u0219i a serviciilor post-v\u00e2nzare. \u00cei invit\u0103m pe clien\u021bii din \u021bar\u0103 \u0219i din str\u0103in\u0103tate s\u0103 ne contacteze pentru a negocia afaceri, a face schimb de informa\u021bii \u0219i... <a href=\"https:\/\/www.hydraulic-cylinders.net\/ro\/contact-us\/\">s\u0103 coopereze cu noi<\/a>!<\/p>\n<p>&nbsp;<\/p>","protected":false},"excerpt":{"rendered":"<p>Shield Machine Anti-torque Cylinder The shield machine anti-torque cylinder is a cutting-edge hydraulic component designed to provide enhanced stability and control in tunneling operations. This specialized cylinder plays a vital role in mitigating torque forces generated during the excavation process, ensuring optimal performance and safety. In this comprehensive article, we will delve into the key [&hellip;]<\/p>","protected":false},"featured_media":1889,"comment_status":"open","ping_status":"closed","template":"","meta":{"_et_pb_use_builder":"","_et_pb_old_content":"","_et_gb_content_width":""},"product_brand":[],"product_cat":[1550,1519],"product_tag":[1380],"class_list":{"0":"post-1886","1":"product","2":"type-product","3":"status-publish","4":"has-post-thumbnail","6":"product_cat-double-acting-hydraulic-cylinder","7":"product_cat-shield-machine-hydraulic-cylinders","8":"product_tag-hydraulic-cylinder","10":"first","11":"instock","12":"shipping-taxable","13":"product-type-simple"},"amp_enabled":true,"_links":{"self":[{"href":"https:\/\/www.hydraulic-cylinders.net\/ro\/wp-json\/wp\/v2\/product\/1886","targetHints":{"allow":["GET"]}}],"collection":[{"href":"https:\/\/www.hydraulic-cylinders.net\/ro\/wp-json\/wp\/v2\/product"}],"about":[{"href":"https:\/\/www.hydraulic-cylinders.net\/ro\/wp-json\/wp\/v2\/types\/product"}],"replies":[{"embeddable":true,"href":"https:\/\/www.hydraulic-cylinders.net\/ro\/wp-json\/wp\/v2\/comments?post=1886"}],"wp:featuredmedia":[{"embeddable":true,"href":"https:\/\/www.hydraulic-cylinders.net\/ro\/wp-json\/wp\/v2\/media\/1889"}],"wp:attachment":[{"href":"https:\/\/www.hydraulic-cylinders.net\/ro\/wp-json\/wp\/v2\/media?parent=1886"}],"wp:term":[{"taxonomy":"product_brand","embeddable":true,"href":"https:\/\/www.hydraulic-cylinders.net\/ro\/wp-json\/wp\/v2\/product_brand?post=1886"},{"taxonomy":"product_cat","embeddable":true,"href":"https:\/\/www.hydraulic-cylinders.net\/ro\/wp-json\/wp\/v2\/product_cat?post=1886"},{"taxonomy":"product_tag","embeddable":true,"href":"https:\/\/www.hydraulic-cylinders.net\/ro\/wp-json\/wp\/v2\/product_tag?post=1886"}],"curies":[{"name":"wp","href":"https:\/\/api.w.org\/{rel}","templated":true}]}}