{"id":18887,"date":"2025-04-07T06:00:29","date_gmt":"2025-04-07T06:00:29","guid":{"rendered":"https:\/\/www.hydraulic-cylinders.net\/product\/boom-cylinder-for-sumitomo-small-excavator-sh130-5\/"},"modified":"2025-04-07T06:00:31","modified_gmt":"2025-04-07T06:00:31","slug":"boom-cylinder-for-sumitomo-small-excavator-sh130-5","status":"publish","type":"product","link":"https:\/\/www.hydraulic-cylinders.net\/ro\/produs\/boom-cylinder-for-sumitomo-small-excavator-sh130-5\/","title":{"rendered":"Cilindru bra\u021b pentru excavatorul mic Sumitomo SH130-5"},"content":{"rendered":"<h1>Cilindru bra\u021b pentru excavatorul mic Sumitomo SH130-5<\/h1>\n<h2>Introducere \u00een cilindrul bra\u021bului<\/h2>\n<p>Cilindrul bra\u021bului este o component\u0103 crucial\u0103 \u00een sistemul hidraulic al excavatoarelor, \u00een special la excavatorul mic Sumitomo SH130-5. Acesta func\u021bioneaz\u0103 ca un cilindru hidraulic conceput special pentru controlul mi\u0219c\u0103rii bra\u021bului, permi\u021b\u00e2ndu-i ridicarea, cobor\u00e2rea \u0219i \u00eenclinarea. Aceast\u0103 capacitate este esen\u021bial\u0103 pentru diverse sarcini de manipulare a materialelor \u00een proiectele de construc\u021bii \u0219i excava\u021bii.<\/p>\n<p>Fiind un cilindru hidraulic, cilindrul bra\u021bului utilizeaz\u0103 fluid hidraulic pentru a transmite puterea, permi\u021b\u00e2nd mi\u0219c\u0103ri line \u0219i eficiente ale utilajelor grele. Designul s\u0103u include materiale de \u00eenalt\u0103 rezisten\u021b\u0103 care ofer\u0103 durabilitate \u00een condi\u021bii dure de lucru, ceea ce \u00eel face o alegere fiabil\u0103 pentru operatorii care solicit\u0103 performan\u021b\u0103 \u0219i longevitate pentru echipamentele lor.<\/p>\n<p><img decoding=\"async\" src=\"https:\/\/www.hydraulic-cylinders.net\/wp-content\/uploads\/2025\/04\/songte-company-1.webp\" alt=\"Cilindru bra\u021b pentru excavatorul mic Sumitomo SH130-5\" \/><\/p>\n<h2>Caracteristicile cilindrului bra\u021bului<\/h2>\n<ul>\n<li><strong>Rezisten\u021b\u0103 \u0219i durabilitate ridicate:<\/strong> De obicei, construi\u021bi din o\u021bel sau aluminiu de \u00eenalt\u0103 rezisten\u021b\u0103, ace\u0219ti cilindri pot rezista la presiuni ridicate \u0219i sarcini grele, ceea ce \u00eei face potrivi\u021bi pentru medii dificile.<\/li>\n<li><strong>Func\u021bionare hidraulic\u0103 eficient\u0103:<\/strong> Utilizarea fluidului hidraulic permite o extindere \u0219i retragere lin\u0103, un r\u0103spuns rapid la comenzile de control \u0219i capacit\u0103\u021bi puternice de \u00eempingere-tragere.<\/li>\n<li><strong>Diverse tipuri disponibile:<\/strong> \u00cen func\u021bie de nevoile opera\u021bionale, utilizatorii pot alege \u00eentre cilindri cu ac\u021biune simpl\u0103 (ac\u021biune hidraulic\u0103 \u00eentr-o singur\u0103 direc\u021bie) \u0219i cu ac\u021biune dubl\u0103 (ac\u021biune hidraulic\u0103 \u00een ambele direc\u021bii). Unele modele sunt telescopice, permi\u021b\u00e2nd o extensie mai mare f\u0103r\u0103 a cre\u0219te dimensiunea total\u0103.<\/li>\n<li><strong>Performan\u021b\u0103 \u00eembun\u0103t\u0103\u021bit\u0103:<\/strong> Proiecta\u021bi cu rezisten\u021b\u0103 la uzur\u0103 \u0219i protec\u021bie \u00eempotriva coroziunii, ace\u0219ti cilindri au o durat\u0103 de via\u021b\u0103 prelungit\u0103 \u0219i o frecven\u021b\u0103 redus\u0103 a \u00eentre\u021binerii.<\/li>\n<li><strong>Compatibilitate:<\/strong> Produsele noastre sunt concepute pentru a fi \u00eenlocuitori perfec\u021bi pentru diver\u0219i cilindri hidraulici utiliza\u021bi \u00een excavatoarele mici.<\/li>\n<\/ul>\n<p><img decoding=\"async\" src=\"https:\/\/www.hydraulic-cylinders.net\/wp-content\/uploads\/2025\/04\/songte-cylinder-head-with-all-kinds-excavator-models.webp\" alt=\"Compatibilitatea cilindrului bra\u021bului\" \/><\/p>\n<h2>Aplica\u021bii ale cilindrului bra\u021bului<\/h2>\n<h3>Echipamente de construc\u021bii<\/h3>\n<p>\u00cen excavatoare, cilindrii bra\u021bului sunt esen\u021biali pentru s\u0103pare, \u00eenc\u0103rcare \u0219i mutarea solului sau a resturilor. Ace\u0219tia permit un control precis asupra mi\u0219c\u0103rii bra\u021bului, permi\u021b\u00e2nd operatorilor s\u0103 execute sarcinile eficient. \u00cen cazul \u00eenc\u0103rc\u0103toarelor excavatoare, cilindrul bra\u021bului nu numai c\u0103 ajut\u0103 la s\u0103pare, dar ridic\u0103 \u0219i cupa pentru a desc\u0103rca materialele la \u00een\u0103l\u021bimile necesare, sporind productivitatea pe \u0219antierele de construc\u021bii.<\/p>\n<h3>Ma\u0219ini agricole<\/h3>\n<p>\u00cen cazul \u00eenc\u0103rc\u0103toarelor frontale, cilindrii bra\u021bului sunt vitali pentru scobere, ridicare \u0219i transportul solului, f\u00e2nului \u0219i altor materiale. Capacitatea de a controla cu precizie mi\u0219carea bra\u021bului permite o mai bun\u0103 manipulare a \u00eenc\u0103rc\u0103turilor \u0219i \u00eembun\u0103t\u0103\u021be\u0219te eficien\u021ba opera\u021bional\u0103 general\u0103 \u00een sarcinile agricole.<\/p>\n<h3>Excavatoare<\/h3>\n<p>La excavatoare, cilindrul bra\u021bului faciliteaz\u0103 ac\u021biunea de s\u0103pare permi\u021b\u00e2nd cupei s\u0103 p\u0103trund\u0103 eficient \u00een sol. Acest mecanism este crucial pentru diverse sarcini de excavare, deoarece permite operatorului s\u0103 ajusteze unghiul \u0219i ad\u00e2ncimea procesului de s\u0103pare, maximiz\u00e2nd astfel eficien\u021ba.<\/p>\n<h3>\u00cenc\u0103rc\u0103toare<\/h3>\n<p>La \u00eenc\u0103rc\u0103toarele frontale, cilindrii bra\u021bului ajut\u0103 la ridicarea \u0219i desc\u0103rcarea eficient\u0103 a \u00eenc\u0103rc\u0103turilor. Capacitatea lor de a oferi o for\u021b\u0103 ascendent\u0103 puternic\u0103 ajut\u0103 la gestionarea materialelor grele, asigur\u00e2nd opera\u021biuni line \u00een timpul proceselor de \u00eenc\u0103rcare \u0219i desc\u0103rcare.<\/p>\n<h2>Considera\u021bii de proiectare \u0219i criterii de selec\u021bie<\/h2>\n<h3>Capacitate de \u00eenc\u0103rcare<\/h3>\n<p>La proiectarea cilindrilor bra\u021bului, capacitatea de \u00eenc\u0103rcare este o considera\u021bie primordial\u0103. Cilindrul trebuie s\u0103 fie capabil s\u0103 ridice sarcini grele f\u0103r\u0103 a risca integritatea structural\u0103. Prin urmare, materialele utilizate \u0219i dimensiunile cilindrului sunt calculate cu aten\u021bie pentru a se asigura c\u0103 \u00eendeplinesc sau dep\u0103\u0219esc cerin\u021bele pentru diverse aplica\u021bii.<\/p>\n<h3>Solu\u021bii de etan\u0219are<\/h3>\n<p>Etan\u0219area eficient\u0103 este crucial\u0103 pentru prevenirea scurgerilor de fluid hidraulic, care pot duce la probleme de performan\u021b\u0103 \u0219i la probleme de mediu. Designul \u00eencorporeaz\u0103 etan\u0219\u0103ri de \u00eenalt\u0103 calitate, fabricate din materiale durabile, asigur\u00e2nd performan\u021be de lung\u0103 durat\u0103 \u0219i reduc\u00e2nd costurile de \u00eentre\u021binere.<\/p>\n<h3>Durabilitate<\/h3>\n<p>Durabilitatea este esen\u021bial\u0103 pentru cilindrii hidraulici, \u00een special \u00een medii dificile. Materialele utilizate \u00een construc\u021bia cilindrului bra\u021bului sunt selectate pentru rezisten\u021ba lor la uzur\u0103, coroziune \u0219i defec\u021biuni mecanice generale, prelungind astfel durata de via\u021b\u0103 a produsului.<\/p>\n<h3>Caracteristici de siguran\u021b\u0103<\/h3>\n<p>Siguran\u021ba este o prioritate absolut\u0103 \u00een proiectarea cilindrilor bra\u021bului. Caracteristici precum supapele de suprapresiune \u0219i blocajele de siguran\u021b\u0103 sunt integrate pentru a preveni accidentele \u00een timpul func\u021bion\u0103rii. Aceste m\u0103suri de siguran\u021b\u0103 asigur\u0103 c\u0103 operatorii pot lucra cu \u00eencredere, \u0219tiind c\u0103 echipamentul este fiabil \u0219i sigur.<\/p>\n<h3>Accesibilitate pentru \u00eentre\u021binere<\/h3>\n<p>Proiectarea pentru \u00eentre\u021binere este vital\u0103 pentru a asigura c\u0103 cilindrul bra\u021bului poate fi reparat cu u\u0219urin\u021b\u0103. Punctele de acces pentru inspec\u021bie \u0219i \u00eentre\u021binere sunt incluse \u00een proiectare, permi\u021b\u00e2nd verific\u0103ri \u0219i repara\u021bii de rutin\u0103 f\u0103r\u0103 dezasamblarea excesiv\u0103 a utilajelor.<\/p>\n<p><img decoding=\"async\" src=\"https:\/\/www.hydraulic-cylinders.net\/wp-content\/uploads\/2025\/04\/songte-oil-pipes-and-spare-parts.webp\" alt=\"Considera\u021bii de proiectare \u0219i criterii de selec\u021bie\" \/><\/p>\n<h2>Etan\u0219are \u0219i lubrifiere<\/h2>\n<p>Etan\u0219area \u0219i lubrifierea sunt esen\u021biale pentru func\u021bionarea eficient\u0103 a cilindrului bra\u021bului. Diverse elemente de etan\u0219are, cum ar fi etan\u0219\u0103rile pistonului \u0219i etan\u0219\u0103rile tijei, sunt utilizate pentru a men\u021bine presiunea \u0219i a preveni scurgerile. Materiale precum poliuretanul \u0219i cauciucul nitrilic sunt alese pentru rezisten\u021ba lor la abraziune, asigur\u00e2nd longevitatea etan\u0219\u0103rilor. Corpul cilindrului \u0219i capetele filetate sunt supuse unor prelucr\u0103ri de precizie pentru a spori rezisten\u021ba la uzur\u0103.<\/p>\n<p>Lubrifierea regulat\u0103 cu ulei hidraulic este esen\u021bial\u0103 pentru a reduce frecarea \u0219i uzura dintre piesele mobile. Operatorii trebuie s\u0103 se asigure c\u0103 se men\u021bine tipul \u0219i cantitatea adecvat\u0103 de fluid hidraulic pentru a asigura performan\u021be optime \u0219i a preveni supra\u00eenc\u0103lzirea.<\/p>\n<h2>Inspec\u021bie regulat\u0103 \u0219i m\u0103suri de \u00eentre\u021binere preventiv\u0103<\/h2>\n<ul>\n<li><strong>Inspec\u021bii regulate:<\/strong> Programa\u021bi inspec\u021bii de rutin\u0103 ale tuturor componentelor hidraulice pentru a verifica dac\u0103 exist\u0103 scurgeri, uzur\u0103 \u0219i deterior\u0103ri. Depistarea timpurie a problemelor poate preveni apari\u021bia unor probleme mai grave pe viitor.<\/li>\n<li><strong>Lubrifiere adecvat\u0103:<\/strong> Asigura\u021bi-v\u0103 c\u0103 nivelurile uleiului hidraulic sunt adecvate \u0219i c\u0103 lubrifierea este aplicat\u0103 cu aten\u021bie tuturor pieselor mobile. Acest lucru va ajuta la men\u021binerea eficien\u021bei \u0219i la reducerea uzurii.<\/li>\n<li><strong>\u00cenlocuirea garniturii:<\/strong> Verifica\u021bi periodic garniturile pentru a depista semne de uzur\u0103 sau deteriorare \u0219i \u00eenlocui\u021bi-le dup\u0103 cum este necesar pentru a preveni scurgerile \u0219i a men\u021bine presiunea \u00een sistem.<\/li>\n<\/ul>\n<h2>Instruc\u021biuni corecte de instalare<\/h2>\n<p>Instalarea corect\u0103 a cilindrului bra\u021bului este crucial\u0103 pentru performan\u021ba \u0219i longevitatea acestuia. \u00cencepe\u021bi prin a v\u0103 asigura c\u0103 cilindrul este aliniat corect cu suporturile de montare. Folosi\u021bi suporturi de instalare adecvate pentru a fixa cilindrul \u00een pozi\u021bie, prevenind nealinierea \u00een timpul func\u021bion\u0103rii. Consulta\u021bi \u00eentotdeauna specifica\u021biile produc\u0103torului pentru set\u0103rile de cuplu \u0219i procedurile de instalare.<\/p>\n<p>\u00cen timpul instal\u0103rii, verifica\u021bi de dou\u0103 ori toate conexiunile \u0219i fitingurile pentru a v\u0103 asigura c\u0103 sunt str\u00e2nse \u0219i nu prezint\u0103 scurgeri. Efectua\u021bi o inspec\u021bie am\u0103nun\u021bit\u0103 \u00eenainte de a porni echipamentul pentru a confirma c\u0103 totul func\u021bioneaz\u0103 corect. Respectarea acestor instruc\u021biuni va ajuta la maximizarea duratei de via\u021b\u0103 \u0219i a eficien\u021bei cilindrului bra\u021bului.<\/p>\n<h2>Sarcini comune de \u00eentre\u021binere<\/h2>\n<ul>\n<li><strong>Inspec\u021bii regulate:<\/strong> Verifica\u021bi \u00een mod constant cilindrul pentru orice semne de uzur\u0103 sau deteriorare. Aceasta include examinarea garniturilor pentru scurgeri \u0219i asigurarea c\u0103 corpul cilindrului este intact.<\/li>\n<li><strong>Lubrifiere adecvat\u0103:<\/strong> Men\u021bine\u021bi nivelul corect de ulei hidraulic \u0219i aplica\u021bi lubrifiantul conform recomand\u0103rilor. Acest lucru este esen\u021bial pentru reducerea frec\u0103rii \u0219i prevenirea defec\u021biunilor mecanice.<\/li>\n<li><strong>\u00cenlocuirea garniturii:<\/strong> Evalua\u021bi periodic starea garniturilor \u0219i \u00eenlocui\u021bi-le dup\u0103 cum este necesar pentru a asigura o performan\u021b\u0103 optim\u0103 \u0219i a preveni scurgerile.<\/li>\n<\/ul>\n<p>Instalarea \u0219i alinierea corect\u0103 a cilindrului sunt imperative pentru a evita uzura prematur\u0103. Utilizarea unor console de sus\u021binere adecvate ajut\u0103 la men\u021binerea alinierii \u00een timpul func\u021bion\u0103rii. Verific\u0103rile \u0219i \u00eentre\u021binerea programate periodic vor \u00eembun\u0103t\u0103\u021bi func\u021bionalitatea \u0219i vor prelungi durata de via\u021b\u0103 a cilindrului bra\u021bului.<\/p>\n<p><img decoding=\"async\" src=\"https:\/\/www.hydraulic-cylinders.net\/wp-content\/uploads\/2025\/04\/songte-chushion-collar.webp\" alt=\"Instruc\u021biuni de instalare\" \/><\/p>\n<h2>Considera\u021bii de siguran\u021b\u0103 \u0219i factori de mediu<\/h2>\n<p>Atunci c\u00e2nd se lucreaz\u0103 cu sisteme hidraulice, m\u0103surile de siguran\u021b\u0103 sunt primordiale. Operatorii trebuie s\u0103 fie instrui\u021bi cu privire la protocoalele de siguran\u021b\u0103 adecvate, inclusiv \u00een\u021belegerea riscurilor asociate cu presiunea hidraulic\u0103 \u0219i func\u021bionarea echipamentelor. Asigurarea prezen\u021bei elementelor de siguran\u021b\u0103, cum ar fi supapele de suprapresiune, poate atenua riscurile \u00een timpul func\u021bion\u0103rii.<\/p>\n<p>\u00cen plus, operatorii ar trebui s\u0103 fie con\u0219tien\u021bi de factorii de mediu care pot afecta func\u021bionarea cilindrilor hidraulici. Aceasta include monitorizarea nivelurilor de fluid \u0219i prevenirea scurgerilor care ar putea d\u0103una mediului. \u00centre\u021binerea \u0219i verific\u0103rile regulate pot ajuta la asigurarea conformit\u0103\u021bii cu standardele de mediu \u0219i la promovarea func\u021bion\u0103rii \u00een siguran\u021b\u0103.<\/p>\n<h2>Diagnosticarea defec\u021biunilor \u0219i probleme frecvente<\/h2>\n<ul>\n<li><strong>Scurgeri hidraulice:<\/strong> Una dintre cele mai frecvente probleme sunt scurgerile de lichid hidraulic, care pot indica uzura garniturilor sau a fitingurilor. Inspec\u021biile regulate sunt esen\u021biale pentru a identifica \u0219i remedia prompt scurgerile.<\/li>\n<li><strong>Ac\u021biuni lente sau lipsite de reac\u021bie:<\/strong> Dac\u0103 cilindrul func\u021bioneaz\u0103 lent sau nu r\u0103spunde la comenzi, acest lucru se poate datora nivelurilor sc\u0103zute de lichid hidraulic sau aerului prins \u00een sistem. Verificarea nivelurilor de lichid \u0219i aerisirea sistemului pot rezolva aceast\u0103 problem\u0103.<\/li>\n<li><strong>Supra\u00eenc\u0103lzire:<\/strong> Supra\u00eenc\u0103lzirea poate ap\u0103rea din cauza lubrifierii insuficiente sau a sarcinii excesive. Asigurarea nivelurilor adecvate de fluid \u0219i monitorizarea sarcinilor opera\u021bionale pot preveni supra\u00eenc\u0103lzirea.<\/li>\n<\/ul>\n<h2>Sfaturi de depanare<\/h2>\n<p>Pentru a diagnostica \u0219i rezolva eficient problemele legate de cilindrul bra\u021bului, operatorii ar trebui s\u0103 efectueze o evaluare sistematic\u0103. \u00cencepe\u021bi prin verificarea existen\u021bei scurgerilor vizibile \u0219i evaluarea integrit\u0103\u021bii etan\u0219\u0103rilor. Apoi, verifica\u021bi dac\u0103 nivelurile fluidului hidraulic sunt adecvate \u0219i dac\u0103 sistemul nu con\u021bine bule de aer. Dac\u0103 problemele persist\u0103, consulta\u021bi instruc\u021biunile produc\u0103torului pentru tehnici suplimentare de depanare \u0219i practici de \u00eentre\u021binere recomandate.<\/p>\n<p>M\u0103surile preventive, cum ar fi \u00eentre\u021binerea regulat\u0103 \u0219i respectarea instruc\u021biunilor opera\u021bionale, pot reduce semnificativ probabilitatea apari\u021biei problemelor, asigur\u00e2nd buna func\u021bionare a sistemului hidraulic.<\/p>\n<p><img decoding=\"async\" src=\"https:\/\/www.hydraulic-cylinders.net\/wp-content\/uploads\/2025\/04\/songte-bushings-with-all-kinds-of-excavator-models.webp\" alt=\"Diagnosticarea defec\u021biunilor \u0219i probleme frecvente\" \/><\/p>\n<h2>Despre compania noastr\u0103<\/h2>\n<p>Suntem un produc\u0103tor important de cilindri hidraulici de schimb, oferind o gam\u0103 complet\u0103 de produse care satisfac nevoile at\u00e2t ale pie\u021belor interne, c\u00e2t \u0219i ale celor interna\u021bionale. Angajamentul nostru fa\u021b\u0103 de excelen\u021b\u0103 se reflect\u0103 \u00een procesele noastre de fabrica\u021bie fin reglate \u0219i \u00een practicile de asigurare a calit\u0103\u021bii.<\/p>\n<p>Facilit\u0103\u021bile noastre de produc\u021bie \u00eencorporeaz\u0103 tehnologie avansat\u0103 \u0219i personal calificat pentru a men\u021bine standarde \u00eenalte de produc\u021bie. Prioritiz\u0103m satisfac\u021bia clien\u021bilor prin abordarea noastr\u0103 de \u00eenalt\u0103 eficien\u021b\u0103 \u0219i precizie, permi\u021b\u00e2ndu-ne s\u0103 satisfacem diverse cerin\u021be ale clien\u021bilor.<\/p>\n<p>\u00cen plus, oferim servicii personalizate, adaptate nevoilor specifice, cu certific\u0103ri interna\u021bionale care garanteaz\u0103 c\u0103 produsele noastre respect\u0103 standardele globale. Serviciul nostru post-v\u00e2nzare spore\u0219te \u0219i mai mult \u00eencrederea \u0219i satisfac\u021bia clien\u021bilor, ceea ce ne face o alegere de \u00eencredere pe pia\u021ba cilindrilor hidraulici.<\/p>\n<p><img decoding=\"async\" src=\"https:\/\/www.hydraulic-cylinders.net\/wp-content\/uploads\/2025\/04\/songte-company-4.webp\" alt=\"Despre compania noastr\u0103\" \/><br \/>\n<img decoding=\"async\" src=\"https:\/\/www.hydraulic-cylinders.net\/wp-content\/uploads\/2025\/04\/songte-company-3.webp\" alt=\"Despre compania noastr\u0103\" \/><\/p>\n<p>Autor: lyl<\/p>","protected":false},"excerpt":{"rendered":"<p>Boom Cylinder For Sumitomo Small Excavator SH130-5 Introduction to Boom Cylinder The boom cylinder is a crucial component in the hydraulic system of excavators, particularly in the Sumitomo Small Excavator SH130-5. It functions as a hydraulic cylinder designed specifically for controlling the motion of the boom, allowing it to lift, lower, and tilt. This capability [&hellip;]<\/p>","protected":false},"featured_media":17874,"comment_status":"open","ping_status":"closed","template":"","meta":{"_et_pb_use_builder":"","_et_pb_old_content":"","_et_gb_content_width":""},"product_brand":[],"product_cat":[1546],"product_tag":[1547,1496],"class_list":{"0":"post-18887","1":"product","2":"type-product","3":"status-publish","4":"has-post-thumbnail","6":"product_cat-boom-cylinders","7":"product_tag-boom-cylinders","8":"product_tag-hydraulic-cylinders","10":"first","11":"instock","12":"shipping-taxable","13":"product-type-simple"},"amp_enabled":true,"_links":{"self":[{"href":"https:\/\/www.hydraulic-cylinders.net\/ro\/wp-json\/wp\/v2\/product\/18887","targetHints":{"allow":["GET"]}}],"collection":[{"href":"https:\/\/www.hydraulic-cylinders.net\/ro\/wp-json\/wp\/v2\/product"}],"about":[{"href":"https:\/\/www.hydraulic-cylinders.net\/ro\/wp-json\/wp\/v2\/types\/product"}],"replies":[{"embeddable":true,"href":"https:\/\/www.hydraulic-cylinders.net\/ro\/wp-json\/wp\/v2\/comments?post=18887"}],"wp:featuredmedia":[{"embeddable":true,"href":"https:\/\/www.hydraulic-cylinders.net\/ro\/wp-json\/wp\/v2\/media\/17874"}],"wp:attachment":[{"href":"https:\/\/www.hydraulic-cylinders.net\/ro\/wp-json\/wp\/v2\/media?parent=18887"}],"wp:term":[{"taxonomy":"product_brand","embeddable":true,"href":"https:\/\/www.hydraulic-cylinders.net\/ro\/wp-json\/wp\/v2\/product_brand?post=18887"},{"taxonomy":"product_cat","embeddable":true,"href":"https:\/\/www.hydraulic-cylinders.net\/ro\/wp-json\/wp\/v2\/product_cat?post=18887"},{"taxonomy":"product_tag","embeddable":true,"href":"https:\/\/www.hydraulic-cylinders.net\/ro\/wp-json\/wp\/v2\/product_tag?post=18887"}],"curies":[{"name":"wp","href":"https:\/\/api.w.org\/{rel}","templated":true}]}}