{"id":18927,"date":"2025-04-07T06:02:37","date_gmt":"2025-04-07T06:02:37","guid":{"rendered":"https:\/\/www.hydraulic-cylinders.net\/product\/boom-cylinder-for-caterpillar-small-excavator-e311-311c\/"},"modified":"2025-04-07T06:02:40","modified_gmt":"2025-04-07T06:02:40","slug":"boom-cylinder-for-caterpillar-small-excavator-e311-311c","status":"publish","type":"product","link":"https:\/\/www.hydraulic-cylinders.net\/ro\/produs\/boom-cylinder-for-caterpillar-small-excavator-e311-311c\/","title":{"rendered":"Cilindru de bra\u021b pentru excavatorul mic Caterpillar E311\/311C"},"content":{"rendered":"<h1>Cilindru de bra\u021b pentru excavatorul mic Caterpillar E311\/311C<\/h1>\n<h2>Prezentare general\u0103 a cilindrilor bra\u021bului<\/h2>\n<p>Cilindrul bra\u021bului este o component\u0103 crucial\u0103 utilizat\u0103 \u00een diverse utilaje grele, \u00een special la excavatoare, excavatoare \u0219i \u00eenc\u0103rc\u0103toare frontale. Acesta serve\u0219te la controlul mi\u0219c\u0103rii cupei, permi\u021b\u00e2ndu-i s\u0103 ridice, s\u0103 coboare \u0219i s\u0103 \u00eencline eficient. Acest cilindru hidraulic este conceput pentru a facilita sarcinile de manipulare a materialelor, asigur\u00e2nd eficien\u021ba \u0219i precizia opera\u021biunilor. Mai exact, func\u021bioneaz\u0103 \u00een cadrul unui sistem hidraulic, transform\u00e2nd energia hidraulic\u0103 \u00een for\u021b\u0103 mecanic\u0103, esen\u021bial\u0103 pentru efectuarea sarcinilor de s\u0103pat, ridicare \u0219i transport \u00een construc\u021bii \u0219i alte aplica\u021bii industriale.<\/p>\n<p><img decoding=\"async\" src=\"https:\/\/www.hydraulic-cylinders.net\/wp-content\/uploads\/2025\/04\/songte-company-1.webp\" alt=\"Cilindru de bra\u021b\"><\/p>\n<h2>Caracteristici cheie<\/h2>\n<ul>\n<li><strong>Rezisten\u021b\u0103 \u0219i durabilitate ridicate:<\/strong> Fabrica\u021bi din o\u021bel sau aluminiu de \u00eenalt\u0103 rezisten\u021b\u0103, ace\u0219ti cilindri rezist\u0103 la presiuni ridicate \u0219i sarcini grele, fiind concepu\u021bi pentru a rezista la condi\u021bii dure de lucru, sporind rezisten\u021ba la uzur\u0103 \u0219i protec\u021bia \u00eempotriva coroziunii.<\/li>\n<li><strong>Func\u021bionare hidraulic\u0103 eficient\u0103:<\/strong> Cilindrul bra\u021bului utilizeaz\u0103 presiunea uleiului hidraulic pentru o extensie \u0219i retragere lin\u0103, oferind un r\u0103spuns rapid la comenzile de control \u0219i gener\u00e2nd o for\u021b\u0103 semnificativ\u0103 de \u00eempingere \u0219i tragere, ideal\u0103 pentru manipularea materialelor grele \u0219i a sarcinilor complexe.<\/li>\n<li><strong>Diverse tipuri:<\/strong> Disponibile \u00een variante cu ac\u021biune simpl\u0103 (utilizare hidraulic\u0103 \u00eentr-o singur\u0103 direc\u021bie) sau cu ac\u021biune dubl\u0103 (utilizare hidraulic\u0103 \u00een ambele direc\u021bii), pentru a satisface diverse nevoi opera\u021bionale. Unele modele dispun de capacit\u0103\u021bi telescopice pentru o raz\u0103 de ac\u021biune extins\u0103 f\u0103r\u0103 a ad\u0103uga dimensiuni externe, perfecte pentru spa\u021bii restr\u00e2nse.<\/li>\n<li><strong>Compatibilitate:<\/strong> Produsele noastre sunt concepute pentru a \u00eenlocui perfect cilindrii hidraulici existen\u021bi, oferind o integrare perfect\u0103 cu diverse modele de utilaje grele.<\/li>\n<li><strong>Solu\u021bii personalizabile:<\/strong> Op\u021biunile de fabrica\u021bie personalizate asigur\u0103 c\u0103 cilindrii no\u0219tri \u00eendeplinesc cerin\u021bele specifice ale diferitelor aplica\u021bii \u0219i utilaje.<\/li>\n<\/ul>\n<p><img decoding=\"async\" src=\"https:\/\/www.hydraulic-cylinders.net\/wp-content\/uploads\/2025\/04\/songte-cylinder-head-with-all-kinds-excavator-models.webp\" alt=\"Compatibilitatea cilindrilor bra\u021bului\"><\/p>\n<h2>Aplica\u021bii ale cilindrilor bra\u021bului<\/h2>\n<h3>Echipamente de construc\u021bii<\/h3>\n<p>\u00cen excavatoare, cilindrii bra\u021bului sunt vitali pentru s\u0103pare, \u00eenc\u0103rcare \u0219i mutarea solului sau a resturilor. Ace\u0219tia permit cupei s\u0103 p\u0103trund\u0103 eficient \u00een teren, facilit\u00e2nd procesul de excavare. Sincronizarea mi\u0219c\u0103rilor bra\u021bului \u0219i cupei asigur\u0103 eficien\u021b\u0103 \u0219i precizie, f\u0103c\u00e2nd ace\u0219ti cilindri indispensabili \u00een proiectele de construc\u021bii.<\/p>\n<h3>Ma\u0219ini agricole<\/h3>\n<p>\u00cenc\u0103rc\u0103toarele frontale utilizeaz\u0103 cilindri ai bra\u021bului pentru a transporta, transporta p\u0103m\u00e2nt, f\u00e2n \u0219i alte materiale. Capacitatea de a regla \u00een\u0103l\u021bimea \u0219i unghiul cupei permite manipularea eficient\u0103 a materialelor \u00een opera\u021biunile agricole, sporind productivitatea \u0219i reduc\u00e2nd munca manual\u0103.<\/p>\n<h3>Excavatoare<\/h3>\n<p>La excavatoare, cilindrul bra\u021bului permite o s\u0103pare eficient\u0103, permi\u021b\u00e2nd cupei s\u0103 p\u0103trund\u0103 \u00een diverse tipuri de sol. Aceast\u0103 capacitate este esen\u021bial\u0103 at\u00e2t pentru proiectele de amenajare peisagistic\u0103 la scar\u0103 mic\u0103, c\u00e2t \u0219i pentru proiectele de excavare la scar\u0103 larg\u0103, oferind for\u021ba necesar\u0103 pentru a \u00eendep\u0103rta rapid p\u0103m\u00e2ntul \u0219i resturile.<\/p>\n<h3>\u00cenc\u0103rc\u0103toare<\/h3>\n<p>La \u00eenc\u0103rc\u0103toarele frontale, cilindrii bra\u021bului ajut\u0103 la ridicarea \u0219i desc\u0103rcarea eficient\u0103 a \u00eenc\u0103rc\u0103turilor. Designul lor asigur\u0103 c\u0103 materialele grele pot fi mutate cu u\u0219urin\u021b\u0103, contribuind la optimizarea fluxurilor de lucru pe \u0219antierele de construc\u021bii \u0219i \u00een proiectele de amenajare a teritoriului.<\/p>\n<h2>Considera\u021bii de proiectare \u0219i criterii de selec\u021bie<\/h2>\n<h3>Capacitate portant\u0103<\/h3>\n<p>Una dintre principalele considera\u021bii de proiectare pentru cilindrii bra\u021bului este capacitatea lor portant\u0103. Aceasta determin\u0103 c\u00e2t\u0103 greutate poate ridica \u0219i manipula cilindrul \u00een siguran\u021b\u0103 \u00een timpul opera\u021biunilor. Calculele corecte bazate pe sarcinile preconizate sunt esen\u021biale pentru a asigura siguran\u021ba \u0219i func\u021bionalitatea. Produc\u0103torii utilizeaz\u0103 de obicei materiale de \u00eenalt\u0103 rezisten\u021b\u0103 \u0219i tehnici avansate de inginerie pentru a spori aceast\u0103 capacitate, asigur\u00e2ndu-se c\u0103 cilindrii func\u021bioneaz\u0103 fiabil \u00een condi\u021bii solicitante.<\/p>\n<h3>Etan\u0219are \u0219i durabilitate<\/h3>\n<p>Etan\u0219area eficient\u0103 este crucial\u0103 \u00een cilindrii hidraulici pentru a preveni scurgerile de fluid, care pot compromite performan\u021ba \u0219i siguran\u021ba. Garniturile de \u00eenalt\u0103 calitate, fabricate din materiale durabile, cum ar fi poliuretanul sau cauciucul nitrilic, sunt esen\u021biale. Acestea trebuie s\u0103 reziste la varia\u021bii mari de presiune \u0219i temperatur\u0103, men\u021bin\u00e2ndu-\u0219i \u00een acela\u0219i timp integritatea \u00een timp. \u00centre\u021binerea regulat\u0103 \u0219i \u00eenlocuirea garniturilor sunt necesare pentru a asigura performan\u021ba optim\u0103 \u0219i longevitatea cilindrului.<\/p>\n<h3>Caracteristici de siguran\u021b\u0103<\/h3>\n<p>Siguran\u021ba este primordial\u0103 atunci c\u00e2nd se proiecteaz\u0103 cilindrii bra\u021bului. Incorporarea caracteristicilor de siguran\u021b\u0103, cum ar fi supapele de suprapresiune \u0219i mecanismele robuste de blocare, poate preveni accidentele \u0219i poate spori siguran\u021ba opera\u021bional\u0103. Produc\u0103torii trebuie s\u0103 respecte reglement\u0103ri \u0219i instruc\u021biuni stricte de siguran\u021b\u0103 pentru a se asigura c\u0103 produsele lor \u00eendeplinesc standardele industriei \u0219i pentru a proteja operatorii \u00een timpul utiliz\u0103rii.<\/p>\n<p><img decoding=\"async\" src=\"https:\/\/www.hydraulic-cylinders.net\/wp-content\/uploads\/2025\/04\/songte-oil-pipes-and-spare-parts.webp\" alt=\"Piese cilindru hidraulic\"><\/p>\n<h2>Etan\u0219are \u0219i lubrifiere<\/h2>\n<p>Performan\u021ba \u0219i durata de via\u021b\u0103 a unui cilindru al bra\u021bului depind \u00een mare m\u0103sur\u0103 de eficacitatea sistemelor sale de etan\u0219are \u0219i lubrifiere. Diverse componente de etan\u0219are, inclusiv etan\u0219\u0103rile pistonului \u0219i etan\u0219\u0103rile tijei, joac\u0103 un rol vital \u00een men\u021binerea presiunii hidraulice \u0219i prevenirea scurgerilor de fluid. Alegerea materialelor de etan\u0219are, cum ar fi poliuretanul \u0219i cauciucul nitrilic, este crucial\u0103, deoarece acestea trebuie s\u0103 reziste uzurii cauzate de func\u021bionarea continu\u0103.<\/p>\n<p>\u00cen plus, corpul cilindrului \u0219i suprafe\u021bele filetate ale cap\u0103tului sunt supuse unor procese precise de prelucrare pentru a le spori rezisten\u021ba la uzur\u0103. Lubrifierea regulat\u0103 cu uleiul hidraulic adecvat este esen\u021bial\u0103 pentru a asigura o func\u021bionare lin\u0103 \u0219i a preveni deteriorarea componentelor interne. Operatorii trebuie s\u0103 respecte instruc\u021biunile produc\u0103torului privind frecven\u021ba de lubrifiere \u0219i tipurile de ulei pentru a men\u021bine performan\u021be optime.<\/p>\n<h2>M\u0103suri de \u00eentre\u021binere<\/h2>\n<ul>\n<li><strong>Inspec\u021bii regulate:<\/strong> Efectuarea inspec\u021biilor regulate este crucial\u0103 pentru identificarea poten\u021bialelor probleme \u00eenainte ca acestea s\u0103 escaladeze. Operatorii ar trebui s\u0103 verifice orice semne de scurgeri, coroziune sau uzur\u0103, asigur\u00e2ndu-se c\u0103 butelia func\u021bioneaz\u0103 eficient.<\/li>\n<li><strong>Lubrifiere adecvat\u0103:<\/strong> Men\u021binerea lubrifierii corespunz\u0103toare a cilindrului hidraulic este esen\u021bial\u0103 pentru o func\u021bionare f\u0103r\u0103 probleme. Ad\u0103ugarea regulat\u0103 a cantit\u0103\u021bii necesare de ulei hidraulic previne uzura \u0219i ajut\u0103 la men\u021binerea integrit\u0103\u021bii garniturilor \u0219i a componentelor interne.<\/li>\n<li><strong>\u00cenlocuiri de garnituri:<\/strong> \u00cen timp, garniturile se pot uza din cauza expunerii la fluctua\u021biile de presiune \u0219i temperatur\u0103. \u00cenlocuirile regulate ale garniturilor pot preveni scurgerile de fluid \u0219i pot prelungi durata de via\u021b\u0103 a cilindrului.<\/li>\n<\/ul>\n<h2>Instruc\u021biuni de instalare<\/h2>\n<p>Instalarea corect\u0103 a cilindrului bra\u021bului este esen\u021bial\u0103 pentru asigurarea performan\u021bei \u0219i siguran\u021bei optime. \u00cencepe\u021bi prin cur\u0103\u021barea suprafe\u021belor de montare pentru a \u00eendep\u0103rta murd\u0103ria \u0219i resturile care ar putea interfera cu alinierea. Folosi\u021bi console de montare adecvate pentru a fixa cilindrul, asigur\u00e2ndu-v\u0103 c\u0103 este aliniat corect cu sistemul hidraulic al utilajului. Str\u00e2nge\u021bi toate conexiunile conform specifica\u021biilor produc\u0103torului pentru a preveni sl\u0103birea \u00een timpul func\u021bion\u0103rii.<\/p>\n<p>\u00cenainte de a utiliza utilajul, testa\u021bi cilindrul pentru a v\u0103 asigura c\u0103 se mi\u0219c\u0103 liber, f\u0103r\u0103 obstruc\u021bii. Verifica\u021bi dac\u0103 exist\u0103 scurgeri de lichid \u00een jurul garniturilor \u0219i conexiunilor, remediind imediat orice problem\u0103. Respectarea acestor instruc\u021biuni de instalare va ajuta la maximizarea eficien\u021bei \u0219i a duratei de via\u021b\u0103 a cilindrului bra\u021bului.<\/p>\n<h2>Sarcini comune de \u00eentre\u021binere<\/h2>\n<h3>Verific\u0103ri regulate<\/h3>\n<p>Verificarea regulat\u0103 a cilindrului bra\u021bului pentru scurgeri, uzur\u0103 \u0219i alte probleme este crucial\u0103 pentru men\u021binerea func\u021bionalit\u0103\u021bii sale. Operatorii ar trebui s\u0103 inspecteze exteriorul cilindrului pentru semne de deteriorare \u0219i s\u0103 se asigure c\u0103 conexiunile hidraulice sunt fixate. Depistarea timpurie a problemelor poate preveni repara\u021bii costisitoare \u0219i timpi de nefunc\u021bionare.<\/p>\n<h3>Lubrifiere adecvat\u0103<\/h3>\n<p>Lubrifierea este esen\u021bial\u0103 pentru buna func\u021bionare a cilindrului hidraulic. Respectarea recomand\u0103rilor produc\u0103torului privind tipul de lubrifiant \u0219i frecven\u021ba de aplicare este vital\u0103 pentru prevenirea frec\u0103rii \u0219i a uzurii. Lubrifierea adecvat\u0103 ajut\u0103 la men\u021binerea integrit\u0103\u021bii garniturilor \u0219i reduce riscul de scurgeri de fluid hidraulic.<\/p>\n<h3>\u00cenlocuirea \u0219i calibrarea etan\u0219\u0103rii<\/h3>\n<p>Deoarece garniturile se uzeaz\u0103 \u00een timp, \u00eenlocuirea lor regulat\u0103 este necesar\u0103 pentru a men\u021bine eficien\u021ba sistemului hidraulic. Operatorii trebuie s\u0103 monitorizeze \u00eendeaproape starea garniturilor \u0219i s\u0103 le \u00eenlocuiasc\u0103 atunci c\u00e2nd apar semne de uzur\u0103 sau deteriorare. \u00cen plus, calibrarea periodic\u0103 a sistemului hidraulic asigur\u0103 c\u0103 cilindrul bra\u021bului func\u021bioneaz\u0103 corect \u0219i r\u0103spunde cu precizie la comenzile operatorului.<\/p>\n<p><img decoding=\"async\" src=\"https:\/\/www.hydraulic-cylinders.net\/wp-content\/uploads\/2025\/04\/songte-chushion-collar.webp\" alt=\"Instalarea cilindrului bra\u021bului\"><\/p>\n<h2>Considera\u021bii de siguran\u021b\u0103 \u0219i factori de mediu<\/h2>\n<p>Atunci c\u00e2nd se opereaz\u0103 utilaje grele, m\u0103surile de siguran\u021b\u0103 sunt primordiale. Operatorii trebuie s\u0103 respecte \u00eentotdeauna protocoalele de siguran\u021b\u0103 atunci c\u00e2nd utilizeaz\u0103 cilindri ai bra\u021bului, cum ar fi purtarea echipamentului individual de protec\u021bie adecvat \u0219i respectarea instruc\u021biunilor opera\u021bionale. \u00cen\u021belegerea riscurilor poten\u021biale asociate cu sistemele hidraulice, inclusiv scurgerile de fluid hidraulic \u0219i problemele de presurizare, este crucial\u0103 pentru asigurarea unui mediu de lucru sigur. \u00cen plus, utilizarea fluidelor ecologice poate ajuta la reducerea impactului asupra mediului al opera\u021biunilor hidraulice.<\/p>\n<h2>Diagnosticarea defec\u021biunilor \u0219i probleme frecvente<\/h2>\n<ul>\n<li><strong>Scurgeri de fluide:<\/strong> Una dintre cele mai frecvente probleme \u00eent\u00e2lnite la cilindrii bra\u021bului este scurgerea de fluid, care poate ap\u0103rea din cauza garniturilor uzate sau a corpurilor cilindrilor deteriorate. Inspec\u021bia regulat\u0103 \u0219i \u00eenlocuirea la timp a garniturilor sunt esen\u021biale pentru a preveni scurgerile.<\/li>\n<li><strong>Performan\u021b\u0103 redus\u0103:<\/strong> Dac\u0103 cilindrul nu se extinde sau nu se retrage lin, acest lucru poate indica un nivel sc\u0103zut de lichid hidraulic sau deterior\u0103ri interne. Este esen\u021bial s\u0103 verifica\u021bi regulat nivelurile de lichid \u0219i s\u0103 remedia\u021bi imediat orice problem\u0103 opera\u021bional\u0103.<\/li>\n<li><strong>Func\u021bionare zgomotoas\u0103:<\/strong> Zgomotele neobi\u0219nuite din timpul func\u021bion\u0103rii pot indica uzur\u0103 intern\u0103 sau lips\u0103 de lubrifiere. Operatorii ar trebui s\u0103 investigheze orice sunete ciudate \u0219i s\u0103 efectueze \u00eentre\u021binerea necesar\u0103 pentru a remedia problema.<\/li>\n<\/ul>\n<h2>Sfaturi de depanare<\/h2>\n<p>Pentru o diagnosticare \u0219i rezolvare eficient\u0103 a defec\u021biunilor, operatorii ar trebui s\u0103 se familiarizeze cu problemele comune \u0219i solu\u021biile acestora. \u00cen cazul scurgerilor de fluid, inspecta\u021bi garniturile \u0219i \u00eenlocui\u021bi-le, dac\u0103 este necesar. Pentru performan\u021be reduse, verifica\u021bi nivelurile de lichid hidraulic \u0219i reumple\u021bi dac\u0103 sunt sc\u0103zute. Dac\u0103 apar zgomote neobi\u0219nuite, investiga\u021bi poten\u021biala uzur\u0103 \u0219i asigura\u021bi-v\u0103 c\u0103 se men\u021bine o lubrifiere corespunz\u0103toare. Implementarea unor m\u0103suri preventive, cum ar fi inspec\u021biile regulate \u0219i \u00eentre\u021binerea la timp, poate reduce semnificativ probabilitatea \u00eent\u00e2mpin\u0103rii acestor probleme \u00een viitor.<\/p>\n<p><img decoding=\"async\" src=\"https:\/\/www.hydraulic-cylinders.net\/wp-content\/uploads\/2025\/04\/songte-bushings-with-all-kinds-of-excavator-models.webp\" alt=\"Componente ale cilindrului bra\u021bului\"><\/p>\n<h2>Despre compania noastr\u0103<\/h2>\n<p>Suntem un produc\u0103tor important de cilindri hidraulici de schimb, oferind o gam\u0103 complet\u0103 de produse care deservesc at\u00e2t pie\u021bele interne, c\u00e2t \u0219i cele interna\u021bionale. Angajamentul nostru fa\u021b\u0103 de excelen\u021b\u0103 se reflect\u0103 \u00een procesele \u0219i strategiile noastre de fabrica\u021bie rafinate. Utiliz\u0103m tehnologia avansat\u0103, personalul calificat \u0219i echipamentele digitale de fabrica\u021bie pentru a ne \u00eembun\u0103t\u0103\u021bi continuu capacit\u0103\u021bile de produc\u021bie.<\/p>\n<p>Concentrarea noastr\u0103 pe asigurarea calit\u0103\u021bii garanteaz\u0103 c\u0103 fiecare produs \u00eendepline\u0219te cele mai \u00eenalte standarde, iar op\u021biunile noastre de personalizare ne permit s\u0103 satisfacem eficient diversele nevoi ale clien\u021bilor. Cu servicii post-v\u00e2nzare excep\u021bionale \u0219i certific\u0103ri interna\u021bionale, ne str\u0103duim s\u0103 livr\u0103m produse care nu numai c\u0103 \u00eendeplinesc, dar chiar dep\u0103\u0219esc a\u0219tept\u0103rile clien\u021bilor.<\/p>\n<p><img decoding=\"async\" src=\"https:\/\/www.hydraulic-cylinders.net\/wp-content\/uploads\/2025\/04\/songte-company-4.webp\" alt=\"Prezentare general\u0103 a companiei\"><br \/>\n<img decoding=\"async\" src=\"https:\/\/www.hydraulic-cylinders.net\/wp-content\/uploads\/2025\/04\/songte-company-3.webp\" alt=\"Companie de produc\u021bie\"><\/p>\n<p>Autor: lyl<\/p>","protected":false},"excerpt":{"rendered":"<p>Boom Cylinder For Caterpillar Small Excavator E311\/311C Overview of Boom Cylinders The boom cylinder is a crucial component used in various heavy machinery, particularly in excavators, backhoes, and front loaders. It serves to control the movement of the bucket, allowing it to lift, lower, and tilt effectively. This hydraulic cylinder is designed to facilitate material [&hellip;]<\/p>","protected":false},"featured_media":17869,"comment_status":"open","ping_status":"closed","template":"","meta":{"_et_pb_use_builder":"","_et_pb_old_content":"","_et_gb_content_width":""},"product_brand":[],"product_cat":[1546],"product_tag":[1547,1496],"class_list":{"0":"post-18927","1":"product","2":"type-product","3":"status-publish","4":"has-post-thumbnail","6":"product_cat-boom-cylinders","7":"product_tag-boom-cylinders","8":"product_tag-hydraulic-cylinders","10":"first","11":"instock","12":"shipping-taxable","13":"product-type-simple"},"amp_enabled":true,"_links":{"self":[{"href":"https:\/\/www.hydraulic-cylinders.net\/ro\/wp-json\/wp\/v2\/product\/18927","targetHints":{"allow":["GET"]}}],"collection":[{"href":"https:\/\/www.hydraulic-cylinders.net\/ro\/wp-json\/wp\/v2\/product"}],"about":[{"href":"https:\/\/www.hydraulic-cylinders.net\/ro\/wp-json\/wp\/v2\/types\/product"}],"replies":[{"embeddable":true,"href":"https:\/\/www.hydraulic-cylinders.net\/ro\/wp-json\/wp\/v2\/comments?post=18927"}],"wp:featuredmedia":[{"embeddable":true,"href":"https:\/\/www.hydraulic-cylinders.net\/ro\/wp-json\/wp\/v2\/media\/17869"}],"wp:attachment":[{"href":"https:\/\/www.hydraulic-cylinders.net\/ro\/wp-json\/wp\/v2\/media?parent=18927"}],"wp:term":[{"taxonomy":"product_brand","embeddable":true,"href":"https:\/\/www.hydraulic-cylinders.net\/ro\/wp-json\/wp\/v2\/product_brand?post=18927"},{"taxonomy":"product_cat","embeddable":true,"href":"https:\/\/www.hydraulic-cylinders.net\/ro\/wp-json\/wp\/v2\/product_cat?post=18927"},{"taxonomy":"product_tag","embeddable":true,"href":"https:\/\/www.hydraulic-cylinders.net\/ro\/wp-json\/wp\/v2\/product_tag?post=18927"}],"curies":[{"name":"wp","href":"https:\/\/api.w.org\/{rel}","templated":true}]}}