{"id":18928,"date":"2025-04-07T06:02:40","date_gmt":"2025-04-07T06:02:40","guid":{"rendered":"https:\/\/www.hydraulic-cylinders.net\/product\/boom-cylinder-for-caterpillar-small-excavator-e312d2gc\/"},"modified":"2025-04-07T06:02:42","modified_gmt":"2025-04-07T06:02:42","slug":"boom-cylinder-for-caterpillar-small-excavator-e312d2gc","status":"publish","type":"product","link":"https:\/\/www.hydraulic-cylinders.net\/ro\/produs\/boom-cylinder-for-caterpillar-small-excavator-e312d2gc\/","title":{"rendered":"Cilindru bra\u021b pentru excavator mic Caterpillar E312D2GC"},"content":{"rendered":"<h1>Cilindru bra\u021b pentru excavator mic Caterpillar E312D2GC<\/h1>\n<h2>Prezentare general\u0103 a produsului<\/h2>\n<p>Cilindrul bra\u021bului este o component\u0103 hidraulic\u0103 esen\u021bial\u0103, special conceput\u0103 pentru controlul mi\u0219c\u0103rii cupei \u00een diverse utilaje grele, inclusiv excavatoare, \u00eenc\u0103rc\u0103toare frontale \u0219i \u00eenc\u0103rc\u0103toare. Acest cilindru hidraulic permite cupei s\u0103 se ridice, s\u0103 coboare \u0219i s\u0103 se \u00eencline eficient, facilit\u00e2nd sarcinile de manipulare a materialelor \u00een construc\u021bii \u0219i alte industrii. Cilindrul cupei func\u021bioneaz\u0103 \u00een cadrul unui sistem hidraulic, utiliz\u00e2nd fluid sub presiune pentru a-\u0219i realiza mi\u0219c\u0103rile, ceea ce \u00eel face un element crucial pentru o func\u021bionare eficient\u0103.<\/p>\n<p><img decoding=\"async\" src=\"https:\/\/www.hydraulic-cylinders.net\/wp-content\/uploads\/2025\/04\/songte-company-1.webp\" alt=\"Cilindru de bra\u021b pentru excavatoare\" \/><\/p>\n<h2>Caracteristicile cilindrului bra\u021bului<\/h2>\n<ul>\n<li><strong>Rezisten\u021b\u0103 \u0219i durabilitate ridicate:<\/strong> Construite din o\u021bel sau aluminiu de \u00eenalt\u0103 rezisten\u021b\u0103, capabile s\u0103 reziste la presiuni mari \u0219i sarcini grele, concepute pentru rezisten\u021b\u0103 la abraziune \u0219i protec\u021bie \u00eempotriva coroziunii pentru a prelungi durata de via\u021b\u0103.<\/li>\n<li><strong>Func\u021bionare hidraulic\u0103 eficient\u0103:<\/strong> Utilizeaz\u0103 presiunea fluidului hidraulic pentru ac\u021biuni telescopice line, oferind un r\u0103spuns rapid la comenzile de control \u0219i capacit\u0103\u021bi puternice de \u00eempingere \u0219i tragere, potrivite pentru manipularea materialelor grele \u0219i a sarcinilor complexe.<\/li>\n<li><strong>Diverse tipuri:<\/strong> Disponibile \u00een configura\u021bii cu ac\u021biune simpl\u0103 (folosind presiunea hidraulic\u0103 \u00eentr-o singur\u0103 direc\u021bie) sau cu ac\u021biune dubl\u0103 (folosind presiunea hidraulic\u0103 \u00een ambele direc\u021bii) pentru a satisface diferite nevoi opera\u021bionale, unele modele oferind caracteristici telescopice pentru o extensie sporit\u0103 f\u0103r\u0103 a m\u0103ri dimensiunile exterioare, ideale pentru aplica\u021bii cu spa\u021biu restric\u021bionat.<\/li>\n<li><strong>Performan\u021b\u0103 \u00eenalt\u0103:<\/strong> Conceput pentru performan\u021be optime \u00een diverse condi\u021bii de lucru, asigur\u00e2nd func\u021bionarea fiabil\u0103 \u00een medii solicitante.<\/li>\n<li><strong>Fabrica\u021bie personalizat\u0103:<\/strong> Putem produce acest produs, iar cilindrii no\u0219tri \u00eenlocuiesc perfect ace\u0219ti cilindri hidraulici.<\/li>\n<\/ul>\n<p><img decoding=\"async\" src=\"https:\/\/www.hydraulic-cylinders.net\/wp-content\/uploads\/2025\/04\/songte-cylinder-head-with-all-kinds-excavator-models.webp\" alt=\"Modele de cilindri hidraulici\" \/><\/p>\n<h2>Aplica\u021bii ale cilindrului bra\u021bului<\/h2>\n<h3>Echipamente de construc\u021bii<\/h3>\n<p>\u00cen cazul excavatoarelor, cilindrul bra\u021bului este vital pentru s\u0103pare, \u00eenc\u0103rcare \u0219i mutarea solului sau a resturilor. Acesta permite operatorului s\u0103 controleze ad\u00e2ncimea \u0219i unghiul cupei, sporind productivitatea pe \u0219antierele de construc\u021bii. \u00cen cazul \u00eenc\u0103rc\u0103toarelor excavatoare, cilindrul cupei ajut\u0103 at\u00e2t la sarcinile de excavare, c\u00e2t \u0219i la cele de ridicare, ceea ce \u00eel face un instrument indispensabil pentru diverse activit\u0103\u021bi de construc\u021bii \u0219i terasamente.<\/p>\n<h3>Ma\u0219ini agricole<\/h3>\n<p>Utilizat \u00een \u00eenc\u0103rc\u0103toarele frontale, cilindrul bra\u021bului faciliteaz\u0103 scoaterea, ridicarea \u0219i transportul eficient al solului, f\u00e2nului \u0219i altor materiale. Designul \u0219i func\u021bionalitatea sa robust\u0103 \u00eel fac potrivit pentru opera\u021biuni agricole \u00een care ridicarea de sarcini grele este o cerin\u021b\u0103 obi\u0219nuit\u0103.<\/p>\n<h3>Excavatoare<\/h3>\n<p>Cilindrul bra\u021bului permite cupei s\u0103 p\u0103trund\u0103 \u00een sol pentru opera\u021biuni eficiente de excavare. Capacit\u0103\u021bile sale hidraulice permit o excavare puternic\u0103, men\u021bin\u00e2nd \u00een acela\u0219i timp precizia, fiind esen\u021bial\u0103 pentru proiectele care necesit\u0103 mi\u0219c\u0103ri de teren la mare ad\u00e2ncime.<\/p>\n<h3>\u00cenc\u0103rc\u0103toare<\/h3>\n<p>La \u00eenc\u0103rc\u0103toarele frontale, cilindrul bra\u021bului ajut\u0103 la ridicarea \u0219i desc\u0103rcarea eficient\u0103 a \u00eenc\u0103rc\u0103turilor. Performan\u021ba sa fiabil\u0103 este crucial\u0103 pentru opera\u021biunile care implic\u0103 mi\u0219carea materialelor, asigur\u00e2nd c\u0103 \u00eenc\u0103rc\u0103turile pot fi transportate \u00een siguran\u021b\u0103 \u0219i eficient.<\/p>\n<h2>Considera\u021bii de proiectare \u0219i criterii de selec\u021bie<\/h2>\n<h3>Capacitate de \u00eenc\u0103rcare<\/h3>\n<p>Una dintre principalele considera\u021bii de proiectare pentru un cilindru de bra\u021b este capacitatea sa de \u00eenc\u0103rcare. Este esen\u021bial ca cilindrul s\u0103 poat\u0103 suporta sarcina maxim\u0103 pe care o va \u00eent\u00e2lni \u00een timpul func\u021bion\u0103rii. Aceasta implic\u0103 calcularea for\u021belor exercitate \u00een timpul sarcinilor de ridicare \u0219i selectarea materialelor \u0219i a designurilor care pot rezista la aceste for\u021be f\u0103r\u0103 a se defecta.<\/p>\n<h3>Performan\u021ba de etan\u0219are<\/h3>\n<p>Etan\u0219area eficient\u0103 este esen\u021bial\u0103 pentru a preveni scurgerile de fluid hidraulic, care pot duce la o eficien\u021b\u0103 redus\u0103 \u0219i la poten\u021biale pericole pentru mediu. Garniturile de \u00eenalt\u0103 calitate, fabricate din materiale durabile, sunt necesare pentru a asigura performan\u021be de lung\u0103 durat\u0103 \u0219i pentru a men\u021bine integritatea sistemului hidraulic.<\/p>\n<h3>Durabilitate<\/h3>\n<p>Mediul de lucru al cilindrilor hidraulici poate fi dur, cu expunere la praf, resturi \u0219i condi\u021bii meteorologice variate. Proiectarea pentru durabilitate implic\u0103 selectarea unor materiale \u0219i acoperiri robuste care rezist\u0103 la uzur\u0103 \u0219i coroziune, prelungind astfel durata de via\u021b\u0103 a cilindrului.<\/p>\n<h3>Caracteristici de siguran\u021b\u0103<\/h3>\n<p>Siguran\u021ba este primordial\u0103 atunci c\u00e2nd se proiecteaz\u0103 cilindri hidraulici. Implementarea unor caracteristici de siguran\u021b\u0103, cum ar fi supapele de suprapresiune \u0219i protec\u021bia la explozie, poate preveni defec\u021biunile catastrofale. \u00cen plus, testarea am\u0103nun\u021bit\u0103 \u0219i respectarea standardelor din industrie sunt esen\u021biale pentru a asigura func\u021bionarea sigur\u0103 a cilindrilor \u00een toate condi\u021biile.<\/p>\n<h3>Mentenabilitate<\/h3>\n<p>Proiectarea pentru mentenan\u021b\u0103 este crucial\u0103 pentru minimizarea timpilor de nefunc\u021bionare \u0219i a costurilor de repara\u021bii. Aceasta include asigurarea accesibilit\u0103\u021bii pentru inspec\u021bii \u0219i sarcini de \u00eentre\u021binere, precum \u0219i furnizarea de instruc\u021biuni clare pentru \u00eenlocuirea garniturilor \u0219i componentelor, permi\u021b\u00e2nd un service rapid \u0219i eficient.<\/p>\n<p><img decoding=\"async\" src=\"https:\/\/www.hydraulic-cylinders.net\/wp-content\/uploads\/2025\/04\/songte-oil-pipes-and-spare-parts.webp\" alt=\"Piese hidraulice\" \/><\/p>\n<h2>Etan\u0219are \u0219i lubrifiere<\/h2>\n<p>Sistemul de etan\u0219are al cilindrului bra\u021bului include diverse tipuri de etan\u0219\u0103ri, cum ar fi etan\u0219\u0103rile pistonului \u0219i etan\u0219\u0103rile tijei, care sunt esen\u021biale pentru men\u021binerea presiunii hidraulice. Garniturile fabricate din materiale rezistente la uzur\u0103, cum ar fi poliuretanul \u0219i cauciucul nitrilic, sunt utilizate \u00een mod obi\u0219nuit pentru a spori durabilitatea. \u00cen plus, corpul cilindrului \u0219i suprafe\u021bele filetate ale cap\u0103tului sunt supuse unor prelucr\u0103ri precise pentru a \u00eembun\u0103t\u0103\u021bi rezisten\u021ba la uzur\u0103. Lubrifierea regulat\u0103 cu ulei hidraulic este crucial\u0103 pentru a asigura o func\u021bionare lin\u0103 \u0219i a preveni uzura componentelor.<\/p>\n<h2>Inspec\u021bie regulat\u0103 \u0219i \u00eentre\u021binere preventiv\u0103<\/h2>\n<ul>\n<li><strong>Controale regulate:<\/strong> Implementa\u021bi un program de inspec\u021bii de rutin\u0103 pentru a identifica orice uzur\u0103 sau poten\u021biale probleme \u00eenainte ca acestea s\u0103 se agraveze. Verific\u0103rile regulate pot ajuta la depistarea timpurie a scurgerilor sau a daunelor, prevenind repara\u021biile costisitoare.<\/li>\n<li><strong>Lubrifiere adecvat\u0103:<\/strong> Asigura\u021bi-v\u0103 c\u0103 uleiul hidraulic este men\u021binut la nivelul corect \u0219i \u00eenlocuit dup\u0103 cum este necesar. Lubrifierea adecvat\u0103 reduce frecarea \u0219i uzura pieselor mobile, prelungind durata de via\u021b\u0103 a cilindrului.<\/li>\n<li><strong>\u00cenlocuirea garniturii:<\/strong> Verifica\u021bi periodic garniturile pentru a depista semne de uzur\u0103 sau deteriorare \u0219i \u00eenlocui\u021bi-le dup\u0103 cum este necesar. Aceast\u0103 practic\u0103 ajut\u0103 la men\u021binerea presiunii hidraulice \u0219i previne scurgerile de fluid.<\/li>\n<\/ul>\n<h2>Instruc\u021biuni de instalare<\/h2>\n<p>Instalarea corect\u0103 a cilindrului bra\u021bului este esen\u021bial\u0103 pentru o performan\u021b\u0103 optim\u0103. \u00cencepe\u021bi prin a v\u0103 asigura c\u0103 zona de instalare este curat\u0103 \u0219i f\u0103r\u0103 resturi. Alinia\u021bi cilindrul corect cu punctele de montare, utiliz\u00e2nd dispozitive de fixare adecvate pentru a-l fixa \u00een pozi\u021bie. Asigura\u021bi-v\u0103 c\u0103 toate conexiunile hidraulice sunt str\u00e2nse \u0219i f\u0103r\u0103 scurgeri. Dup\u0103 instalare, efectua\u021bi o verificare am\u0103nun\u021bit\u0103 a sistemului hidraulic pentru a confirma c\u0103 func\u021bioneaz\u0103 corect \u00eenainte de punerea \u00een func\u021biune complet\u0103. De asemenea, este recomandabil s\u0103 respecta\u021bi specifica\u021biile produc\u0103torului privind set\u0103rile de cuplu \u0219i tipurile de conexiuni.<\/p>\n<h2>Sarcini de \u00eentre\u021binere<\/h2>\n<ul>\n<li><strong>Inspec\u021bii regulate:<\/strong> Inspec\u021biile frecvente ajut\u0103 la detectarea timpurie a problemelor precum scurgerile hidraulice sau semnele de uzur\u0103. Rezolvarea prompt\u0103 a acestor probleme poate preveni defec\u021biuni mai semnificative.<\/li>\n<li><strong>Lubrifiere adecvat\u0103:<\/strong> Verifica\u021bi \u0219i men\u021bine\u021bi \u00een mod regulat nivelurile adecvate de ulei hidraulic. Lubrifierea este crucial\u0103 pentru o func\u021bionare f\u0103r\u0103 probleme \u0219i poate prelungi semnificativ durata de via\u021b\u0103 a cilindrului.<\/li>\n<li><strong>\u00cenlocuirea garniturii:<\/strong> Evalua\u021bi periodic integritatea garniturilor \u0219i \u00eenlocui\u021bi-le atunci c\u00e2nd este necesar pentru a preveni scurgerile de fluid hidraulic \u0219i a men\u021bine eficien\u021ba sistemului.<\/li>\n<\/ul>\n<h2>Considera\u021bii de siguran\u021b\u0103 \u0219i factori de mediu<\/h2>\n<p>Atunci c\u00e2nd lucra\u021bi cu cilindri hidraulici, m\u0103surile de siguran\u021b\u0103 sunt primordiale. Asigura\u021bi-v\u0103 \u00eentotdeauna c\u0103 operatorii sunt instrui\u021bi cu privire la utilizarea corect\u0103 a echipamentelor \u0219i con\u0219tien\u021bi de poten\u021bialele pericole. Implementarea protocoalelor de siguran\u021b\u0103, cum ar fi utilizarea echipamentului individual de protec\u021bie (EIP) \u0219i a procedurilor de oprire de urgen\u021b\u0103, poate reduce semnificativ riscul de accidente. \u00cen plus, lua\u021bi \u00een considerare impactul asupra mediului al scurgerilor de fluid hidraulic \u0219i asigura\u021bi-v\u0103 c\u0103 sunt implementate metode adecvate de izolare \u0219i eliminare pentru a atenua riscurile de mediu.<\/p>\n<h2>Depanare \u0219i probleme frecvente<\/h2>\n<ul>\n<li><strong>Scurgere:<\/strong> Dac\u0103 observa\u021bi o scurgere de fluid hidraulic din cilindru, verifica\u021bi garniturile \u0219i conexiunile pentru a depista eventualele deterior\u0103ri. Asigura\u021bi-v\u0103 c\u0103 fitingurile sunt str\u00e2nse \u0219i c\u0103 garniturile sunt \u00een stare bun\u0103.<\/li>\n<li><strong>Func\u021bionare lent\u0103:<\/strong> Acest lucru poate indica niveluri sc\u0103zute de lichid hidraulic sau contaminare. Verifica\u021bi nivelurile de lichid \u0219i \u00eenlocui\u021bi lichidul dac\u0103 acesta pare murdar sau degradat.<\/li>\n<li><strong>F\u0103r\u0103 mi\u0219care:<\/strong> Dac\u0103 cilindrul nu se mi\u0219c\u0103, verifica\u021bi dac\u0103 exist\u0103 blocaje \u00een conductele hidraulice sau asigura\u021bi-v\u0103 c\u0103 pompa func\u021bioneaz\u0103 corect.<\/li>\n<\/ul>\n<h2>Sfaturi de depanare<\/h2>\n<p>Pentru o depanare eficient\u0103, \u00eencepe\u021bi \u00eentotdeauna cu o inspec\u021bie vizual\u0103 a sistemului hidraulic. C\u0103uta\u021bi orice semne de uzur\u0103, scurgeri sau conexiuni sl\u0103bite. Asigura\u021bi-v\u0103 c\u0103 fluidul hidraulic este la nivelul corect \u0219i nu prezint\u0103 contaminare. Dac\u0103 problemele persist\u0103, consulta\u021bi instruc\u021biunile produc\u0103torului pentru proceduri de diagnosticare specifice. M\u0103surile preventive, cum ar fi \u00eentre\u021binerea \u0219i inspec\u021biile regulate, pot reduce la minimum probabilitatea apari\u021biei unor probleme viitoare.<\/p>\n<p><img decoding=\"async\" src=\"https:\/\/www.hydraulic-cylinders.net\/wp-content\/uploads\/2025\/04\/songte-bushings-with-all-kinds-of-excavator-models.webp\" alt=\"Buc\u0219e pentru excavator\" \/><\/p>\n<h2>Despre compania noastr\u0103<\/h2>\n<p>Suntem un produc\u0103tor important de cilindri hidraulici de schimb, oferind o gam\u0103 larg\u0103 de produse care deservesc at\u00e2t pie\u021bele interne, c\u00e2t \u0219i cele interna\u021bionale. Angajamentul nostru fa\u021b\u0103 de excelen\u021b\u0103 ne determin\u0103 s\u0103 men\u021binem standarde de \u00eenalt\u0103 calitate prin strategii industrializate de management al produc\u021biei. Concentr\u00e2ndu-ne pe talentul tehnologic, echipamentele de fabrica\u021bie avansate \u0219i sistemele profesionale de testare, ne \u00eembun\u0103t\u0103\u021bim continuu platforma de fabrica\u021bie pentru a oferi cele mai bune produse. Expertiza echipei noastre ne permite s\u0103 satisfacem diversele nevoi ale clien\u021bilor cu eficien\u021b\u0103, precizie \u0219i calitate.<\/p>\n<p><img decoding=\"async\" src=\"https:\/\/www.hydraulic-cylinders.net\/wp-content\/uploads\/2025\/04\/songte-company-4.webp\" alt=\"Prezentare general\u0103 a companiei\" \/><br \/>\n<img decoding=\"async\" src=\"https:\/\/www.hydraulic-cylinders.net\/wp-content\/uploads\/2025\/04\/songte-company-3.webp\" alt=\"Procesul de fabrica\u021bie\" \/><\/p>\n<p>Autor: lyl<\/p>","protected":false},"excerpt":{"rendered":"<p>Boom Cylinder For Caterpillar Small Excavator E312D2GC Product Overview The Boom Cylinder is an essential hydraulic component specifically designed for controlling the movement of the bucket in various heavy machinery, including excavators, backhoe loaders, and front loaders. This hydraulic cylinder allows the bucket to lift, lower, and tilt efficiently, facilitating material handling tasks in construction [&hellip;]<\/p>","protected":false},"featured_media":17870,"comment_status":"open","ping_status":"closed","template":"","meta":{"_et_pb_use_builder":"","_et_pb_old_content":"","_et_gb_content_width":""},"product_brand":[],"product_cat":[1546],"product_tag":[1547,1496],"class_list":{"0":"post-18928","1":"product","2":"type-product","3":"status-publish","4":"has-post-thumbnail","6":"product_cat-boom-cylinders","7":"product_tag-boom-cylinders","8":"product_tag-hydraulic-cylinders","10":"first","11":"instock","12":"shipping-taxable","13":"product-type-simple"},"amp_enabled":true,"_links":{"self":[{"href":"https:\/\/www.hydraulic-cylinders.net\/ro\/wp-json\/wp\/v2\/product\/18928","targetHints":{"allow":["GET"]}}],"collection":[{"href":"https:\/\/www.hydraulic-cylinders.net\/ro\/wp-json\/wp\/v2\/product"}],"about":[{"href":"https:\/\/www.hydraulic-cylinders.net\/ro\/wp-json\/wp\/v2\/types\/product"}],"replies":[{"embeddable":true,"href":"https:\/\/www.hydraulic-cylinders.net\/ro\/wp-json\/wp\/v2\/comments?post=18928"}],"wp:featuredmedia":[{"embeddable":true,"href":"https:\/\/www.hydraulic-cylinders.net\/ro\/wp-json\/wp\/v2\/media\/17870"}],"wp:attachment":[{"href":"https:\/\/www.hydraulic-cylinders.net\/ro\/wp-json\/wp\/v2\/media?parent=18928"}],"wp:term":[{"taxonomy":"product_brand","embeddable":true,"href":"https:\/\/www.hydraulic-cylinders.net\/ro\/wp-json\/wp\/v2\/product_brand?post=18928"},{"taxonomy":"product_cat","embeddable":true,"href":"https:\/\/www.hydraulic-cylinders.net\/ro\/wp-json\/wp\/v2\/product_cat?post=18928"},{"taxonomy":"product_tag","embeddable":true,"href":"https:\/\/www.hydraulic-cylinders.net\/ro\/wp-json\/wp\/v2\/product_tag?post=18928"}],"curies":[{"name":"wp","href":"https:\/\/api.w.org\/{rel}","templated":true}]}}