{"id":18934,"date":"2025-04-07T06:02:58","date_gmt":"2025-04-07T06:02:58","guid":{"rendered":"https:\/\/www.hydraulic-cylinders.net\/product\/boom-cylinder-for-caterpillar-small-excavator-e312d\/"},"modified":"2025-04-07T06:03:07","modified_gmt":"2025-04-07T06:03:07","slug":"boom-cylinder-for-caterpillar-small-excavator-e312d","status":"publish","type":"product","link":"https:\/\/www.hydraulic-cylinders.net\/ro\/produs\/boom-cylinder-for-caterpillar-small-excavator-e312d\/","title":{"rendered":"Cilindru de bra\u021b pentru excavatorul mic Caterpillar E312D"},"content":{"rendered":"<h1>Cilindru de bra\u021b pentru excavatorul mic Caterpillar E312D<\/h1>\n<h2>Prezentare general\u0103 a produsului<\/h2>\n<p>The Boom Cylinder for Caterpillar Small Excavator E312D is an essential hydraulic component designed to control the movement of the excavator&#8217;s boom. This hydraulic cylinder plays a critical role in the hydraulic system, enabling the boom to lift, lower, and tilt, thus facilitating various material handling tasks. A bucket cylinder, or boom cylinder, is specifically engineered for heavy machinery, allowing operators to efficiently manage excavation and lifting operations.<\/p>\n<p><img decoding=\"async\" src=\"https:\/\/www.hydraulic-cylinders.net\/wp-content\/uploads\/2025\/04\/songte-company-1.webp\" alt=\"Cilindru de bra\u021b pentru excavatoare\" \/><\/p>\n<h3>Defini\u021bie \u0219i func\u021bionalitate<\/h3>\n<p>Cilindrii cupei, \u00eent\u00e2lni\u021bi frecvent la excavatoare, \u00eenc\u0103rc\u0103toare frontale \u0219i \u00eenc\u0103rc\u0103toare, sunt cilindri hidraulici esen\u021biali pentru controlul mi\u0219c\u0103rii cupei. Ace\u0219ti cilindri sunt proiecta\u021bi s\u0103 reziste la presiuni ridicate \u0219i sarcini grele, asigur\u00e2ndu-se c\u0103 pot func\u021biona eficient \u00een medii solicitante. Func\u021bia principal\u0103 a unui cilindru al bra\u021bului este de a furniza for\u021ba necesar\u0103 pentru ridicarea \u0219i cobor\u00e2rea cupei, permi\u021b\u00e2nd excavarea precis\u0103 \u0219i transportul materialelor.<\/p>\n<h2>Caracteristicile cilindrului bra\u021bului<\/h2>\n<ul>\n<li><strong>Rezisten\u021b\u0103 \u0219i durabilitate ridicate:<\/strong> De obicei fabricate din o\u021bel sau aluminiu de \u00eenalt\u0103 rezisten\u021b\u0103, aceste cilindri pot rezista la presiuni ridicate \u0219i sarcini grele, ceea ce le face potrivite pentru condi\u021bii dure de lucru.<\/li>\n<li><strong>Func\u021bionare hidraulic\u0103 eficient\u0103:<\/strong> Utiliz\u00e2nd presiunea uleiului hidraulic pentru o extensie \u0219i retragere lin\u0103, acestea r\u0103spund rapid la comenzile de control, oferind o for\u021b\u0103 semnificativ\u0103 de \u00eempingere \u0219i tragere, ideal\u0103 pentru manipularea materialelor grele.<\/li>\n<li><strong>Diverse tipuri:<\/strong> Disponibil at\u00e2t \u00een \u200b\u200bconfigura\u021bii cu ac\u021biune simpl\u0103 (func\u021bioneaz\u0103 \u00eentr-o singur\u0103 direc\u021bie), c\u00e2t \u0219i cu ac\u021biune dubl\u0103 (func\u021bioneaz\u0103 \u00een dou\u0103 direc\u021bii), unele modele av\u00e2nd designuri telescopice pentru o raz\u0103 de ac\u021biune mai mare f\u0103r\u0103 a cre\u0219te dimensiunea extern\u0103.<\/li>\n<li><strong>Rezisten\u021b\u0103 la coroziune:<\/strong> Proiectat cu propriet\u0103\u021bi de rezisten\u021b\u0103 la uzur\u0103 \u0219i anticorozive pentru a prelungi durata de via\u021b\u0103 a cilindrului, asigur\u00e2nd performan\u021be fiabile \u00een timp.<\/li>\n<li><strong>Op\u021biuni personalizabile:<\/strong> Cilindrii no\u0219tri pot fi adapta\u021bi pentru a \u00eendeplini cerin\u021be opera\u021bionale specifice, asigur\u00e2nd compatibilitatea cu diverse modele de excavatoare.<\/li>\n<\/ul>\n<h2>Aplica\u021bii ale cilindrului bra\u021bului<\/h2>\n<h3>Echipamente de construc\u021bii<\/h3>\n<p>\u00cen cazul excavatoarelor, cilindrul bra\u021bului este vital pentru s\u0103pare, \u00eenc\u0103rcare \u0219i mutarea solului sau a resturilor. For\u021ba hidraulic\u0103 generat\u0103 de cilindru permite cupei s\u0103 p\u0103trund\u0103 eficient \u00een sol, facilit\u00e2nd excavarea chiar \u0219i a materialelor dificile. \u00cen plus, \u00een cazul \u00eenc\u0103rc\u0103toarelor excavatoare, cilindrul ajut\u0103 at\u00e2t la opera\u021biunile de s\u0103pare, c\u00e2t \u0219i la sarcinile de ridicare, sporind productivitatea general\u0103 pe \u0219antier.<\/p>\n<h3>Ma\u0219ini agricole<\/h3>\n<p>La \u00eenc\u0103rc\u0103toarele frontale, cilindrul bra\u021bului este utilizat pentru \u00eenc\u0103rcarea, ridicarea \u0219i transportul solului, f\u00e2nului \u0219i altor materiale. Cilindrul hidraulic permite opera\u021biuni eficiente de \u00eenc\u0103rcare \u0219i desc\u0103rcare, esen\u021biale \u00een mediul agricol, unde manipularea rapid\u0103 \u0219i eficient\u0103 a materialelor este crucial\u0103 pentru opera\u021biunile agricole.<\/p>\n<h3>Aplica\u021bii pentru excavatoare<\/h3>\n<p>Cilindrul cupei din excavatoare faciliteaz\u0103 ac\u021biunea de s\u0103pare permi\u021b\u00e2nd cupei s\u0103 p\u0103trund\u0103 u\u0219or \u00een sol. Aceast\u0103 capacitate este fundamental\u0103 \u00een diverse sarcini de excavare, fie c\u0103 este vorba de amenaj\u0103ri peisagistice, minerit sau construc\u021bii. Mecanismul hidraulic puternic asigur\u0103 c\u0103 operatorii pot efectua s\u0103p\u0103turi ad\u00e2nci cu precizie \u0219i control.<\/p>\n<h3>Opera\u021biuni cu \u00eenc\u0103rc\u0103torul<\/h3>\n<p>La \u00eenc\u0103rc\u0103toarele frontale, cilindrii bra\u021bului ajut\u0103 la ridicarea \u0219i desc\u0103rcarea eficient\u0103 a \u00eenc\u0103rc\u0103turilor. Sistemul hidraulic permite opera\u021biuni line, ajut\u00e2nd la ridicarea materialelor la \u00een\u0103l\u021bimi semnificative \u0219i la depunerea lor precis\u0103, ceea ce este deosebit de important \u00een sarcinile de construc\u021bii \u0219i manipulare a materialelor.<\/p>\n<h2>Considera\u021bii de proiectare \u0219i criterii de selec\u021bie<\/h2>\n<h3>Capacitate de \u00eenc\u0103rcare<\/h3>\n<p>Atunci c\u00e2nd se selecteaz\u0103 un cilindru pentru bra\u021b, una dintre principalele considera\u021bii este capacitatea sa de \u00eenc\u0103rcare. Cilindrul trebuie s\u0103 poat\u0103 suporta greutatea maxim\u0103 la care va fi supus \u00een timpul func\u021bion\u0103rii. Acest factor este esen\u021bial, deoarece asigur\u0103 siguran\u021ba \u0219i eficien\u021ba echipamentului. Produc\u0103torii specific\u0103 de obicei valorile de \u00eenc\u0103rcare pentru cilindrii lor, permi\u021b\u00e2nd operatorilor s\u0103 aleag\u0103 echipamentul potrivit nevoilor lor.<\/p>\n<h3>Mecanisme de etan\u0219are<\/h3>\n<p>Effective sealing is vital for preventing hydraulic fluid leaks and ensuring optimal performance. The design should include high-quality seals, such as piston seals and rod seals, made from durable materials like polyurethane or nitrile rubber. These seals must withstand high pressures and provide resistance against wear and abrasion, thereby enhancing the cylinder&#8217;s longevity.<\/p>\n<h3>Durabilitate<\/h3>\n<p>Durabilitatea este un factor cheie \u00een proiectarea cilindrilor bra\u021bului. Ace\u0219tia sunt supu\u0219i unor condi\u021bii extreme, inclusiv fluctua\u021bii de temperatur\u0103 \u0219i expunere la murd\u0103rie \u0219i resturi. Materialele utilizate \u00een construc\u021bie trebuie s\u0103 fie robuste \u0219i rezistente la coroziune, care poate degrada performan\u021ba \u00een timp. Un cilindru de bra\u021b bine proiectat va fi supus unor teste riguroase pentru a se asigura c\u0103 poate face fa\u021b\u0103 cerin\u021belor mediului s\u0103u opera\u021bional.<\/p>\n<h3>Caracteristici de siguran\u021b\u0103<\/h3>\n<p>Siguran\u021ba ar trebui s\u0103 fie primordial\u0103 \u00een proiectarea cilindrilor hidraulici. Caracteristici precum supapele de suprapresiune pot preveni supra\u00eenc\u0103rcarea, \u00een timp ce configura\u021biile corecte de montare pot asigura stabilitatea \u00een timpul func\u021bion\u0103rii. Aten\u021bia la standardele de siguran\u021b\u0103 \u0219i certific\u0103ri este esen\u021bial\u0103 \u00een procesul de fabrica\u021bie pentru a proteja utilizatorii \u0219i echipamentele.<\/p>\n<h3>\u00centre\u021binere \u0219i reparabilitate<\/h3>\n<p>U\u0219urin\u021ba \u00eentre\u021binerii este o alt\u0103 considera\u021bie critic\u0103 \u00een ceea ce prive\u0219te designul. Cilindrul ar trebui s\u0103 permit\u0103 accesul facil la garnituri \u0219i componente pentru verific\u0103ri \u0219i \u00eenlocuiri regulate. Trebuie luat \u00een considerare frecven\u021ba cu care sunt necesare sarcinile de \u00eentre\u021binere \u0219i u\u0219urin\u021ba cu care pot fi \u00eenlocuite piesele. Un design care prioritizeaz\u0103 reparabilitatea poate reduce semnificativ timpul de nefunc\u021bionare \u0219i costurile asociate cu defec\u021biunile echipamentelor.<\/p>\n<p><img decoding=\"async\" src=\"https:\/\/www.hydraulic-cylinders.net\/wp-content\/uploads\/2025\/04\/songte-oil-pipes-and-spare-parts.webp\" alt=\"Componente hidraulice\" \/><\/p>\n<h2>Etan\u0219are \u0219i lubrifiere<\/h2>\n<p>Etan\u0219area \u0219i lubrifierea corespunz\u0103toare sunt cruciale pentru func\u021bionarea eficient\u0103 a cilindrilor bra\u021bului. Diverse componente de etan\u0219are, inclusiv etan\u0219\u0103ri ale pistonului \u0219i etan\u0219\u0103ri ale tijei, ar trebui utilizate pentru a preveni scurgerile de fluid hidraulic. Se recomand\u0103 etan\u0219\u0103ri fabricate din materiale rezistente la uzur\u0103, cum ar fi poliuretanul \u0219i cauciucul nitrilic. \u00cen plus, corpul cilindrului \u0219i capetele filetate ar trebui s\u0103 fie supuse unor prelucr\u0103ri de precizie pentru a spori rezisten\u021ba la uzur\u0103. Lubrifierea regulat\u0103 cu ulei hidraulic este necesar\u0103 pentru a minimiza frecarea \u0219i uzura, asigur\u00e2nd o func\u021bionare lin\u0103 \u0219i prelungind durata de via\u021b\u0103 a cilindrului.<\/p>\n<h2>Inspec\u021bie regulat\u0103 \u0219i \u00eentre\u021binere preventiv\u0103<\/h2>\n<ul>\n<li><strong>Inspec\u021bii regulate:<\/strong> Programa\u021bi inspec\u021bii de rutin\u0103 pentru a verifica dac\u0103 exist\u0103 semne de uzur\u0103, scurgeri sau deteriorare a cilindrului. Depistarea timpurie a problemelor poate preveni probleme mai semnificative.<\/li>\n<li><strong>Lubrifiere:<\/strong> Asigura\u021bi-v\u0103 c\u0103 nivelurile uleiului hidraulic sunt adecvate \u0219i c\u0103 lubrifierea este efectuat\u0103 periodic pentru a men\u021bine func\u021bionarea corect\u0103 a garniturilor \u0219i a reduce frecarea.<\/li>\n<li><strong>\u00cenlocuirea garniturii:<\/strong> \u00cen timp, garniturile se pot degrada \u0219i pot necesita \u00eenlocuire. Verific\u0103rile regulate vor ajuta la identificarea momentului \u00een care garniturile trebuie schimbate pentru a men\u021bine performan\u021ba.<\/li>\n<\/ul>\n<h2>Instruc\u021biuni de instalare<\/h2>\n<p>Proper installation of the boom cylinder is essential for optimal performance and safety. Begin by ensuring that the work area is clean and free of debris. Align the cylinder correctly with the existing mounting points on the excavator, utilizing appropriate mounting brackets to secure the cylinder in place. Ensure that all hydraulic connections are properly made, avoiding any cross-threading or leaks. It is also critical to follow the manufacturer&#8217;s specifications for torque settings and installation procedures to ensure safe and effective operation.<\/p>\n<h2>Sarcini comune de \u00eentre\u021binere<\/h2>\n<ul>\n<li><strong>Inspec\u021bii regulate:<\/strong> Efectua\u021bi verific\u0103ri regulate ale cilindrului pentru a depista scurgeri, deterior\u0103ri \u0219i uzur\u0103. Acest lucru este esen\u021bial pentru men\u021binerea eficien\u021bei opera\u021bionale \u0219i a siguran\u021bei.<\/li>\n<li><strong>Lubrifiere adecvat\u0103:<\/strong> Unge\u021bi regulat cilindrul cu ulei hidraulic pentru a reduce frecarea \u0219i a preveni uzura garniturilor \u0219i a pieselor mobile.<\/li>\n<li><strong>\u00cenlocuirea garniturii:<\/strong> Monitoriza\u021bi uzura garniturilor de etan\u0219are \u0219i \u00eenlocui\u021bi-le dup\u0103 cum este necesar. Acest lucru este vital pentru a preveni scurgerile de fluid hidraulic, care pot duce la defectarea echipamentului.<\/li>\n<\/ul>\n<h2>Considera\u021bii de siguran\u021b\u0103 \u0219i factori de mediu<\/h2>\n<p>Atunci c\u00e2nd se utilizeaz\u0103 cilindri hidraulici, m\u0103surile de siguran\u021b\u0103 sunt primordiale. Operatorii trebuie instrui\u021bi s\u0103 recunoasc\u0103 importan\u021ba respect\u0103rii protocoalelor de siguran\u021b\u0103, cum ar fi purtarea echipamentului individual de protec\u021bie adecvat \u0219i respectarea instruc\u021biunilor pentru func\u021bionarea \u00een siguran\u021b\u0103 a ma\u0219inilor. Mai mult, trebuie luate \u00een considerare considera\u021biile de mediu, asigur\u00e2ndu-se eliminarea corespunz\u0103toare a fluidelor hidraulice \u0219i \u00eentre\u021binerea echipamentelor pentru a minimiza scurgerile \u0219i devers\u0103rile care ar putea d\u0103una mediului.<\/p>\n<h2>Depanare \u0219i probleme frecvente<\/h2>\n<ul>\n<li><strong>Scurgere:<\/strong> O problem\u0103 frecvent\u0103 a cilindrilor hidraulici este scurgerea, care poate rezulta din uzura garniturilor de etan\u0219are sau a componentelor deteriorate. Inspec\u021biile regulate pot ajuta la identificarea \u0219i rectificarea prompt\u0103 a scurgerilor.<\/li>\n<li><strong>Probleme de performan\u021b\u0103:<\/strong> Dac\u0103 cilindrul bra\u021bului nu r\u0103spunde corect, acest lucru poate indica o problem\u0103 la sistemul hidraulic, cum ar fi niveluri sc\u0103zute de lichid sau aer \u00een conducte. Rezolvarea rapid\u0103 a acestor probleme este esen\u021bial\u0103.<\/li>\n<li><strong>Supra\u00eenc\u0103lzire:<\/strong> C\u0103ldura excesiv\u0103 poate afecta negativ sistemele hidraulice, duc\u00e2nd la defectarea etan\u0219\u0103rilor \u0219i la reducerea eficien\u021bei. Monitorizarea temperaturii \u0219i asigurarea nivelurilor adecvate de fluid pot ajuta la prevenirea supra\u00eenc\u0103lzirii.<\/li>\n<\/ul>\n<h2>Sfaturi pentru gestionarea defec\u021biunilor<\/h2>\n<p>Pentru a diagnostica \u0219i rezolva eficient problemele legate de cilindrul bra\u021bului, operatorii ar trebui s\u0103 urmeze o abordare sistematic\u0103. \u00cencepe\u021bi prin verificarea nivelurilor de lichid \u0219i inspectarea pentru scurgeri. Dac\u0103 apar probleme de performan\u021b\u0103, este esen\u021bial s\u0103 evalua\u021bi sistemul hidraulic pentru a depista eventuale blocaje sau bule de aer. Implementarea unor m\u0103suri preventive, cum ar fi \u00eentre\u021binerea regulat\u0103 \u0219i \u00eenlocuirea la timp a componentelor uzate, poate reduce semnificativ probabilitatea apari\u021biei unor probleme viitoare.<\/p>\n<p><img decoding=\"async\" src=\"https:\/\/www.hydraulic-cylinders.net\/wp-content\/uploads\/2025\/04\/songte-bushings-with-all-kinds-of-excavator-models.webp\" alt=\"Buc\u0219e pentru excavator\" \/><\/p>\n<h2>Despre compania noastr\u0103<\/h2>\n<p>Suntem un produc\u0103tor important de cilindri hidraulici de schimb, oferind o gam\u0103 complet\u0103 de produse at\u00e2t pe pie\u021bele interne, c\u00e2t \u0219i interna\u021bionale. Angajamentul nostru fa\u021b\u0103 de excelen\u021b\u0103 se reflect\u0103 \u00een procesele noastre meticuloase de fabrica\u021bie \u0219i \u00een utilizarea tehnologiei avansate. Investim \u00een echipamente digitale de produc\u021bie de ultim\u0103 genera\u021bie \u0219i sisteme profesionale de testare pentru a ne \u00eembun\u0103t\u0103\u021bi capacit\u0103\u021bile de produc\u021bie. Scopul nostru este de a satisface diversele nevoi ale clien\u021bilor cu eficien\u021b\u0103, precizie \u0219i calitate ridicate.<\/p>\n<p><img decoding=\"async\" src=\"https:\/\/www.hydraulic-cylinders.net\/wp-content\/uploads\/2025\/04\/songte-company-4.webp\" alt=\"Prezentare general\u0103 a companiei\" \/><br \/>\n<img decoding=\"async\" src=\"https:\/\/www.hydraulic-cylinders.net\/wp-content\/uploads\/2025\/04\/songte-company-3.webp\" alt=\"Unitate de produc\u021bie\" \/><\/p>\n<h2>Concluzie<\/h2>\n<p>\u00cen concluzie, cilindrul bra\u021bului pentru excavatorul mic Caterpillar E312D este o component\u0103 vital\u0103 care \u00eembun\u0103t\u0103\u021be\u0219te capacit\u0103\u021bile opera\u021bionale ale excavatoarelor. \u00cen\u021belegerea caracteristicilor, aplica\u021biilor \u0219i cerin\u021belor de \u00eentre\u021binere ale acestuia poate \u00eembun\u0103t\u0103\u021bi semnificativ performan\u021ba \u0219i durata de via\u021b\u0103 a acestuia.<\/p>\n<p>Autor: lyl<\/p>","protected":false},"excerpt":{"rendered":"<p>Boom Cylinder For Caterpillar Small Excavator E312D Product Overview The Boom Cylinder for Caterpillar Small Excavator E312D is an essential hydraulic component designed to control the movement of the excavator&#8217;s boom. This hydraulic cylinder plays a critical role in the hydraulic system, enabling the boom to lift, lower, and tilt, thus facilitating various material handling [&hellip;]<\/p>","protected":false},"featured_media":17876,"comment_status":"open","ping_status":"closed","template":"","meta":{"_et_pb_use_builder":"","_et_pb_old_content":"","_et_gb_content_width":""},"product_brand":[],"product_cat":[1546],"product_tag":[1547,1496],"class_list":{"0":"post-18934","1":"product","2":"type-product","3":"status-publish","4":"has-post-thumbnail","6":"product_cat-boom-cylinders","7":"product_tag-boom-cylinders","8":"product_tag-hydraulic-cylinders","10":"first","11":"instock","12":"shipping-taxable","13":"product-type-simple"},"amp_enabled":true,"_links":{"self":[{"href":"https:\/\/www.hydraulic-cylinders.net\/ro\/wp-json\/wp\/v2\/product\/18934","targetHints":{"allow":["GET"]}}],"collection":[{"href":"https:\/\/www.hydraulic-cylinders.net\/ro\/wp-json\/wp\/v2\/product"}],"about":[{"href":"https:\/\/www.hydraulic-cylinders.net\/ro\/wp-json\/wp\/v2\/types\/product"}],"replies":[{"embeddable":true,"href":"https:\/\/www.hydraulic-cylinders.net\/ro\/wp-json\/wp\/v2\/comments?post=18934"}],"wp:featuredmedia":[{"embeddable":true,"href":"https:\/\/www.hydraulic-cylinders.net\/ro\/wp-json\/wp\/v2\/media\/17876"}],"wp:attachment":[{"href":"https:\/\/www.hydraulic-cylinders.net\/ro\/wp-json\/wp\/v2\/media?parent=18934"}],"wp:term":[{"taxonomy":"product_brand","embeddable":true,"href":"https:\/\/www.hydraulic-cylinders.net\/ro\/wp-json\/wp\/v2\/product_brand?post=18934"},{"taxonomy":"product_cat","embeddable":true,"href":"https:\/\/www.hydraulic-cylinders.net\/ro\/wp-json\/wp\/v2\/product_cat?post=18934"},{"taxonomy":"product_tag","embeddable":true,"href":"https:\/\/www.hydraulic-cylinders.net\/ro\/wp-json\/wp\/v2\/product_tag?post=18934"}],"curies":[{"name":"wp","href":"https:\/\/api.w.org\/{rel}","templated":true}]}}