{"id":18944,"date":"2025-04-07T06:03:31","date_gmt":"2025-04-07T06:03:31","guid":{"rendered":"https:\/\/www.hydraulic-cylinders.net\/product\/boom-cylinder-for-caterpillar-middle-excavator-e320-320b\/"},"modified":"2025-04-07T06:03:33","modified_gmt":"2025-04-07T06:03:33","slug":"boom-cylinder-for-caterpillar-middle-excavator-e320-320b","status":"publish","type":"product","link":"https:\/\/www.hydraulic-cylinders.net\/ro\/produs\/boom-cylinder-for-caterpillar-middle-excavator-e320-320b\/","title":{"rendered":"Cilindru bra\u021b pentru excavator mijlociu Caterpillar E320\/320B"},"content":{"rendered":"<h1>Cilindru bra\u021b pentru excavator mijlociu Caterpillar E320\/320B<\/h1>\n<h2>Prezentare general\u0103 a produsului<\/h2>\n<p>Cilindrul hidraulic pentru excavatorul Caterpillar E320\/320B este o component\u0103 esen\u021bial\u0103 conceput\u0103 pentru utilaje grele. Acest cilindru hidraulic este special conceput pentru a controla mi\u0219carea cupei, permi\u021b\u00e2nd sarcini eficiente de manipulare a materialelor. Joac\u0103 un rol esen\u021bial \u00een sistemul hidraulic al excavatoarelor, excavatoarelor \u0219i \u00eenc\u0103rc\u0103toarelor frontale, permi\u021b\u00e2nd ridicarea, cobor\u00e2rea \u0219i \u00eenclinarea cupei, ceea ce este crucial pentru o varietate de proiecte de construc\u021bii \u0219i excava\u021bii.<\/p>\n<p><img decoding=\"async\" src=\"https:\/\/www.hydraulic-cylinders.net\/wp-content\/uploads\/2025\/04\/songte-company-1.webp\" alt=\"Cilindru de bra\u021b\" \/><\/p>\n<h3>Defini\u021bie \u0219i func\u021bionalitate<\/h3>\n<p>Un cilindru al cupei este un actuator hidraulic care faciliteaz\u0103 mi\u0219carea precis\u0103 a cupei excavatorului. Sistemul hidraulic utilizeaz\u0103 fluid sub presiune pentru a permite o mi\u0219care lin\u0103 \u0219i controlat\u0103, permi\u021b\u00e2nd operatorilor s\u0103 manipuleze sarcini grele f\u0103r\u0103 efort. Designul cilindrului bra\u021bului asigur\u0103 c\u0103 acesta poate rezista la presiuni ridicate, men\u021bin\u00e2nd \u00een acela\u0219i timp durabilitatea, fiind potrivit pentru medii de lucru riguroase.<\/p>\n<h2>Caracteristici cheie<\/h2>\n<ul>\n<li><strong>Rezisten\u021b\u0103 \u0219i durabilitate ridicate:<\/strong> Construi\u021bi de obicei din o\u021bel sau aluminiu de \u00eenalt\u0103 rezisten\u021b\u0103, ace\u0219ti cilindri pot suporta presiuni ridicate \u0219i sarcini grele, asigur\u00e2nd longevitatea chiar \u0219i \u00een condi\u021bii dure.<\/li>\n<li><strong>Func\u021bionare hidraulic\u0103 eficient\u0103:<\/strong> Utilizarea presiunii uleiului hidraulic permite o extindere \u0219i retragere lin\u0103, oferind o reac\u021bie rapid\u0103 la comenzile de control \u0219i capacit\u0103\u021bi puternice de \u00eempingere\/tragere.<\/li>\n<li><strong>Diverse tipuri:<\/strong> Disponibile \u00een configura\u021bii cu ac\u021biune simpl\u0103 (func\u021bioneaz\u0103 \u00eentr-o singur\u0103 direc\u021bie) sau cu ac\u021biune dubl\u0103 (func\u021bioneaz\u0103 \u00een ambele direc\u021bii) pentru a satisface diverse nevoi opera\u021bionale. Unele modele sunt telescopice, permi\u021b\u00e2nd o raz\u0103 de ac\u021biune extins\u0103 f\u0103r\u0103 a cre\u0219te dimensiunile exterioare.<\/li>\n<li><strong>Design u\u0219or de \u00eentre\u021binut:<\/strong> Proiectat cu accesibilitate pentru o \u00eentre\u021binere u\u0219oar\u0103, asigur\u00e2nd mai pu\u021bine timpi de nefunc\u021bionare \u0219i repara\u021bii mai eficiente.<\/li>\n<li><strong>Rezisten\u021b\u0103 la coroziune:<\/strong> Cilindrii sunt adesea trata\u021bi pentru a rezista la coroziune, prelungindu-le durata de via\u021b\u0103 \u0219i men\u021bin\u00e2nd performan\u021ba \u00een medii dificile.<\/li>\n<\/ul>\n<p>Fabric\u0103m ace\u0219ti cilindri, oferind \u00eenlocuitori perfec\u021bi pentru diverse aplica\u021bii hidraulice.<\/p>\n<p><img decoding=\"async\" src=\"https:\/\/www.hydraulic-cylinders.net\/wp-content\/uploads\/2025\/04\/songte-cylinder-head-with-all-kinds-excavator-models.webp\" alt=\"Cilindri pentru excavatoare\" \/><\/p>\n<h2>Aplica\u021bii ale cilindrului bra\u021bului<\/h2>\n<h3>Echipamente de construc\u021bii<\/h3>\n<p>Cilindrii bra\u021bului, prezen\u021bi \u00een excavatoare, sunt vitali pentru s\u0103pare, \u00eenc\u0103rcare \u0219i mutarea p\u0103m\u00e2ntului sau a resturilor. \u00cen cazul \u00eenc\u0103rc\u0103toarelor excavatoare, ace\u0219tia ajut\u0103 at\u00e2t la excavare, c\u00e2t \u0219i la ridicare. Eficacitatea lor \u00een aceste ma\u0219ini asigur\u0103 finalizarea eficient\u0103 \u0219i sigur\u0103 a proiectelor.<\/p>\n<h3>Ma\u0219ini agricole<\/h3>\n<p>\u00cen cazul \u00eenc\u0103rc\u0103toarelor frontale, ace\u0219ti cilindri sunt responsabili de scobere, ridicare \u0219i transportul solului, f\u00e2nului \u0219i altor materiale. Designul lor permite o performan\u021b\u0103 robust\u0103 \u00een condi\u021biile cerin\u021belor sarcinilor agricole, ceea ce \u00eei face indispensabili pentru fermieri \u0219i contractorii agricoli.<\/p>\n<h3>Performan\u021ba excavatorului<\/h3>\n<p>La excavatoare, cilindrul cupei permite cupei s\u0103 p\u0103trund\u0103 \u00een sol \u00een timpul opera\u021biunilor de s\u0103pare. Eficien\u021ba sa \u00een a permite cupei s\u0103 ajung\u0103 ad\u00e2nc \u00een sol \u00eembun\u0103t\u0103\u021be\u0219te performan\u021ba general\u0103 a excavatorului \u00een diverse scenarii de s\u0103pare.<\/p>\n<h3>Opera\u021biuni cu \u00eenc\u0103rc\u0103torul<\/h3>\n<p>La \u00eenc\u0103rc\u0103toarele frontale, cilindrii bra\u021bului ajut\u0103 la ridicarea \u0219i desc\u0103rcarea eficient\u0103 a \u00eenc\u0103rc\u0103turilor. Aceast\u0103 capacitate este crucial\u0103 pentru diverse sarcini, cum ar fi manipularea materialelor \u0219i cur\u0103\u021benia \u0219antierelor de construc\u021bii, unde este necesar\u0103 o func\u021bionare rapid\u0103 \u0219i fiabil\u0103.<\/p>\n<h2>Considera\u021bii de proiectare \u0219i criterii de selec\u021bie<\/h2>\n<h3>Capacitate de \u00eenc\u0103rcare<\/h3>\n<p>Una dintre principalele considera\u021bii de proiectare pentru un cilindru de bra\u021b este capacitatea sa de \u00eenc\u0103rcare. Cilindrul trebuie s\u0103 poat\u0103 suporta sarcina maxim\u0103 a\u0219teptat\u0103 \u00een timpul func\u021bion\u0103rii f\u0103r\u0103 riscul de defec\u021biune. Aceasta implic\u0103 calcularea presiunii hidraulice \u0219i asigurarea c\u0103 materialele utilizate \u00een fabrica\u021bie pot rezista for\u021belor exercitate \u00een timpul func\u021bion\u0103rii. O capacitate de \u00eenc\u0103rcare adecvat\u0103 asigur\u0103 siguran\u021ba \u0219i longevitatea, reduc\u00e2nd frecven\u021ba \u00eenlocuirilor.<\/p>\n<h3>Integritatea etan\u0219\u0103rii<\/h3>\n<p>Etan\u0219area este esen\u021bial\u0103 pentru func\u021bionarea eficient\u0103 a cilindrilor hidraulici. Etan\u0219\u0103rile de \u00eenalt\u0103 calitate previn scurgerile de fluid hidraulic \u0219i asigur\u0103 o func\u021bionare f\u0103r\u0103 probleme a cilindrului. Alegerea materialelor de etan\u0219are, cum ar fi poliuretanul sau cauciucul nitrilic, are impact asupra durabilit\u0103\u021bii \u0219i performan\u021bei cilindrului. Cilindrii bine etan\u0219a\u021bi men\u021bin presiunea \u0219i eficien\u021ba, contribuind la eficien\u021ba general\u0103 a utilajelor.<\/p>\n<h3>Durabilitate \u0219i longevitate<\/h3>\n<p>Durabilitatea este primordial\u0103 \u00een proiectarea cilindrilor hidraulici. Factori precum selec\u021bia materialelor, tratamentul suprafe\u021bei \u0219i acoperirile de protec\u021bie joac\u0103 un rol semnificativ \u00een cre\u0219terea duratei de via\u021b\u0103 a cilindrului. Un design durabil reduce necesitatea \u00eenlocuirilor \u0219i repara\u021biilor frecvente, economisind \u00een cele din urm\u0103 costuri \u0219i timp pentru operatori.<\/p>\n<h3>Caracteristici de siguran\u021b\u0103<\/h3>\n<p>Siguran\u021ba este o considera\u021bie critic\u0103 la proiectarea cilindrilor hidraulici. Caracteristici precum supapele de suprapresiune \u0219i blocajele de siguran\u021b\u0103 asigur\u0103 func\u021bionarea cilindrului \u00een limite de siguran\u021b\u0103. Implementarea acestor m\u0103suri de siguran\u021b\u0103 protejeaz\u0103 at\u00e2t operatorii, c\u00e2t \u0219i utilajele, prevenind accidentele \u0219i defec\u021biunile echipamentelor \u00een timpul func\u021bion\u0103rii.<\/p>\n<h3>U\u0219urin\u021b\u0103 \u00een \u00eentre\u021binere<\/h3>\n<p>Proiectarea unui cilindru al bra\u021bului pentru o \u00eentre\u021binere u\u0219oar\u0103 este esen\u021bial\u0103. Asigurarea faptului c\u0103 componentele sunt u\u0219or accesibile pentru inspec\u021bie \u0219i service minimizeaz\u0103 timpul de nefunc\u021bionare \u0219i prelunge\u0219te durata de via\u021b\u0103 a cilindrului. Procedurile regulate de \u00eentre\u021binere, descrise \u00een manualele de utilizare, contribuie la longevitatea \u0219i fiabilitatea cilindrului.<\/p>\n<p><img decoding=\"async\" src=\"https:\/\/www.hydraulic-cylinders.net\/wp-content\/uploads\/2025\/04\/songte-oil-pipes-and-spare-parts.webp\" alt=\"Piese hidraulice\" \/><\/p>\n<h2>Etan\u0219are \u0219i lubrifiere<\/h2>\n<p>Etan\u0219area \u0219i lubrifierea corect\u0103 a cilindrilor hidraulici sunt cruciale pentru performan\u021ba acestora. Diverse etan\u0219\u0103ri, cum ar fi etan\u0219\u0103rile pistonului \u0219i etan\u0219\u0103rile tijei, sunt utilizate pentru a asigura o func\u021bionare optim\u0103. Utilizarea de materiale precum poliuretanul \u0219i cauciucul nitrilic ofer\u0103 rezisten\u021b\u0103 la uzur\u0103. Corpul cilindrului \u0219i capetele filetate sunt supuse unor prelucr\u0103ri meticuloase pentru a spori durabilitatea. Lubrifierea regulat\u0103 cu ulei hidraulic este necesar\u0103 pentru a minimiza frecarea \u0219i a asigura o func\u021bionare lin\u0103.<\/p>\n<h2>Inspec\u021bie regulat\u0103 \u0219i \u00eentre\u021binere preventiv\u0103<\/h2>\n<ul>\n<li><strong>Inspec\u021bii regulate:<\/strong> Efectuarea inspec\u021biilor regulate ale cilindrilor hidraulici ajut\u0103 la detectarea timpurie a uzurii \u0219i a poten\u021bialelor scurgeri. Aceast\u0103 abordare proactiv\u0103 minimizeaz\u0103 riscul de defec\u021biune complet\u0103.<\/li>\n<li><strong>Lubrifiere adecvat\u0103:<\/strong> Asigurarea lubrifierii adecvate a cilindrilor previne uzura excesiv\u0103. Verific\u0103rile regulate ale nivelurilor de ulei \u0219i reumplerile la timp sunt esen\u021biale.<\/li>\n<li><strong>\u00cenlocuirea garniturii:<\/strong> Verificarea regulat\u0103 a st\u0103rii garniturilor \u0219i \u00eenlocuirea acestora, dup\u0103 cum este necesar, previne scurgerile de fluid \u0219i men\u021bine eficien\u021ba cilindrului.<\/li>\n<\/ul>\n<h2>Instruc\u021biuni de instalare<\/h2>\n<p>Instalarea corect\u0103 a cilindrilor hidraulici este vital\u0103 pentru func\u021bionalitate. Asigura\u021bi-v\u0103 c\u0103 cilindrul este aliniat corect pentru a preveni solicit\u0103rile excesive. Folosi\u021bi suporturi de montare adecvate pentru a fixa ferm cilindrul. Urma\u021bi specifica\u021biile produc\u0103torului pentru set\u0103rile de cuplu \u0219i aliniere pentru a asigura o performan\u021b\u0103 optim\u0103. Este esen\u021bial s\u0103 testa\u021bi sistemul dup\u0103 instalare pentru a verifica dac\u0103 func\u021bioneaz\u0103 corect \u0219i eficient.<\/p>\n<h2>Sarcini comune de \u00eentre\u021binere<\/h2>\n<ul>\n<li><strong>Verific\u0103ri regulate:<\/strong> Efectuarea unor verific\u0103ri frecvente ajut\u0103 la identificarea poten\u021bialelor probleme \u00eenainte ca acestea s\u0103 escaladeze.<\/li>\n<li><strong>Lubrifiere adecvat\u0103:<\/strong> Unge\u021bi cilindrul \u00een mod regulat pentru a-i men\u021bine buna func\u021bionare.<\/li>\n<li><strong>\u00cenlocuirea garniturii:<\/strong> Monitoriza\u021bi uzura garniturilor \u0219i \u00eenlocui\u021bi-le dup\u0103 cum este necesar pentru a men\u021bine performan\u021ba.<\/li>\n<\/ul>\n<p>Fiecare sarcin\u0103 de \u00eentre\u021binere este esen\u021bial\u0103 pentru asigurarea longevit\u0103\u021bii \u0219i eficien\u021bei cilindrului bra\u021bului. Alinierea corect\u0103 \u00een timpul instal\u0103rii este esen\u021bial\u0103 pentru prevenirea uzurii premature. Utilizarea suporturilor de montare adecvate asigur\u0103 stabilitatea, \u00een timp ce inspec\u021biile regulate \u0219i repara\u021biile la timp pot prelungi semnificativ durata de via\u021b\u0103 a echipamentului.<\/p>\n<p><img decoding=\"async\" src=\"https:\/\/www.hydraulic-cylinders.net\/wp-content\/uploads\/2025\/04\/songte-chushion-collar.webp\" alt=\"Guler de pern\u0103\" \/><\/p>\n<h2>Considera\u021bii de siguran\u021b\u0103 \u0219i factori de mediu<\/h2>\n<p>M\u0103surile de siguran\u021b\u0103 sunt primordiale atunci c\u00e2nd se opereaz\u0103 cilindri hidraulici. O instruire adecvat\u0103 \u0219i o \u00een\u021belegere a func\u021bion\u0103rii echipamentului pot preveni accidentele. \u00cen plus, trebuie luate \u00een considerare aspectele de mediu, cum ar fi eliminarea fluidului hidraulic \u0219i poten\u021bialele scurgeri, pentru a minimiza impactul asupra mediului.<\/p>\n<h2>Diagnosticarea defec\u021biunilor \u0219i probleme frecvente<\/h2>\n<ul>\n<li><strong>Scurgere:<\/strong> Scurgerile de fluid hidraulic pot indica o defec\u021biune a etan\u0219\u0103rii sau deteriorarea cilindrului. Inspec\u021biile regulate pot ajuta la detectarea timpurie a acestor probleme.<\/li>\n<li><strong>Pierdere de presiune:<\/strong> O sc\u0103dere a presiunii hidraulice poate semnala o scurgere sau o obstruc\u021bie \u00een sistem. Diagnosticarea cauzei este esen\u021bial\u0103 pentru o func\u021bionare optim\u0103.<\/li>\n<li><strong>Zgomote neobi\u0219nuite:<\/strong> Dac\u0103 cilindrul func\u021bioneaz\u0103 cu sunete neobi\u0219nuite, acest lucru poate indica o deteriorare intern\u0103 sau o lubrifiere insuficient\u0103.<\/li>\n<\/ul>\n<p>Pentru o depanare eficient\u0103, verific\u0103rile regulate de \u00eentre\u021binere pot ajuta la identificarea timpurie a problemelor. Dac\u0103 se detecteaz\u0103 o problem\u0103, consultarea unor tehnicieni experimenta\u021bi poate oferi solu\u021bii \u0219i poate preveni complica\u021bii ulterioare.<\/p>\n<p><img decoding=\"async\" src=\"https:\/\/www.hydraulic-cylinders.net\/wp-content\/uploads\/2025\/04\/songte-bushings-with-all-kinds-of-excavator-models.webp\" alt=\"Buc\u0219e pentru excavatoare\" \/><\/p>\n<h2>Introducerea companiei<\/h2>\n<p>Suntem produc\u0103tori de cilindri hidraulici de schimb, fiind unul dintre principalii produc\u0103tori \u0219i distribuitori angro at\u00e2t pe pie\u021bele interne, c\u00e2t \u0219i interna\u021bionale. Angajamentul nostru fa\u021b\u0103 de excelen\u021b\u0103 este sus\u021binut de o strategie rafinat\u0103 de management al produc\u021biei, asigur\u00e2nd produse de \u00eenalt\u0103 calitate prin procese de fabrica\u021bie avansate. For\u021ba noastr\u0103 de munc\u0103 calificat\u0103, echipamentele digitale de ultim\u0103 genera\u021bie \u0219i sistemele profesionale de testare ne \u00eembun\u0103t\u0103\u021besc continuu capacit\u0103\u021bile de produc\u021bie, satisf\u0103c\u00e2nd diversele nevoi ale clien\u021bilor cu eficien\u021b\u0103, precizie \u0219i calitate.<\/p>\n<p><img decoding=\"async\" src=\"https:\/\/www.hydraulic-cylinders.net\/wp-content\/uploads\/2025\/04\/songte-company-4.webp\" alt=\"Prezentare general\u0103 a companiei\" \/><br \/>\n<img decoding=\"async\" src=\"https:\/\/www.hydraulic-cylinders.net\/wp-content\/uploads\/2025\/04\/songte-company-3.webp\" alt=\"Facilit\u0103\u021bi ale companiei\" \/><\/p>\n<p>Oferim servicii specializate, certific\u0103ri interna\u021bionale \u0219i asisten\u021b\u0103 extins\u0103 post-v\u00e2nzare, asigur\u00e2ndu-ne c\u0103 clien\u021bii no\u0219tri primesc cele mai bune solu\u021bii adaptate nevoilor lor.<\/p>\n<p>Autor: lyl<\/p>","protected":false},"excerpt":{"rendered":"<p>Boom Cylinder For Caterpillar Middle Excavator E320\/320B Product Overview The Boom Cylinder for Caterpillar Middle Excavator E320\/320B is an essential component designed for heavy-duty machinery. This hydraulic cylinder is specifically engineered to control the movement of the bucket, enabling efficient material handling tasks. It plays a critical role in the hydraulic system of excavators, backhoes, [&hellip;]<\/p>","protected":false},"featured_media":17871,"comment_status":"open","ping_status":"closed","template":"","meta":{"_et_pb_use_builder":"","_et_pb_old_content":"","_et_gb_content_width":""},"product_brand":[],"product_cat":[1546],"product_tag":[1547,1496],"class_list":{"0":"post-18944","1":"product","2":"type-product","3":"status-publish","4":"has-post-thumbnail","6":"product_cat-boom-cylinders","7":"product_tag-boom-cylinders","8":"product_tag-hydraulic-cylinders","10":"first","11":"instock","12":"shipping-taxable","13":"product-type-simple"},"amp_enabled":true,"_links":{"self":[{"href":"https:\/\/www.hydraulic-cylinders.net\/ro\/wp-json\/wp\/v2\/product\/18944","targetHints":{"allow":["GET"]}}],"collection":[{"href":"https:\/\/www.hydraulic-cylinders.net\/ro\/wp-json\/wp\/v2\/product"}],"about":[{"href":"https:\/\/www.hydraulic-cylinders.net\/ro\/wp-json\/wp\/v2\/types\/product"}],"replies":[{"embeddable":true,"href":"https:\/\/www.hydraulic-cylinders.net\/ro\/wp-json\/wp\/v2\/comments?post=18944"}],"wp:featuredmedia":[{"embeddable":true,"href":"https:\/\/www.hydraulic-cylinders.net\/ro\/wp-json\/wp\/v2\/media\/17871"}],"wp:attachment":[{"href":"https:\/\/www.hydraulic-cylinders.net\/ro\/wp-json\/wp\/v2\/media?parent=18944"}],"wp:term":[{"taxonomy":"product_brand","embeddable":true,"href":"https:\/\/www.hydraulic-cylinders.net\/ro\/wp-json\/wp\/v2\/product_brand?post=18944"},{"taxonomy":"product_cat","embeddable":true,"href":"https:\/\/www.hydraulic-cylinders.net\/ro\/wp-json\/wp\/v2\/product_cat?post=18944"},{"taxonomy":"product_tag","embeddable":true,"href":"https:\/\/www.hydraulic-cylinders.net\/ro\/wp-json\/wp\/v2\/product_tag?post=18944"}],"curies":[{"name":"wp","href":"https:\/\/api.w.org\/{rel}","templated":true}]}}