{"id":18947,"date":"2025-04-07T06:03:39","date_gmt":"2025-04-07T06:03:39","guid":{"rendered":"https:\/\/www.hydraulic-cylinders.net\/product\/boom-cylinder-for-caterpillar-middle-excavator-e324d-324dz\/"},"modified":"2025-04-07T06:03:42","modified_gmt":"2025-04-07T06:03:42","slug":"boom-cylinder-for-caterpillar-middle-excavator-e324d-324dz","status":"publish","type":"product","link":"https:\/\/www.hydraulic-cylinders.net\/ro\/produs\/boom-cylinder-for-caterpillar-middle-excavator-e324d-324dz\/","title":{"rendered":"Cilindru bra\u021b pentru excavator mijlociu Caterpillar E324D\/324DZ"},"content":{"rendered":"<h1>Cilindru bra\u021b pentru excavator mijlociu Caterpillar E324D\/324DZ<\/h1>\n<h2>Introducere \u00een cilindrul cupei<\/h2>\n<p>Cilindrul cupei, parte a sistemului hidraulic, joac\u0103 un rol crucial \u00een controlul mi\u0219c\u0103rii cupelor utilajelor grele, cum ar fi cele g\u0103site la excavatoare, \u00eenc\u0103rc\u0103toare frontale \u0219i \u00eenc\u0103rc\u0103toare excavatoare. Acest cilindru hidraulic permite ridicarea, cobor\u00e2rea \u0219i \u00eenclinarea cupei, facilit\u00e2nd sarcini eficiente de manipulare a materialelor. Utiliz\u00e2nd presiunea fluidului hidraulic, cilindrul func\u021bioneaz\u0103 lin pentru a se extinde \u0219i retrage, permi\u021b\u00e2nd un control precis asupra sarcinilor grele.<\/p>\n<p><img decoding=\"async\" src=\"https:\/\/www.hydraulic-cylinders.net\/wp-content\/uploads\/2025\/04\/songte-company-1.webp\" alt=\"Imaginea cilindrului bra\u021bului\"><\/p>\n<h2>Caracteristicile cilindrului bra\u021bului<\/h2>\n<ul>\n<li>\n<h3>Rezisten\u021b\u0103 \u0219i durabilitate ridicate<\/h3>\n<p>Construit din o\u021bel sau aluminiu de \u00eenalt\u0103 rezisten\u021b\u0103, cilindrul bra\u021bului este conceput s\u0103 reziste la presiuni ridicate \u0219i sarcini grele, fiind potrivit pentru medii de lucru dure. Designul s\u0103u \u00eencorporeaz\u0103 caracteristici rezistente la uzur\u0103 \u0219i coroziune pentru a-i prelungi durata de via\u021b\u0103.<\/p>\n<\/li>\n<li>\n<h3>Func\u021bionare hidraulic\u0103 eficient\u0103<\/h3>\n<p>Cilindrul utilizeaz\u0103 presiunea uleiului hidraulic pentru o extensie \u0219i retragere lin\u0103. Acesta r\u0103spunde rapid la comenzile de control, furniz\u00e2nd for\u021be puternice de \u00eempingere \u0219i tragere, ideale pentru gestionarea sarcinilor grele \u0219i complexe.<\/p>\n<\/li>\n<li>\n<h3>Diverse tipuri disponibile<\/h3>\n<p>Disponibile \u00een configura\u021bii cu ac\u021biune simpl\u0103 (folosind presiunea hidraulic\u0103 \u00eentr-o singur\u0103 direc\u021bie) \u0219i cu ac\u021biune dubl\u0103 (folosind presiunea hidraulic\u0103 \u00een ambele direc\u021bii), aceste cilindri pot satisface diverse nevoi opera\u021bionale. Anumite modele sunt telescopice, permi\u021b\u00e2nd o extensie mai mare f\u0103r\u0103 a cre\u0219te dimensiunile exterioare, perfec\u021bi pentru aplica\u021bii cu spa\u021biu limitat.<\/p>\n<\/li>\n<\/ul>\n<h2>Scenarii de aplicare a cilindrului bra\u021bului<\/h2>\n<h3>Echipamente de construc\u021bii<\/h3>\n<p>\u00cen excavatoare, cilindrii bra\u021bului sunt esen\u021biali pentru s\u0103pare, \u00eenc\u0103rcare \u0219i mutarea p\u0103m\u00e2ntului sau a resturilor. Ace\u0219tia faciliteaz\u0103 ac\u021biunile de s\u0103pare \u0219i ajut\u0103 la opera\u021biunile de ridicare pentru transportul materialelor. \u00cen cazul \u00eenc\u0103rc\u0103toarelor excavatoare, ace\u0219ti cilindri \u00eembun\u0103t\u0103\u021besc at\u00e2t func\u021biile de s\u0103pare, c\u00e2t \u0219i cele de ridicare, ceea ce \u00eei face vitali pentru proiectele de construc\u021bii.<\/p>\n<h3>Ma\u0219ini agricole<\/h3>\n<p>\u00cen \u00eenc\u0103rc\u0103toarele frontale, cilindrii bra\u021bului sunt utiliza\u021bi pentru scobere, ridicare \u0219i transportul solului, f\u00e2nului \u0219i altor materiale. Ace\u0219tia ofer\u0103 for\u021ba necesar\u0103 pentru a gestiona eficient sarcinile agricole, asigur\u00e2ndu-se c\u0103 fermierii \u00ee\u0219i pot finaliza munca \u00een timp util.<\/p>\n<h3>Excavatoare<\/h3>\n<p>Cilindrul cupei permite cupei s\u0103 p\u0103trund\u0103 \u00een sol pentru ac\u021biuni eficiente de s\u0103pare. Aceast\u0103 func\u021bionalitate este crucial\u0103 pentru diverse proiecte de excavare, permi\u021b\u00e2nd operatorilor s\u0103 efectueze sarcinile eficient cu puterea \u0219i controlul potrivite.<\/p>\n<h3>\u00cenc\u0103rc\u0103toare<\/h3>\n<p>La \u00eenc\u0103rc\u0103toarele frontale, cilindrii bra\u021bului ajut\u0103 la ridicarea \u0219i desc\u0103rcarea eficient\u0103 a sarcinilor. Designul lor asigur\u0103 c\u0103 operatorii pot manipula materiale grele cu u\u0219urin\u021b\u0103, \u00eembun\u0103t\u0103\u021bind productivitatea \u0219i eficien\u021ba opera\u021bional\u0103 pe \u0219antiere.<\/p>\n<h2>Considera\u021bii de proiectare \u0219i criterii de selec\u021bie<\/h2>\n<h3>Capacitate de \u00eenc\u0103rcare<\/h3>\n<p>Capacitatea de \u00eenc\u0103rcare a unui cilindru al bra\u021bului este primordial\u0103. Acesta trebuie s\u0103 fie capabil s\u0103 suporte greutatea maxim\u0103 \u00eent\u00e2lnit\u0103 \u00een timpul opera\u021biunilor f\u0103r\u0103 defec\u021biuni. Proiectul ar trebui s\u0103 \u00eencorporeze materiale robuste \u0219i principii inginere\u0219ti pentru a asigura siguran\u021ba \u0219i fiabilitatea \u00een condi\u021bii de sarcini grele.<\/p>\n<h3>Performan\u021ba de etan\u0219are<\/h3>\n<p>Etan\u0219area eficient\u0103 este crucial\u0103 pentru prevenirea scurgerilor de fluid hidraulic, care pot duce la ineficien\u021be ale sistemului \u0219i poten\u021biale pericole. Garnituri de \u00eenalt\u0103 calitate, fabricate din materiale durabile, trebuie utilizate pentru a men\u021bine o presiune \u0219i o performan\u021b\u0103 optime.<\/p>\n<h3>Durabilitate<\/h3>\n<p>Cilindrul bra\u021bului trebuie s\u0103 reziste la condi\u021bii dure de mediu \u0219i la uzur\u0103 \u00een timp. Materialele trebuie selectate pentru rezisten\u021ba \u0219i rezisten\u021ba lor la abraziune \u0219i coroziune, asigur\u00e2nd longevitatea \u0219i reduc\u00e2nd nevoile de \u00eentre\u021binere.<\/p>\n<h3>Caracteristici de siguran\u021b\u0103<\/h3>\n<p>Siguran\u021ba este o prioritate absolut\u0103 \u00een proiectarea cilindrilor hidraulici. Incorporarea unor sisteme de siguran\u021b\u0103, a supapelor de suprapresiune \u0219i a op\u021biunilor de montare sigure este esen\u021bial\u0103 pentru prevenirea accidentelor \u00een timpul func\u021bion\u0103rii, protej\u00e2nd at\u00e2t echipamentele, c\u00e2t \u0219i personalul.<\/p>\n<h3>Accesibilitate pentru \u00eentre\u021binere<\/h3>\n<p>Proiectarea pentru u\u0219urin\u021ba \u00eentre\u021binerii este vital\u0103 pentru prelungirea duratei de via\u021b\u0103 a cilindrului bra\u021bului. Caracteristicile care permit inspec\u021bia, lubrifierea \u0219i \u00eenlocuirea simpl\u0103 a garniturilor pot \u00eembun\u0103t\u0103\u021bi service-ul \u0219i pot reduce timpul de nefunc\u021bionare.<\/p>\n<p><img decoding=\"async\" src=\"https:\/\/www.hydraulic-cylinders.net\/wp-content\/uploads\/2025\/04\/songte-oil-pipes-and-spare-parts.webp\" alt=\"Conducte de petrol \u0219i piese de schimb\"><\/p>\n<h2>Etan\u0219are \u0219i lubrifiere<\/h2>\n<p>Sistemul de etan\u0219are al cilindrului bra\u021bului implic\u0103 diverse componente, cum ar fi etan\u0219\u0103rile pistonului \u0219i etan\u0219\u0103rile tijei. Garniturile fabricate din materiale rezistente la uzur\u0103, precum poliuretanul \u0219i cauciucul nitrilic, sunt utilizate pentru a spori durabilitatea. Corpul cilindrului \u0219i capetele filetate sunt supuse unor prelucr\u0103ri fine pentru a \u00eembun\u0103t\u0103\u021bi rezisten\u021ba la uzur\u0103. Lubrifierea regulat\u0103 cu o cantitate adecvat\u0103 de ulei hidraulic este necesar\u0103 pentru a asigura o func\u021bionare lin\u0103 \u0219i a preveni uzura cauzat\u0103 de frecare.<\/p>\n<h2>Inspec\u021bie regulat\u0103 \u0219i m\u0103suri de \u00eentre\u021binere preventiv\u0103<\/h2>\n<ul>\n<li>\n<h3>Inspec\u021bii regulate<\/h3>\n<p>Efectuarea unor inspec\u021bii regulate ale cilindrului bra\u021bului pentru a depista semne de uzur\u0103, scurgeri sau deteriorare este esen\u021bial\u0103. Depistarea prompt\u0103 a problemelor poate preveni repara\u021bii costisitoare \u0219i poate prelungi durata de via\u021b\u0103 a echipamentului.<\/p>\n<\/li>\n<li>\n<h3>Lubrifiere adecvat\u0103<\/h3>\n<p>Asigurarea lubrifierii corespunz\u0103toare a cilindrului cu ulei hidraulic este esen\u021bial\u0103 pentru men\u021binerea unei func\u021bion\u0103ri line. Lubrifierea insuficient\u0103 poate duce la o uzur\u0103 crescut\u0103 \u0219i, \u00een cele din urm\u0103, la defectarea cilindrului.<\/p>\n<\/li>\n<li>\n<h3>\u00cenlocuirea garniturii<\/h3>\n<p>Garniturile trebuie verificate periodic \u0219i \u00eenlocuite atunci c\u00e2nd sunt uzate. Aceast\u0103 sarcin\u0103 de \u00eentre\u021binere este esen\u021bial\u0103 pentru prevenirea scurgerilor \u0219i men\u021binerea eficien\u021bei hidraulice.<\/p>\n<\/li>\n<\/ul>\n<h2>Instruc\u021biuni de instalare<\/h2>\n<p>Instalarea corect\u0103 a cilindrului bra\u021bului este vital\u0103 pentru asigurarea func\u021bion\u0103rii sale eficiente. \u00cencepe\u021bi prin alinierea precis\u0103 a cilindrului cu suporturile de montare, asigur\u00e2ndu-v\u0103 c\u0103 este fixat \u00een siguran\u021b\u0103 \u00een pozi\u021bie. Utiliza\u021bi suporturi de montare adecvate pentru a stabiliza cilindrul \u00een timpul instal\u0103rii. Este esen\u021bial s\u0103 respecta\u021bi specifica\u021biile de cuplu recomandate pentru toate elementele de fixare pentru a asigura o fixare sigur\u0103. Dup\u0103 instalare, efectua\u021bi o verificare am\u0103nun\u021bit\u0103 pentru a v\u0103 asigura c\u0103 toate conexiunile sunt str\u00e2nse \u0219i c\u0103 sistemul hidraulic nu prezint\u0103 scurgeri. Testarea func\u021bion\u0103rii cilindrului \u00eenainte de utilizarea la scar\u0103 complet\u0103 va identifica din timp orice probleme poten\u021biale.<\/p>\n<p><img decoding=\"async\" src=\"https:\/\/www.hydraulic-cylinders.net\/wp-content\/uploads\/2025\/04\/songte-chushion-collar.webp\" alt=\"Guler de pern\u0103\"><\/p>\n<h2>Considera\u021bii de siguran\u021b\u0103 \u0219i factori de mediu<\/h2>\n<p>Atunci c\u00e2nd se utilizeaz\u0103 cilindrul bra\u021bului, implementarea m\u0103surilor de siguran\u021b\u0103 este vital\u0103 pentru a proteja operatorii \u0219i persoanele din jur. Instruirea adecvat\u0103 privind utilizarea echipamentului \u0219i auditurile regulate de siguran\u021b\u0103 pot reduce semnificativ riscurile. \u00cen plus, factorii de mediu, cum ar fi temperaturile extreme \u0219i expunerea la substan\u021be corozive, trebuie lua\u021bi \u00een considerare la selectarea materialelor \u0219i proiectarea cilindrului pentru a asigura performan\u021be optime \u0219i longevitate.<\/p>\n<h2>Diagnosticarea defec\u021biunilor \u0219i probleme frecvente<\/h2>\n<ul>\n<li>\n<h3>Scurgeri de fluid hidraulic<\/h3>\n<p>Scurgerile pot indica adesea defec\u021biuni sau deterior\u0103ri ale etan\u0219\u0103rii. Verific\u0103rile regulate pot ajuta la identificarea unor astfel de probleme \u00eenainte ca acestea s\u0103 se agraveze. Remedierea prompt\u0103 a scurgerilor este crucial\u0103 pentru men\u021binerea presiunii \u0219i a performan\u021bei sistemului.<\/p>\n<\/li>\n<li>\n<h3>Mi\u0219carea inconsistent\u0103 a cilindrului<\/h3>\n<p>Dac\u0103 cilindrul nu se mi\u0219c\u0103 lin, acest lucru se poate datora unei lubrifieri insuficiente, prezen\u021bei aerului \u00een sistemul hidraulic sau bloc\u0103rii c\u0103ilor de circula\u021bie a fluidului. Diagnosticarea sursei problemei va preveni complica\u021bii ulterioare.<\/p>\n<\/li>\n<li>\n<h3>Zgomot excesiv \u00een timpul func\u021bion\u0103rii<\/h3>\n<p>Sunetele neobi\u0219nuite pot semnala probleme precum cavita\u021bia \u00een sistemul hidraulic sau blocarea mecanic\u0103. Investigarea timpurie a acestor sunete poate preveni deteriorarea semnificativ\u0103 a echipamentului.<\/p>\n<\/li>\n<\/ul>\n<h2>Sfaturi \u0219i solu\u021bii pentru depanare<\/h2>\n<p>Pentru a ajuta la diagnosticarea eficient\u0103 a defec\u021biunilor, operatorii ar trebui s\u0103 consulte manualul echipamentului pentru \u00eendrum\u0103ri specifice de depanare. \u00centre\u021binerea regulat\u0103, inclusiv verificarea nivelului fluidului hidraulic \u0219i asigurarea etan\u0219\u0103rii corespunz\u0103toare, va ajuta la prevenirea apari\u021biei problemelor comune. Utilizarea manometrelor \u0219i a altor instrumente de diagnosticare poate oferi informa\u021bii despre poten\u021bialele probleme. Stabilirea unei rutine pentru m\u0103suri preventive va reduce probabilitatea apari\u021biei defec\u021biunilor nea\u0219teptate, asigur\u00e2nd o func\u021bionare mai lin\u0103 \u0219i o durat\u0103 de via\u021b\u0103 prelungit\u0103.<\/p>\n<p><img decoding=\"async\" src=\"https:\/\/www.hydraulic-cylinders.net\/wp-content\/uploads\/2025\/04\/songte-bushings-with-all-kinds-of-excavator-models.webp\" alt=\"Buc\u0219e pentru modele de excavatoare\"><\/p>\n<h2>Prezentare general\u0103 a companiei<\/h2>\n<p>Suntem un produc\u0103tor \u0219i distribuitor angro de top de cilindri hidraulici, specializa\u021bi \u00een producerea de alternative de \u00eenalt\u0103 calitate pentru diverse aplica\u021bii. Gama noastr\u0103 cuprinz\u0103toare de produse ne-a pozi\u021bionat ca unul dintre cei mai importan\u021bi produc\u0103tori \u0219i distribuitori de cilindri hidraulici, at\u00e2t pe pie\u021bele interne, c\u00e2t \u0219i pe cele interna\u021bionale. Ader\u0103m la excelen\u021b\u0103 \u00een calitate, valorific\u00e2nd o strategie de management al produc\u021biei fin reglat\u0103, axat\u0103 pe tehnologii avansate de fabrica\u021bie. Angajamentul nostru fa\u021b\u0103 de inova\u021bie se reflect\u0103 \u00een investi\u021biile noastre \u00een personal calificat, echipamente de fabrica\u021bie de \u00eenalt\u0103 tehnologie \u0219i sisteme sofisticate de testare, \u00eembun\u0103t\u0103\u021bind continuu procesele noastre de fabrica\u021bie \u0219i calitatea produselor.<\/p>\n<p><img decoding=\"async\" src=\"https:\/\/www.hydraulic-cylinders.net\/wp-content\/uploads\/2025\/04\/songte-company-4.webp\" alt=\"Imaginea companiei 1\"><br \/>\n<img decoding=\"async\" src=\"https:\/\/www.hydraulic-cylinders.net\/wp-content\/uploads\/2025\/04\/songte-company-3.webp\" alt=\"Imaginea companiei 2\"><\/p>\n<p>Accentul nostru pus pe profesionalism este sus\u021binut de certific\u0103ri interna\u021bionale, oferte de servicii personalizate, echipamente de produc\u021bie de ultim\u0103 genera\u021bie \u0219i asisten\u021b\u0103 post-v\u00e2nzare complet\u0103, asigur\u00e2ndu-ne c\u0103 satisfacem eficient cerin\u021bele diverse ale clien\u021bilor.<\/p>\n<p>Autor: lyl<\/p>","protected":false},"excerpt":{"rendered":"<p>Boom Cylinder For Caterpillar Middle Excavator E324D\/324DZ Introduction to Bucket Cylinder The bucket cylinder, part of the hydraulic system, plays a crucial role in controlling the movement of heavy machinery buckets, such as those found in excavators, backhoe loaders, and front loaders. This hydraulic cylinder allows the bucket to lift, lower, and tilt, facilitating efficient [&hellip;]<\/p>","protected":false},"featured_media":17874,"comment_status":"open","ping_status":"closed","template":"","meta":{"_et_pb_use_builder":"","_et_pb_old_content":"","_et_gb_content_width":""},"product_brand":[],"product_cat":[1546],"product_tag":[1547,1496],"class_list":{"0":"post-18947","1":"product","2":"type-product","3":"status-publish","4":"has-post-thumbnail","6":"product_cat-boom-cylinders","7":"product_tag-boom-cylinders","8":"product_tag-hydraulic-cylinders","10":"first","11":"instock","12":"shipping-taxable","13":"product-type-simple"},"amp_enabled":true,"_links":{"self":[{"href":"https:\/\/www.hydraulic-cylinders.net\/ro\/wp-json\/wp\/v2\/product\/18947","targetHints":{"allow":["GET"]}}],"collection":[{"href":"https:\/\/www.hydraulic-cylinders.net\/ro\/wp-json\/wp\/v2\/product"}],"about":[{"href":"https:\/\/www.hydraulic-cylinders.net\/ro\/wp-json\/wp\/v2\/types\/product"}],"replies":[{"embeddable":true,"href":"https:\/\/www.hydraulic-cylinders.net\/ro\/wp-json\/wp\/v2\/comments?post=18947"}],"wp:featuredmedia":[{"embeddable":true,"href":"https:\/\/www.hydraulic-cylinders.net\/ro\/wp-json\/wp\/v2\/media\/17874"}],"wp:attachment":[{"href":"https:\/\/www.hydraulic-cylinders.net\/ro\/wp-json\/wp\/v2\/media?parent=18947"}],"wp:term":[{"taxonomy":"product_brand","embeddable":true,"href":"https:\/\/www.hydraulic-cylinders.net\/ro\/wp-json\/wp\/v2\/product_brand?post=18947"},{"taxonomy":"product_cat","embeddable":true,"href":"https:\/\/www.hydraulic-cylinders.net\/ro\/wp-json\/wp\/v2\/product_cat?post=18947"},{"taxonomy":"product_tag","embeddable":true,"href":"https:\/\/www.hydraulic-cylinders.net\/ro\/wp-json\/wp\/v2\/product_tag?post=18947"}],"curies":[{"name":"wp","href":"https:\/\/api.w.org\/{rel}","templated":true}]}}