{"id":18948,"date":"2025-04-07T06:03:42","date_gmt":"2025-04-07T06:03:42","guid":{"rendered":"https:\/\/www.hydraulic-cylinders.net\/product\/boom-cylinder-for-caterpillar-middle-excavator-e240bl\/"},"modified":"2025-04-07T06:03:44","modified_gmt":"2025-04-07T06:03:44","slug":"boom-cylinder-for-caterpillar-middle-excavator-e240bl","status":"publish","type":"product","link":"https:\/\/www.hydraulic-cylinders.net\/ro\/produs\/boom-cylinder-for-caterpillar-middle-excavator-e240bl\/","title":{"rendered":"Cilindru bra\u021b pentru excavator mijlociu Caterpillar E240BL"},"content":{"rendered":"<h1>Cilindru bra\u021b pentru excavator mijlociu Caterpillar E240BL<\/h1>\n<h2>Prezentare general\u0103 a produsului<\/h2>\n<p>Cilindrul hidraulic pentru excavatorul Caterpillar E240BL este o component\u0103 crucial\u0103 utilizat\u0103 \u00een sistemele hidraulice pentru a controla mi\u0219carea bra\u021bului excavatorului. Acest cilindru hidraulic permite ridicarea, cobor\u00e2rea \u0219i \u00eenclinarea precis\u0103 a bra\u021bului, facilit\u00e2nd diverse sarcini de manipulare a materialelor. Fiind un cilindru hidraulic specializat, este conceput pentru a rezista cerin\u021belor riguroase ale utilajelor grele \u0219i asigur\u0103 performan\u021be optime \u00een proiectele de construc\u021bii \u0219i excava\u021bii.<\/p>\n<p><img decoding=\"async\" src=\"https:\/\/www.hydraulic-cylinders.net\/wp-content\/uploads\/2025\/04\/songte-company-1.webp\" alt=\"Cilindru hidraulic\"><\/p>\n<h3>Defini\u021bie \u0219i func\u021bionalitate<\/h3>\n<p>Cilindrii cupei, precum cilindrul bra\u021bului pentru Caterpillar E240BL, sunt parte integrant\u0103 a func\u021bion\u0103rii utilajelor grele, cum ar fi excavatoarele, excavatoarele \u0219i \u00eenc\u0103rc\u0103toarele frontale. Ace\u0219ti cilindri hidraulici permit cupei s\u0103 \u00eendeplineasc\u0103 func\u021bii esen\u021biale, inclusiv ridicarea, cobor\u00e2rea \u0219i \u00eenclinarea, care sunt vitale pentru sarcini precum s\u0103parea \u0219i transportul materialelor. Designul acestor cilindri asigur\u0103 o func\u021bionare lin\u0103, permi\u021b\u00e2nd un control mai bun asupra mi\u0219c\u0103rilor utilajelor \u0219i sporind productivitatea pe \u0219antiere. Sistemele hidraulice se bazeaz\u0103 pe presiunea uleiului hidraulic pentru a crea for\u021b\u0103, ceea ce face ca ace\u0219ti cilindri s\u0103 fie esen\u021biali pentru o func\u021bionare eficient\u0103 \u0219i eficace \u00een diverse aplica\u021bii.<\/p>\n<h2>Caracteristici cheie<\/h2>\n<ul>\n<li><strong>Rezisten\u021b\u0103 \u0219i durabilitate ridicate:<\/strong> Construi\u021bi din o\u021bel sau aluminiu de \u00eenalt\u0103 rezisten\u021b\u0103, ace\u0219ti cilindri pot rezista la presiuni ridicate \u0219i sarcini grele, fiind potrivi\u021bi pentru condi\u021bii de lucru dure.<\/li>\n<li><strong>Func\u021bionare hidraulic\u0103 eficient\u0103:<\/strong> Utiliz\u00e2nd presiunea uleiului hidraulic, cilindrul asigur\u0103 o extensie \u0219i o retragere lin\u0103, asigur\u00e2nd un r\u0103spuns rapid la comenzile de control \u0219i oferind o for\u021b\u0103 puternic\u0103 de \u00eempingere-tragere.<\/li>\n<li><strong>Diverse tipuri disponibile:<\/strong> Op\u021biunile includ cilindri cu ac\u021biune simpl\u0103 (utilizare hidraulic\u0103 \u00eentr-o singur\u0103 direc\u021bie) \u0219i cu ac\u021biune dubl\u0103 (utilizare hidraulic\u0103 \u00een ambele direc\u021bii), care r\u0103spund diverselor nevoi opera\u021bionale.<\/li>\n<li><strong>Design compact:<\/strong> Unele modele au un design telescopic, permi\u021b\u00e2nd o extindere mai mare f\u0103r\u0103 a cre\u0219te dimensiunile exterioare, ideal pentru aplica\u021bii \u00een spa\u021bii \u00eenguste.<\/li>\n<li><strong>Considera\u021bii privind \u00eentre\u021binerea:<\/strong> Concepu\u021bi av\u00e2nd \u00een vedere rezisten\u021ba la uzur\u0103 \u0219i coroziune, cilindrii no\u0219tri sunt construi\u021bi pentru a rezista, reduc\u00e2nd frecven\u021ba \u0219i costurile asociate cu repara\u021biile.<\/li>\n<\/ul>\n<p>Ne specializ\u0103m \u00een producerea de cilindri hidraulici de \u00eenalt\u0103 calitate care \u00eenlocuiesc perfect modelele existente, asigur\u00e2nd compatibilitate \u0219i performan\u021be optime.<\/p>\n<p><img decoding=\"async\" src=\"https:\/\/www.hydraulic-cylinders.net\/wp-content\/uploads\/2025\/04\/songte-cylinder-head-with-all-kinds-excavator-models.webp\" alt=\"Modele de excavatoare\"><\/p>\n<h2>Scenarii de aplica\u021bii<\/h2>\n<h3>Echipamente de construc\u021bii<\/h3>\n<p>\u00cen utilajele de construc\u021bii, \u00een special \u00een excavatoare, cilindrii bra\u021bului sunt vitali pentru s\u0103pare, \u00eenc\u0103rcare \u0219i mutarea p\u0103m\u00e2ntului sau a resturilor. Ace\u0219ti cilindri ofer\u0103 for\u021ba necesar\u0103 pentru ridicarea sarcinilor grele, permi\u021b\u00e2nd operatorilor s\u0103 efectueze sarcinile eficient \u0219i \u00een siguran\u021b\u0103. Capacitatea de mi\u0219care precis\u0103 \u00eei face indispensabili \u00een \u0219antierele de construc\u021bii unde precizia este crucial\u0103 pentru manipularea materialelor \u0219i gestionarea \u0219antierului.<\/p>\n<h3>Ma\u0219ini agricole<\/h3>\n<p>\u00cen agricultur\u0103, \u00eenc\u0103rc\u0103toarele frontale utilizeaz\u0103 ace\u0219ti cilindri pentru \u00eenc\u0103rcarea, ridicarea \u0219i transportul solului, f\u00e2nului \u0219i altor materiale. Rezisten\u021ba \u0219i fiabilitatea cilindrului bra\u021bului faciliteaz\u0103 diverse sarcini, de la \u00eenc\u0103rcarea cerealelor la mutarea balo\u021bilor grei, \u00eembun\u0103t\u0103\u021bind astfel productivitatea \u00een opera\u021biunile agricole.<\/p>\n<h3>Excavatoare<\/h3>\n<p>La excavatoare, cilindrul cupei permite ac\u021biuni eficiente de s\u0103pare, permi\u021b\u00e2nd cupei s\u0103 p\u0103trund\u0103 \u00een sol. Aceast\u0103 ac\u021biune este esen\u021bial\u0103 pentru sarcini precum s\u0103parea de \u0219an\u021buri, nivelarea \u0219i preg\u0103tirea \u0219antierului, ceea ce face ca cilindrul bra\u021bului s\u0103 fie o component\u0103 critic\u0103 \u00een proiectele de excavare.<\/p>\n<h3>\u00cenc\u0103rc\u0103toare<\/h3>\n<p>La \u00eenc\u0103rc\u0103toarele frontale, cilindrii bra\u021bului ajut\u0103 la ridicarea \u0219i desc\u0103rcarea eficient\u0103 a materialelor. Capacitatea lor de a manipula sarcini grele, men\u021bin\u00e2nd \u00een acela\u0219i timp stabilitatea, este crucial\u0103 pentru asigurarea unei func\u021bion\u0103ri sigure \u0219i eficiente \u00een timpul activit\u0103\u021bilor de \u00eenc\u0103rcare \u0219i desc\u0103rcare.<\/p>\n<h2>Considera\u021bii de proiectare \u0219i criterii de selec\u021bie<\/h2>\n<h3>Capacitate de \u00eenc\u0103rcare<\/h3>\n<p>Atunci c\u00e2nd selecta\u021bi un cilindru pentru bra\u021b, este esen\u021bial s\u0103 lua\u021bi \u00een considerare capacitatea sa de \u00eenc\u0103rcare. Cilindrul trebuie s\u0103 fie capabil s\u0103 suporte greutatea maxim\u0103 pe care excavatorul trebuie s\u0103 o ridice sau s\u0103 o deplaseze. Acest lucru asigur\u0103 c\u0103 echipamentul func\u021bioneaz\u0103 \u00een siguran\u021b\u0103 \u0219i eficient, prevenind poten\u021biale defec\u021biuni \u00een timpul func\u021bion\u0103rii. Produc\u0103torii furnizeaz\u0103 de obicei specifica\u021bii care detaliaz\u0103 capacit\u0103\u021bile de \u00eenc\u0103rcare, ajut\u00e2nd utilizatorii s\u0103 aleag\u0103 modelul adecvat \u00een func\u021bie de nevoile lor opera\u021bionale.<\/p>\n<h3>Sigilare<\/h3>\n<p>Etan\u0219area eficient\u0103 este esen\u021bial\u0103 \u00een cilindrii hidraulici pentru a preveni scurgerile de fluid \u0219i a men\u021bine presiunea. Garniturile de \u00eenalt\u0103 calitate, fabricate din materiale durabile, cum ar fi poliuretanul \u0219i cauciucul nitrilic, pot rezista la condi\u021bii extreme \u0219i la uzur\u0103. Designul ar trebui s\u0103 includ\u0103 mai multe garnituri plasate strategic pentru a spori longevitatea \u0219i performan\u021ba cilindrului, asigur\u00e2nd fiabilitatea \u00een timpul func\u021bion\u0103rii.<\/p>\n<h3>Durabilitate<\/h3>\n<p>Durabilitatea este o considera\u021bie major\u0103 la proiectarea cilindrilor hidraulici. Materialele utilizate trebuie s\u0103 reziste la uzura cauzat\u0103 de func\u021bionarea continu\u0103 \u00een medii dure. \u00cen plus, caracteristici precum tratamentele de suprafa\u021b\u0103 pot spori rezisten\u021ba la coroziune, prelungind \u0219i mai mult durata de via\u021b\u0103 a cilindrului. Durabilitatea asigur\u0103 c\u0103 cilindrul func\u021bioneaz\u0103 eficient \u00een timp, reduc\u00e2nd necesitatea \u00eenlocuirilor sau repara\u021biilor frecvente.<\/p>\n<h3>Caracteristici de siguran\u021b\u0103<\/h3>\n<p>Siguran\u021ba este primordial\u0103 \u00een sistemele hidraulice. Proiectarea cilindrului bra\u021bului ar trebui s\u0103 includ\u0103 caracteristici de siguran\u021b\u0103, cum ar fi supapele de suprapresiune, pentru a preveni supra\u00eenc\u0103rcarea \u0219i poten\u021bialele defec\u021biuni. Aceste mecanisme ajut\u0103 la asigurarea func\u021bion\u0103rii echipamentului \u00een limite de siguran\u021b\u0103, protej\u00e2nd at\u00e2t utilajele, c\u00e2t \u0219i operatorul. Asigurarea integr\u0103rii caracteristicilor de siguran\u021b\u0103 \u00een proiectare este esen\u021bial\u0103 pentru promovarea siguran\u021bei opera\u021bionale.<\/p>\n<h3>Accesibilitate pentru \u00eentre\u021binere<\/h3>\n<p>Proiectarea cilindrilor hidraulici pentru o \u00eentre\u021binere u\u0219oar\u0103 este crucial\u0103. Caracteristicile care permit accesul facil la garnituri \u0219i fitinguri permit inspec\u021bii \u0219i repara\u021bii rapide. Aceast\u0103 accesibilitate poate reduce semnificativ timpul de nefunc\u021bionare \u0219i costurile de \u00eentre\u021binere, asigur\u00e2nd \u00een acela\u0219i timp c\u0103 echipamentul r\u0103m\u00e2ne \u00een stare optim\u0103 de func\u021bionare. Un cilindru bine proiectat poate simplifica verific\u0103rile de rutin\u0103 \u0219i procedurile de \u00eentre\u021binere, sporind eficien\u021ba opera\u021bional\u0103 general\u0103.<\/p>\n<p><img decoding=\"async\" src=\"https:\/\/www.hydraulic-cylinders.net\/wp-content\/uploads\/2025\/04\/songte-oil-pipes-and-spare-parts.webp\" alt=\"Conducte de petrol \u0219i piese de schimb\"><\/p>\n<h2>Etan\u0219are \u0219i lubrifiere<\/h2>\n<p>Etan\u0219area \u0219i lubrifierea corespunz\u0103toare sunt vitale pentru func\u021bionarea eficient\u0103 a cilindrilor hidraulici. Diverse elemente de etan\u0219are, cum ar fi etan\u0219\u0103rile pistonului \u0219i etan\u0219\u0103rile tijei, sunt esen\u021biale pentru prevenirea scurgerilor \u0219i men\u021binerea presiunii hidraulice. Etan\u0219\u0103rile fabricate din materiale precum poliuretanul \u0219i cauciucul nitrilic ofer\u0103 o durabilitate excelent\u0103 \u0219i rezisten\u021b\u0103 la uzur\u0103.<\/p>\n<p>Corpul cilindrului \u0219i suprafe\u021bele filetate ale cap\u0103tului sunt supuse unor prelucr\u0103ri fine pentru a spori rezisten\u021ba la uzur\u0103, asigur\u00e2nd o durat\u0103 de via\u021b\u0103 mai lung\u0103. Lubrifierea regulat\u0103 este necesar\u0103 pentru a men\u021bine func\u021bionalitatea cilindrului. Operatorii trebuie s\u0103 adauge periodic uleiul hidraulic corespunz\u0103tor pentru a asigura o func\u021bionare lin\u0103 \u0219i a preveni deteriorarea cauzat\u0103 de uzur\u0103, prelungind astfel durata de via\u021b\u0103 a cilindrului.<\/p>\n<h2>Inspec\u021bie regulat\u0103 \u0219i \u00eentre\u021binere preventiv\u0103<\/h2>\n<ul>\n<li><strong>Inspec\u021bii de rutin\u0103:<\/strong> Efectua\u021bi inspec\u021bii regulate ale cilindrului hidraulic pentru a verifica dac\u0103 exist\u0103 scurgeri sau semne de uzur\u0103. Depistarea timpurie a poten\u021bialelor probleme poate preveni repara\u021bii costisitoare \u0219i perioade de nefunc\u021bionare neplanificate.<\/li>\n<li><strong>Lubrifiere adecvat\u0103:<\/strong> Asigura\u021bi-v\u0103 c\u0103 nivelurile uleiului hidraulic sunt adecvate \u0219i c\u0103 lubrifierea este efectuat\u0103 conform instruc\u021biunilor produc\u0103torului. Lubrifierea adecvat\u0103 minimizeaz\u0103 frecarea \u0219i uzura, promov\u00e2nd o durat\u0103 de via\u021b\u0103 mai lung\u0103 a cilindrului.<\/li>\n<li><strong>\u00cenlocuirea garniturii:<\/strong> Verifica\u021bi periodic garniturile pentru degrad\u0103ri sau deterior\u0103ri. \u00cenlocuirea prompt\u0103 a garniturilor uzate poate preveni scurgerile \u0219i men\u021bine presiunea hidraulic\u0103, asigur\u00e2nd performan\u021be optime.<\/li>\n<\/ul>\n<h2>Instruc\u021biuni de instalare<\/h2>\n<p>Instalarea corect\u0103 a cilindrului bra\u021bului este crucial\u0103 pentru performan\u021ba \u0219i longevitatea acestuia. \u00cencepe\u021bi prin a v\u0103 asigura c\u0103 spa\u021biul de lucru este curat \u0219i f\u0103r\u0103 resturi pentru a preveni contaminarea \u00een timpul instal\u0103rii. Este esen\u021bial s\u0103 alinia\u021bi corect cilindrul cu suporturile de montare pentru a evita solicit\u0103rile excesive asupra componentelor.<\/p>\n<p>Utiliza\u021bi console de montare adecvate pentru a fixa cilindrul ferm \u00een pozi\u021bie. Acest lucru nu numai c\u0103 asigur\u0103 stabilitatea, dar permite \u0219i func\u021bionarea corect\u0103. Dup\u0103 instalare, verifica\u021bi toate conexiunile \u0219i verifica\u021bi dac\u0103 exist\u0103 scurgeri \u00eenainte de a utiliza ma\u0219ina. Respectarea instruc\u021biunilor de instalare specifice produc\u0103torului este vital\u0103 pentru atingerea standardelor de performan\u021b\u0103 \u0219i siguran\u021b\u0103 dorite.<\/p>\n<h2>Sarcini comune de \u00eentre\u021binere<\/h2>\n<h3>Inspec\u021bii regulate<\/h3>\n<p>Efectuarea inspec\u021biilor regulate este esen\u021bial\u0103 pentru men\u021binerea func\u021bionalit\u0103\u021bii cilindrilor hidraulici. Inspecta\u021bi pentru semne de uzur\u0103, scurgeri sau deteriorare pentru a v\u0103 asigura c\u0103 cilindrul func\u021bioneaz\u0103 eficient. O rutin\u0103 de inspec\u021bii am\u0103nun\u021bite poate identifica poten\u021bialele probleme \u00eenainte ca acestea s\u0103 escaladeze, ajut\u00e2nd la evitarea repara\u021biilor costisitoare \u0219i a timpilor de nefunc\u021bionare.<\/p>\n<h3>Lubrifiere adecvat\u0103<\/h3>\n<p>Men\u021binerea unei lubrifieri adecvate este esen\u021bial\u0103 pentru reducerea frec\u0103rii dintre piesele mobile. Verifica\u021bi periodic nivelurile fluidului hidraulic \u0219i completa\u021bi-l dup\u0103 cum este necesar. Asigurarea func\u021bion\u0103rii corecte a sistemului de lubrifiere va ajuta la prevenirea uzurii premature a cilindrului, prelungindu-i durata de via\u021b\u0103.<\/p>\n<h3>\u00cenlocuirea garniturii \u0219i verific\u0103ri ale calibr\u0103rii<\/h3>\n<p>\u00cenlocuirea periodic\u0103 a garniturilor este vital\u0103 pentru a preveni scurgerile \u0219i a men\u021bine presiunea hidraulic\u0103. Verific\u0103rile regulate de calibrare asigur\u0103 c\u0103 cilindrul func\u021bioneaz\u0103 \u00een parametrii specifica\u021bi. Cilindrii alinia\u021bi \u0219i calibra\u021bi corect sporesc eficien\u021ba \u0219i eficacitatea, ceea ce face crucial\u0103 abordarea prompt\u0103 a acestor sarcini.<\/p>\n<h2>Considera\u021bii de siguran\u021b\u0103 \u0219i factori de mediu<\/h2>\n<p>Atunci c\u00e2nd se utilizeaz\u0103 cilindri hidraulici, implementarea m\u0103surilor de siguran\u021b\u0103 este esen\u021bial\u0103. Operatorii trebuie s\u0103 poarte \u00eentotdeauna echipament individual de protec\u021bie (EIP) adecvat \u0219i s\u0103 respecte instruc\u021biunile de siguran\u021b\u0103 \u00een timpul func\u021bion\u0103rii. \u00cen plus, asigurarea \u00eentre\u021binerii corespunz\u0103toare a sistemului hidraulic reduce la minimum riscul de accidente \u0219i defec\u021biuni ale echipamentelor.<\/p>\n<h2>Diagnosticarea defec\u021biunilor \u0219i probleme frecvente<\/h2>\n<ul>\n<li><strong>Scurgere:<\/strong> De obicei, cauzat\u0103 de uzura garniturilor de etan\u0219are, care poate duce la reducerea presiunii hidraulice. Verifica\u021bi \u0219i \u00eenlocui\u021bi garniturile dup\u0103 cum este necesar pentru a men\u021bine integritatea.<\/li>\n<li><strong>R\u0103spuns lent:<\/strong> Aceast\u0103 problem\u0103 poate ap\u0103rea din cauza unei lipse de lichid hidraulic sau aer \u00een sistem. Asigura\u021bi-v\u0103 c\u0103 nivelurile de lichid sunt adecvate \u0219i aerisi\u021bi sistemul pentru a elimina aerul prins.<\/li>\n<li><strong>Supra\u00eenc\u0103lzire:<\/strong> Supra\u00eenc\u0103lzirea poate deteriora componentele; verifica\u021bi dac\u0103 exist\u0103 blocaje \u00een sistemul de r\u0103cire \u0219i asigura\u021bi o circula\u021bie corespunz\u0103toare a fluidului.<\/li>\n<\/ul>\n<h2>Sfaturi de depanare<\/h2>\n<p>Pentru a diagnostica \u0219i rezolva eficient problemele, operatorii ar trebui s\u0103 consulte ghidul de depanare al produc\u0103torului. Practicile regulate de \u00eentre\u021binere, cum ar fi lubrifierea componentelor \u0219i verificarea scurgerilor, pot preveni multe probleme comune. Luarea de m\u0103suri preventive \u0219i remedierea prompt\u0103 a problemelor minore pot reduce semnificativ riscul de defec\u021biuni majore.<\/p>\n<p><img decoding=\"async\" src=\"https:\/\/www.hydraulic-cylinders.net\/wp-content\/uploads\/2025\/04\/songte-bushings-with-all-kinds-of-excavator-models.webp\" alt=\"Buc\u0219e pentru excavator\"><\/p>\n<h2>Prezentare general\u0103 a companiei<\/h2>\n<p>Suntem un produc\u0103tor \u0219i distribuitor angro de top de cilindri hidraulici, oferind o gam\u0103 divers\u0103 de produse at\u00e2t pie\u021belor interne, c\u00e2t \u0219i interna\u021bionale. Dedica\u021bi excelen\u021bei, strategia noastr\u0103 de produc\u021bie valorific\u0103 practici de fabrica\u021bie fine \u0219i echipamente digitale avansate, asigur\u00e2nd rezultate de \u00eenalt\u0103 calitate.<\/p>\n<p>Echipa noastr\u0103 de exper\u021bi tehnici \u00eembun\u0103t\u0103\u021be\u0219te continuu platforma noastr\u0103 de produc\u021bie, concentr\u00e2ndu-se pe rute de produc\u021bie de calitate \u0219i inova\u021bie robust\u0103. Prioritiz\u0103m eficien\u021ba, precizia \u0219i calitatea, \u00eendeplinind nevoile variate ale clien\u021bilor no\u0219tri prin servicii personalizate \u0219i certific\u0103ri interna\u021bionale.<\/p>\n<p><img decoding=\"async\" src=\"https:\/\/www.hydraulic-cylinders.net\/wp-content\/uploads\/2025\/04\/songte-company-4.webp\" alt=\"Prezentare general\u0103 a companiei\"><br \/>\n<img decoding=\"async\" src=\"https:\/\/www.hydraulic-cylinders.net\/wp-content\/uploads\/2025\/04\/songte-company-3.webp\" alt=\"Unitate de produc\u021bie\"><\/p>\n<p>Autor: lyl<\/p>","protected":false},"excerpt":{"rendered":"<p>Boom Cylinder For Caterpillar Middle Excavator E240BL Product Overview The Boom Cylinder for Caterpillar Middle Excavator E240BL is a crucial component used in hydraulic systems to control the movement of the excavator&#8217;s boom. This hydraulic cylinder allows for the precise lifting, lowering, and tilting of the boom, facilitating various material handling tasks. As a specialized [&hellip;]<\/p>","protected":false},"featured_media":17875,"comment_status":"open","ping_status":"closed","template":"","meta":{"_et_pb_use_builder":"","_et_pb_old_content":"","_et_gb_content_width":""},"product_brand":[],"product_cat":[1546],"product_tag":[1547,1496],"class_list":{"0":"post-18948","1":"product","2":"type-product","3":"status-publish","4":"has-post-thumbnail","6":"product_cat-boom-cylinders","7":"product_tag-boom-cylinders","8":"product_tag-hydraulic-cylinders","10":"first","11":"instock","12":"shipping-taxable","13":"product-type-simple"},"amp_enabled":true,"_links":{"self":[{"href":"https:\/\/www.hydraulic-cylinders.net\/ro\/wp-json\/wp\/v2\/product\/18948","targetHints":{"allow":["GET"]}}],"collection":[{"href":"https:\/\/www.hydraulic-cylinders.net\/ro\/wp-json\/wp\/v2\/product"}],"about":[{"href":"https:\/\/www.hydraulic-cylinders.net\/ro\/wp-json\/wp\/v2\/types\/product"}],"replies":[{"embeddable":true,"href":"https:\/\/www.hydraulic-cylinders.net\/ro\/wp-json\/wp\/v2\/comments?post=18948"}],"wp:featuredmedia":[{"embeddable":true,"href":"https:\/\/www.hydraulic-cylinders.net\/ro\/wp-json\/wp\/v2\/media\/17875"}],"wp:attachment":[{"href":"https:\/\/www.hydraulic-cylinders.net\/ro\/wp-json\/wp\/v2\/media?parent=18948"}],"wp:term":[{"taxonomy":"product_brand","embeddable":true,"href":"https:\/\/www.hydraulic-cylinders.net\/ro\/wp-json\/wp\/v2\/product_brand?post=18948"},{"taxonomy":"product_cat","embeddable":true,"href":"https:\/\/www.hydraulic-cylinders.net\/ro\/wp-json\/wp\/v2\/product_cat?post=18948"},{"taxonomy":"product_tag","embeddable":true,"href":"https:\/\/www.hydraulic-cylinders.net\/ro\/wp-json\/wp\/v2\/product_tag?post=18948"}],"curies":[{"name":"wp","href":"https:\/\/api.w.org\/{rel}","templated":true}]}}