{"id":18951,"date":"2025-04-07T06:03:49","date_gmt":"2025-04-07T06:03:49","guid":{"rendered":"https:\/\/www.hydraulic-cylinders.net\/product\/boom-cylinder-for-caterpillar-middle-excavator-e33202\/"},"modified":"2025-04-07T06:03:52","modified_gmt":"2025-04-07T06:03:52","slug":"boom-cylinder-for-caterpillar-middle-excavator-e33202","status":"publish","type":"product","link":"https:\/\/www.hydraulic-cylinders.net\/ro\/produs\/boom-cylinder-for-caterpillar-middle-excavator-e33202\/","title":{"rendered":"Cilindru bra\u021b pentru excavator mijlociu Caterpillar E33202"},"content":{"rendered":"<h1>Cilindru bra\u021b pentru excavator mijlociu Caterpillar E33202<\/h1>\n<h2>Introducere \u00een cilindrul bra\u021bului<\/h2>\n<p>Cel\/Cea\/Cei\/Cele <strong>Cilindru bra\u021b pentru excavator mijlociu Caterpillar E33202<\/strong> este o component\u0103 crucial\u0103 conceput\u0103 special pentru utilaje grele. Acest cilindru hidraulic este esen\u021bial pentru controlul mi\u0219c\u0103rii cupei excavatorului, permi\u021b\u00e2ndu-i ridicarea, cobor\u00e2rea \u0219i \u00eenclinarea. Cilindrul bra\u021bului joac\u0103 un rol vital \u00een sistemul hidraulic al echipamentelor de construc\u021bii, permi\u021b\u00e2nd sarcini eficiente de manipulare a materialelor.<\/p>\n<p>Cilindrul cupei, un tip de cilindru hidraulic, este proiectat pentru a gestiona complexitatea utilajelor grele, cum ar fi excavatoarele, excavatoarele \u0219i \u00eenc\u0103rc\u0103toarele frontale. Acesta \u00eembun\u0103t\u0103\u021be\u0219te eficien\u021ba opera\u021bional\u0103 prin furnizarea for\u021bei necesare pentru a manipula pozi\u021bia cupei cu precizie.<\/p>\n<p><img decoding=\"async\" src=\"https:\/\/www.hydraulic-cylinders.net\/wp-content\/uploads\/2025\/04\/songte-company-1.webp\" alt=\"Cilindru de bra\u021b pentru excavator\" \/><\/p>\n<h2>Caracteristici cheie ale cilindrului bra\u021bului<\/h2>\n<ul>\n<li><strong>Rezisten\u021b\u0103 \u0219i durabilitate ridicate:<\/strong> Fabrica\u021bi din o\u021bel sau aluminiu de \u00eenalt\u0103 rezisten\u021b\u0103, ace\u0219ti cilindri sunt construi\u021bi pentru a rezista la presiuni ridicate \u0219i sarcini grele, ceea ce \u00eei face potrivi\u021bi pentru condi\u021bii de lucru dure. Sunt proiecta\u021bi cu rezisten\u021b\u0103 la uzur\u0103 \u0219i coroziune pentru a le prelungi durata de via\u021b\u0103.<\/li>\n<li><strong>Func\u021bionare hidraulic\u0103 eficient\u0103:<\/strong> Utilizarea presiunii uleiului hidraulic permite o extensie \u0219i o retragere lin\u0103, permi\u021b\u00e2nd un r\u0103spuns rapid la comenzile de control \u0219i oferind o for\u021b\u0103 substan\u021bial\u0103 de \u00eempingere \u0219i tragere, ideal\u0103 pentru sarcini grele \u0219i complexe.<\/li>\n<li><strong>Varietate de tipuri:<\/strong> Disponibil \u00een configura\u021bii cu ac\u021biune simpl\u0103 (folosind puterea hidraulic\u0103 \u00eentr-o singur\u0103 direc\u021bie) sau cu ac\u021biune dubl\u0103 (folosind puterea hidraulic\u0103 \u00een ambele direc\u021bii), iar unele modele sunt telescopice, permi\u021b\u00e2nd o extensie mai mare f\u0103r\u0103 a cre\u0219te dimensiunile exterioare, potrivite pentru aplica\u021bii cu spa\u021biu limitat.<\/li>\n<li><strong>Fabrica\u021bie personalizat\u0103:<\/strong> Produsele noastre \u00eenlocuiesc perfect cilindrii hidraulici existen\u021bi, asigur\u00e2nd o integrare perfect\u0103 \u0219i o performan\u021b\u0103 fiabil\u0103.<\/li>\n<\/ul>\n<p><img decoding=\"async\" src=\"https:\/\/www.hydraulic-cylinders.net\/wp-content\/uploads\/2025\/04\/songte-cylinder-head-with-all-kinds-excavator-models.webp\" alt=\"Modele de excavatoare\" \/><\/p>\n<h2>Aplica\u021bii ale cilindrului bra\u021bului<\/h2>\n<h3>Echipamente de construc\u021bii<\/h3>\n<p>\u00cen echipamentele de construc\u021bii, cilindrul bra\u021bului este esen\u021bial pentru excavatoare, crucial pentru s\u0103pare, \u00eenc\u0103rcare \u0219i mutarea p\u0103m\u00e2ntului sau a molozului. Acesta permite manipularea precis\u0103 \u0219i eficient\u0103 a materialelor, ceea ce \u00eel face un instrument vital pe orice \u0219antier.<\/p>\n<h3>Ma\u0219ini agricole<\/h3>\n<p>La \u00eenc\u0103rc\u0103toarele frontale, cilindrul bra\u021bului este utilizat pentru scoaterea, ridicarea \u0219i transportul solului, f\u00e2nului \u0219i altor materiale. Designul s\u0103u robust asigur\u0103 performan\u021be fiabile \u00een sarcinile agricole, unde eficien\u021ba este esen\u021bial\u0103.<\/p>\n<h3>Excavatoare<\/h3>\n<p>Cilindrul bra\u021bului permite excavatoarelor s\u0103 p\u0103trund\u0103 eficient \u00een sol, facilit\u00e2nd opera\u021biunile de s\u0103pare. Acesta ofer\u0103 for\u021ba necesar\u0103 pentru a manevra cupa prin diferite tipuri de sol, sporind productivitatea excava\u021biei.<\/p>\n<h3>\u00cenc\u0103rc\u0103toare<\/h3>\n<p>La \u00eenc\u0103rc\u0103toarele frontale, cilindrii bra\u021bului ajut\u0103 la ridicarea \u0219i desc\u0103rcarea eficient\u0103 a \u00eenc\u0103rc\u0103turilor. Capacitatea lor de a exercita o for\u021b\u0103 semnificativ\u0103 permite operatorilor s\u0103 gestioneze cu u\u0219urin\u021b\u0103 materiale grele, cresc\u00e2nd eficien\u021ba opera\u021bional\u0103 general\u0103.<\/p>\n<h2>Considera\u021bii de proiectare \u0219i criterii de selec\u021bie<\/h2>\n<ul>\n<li><strong>Capacitate de \u00eenc\u0103rcare:<\/strong> Proiectul trebuie s\u0103 suporte sarcina maxim\u0103 pentru a asigura siguran\u021ba \u0219i eficien\u021ba. O \u00een\u021belegere aprofundat\u0103 a cerin\u021belor de sarcin\u0103 informeaz\u0103 selec\u021bia specifica\u021biilor adecvate ale cilindrului.<\/li>\n<li><strong>Etan\u0219are:<\/strong> Etan\u0219area eficient\u0103 este esen\u021bial\u0103 pentru a preveni scurgerile de fluid hidraulic. Etan\u0219\u0103rile de calitate \u00eembun\u0103t\u0103\u021besc performan\u021ba \u0219i prelungesc durata de via\u021b\u0103 prin men\u021binerea presiunii hidraulice \u00een sistem.<\/li>\n<li><strong>Durabilitate:<\/strong> Materialele utilizate \u00een construc\u021bia cilindrului trebuie s\u0103 reziste factorilor de mediu \u0219i solicit\u0103rilor mecanice. Selectarea materialelor rezistente la coroziune este esen\u021bial\u0103 pentru longevitate.<\/li>\n<li><strong>Siguran\u0163\u0103:<\/strong> \u00cen proiect trebuie incluse elemente de siguran\u021b\u0103, cum ar fi supapele de suprapresiune, pentru a gestiona supratensiunile nea\u0219teptate \u0219i a preveni defectarea echipamentelor.<\/li>\n<li><strong>Mentenabilitate:<\/strong> Proiectarea pentru u\u0219urin\u021b\u0103 \u00een \u00eentre\u021binere, cum ar fi punctele de ungere accesibile \u0219i garniturile \u00eenlocuibile, asigur\u0103 c\u0103 sistemul hidraulic r\u0103m\u00e2ne func\u021bional cu timpi de nefunc\u021bionare minimi.<\/li>\n<\/ul>\n<p><img decoding=\"async\" src=\"https:\/\/www.hydraulic-cylinders.net\/wp-content\/uploads\/2025\/04\/songte-oil-pipes-and-spare-parts.webp\" alt=\"\u021aevi hidraulice \u0219i piese de schimb\" \/><\/p>\n<h2>Etan\u0219area \u0219i lubrifierea cilindrului bra\u021bului<\/h2>\n<p>Etan\u0219area \u0219i lubrifierea eficiente sunt esen\u021biale pentru performan\u021ba cilindrului bra\u021bului. Diverse etan\u0219\u0103ri, cum ar fi etan\u0219\u0103rile pistonului \u0219i etan\u0219\u0103rile tijei, sunt utilizate pentru a men\u021bine presiunea hidraulic\u0103 \u0219i a preveni scurgerile de fluid. Materiale precum poliuretanul \u0219i cauciucul nitrilic sunt alese pentru rezisten\u021ba lor la uzur\u0103, asigur\u00e2nd longevitatea \u00een aplica\u021bii solicitante.<\/p>\n<p>Corpul cilindrului \u0219i capetele filetate sunt supuse unor prelucr\u0103ri de precizie pentru a spori rezisten\u021ba la uzur\u0103, contribuind la durabilitatea general\u0103. Este necesar\u0103 o lubrifiere regulat\u0103, necesit\u00e2nd reumpleri periodice cu ulei hidraulic pentru a men\u021bine performan\u021be optime \u0219i a reduce frecarea dintre piesele mobile.<\/p>\n<h2>Inspec\u021bie regulat\u0103 \u0219i \u00eentre\u021binere preventiv\u0103<\/h2>\n<ul>\n<li><strong>Inspec\u021bii regulate:<\/strong> Efectuarea inspec\u021biilor de rutin\u0103 ajut\u0103 la identificarea semnelor timpurii de uzur\u0103, scurgeri sau deteriorare. Operatorii ar trebui s\u0103 verifice orice sunete sau mi\u0219c\u0103ri anormale \u00een timpul func\u021bion\u0103rii.<\/li>\n<li><strong>Lubrifiere adecvat\u0103:<\/strong> Lubrifierea regulat\u0103 a cilindrului este necesar\u0103 pentru a asigura o func\u021bionare lin\u0103. Utilizarea tipului \u0219i cantit\u0103\u021bii corecte de ulei hidraulic este crucial\u0103 pentru men\u021binerea performan\u021bei.<\/li>\n<li><strong>\u00cenlocuirea garniturii:<\/strong> \u00cen timp, garniturile se pot uza \u0219i pot necesita \u00eenlocuire. Verific\u0103rile regulate ale integrit\u0103\u021bii garniturilor pot preveni scurgerile de fluid hidraulic \u0219i pot men\u021bine presiunea \u00een sistem.<\/li>\n<\/ul>\n<h2>Instruc\u021biuni de instalare pentru cilindrul bra\u021bului<\/h2>\n<p>Instalarea corect\u0103 a cilindrului bra\u021bului este esen\u021bial\u0103 pentru func\u021bionalitate \u0219i siguran\u021b\u0103. \u00cencepe\u021bi prin a v\u0103 asigura c\u0103 zona de lucru este curat\u0103 \u0219i lipsit\u0103 de resturi. Alinia\u021bi cilindrul cu precizie cu punctele de montare, utiliz\u00e2nd consolele de montare corespunz\u0103toare pentru a-l fixa \u00een pozi\u021bie.<\/p>\n<p>\u00cenainte de str\u00e2ngere, asigura\u021bi-v\u0103 c\u0103 liniile hidraulice sunt pozi\u021bionate corect. Dup\u0103 aliniere, conecta\u021bi liniile hidraulice \u0219i verifica\u021bi dac\u0103 exist\u0103 eventuale obstruc\u021bii. Dup\u0103 instalare, umple\u021bi sistemul hidraulic cu uleiul recomandat \u0219i elimina\u021bi aerul din sistem pentru a asigura o performan\u021b\u0103 optim\u0103.<\/p>\n<p>Monitoriza\u021bi periodic func\u021bionarea cilindrului dup\u0103 instalare pentru a v\u0103 asigura c\u0103 func\u021bioneaz\u0103 f\u0103r\u0103 probleme \u0219i eficient, efectu\u00e2nd ajust\u0103rile necesare.<\/p>\n<h2>Sarcini de \u00eentre\u021binere pentru cilindrul bra\u021bului<\/h2>\n<ul>\n<li><strong>Inspec\u021bii regulate:<\/strong> Asigura\u021bi-v\u0103 c\u0103 sunt efectuate inspec\u021bii regulate pentru a detecta orice semne de uzur\u0103 sau deteriorare. Depistarea timpurie poate preveni probleme mai mari pe viitor.<\/li>\n<li><strong>Lubrifiere adecvat\u0103:<\/strong> Men\u021bine\u021bi o lubrifiere adecvat\u0103 pentru a minimiza frecarea \u0219i uzura. Folosi\u021bi uleiul hidraulic recomandat pentru a asigura compatibilitatea cu materialele cilindrului.<\/li>\n<li><strong>\u00cenlocuirea garniturii \u0219i verific\u0103ri ale calibr\u0103rii:<\/strong> Verifica\u021bi periodic garniturile pentru uzur\u0103 \u0219i \u00eenlocui\u021bi-le dup\u0103 cum este necesar. Verific\u0103rile de calibrare asigur\u0103 c\u0103 cilindrul func\u021bioneaz\u0103 \u00een parametrii specifica\u021bi, sporind performan\u021ba \u0219i siguran\u021ba.<\/li>\n<\/ul>\n<h2>Considera\u021bii de siguran\u021b\u0103 \u0219i factori de mediu<\/h2>\n<p>M\u0103surile de siguran\u021b\u0103 sunt primordiale atunci c\u00e2nd se utilizeaz\u0103 cilindri hidraulici. Operatorii trebuie s\u0103 fie instrui\u021bi pentru a \u00een\u021belege pericolele poten\u021biale asociate cu sistemele hidraulice, inclusiv riscul de scurgeri de \u00eenalt\u0103 presiune \u0219i defec\u021biuni ale echipamentelor. Trebuie purtat echipament de siguran\u021b\u0103 adecvat, iar echipamentele trebuie \u00eentre\u021binute periodic pentru a atenua riscurile. Considera\u021biile de mediu includ asigurarea elimin\u0103rii corecte a fluidelor hidraulice pentru a preveni contaminarea \u0219i respectarea reglement\u0103rilor privind zgomotul \u0219i emisiile provenite de la ma\u0219inile hidraulice.<\/p>\n<h2>Depanare \u0219i probleme frecvente<\/h2>\n<ul>\n<li><strong>Scurgere:<\/strong> De obicei cauzate de garnituri uzate sau corp cilindru deteriorat. Inspec\u021biile regulate \u0219i repara\u021biile imediate sunt esen\u021biale pentru a preveni pierderea de fluid hidraulic.<\/li>\n<li><strong>Putere insuficient\u0103:<\/strong> Poate indica niveluri sc\u0103zute de lichid hidraulic sau deterior\u0103ri interne \u00een cilindru. Verifica\u021bi nivelurile de lichid \u0219i inspecta\u021bi pentru probleme interne.<\/li>\n<li><strong>Zgomote anormale:<\/strong> Sunetele neobi\u0219nuite din timpul func\u021bion\u0103rii pot sugera o nealiniere sau o defec\u021biune mecanic\u0103. Investigarea imediat\u0103 este crucial\u0103 pentru a preveni deteriorarea ulterioar\u0103.<\/li>\n<\/ul>\n<h2>Sfaturi \u0219i solu\u021bii pentru depanare<\/h2>\n<p>Pentru a diagnostica \u0219i rezolva eficient problemele legate de cilindrul bra\u021bului, operatorii ar trebui s\u0103 urmeze o abordare sistematic\u0103. \u00cencepe\u021bi prin efectuarea unei inspec\u021bii vizuale a cilindrului, verific\u00e2nd dac\u0103 exist\u0103 scurgeri, fisuri sau nealinieri. Dac\u0103 apar probleme de alimentare, examina\u021bi nivelurile fluidului hidraulic \u0219i asigura\u021bi-v\u0103 c\u0103 sistemul nu con\u021bine aer. Pentru zgomote anormale, verifica\u021bi toate conexiunile \u0219i elementele de fixare \u0219i asigura\u021bi-v\u0103 c\u0103 cilindrul este fixat corespunz\u0103tor.<\/p>\n<p>M\u0103surile preventive includ men\u021binerea unui program regulat de \u00eentre\u021binere, utilizarea fluidelor hidraulice de calitate \u0219i asigurarea instruirii operatorilor cu privire la utilizarea sigur\u0103 \u0219i eficient\u0103 a echipamentelor pentru a minimiza poten\u021bialele probleme.<\/p>\n<p><img decoding=\"async\" src=\"https:\/\/www.hydraulic-cylinders.net\/wp-content\/uploads\/2025\/04\/songte-bushings-with-all-kinds-of-excavator-models.webp\" alt=\"Buc\u0219e pentru modele de excavatoare\" \/><\/p>\n<h2>Despre compania noastr\u0103<\/h2>\n<p>Suntem un produc\u0103tor important de cilindri hidraulici de schimb, av\u00e2nd o gam\u0103 complet\u0103 de produse. Angajamentul nostru fa\u021b\u0103 de excelen\u021b\u0103 ne-a pozi\u021bionat printre cei mai importan\u021bi produc\u0103tori \u0219i distribuitori angro de cilindri hidraulici, at\u00e2t pe pie\u021bele interne, c\u00e2t \u0219i pe cele interna\u021bionale. Respect\u0103m standarde stricte de calitate \u0219i folosim strategii avansate de fabrica\u021bie pentru a ne \u00eembun\u0103t\u0103\u021bi capacit\u0103\u021bile de produc\u021bie.<\/p>\n<p>Compania noastr\u0103 combin\u0103 profesioni\u0219ti califica\u021bi cu echipamente de produc\u021bie de ultim\u0103 genera\u021bie \u0219i un sistem robust de testare, asigur\u00e2nd cea mai \u00eenalt\u0103 calitate a produselor noastre. Ne dedic\u0103m satisfacerii nevoilor diverse ale clien\u021bilor no\u0219tri prin solu\u021bii personalizate \u0219i servicii post-v\u00e2nzare de neegalat.<\/p>\n<p><img decoding=\"async\" src=\"https:\/\/www.hydraulic-cylinders.net\/wp-content\/uploads\/2025\/04\/songte-company-4.webp\" alt=\"Prezentare general\u0103 a companiei\" \/><br \/>\n<img decoding=\"async\" src=\"https:\/\/www.hydraulic-cylinders.net\/wp-content\/uploads\/2025\/04\/songte-company-3.webp\" alt=\"Companie de produc\u021bie\" \/><\/p>\n<p>Autor: lyl<\/p>","protected":false},"excerpt":{"rendered":"<p>Boom Cylinder For Caterpillar Middle Excavator E33202 Introduction to the Boom Cylinder The Boom Cylinder for Caterpillar Middle Excavator E33202 is a crucial component designed specifically for heavy machinery. This hydraulic cylinder is essential for controlling the movement of the excavator&#8217;s bucket, allowing it to lift, lower, and tilt. The boom cylinder plays a vital [&hellip;]<\/p>","protected":false},"featured_media":17878,"comment_status":"open","ping_status":"closed","template":"","meta":{"_et_pb_use_builder":"","_et_pb_old_content":"","_et_gb_content_width":""},"product_brand":[],"product_cat":[1546],"product_tag":[1547,1496],"class_list":{"0":"post-18951","1":"product","2":"type-product","3":"status-publish","4":"has-post-thumbnail","6":"product_cat-boom-cylinders","7":"product_tag-boom-cylinders","8":"product_tag-hydraulic-cylinders","10":"first","11":"instock","12":"shipping-taxable","13":"product-type-simple"},"amp_enabled":true,"_links":{"self":[{"href":"https:\/\/www.hydraulic-cylinders.net\/ro\/wp-json\/wp\/v2\/product\/18951","targetHints":{"allow":["GET"]}}],"collection":[{"href":"https:\/\/www.hydraulic-cylinders.net\/ro\/wp-json\/wp\/v2\/product"}],"about":[{"href":"https:\/\/www.hydraulic-cylinders.net\/ro\/wp-json\/wp\/v2\/types\/product"}],"replies":[{"embeddable":true,"href":"https:\/\/www.hydraulic-cylinders.net\/ro\/wp-json\/wp\/v2\/comments?post=18951"}],"wp:featuredmedia":[{"embeddable":true,"href":"https:\/\/www.hydraulic-cylinders.net\/ro\/wp-json\/wp\/v2\/media\/17878"}],"wp:attachment":[{"href":"https:\/\/www.hydraulic-cylinders.net\/ro\/wp-json\/wp\/v2\/media?parent=18951"}],"wp:term":[{"taxonomy":"product_brand","embeddable":true,"href":"https:\/\/www.hydraulic-cylinders.net\/ro\/wp-json\/wp\/v2\/product_brand?post=18951"},{"taxonomy":"product_cat","embeddable":true,"href":"https:\/\/www.hydraulic-cylinders.net\/ro\/wp-json\/wp\/v2\/product_cat?post=18951"},{"taxonomy":"product_tag","embeddable":true,"href":"https:\/\/www.hydraulic-cylinders.net\/ro\/wp-json\/wp\/v2\/product_tag?post=18951"}],"curies":[{"name":"wp","href":"https:\/\/api.w.org\/{rel}","templated":true}]}}