{"id":18953,"date":"2025-04-07T06:03:54","date_gmt":"2025-04-07T06:03:54","guid":{"rendered":"https:\/\/www.hydraulic-cylinders.net\/product\/boom-cylinder-for-caterpillar-middle-excavator-e300-300b\/"},"modified":"2025-04-07T06:03:56","modified_gmt":"2025-04-07T06:03:56","slug":"boom-cylinder-for-caterpillar-middle-excavator-e300-300b","status":"publish","type":"product","link":"https:\/\/www.hydraulic-cylinders.net\/ro\/produs\/boom-cylinder-for-caterpillar-middle-excavator-e300-300b\/","title":{"rendered":"Cilindru bra\u021b pentru excavator mijlociu Caterpillar E300\/300B"},"content":{"rendered":"<h1>Cilindru bra\u021b pentru excavator mijlociu Caterpillar E300\/300B<\/h1>\n<h2>Prezentare general\u0103 a produsului<\/h2>\n<p>Cilindrul bra\u021bului este o component\u0103 vital\u0103 pentru excavatoarele Caterpillar de tip mediu, \u00een special pentru modelele E300 \u0219i E300B. Acest cilindru hidraulic joac\u0103 un rol crucial \u00een controlul mi\u0219c\u0103rii diferitelor ata\u0219amente pentru utilaje grele, cum ar fi cupele. Acesta permite ridicarea, cobor\u00e2rea \u0219i \u00eenclinarea cupei, f\u0103c\u00e2nd sarcinile de manipulare a materialelor mult mai eficiente \u0219i mai eficace.<\/p>\n<p>Cilindrul cupei este un tip de cilindru hidraulic special conceput pentru utilaje grele. Ace\u0219ti cilindri faciliteaz\u0103 ac\u021biuni esen\u021biale precum s\u0103parea, ridicarea \u0219i transportul materialelor. Performan\u021ba sistemului hidraulic se bazeaz\u0103 \u00een mare m\u0103sur\u0103 pe func\u021bionalitatea cilindrului cupei, deoarece acesta traduce presiunea hidraulic\u0103 \u00een mi\u0219care mecanic\u0103. Designul s\u0103u asigur\u0103 func\u021bionarea sub presiune ridicat\u0103 \u0219i \u00een condi\u021bii de lucru dificile, ceea ce \u00eel face o alegere robust\u0103 pentru diverse aplica\u021bii.<\/p>\n<p><img decoding=\"async\" src=\"https:\/\/www.hydraulic-cylinders.net\/wp-content\/uploads\/2025\/04\/songte-company-1.webp\" alt=\"Cilindru de bra\u021b pentru excavatoare\" \/><\/p>\n<h2>Caracteristici cheie<\/h2>\n<ul>\n<li><strong>Rezisten\u021b\u0103 \u0219i durabilitate ridicate:<\/strong> Construi\u021bi din o\u021bel sau aluminiu de \u00eenalt\u0103 rezisten\u021b\u0103, ace\u0219ti cilindri sunt concepu\u021bi pentru a rezista la presiuni ridicate \u0219i sarcini grele, fiind potrivi\u021bi pentru medii de lucru dure. Designul pune, de asemenea, accentul pe rezisten\u021ba la uzur\u0103 \u0219i la coroziune, prelungind semnificativ durata de via\u021b\u0103 a produsului.<\/li>\n<li><strong>Func\u021bionare hidraulic\u0103 eficient\u0103:<\/strong> Cilindrul utilizeaz\u0103 presiunea uleiului hidraulic pentru a realiza o extensie \u0219i o retragere lin\u0103, oferind un r\u0103spuns rapid la comenzile de control. Aceast\u0103 caracteristic\u0103 ofer\u0103 capacit\u0103\u021bi puternice de \u00eempingere \u0219i tragere, ideale pentru manipularea obiectelor grele \u0219i a sarcinilor opera\u021bionale complexe.<\/li>\n<li><strong>Diverse tipuri:<\/strong> Clien\u021bii pot alege \u00eentre cilindri cu ac\u021biune simpl\u0103 \u0219i cu ac\u021biune dubl\u0103, \u00een func\u021bie de nevoile lor opera\u021bionale. Unele modele sunt telescopice, permi\u021b\u00e2nd o extensie mai mare f\u0103r\u0103 a cre\u0219te dimensiunile exterioare, ceea ce este deosebit de benefic \u00een aplica\u021biile cu spa\u021biu limitat.<\/li>\n<\/ul>\n<h2>Excelen\u021b\u0103 \u00een produc\u021bie<\/h2>\n<p>Avem capacitatea de a produce acest produs, iar ofertele noastre \u00eenlocuiesc perfect cilindrii hidraulici existen\u021bi. Cilindrii no\u0219tri sunt proiecta\u021bi pentru a \u00eendeplini standardele industriei, asigur\u00e2nd compatibilitatea \u0219i fiabilitatea performan\u021bei.<\/p>\n<p><img decoding=\"async\" src=\"https:\/\/www.hydraulic-cylinders.net\/wp-content\/uploads\/2025\/04\/songte-cylinder-head-with-all-kinds-excavator-models.webp\" alt=\"Produc\u021bia de cilindri hidraulici\" \/><\/p>\n<h2>Aplica\u021bii<\/h2>\n<ul>\n<li><strong>Echipamente de construc\u021bii:<\/strong> Cilindrii hidraulici se g\u0103sesc frecvent \u00een excavatoare, unde sunt esen\u021biali pentru s\u0103pare, \u00eenc\u0103rcare \u0219i mutarea solului sau a resturilor. \u00cen cazul \u00eenc\u0103rc\u0103toarelor excavatoare, cilindrul cupei ajut\u0103 at\u00e2t la sarcinile de excavare, c\u00e2t \u0219i la cele de ridicare, asigur\u00e2nd eficien\u021ba pe \u0219antierele de construc\u021bii.<\/li>\n<li><strong>Ma\u0219ini agricole:<\/strong> La \u00eenc\u0103rc\u0103toarele frontale, ace\u0219ti cilindri sunt vitali pentru scobere, ridicare \u0219i transportul materialelor precum solul, f\u00e2nul \u0219i alte produse agricole, \u00eembun\u0103t\u0103\u021bind productivitatea \u00een opera\u021biunile agricole.<\/li>\n<li><strong>Excavatoare:<\/strong> Cilindrul cupei permite cupei excavatorului s\u0103 p\u0103trund\u0103 eficient \u00een sol, ceea ce o face o component\u0103 cheie \u00een opera\u021biunile de terasament.<\/li>\n<li><strong>\u00cenc\u0103rc\u0103toare:<\/strong> \u00cen cazul \u00eenc\u0103rc\u0103toarelor frontale, acestea ajut\u0103 la ridicarea \u0219i desc\u0103rcarea sarcinilor, juc\u00e2nd un rol esen\u021bial \u00een manipularea eficient\u0103 a materialelor.<\/li>\n<\/ul>\n<h2>Considera\u021bii de proiectare \u0219i criterii de selec\u021bie<\/h2>\n<h3>Capacitate de \u00eenc\u0103rcare<\/h3>\n<p>Atunci c\u00e2nd selecta\u021bi un cilindru pentru bra\u021b, este esen\u021bial s\u0103 lua\u021bi \u00een considerare capacitatea sa de \u00eenc\u0103rcare. Cilindrul trebuie s\u0103 fie proiectat pentru a suporta greutatea maxim\u0103 pe care o va \u00eent\u00e2lni \u00een timpul func\u021bion\u0103rii. Aceasta \u00eenseamn\u0103 evaluarea specifica\u021biilor de presiune hidraulic\u0103 \u0219i a rezisten\u021bei mecanice a materialelor utilizate \u00een construc\u021bia sa.<\/p>\n<h3>Integritatea etan\u0219\u0103rii<\/h3>\n<p>Etan\u0219area este esen\u021bial\u0103 \u00een sistemele hidraulice pentru a preveni scurgerile \u0219i a men\u021bine presiunea. Un cilindru bine proiectat va avea etan\u0219\u0103ri de \u00eenalt\u0103 calitate, care pot rezista efectelor corozive ale fluidelor hidraulice \u0219i solicit\u0103rilor mecanice de func\u021bionare. Verific\u0103rile \u0219i \u00eentre\u021binerea regulat\u0103 a etan\u0219\u0103rilor sunt esen\u021biale pentru a asigura longevitatea \u0219i eficien\u021ba cilindrului.<\/p>\n<h3>Durabilitate<\/h3>\n<p>Durabilitatea cuprinde at\u00e2t durata de via\u021b\u0103 fizic\u0103, c\u00e2t \u0219i cea opera\u021bional\u0103 a cilindrului. Un cilindru durabil va rezista la uzur\u0103, \u00een special \u00een aplica\u021bii grele. Materialele utilizate ar trebui s\u0103 fie rezistente la abraziune \u0219i coroziune, care pot afecta semnificativ performan\u021ba cilindrului \u00een timp.<\/p>\n<h3>Caracteristici de siguran\u021b\u0103<\/h3>\n<p>Siguran\u021ba este esen\u021bial\u0103 atunci c\u00e2nd se lucreaz\u0103 cu sisteme hidraulice. Proiectarea cilindrului bra\u021bului trebuie s\u0103 includ\u0103 caracteristici de siguran\u021b\u0103 pentru a preveni defec\u021biunile sub sarcin\u0103. Aceasta include luarea \u00een considerare a mecanismelor de protec\u021bie la suprasarcin\u0103 \u0219i a unei construc\u021bii robuste care s\u0103 poat\u0103 rezista la circumstan\u021be neprev\u0103zute.<\/p>\n<h3>Considera\u021bii privind \u00eentre\u021binerea<\/h3>\n<p>\u00centre\u021binerea este un aspect vital al oric\u0103rui sistem hidraulic. Designul cilindrului ar trebui s\u0103 faciliteze o \u00eentre\u021binere u\u0219oar\u0103, inclusiv accesul la garnituri \u0219i puncte de lubrifiere. Un cilindru u\u0219or de \u00eentre\u021binut va asigura o durat\u0103 de via\u021b\u0103 mai lung\u0103 \u0219i o performan\u021b\u0103 mai bun\u0103, reduc\u00e2nd riscul unor perioade de nefunc\u021bionare costisitoare.<\/p>\n<p><img decoding=\"async\" src=\"https:\/\/www.hydraulic-cylinders.net\/wp-content\/uploads\/2025\/04\/songte-oil-pipes-and-spare-parts.webp\" alt=\"Piese cilindru hidraulic\" \/><\/p>\n<h2>Etan\u0219are \u0219i lubrifiere<\/h2>\n<p>Etan\u0219area eficient\u0103 este esen\u021bial\u0103 pentru func\u021bionalitatea cilindrilor hidraulici. Diverse componente de etan\u0219are, cum ar fi etan\u0219\u0103rile pistonului \u0219i etan\u0219\u0103rile tijei, sunt utilizate pentru a men\u021bine presiunea \u0219i a preveni scurgerile de fluid. Etan\u0219\u0103rile fabricate din materiale durabile, precum poliuretanul \u0219i cauciucul nitrilic, ofer\u0103 o rezisten\u021b\u0103 excelent\u0103 la uzur\u0103. \u00cen plus, corpul cilindrului \u0219i capetele filetate sunt supuse unor prelucr\u0103ri fine pentru a le spori durabilitatea la uzur\u0103.<\/p>\n<p>Lubrifierea regulat\u0103 cu uleiuri hidraulice este esen\u021bial\u0103 pentru o performan\u021b\u0103 optim\u0103. Uleiul reduce frecarea dintre piesele mobile \u0219i asigur\u0103 o func\u021bionare lin\u0103. Pentru a men\u021bine eficien\u021ba sistemului hidraulic, este necesar s\u0103 verifica\u021bi \u0219i s\u0103 completa\u021bi periodic fluidul hidraulic.<\/p>\n<h2>M\u0103suri de \u00eentre\u021binere preventiv\u0103<\/h2>\n<ul>\n<li><strong>Inspec\u021bii regulate:<\/strong> Efectua\u021bi verific\u0103ri de rutin\u0103 pentru a depista semne de uzur\u0103, scurgeri sau deteriorare. Depistarea timpurie a problemelor poate preveni apari\u021bia unor probleme mai semnificative pe viitor.<\/li>\n<li><strong>Lubrifiere la timp:<\/strong> Asigura\u021bi-v\u0103 c\u0103 cilindrul este lubrifiat corespunz\u0103tor \u00een permanen\u021b\u0103. Folosi\u021bi fluidul hidraulic recomandat \u0219i urma\u021bi instruc\u021biunile produc\u0103torului privind intervalele de lubrifiere.<\/li>\n<li><strong>\u00cenlocuirea garniturii:<\/strong> \u00cenlocui\u021bi garniturile \u00een mod regulat, \u00een func\u021bie de frecven\u021ba de utilizare \u0219i de condi\u021biile de func\u021bionare. Garniturile uzate pot duce la scurgeri \u0219i la o eficien\u021b\u0103 redus\u0103, a\u0219adar \u00eenlocuirea la timp este esen\u021bial\u0103.<\/li>\n<\/ul>\n<h2>Instruc\u021biuni de instalare<\/h2>\n<p>Instalarea corect\u0103 a cilindrului bra\u021bului este esen\u021bial\u0103 pentru performan\u021ba \u0219i longevitatea acestuia. \u00cencepe\u021bi prin a v\u0103 asigura c\u0103 suprafe\u021bele de montare sunt curate \u0219i f\u0103r\u0103 resturi. Alinia\u021bi corect cilindrul cu punctele de fixare folosind unelte adecvate pentru a preveni nealinierea, care poate duce la uzur\u0103 prematur\u0103 sau defec\u021biuni.<\/p>\n<p>Dup\u0103 aliniere, fixa\u021bi cilindrul \u00een siguran\u021b\u0103 folosind accesoriile recomandate. Este esen\u021bial s\u0103 respecta\u021bi specifica\u021biile de cuplu ale produc\u0103torului \u00een timpul instal\u0103rii pentru a v\u0103 asigura c\u0103 toate conexiunile sunt str\u00e2nse \u0219i sigure. Dup\u0103 instalare, testa\u021bi cilindrul func\u021bion\u00e2ndu-l \u00een condi\u021bii controlate pentru a confirma c\u0103 func\u021bioneaz\u0103 corect \u0219i c\u0103 \u00eendepline\u0219te a\u0219tept\u0103rile de performan\u021b\u0103.<\/p>\n<h2>Sarcini comune de \u00eentre\u021binere<\/h2>\n<ul>\n<li><strong>Inspec\u021bii regulate:<\/strong> Verifica\u021bi periodic cilindrul pentru semne de uzur\u0103 sau deteriorare. Inspec\u021biile ar trebui s\u0103 includ\u0103 examinarea garniturilor \u0219i asigurarea c\u0103 nu exist\u0103 scurgeri de lichid.<\/li>\n<li><strong>Lubrifiere adecvat\u0103:<\/strong> Asigura\u021bi-v\u0103 c\u0103 toate piesele mobile sunt lubrifiate corespunz\u0103tor cu uleiul hidraulic corect. Acest lucru ajut\u0103 la reducerea frec\u0103rii \u0219i la prelungirea duratei de via\u021b\u0103 a cilindrului.<\/li>\n<li><strong>\u00cenlocuirea garniturii \u0219i verific\u0103ri ale calibr\u0103rii:<\/strong> Verifica\u021bi periodic garniturile pentru uzur\u0103 \u0219i \u00eenlocui\u021bi-le dup\u0103 cum este necesar. De asemenea, trebuie efectuat\u0103 calibrarea sistemului hidraulic pentru a v\u0103 asigura c\u0103 cilindrul func\u021bioneaz\u0103 \u00een parametrii specifica\u021bi.<\/li>\n<\/ul>\n<h2>Considera\u021bii privind siguran\u021ba \u0219i mediul<\/h2>\n<p>Atunci c\u00e2nd lucra\u021bi cu cilindri hidraulici, este important s\u0103 acorda\u021bi prioritate m\u0103surilor de siguran\u021b\u0103. Respecta\u021bi \u00eentotdeauna instruc\u021biunile produc\u0103torului privind operarea \u0219i \u00eentre\u021binerea pentru a preveni accidentele. Instruirea adecvat\u0103 a operatorilor este esen\u021bial\u0103 pentru a minimiza riscurile asociate cu sistemele hidraulice, inclusiv poten\u021bialele v\u0103t\u0103m\u0103ri corporale cauzate de scurgeri sau defec\u021biuni ale cilindrilor. De asemenea, trebuie luate \u00een considerare aspectele legate de mediu, asigur\u00e2ndu-se c\u0103 orice scurgeri sau scurgeri sunt controlate \u0219i tratate prompt pentru a evita contaminarea.<\/p>\n<h2>Depanarea problemelor comune<\/h2>\n<ul>\n<li><strong>Scurgeri de fluid hidraulic:<\/strong> Cauzele frecvente includ garnituri uzate sau corpuri de cilindru deteriorate. Verifica\u021bi pentru scurgeri vizibile \u0219i \u00eenlocui\u021bi garniturile dup\u0103 cum este necesar.<\/li>\n<li><strong>Mi\u0219care inadecvat\u0103 a cilindrului:<\/strong> Acest lucru poate fi cauzat de niveluri sc\u0103zute de lichid hidraulic sau blocaje \u00een sistemul hidraulic. Verifica\u021bi nivelurile de lichid \u0219i \u00eendep\u0103rta\u021bi orice obstruc\u021bii.<\/li>\n<li><strong>Supra\u00eenc\u0103lzire:<\/strong> C\u0103ldura excesiv\u0103 poate indica o frecare prea mare sau o lubrifiere inadecvat\u0103. Asigura\u021bi o lubrifiere corespunz\u0103toare \u0219i verifica\u021bi dac\u0103 exist\u0103 semne de uzur\u0103.<\/li>\n<\/ul>\n<h2>Sfaturi pentru rezolvarea problemelor<\/h2>\n<p>Depanarea eficient\u0103 \u00eencepe cu o abordare sistematic\u0103 a identific\u0103rii problemelor. \u00centre\u021binerea \u0219i inspec\u021biile regulate pot ajuta la atenuarea poten\u021bialelor probleme \u00eenainte ca acestea s\u0103 se agraveze. Dac\u0103 apare o problem\u0103, consulta\u021bi instruc\u021biunile produc\u0103torului pentru pa\u0219ii specifici de depanare.<\/p>\n<p>Implementa\u021bi m\u0103suri preventive, cum ar fi inspec\u021biile de rutin\u0103 \u0219i \u00eenlocuirile la timp, pentru a minimiza problemele viitoare. Instruirea operatorilor cu privire la utilizarea \u0219i \u00eengrijirea corect\u0103 a cilindrilor hidraulici poate, de asemenea, reduce semnificativ poten\u021bialele probleme.<\/p>\n<p><img decoding=\"async\" src=\"https:\/\/www.hydraulic-cylinders.net\/wp-content\/uploads\/2025\/04\/songte-bushings-with-all-kinds-of-excavator-models.webp\" alt=\"Buc\u0219e pentru excavatoare\" \/><\/p>\n<h2>Despre compania noastr\u0103<\/h2>\n<p>Suntem un produc\u0103tor \u0219i distribuitor angro de top de cilindri hidraulici de schimb, oferind o gam\u0103 complet\u0103 de produse care satisfac diversele cerin\u021be ale pie\u021bei. Angajamentul nostru fa\u021b\u0103 de excelen\u021b\u0103 se reflect\u0103 \u00een strategiile noastre rafinate de fabrica\u021bie, care valorific\u0103 tehnologia avansat\u0103 \u0219i profesioni\u0219tii califica\u021bi pentru a \u00eembun\u0103t\u0103\u021bi calitatea produc\u021biei.<\/p>\n<p>Compania noastr\u0103 se m\u00e2ndre\u0219te cu respectarea standardelor \u0219i certific\u0103rilor interna\u021bionale de calitate, asigur\u00e2ndu-se c\u0103 produsele noastre \u00eendeplinesc cele mai \u00eenalte standarde din industrie. Oferim solu\u021bii personalizate, adaptate nevoilor specifice ale clien\u021bilor, sus\u021binute de un suport robust post-v\u00e2nzare pentru a asigura satisfac\u021bia clien\u021bilor \u0219i longevitatea produselor.<\/p>\n<p><img decoding=\"async\" src=\"https:\/\/www.hydraulic-cylinders.net\/wp-content\/uploads\/2025\/04\/songte-company-4.webp\" alt=\"Companie de produc\u021bie\" \/><br \/>\n<img decoding=\"async\" src=\"https:\/\/www.hydraulic-cylinders.net\/wp-content\/uploads\/2025\/04\/songte-company-3.webp\" alt=\"Prezentare general\u0103 a companiei\" \/><\/p>\n<p>Autor: lyl<\/p>","protected":false},"excerpt":{"rendered":"<p>Boom Cylinder For Caterpillar Middle Excavator E300\/300B Product Overview The Boom Cylinder is a vital component for Caterpillar Middle Excavators, specifically the E300 and E300B models. This hydraulic cylinder plays a crucial role in controlling the movement of various heavy machinery attachments, such as buckets. It enables the lifting, lowering, and tilting of the bucket, [&hellip;]<\/p>","protected":false},"featured_media":17880,"comment_status":"open","ping_status":"closed","template":"","meta":{"_et_pb_use_builder":"","_et_pb_old_content":"","_et_gb_content_width":""},"product_brand":[],"product_cat":[1546],"product_tag":[1547,1496],"class_list":{"0":"post-18953","1":"product","2":"type-product","3":"status-publish","4":"has-post-thumbnail","6":"product_cat-boom-cylinders","7":"product_tag-boom-cylinders","8":"product_tag-hydraulic-cylinders","10":"first","11":"instock","12":"shipping-taxable","13":"product-type-simple"},"amp_enabled":true,"_links":{"self":[{"href":"https:\/\/www.hydraulic-cylinders.net\/ro\/wp-json\/wp\/v2\/product\/18953","targetHints":{"allow":["GET"]}}],"collection":[{"href":"https:\/\/www.hydraulic-cylinders.net\/ro\/wp-json\/wp\/v2\/product"}],"about":[{"href":"https:\/\/www.hydraulic-cylinders.net\/ro\/wp-json\/wp\/v2\/types\/product"}],"replies":[{"embeddable":true,"href":"https:\/\/www.hydraulic-cylinders.net\/ro\/wp-json\/wp\/v2\/comments?post=18953"}],"wp:featuredmedia":[{"embeddable":true,"href":"https:\/\/www.hydraulic-cylinders.net\/ro\/wp-json\/wp\/v2\/media\/17880"}],"wp:attachment":[{"href":"https:\/\/www.hydraulic-cylinders.net\/ro\/wp-json\/wp\/v2\/media?parent=18953"}],"wp:term":[{"taxonomy":"product_brand","embeddable":true,"href":"https:\/\/www.hydraulic-cylinders.net\/ro\/wp-json\/wp\/v2\/product_brand?post=18953"},{"taxonomy":"product_cat","embeddable":true,"href":"https:\/\/www.hydraulic-cylinders.net\/ro\/wp-json\/wp\/v2\/product_cat?post=18953"},{"taxonomy":"product_tag","embeddable":true,"href":"https:\/\/www.hydraulic-cylinders.net\/ro\/wp-json\/wp\/v2\/product_tag?post=18953"}],"curies":[{"name":"wp","href":"https:\/\/api.w.org\/{rel}","templated":true}]}}