{"id":18954,"date":"2025-04-07T06:03:57","date_gmt":"2025-04-07T06:03:57","guid":{"rendered":"https:\/\/www.hydraulic-cylinders.net\/product\/boom-cylinder-for-caterpillar-middle-excavator-e320dz-bl\/"},"modified":"2025-04-07T06:03:59","modified_gmt":"2025-04-07T06:03:59","slug":"boom-cylinder-for-caterpillar-middle-excavator-e320dz-bl","status":"publish","type":"product","link":"https:\/\/www.hydraulic-cylinders.net\/ro\/produs\/boom-cylinder-for-caterpillar-middle-excavator-e320dz-bl\/","title":{"rendered":"Cilindru bra\u021b pentru excavator mijlociu Caterpillar E320DZ\/BL"},"content":{"rendered":"<h1>Cilindru bra\u021b pentru excavator mijlociu Caterpillar E320DZ\/BL<\/h1>\n<h2>Introducere \u00een cilindrii bra\u021bului<\/h2>\n<p>Cilindrul bra\u021bului este o component\u0103 critic\u0103 \u00een sistemele hidraulice, special conceput pentru controlul mi\u0219c\u0103rii cupelor excavatoarelor \u00een utilaje grele, cum ar fi excavatoarele, \u00eenc\u0103rc\u0103toarele cu excavator \u0219i \u00eenc\u0103rc\u0103toarele frontale. Ace\u0219ti cilindri hidraulici permit ridicarea, cobor\u00e2rea \u0219i \u00eenclinarea cupei, facilit\u00e2nd sarcini eficiente de manipulare a materialelor. Cilindrul cupei este esen\u021bial pentru realizarea unor mi\u0219c\u0103ri \u0219i opera\u021biuni precise \u00een proiectele de construc\u021bii.<\/p>\n<p><img decoding=\"async\" src=\"https:\/\/www.hydraulic-cylinders.net\/wp-content\/uploads\/2025\/04\/songte-company-1.webp\" alt=\"Cilindru de bra\u021b pentru excavatoare\" \/><\/p>\n<h3>Defini\u021bie \u0219i prezentare general\u0103<\/h3>\n<p>Un cilindru de bra\u021b este un tip de cilindru hidraulic care func\u021bioneaz\u0103 folosind presiunea uleiului hidraulic. Func\u021bia sa principal\u0103 este de a controla procesul de excavare, care include s\u0103parea, ridicarea \u0219i transportul materialelor. Designul eficient \u0219i construc\u021bia robust\u0103 a cilindrilor de bra\u021b asigur\u0103 performan\u021be optime \u00een condi\u021bii variabile, f\u0103c\u00e2ndu-i astfel indispensabili \u00een industria construc\u021biilor.<\/p>\n<h2>Caracteristicile cilindrului bra\u021bului<\/h2>\n<ul>\n<li><strong>Rezisten\u021b\u0103 \u0219i durabilitate ridicate:<\/strong> Fabrica\u021bi din o\u021bel sau aluminiu de \u00eenalt\u0103 rezisten\u021b\u0103, ace\u0219ti cilindri pot rezista la presiuni ridicate \u0219i sarcini grele, fiind potrivi\u021bi pentru medii de lucru dure.<\/li>\n<li><strong>Func\u021bionare hidraulic\u0103 eficient\u0103:<\/strong> Acestea utilizeaz\u0103 presiunea uleiului hidraulic pentru extensii \u0219i contrac\u021bii line, r\u0103spunz\u00e2nd rapid la comenzile opera\u021bionale \u0219i oferind for\u021be puternice de \u00eempingere \u0219i tragere.<\/li>\n<li><strong>Diverse tipuri:<\/strong> Cilindrii bra\u021bului pot fi selecta\u021bi ca fiind cu ac\u021biune simpl\u0103 (folosind sistemul hidraulic \u00eentr-o singur\u0103 direc\u021bie) sau cu ac\u021biune dubl\u0103 (folosind sistemul hidraulic \u00een ambele direc\u021bii) pentru a satisface diferite nevoi opera\u021bionale. Unele modele sunt telescopice, permi\u021b\u00e2nd o extensie mai mare f\u0103r\u0103 a cre\u0219te dimensiunile exterioare.<\/li>\n<li><strong>Tehnologie avansat\u0103 de etan\u0219are:<\/strong> Echipat cu garnituri de \u00eenalt\u0103 calitate pentru a preveni scurgerile \u0219i a asigura performan\u021be optime \u00een diverse condi\u021bii.<\/li>\n<li><strong>Solu\u021bii personalizate:<\/strong> Produsele noastre pot \u00eenlocui perfect ace\u0219ti cilindri hidraulici, oferind solu\u021bii personalizate pentru a satisface cerin\u021bele specifice ale utilajelor.<\/li>\n<\/ul>\n<p><img decoding=\"async\" src=\"https:\/\/www.hydraulic-cylinders.net\/wp-content\/uploads\/2025\/04\/songte-cylinder-head-with-all-kinds-excavator-models.webp\" alt=\"\u00cenlocuirea cilindrului hidraulic\" \/><\/p>\n<h2>Scenarii de aplica\u021bii<\/h2>\n<h3>Echipamente de construc\u021bii<\/h3>\n<p>\u00cen excavatoare, cilindrii bra\u021bului sunt cruciali pentru s\u0103pare, \u00eenc\u0103rcare \u0219i mutarea solului sau a resturilor. Ace\u0219tia permit un control precis al mi\u0219c\u0103rii cupei, sporind eficien\u021ba procesului de excavare. \u00cen cazul \u00eenc\u0103rc\u0103toarelor excavatoare, cilindrul cupei ajut\u0103 at\u00e2t la s\u0103pare, c\u00e2t \u0219i la ridicare, extinz\u00e2nd gama de aplica\u021bii pentru aceste ma\u0219ini versatile.<\/p>\n<h3>Ma\u0219ini agricole<\/h3>\n<p>\u00cen cazul \u00eenc\u0103rc\u0103toarelor frontale, cilindrii bra\u021bului sunt utiliza\u021bi pentru scoaterea, ridicarea \u0219i transportul solului, f\u00e2nului \u0219i altor materiale. Capacitatea lor de a manipula sarcini grele le face ideale pentru sarcini agricole, contribuind la eficien\u021ba opera\u021biunilor agricole.<\/p>\n<h3>Excavatoare<\/h3>\n<p>Cilindrul cupei permite excavatoarelor s\u0103 p\u0103trund\u0103 eficient \u00een sol, permi\u021b\u00e2nd s\u0103p\u0103turi ad\u00e2nci \u0219i excava\u021bii precise. Acest lucru este deosebit de important pentru proiectele care necesit\u0103 lucr\u0103ri de funda\u021bie sau instala\u021bii subterane.<\/p>\n<h3>\u00cenc\u0103rc\u0103toare<\/h3>\n<p>\u00cen cazul \u00eenc\u0103rc\u0103toarelor frontale, cilindrii bra\u021bului ajut\u0103 la ridicarea \u0219i desc\u0103rcarea m\u0103rfurilor. R\u0103spunsul lor rapid \u0219i capacit\u0103\u021bile puternice de ridicare le fac esen\u021biale pentru manipularea materialelor \u00een construc\u021bii \u0219i amenaj\u0103ri peisagistice.<\/p>\n<h2>Considera\u021bii de proiectare \u0219i criterii de selec\u021bie<\/h2>\n<h3>Capacitate de \u00eenc\u0103rcare<\/h3>\n<p>Una dintre principalele considera\u021bii de proiectare pentru un cilindru de bra\u021b este capacitatea sa de \u00eenc\u0103rcare. Aceasta determin\u0103 greutatea maxim\u0103 pe care o poate suporta \u00een siguran\u021b\u0103 \u00een timpul func\u021bion\u0103rii. Inginerii trebuie s\u0103 se asigure c\u0103 materialele \u0219i construc\u021bia cilindrului pot sus\u021bine sarcina prev\u0103zut\u0103 pentru a preveni defec\u021biunile.<\/p>\n<h3>Eficien\u021ba de etan\u0219are<\/h3>\n<p>Etan\u0219area eficient\u0103 este crucial\u0103 pentru a preveni scurgerile de fluid hidraulic, care pot duce la o sc\u0103dere a performan\u021bei \u0219i la cre\u0219terea costurilor de \u00eentre\u021binere. Selectarea unor etan\u0219\u0103ri de \u00eenalt\u0103 calitate este esen\u021bial\u0103 pentru men\u021binerea integrit\u0103\u021bii sistemului hidraulic.<\/p>\n<h3>Durabilitate<\/h3>\n<p>Durabilitatea este un factor cheie \u00een proiectarea cilindrilor bra\u021bului. Ace\u0219tia ar trebui s\u0103 poat\u0103 rezista la condi\u021bii dure de lucru, inclusiv expunerea la temperaturi extreme, murd\u0103rie \u0219i al\u021bi factori de mediu. Acest lucru se realizeaz\u0103 de obicei prin utilizarea de materiale avansate \u0219i acoperiri protectoare.<\/p>\n<h3>Caracteristici de siguran\u021b\u0103<\/h3>\n<p>Incorporarea caracteristicilor de siguran\u021b\u0103 \u00een proiectarea cilindrilor bra\u021bului este vital\u0103. Aceasta include sisteme de protec\u021bie la suprasarcin\u0103 pentru a preveni accidentele \u0219i defec\u021biunile. Asigurarea faptului c\u0103 cilindrul respect\u0103 standardele interna\u021bionale de siguran\u021b\u0103 este, de asemenea, esen\u021bial\u0103 pentru siguran\u021ba utilizatorilor.<\/p>\n<h3>Mentenabilitate<\/h3>\n<p>Proiectarea pentru mentenan\u021b\u0103 implic\u0103 asigurarea faptului c\u0103 cilindrul poate fi u\u0219or \u00eentre\u021binut \u0219i reparat. Aceasta include luarea \u00een considerare a accesibilit\u0103\u021bii componentelor \u0219i utilizarea pieselor standard pentru facilitarea repara\u021biilor.<\/p>\n<p><img decoding=\"async\" src=\"https:\/\/www.hydraulic-cylinders.net\/wp-content\/uploads\/2025\/04\/songte-oil-pipes-and-spare-parts.webp\" alt=\"Piese cilindru hidraulic\" \/><\/p>\n<h2>Etan\u0219are \u0219i lubrifiere<\/h2>\n<p>Etan\u0219area \u0219i lubrifierea corespunz\u0103toare sunt esen\u021biale pentru performan\u021ba cilindrilor bra\u021bului. Diverse componente de etan\u0219are, cum ar fi etan\u0219\u0103rile pistonului \u0219i etan\u0219\u0103rile tijei, sunt utilizate pentru a preveni scurgerile de fluid \u0219i contaminarea. Selectarea materialelor durabile, cum ar fi poliuretanul \u0219i cauciucul nitrilic, pentru etan\u0219\u0103ri spore\u0219te rezisten\u021ba la uzur\u0103 a acestora.<\/p>\n<p>Corpul cilindrului \u0219i suprafe\u021bele filetate ale cap\u0103tului trebuie s\u0103 fie finisate meticulos pentru a \u00eembun\u0103t\u0103\u021bi rezisten\u021ba la uzur\u0103. Lubrifierea regulat\u0103 cu ulei hidraulic asigur\u0103 o func\u021bionare lin\u0103 \u0219i prelunge\u0219te durata de via\u021b\u0103 a cilindrului. Este esen\u021bial s\u0103 se monitorizeze nivelurile de ulei \u0219i s\u0103 se completeze dup\u0103 cum este necesar pentru a men\u021bine performan\u021be optime.<\/p>\n<h2>M\u0103suri de \u00eentre\u021binere preventiv\u0103<\/h2>\n<ul>\n<li><strong>Inspec\u021bii regulate:<\/strong> Efectua\u021bi verific\u0103ri de rutin\u0103 ale sistemului hidraulic pentru a identifica orice semne de uzur\u0103 sau deteriorare. Acest lucru ajut\u0103 la detectarea timpurie a poten\u021bialelor probleme.<\/li>\n<li><strong>Lubrifiere adecvat\u0103:<\/strong> Asigura\u021bi-v\u0103 c\u0103 uleiul hidraulic este umplut corespunz\u0103tor \u0219i c\u0103 lubrifierea este aplicat\u0103 la intervalele recomandate pentru a men\u021bine func\u021bionalitatea cilindrului.<\/li>\n<li><strong>\u00cenlocuirea garniturii:<\/strong> Monitoriza\u021bi starea garniturilor de etan\u0219are \u0219i \u00eenlocui\u021bi-le dup\u0103 cum este necesar pentru a preveni scurgerile \u0219i a men\u021bine presiunea \u00een sistem.<\/li>\n<\/ul>\n<h2>Instruc\u021biuni de instalare<\/h2>\n<p>Instalarea corect\u0103 a unui cilindru de bra\u021b este crucial\u0103 pentru func\u021bionalitatea \u0219i longevitatea acestuia. Urma\u021bi ace\u0219ti pa\u0219i pentru o instalare corect\u0103:<\/p>\n<ol>\n<li><strong>Aliniere:<\/strong> Asigura\u021bi-v\u0103 c\u0103 cilindrul este aliniat corect cu suporturile de montare pentru a preveni solicit\u0103rile neuniforme \u00een timpul func\u021bion\u0103rii.<\/li>\n<li><strong>Folosi\u021bi suporturi de montare adecvate:<\/strong> Fixa\u021bi cilindrul folosind console adecvate care pot suporta for\u021bele aplicate \u00een timpul func\u021bion\u0103rii.<\/li>\n<li><strong>Str\u00e2nge\u021bi elementele de fixare:<\/strong> Asigura\u021bi-v\u0103 c\u0103 toate \u0219uruburile \u0219i elementele de fixare sunt str\u00e2nse conform specifica\u021biilor produc\u0103torului pentru a evita sl\u0103birea \u00een timpul func\u021bion\u0103rii.<\/li>\n<li><strong>Verifica\u021bi conexiunile hidraulice:<\/strong> Verifica\u021bi conductele hidraulice pentru a depista eventuale scurgeri sau deterior\u0103ri \u00eenainte de conectarea la sistemul hidraulic.<\/li>\n<li><strong>Verifica\u021bi func\u021bionalitatea:<\/strong> Dup\u0103 instalare, testa\u021bi func\u021bionarea cilindrului bra\u021bului pentru a v\u0103 asigura c\u0103 func\u021bioneaz\u0103 f\u0103r\u0103 probleme \u0219i f\u0103r\u0103 probleme.<\/li>\n<\/ol>\n<p><img decoding=\"async\" src=\"https:\/\/www.hydraulic-cylinders.net\/wp-content\/uploads\/2025\/04\/songte-chushion-collar.webp\" alt=\"Guler amortizor pentru cilindrul bra\u021bului\" \/><\/p>\n<h2>Considera\u021bii de siguran\u021b\u0103 \u0219i factori de mediu<\/h2>\n<p>La manipularea cilindrilor bra\u021bului, m\u0103surile de siguran\u021b\u0103 sunt esen\u021biale pentru a preveni accidentele \u0219i a asigura siguran\u021ba operatorilor. Instruirea adecvat\u0103 a operatorilor cu privire la utilizarea utilajelor hidraulice este crucial\u0103, la fel ca \u0219i respectarea protocoalelor de siguran\u021b\u0103 \u00een timpul func\u021bion\u0103rii. \u00cen plus, factorii de mediu, cum ar fi eliminarea fluidelor \u0219i poluarea fonic\u0103, trebuie lua\u021bi \u00een considerare \u00een timpul func\u021bion\u0103rii \u0219i \u00eentre\u021binerii sistemelor hidraulice.<\/p>\n<h2>Depanarea problemelor comune<\/h2>\n<ul>\n<li><strong>Scurgere de lichid hidraulic:<\/strong> Aceasta poate indica garnituri uzate sau furtunuri deteriorate. Inspecta\u021bi \u0219i \u00eenlocui\u021bi componentele defecte, dup\u0103 cum este necesar.<\/li>\n<li><strong>Mi\u0219care lent\u0103 a cilindrului:<\/strong> Acest lucru se poate datora nivelurilor sc\u0103zute de lichid hidraulic sau contamin\u0103rii. Verifica\u021bi lichidul \u0219i \u00eenlocui\u021bi-l dac\u0103 este necesar.<\/li>\n<li><strong>Zgomote neobi\u0219nuite \u00een timpul func\u021bion\u0103rii:<\/strong> Sunetele de scr\u00e2\u0219net sau \u0219uierat pot sugera probleme cu pompa hidraulic\u0103 sau cu componentele interne. Este necesar\u0103 o inspec\u021bie am\u0103nun\u021bit\u0103.<\/li>\n<\/ul>\n<h2>Diagnosticarea defec\u021biunilor \u0219i m\u0103surile preventive<\/h2>\n<p>Pentru a diagnostica eficient defec\u021biunile, urma\u021bi ace\u0219ti pa\u0219i:<\/p>\n<ul>\n<li><strong>Identifica\u021bi simptomele:<\/strong> Observa\u021bi simptomele afi\u0219ate de echipament, care pot ghida procesul de diagnosticare.<\/li>\n<li><strong>Efectua\u021bi inspec\u021bii vizuale:<\/strong> Verifica\u021bi periodic conductele hidraulice, garniturile \u0219i conexiunile pentru uzur\u0103 \u0219i deteriorare.<\/li>\n<li><strong>Implementa\u021bi m\u0103suri preventive:<\/strong> Stabili\u021bi un program de \u00eentre\u021binere periodic\u0103 pentru a minimiza poten\u021bialele probleme \u0219i a prelungi durata de via\u021b\u0103 a cilindrului.<\/li>\n<\/ul>\n<p><img decoding=\"async\" src=\"https:\/\/www.hydraulic-cylinders.net\/wp-content\/uploads\/2025\/04\/songte-bushings-with-all-kinds-of-excavator-models.webp\" alt=\"Buc\u0219e pentru cilindrul bra\u021bului\" \/><\/p>\n<h2>Prezentare general\u0103 a companiei<\/h2>\n<p>Suntem un produc\u0103tor important de cilindri hidraulici alternativi, oferind o gam\u0103 complet\u0103 de produse at\u00e2t pentru pie\u021bele interne, c\u00e2t \u0219i pentru cele interna\u021bionale. Angajamentul nostru fa\u021b\u0103 de excelen\u021b\u0103 se reflect\u0103 \u00een strategiile noastre de management al produc\u021biei industriale, prin angajarea de tehnicieni califica\u021bi, echipamente digitale avansate de fabrica\u021bie \u0219i sisteme profesionale de testare. \u00cembun\u0103t\u0103\u021bim continuu platforma noastr\u0103 de fabrica\u021bie \u0219i calitatea produselor, asigur\u00e2ndu-ne c\u0103 satisfacem diversele nevoi ale clien\u021bilor cu eficien\u021b\u0103, precizie \u0219i calitate ridicate.<\/p>\n<h3>Specialit\u0103\u021bile noastre<\/h3>\n<ul>\n<li><strong>Expertiz\u0103:<\/strong> Echipa noastr\u0103 posed\u0103 cuno\u0219tin\u021be vaste \u00een proiectarea \u0219i produc\u021bia de cilindri hidraulici, asigur\u00e2nd produse de \u00eenalt\u0103 calitate.<\/li>\n<li><strong>Certificare interna\u021bional\u0103:<\/strong> Produsele noastre \u00eendeplinesc standardele interna\u021bionale de calitate, asigur\u00e2nd clien\u021bilor performan\u021be fiabile.<\/li>\n<li><strong>Solu\u021bii personalizate:<\/strong> Oferim servicii personalizate pentru a satisface cerin\u021be specifice, asigur\u00e2nd satisfac\u021bia clien\u021bilor.<\/li>\n<li><strong>Echipamente moderne:<\/strong> Utilizarea unor utilaje de produc\u021bie de ultim\u0103 genera\u021bie garanteaz\u0103 precizia \u0219i calitatea fiec\u0103rui cilindru pe care \u00eel fabric\u0103m.<\/li>\n<li><strong>Asisten\u021b\u0103 post-v\u00e2nzare:<\/strong> Echipa noastr\u0103 dedicat\u0103 de asisten\u021b\u0103 este disponibil\u0103 pentru a ajuta clien\u021bii cu instalarea, \u00eentre\u021binerea \u0219i orice \u00eentreb\u0103ri.<\/li>\n<\/ul>\n<p><img decoding=\"async\" src=\"https:\/\/www.hydraulic-cylinders.net\/wp-content\/uploads\/2025\/04\/songte-company-4.webp\" alt=\"Fabricarea cilindrilor hidraulici\" \/><br \/>\n<img decoding=\"async\" src=\"https:\/\/www.hydraulic-cylinders.net\/wp-content\/uploads\/2025\/04\/songte-company-3.webp\" alt=\"Facilit\u0103\u021bi ale companiei\" \/><\/p>\n<p>Autor: lyl<\/p>","protected":false},"excerpt":{"rendered":"<p>Boom Cylinder For Caterpillar Middle Excavator E320DZ\/BL Introduction to Boom Cylinders The Boom Cylinder is a critical component in hydraulic systems, specifically designed for controlling the movement of excavator buckets in heavy machinery such as excavators, backhoe loaders, and front-end loaders. These hydraulic cylinders enable the bucket to lift, lower, and tilt, facilitating efficient material [&hellip;]<\/p>","protected":false},"featured_media":17881,"comment_status":"open","ping_status":"closed","template":"","meta":{"_et_pb_use_builder":"","_et_pb_old_content":"","_et_gb_content_width":""},"product_brand":[],"product_cat":[1546],"product_tag":[1547,1496],"class_list":{"0":"post-18954","1":"product","2":"type-product","3":"status-publish","4":"has-post-thumbnail","6":"product_cat-boom-cylinders","7":"product_tag-boom-cylinders","8":"product_tag-hydraulic-cylinders","10":"first","11":"instock","12":"shipping-taxable","13":"product-type-simple"},"amp_enabled":true,"_links":{"self":[{"href":"https:\/\/www.hydraulic-cylinders.net\/ro\/wp-json\/wp\/v2\/product\/18954","targetHints":{"allow":["GET"]}}],"collection":[{"href":"https:\/\/www.hydraulic-cylinders.net\/ro\/wp-json\/wp\/v2\/product"}],"about":[{"href":"https:\/\/www.hydraulic-cylinders.net\/ro\/wp-json\/wp\/v2\/types\/product"}],"replies":[{"embeddable":true,"href":"https:\/\/www.hydraulic-cylinders.net\/ro\/wp-json\/wp\/v2\/comments?post=18954"}],"wp:featuredmedia":[{"embeddable":true,"href":"https:\/\/www.hydraulic-cylinders.net\/ro\/wp-json\/wp\/v2\/media\/17881"}],"wp:attachment":[{"href":"https:\/\/www.hydraulic-cylinders.net\/ro\/wp-json\/wp\/v2\/media?parent=18954"}],"wp:term":[{"taxonomy":"product_brand","embeddable":true,"href":"https:\/\/www.hydraulic-cylinders.net\/ro\/wp-json\/wp\/v2\/product_brand?post=18954"},{"taxonomy":"product_cat","embeddable":true,"href":"https:\/\/www.hydraulic-cylinders.net\/ro\/wp-json\/wp\/v2\/product_cat?post=18954"},{"taxonomy":"product_tag","embeddable":true,"href":"https:\/\/www.hydraulic-cylinders.net\/ro\/wp-json\/wp\/v2\/product_tag?post=18954"}],"curies":[{"name":"wp","href":"https:\/\/api.w.org\/{rel}","templated":true}]}}