{"id":18955,"date":"2025-04-07T06:04:00","date_gmt":"2025-04-07T06:04:00","guid":{"rendered":"https:\/\/www.hydraulic-cylinders.net\/product\/boom-cylinder-for-caterpillar-middle-excavator-e320d-rr\/"},"modified":"2025-04-07T06:04:08","modified_gmt":"2025-04-07T06:04:08","slug":"boom-cylinder-for-caterpillar-middle-excavator-e320d-rr","status":"publish","type":"product","link":"https:\/\/www.hydraulic-cylinders.net\/ro\/produs\/boom-cylinder-for-caterpillar-middle-excavator-e320d-rr\/","title":{"rendered":"Cilindru bra\u021b pentru excavatorul mijlociu Caterpillar E320D RR"},"content":{"rendered":"<h1>Cilindru bra\u021b pentru excavatorul mijlociu Caterpillar E320D RR<\/h1>\n<h2>Prezentare general\u0103 a cilindrului bra\u021bului<\/h2>\n<p>Cilindrul bra\u021bului este o component\u0103 esen\u021bial\u0103 a sistemului hidraulic din utilajele grele, special conceput pentru a controla mi\u0219carea cupei la excavatoare \u0219i \u00eenc\u0103rc\u0103toare. Acest cilindru hidraulic permite ridicarea, cobor\u00e2rea \u0219i \u00eenclinarea cupei, facilit\u00e2nd eficient sarcinile de manipulare a materialelor. Cilindrul bra\u021bului func\u021bioneaz\u0103 utiliz\u00e2nd fluid hidraulic pentru a crea presiune, care la r\u00e2ndul s\u0103u genereaz\u0103 for\u021ba necesar\u0103 pentru a mi\u0219ca cupa \u00een diferite direc\u021bii, ceea ce o face o parte vital\u0103 a lucr\u0103rilor de construc\u021bii \u0219i excava\u021bii.<\/p>\n<p><img decoding=\"async\" src=\"https:\/\/www.hydraulic-cylinders.net\/wp-content\/uploads\/2025\/04\/songte-company-1.webp\" alt=\"Cilindru hidraulic\" \/><\/p>\n<h3>Caracteristici cheie ale cilindrului bra\u021bului<\/h3>\n<ul>\n<li><strong>Rezisten\u021b\u0103 \u0219i durabilitate ridicate:<\/strong> De obicei, fabricate din o\u021bel sau aluminiu de \u00eenalt\u0103 rezisten\u021b\u0103, capabile s\u0103 reziste la presiuni ridicate \u0219i sarcini grele, fiind \u00een acela\u0219i timp potrivite pentru medii de lucru dure. Proiectate av\u00e2nd \u00een vedere rezisten\u021ba la uzur\u0103 \u0219i la coroziune pentru a prelungi durata de via\u021b\u0103.<\/li>\n<li><strong>Func\u021bionare hidraulic\u0103 eficient\u0103:<\/strong> Utilizeaz\u0103 presiunea uleiului hidraulic pentru o extensie \u0219i retragere lin\u0103, permi\u021b\u00e2nd un r\u0103spuns rapid la comenzile opera\u021bionale \u0219i oferind o for\u021b\u0103 semnificativ\u0103 de \u00eempingere \u0219i tragere, potrivit\u0103 pentru manipularea materialelor grele \u0219i a sarcinilor complexe.<\/li>\n<li><strong>Diverse tipuri:<\/strong> Disponibile \u00een diverse configura\u021bii, inclusiv cilindri cu ac\u021biune simpl\u0103 (ac\u021biune hidraulic\u0103 \u00eentr-o direc\u021bie) sau cu ac\u021biune dubl\u0103 (ac\u021biune hidraulic\u0103 \u00een ambele direc\u021bii). Unele modele sunt telescopice, permi\u021b\u00e2nd o extensie mai mare f\u0103r\u0103 a cre\u0219te dimensiunile exterioare, ceea ce le face ideale pentru aplica\u021bii cu spa\u021biu limitat.<\/li>\n<li><strong>Fabrica\u021bie personalizat\u0103:<\/strong> Produsele noastre \u00eenlocuiesc perfect cilindrii hidraulici existen\u021bi, asigur\u00e2nd compatibilitate \u0219i fiabilitate.<\/li>\n<\/ul>\n<p><img decoding=\"async\" src=\"https:\/\/www.hydraulic-cylinders.net\/wp-content\/uploads\/2025\/04\/songte-cylinder-head-with-all-kinds-excavator-models.webp\" alt=\"Modele de excavatoare\" \/><\/p>\n<h2>Aplica\u021bii ale cilindrului bra\u021bului<\/h2>\n<h3>Echipamente de construc\u021bii<\/h3>\n<p>\u00cen excavatoare, cilindrii bra\u021bului sunt cruciali pentru s\u0103pare, \u00eenc\u0103rcare \u0219i mutarea solului sau a resturilor. Ace\u0219tia ofer\u0103 for\u021ba necesar\u0103 pentru a p\u0103trunde \u00een sol \u0219i a ridica materiale grele, ceea ce \u00eei face indispensabili \u00een \u0219antierele de construc\u021bii. \u00cen cazul \u00eenc\u0103rc\u0103toarelor excavatoare, cilindrul bra\u021bului ajut\u0103 at\u00e2t la opera\u021biunile de s\u0103pare, c\u00e2t \u0219i la cele de ridicare, permi\u021b\u00e2nd operatorilor s\u0103 abordeze eficient o varietate de sarcini.<\/p>\n<h3>Ma\u0219ini agricole<\/h3>\n<p>\u00cen \u00eenc\u0103rc\u0103toarele frontale, cilindrii bra\u021bului joac\u0103 un rol vital \u00een scoaterea, ridicarea \u0219i transportul solului, f\u00e2nului \u0219i altor materiale. Ace\u0219tia \u00eembun\u0103t\u0103\u021besc func\u021bionalitatea ma\u0219inii permi\u021b\u00e2nd operatorului s\u0103 efectueze diverse sarcini agricole, de la s\u0103parea de \u0219an\u021buri p\u00e2n\u0103 la \u00eenc\u0103rcarea materialelor \u00een camioane, \u00eembun\u0103t\u0103\u021bind astfel semnificativ productivitatea.<\/p>\n<h3>Excavatoare<\/h3>\n<p>Excavatoarele utilizeaz\u0103 cilindri ai bra\u021bului pentru a permite cupei s\u0103 p\u0103trund\u0103 eficient \u00een sol, facilit\u00e2nd opera\u021biuni eficiente de excavare. Aceast\u0103 capacitate este crucial\u0103 \u00een proiectele care necesit\u0103 excavare precis\u0103, fie c\u0103 este vorba de funda\u021bii, amenaj\u0103ri peisagistice sau instala\u021bii utilitare.<\/p>\n<h3>\u00cenc\u0103rc\u0103toare<\/h3>\n<p>\u00cen cazul \u00eenc\u0103rc\u0103toarelor frontale, cilindrii bra\u021bului contribuie la ridicarea \u0219i desc\u0103rcarea eficient\u0103 a sarcinilor. Designul lor asigur\u0103 mutarea cu precizie a materialelor grele, ceea ce este vital pentru aplica\u021biile din construc\u021bii, amenaj\u0103ri peisagistice \u0219i agricultur\u0103.<\/p>\n<h2>Considera\u021bii de proiectare \u0219i criterii de selec\u021bie<\/h2>\n<h3>Capacitate de \u00eenc\u0103rcare<\/h3>\n<p>Capacitatea de \u00eenc\u0103rcare a cilindrului bra\u021bului este o considera\u021bie critic\u0103, deoarece acesta trebuie s\u0103 poat\u0103 suporta greutatea sarcinilor ridicate sau mutate. Alegerea unui cilindru cu o capacitate de \u00eenc\u0103rcare adecvat\u0103 asigur\u0103 siguran\u021ba \u0219i eficien\u021ba opera\u021bional\u0103, reduc\u00e2nd riscul de defec\u021biune \u00een timpul sarcinilor grele.<\/p>\n<h3>Performan\u021ba de etan\u0219are<\/h3>\n<p>Etan\u0219area eficient\u0103 este esen\u021bial\u0103 pentru a preveni scurgerile de fluid hidraulic, care pot duce la probleme de performan\u021b\u0103 \u0219i la cre\u0219terea costurilor de \u00eentre\u021binere. Garniturile \u0219i garniturile de etan\u0219are de \u00eenalt\u0103 calitate sunt proiectate s\u0103 reziste condi\u021biilor dure ale lucr\u0103rilor de construc\u021bie \u0219i excavare, asigur\u00e2nd longevitate \u0219i fiabilitate.<\/p>\n<h3>Durabilitate<\/h3>\n<p>Durabilitatea cilindrului bra\u021bului este determinat\u0103 de materialele utilizate \u0219i de caracteristicile de design \u00eencorporate. Acesta trebuie construit din materiale robuste care rezist\u0103 uzurii, inclusiv expunerii la diverse elemente precum murd\u0103ria, praful \u0219i umezeala, pentru a-i prelungi durata de via\u021b\u0103.<\/p>\n<h3>Caracteristici de siguran\u021b\u0103<\/h3>\n<p>Siguran\u021ba este primordial\u0103 atunci c\u00e2nd se aleg cilindri hidraulici. Caracteristici precum supapele de suprapresiune \u0219i senzorii de suprasarcin\u0103 pot ajuta la prevenirea accidentelor \u0219i a deterior\u0103rii echipamentelor, asigur\u00e2nd o func\u021bionare sigur\u0103 \u00een toate condi\u021biile de lucru.<\/p>\n<h3>Accesibilitate pentru \u00eentre\u021binere<\/h3>\n<p>Proiectarea cilindrului bra\u021bului pentru acces facil \u00een timpul \u00eentre\u021binerii este crucial\u0103 pentru minimizarea timpilor de nefunc\u021bionare. Cilindrii trebuie construi\u021bi astfel \u00eenc\u00e2t s\u0103 permit\u0103 o inspec\u021bie simpl\u0103 \u0219i \u00eenlocuirea componentelor, facilit\u00e2nd \u00eentre\u021binerea regulat\u0103 \u0219i sporind eficien\u021ba opera\u021bional\u0103.<\/p>\n<p><img decoding=\"async\" src=\"https:\/\/www.hydraulic-cylinders.net\/wp-content\/uploads\/2025\/04\/songte-oil-pipes-and-spare-parts.webp\" alt=\"Piese hidraulice\" \/><\/p>\n<h2>Etan\u0219are \u0219i lubrifiere<\/h2>\n<p>Eficacitatea cilindrului bra\u021bului depinde \u00een mare m\u0103sur\u0103 de sistemele sale de etan\u0219are \u0219i lubrifiere. Diverse etan\u0219\u0103ri, cum ar fi etan\u0219\u0103rile pistonului \u0219i etan\u0219\u0103rile tijei, sunt utilizate pentru a preveni scurgerile de fluid hidraulic. Garniturile fabricate din materiale rezistente la abraziune, cum ar fi poliuretanul \u0219i cauciucul nitrilic, sunt preferate pentru durabilitatea lor. Corpul cilindrului \u0219i suprafe\u021bele filetate ale cap\u0103tului sunt prelucrate fin pentru a spori rezisten\u021ba la uzur\u0103. \u00cen plus, lubrifierea regulat\u0103 cu ulei hidraulic este esen\u021bial\u0103 pentru men\u021binerea performan\u021bei \u0219i prevenirea uzurii.<\/p>\n<h2>M\u0103suri preventive \u0219i \u00eentre\u021binere regulat\u0103<\/h2>\n<ul>\n<li><strong>Inspec\u021bii regulate:<\/strong> Efectuarea inspec\u021biilor de rutin\u0103 ajut\u0103 la detectarea timpurie a poten\u021bialelor probleme. Verifica\u021bi dac\u0103 exist\u0103 semne de uzur\u0103, scurgeri sau deteriorare a componentelor pentru a v\u0103 asigura c\u0103 cilindrul bra\u021bului func\u021bioneaz\u0103 eficient.<\/li>\n<li><strong>Lubrifiere adecvat\u0103:<\/strong> Lubrifierea adecvat\u0103 este vital\u0103 pentru func\u021bionarea f\u0103r\u0103 probleme a cilindrului bra\u021bului. Monitoriza\u021bi \u0219i reumple\u021bi periodic cu ulei hidraulic pentru a men\u021bine performan\u021ba optim\u0103 \u0219i a preveni deteriorarea.<\/li>\n<li><strong>\u00cenlocuirea garniturii:<\/strong> Garniturile trebuie \u00eenlocuite periodic pentru a evita scurgerile. Identificarea corect\u0103 a semnelor de uzur\u0103 poate ajuta la p\u0103strarea integrit\u0103\u021bii sistemului hidraulic.<\/li>\n<\/ul>\n<h2>Instruc\u021biuni de instalare<\/h2>\n<p>Instalarea corect\u0103 a cilindrului bra\u021bului este crucial\u0103 pentru asigurarea func\u021bion\u0103rii eficiente. \u00cencepe\u021bi prin alinierea corect\u0103 a cilindrului cu punctele de montare de pe utilaj. Utiliza\u021bi console de instalare adecvate pentru a fixa cilindrul \u00een pozi\u021bie, asigur\u00e2ndu-v\u0103 c\u0103 este stabil. Este important s\u0103 verifica\u021bi dac\u0103 toate conexiunile sunt str\u00e2nse \u0219i c\u0103 nu exist\u0103 obstruc\u021bii care ar putea \u00eempiedica mi\u0219carea. Respectarea instruc\u021biunilor produc\u0103torului va ajuta la ob\u021binerea celor mai bune rezultate \u00een timpul instal\u0103rii. Verificarea regulat\u0103 a alinierii dup\u0103 instalare poate ajuta la men\u021binerea performan\u021bei \u0219i la prevenirea problemelor.<\/p>\n<p><img decoding=\"async\" src=\"https:\/\/www.hydraulic-cylinders.net\/wp-content\/uploads\/2025\/04\/songte-chushion-collar.webp\" alt=\"Guler de pern\u0103\" \/><\/p>\n<h2>Sarcini comune de \u00eentre\u021binere<\/h2>\n<h3>Inspec\u021bii regulate<\/h3>\n<p>Inspec\u021biile frecvente ale cilindrului bra\u021bului sunt esen\u021biale pentru a identifica orice uzur\u0103 \u00eenainte ca aceasta s\u0103 se transforme \u00een probleme semnificative. C\u0103uta\u021bi semne de scurgeri sau deteriorare \u0219i asigura\u021bi-v\u0103 c\u0103 toate componentele func\u021bioneaz\u0103 corect. Depistarea timpurie a problemelor poate economisi timp \u0219i costuri asociate cu repara\u021biile majore.<\/p>\n<h3>Lubrifiere adecvat\u0103<\/h3>\n<p>Men\u021binerea nivelului corect de ulei hidraulic este crucial\u0103 pentru buna func\u021bionare a cilindrului bra\u021bului. Asigura\u021bi-v\u0103 c\u0103 uleiul nu con\u021bine contaminan\u021bi \u0219i c\u0103 \u00eendepline\u0219te specifica\u021biile produc\u0103torului. Lubrifierea regulat\u0103 promoveaz\u0103 performan\u021be optime \u0219i poate prelungi semnificativ durata de via\u021b\u0103 a componentelor hidraulice.<\/p>\n<h3>\u00cenlocuirea garniturii<\/h3>\n<p>\u00cen timp, garniturile se pot uza \u0219i poate necesita \u00eenlocuire pentru a preveni scurgerile de fluid hidraulic. Verifica\u021bi periodic starea garniturilor \u0219i \u00eenlocui\u021bi-le dup\u0103 cum este necesar. Acest lucru va spori fiabilitatea cilindrului bra\u021bului \u0219i va preveni pierderea de fluid hidraulic, care poate afecta performan\u021ba.<\/p>\n<h2>Considera\u021bii privind siguran\u021ba \u0219i mediul<\/h2>\n<p>Atunci c\u00e2nd se lucreaz\u0103 cu sisteme hidraulice, m\u0103surile de siguran\u021b\u0103 sunt primordiale. Operatorii trebuie instrui\u021bi \u00een manipularea \u00een siguran\u021b\u0103 a utilajelor hidraulice, asigur\u00e2ndu-se c\u0103 \u00een\u021beleg importan\u021ba echipamentului de protec\u021bie \u0219i respectarea protocoalelor de siguran\u021b\u0103. \u00cen plus, eliminarea corect\u0103 a fluidelor hidraulice \u0219i a componentelor uzate este esen\u021bial\u0103 pentru a minimiza impactul asupra mediului.<\/p>\n<h2>Depanarea problemelor comune<\/h2>\n<ul>\n<li><strong>Scurgere:<\/strong> Dac\u0103 exist\u0103 scurgeri de lichid hidraulic din cilindru, acest lucru se poate datora garniturilor uzate sau furtunurilor deteriorate. Inspecta\u021bi aceste componente \u0219i \u00eenlocui\u021bi-le dac\u0103 este necesar.<\/li>\n<li><strong>Performan\u021b\u0103 redus\u0103:<\/strong> O sc\u0103dere a performan\u021bei cilindrului ar putea indica niveluri sc\u0103zute de lichid hidraulic sau contaminan\u021bi \u00een sistem. Asigura\u021bi nivelurile adecvate de lichid \u0219i cur\u0103\u021benia.<\/li>\n<li><strong>Func\u021bionare f\u0103r\u0103 r\u0103spuns:<\/strong> Dac\u0103 cilindrul nu r\u0103spunde la comenzi, verifica\u021bi dac\u0103 exist\u0103 probleme precum conducte blocate sau valve defecte. Remedia\u021bi prompt aceste probleme pentru a restabili func\u021bionalitatea.<\/li>\n<\/ul>\n<p><img decoding=\"async\" src=\"https:\/\/www.hydraulic-cylinders.net\/wp-content\/uploads\/2025\/04\/songte-bushings-with-all-kinds-of-excavator-models.webp\" alt=\"Buc\u0219e pentru excavator\" \/><\/p>\n<h2>Prezentare general\u0103 a companiei<\/h2>\n<p>Suntem un produc\u0103tor important de cilindri hidraulici, specializa\u021bi \u00een producerea de piese de schimb de \u00eenalt\u0103 calitate pentru diverse aplica\u021bii. Gama noastr\u0103 de produse este extins\u0103, pozi\u021bion\u00e2ndu-ne ca unul dintre cei mai importan\u021bi produc\u0103tori \u0219i angrosi\u0219ti \u200b\u200bat\u00e2t pe pie\u021bele interne, c\u00e2t \u0219i pe cele interna\u021bionale. Ader\u0103m la principiile excelen\u021bei, valorific\u00e2nd procesele noastre sofisticate de fabrica\u021bie \u0219i tehnologia avansat\u0103 pentru a asigura o calitate superioar\u0103 a produselor.<\/p>\n<p><img decoding=\"async\" src=\"https:\/\/www.hydraulic-cylinders.net\/wp-content\/uploads\/2025\/04\/songte-company-4.webp\" alt=\"Prezentare general\u0103 a companiei 1\" \/><br \/>\n<img decoding=\"async\" src=\"https:\/\/www.hydraulic-cylinders.net\/wp-content\/uploads\/2025\/04\/songte-company-3.webp\" alt=\"Prezentare general\u0103 a companiei 2\" \/><\/p>\n<p>Cu un angajament fa\u021b\u0103 de standarde profesionale, certific\u0103ri interna\u021bionale \u0219i servicii personalizate, ne \u00eembun\u0103t\u0103\u021bim continuu capacit\u0103\u021bile de produc\u021bie, asigur\u00e2ndu-ne c\u0103 satisfacem diversele nevoi ale clien\u021bilor cu eficien\u021b\u0103, precizie \u0219i calitate ridicate.<\/p>\n<p>Autor: lyl<\/p>","protected":false},"excerpt":{"rendered":"<p>Boom Cylinder For Caterpillar Middle Excavator E320D RR Overview of Boom Cylinder The Boom Cylinder is an essential component of the hydraulic system in heavy machinery, specifically designed to control the motion of the bucket in excavators and backhoe loaders. This hydraulic cylinder allows for the lifting, lowering, and tilting of the bucket, facilitating material [&hellip;]<\/p>","protected":false},"featured_media":17867,"comment_status":"open","ping_status":"closed","template":"","meta":{"_et_pb_use_builder":"","_et_pb_old_content":"","_et_gb_content_width":""},"product_brand":[],"product_cat":[1546],"product_tag":[1547,1496],"class_list":{"0":"post-18955","1":"product","2":"type-product","3":"status-publish","4":"has-post-thumbnail","6":"product_cat-boom-cylinders","7":"product_tag-boom-cylinders","8":"product_tag-hydraulic-cylinders","10":"first","11":"instock","12":"shipping-taxable","13":"product-type-simple"},"amp_enabled":true,"_links":{"self":[{"href":"https:\/\/www.hydraulic-cylinders.net\/ro\/wp-json\/wp\/v2\/product\/18955","targetHints":{"allow":["GET"]}}],"collection":[{"href":"https:\/\/www.hydraulic-cylinders.net\/ro\/wp-json\/wp\/v2\/product"}],"about":[{"href":"https:\/\/www.hydraulic-cylinders.net\/ro\/wp-json\/wp\/v2\/types\/product"}],"replies":[{"embeddable":true,"href":"https:\/\/www.hydraulic-cylinders.net\/ro\/wp-json\/wp\/v2\/comments?post=18955"}],"wp:featuredmedia":[{"embeddable":true,"href":"https:\/\/www.hydraulic-cylinders.net\/ro\/wp-json\/wp\/v2\/media\/17867"}],"wp:attachment":[{"href":"https:\/\/www.hydraulic-cylinders.net\/ro\/wp-json\/wp\/v2\/media?parent=18955"}],"wp:term":[{"taxonomy":"product_brand","embeddable":true,"href":"https:\/\/www.hydraulic-cylinders.net\/ro\/wp-json\/wp\/v2\/product_brand?post=18955"},{"taxonomy":"product_cat","embeddable":true,"href":"https:\/\/www.hydraulic-cylinders.net\/ro\/wp-json\/wp\/v2\/product_cat?post=18955"},{"taxonomy":"product_tag","embeddable":true,"href":"https:\/\/www.hydraulic-cylinders.net\/ro\/wp-json\/wp\/v2\/product_tag?post=18955"}],"curies":[{"name":"wp","href":"https:\/\/api.w.org\/{rel}","templated":true}]}}