{"id":18957,"date":"2025-04-07T06:04:14","date_gmt":"2025-04-07T06:04:14","guid":{"rendered":"https:\/\/www.hydraulic-cylinders.net\/product\/boom-cylinder-for-caterpillar-middle-excavator-e325d\/"},"modified":"2025-04-07T06:04:16","modified_gmt":"2025-04-07T06:04:16","slug":"boom-cylinder-for-caterpillar-middle-excavator-e325d","status":"publish","type":"product","link":"https:\/\/www.hydraulic-cylinders.net\/ro\/produs\/boom-cylinder-for-caterpillar-middle-excavator-e325d\/","title":{"rendered":"Cilindru bra\u021b pentru excavatorul mijlociu Caterpillar E325D"},"content":{"rendered":"<h1>Cilindru bra\u021b pentru excavatorul mijlociu Caterpillar E325D<\/h1>\n<h2>Introducere \u00een cilindrul bra\u021bului<\/h2>\n<p>Cilindrul bra\u021bului este o component\u0103 crucial\u0103 \u00een sistemele hidraulice, special conceput pentru a controla mi\u0219carea cupei \u00een diverse utilaje grele, cum ar fi excavatoarele, \u00eenc\u0103rc\u0103toarele cu excavator \u0219i \u00eenc\u0103rc\u0103toarele frontale. Acest cilindru hidraulic permite cupei s\u0103 se ridice, s\u0103 coboare \u0219i s\u0103 se \u00eencline, facilit\u00e2nd sarcini eficiente de manipulare a materialelor. \u00cen esen\u021b\u0103, cilindrii bra\u021bului sunt actuatoare hidraulice care transform\u0103 energia hidraulic\u0103 \u00een mi\u0219care mecanic\u0103, permi\u021b\u00e2nd un control precis asupra sarcinilor grele.<\/p>\n<p><img decoding=\"async\" src=\"https:\/\/www.hydraulic-cylinders.net\/wp-content\/uploads\/2025\/04\/songte-company-1.webp\" alt=\"Cilindru de bra\u021b\" \/><\/p>\n<h3>Caracteristici cheie ale cilindrilor bra\u021bului<\/h3>\n<ul>\n<li><strong>Rezisten\u021b\u0103 \u0219i durabilitate ridicate:<\/strong> De obicei, construi\u021bi din o\u021bel sau aluminiu de \u00eenalt\u0103 rezisten\u021b\u0103, ace\u0219ti cilindri pot rezista la presiuni ridicate \u0219i sarcini grele, ceea ce \u00eei face potrivi\u021bi pentru medii de lucru dure. Designul ia \u00een considerare \u0219i rezisten\u021ba la uzur\u0103 \u0219i la coroziune, prelungind durata de via\u021b\u0103 a produsului.<\/li>\n<li><strong>Func\u021bionare hidraulic\u0103 eficient\u0103:<\/strong> Utiliz\u00e2nd presiunea uleiului hidraulic, cilindrii bra\u021bului realizeaz\u0103 o extensie \u0219i o retragere lin\u0103, r\u0103spunz\u00e2nd rapid la comenzile operatorului, oferind \u00een acela\u0219i timp o for\u021b\u0103 puternic\u0103 de \u00eempingere \u0219i tragere, ideal\u0103 pentru manipularea sarcinilor grele \u0219i complexe.<\/li>\n<li><strong>Diverse tipuri:<\/strong> Cilindrii bra\u021bului sunt disponibili \u00een configura\u021bii cu ac\u021biune simpl\u0103 (hidraulic utilizat \u00eentr-o singur\u0103 direc\u021bie) sau cu ac\u021biune dubl\u0103 (hidraulic utilizat \u00een ambele direc\u021bii) pentru a satisface diverse nevoi opera\u021bionale. Unele modele sunt telescopice, permi\u021b\u00e2nd o extensie mai mare f\u0103r\u0103 a cre\u0219te dimensiunile exterioare, potrivite pentru aplica\u021bii cu spa\u021biu limitat.<\/li>\n<li><strong>Compatibilitate:<\/strong> Produsele noastre pot \u00eenlocui perfect cilindrii hidraulici existen\u021bi, asigur\u00e2nd o integrare perfect\u0103 \u0219i performan\u021b\u0103 \u00een utilajele dumneavoastr\u0103.<\/li>\n<\/ul>\n<p><img decoding=\"async\" src=\"https:\/\/www.hydraulic-cylinders.net\/wp-content\/uploads\/2025\/04\/songte-cylinder-head-with-all-kinds-excavator-models.webp\" alt=\"\u00cenlocuirea cilindrului hidraulic\" \/><\/p>\n<h2>Aplica\u021bii ale cilindrilor bra\u021bului<\/h2>\n<h3>Echipamente de construc\u021bii<\/h3>\n<p>\u00cen excavatoare, cilindrii bra\u021bului sunt vitali pentru s\u0103pare, \u00eenc\u0103rcare \u0219i mutarea p\u0103m\u00e2ntului sau a resturilor. Capacitatea lor de extindere \u0219i retragere permite ac\u021biuni precise de excavare, cruciale pentru proiectele de construc\u021bii. \u00cen cazul \u00eenc\u0103rc\u0103toarelor excavatoare, cilindrul bra\u021bului nu numai c\u0103 ajut\u0103 la s\u0103pare, dar ajut\u0103 \u0219i la ridicarea sarcinilor, cresc\u00e2nd versatilitatea ma\u0219inii pe \u0219antier.<\/p>\n<h3>Ma\u0219ini agricole<\/h3>\n<p>\u00cen cazul \u00eenc\u0103rc\u0103toarelor frontale, cilindrii bra\u021bului faciliteaz\u0103 scoaterea, ridicarea \u0219i transportul solului, f\u00e2nului \u0219i altor materiale. Func\u021bionalitatea lor spore\u0219te eficien\u021ba sarcinilor agricole, permi\u021b\u00e2nd opera\u021biuni mai rapide \u0219i o productivitate sporit\u0103 \u00een ferme.<\/p>\n<h3>Sarcini de excavare<\/h3>\n<p>Excavatoarele utilizeaz\u0103 cilindri ai bra\u021bului pentru a p\u0103trunde eficient \u00een sol, ceea ce \u00eei face indispensabili pentru opera\u021biunile de excavare. Ac\u021biunea hidraulic\u0103 a acestor cilindri ofer\u0103 for\u021ba necesar\u0103 pentru a sparge terenul \u0219i a \u00eendep\u0103rta murd\u0103ria, dovedindu-se esen\u021bial\u0103 pentru proiectele de construc\u021bii \u0219i excava\u021bii.<\/p>\n<h3>Ma\u0219ini de \u00eenc\u0103rcare<\/h3>\n<p>\u00cen cazul \u00eenc\u0103rc\u0103toarelor frontale, cilindrii bra\u021bului ajut\u0103 la ridicarea \u0219i desc\u0103rcarea eficient\u0103 a materialelor. Designul lor permite o manipulare optim\u0103 a sarcinii, asigur\u00e2nd finalizarea rapid\u0103 \u0219i eficient\u0103 a sarcinilor, ceea ce este vital \u00een diverse aplica\u021bii industriale.<\/p>\n<h2>Considera\u021bii de proiectare \u0219i standarde de selec\u021bie<\/h2>\n<h3>Capacitate de \u00eenc\u0103rcare<\/h3>\n<p>Atunci c\u00e2nd selecta\u021bi un cilindru pentru bra\u021b, este esen\u021bial s\u0103 lua\u021bi \u00een considerare capacitatea de \u00eenc\u0103rcare necesar\u0103 pentru aplica\u021bia specific\u0103. Cilindrul trebuie s\u0103 fie capabil s\u0103 suporte greutatea maxim\u0103 pe care o va \u00eent\u00e2lni \u00een timpul func\u021bion\u0103rii. Aceasta implic\u0103 \u00een\u021belegerea nivelurilor de presiune hidraulic\u0103 \u0219i a materialelor ridicate sau mutate. O capacitate de \u00eenc\u0103rcare adecvat\u0103 asigur\u0103 siguran\u021ba \u0219i prelunge\u0219te durata de via\u021b\u0103 a echipamentului.<\/p>\n<h3>Integritatea sigiliului<\/h3>\n<p>Garniturile joac\u0103 un rol esen\u021bial \u00een performan\u021ba cilindrilor hidraulici. Selectarea unor garnituri de \u00eenalt\u0103 calitate, cum ar fi garniturile pistonului \u0219i garniturile tijei, este esen\u021bial\u0103 pentru a preveni scurgerile \u0219i a men\u021bine presiunea hidraulic\u0103. Etan\u0219area eficient\u0103 nu numai c\u0103 \u00eembun\u0103t\u0103\u021be\u0219te eficien\u021ba, dar prelunge\u0219te \u0219i durata de via\u021b\u0103 a sistemului hidraulic prin minimizarea uzurii componentelor.<\/p>\n<h3>Durabilitate<\/h3>\n<p>Durabilitatea este un factor semnificativ c\u00e2nd vine vorba de cilindrii hidraulici, \u00een special \u00een medii solicitante. Materialele utilizate \u00een construc\u021bie ar trebui s\u0103 reziste coroziunii \u0219i uzurii. \u00cen plus, designul ar trebui s\u0103 se adapteze condi\u021biilor de solicitare ridicat\u0103 cu care se confrunt\u0103 adesea cilindrii bra\u021bului \u00een aplica\u021biile cu utilaje grele.<\/p>\n<h3>Caracteristici de siguran\u021b\u0103<\/h3>\n<p>Siguran\u021ba este primordial\u0103 \u00een proiectarea sistemelor hidraulice. Implementarea unor caracteristici de siguran\u021b\u0103, cum ar fi supapele de suprapresiune \u0219i mecanismele de protec\u021bie la suprasarcin\u0103, ajut\u0103 la prevenirea accidentelor \u0219i a defec\u021biunilor echipamentelor. Mai mult, proiectarea cilindrilor cu factori de siguran\u021b\u0103 asigur\u0103 performan\u021be fiabile \u00een diverse condi\u021bii de func\u021bionare.<\/p>\n<h3>\u00centre\u021binere \u0219i reparabilitate<\/h3>\n<p>Proiectarea pentru \u00eentre\u021binere este crucial\u0103 pentru reducerea timpilor de nefunc\u021bionare. Cilindrii bra\u021bului ar trebui s\u0103 permit\u0103 accesul facil la etan\u0219\u0103ri \u0219i componente pentru inspec\u021bie \u0219i repara\u021bii. Verific\u0103rile regulate de \u00eentre\u021binere \u0219i posibilitatea de a \u00eenlocui piesele uzate sunt importante pentru asigurarea func\u021bionalit\u0103\u021bii \u0219i siguran\u021bei pe termen lung a echipamentului.<\/p>\n<p><img decoding=\"async\" src=\"https:\/\/www.hydraulic-cylinders.net\/wp-content\/uploads\/2025\/04\/songte-oil-pipes-and-spare-parts.webp\" alt=\"\u00centre\u021binerea cilindrilor hidraulici\" \/><\/p>\n<h2>Etan\u0219area \u0219i lubrifierea cilindrilor hidraulici<\/h2>\n<p>Etan\u0219area eficient\u0103 este vital\u0103 pentru cilindrii hidraulici. Diverse elemente de etan\u0219are, inclusiv etan\u0219\u0103rile pistonului \u0219i etan\u0219\u0103rile tijei, trebuie selectate \u00een func\u021bie de compatibilitatea materialelor \u0219i rezisten\u021ba la uzur\u0103. Materialele comune utilizate pentru etan\u0219\u0103ri includ poliuretanul \u0219i cauciucul nitrilic, cunoscute pentru durabilitatea lor \u00een aplica\u021biile hidraulice. Corpul cilindrului \u0219i suprafe\u021bele filetate ale cap\u0103tului trebuie supuse unor prelucr\u0103ri fine pentru a spori rezisten\u021ba la uzur\u0103, asigur\u00e2nd etan\u0219\u0103ri str\u00e2nse \u0219i prevenind scurgerile. \u00cen plus, este esen\u021bial s\u0103 se reumple \u00een mod regulat uleiul hidraulic pentru lubrifiere, reduc\u00e2nd frecarea \u0219i uzura pieselor \u00een mi\u0219care, ceea ce este esen\u021bial pentru men\u021binerea performan\u021bei \u0219i a longevit\u0103\u021bii.<\/p>\n<h2>M\u0103suri de \u00eentre\u021binere preventiv\u0103<\/h2>\n<ul>\n<li><strong>Inspec\u021bii regulate:<\/strong> Efectuarea inspec\u021biilor de rutin\u0103 poate ajuta la identificarea poten\u021bialelor probleme \u00eenainte ca acestea s\u0103 se agraveze. Verifica\u021bi dac\u0103 exist\u0103 scurgeri, zgomote neobi\u0219nuite \u0219i semne de uzur\u0103 pentru a v\u0103 asigura c\u0103 cilindrul func\u021bioneaz\u0103 optim.<\/li>\n<li><strong>Lubrifiere adecvat\u0103:<\/strong> Men\u021binerea unei lubrifieri adecvate este crucial\u0103 pentru prevenirea uzurii excesive. Asigura\u021bi-v\u0103 c\u0103 nivelurile uleiului hidraulic sunt suficiente \u0219i \u00eenlocui\u021bi uleiul contaminat dup\u0103 cum este necesar pentru a asigura o func\u021bionare f\u0103r\u0103 probleme.<\/li>\n<li><strong>\u00cenlocuirea garniturii:<\/strong> Verifica\u021bi periodic garniturile pentru uzur\u0103 \u0219i \u00eenlocui\u021bi-le prompt pentru a preveni scurgerile \u0219i a men\u021bine presiunea hidraulic\u0103. Acest lucru ajut\u0103 la evitarea timpilor de nefunc\u021bionare \u0219i a repara\u021biilor costisitoare.<\/li>\n<\/ul>\n<h2>Instruc\u021biuni de instalare<\/h2>\n<p>Instalarea corect\u0103 a cilindrului bra\u021bului este esen\u021bial\u0103 pentru performan\u021be optime \u0219i longevitate. \u00cencepe\u021bi prin a v\u0103 asigura c\u0103 toate componentele sunt aliniate corect. Folosi\u021bi suporturi de montare adecvate pentru a fixa cilindrul, prevenind nealinierea \u00een timpul func\u021bion\u0103rii. Este esen\u021bial s\u0103 respecta\u021bi specifica\u021biile produc\u0103torului privind set\u0103rile de cuplu \u0219i procedurile de instalare. Dup\u0103 instalare, verifica\u021bi alinierea \u0219i func\u021bionalitatea corect\u0103 prin operarea cilindrului la viteze \u0219i sarcini variabile. Verifica\u021bi periodic dac\u0103 ansamblul r\u0103m\u00e2ne fixat \u0219i f\u0103r\u0103 obstacole pentru a asigura o func\u021bionare lin\u0103.<\/p>\n<h2>Sarcini de \u00eentre\u021binere<\/h2>\n<ul>\n<li><strong>Inspec\u021bii regulate:<\/strong> Efectuarea unor verific\u0103ri periodice ale sistemului hidraulic ajut\u0103 la depistarea din timp a problemelor. C\u0103uta\u021bi semne de scurgeri de lichid, coroziune sau uzur\u0103 neobi\u0219nuit\u0103 a componentelor, care pot indica probleme subiacente.<\/li>\n<li><strong>Lubrifiere adecvat\u0103:<\/strong> Asigura\u021bi-v\u0103 c\u0103 toate piesele mobile sunt lubrifiate corespunz\u0103tor pentru a minimiza frecarea \u0219i uzura. Neglijarea lubrifierii poate duce la defec\u021biuni premature \u0219i repara\u021bii costisitoare.<\/li>\n<li><strong>\u00cenlocuirea garniturii:<\/strong> Garniturile trebuie verificate periodic pentru a depista semne de uzur\u0103 \u0219i \u00eenlocuite dup\u0103 cum este necesar. Acest lucru previne defec\u021biunile catastrofale \u0219i men\u021bine presiunea hidraulic\u0103, asigur\u00e2nd o func\u021bionare eficient\u0103.<\/li>\n<\/ul>\n<h2>Considera\u021bii de siguran\u021b\u0103 \u0219i factori de mediu<\/h2>\n<p>M\u0103surile de siguran\u021b\u0103 sunt vitale atunci c\u00e2nd se lucreaz\u0103 cu cilindri hidraulici. Operatorii trebuie s\u0103 fie instrui\u021bi cu privire la practicile de manipulare \u00een siguran\u021b\u0103, inclusiv con\u0219tientizarea pericolelor poten\u021biale. Asigurarea faptului c\u0103 toate caracteristicile de siguran\u021b\u0103 sunt \u00een stare de func\u021bionare, cum ar fi supapele de \u00eenchidere de urgen\u021b\u0103, poate atenua riscurile. \u00cen plus, lua\u021bi \u00een considerare impactul asupra mediului atunci c\u00e2nd elimina\u021bi fluidele hidraulice sau componentele uzate pentru a respecta reglement\u0103rile locale \u0219i a promova sustenabilitatea.<\/p>\n<h2>Depanare \u0219i probleme frecvente<\/h2>\n<ul>\n<li><strong>Scurgere:<\/strong> Verifica\u021bi garniturile \u0219i conexiunile pentru orice semne de scurgere de fluid hidraulic. Inspecta\u021bi dac\u0103 garniturile sunt uzate sau deteriorate \u0219i \u00eenlocui\u021bi-le dup\u0103 cum este necesar pentru a men\u021bine presiunea hidraulic\u0103.<\/li>\n<li><strong>Performan\u021b\u0103 slab\u0103:<\/strong> Dac\u0103 cilindrul nu r\u0103spunde conform a\u0219tept\u0103rilor, verifica\u021bi nivelurile fluidului hidraulic \u0219i asigura\u021bi-v\u0103 c\u0103 nu exist\u0103 blocaje \u00een conducte. Aerul prins \u00een sistem poate reduce, de asemenea, eficien\u021ba.<\/li>\n<li><strong>Supra\u00eenc\u0103lzire:<\/strong> C\u0103ldura excesiv\u0103 poate indica supra\u00eenc\u0103rcare sau lubrifiere insuficient\u0103. Monitoriza\u021bi condi\u021biile de func\u021bionare \u0219i asigura\u021bi-v\u0103 c\u0103 sistemul nu dep\u0103\u0219e\u0219te capacitatea nominal\u0103.<\/li>\n<\/ul>\n<p>Pentru a aborda aceste probleme, este esen\u021bial s\u0103 urma\u021bi o abordare sistematic\u0103 de depanare. \u00centre\u021binerea regulat\u0103 \u0219i ac\u021biunile corective prompte pot preveni escaladarea problemelor minore \u00een defec\u021biuni semnificative.<\/p>\n<p><img decoding=\"async\" src=\"https:\/\/www.hydraulic-cylinders.net\/wp-content\/uploads\/2025\/04\/songte-bushings-with-all-kinds-of-excavator-models.webp\" alt=\"Piese cilindru hidraulic\" \/><\/p>\n<h2>Prezentare general\u0103 a companiei<\/h2>\n<p>Suntem un produc\u0103tor \u0219i distribuitor angro de top de cilindri hidraulici, specializa\u021bi \u00een furnizarea de op\u021biuni de \u00eenlocuire pentru diverse aplica\u021bii. Gama noastr\u0103 extins\u0103 de produse ne-a consacrat ca lider at\u00e2t pe pie\u021bele interne, c\u00e2t \u0219i pe cele interna\u021bionale. Respect\u0103m standarde stricte de calitate \u0219i ne baz\u0103m pe strategii rafinate de management al produc\u021biei pentru a asigura excelen\u021ba. Investi\u021biile noastre \u00een personal calificat, echipamente digitale avansate de produc\u021bie \u0219i sisteme de testare specializate ne \u00eembun\u0103t\u0103\u021besc continuu capacit\u0103\u021bile de produc\u021bie. Prin respectarea principiilor de eficien\u021b\u0103, precizie \u0219i calitate, satisfacem nevoile diverse ale clien\u021bilor no\u0219tri.<\/p>\n<p><img decoding=\"async\" src=\"https:\/\/www.hydraulic-cylinders.net\/wp-content\/uploads\/2025\/04\/songte-company-4.webp\" alt=\"Produc\u021bia companiei\" \/><br \/>\n<img decoding=\"async\" src=\"https:\/\/www.hydraulic-cylinders.net\/wp-content\/uploads\/2025\/04\/songte-company-3.webp\" alt=\"Unitate de produc\u021bie\" \/><\/p>\n<p>Expertiza noastr\u0103 se extinde \u00een diverse domenii, inclusiv certific\u0103ri profesionale, oferte de servicii personalizate, echipamente de produc\u021bie de ultim\u0103 genera\u021bie \u0219i asisten\u021b\u0103 post-v\u00e2nzare excep\u021bional\u0103, asigur\u00e2ndu-ne c\u0103 clien\u021bii no\u0219tri primesc cele mai bune produse \u0219i servicii disponibile.<\/p>\n<p>Autor: lyl<\/p>","protected":false},"excerpt":{"rendered":"<p>Boom Cylinder For Caterpillar Middle Excavator E325D Introduction to Boom Cylinder The boom cylinder is a crucial component in hydraulic systems, specifically designed to control the movement of the bucket in various heavy machinery such as excavators, backhoe loaders, and front loaders. This hydraulic cylinder enables the bucket to lift, lower, and tilt, facilitating efficient [&hellip;]<\/p>","protected":false},"featured_media":17869,"comment_status":"open","ping_status":"closed","template":"","meta":{"_et_pb_use_builder":"","_et_pb_old_content":"","_et_gb_content_width":""},"product_brand":[],"product_cat":[1546],"product_tag":[1547,1496],"class_list":{"0":"post-18957","1":"product","2":"type-product","3":"status-publish","4":"has-post-thumbnail","6":"product_cat-boom-cylinders","7":"product_tag-boom-cylinders","8":"product_tag-hydraulic-cylinders","10":"first","11":"instock","12":"shipping-taxable","13":"product-type-simple"},"amp_enabled":true,"_links":{"self":[{"href":"https:\/\/www.hydraulic-cylinders.net\/ro\/wp-json\/wp\/v2\/product\/18957","targetHints":{"allow":["GET"]}}],"collection":[{"href":"https:\/\/www.hydraulic-cylinders.net\/ro\/wp-json\/wp\/v2\/product"}],"about":[{"href":"https:\/\/www.hydraulic-cylinders.net\/ro\/wp-json\/wp\/v2\/types\/product"}],"replies":[{"embeddable":true,"href":"https:\/\/www.hydraulic-cylinders.net\/ro\/wp-json\/wp\/v2\/comments?post=18957"}],"wp:featuredmedia":[{"embeddable":true,"href":"https:\/\/www.hydraulic-cylinders.net\/ro\/wp-json\/wp\/v2\/media\/17869"}],"wp:attachment":[{"href":"https:\/\/www.hydraulic-cylinders.net\/ro\/wp-json\/wp\/v2\/media?parent=18957"}],"wp:term":[{"taxonomy":"product_brand","embeddable":true,"href":"https:\/\/www.hydraulic-cylinders.net\/ro\/wp-json\/wp\/v2\/product_brand?post=18957"},{"taxonomy":"product_cat","embeddable":true,"href":"https:\/\/www.hydraulic-cylinders.net\/ro\/wp-json\/wp\/v2\/product_cat?post=18957"},{"taxonomy":"product_tag","embeddable":true,"href":"https:\/\/www.hydraulic-cylinders.net\/ro\/wp-json\/wp\/v2\/product_tag?post=18957"}],"curies":[{"name":"wp","href":"https:\/\/api.w.org\/{rel}","templated":true}]}}