{"id":18959,"date":"2025-04-07T06:04:19","date_gmt":"2025-04-07T06:04:19","guid":{"rendered":"https:\/\/www.hydraulic-cylinders.net\/product\/boom-cylinder-for-caterpillar-large-excavator-e329dzl\/"},"modified":"2025-04-07T06:04:21","modified_gmt":"2025-04-07T06:04:21","slug":"boom-cylinder-for-caterpillar-large-excavator-e329dzl","status":"publish","type":"product","link":"https:\/\/www.hydraulic-cylinders.net\/ro\/produs\/boom-cylinder-for-caterpillar-large-excavator-e329dzl\/","title":{"rendered":"Cilindru bra\u021b pentru excavator mare Caterpillar E329DZL"},"content":{"rendered":"<h1>Cilindru bra\u021b pentru excavator mare Caterpillar E329DZL<\/h1>\n<h2>Introducere \u00een cilindrul bra\u021bului<\/h2>\n<p>Cilindrul bra\u021bului este o component\u0103 crucial\u0103 \u00een utilajele grele, special conceput pentru a controla mi\u0219carea cupei \u00een excavatoare, excavatoare \u0219i \u00eenc\u0103rc\u0103toare frontale. Acest cilindru hidraulic permite ridicarea, cobor\u00e2rea \u0219i \u00eenclinarea cupei, facilit\u00e2nd diverse sarcini de manipulare a materialelor. Cilindrul bra\u021bului func\u021bioneaz\u0103 \u00een cadrul unui sistem hidraulic, care utilizeaz\u0103 presiunea fluidului pentru a genera mi\u0219care. Designul s\u0103u robust asigur\u0103 fiabilitate \u0219i eficien\u021b\u0103 \u00een medii solicitante, fiind esen\u021bial pentru aplica\u021bii \u00een construc\u021bii \u0219i agricultur\u0103.<\/p>\n<p><img decoding=\"async\" src=\"https:\/\/www.hydraulic-cylinders.net\/wp-content\/uploads\/2025\/04\/songte-company-1.webp\" alt=\"Cilindru de bra\u021b\" \/><\/p>\n<h2>Caracteristici cheie ale cilindrului bra\u021bului<\/h2>\n<ul>\n<li><strong>Rezisten\u021b\u0103 \u0219i durabilitate ridicate:<\/strong> Construit din o\u021bel sau aluminiu de \u00eenalt\u0103 rezisten\u021b\u0103, cilindrul bra\u021bului poate rezista la presiuni ridicate \u0219i sarcini grele, fiind potrivit pentru condi\u021bii de lucru dure.<\/li>\n<li><strong>Func\u021bionare hidraulic\u0103 eficient\u0103:<\/strong> Utilizeaz\u0103 presiunea uleiului hidraulic pentru o extensie \u0219i retragere lin\u0103, permi\u021b\u00e2nd un r\u0103spuns rapid la comenzile de control \u0219i oferind o for\u021b\u0103 semnificativ\u0103 de \u00eempingere \u0219i tragere.<\/li>\n<li><strong>Varietate de tipuri:<\/strong> Disponibile \u00een configura\u021bii cu ac\u021biune simpl\u0103 (ac\u021biune hidraulic\u0103 \u00eentr-o direc\u021bie) \u0219i cu ac\u021biune dubl\u0103 (ac\u021biune hidraulic\u0103 \u00een ambele direc\u021bii) pentru a satisface diferite nevoi opera\u021bionale, unele modele sunt telescopice, permi\u021b\u00e2nd o extindere mai mare f\u0103r\u0103 a cre\u0219te dimensiunile exterioare.<\/li>\n<\/ul>\n<h2>Capacit\u0103\u021bile noastre de produc\u021bie<\/h2>\n<p>Ne specializ\u0103m \u00een fabricarea acestor cilindri hidraulici, oferind \u00eenlocuiri perfecte pentru diverse modele.<\/p>\n<p><img decoding=\"async\" src=\"https:\/\/www.hydraulic-cylinders.net\/wp-content\/uploads\/2025\/04\/songte-cylinder-head-with-all-kinds-excavator-models.webp\" alt=\"Modele de cilindri hidraulici\" \/><\/p>\n<h2>Aplica\u021bii ale cilindrului bra\u021bului<\/h2>\n<h3>Echipamente de construc\u021bii<\/h3>\n<p>\u00cen excavatoare, cilindrul bra\u021bului joac\u0103 un rol esen\u021bial \u00een s\u0103parea, \u00eenc\u0103rcarea \u0219i mutarea solului sau a resturilor. Acesta ofer\u0103 for\u021ba necesar\u0103 pentru ca cupa s\u0103 p\u0103trund\u0103 eficient \u00een teren, asigur\u00e2nd procese eficiente de excavare. \u00cen cazul excavatoarelor, cilindrul cupei ajut\u0103 at\u00e2t la opera\u021biunile de s\u0103pare, c\u00e2t \u0219i la cele de ridicare, sporind productivitatea general\u0103 pe \u0219antierele de construc\u021bii.<\/p>\n<h3>Ma\u0219ini agricole<\/h3>\n<p>La \u00eenc\u0103rc\u0103toarele frontale, cilindrul bra\u021bului este crucial pentru scobere, ridicare \u0219i transportul solului, f\u00e2nului \u0219i altor materiale. Aceast\u0103 func\u021bionalitate permite fermierilor s\u0103 gestioneze eficient resursele \u0219i s\u0103 eficientizeze diverse sarcini agricole, de la \u00eenc\u0103rcarea camioanelor p\u00e2n\u0103 la \u00eempr\u0103\u0219tierea materialelor pe c\u00e2mpuri.<\/p>\n<h3>Excavatoare<\/h3>\n<p>Cilindrul bra\u021bului permite excavatoarelor s\u0103 efectueze ac\u021biuni de s\u0103pare, permi\u021b\u00e2nd cupei s\u0103 p\u0103trund\u0103 \u00een p\u0103m\u00e2nt. Puterea sa hidraulic\u0103 este vital\u0103 pentru executarea unor mi\u0219c\u0103ri precise, asigur\u00e2nd performan\u021be optime \u00een timpul s\u0103p\u0103rii de \u0219an\u021buri sau funda\u021bii.<\/p>\n<h3>\u00cenc\u0103rc\u0103toare<\/h3>\n<p>La \u00eenc\u0103rc\u0103toarele frontale, cilindrii bra\u021bului ajut\u0103 la ridicarea \u0219i desc\u0103rcarea eficient\u0103 a \u00eenc\u0103rc\u0103turilor. Ace\u0219tia furnizeaz\u0103 puterea hidraulic\u0103 necesar\u0103 pentru a gestiona \u00eenc\u0103rc\u0103turi grele, acceler\u00e2nd opera\u021biunile \u0219i reduc\u00e2nd munca manual\u0103.<\/p>\n<h2>Considera\u021bii de proiectare \u0219i criterii de selec\u021bie<\/h2>\n<h3>Capacitate de \u00eenc\u0103rcare<\/h3>\n<p>Atunci c\u00e2nd se selecteaz\u0103 un cilindru pentru bra\u021b, capacitatea de \u00eenc\u0103rcare este primordial\u0103. Acesta trebuie s\u0103 suporte greutatea maxim\u0103 pe care va trebui s\u0103 o ridice, asigur\u00e2nd siguran\u021ba \u0219i fiabilitatea \u00een timpul func\u021bion\u0103rii. Calcularea capacit\u0103\u021bii de \u00eenc\u0103rcare necesare implic\u0103 luarea \u00een considerare a tipului de material mutat, a greut\u0103\u021bii totale a ma\u0219inii \u0219i a condi\u021biilor de mediu. Un cilindru bine proiectat va avea o capacitate de \u00eenc\u0103rcare mai mare f\u0103r\u0103 a compromite integritatea sa structural\u0103.<\/p>\n<h3>Etan\u0219are \u0219i durabilitate<\/h3>\n<p>Etan\u0219area eficient\u0103 este crucial\u0103 pentru longevitatea cilindrilor hidraulici. Garniturile de \u00eenalt\u0103 calitate previn scurgerile de fluid \u0219i contaminarea, asigur\u00e2nd performan\u021be optime. Alegerea materialelor de etan\u0219are, cum ar fi poliuretanul sau cauciucul nitrilic, este important\u0103, deoarece acestea trebuie s\u0103 reziste uzurii, men\u021bin\u00e2ndu-\u0219i \u00een acela\u0219i timp integritatea sub presiune. \u00cen plus, designul cilindrului ar trebui s\u0103 permit\u0103 \u00eenlocuirea u\u0219oar\u0103 a garniturii pentru a facilita \u00eentre\u021binerea.<\/p>\n<h3>Siguran\u021b\u0103 \u0219i \u00eentre\u021binere<\/h3>\n<p>Caracteristicile de siguran\u021b\u0103 ar trebui integrate \u00een proiectarea cilindrilor bra\u021bului. Acestea pot include supape de suprapresiune pentru a preveni supra\u00eenc\u0103rcarea \u0219i mecanisme care s\u0103 asigure c\u0103 cilindrul r\u0103m\u00e2ne func\u021bional chiar \u0219i \u00een condi\u021bii extreme. Verific\u0103rile regulate de \u00eentre\u021binere sunt esen\u021biale pentru a identifica din timp uzura, asigur\u00e2nd c\u0103 cilindrul func\u021bioneaz\u0103 \u00een siguran\u021b\u0103 pe toat\u0103 durata sa de via\u021b\u0103.<\/p>\n<p><img decoding=\"async\" src=\"https:\/\/www.hydraulic-cylinders.net\/wp-content\/uploads\/2025\/04\/songte-oil-pipes-and-spare-parts.webp\" alt=\"Conducte de petrol \u0219i piese de schimb\" \/><\/p>\n<h2>Etan\u0219are \u0219i lubrifiere<\/h2>\n<p>Etan\u0219area \u0219i lubrifierea corespunz\u0103toare sunt vitale pentru func\u021bionarea eficient\u0103 a cilindrilor hidraulici. Diverse garnituri, cum ar fi garniturile pistonului \u0219i garniturile tijei, sunt utilizate pentru a asigura c\u0103 fluidul hidraulic r\u0103m\u00e2ne con\u021binut \u00een cilindru. Alegerea garniturilor fabricate din materiale durabile, cum ar fi poliuretanul sau cauciucul nitrilic, poate cre\u0219te longevitatea. Corpul cilindrului \u0219i capetele filetate sunt supuse unor prelucr\u0103ri de precizie pentru a \u00eembun\u0103t\u0103\u021bi rezisten\u021ba la uzur\u0103. De asemenea, este esen\u021bial s\u0103 se umple \u00een mod regulat sistemul cu uleiul hidraulic adecvat pentru a men\u021bine lubrifierea \u0219i a preveni deteriorarea cauzat\u0103 de frecare.<\/p>\n<h2>Inspec\u021bie regulat\u0103 \u0219i \u00eentre\u021binere preventiv\u0103<\/h2>\n<ul>\n<li><strong>Inspec\u021bii programate:<\/strong> Verifica\u021bi periodic dac\u0103 exist\u0103 semne de uzur\u0103 sau deteriorare a cilindrului \u0219i a garniturilor. C\u0103uta\u021bi scurgeri sau zgomote neobi\u0219nuite \u00een timpul func\u021bion\u0103rii care ar putea indica o problem\u0103 fundamental\u0103.<\/li>\n<li><strong>Lubrifiere adecvat\u0103:<\/strong> Asigura\u021bi-v\u0103 c\u0103 nivelurile de ulei hidraulic sunt adecvate \u0219i c\u0103 utiliza\u021bi tipul corect de ulei pentru performan\u021be optime. Acest lucru ajut\u0103 la reducerea frec\u0103rii \u0219i a uzurii componentelor.<\/li>\n<li><strong>\u00cenlocuirea garniturii:<\/strong> Monitoriza\u021bi starea garniturilor de etan\u0219are \u0219i \u00eenlocui\u021bi-le dup\u0103 cum este necesar pentru a preveni scurgerile \u0219i a men\u021bine eficien\u021ba hidraulic\u0103.<\/li>\n<\/ul>\n<h2>Instruc\u021biuni de instalare<\/h2>\n<p>Instalarea corect\u0103 a cilindrului bra\u021bului este crucial\u0103 pentru func\u021bionarea sa eficient\u0103. \u00cencepe\u021bi prin alinierea corect\u0103 a cilindrului pentru a evita nealinierea, care poate duce la uzur\u0103 prematur\u0103. Folosi\u021bi suporturi de montare adecvate pentru a fixa cilindrul, asigur\u00e2ndu-v\u0103 c\u0103 este stabil \u0219i f\u0103r\u0103 vibra\u021bii \u00een timpul func\u021bion\u0103rii. \u00cen timpul instal\u0103rii, asigura\u021bi-v\u0103 c\u0103 respecta\u021bi specifica\u021biile produc\u0103torului privind set\u0103rile de cuplu \u0219i conexiunile hidraulice. Dup\u0103 instalare, efectua\u021bi un test de presiune pentru a confirma c\u0103 nu exist\u0103 scurgeri \u0219i c\u0103 sistemul func\u021bioneaz\u0103 conform destina\u021biei. Reglajele \u0219i calibr\u0103rile corecte \u00een aceast\u0103 etap\u0103 pot prelungi semnificativ durata de via\u021b\u0103 \u0219i performan\u021ba cilindrului.<\/p>\n<p><img decoding=\"async\" src=\"https:\/\/www.hydraulic-cylinders.net\/wp-content\/uploads\/2025\/04\/songte-chushion-collar.webp\" alt=\"Guler de pern\u0103\" \/><\/p>\n<h2>Considera\u021bii de siguran\u021b\u0103 \u0219i factori de mediu<\/h2>\n<p>Atunci c\u00e2nd se lucreaz\u0103 cu cilindri hidraulici, implementarea m\u0103surilor de siguran\u021b\u0103 este esen\u021bial\u0103. Operatorii trebuie s\u0103 fie instrui\u021bi cu privire la practicile de manipulare \u00een siguran\u021b\u0103 \u0219i s\u0103 \u00een\u021beleag\u0103 importan\u021ba utiliz\u0103rii echipamentului individual de protec\u021bie (EIP) adecvat. \u00cen plus, trebuie lua\u021bi \u00een considerare factorii de mediu; \u00eentre\u021binerea regulat\u0103 \u0219i eliminarea corect\u0103 a fluidelor hidraulice sunt esen\u021biale pentru a minimiza impactul asupra mediului \u0219i a asigura respectarea reglement\u0103rilor.<\/p>\n<h2>Depanarea problemelor comune<\/h2>\n<ul>\n<li><strong>Scurgere:<\/strong> Dac\u0103 exist\u0103 scurgeri de lichid hidraulic din cilindru, verifica\u021bi dac\u0103 garniturile prezint\u0103 uzur\u0103 sau deterior\u0103ri \u0219i \u00eenlocui\u021bi-le dup\u0103 cum este necesar.<\/li>\n<li><strong>Performan\u021b\u0103 redus\u0103:<\/strong> O sc\u0103dere a puterii de ridicare poate indica niveluri sc\u0103zute de fluid hidraulic sau contaminare \u00een sistem. Se recomand\u0103 verific\u0103ri \u0219i \u00eenlocuiri regulate ale fluidelor.<\/li>\n<li><strong>Zgomote neobi\u0219nuite:<\/strong> Sunetele de scr\u00e2\u0219net sau bubuitur\u0103 din timpul func\u021bion\u0103rii pot sugera deterior\u0103ri interne sau nealiniere. O inspec\u021bie imediat\u0103 este necesar\u0103 pentru a preveni complica\u021bii ulterioare.<\/li>\n<\/ul>\n<h2>Sfaturi de depanare<\/h2>\n<p>Pentru a diagnostica \u0219i rezolva eficient problemele, operatorii ar trebui s\u0103 \u021bin\u0103 un jurnal de service detaliat care s\u0103 documenteze orice nereguli. \u00centre\u021binerea programat\u0103 periodic poate ajuta la identificarea poten\u021bialelor probleme \u00eenainte ca acestea s\u0103 se agraveze. Men\u021binerea pieselor de schimb disponibile imediat pentru repara\u021bii poate reduce la minimum timpul de nefunc\u021bionare. \u00cen plus, instruirea personalului cu privire la problemele comune \u0219i solu\u021biile acestora poate duce la timpi de r\u0103spuns mai rapizi \u00een abordarea problemelor.<\/p>\n<p><img decoding=\"async\" src=\"https:\/\/www.hydraulic-cylinders.net\/wp-content\/uploads\/2025\/04\/songte-bushings-with-all-kinds-of-excavator-models.webp\" alt=\"Buc\u0219e pentru modele de excavatoare\" \/><\/p>\n<h2>Despre compania noastr\u0103<\/h2>\n<p>Suntem un produc\u0103tor \u0219i distribuitor angro de top de cilindri hidraulici, oferind o gam\u0103 complet\u0103 de produse care deservesc at\u00e2t pie\u021bele interne, c\u00e2t \u0219i cele interna\u021bionale. Angajamentul nostru fa\u021b\u0103 de excelen\u021b\u0103 ne determin\u0103 s\u0103 implement\u0103m strategii rafinate de management al produc\u021biei. Utiliz\u0103m tehnologie de ultim\u0103 genera\u021bie, personal calificat \u0219i sisteme avansate de testare pentru a ne \u00eembun\u0103t\u0103\u021bi capacit\u0103\u021bile de produc\u021bie. Concentrarea noastr\u0103 pe eficien\u021b\u0103 ridicat\u0103, precizie \u0219i calitate ne permite s\u0103 satisfacem eficient diversele cerin\u021be ale clien\u021bilor.<\/p>\n<p><img decoding=\"async\" src=\"https:\/\/www.hydraulic-cylinders.net\/wp-content\/uploads\/2025\/04\/songte-company-4.webp\" alt=\"Imaginea companiei 1\" \/><br \/>\n<img decoding=\"async\" src=\"https:\/\/www.hydraulic-cylinders.net\/wp-content\/uploads\/2025\/04\/songte-company-3.webp\" alt=\"Imaginea companiei 2\" \/><\/p>\n<p>Profesionalismul nostru este sus\u021binut de certific\u0103ri interna\u021bionale, asigur\u00e2nd c\u0103 produsele noastre \u00eendeplinesc standarde riguroase de calitate. Oferim servicii personalizate pentru a satisface nevoile specifice ale clien\u021bilor, sus\u021binute de echipamente de produc\u021bie de ultim\u0103 genera\u021bie. Serviciul nostru post-v\u00e2nzare garanteaz\u0103 satisfac\u021bia clien\u021bilor, oferind asisten\u021b\u0103 mult timp dup\u0103 achizi\u021bia ini\u021bial\u0103.<\/p>\n<p>Autor: lyl<\/p>","protected":false},"excerpt":{"rendered":"<p>Boom Cylinder For Caterpillar Large Excavator E329DZL Introduction to Boom Cylinder The boom cylinder is a crucial component in heavy machinery, specifically designed to control the movement of the bucket in excavators, backhoes, and front loaders. This hydraulic cylinder enables the bucket to lift, lower, and tilt, facilitating various material handling tasks. The boom cylinder [&hellip;]<\/p>","protected":false},"featured_media":17871,"comment_status":"open","ping_status":"closed","template":"","meta":{"_et_pb_use_builder":"","_et_pb_old_content":"","_et_gb_content_width":""},"product_brand":[],"product_cat":[1546],"product_tag":[1547,1496],"class_list":{"0":"post-18959","1":"product","2":"type-product","3":"status-publish","4":"has-post-thumbnail","6":"product_cat-boom-cylinders","7":"product_tag-boom-cylinders","8":"product_tag-hydraulic-cylinders","10":"first","11":"instock","12":"shipping-taxable","13":"product-type-simple"},"amp_enabled":true,"_links":{"self":[{"href":"https:\/\/www.hydraulic-cylinders.net\/ro\/wp-json\/wp\/v2\/product\/18959","targetHints":{"allow":["GET"]}}],"collection":[{"href":"https:\/\/www.hydraulic-cylinders.net\/ro\/wp-json\/wp\/v2\/product"}],"about":[{"href":"https:\/\/www.hydraulic-cylinders.net\/ro\/wp-json\/wp\/v2\/types\/product"}],"replies":[{"embeddable":true,"href":"https:\/\/www.hydraulic-cylinders.net\/ro\/wp-json\/wp\/v2\/comments?post=18959"}],"wp:featuredmedia":[{"embeddable":true,"href":"https:\/\/www.hydraulic-cylinders.net\/ro\/wp-json\/wp\/v2\/media\/17871"}],"wp:attachment":[{"href":"https:\/\/www.hydraulic-cylinders.net\/ro\/wp-json\/wp\/v2\/media?parent=18959"}],"wp:term":[{"taxonomy":"product_brand","embeddable":true,"href":"https:\/\/www.hydraulic-cylinders.net\/ro\/wp-json\/wp\/v2\/product_brand?post=18959"},{"taxonomy":"product_cat","embeddable":true,"href":"https:\/\/www.hydraulic-cylinders.net\/ro\/wp-json\/wp\/v2\/product_cat?post=18959"},{"taxonomy":"product_tag","embeddable":true,"href":"https:\/\/www.hydraulic-cylinders.net\/ro\/wp-json\/wp\/v2\/product_tag?post=18959"}],"curies":[{"name":"wp","href":"https:\/\/api.w.org\/{rel}","templated":true}]}}