{"id":18960,"date":"2025-04-07T06:04:22","date_gmt":"2025-04-07T06:04:22","guid":{"rendered":"https:\/\/www.hydraulic-cylinders.net\/product\/boom-cylinder-for-caterpillar-large-excavator-e336d\/"},"modified":"2025-04-07T06:04:24","modified_gmt":"2025-04-07T06:04:24","slug":"boom-cylinder-for-caterpillar-large-excavator-e336d","status":"publish","type":"product","link":"https:\/\/www.hydraulic-cylinders.net\/ro\/produs\/boom-cylinder-for-caterpillar-large-excavator-e336d\/","title":{"rendered":"Cilindru bra\u021b pentru excavator mare Caterpillar E336D"},"content":{"rendered":"<h1>Cilindru bra\u021b pentru excavator mare Caterpillar E336D<\/h1>\n<h2>Prezentare general\u0103 a produsului<\/h2>\n<p>Cilindrul bra\u021bului pentru excavatorul mare Caterpillar E336D este o component\u0103 hidraulic\u0103 esen\u021bial\u0103, conceput\u0103 pentru a controla mi\u0219carea bra\u021bului \u00een utilajele grele. Acest cilindru hidraulic specializat joac\u0103 un rol esen\u021bial \u00een permiterea ridic\u0103rii, cobor\u00e2rii \u0219i \u00eenclin\u0103rii bra\u021bului, ceea ce este vital pentru diverse sarcini de manipulare a materialelor. \u00cen esen\u021b\u0103, cilindrul bra\u021bului func\u021bioneaz\u0103 \u00een cadrul unui sistem hidraulic, utiliz\u00e2nd fluid sub presiune pentru a crea mi\u0219care, ceea ce \u00eel face indispensabil \u00een lucr\u0103rile de excavare \u0219i construc\u021bii.<\/p>\n<p><img decoding=\"async\" src=\"https:\/\/www.hydraulic-cylinders.net\/wp-content\/uploads\/2025\/04\/songte-company-1.webp\" alt=\"Cilindru de bra\u021b\"><\/p>\n<h2>Caracteristicile cilindrului bra\u021bului<\/h2>\n<ul>\n<li><strong>Rezisten\u021b\u0103 \u0219i durabilitate ridicate:<\/strong> Fabricat din o\u021bel sau aluminiu de \u00eenalt\u0103 rezisten\u021b\u0103, acest cilindru rezist\u0103 la presiuni ridicate \u0219i sarcini grele, asigur\u00e2nd fiabilitate \u00een medii de lucru dure.<\/li>\n<li><strong>Func\u021bionare hidraulic\u0103 eficient\u0103:<\/strong> Cilindrul func\u021bioneaz\u0103 f\u0103r\u0103 probleme datorit\u0103 presiunii fluidului hidraulic, permi\u021b\u00e2nd un r\u0103spuns rapid \u0219i capacit\u0103\u021bi puternice de \u00eempingere-tragere, potrivite pentru manipularea materialelor grele.<\/li>\n<li><strong>Varietate de tipuri:<\/strong> Op\u021biunile includ cilindri cu ac\u021biune simpl\u0103 \u0219i dubl\u0103, permi\u021b\u00e2nd solu\u021bii personalizate \u00een func\u021bie de nevoile opera\u021bionale. Unele modele sunt telescopice, oferind o raz\u0103 de ac\u021biune extins\u0103 f\u0103r\u0103 a cre\u0219te dimensiunile exterioare.<\/li>\n<li><strong>Rezisten\u021b\u0103 la coroziune:<\/strong> Acoperirile \u0219i materialele speciale sporesc rezisten\u021ba la uzur\u0103 \u0219i coroziune, prelungind durata de via\u021b\u0103 a cilindrului.<\/li>\n<li><strong>Integrare u\u0219oar\u0103:<\/strong> Conceput pentru a fi compatibil cu diverse modele de excavatoare, facilit\u00e2nd \u00eenlocuirea \u0219i instalarea simpl\u0103.<\/li>\n<\/ul>\n<h2>Capacit\u0103\u021bi de produc\u021bie<\/h2>\n<p>Ne specializ\u0103m \u00een fabricarea de cilindri hidraulici de \u00eenalt\u0103 calitate, inclusiv a cilindrului de bra\u021b pentru Caterpillar E336D. Produsele noastre sunt concepute pentru a \u00eenlocui perfect cilindrii hidraulici existen\u021bi, asigur\u00e2nd o integrare perfect\u0103 \u00een utilajele dumneavoastr\u0103.<\/p>\n<p><img decoding=\"async\" src=\"https:\/\/www.hydraulic-cylinders.net\/wp-content\/uploads\/2025\/04\/songte-cylinder-head-with-all-kinds-excavator-models.webp\" alt=\"Fabricarea cilindrilor hidraulici\"><\/p>\n<h2>Scenarii de aplica\u021bii<\/h2>\n<h3>Echipamente de construc\u021bii<\/h3>\n<p>Cilindrul bra\u021bului se g\u0103se\u0219te \u00een principal la excavatoare, fiind esen\u021bial pentru s\u0103pare, \u00eenc\u0103rcare \u0219i mutarea p\u0103m\u00e2ntului sau a resturilor. La \u00eenc\u0103rc\u0103toarele excavatoare, acesta ajut\u0103 at\u00e2t la opera\u021biunile de s\u0103pare, c\u00e2t \u0219i la cele de ridicare, demonstr\u00e2ndu-\u0219i versatilitatea pe \u0219antierele de construc\u021bii.<\/p>\n<h3>Ma\u0219ini agricole<\/h3>\n<p>La \u00eenc\u0103rc\u0103toarele frontale, cilindrul bra\u021bului este esen\u021bial pentru scobere, ridicare \u0219i transportul solului, f\u00e2nului \u0219i altor materiale, ceea ce \u00eel face un echipament nepre\u021buit \u00een opera\u021biunile agricole.<\/p>\n<h3>Excavatoare<\/h3>\n<p>\u00cen cazul excavatoarelor, cilindrul bra\u021bului permite o s\u0103pare eficient\u0103, permi\u021b\u00e2nd cupei s\u0103 p\u0103trund\u0103 \u00een sol. Aceast\u0103 func\u021bionalitate este vital\u0103 pentru executarea excava\u021biilor ad\u00e2nci \u0219i a proiectelor de terasamente la scar\u0103 larg\u0103.<\/p>\n<h3>\u00cenc\u0103rc\u0103toare<\/h3>\n<p>La \u00eenc\u0103rc\u0103toarele frontale, cilindrul bra\u021bului contribuie la ridicarea \u0219i desc\u0103rcarea eficient\u0103 a materialelor, sporind productivitatea \u0219i asigur\u00e2nd finalizarea rapid\u0103 \u0219i eficient\u0103 a sarcinilor.<\/p>\n<h2>Considera\u021bii de proiectare \u0219i criterii de selec\u021bie<\/h2>\n<ul>\n<li><strong>Capacitate de \u00eenc\u0103rcare:<\/strong> Este esen\u021bial s\u0103 se evalueze capacitatea de \u00eenc\u0103rcare a cilindrului bra\u021bului pentru a se asigura c\u0103 acesta poate face fa\u021b\u0103 cerin\u021belor opera\u021bionale prev\u0103zute f\u0103r\u0103 riscul de defec\u021biune. Aceasta implic\u0103 evaluarea unor factori precum for\u021ba aplicat\u0103 \u0219i \u00een\u0103l\u021bimea de ridicare.<\/li>\n<li><strong>Integritatea etan\u0219\u0103rii:<\/strong> Etan\u0219area corect\u0103 este esen\u021bial\u0103 pentru a preveni scurgerile de fluid hidraulic care pot compromite performan\u021ba \u0219i siguran\u021ba. Garnituri de \u00eenalt\u0103 calitate ar trebui utilizate pentru a men\u021bine presiunea \u0219i eficien\u021ba sistemului.<\/li>\n<li><strong>Durabilitate:<\/strong> Materialele utilizate \u00een cilindrul hidraulic trebuie s\u0103 fie durabile pentru a rezista la uzura din diverse condi\u021bii de func\u021bionare, asigur\u00e2nd o durat\u0103 lung\u0103 de via\u021b\u0103 \u0219i fiabilitate \u00een condi\u021bii de utilizare intens\u0103.<\/li>\n<li><strong>Caracteristici de siguran\u021b\u0103:<\/strong> Trebuie luate \u00een considerare mecanisme de siguran\u021b\u0103 pentru a preveni func\u021bionarea defectuoas\u0103 sau accidentele, inclusiv supape de suprapresiune \u0219i sisteme robuste de montare care fixeaz\u0103 butelia \u00een timpul func\u021bion\u0103rii.<\/li>\n<li><strong>Accesibilitate pentru \u00eentre\u021binere:<\/strong> Proiectarea cilindrului pentru acces facil \u00een timpul \u00eentre\u021binerii este crucial\u0103. Aceast\u0103 caracteristic\u0103 de design ajut\u0103 la simplificarea verific\u0103rilor \u0219i repara\u021biilor de rutin\u0103, reduc\u00e2nd la minimum timpul de nefunc\u021bionare \u0219i prelungind durata de via\u021b\u0103.<\/li>\n<\/ul>\n<p><img decoding=\"async\" src=\"https:\/\/www.hydraulic-cylinders.net\/wp-content\/uploads\/2025\/04\/songte-oil-pipes-and-spare-parts.webp\" alt=\"Considera\u021bii privind proiectarea cilindrilor hidraulici\"><\/p>\n<h2>Etan\u0219are \u0219i lubrifiere<\/h2>\n<p>Etan\u0219area \u0219i lubrifierea eficiente sunt fundamentale pentru performan\u021ba cilindrului bra\u021bului. Diverse etan\u0219\u0103ri, cum ar fi etan\u0219\u0103rile pistonului \u0219i etan\u0219\u0103rile tijei, sunt utilizate pentru a men\u021bine integritatea hidraulic\u0103. Etan\u0219\u0103rile fabricate din materiale rezistente la uzur\u0103, cum ar fi poliuretanul \u0219i cauciucul nitrilic, sporesc durabilitatea \u0219i performan\u021ba. \u00cen plus, corpul cilindrului \u0219i suprafe\u021bele filetate ale cap\u0103tului sunt supuse unor prelucr\u0103ri de precizie pentru a \u00eembun\u0103t\u0103\u021bi rezisten\u021ba la uzur\u0103.<\/p>\n<p>Lubrifierea regulat\u0103 cu ulei hidraulic este necesar\u0103 pentru a asigura o func\u021bionare lin\u0103, a reduce frecarea \u0219i a preveni uzura pieselor mobile. Practicile adecvate de lubrifiere contribuie la eficien\u021ba general\u0103 \u0219i la durata de via\u021b\u0103 a sistemului hidraulic.<\/p>\n<h2>Inspec\u021bii regulate \u0219i \u00eentre\u021binere preventiv\u0103<\/h2>\n<ul>\n<li><strong>Inspec\u021bii de rutin\u0103:<\/strong> Ar trebui efectuate inspec\u021bii regulate pentru a verifica dac\u0103 exist\u0103 scurgeri, uzur\u0103 \u0219i rupturi. Identificarea problemelor din timp poate preveni repara\u021bii costisitoare \u0219i perioade de nefunc\u021bionare neplanificate.<\/li>\n<li><strong>Lubrifiere adecvat\u0103:<\/strong> Asigura\u021bi-v\u0103 c\u0103 uleiul hidraulic este la nivelul corect \u0219i c\u0103 lubrifierea este efectuat\u0103 conform specifica\u021biilor produc\u0103torului pentru a men\u021bine o func\u021bionalitate optim\u0103.<\/li>\n<li><strong>\u00cenlocuirea garniturii:<\/strong> \u00cen timp, garniturile se pot uza \u0219i necesit\u0103 \u00eenlocuire. Verific\u0103rile regulate ale garniturilor sunt necesare pentru a men\u021bine presiunea hidraulic\u0103 \u0219i a preveni scurgerile.<\/li>\n<\/ul>\n<h2>Instruc\u021biuni de instalare<\/h2>\n<p>Instalarea cilindrului bra\u021bului necesit\u0103 o aten\u021bie deosebit\u0103 detaliilor pentru a asigura func\u021bionalitatea \u0219i siguran\u021ba corespunz\u0103toare. \u00cencepe\u021bi prin preg\u0103tirea zonei de instalare, asigur\u00e2ndu-v\u0103 c\u0103 toate uneltele \u0219i componentele sunt la \u00eendem\u00e2n\u0103. Alinia\u021bi cilindrul cu precizie cu suporturile de montare \u0219i utiliza\u021bi suporturile de instalare adecvate pentru a-l fixa \u00een pozi\u021bie. Asigura\u021bi-v\u0103 c\u0103 respecta\u021bi specifica\u021biile de cuplu recomandate de produc\u0103tor pentru a fixa elementele de fixare.<\/p>\n<p>Dup\u0103 instalare, verifica\u021bi alinierea \u0219i verifica\u021bi dac\u0103 exist\u0103 eventuale obstruc\u021bii. Dup\u0103 ce cilindrul este montat, umple\u021bi-l cu fluidul hidraulic recomandat, asigur\u00e2ndu-v\u0103 c\u0103 nu exist\u0103 scurgeri. Testa\u021bi sistemul sub diferite sarcini pentru a v\u0103 asigura c\u0103 cilindrul func\u021bioneaz\u0103 f\u0103r\u0103 probleme \u00eenainte de a readuce echipamentul la utilizare normal\u0103.<\/p>\n<h2>Sarcini comune de \u00eentre\u021binere<\/h2>\n<ul>\n<li><strong>Verific\u0103ri regulate:<\/strong> Inspec\u021biile frecvente sunt cruciale pentru detectarea timpurie a poten\u021bialelor probleme. C\u0103uta\u021bi semne de uzur\u0103, scurgeri sau zgomote neobi\u0219nuite \u00een timpul func\u021bion\u0103rii.<\/li>\n<li><strong>Lubrifiere adecvat\u0103:<\/strong> Asigura\u021bi-v\u0103 c\u0103 cilindrul hidraulic este lubrifiat corespunz\u0103tor, respect\u00e2nd instruc\u021biunile produc\u0103torului privind tipul de ulei \u0219i frecven\u021ba de aplicare.<\/li>\n<li><strong>\u00cenlocuirea garniturii:<\/strong> Monitoriza\u021bi starea garniturilor de etan\u0219are \u0219i \u00eenlocui\u021bi-le dup\u0103 cum este necesar pentru a men\u021bine integritatea sistemului \u0219i a preveni pierderea de fluid hidraulic.<\/li>\n<\/ul>\n<p>Instalarea, lubrifierea \u0219i reglarea corect\u0103 sunt vitale pentru men\u021binerea eficien\u021bei \u0219i eficacit\u0103\u021bii cilindrului bra\u021bului. Alinierea corect\u0103 a cilindrului \u00een timpul instal\u0103rii asigur\u0103 o func\u021bionare lin\u0103, \u00een timp ce utilizarea unor suporturi de montare adecvate spore\u0219te stabilitatea. Verific\u0103rile, repara\u021biile \u0219i \u00eenlocuirile regulate ale pieselor pot prelungi semnificativ durata de via\u021b\u0103 a cilindrului hidraulic.<\/p>\n<p><img decoding=\"async\" src=\"https:\/\/www.hydraulic-cylinders.net\/wp-content\/uploads\/2025\/04\/songte-chushion-collar.webp\" alt=\"Instalarea cilindrului hidraulic\"><\/p>\n<h2>Considera\u021bii de siguran\u021b\u0103 \u0219i factori de mediu<\/h2>\n<p>Atunci c\u00e2nd se lucreaz\u0103 cu cilindri hidraulici, m\u0103surile de siguran\u021b\u0103 sunt primordiale. Operatorii trebuie s\u0103 fie instrui\u021bi cu privire la manipularea \u0219i operarea corect\u0103 a echipamentelor hidraulice. Asigura\u021bi-v\u0103 c\u0103 toate dispozitivele de siguran\u021b\u0103 sunt instalate \u0219i func\u021bionale pentru a preveni accidentele. Inspecta\u021bi periodic sistemele hidraulice pentru scurgeri \u0219i poten\u021biale pericole, deoarece fluidul hidraulic poate prezenta riscuri pentru mediu dac\u0103 nu este gestionat corect.<\/p>\n<h2>Depanare \u0219i probleme frecvente<\/h2>\n<ul>\n<li><strong>Pierdere de putere:<\/strong> O problem\u0103 frecvent\u0103 este pierderea puterii de ridicare, adesea cauzat\u0103 de scurgeri de fluid hidraulic sau de prezen\u021ba aerului \u00een sistem. Verifica\u021bi periodic integritatea garniturilor \u0219i a conexiunilor.<\/li>\n<li><strong>Zgomote neobi\u0219nuite:<\/strong> Zgomotele de m\u0103cinare sau \u0219uierat pot indica o defec\u021biune mecanic\u0103 sau niveluri sc\u0103zute de lichid hidraulic. Asigura\u021bi \u00eentre\u021binerea la timp pentru a evita deteriorarea grav\u0103.<\/li>\n<li><strong>Mi\u0219care lent\u0103:<\/strong> Dac\u0103 cilindrul se mi\u0219c\u0103 \u00eencet, acest lucru ar putea fi din cauza unei cantit\u0103\u021bi insuficiente de fluid hidraulic sau a unor blocaje \u00een conductele hidraulice. Verifica\u021bi nivelurile de fluid \u0219i inspecta\u021bi sistemul pentru a depista obstruc\u021bii.<\/li>\n<\/ul>\n<h2>Sfaturi de depanare<\/h2>\n<p>Pentru a diagnostica \u0219i rezolva eficient problemele legate de cilindrul bra\u021bului, \u00eencepe\u021bi prin a inspecta toate conexiunile \u0219i garniturile pentru a depista scurgeri. Dac\u0103 nivelurile de lichid sunt sc\u0103zute, completa\u021bi-le cu uleiul hidraulic corespunz\u0103tor. Pentru performan\u021be lente, verifica\u021bi dac\u0103 exist\u0103 aer \u00een sistem \u0219i aerisi\u021bi-l dac\u0103 este necesar. Verific\u0103rile regulate de \u00eentre\u021binere pot ajuta la identificarea poten\u021bialelor probleme \u00eenainte ca acestea s\u0103 se agraveze.<\/p>\n<p><img decoding=\"async\" src=\"https:\/\/www.hydraulic-cylinders.net\/wp-content\/uploads\/2025\/04\/songte-bushings-with-all-kinds-of-excavator-models.webp\" alt=\"Depanarea Cilindrului Hidraulic\"><\/p>\n<h2>Despre compania noastr\u0103<\/h2>\n<p>Suntem un produc\u0103tor \u0219i distribuitor angro de top de cilindri hidraulici de schimb, recunoscu\u021bi pentru gama noastr\u0103 extins\u0103 de produse pe pie\u021bele interne \u0219i interna\u021bionale. Angajamentul nostru fa\u021b\u0103 de excelen\u021b\u0103 se reflect\u0103 \u00een strategiile noastre meticuloase de fabrica\u021bie, utiliz\u00e2nd echipamente digitale avansate de fabrica\u021bie \u0219i sisteme de testare specializate. Ne \u00eembun\u0103t\u0103\u021bim continuu capacit\u0103\u021bile de produc\u021bie, concentr\u00e2ndu-ne pe eficien\u021b\u0103 ridicat\u0103, precizie \u0219i calitate pentru a satisface nevoile diverse ale clien\u021bilor.<\/p>\n<p>Expertiza noastr\u0103 se extinde la furnizarea de servicii personalizate, adaptate aplica\u021biilor specifice, asigur\u00e2ndu-ne c\u0103 fiecare cilindru \u00eendepline\u0219te cerin\u021bele riguroase ale diverselor industrii. Certific\u0103rile noastre interna\u021bionale confirm\u0103 dedicarea noastr\u0103 fa\u021b\u0103 de calitate, \u00een timp ce asisten\u021ba noastr\u0103 robust\u0103 post-v\u00e2nzare garanteaz\u0103 satisfac\u021bia clien\u021bilor.<\/p>\n<p><img decoding=\"async\" src=\"https:\/\/www.hydraulic-cylinders.net\/wp-content\/uploads\/2025\/04\/songte-company-4.webp\" alt=\"Prezentare general\u0103 a companiei\"><br \/>\n<img decoding=\"async\" src=\"https:\/\/www.hydraulic-cylinders.net\/wp-content\/uploads\/2025\/04\/songte-company-3.webp\" alt=\"Unitatea de produc\u021bie a companiei\"><\/p>\n<p>Autor: lyl<\/p>","protected":false},"excerpt":{"rendered":"<p>Boom Cylinder For Caterpillar Large Excavator E336D Product Overview The Boom Cylinder for Caterpillar Large Excavator E336D is an essential hydraulic component designed to control the movement of the boom in heavy machinery. This specialized hydraulic cylinder plays a critical role in enabling the boom to lift, lower, and tilt, which is vital for various [&hellip;]<\/p>","protected":false},"featured_media":17872,"comment_status":"open","ping_status":"closed","template":"","meta":{"_et_pb_use_builder":"","_et_pb_old_content":"","_et_gb_content_width":""},"product_brand":[],"product_cat":[1546],"product_tag":[1547,1496],"class_list":{"0":"post-18960","1":"product","2":"type-product","3":"status-publish","4":"has-post-thumbnail","6":"product_cat-boom-cylinders","7":"product_tag-boom-cylinders","8":"product_tag-hydraulic-cylinders","10":"first","11":"instock","12":"shipping-taxable","13":"product-type-simple"},"amp_enabled":true,"_links":{"self":[{"href":"https:\/\/www.hydraulic-cylinders.net\/ro\/wp-json\/wp\/v2\/product\/18960","targetHints":{"allow":["GET"]}}],"collection":[{"href":"https:\/\/www.hydraulic-cylinders.net\/ro\/wp-json\/wp\/v2\/product"}],"about":[{"href":"https:\/\/www.hydraulic-cylinders.net\/ro\/wp-json\/wp\/v2\/types\/product"}],"replies":[{"embeddable":true,"href":"https:\/\/www.hydraulic-cylinders.net\/ro\/wp-json\/wp\/v2\/comments?post=18960"}],"wp:featuredmedia":[{"embeddable":true,"href":"https:\/\/www.hydraulic-cylinders.net\/ro\/wp-json\/wp\/v2\/media\/17872"}],"wp:attachment":[{"href":"https:\/\/www.hydraulic-cylinders.net\/ro\/wp-json\/wp\/v2\/media?parent=18960"}],"wp:term":[{"taxonomy":"product_brand","embeddable":true,"href":"https:\/\/www.hydraulic-cylinders.net\/ro\/wp-json\/wp\/v2\/product_brand?post=18960"},{"taxonomy":"product_cat","embeddable":true,"href":"https:\/\/www.hydraulic-cylinders.net\/ro\/wp-json\/wp\/v2\/product_cat?post=18960"},{"taxonomy":"product_tag","embeddable":true,"href":"https:\/\/www.hydraulic-cylinders.net\/ro\/wp-json\/wp\/v2\/product_tag?post=18960"}],"curies":[{"name":"wp","href":"https:\/\/api.w.org\/{rel}","templated":true}]}}