{"id":18961,"date":"2025-04-07T06:04:25","date_gmt":"2025-04-07T06:04:25","guid":{"rendered":"https:\/\/www.hydraulic-cylinders.net\/product\/boom-cylinder-for-caterpillar-large-excavator-e349dl\/"},"modified":"2025-04-07T06:04:27","modified_gmt":"2025-04-07T06:04:27","slug":"boom-cylinder-for-caterpillar-large-excavator-e349dl","status":"publish","type":"product","link":"https:\/\/www.hydraulic-cylinders.net\/ro\/produs\/boom-cylinder-for-caterpillar-large-excavator-e349dl\/","title":{"rendered":"Cilindru bra\u021b pentru excavator mare Caterpillar E349DL"},"content":{"rendered":"<h1>Cilindru bra\u021b pentru excavator mare Caterpillar E349DL<\/h1>\n<h2>Prezentare general\u0103 a produsului<\/h2>\n<p>Cilindrul bra\u021bului pentru excavatorul mare Caterpillar E349DL este o component\u0103 vital\u0103 conceput\u0103 pentru a \u00eembun\u0103t\u0103\u021bi eficien\u021ba opera\u021bional\u0103 a utilajelor grele. Acest cilindru hidraulic controleaz\u0103 \u00een mod specific mi\u0219carea bra\u021bului excavatorului, permi\u021b\u00e2ndu-i s\u0103 ridice, s\u0103 coboare \u0219i s\u0103 \u00eencline f\u0103r\u0103 probleme. Func\u021bionarea corect\u0103 a acestui cilindru este crucial\u0103 pentru diverse sarcini de manipulare a materialelor, deoarece influen\u021beaz\u0103 direct performan\u021ba excavatorului \u00een medii de lucru complexe.<\/p>\n<p><img decoding=\"async\" src=\"https:\/\/www.hydraulic-cylinders.net\/wp-content\/uploads\/2025\/04\/songte-company-1.webp\" alt=\"Cilindru de bra\u021b pentru excavatoare\"><\/p>\n<h2>Caracteristicile produsului<\/h2>\n<ul>\n<li><strong>Rezisten\u021b\u0103 \u0219i durabilitate ridicate:<\/strong> Fabricat din o\u021bel sau aluminiu de \u00eenalt\u0103 rezisten\u021b\u0103, acest cilindru al bra\u021bului este proiectat s\u0103 reziste la presiuni ridicate \u0219i sarcini grele, fiind \u00een acela\u0219i timp adaptat la condi\u021bii dure de lucru. Este proiectat av\u00e2nd \u00een vedere rezisten\u021ba la uzur\u0103 \u0219i la coroziune, prelungindu-i astfel durata de via\u021b\u0103.<\/li>\n<li><strong>Func\u021bionare hidraulic\u0103 eficient\u0103:<\/strong> Utiliz\u00e2nd presiunea uleiului hidraulic, realizeaz\u0103 o ac\u021biune telescopic\u0103 lin\u0103, r\u0103spunz\u00e2nd rapid la comenzile de control pentru a oferi for\u021be puternice de \u00eempingere \u0219i tragere, potrivite pentru manipularea obiectelor grele \u0219i a sarcinilor complexe.<\/li>\n<li><strong>Diverse tipuri disponibile:<\/strong> Op\u021biunile includ cilindri cu ac\u021biune simpl\u0103 (hidraulic utilizat \u00eentr-o singur\u0103 direc\u021bie) sau cu ac\u021biune dubl\u0103 (hidraulic utilizat \u00een ambele direc\u021bii) pentru a satisface diverse cerin\u021be opera\u021bionale. Unele modele sunt telescopice, permi\u021b\u00e2nd o extensie mai mare f\u0103r\u0103 a cre\u0219te dimensiunile exterioare, ideale pentru aplica\u021bii cu spa\u021biu limitat.<\/li>\n<\/ul>\n<h2>Capacitate de produc\u021bie<\/h2>\n<p>Compania noastr\u0103 este specializat\u0103 \u00een fabricarea acestor cilindri hidraulici, asigur\u00e2ndu-ne c\u0103 produsele noastre servesc drept \u00eenlocuitori perfec\u021bi pentru modelele existente.<\/p>\n<p><img decoding=\"async\" src=\"https:\/\/www.hydraulic-cylinders.net\/wp-content\/uploads\/2025\/04\/songte-cylinder-head-with-all-kinds-excavator-models.webp\" alt=\"Chiulas\u0103 de excavator\"><\/p>\n<h2>Aplica\u021bii ale cilindrului bra\u021bului<\/h2>\n<h3>Echipamente de construc\u021bii<\/h3>\n<p>\u00cen excavatoare, cilindrul bra\u021bului este esen\u021bial pentru s\u0103pare, \u00eenc\u0103rcare \u0219i mutarea solului sau a resturilor. Acesta joac\u0103 un rol esen\u021bial at\u00e2t \u00een \u200b\u200bexcavare, c\u00e2t \u0219i \u00een ridicare \u00een excavatoarele cu buldoexcavatoare, asigur\u00e2nd eficien\u021ba opera\u021bional\u0103 \u0219i precizia \u00een sarcinile de construc\u021bie.<\/p>\n<h3>Ma\u0219ini agricole<\/h3>\n<p>Utiliza\u021bi \u00een \u00eenc\u0103rc\u0103toarele frontale, cilindrii bra\u021bului sunt responsabili pentru scoberea, ridicarea \u0219i transportul solului, f\u00e2nului \u0219i altor materiale. Designul lor robust le permite s\u0103 fac\u0103 fa\u021b\u0103 eficient cerin\u021belor lucr\u0103rilor agricole.<\/p>\n<h3>Excavatoare<\/h3>\n<p>Cilindrul bra\u021bului permite cupei excavatorului s\u0103 p\u0103trund\u0103 \u00een p\u0103m\u00e2nt, facilit\u00e2nd procesul de s\u0103pare. Precizia \u0219i puterea sa permit operatorilor s\u0103 efectueze sarcini complexe \u00een diverse tipuri de sol.<\/p>\n<h3>\u00cenc\u0103rc\u0103toare<\/h3>\n<p>La \u00eenc\u0103rc\u0103toarele frontale, cilindrii bra\u021bului ajut\u0103 la ridicarea \u0219i bascularea eficient\u0103 a sarcinilor, ceea ce \u00eei face esen\u021biali pentru manipularea materialelor \u00een construc\u021bii \u0219i agricultur\u0103.<\/p>\n<h2>Considera\u021bii de proiectare \u0219i criterii de selec\u021bie<\/h2>\n<h3>Capacitate de \u00eenc\u0103rcare<\/h3>\n<p>Cilindrul bra\u021bului trebuie s\u0103 fie proiectat pentru a gestiona sarcini semnificative f\u0103r\u0103 a compromite siguran\u021ba sau performan\u021ba. Selectarea unui cilindru cu capacitatea de \u00eenc\u0103rcare adecvat\u0103 asigur\u0103 fiabilitatea \u0219i longevitatea \u00een medii de lucru solicitante.<\/p>\n<h3>Sigilare<\/h3>\n<p>Etan\u0219area eficient\u0103 este esen\u021bial\u0103 pentru men\u021binerea presiunii hidraulice \u0219i prevenirea scurgerilor. Garniturile de \u00eenalt\u0103 calitate, fabricate din materiale durabile, asigur\u0103 func\u021bionarea eficient\u0103 a cilindrului \u00een timp.<\/p>\n<h3>Durabilitate<\/h3>\n<p>Materialele utilizate \u00een fabrica\u021bie trebuie s\u0103 reziste la uzur\u0103 \u0219i coroziune. Aceast\u0103 durabilitate este esen\u021bial\u0103 pentru o durat\u0103 lung\u0103 de via\u021b\u0103, \u00een special \u00een condi\u021bii dure, tipice \u0219antierelor de construc\u021bii.<\/p>\n<h3>Siguran\u0163\u0103<\/h3>\n<p>Caracteristicile de siguran\u021b\u0103 ar trebui integrate \u00een proiectare pentru a atenua riscurile \u00een timpul func\u021bion\u0103rii. Acestea includ supape de suprapresiune \u0219i o construc\u021bie robust\u0103 pentru a rezista la solicit\u0103ri neprev\u0103zute.<\/p>\n<h3>Accesibilitate pentru \u00eentre\u021binere<\/h3>\n<p>Designul ar trebui s\u0103 faciliteze \u00eentre\u021binerea u\u0219oar\u0103, permi\u021b\u00e2nd inspec\u021bii \u0219i repara\u021bii rapide. Componentele accesibile reduc timpii de nefunc\u021bionare \u0219i cresc eficien\u021ba opera\u021bional\u0103.<\/p>\n<p><img decoding=\"async\" src=\"https:\/\/www.hydraulic-cylinders.net\/wp-content\/uploads\/2025\/04\/songte-oil-pipes-and-spare-parts.webp\" alt=\"Piese cilindru hidraulic\"><\/p>\n<h2>Etan\u0219are \u0219i lubrifiere<\/h2>\n<p>Diverse etan\u0219\u0103ri, cum ar fi etan\u0219\u0103rile pistonului \u0219i etan\u0219\u0103rile tijei, sunt utilizate pentru a men\u021bine presiunea hidraulic\u0103 \u0219i a preveni scurgerile. Etan\u0219\u0103rile fabricate din materiale rezistente la uzur\u0103, cum ar fi poliuretanul \u0219i cauciucul nitrilic, sporesc durabilitatea. Corpul cilindrului \u0219i suprafe\u021bele filetate ale cap\u0103tului sunt prelucrate fin pentru a \u00eembun\u0103t\u0103\u021bi rezisten\u021ba la uzur\u0103. Lubrifierea regulat\u0103 cu ulei hidraulic este esen\u021bial\u0103 pentru a men\u021bine o func\u021bionare lin\u0103 \u0219i a preveni deteriorarea.<\/p>\n<h2>Inspec\u021bie regulat\u0103 \u0219i \u00eentre\u021binere preventiv\u0103<\/h2>\n<ul>\n<li><strong>Inspec\u021bii de rutin\u0103:<\/strong> Verific\u0103rile regulate pot detecta din timp poten\u021bialele probleme, cum ar fi scurgeri sau uzur\u0103 neobi\u0219nuit\u0103, permi\u021b\u00e2nd \u00eentre\u021binerea la timp.<\/li>\n<li><strong>Lubrifiere adecvat\u0103:<\/strong> Asigurarea lubrifierii adecvate a cilindrului reduce frecarea \u0219i uzura, prelungindu-i durata de via\u021b\u0103.<\/li>\n<li><strong>\u00cenlocuirea garniturii:<\/strong> \u00cenlocuirea regulat\u0103 a garniturilor uzate previne scurgerile de fluid hidraulic \u0219i men\u021bine eficien\u021ba sistemului.<\/li>\n<\/ul>\n<h2>Instruc\u021biuni de instalare<\/h2>\n<p>Instalarea corect\u0103 a cilindrului bra\u021bului este vital\u0103 pentru o performan\u021b\u0103 optim\u0103. \u00cencepe\u021bi prin a v\u0103 asigura c\u0103 toate componentele sunt curate \u0219i f\u0103r\u0103 resturi. Alinia\u021bi cilindrul cu precizie cu suporturile de montare \u0219i utiliza\u021bi suporturi de montare adecvate pentru a-l fixa \u00een pozi\u021bie. Str\u00e2nge\u021bi toate \u0219uruburile la cuplul specificat de produc\u0103tor pentru a preveni sl\u0103birea \u00een timpul func\u021bion\u0103rii. Dup\u0103 instalare, efectua\u021bi un test am\u0103nun\u021bit pentru a confirma c\u0103 cilindrul func\u021bioneaz\u0103 conform destina\u021biei, verific\u00e2nd dac\u0103 exist\u0103 semne de scurgeri sau func\u021bionare anormal\u0103.<\/p>\n<h2>Sarcini comune de \u00eentre\u021binere<\/h2>\n<ul>\n<li><strong>Inspec\u021bii regulate:<\/strong> Verific\u0103rile frecvente pentru scurgeri, uzur\u0103 sau deteriorare sunt cruciale. Alinierea corect\u0103 a cilindrului \u00een timpul instal\u0103rii este esen\u021bial\u0103 pentru prevenirea problemelor opera\u021bionale.<\/li>\n<li><strong>Lubrifiere adecvat\u0103:<\/strong> Folosi\u021bi uleiul hidraulic recomandat \u0219i aplica\u021bi-l \u00een mod corespunz\u0103tor pentru a asigura o func\u021bionare lin\u0103. Acest lucru reduce la minimum uzura \u0219i prelunge\u0219te func\u021bionarea cilindrului.<\/li>\n<li><strong>\u00cenlocuirea garniturii:<\/strong> Monitoriza\u021bi periodic integritatea garniturilor \u0219i \u00eenlocui\u021bi-le dup\u0103 cum este necesar. Acest lucru previne pierderea de fluid hidraulic \u0219i men\u021bine eficien\u021ba sistemului.<\/li>\n<\/ul>\n<p><img decoding=\"async\" src=\"https:\/\/www.hydraulic-cylinders.net\/wp-content\/uploads\/2025\/04\/songte-chushion-collar.webp\" alt=\"Guler de pern\u0103\"><\/p>\n<h2>Considera\u021bii de siguran\u021b\u0103 \u0219i factori de mediu<\/h2>\n<p>Atunci c\u00e2nd se utilizeaz\u0103 cilindri ai bra\u021bului, este esen\u021bial s\u0103 se respecte m\u0103surile de siguran\u021b\u0103. Operatorii trebuie s\u0103 fie instrui\u021bi s\u0103 recunoasc\u0103 pericolele asociate cu sistemele hidraulice, cum ar fi situa\u021biile de \u00eenalt\u0103 presiune sau poten\u021bialele defec\u021biuni mecanice. Trebuie purtat echipament de protec\u021bie, iar protocoalele de siguran\u021b\u0103 trebuie respectate cu stricte\u021be pentru a atenua riscurile. \u00cen plus, considera\u021biile de mediu, inclusiv eliminarea corect\u0103 a fluidelor hidraulice \u0219i minimizarea scurgerilor, sunt esen\u021biale pentru protejarea ecosistemelor.<\/p>\n<h2>Diagnosticarea defec\u021biunilor \u0219i probleme frecvente<\/h2>\n<ul>\n<li><strong>Scurgere:<\/strong> Apare frecvent din cauza garniturilor uzate sau a fitingurilor deteriorate. Inspec\u021bia regulat\u0103 poate ajuta la identificarea timpurie a scurgerilor.<\/li>\n<li><strong>Performan\u021b\u0103 slab\u0103:<\/strong> Aceasta poate indica o lubrifiere inadecvat\u0103 sau niveluri sc\u0103zute de lichid hidraulic. Verific\u0103rile regulate asigur\u0103 func\u021bionarea sistemului la niveluri optime.<\/li>\n<li><strong>Zgomote neobi\u0219nuite:<\/strong> Sunetele de scr\u00e2\u0219net sau \u0219uierat ar putea semnala probleme mecanice sau prezen\u021ba aerului \u00een conductele hidraulice, justific\u00e2nd o investiga\u021bie imediat\u0103.<\/li>\n<\/ul>\n<h2>Sfaturi pentru rezolvarea problemelor<\/h2>\n<p>Pentru a diagnostica eficient problemele, p\u0103stra\u021bi un jurnal al oric\u0103ror anomalii \u00eent\u00e2lnite \u00een timpul func\u021bion\u0103rii. Folosi\u021bi acest jurnal pentru a identifica tipare care pot indica probleme specifice, permi\u021b\u00e2nd depanarea specific\u0103. De exemplu, dac\u0103 se observ\u0103 scurgeri, inspecta\u021bi garniturile \u0219i fitingurile pentru a depista eventualele deterior\u0103ri \u0219i \u00eenlocui\u021bi-le dup\u0103 cum este necesar. Implementa\u021bi m\u0103suri de \u00eentre\u021binere preventiv\u0103 de rutin\u0103 pentru a atenua riscurile, cum ar fi lubrifierea \u0219i inspec\u021biile regulate, pentru a reduce probabilitatea apari\u021biei unor probleme viitoare.<\/p>\n<p><img decoding=\"async\" src=\"https:\/\/www.hydraulic-cylinders.net\/wp-content\/uploads\/2025\/04\/songte-bushings-with-all-kinds-of-excavator-models.webp\" alt=\"Buc\u0219e pentru excavatoare\"><\/p>\n<h2>Prezentare general\u0103 a companiei<\/h2>\n<p>Suntem un produc\u0103tor important de cilindri hidraulici de schimb, oferind o gam\u0103 complet\u0103 de produse at\u00e2t pie\u021belor interne, c\u00e2t \u0219i interna\u021bionale. Angajamentul nostru fa\u021b\u0103 de excelen\u021b\u0103 este evident \u00een strategiile noastre riguroase de management al produc\u021biei, valorific\u00e2nd tehnologia avansat\u0103 de fabrica\u021bie \u0219i personalul calificat. Pun\u00e2nd un accent puternic pe controlul calit\u0103\u021bii, ne asigur\u0103m c\u0103 fiecare cilindru hidraulic \u00eendepline\u0219te cele mai \u00eenalte standarde de performan\u021b\u0103 \u0219i fiabilitate.<\/p>\n<p>Ofertele noastre de produse sunt completate de servicii profesionale de personalizare, permi\u021b\u00e2ndu-ne s\u0103 satisfacem nevoile unice ale clien\u021bilor. Folosim echipamente de produc\u021bie de ultim\u0103 genera\u021bie \u0219i men\u021binem un serviciu post-v\u00e2nzare robust pentru a ne sprijini eficient clien\u021bii.<\/p>\n<p><img decoding=\"async\" src=\"https:\/\/www.hydraulic-cylinders.net\/wp-content\/uploads\/2025\/04\/songte-company-4.webp\" alt=\"Procesul de fabrica\u021bie al companiei\"><\/p>\n<p><img decoding=\"async\" src=\"https:\/\/www.hydraulic-cylinders.net\/wp-content\/uploads\/2025\/04\/songte-company-3.webp\" alt=\"Prezentare general\u0103 a companiei\"><\/p>\n<p>Autor: lyl<\/p>","protected":false},"excerpt":{"rendered":"<p>Boom Cylinder For Caterpillar Large Excavator E349DL Product Overview The Boom Cylinder for Caterpillar Large Excavator E349DL is a vital component designed to enhance the operational efficiency of heavy machinery. This hydraulic cylinder specifically controls the movement of the excavator&#8217;s boom, allowing it to lift, lower, and tilt seamlessly. The proper functioning of this cylinder [&hellip;]<\/p>","protected":false},"featured_media":17873,"comment_status":"open","ping_status":"closed","template":"","meta":{"_et_pb_use_builder":"","_et_pb_old_content":"","_et_gb_content_width":""},"product_brand":[],"product_cat":[1546],"product_tag":[1547,1496],"class_list":{"0":"post-18961","1":"product","2":"type-product","3":"status-publish","4":"has-post-thumbnail","6":"product_cat-boom-cylinders","7":"product_tag-boom-cylinders","8":"product_tag-hydraulic-cylinders","10":"first","11":"instock","12":"shipping-taxable","13":"product-type-simple"},"amp_enabled":true,"_links":{"self":[{"href":"https:\/\/www.hydraulic-cylinders.net\/ro\/wp-json\/wp\/v2\/product\/18961","targetHints":{"allow":["GET"]}}],"collection":[{"href":"https:\/\/www.hydraulic-cylinders.net\/ro\/wp-json\/wp\/v2\/product"}],"about":[{"href":"https:\/\/www.hydraulic-cylinders.net\/ro\/wp-json\/wp\/v2\/types\/product"}],"replies":[{"embeddable":true,"href":"https:\/\/www.hydraulic-cylinders.net\/ro\/wp-json\/wp\/v2\/comments?post=18961"}],"wp:featuredmedia":[{"embeddable":true,"href":"https:\/\/www.hydraulic-cylinders.net\/ro\/wp-json\/wp\/v2\/media\/17873"}],"wp:attachment":[{"href":"https:\/\/www.hydraulic-cylinders.net\/ro\/wp-json\/wp\/v2\/media?parent=18961"}],"wp:term":[{"taxonomy":"product_brand","embeddable":true,"href":"https:\/\/www.hydraulic-cylinders.net\/ro\/wp-json\/wp\/v2\/product_brand?post=18961"},{"taxonomy":"product_cat","embeddable":true,"href":"https:\/\/www.hydraulic-cylinders.net\/ro\/wp-json\/wp\/v2\/product_cat?post=18961"},{"taxonomy":"product_tag","embeddable":true,"href":"https:\/\/www.hydraulic-cylinders.net\/ro\/wp-json\/wp\/v2\/product_tag?post=18961"}],"curies":[{"name":"wp","href":"https:\/\/api.w.org\/{rel}","templated":true}]}}