{"id":18965,"date":"2025-04-07T06:04:34","date_gmt":"2025-04-07T06:04:34","guid":{"rendered":"https:\/\/www.hydraulic-cylinders.net\/product\/boom-cylinder-for-caterpillar-large-excavator-e328dlc\/"},"modified":"2025-04-07T06:04:37","modified_gmt":"2025-04-07T06:04:37","slug":"boom-cylinder-for-caterpillar-large-excavator-e328dlc","status":"publish","type":"product","link":"https:\/\/www.hydraulic-cylinders.net\/ro\/produs\/boom-cylinder-for-caterpillar-large-excavator-e328dlc\/","title":{"rendered":"Cilindru bra\u021b pentru excavator mare Caterpillar E328DLC"},"content":{"rendered":"<h1>Cilindru bra\u021b pentru excavator mare Caterpillar E328DLC<\/h1>\n<h2>Introducere \u00een cilindrul bra\u021bului<\/h2>\n<p>Cilindrul bra\u021bului este o component\u0103 esen\u021bial\u0103 a sistemelor hidraulice, \u00een special la excavatoarele mari, cum ar fi Caterpillar E328DLC. Acest cilindru hidraulic este special conceput pentru a controla mi\u0219carea bra\u021bului, permi\u021b\u00e2nd ridicarea, cobor\u00e2rea \u0219i \u00eenclinarea bra\u021bului excavatorului. Func\u021bionarea eficient\u0103 a cilindrului bra\u021bului este crucial\u0103 pentru executarea diverselor sarcini de manipulare a materialelor, ceea ce \u00eel face o pies\u0103 indispensabil\u0103 a utilajelor grele.<\/p>\n<p><img decoding=\"async\" src=\"https:\/\/www.hydraulic-cylinders.net\/wp-content\/uploads\/2025\/04\/songte-company-1.webp\" alt=\"Imaginea cilindrului bra\u021bului\" \/><\/p>\n<h3>Prezentare general\u0103 a cilindrului bra\u021bului \u00een sistemele hidraulice<\/h3>\n<p>\u00cen sistemele hidraulice, cilindrul bra\u021bului ac\u021bioneaz\u0103 ca un multiplicator de for\u021b\u0103, utiliz\u00e2nd presiunea fluidului hidraulic pentru a crea o mi\u0219care liniar\u0103. Acest lucru permite excavatorului s\u0103 efectueze sarcini precum s\u0103parea, ridicarea sarcinilor grele \u0219i manevrarea precis\u0103. Presiunea fluidului hidraulic faciliteaz\u0103 o func\u021bionare lin\u0103 \u0219i eficient\u0103, esen\u021bial\u0103 pentru aplica\u021biile grele. Conceput pentru durabilitate \u0219i fiabilitate, cilindrul bra\u021bului permite operatorilor s\u0103 efectueze sarcini complexe cu u\u0219urin\u021b\u0103, ceea ce \u00eel face o component\u0103 critic\u0103 \u00een industria construc\u021biilor \u0219i mineritului.<\/p>\n<h2>Caracteristicile cilindrului bra\u021bului<\/h2>\n<ul>\n<li><strong>Rezisten\u021b\u0103 \u0219i durabilitate ridicate:<\/strong> Construit din o\u021bel sau aluminiu de \u00eenalt\u0103 rezisten\u021b\u0103, cilindrul bra\u021bului este capabil s\u0103 reziste la presiuni ridicate \u0219i sarcini grele. Designul s\u0103u ia \u00een considerare rezisten\u021ba la uzur\u0103 \u0219i protec\u021bia \u00eempotriva coroziunii, asigur\u00e2nd o durat\u0103 de via\u021b\u0103 prelungit\u0103 \u00een condi\u021bii dure de lucru.<\/li>\n<li><strong>Func\u021bionare hidraulic\u0103 eficient\u0103:<\/strong> Utiliz\u00e2nd presiunea fluidului hidraulic, acest cilindru asigur\u0103 o extensie \u0219i o retragere lin\u0103, oferind for\u021be puternice de \u00eempingere \u0219i tragere. Este deosebit de eficient pentru manipularea obiectelor grele \u0219i a sarcinilor opera\u021bionale complexe.<\/li>\n<li><strong>Diverse tipuri:<\/strong> Disponibil \u00een configura\u021bii cu ac\u021biune simpl\u0103 (func\u021bioneaz\u0103 \u00eentr-o singur\u0103 direc\u021bie) sau cu ac\u021biune dubl\u0103 (func\u021bioneaz\u0103 \u00een ambele direc\u021bii), cilindrul bra\u021bului poate fi adaptat pentru a \u00eendeplini diverse cerin\u021be opera\u021bionale. Anumite modele sunt dotate cu designuri telescopice, permi\u021b\u00e2nd o extensie mai mare f\u0103r\u0103 a cre\u0219te dimensiunile exterioare, ideale pentru aplica\u021bii cu spa\u021biu limitat.<\/li>\n<\/ul>\n<h3>Capacit\u0103\u021bile noastre de produc\u021bie<\/h3>\n<p>Ne specializ\u0103m \u00een producerea de cilindri hidraulici de \u00eenalt\u0103 calitate pentru bra\u021b, care \u00eenlocuiesc perfect cilindrii hidraulici existen\u021bi \u00een diverse aplica\u021bii.<\/p>\n<p><img decoding=\"async\" src=\"https:\/\/www.hydraulic-cylinders.net\/wp-content\/uploads\/2025\/04\/songte-cylinder-head-with-all-kinds-excavator-models.webp\" alt=\"Chiulas\u0103 pentru excavatoare\" \/><\/p>\n<h2>Aplica\u021bii ale cilindrului bra\u021bului<\/h2>\n<h3>Echipamente de construc\u021bii<\/h3>\n<p>\u00cen excavatoare, cilindrii bra\u021bului sunt vitali pentru s\u0103pare, \u00eenc\u0103rcare \u0219i mutarea solului sau a resturilor. Capacitatea lor de a facilita at\u00e2t opera\u021biunile de s\u0103pare, c\u00e2t \u0219i cele de ridicare \u00eei face indispensabili pentru proiectele de construc\u021bii \u00een care eficien\u021ba \u0219i precizia sunt primordiale.<\/p>\n<h3>Ma\u0219ini agricole<\/h3>\n<p>Utiliza\u021bi \u00een \u00eenc\u0103rc\u0103toarele frontale, cilindrii bra\u021bului sunt esen\u021biali pentru scobere, ridicare \u0219i transportul p\u0103m\u00e2ntului, f\u00e2nului \u0219i altor materiale. Versatilitatea acestor cilindri permite fermierilor s\u0103 gestioneze diverse sarcini cu eficien\u021b\u0103, sporind productivitatea \u00een opera\u021biunile agricole.<\/p>\n<h3>Excavatoare<\/h3>\n<p>Cilindrii bra\u021bului permit excavatoarelor s\u0103 p\u0103trund\u0103 eficient \u00een sol, permi\u021b\u00e2nd opera\u021biuni eficiente de s\u0103pare. Designul lor asigur\u0103 aplicarea maxim\u0103 a for\u021bei, f\u0103c\u00e2ndu-i potrivi\u021bi pentru diverse tipuri \u0219i condi\u021bii de sol.<\/p>\n<h3>\u00cenc\u0103rc\u0103toare<\/h3>\n<p>La \u00eenc\u0103rc\u0103toarele frontale, cilindrii bra\u021bului ajut\u0103 la ridicarea \u0219i desc\u0103rcarea eficient\u0103 a \u00eenc\u0103rc\u0103turilor. Performan\u021ba lor fiabil\u0103 asigur\u0103 timpi de execu\u021bie rapizi \u00een sarcinile de \u00eenc\u0103rcare \u0219i desc\u0103rcare, ceea ce este crucial \u00een mediile de lucru aglomerate.<\/p>\n<h2>Considera\u021bii de proiectare \u0219i criterii de selec\u021bie<\/h2>\n<h3>Capacitate de \u00eenc\u0103rcare<\/h3>\n<p>Atunci c\u00e2nd se selecteaz\u0103 un cilindru pentru bra\u021b, capacitatea de \u00eenc\u0103rcare este crucial\u0103. Aceasta determin\u0103 c\u00e2t\u0103 greutate poate suporta eficient cilindrul \u00een timpul opera\u021biunilor. Designul trebuie s\u0103 permit\u0103 \u00eenc\u0103rc\u0103rile maxime poten\u021biale \u00eent\u00e2lnite \u00een aplica\u021bii specifice, asigur\u00e2nd siguran\u021ba \u0219i eficien\u021ba.<\/p>\n<h3>Performan\u021ba de etan\u0219are<\/h3>\n<p>Etan\u0219area eficient\u0103 este vital\u0103 pentru prevenirea scurgerilor de fluid hidraulic, care pot compromite eficien\u021ba \u0219i siguran\u021ba sistemului. Garnituri de \u00eenalt\u0103 calitate trebuie utilizate pentru a men\u021bine presiunea \u0219i func\u021bionalitatea pe perioade lungi de timp, chiar \u0219i \u00een condi\u021bii dificile.<\/p>\n<h3>Durabilitate<\/h3>\n<p>Durabilitatea este o considera\u021bie semnificativ\u0103 \u00een proiectarea cilindrilor bra\u021bului. Ace\u0219tia trebuie s\u0103 reziste uzurii cauzate de utilizarea constant\u0103 \u00een medii dure. Materialele \u0219i acoperirile utilizate \u00een construc\u021bie joac\u0103 un rol esen\u021bial \u00een cre\u0219terea longevit\u0103\u021bii \u0219i fiabilit\u0103\u021bii.<\/p>\n<h2>Etan\u0219area \u0219i lubrifierea cilindrului bra\u021bului<\/h2>\n<p>Etan\u0219area \u0219i lubrifierea corespunz\u0103toare sunt vitale pentru men\u021binerea func\u021bionalit\u0103\u021bii cilindrilor bra\u021bului. Diferite tipuri de etan\u0219\u0103ri, cum ar fi etan\u0219\u0103rile pistonului \u0219i etan\u0219\u0103rile tijei, sunt utilizate pentru a asigura o \u00eenchidere etan\u0219\u0103 \u0219i a preveni scurgerile. Etan\u0219\u0103rile fabricate din materiale durabile, precum poliuretanul \u0219i cauciucul nitrilic, ofer\u0103 rezisten\u021b\u0103 la uzur\u0103 \u0219i la factorii de mediu.<\/p>\n<p>Corpul cilindrului \u0219i suprafe\u021bele filetate sunt supuse unor prelucr\u0103ri fine pentru a spori rezisten\u021ba la uzur\u0103, iar lubrifierea regulat\u0103 cu ulei hidraulic este esen\u021bial\u0103 pentru o func\u021bionare lin\u0103. Sunt necesare verific\u0103ri regulate pentru a se asigura c\u0103 etan\u0219\u0103rile r\u0103m\u00e2n intacte \u0219i func\u021bioneaz\u0103 corespunz\u0103tor.<\/p>\n<h2>M\u0103suri de \u00eentre\u021binere preventiv\u0103<\/h2>\n<ul>\n<li><strong>Inspec\u021bii regulate:<\/strong> Efectua\u021bi inspec\u021bii de rutin\u0103 pentru a identifica uzura sau deteriorarea \u00eenainte ca acestea s\u0103 degenereze \u00een probleme semnificative.<\/li>\n<li><strong>Lubrifiere adecvat\u0103:<\/strong> Asigura\u021bi-v\u0103 c\u0103 cilindrul este lubrifiat corespunz\u0103tor cu ulei hidraulic pentru a facilita o func\u021bionare lin\u0103 \u0219i a preveni uzura.<\/li>\n<li><strong>\u00cenlocuirea garniturii:<\/strong> Verifica\u021bi \u0219i \u00eenlocui\u021bi periodic garniturile pentru a men\u021bine presiunea \u0219i performan\u021ba.<\/li>\n<\/ul>\n<h2>Instruc\u021biuni de instalare pentru cilindrul bra\u021bului<\/h2>\n<p>Instalarea corect\u0103 este esen\u021bial\u0103 pentru func\u021bionalitatea cilindrului bra\u021bului. \u00cencepe\u021bi prin a v\u0103 asigura c\u0103 suprafe\u021bele de montare sunt curate \u0219i f\u0103r\u0103 resturi. Alinia\u021bi cilindrul cu precizie cu suporturile de montare, utiliz\u00e2nd dispozitive de fixare adecvate pentru a-l fixa \u00een pozi\u021bie. Este esen\u021bial s\u0103 str\u00e2nge\u021bi \u0219uruburile conform specifica\u021biilor produc\u0103torului pentru a evita orice nealiniere sau solicitare excesiv\u0103 asupra cilindrului. \u00cen cele din urm\u0103, conecta\u021bi conductele hidraulice, asigur\u00e2ndu-v\u0103 c\u0103 nu exist\u0103 scurgeri \u00eenainte de utilizare.<\/p>\n<h2>Sarcini comune de \u00eentre\u021binere<\/h2>\n<ul>\n<li><strong>Verific\u0103ri regulate:<\/strong> Programa\u021bi verific\u0103ri regulate pentru a monitoriza starea cilindrului, c\u0103ut\u00e2nd semne de uzur\u0103 sau scurgeri de lichid.<\/li>\n<li><strong>Lubrifiere adecvat\u0103:<\/strong> Unge\u021bi cilindrul \u00een mod constant pentru a-i men\u021bine eficien\u021ba opera\u021bional\u0103, prevenind frecarea \u0219i uzura.<\/li>\n<li><strong>\u00cenlocuirea \u0219i calibrarea garniturii:<\/strong> Monitoriza\u021bi uzura garniturilor de etan\u0219are \u0219i \u00eenlocui\u021bi-le dup\u0103 cum este necesar, asigur\u00e2ndu-v\u0103 c\u0103 sistemul r\u0103m\u00e2ne presurizat \u0219i func\u021bional.<\/li>\n<\/ul>\n<h2>Considera\u021bii de siguran\u021b\u0103 \u0219i factori de mediu<\/h2>\n<p>Atunci c\u00e2nd se utilizeaz\u0103 cilindri ai bra\u021bului, respectarea protocoalelor de siguran\u021b\u0103 este primordial\u0103. Operatorii trebuie s\u0103 fie instrui\u021bi \u00een practicile de manipulare \u00een siguran\u021b\u0103 \u0219i s\u0103 \u00een\u021beleag\u0103 pericolele poten\u021biale ale sistemelor hidraulice. \u00centre\u021binerea \u0219i verific\u0103rile adecvate contribuie, de asemenea, la gestionarea mediului prin minimizarea scurgerilor \u0219i a devers\u0103rilor care ar putea d\u0103una ecosistemului.<\/p>\n<h2>Depanare \u0219i probleme frecvente<\/h2>\n<ul>\n<li><strong>Scurgeri de fluid hidraulic:<\/strong> Inspecta\u021bi garniturile \u0219i conexiunile dac\u0103 exist\u0103 semne de scurgeri de lichid, deoarece acestea pot indica garnituri uzate sau conexiuni necorespunz\u0103toare.<\/li>\n<li><strong>Mi\u0219care inconsistent\u0103 a cilindrului:<\/strong> Verifica\u021bi dac\u0103 exist\u0103 blocaje \u00een conductele hidraulice sau niveluri sc\u0103zute de fluid care pot afecta performan\u021ba cilindrului.<\/li>\n<li><strong>Zgomote neobi\u0219nuite:<\/strong> Dac\u0103 cilindrul produce sunete neobi\u0219nuite \u00een timpul func\u021bion\u0103rii, acest lucru poate indica o deteriorare intern\u0103 sau o lubrifiere insuficient\u0103.<\/li>\n<\/ul>\n<h2>Sfaturi pentru o diagnosticare eficient\u0103 a defec\u021biunilor<\/h2>\n<p>Pentru a diagnostica \u0219i rezolva eficient problemele legate de cilindrul bra\u021bului, operatorii ar trebui s\u0103 urmeze o abordare sistematic\u0103. Monitorizarea regulat\u0103 a performan\u021bei sistemului poate ajuta la identificarea timpurie a poten\u021bialelor probleme. Implementarea unor m\u0103suri preventive, cum ar fi \u00eentre\u021binerea de rutin\u0103 \u0219i lubrifierea adecvat\u0103, minimizeaz\u0103 probabilitatea apari\u021biei unor probleme semnificative. P\u0103strarea unui jurnal al activit\u0103\u021bilor de \u00eentre\u021binere \u0219i al simptomelor poate ajuta la depanare, asigur\u00e2nd func\u021bionarea eficient\u0103 \u0219i longevitatea echipamentului.<\/p>\n<p><img decoding=\"async\" src=\"https:\/\/www.hydraulic-cylinders.net\/wp-content\/uploads\/2025\/04\/songte-bushings-with-all-kinds-of-excavator-models.webp\" alt=\"Buc\u0219e pentru modele de excavatoare\" \/><\/p>\n<h2>Despre compania noastr\u0103<\/h2>\n<p>Suntem un produc\u0103tor important de cilindri hidraulici de schimb, oferind o gam\u0103 complet\u0103 de produse care deservesc at\u00e2t pie\u021bele interne, c\u00e2t \u0219i cele interna\u021bionale. Angajamentul nostru fa\u021b\u0103 de excelen\u021b\u0103 este demonstrat prin procesele noastre de fabrica\u021bie rafinate, for\u021ba de munc\u0103 calificat\u0103 \u0219i strategiile avansate de management al produc\u021biei. Utiliz\u0103m tehnologia de ultim\u0103 genera\u021bie \u0219i sistemele riguroase de control al calit\u0103\u021bii pentru a ne \u00eembun\u0103t\u0103\u021bi capacit\u0103\u021bile de produc\u021bie, asigur\u00e2ndu-ne c\u0103 satisfacem nevoile diverse ale clien\u021bilor cu precizie \u0219i eficien\u021b\u0103.<\/p>\n<h3>Specializare \u0219i Certificare<\/h3>\n<p>Compania noastr\u0103 se m\u00e2ndre\u0219te cu oferirea de servicii personalizate, adaptate cerin\u021belor unice ale clien\u021bilor no\u0219tri. De\u021binem diverse certific\u0103ri interna\u021bionale care confirm\u0103 angajamentul nostru fa\u021b\u0103 de calitatea \u0219i fiabilitatea produselor noastre.<\/p>\n<h3>Echipamente de produc\u021bie \u0219i servicii post-v\u00e2nzare<\/h3>\n<p>Dota\u021bi cu tehnologie de fabrica\u021bie de ultim\u0103 genera\u021bie, suntem capabili s\u0103 producem cilindri hidraulici de \u00eenalt\u0103 calitate la pre\u021buri competitive. Serviciul nostru dedicat post-v\u00e2nzare garanteaz\u0103 c\u0103 clien\u021bii primesc asisten\u021b\u0103 \u0219i \u00eendrumare constant\u0103 pe tot parcursul ciclului de via\u021b\u0103 al produselor lor.<\/p>\n<p><img decoding=\"async\" src=\"https:\/\/www.hydraulic-cylinders.net\/wp-content\/uploads\/2025\/04\/songte-company-4.webp\" alt=\"Facilitatea de produc\u021bie a companiei\" \/><br \/>\n<img decoding=\"async\" src=\"https:\/\/www.hydraulic-cylinders.net\/wp-content\/uploads\/2025\/04\/songte-company-3.webp\" alt=\"Certificarea \u0219i calitatea companiei\" \/><\/p>\n<p>Autor: lyl<\/p>","protected":false},"excerpt":{"rendered":"<p>Boom Cylinder For Caterpillar Large Excavator E328DLC Introduction to Boom Cylinder The boom cylinder is an essential component of hydraulic systems, particularly in large excavators like the Caterpillar E328DLC. This hydraulic cylinder is specifically designed to control the movement of the boom, allowing for the lifting, lowering, and tilting of the excavator&#8217;s arm. The efficient [&hellip;]<\/p>","protected":false},"featured_media":17877,"comment_status":"open","ping_status":"closed","template":"","meta":{"_et_pb_use_builder":"","_et_pb_old_content":"","_et_gb_content_width":""},"product_brand":[],"product_cat":[1546],"product_tag":[1547,1496],"class_list":{"0":"post-18965","1":"product","2":"type-product","3":"status-publish","4":"has-post-thumbnail","6":"product_cat-boom-cylinders","7":"product_tag-boom-cylinders","8":"product_tag-hydraulic-cylinders","10":"first","11":"instock","12":"shipping-taxable","13":"product-type-simple"},"amp_enabled":true,"_links":{"self":[{"href":"https:\/\/www.hydraulic-cylinders.net\/ro\/wp-json\/wp\/v2\/product\/18965","targetHints":{"allow":["GET"]}}],"collection":[{"href":"https:\/\/www.hydraulic-cylinders.net\/ro\/wp-json\/wp\/v2\/product"}],"about":[{"href":"https:\/\/www.hydraulic-cylinders.net\/ro\/wp-json\/wp\/v2\/types\/product"}],"replies":[{"embeddable":true,"href":"https:\/\/www.hydraulic-cylinders.net\/ro\/wp-json\/wp\/v2\/comments?post=18965"}],"wp:featuredmedia":[{"embeddable":true,"href":"https:\/\/www.hydraulic-cylinders.net\/ro\/wp-json\/wp\/v2\/media\/17877"}],"wp:attachment":[{"href":"https:\/\/www.hydraulic-cylinders.net\/ro\/wp-json\/wp\/v2\/media?parent=18965"}],"wp:term":[{"taxonomy":"product_brand","embeddable":true,"href":"https:\/\/www.hydraulic-cylinders.net\/ro\/wp-json\/wp\/v2\/product_brand?post=18965"},{"taxonomy":"product_cat","embeddable":true,"href":"https:\/\/www.hydraulic-cylinders.net\/ro\/wp-json\/wp\/v2\/product_cat?post=18965"},{"taxonomy":"product_tag","embeddable":true,"href":"https:\/\/www.hydraulic-cylinders.net\/ro\/wp-json\/wp\/v2\/product_tag?post=18965"}],"curies":[{"name":"wp","href":"https:\/\/api.w.org\/{rel}","templated":true}]}}